{"id":6623,"date":"2020-09-29T18:16:42","date_gmt":"2020-09-29T15:16:42","guid":{"rendered":"https:\/\/via3l.eu\/?page_id=6623"},"modified":"2026-01-14T11:43:28","modified_gmt":"2026-01-14T09:43:28","slug":"via-3l-contacts","status":"publish","type":"page","link":"https:\/\/via3l.eu\/en\/via-3l-contacts\/","title":{"rendered":"Contact"},"content":{"rendered":"<div class=\"wpb-content-wrapper\"><p>[vc_row full_width=&#8221;stretch_row&#8221; css=&#8221;.vc_custom_1569480631002{margin-top: 0px !important;margin-bottom: 0px !important;border-top-width: 0px !important;border-bottom-width: 0px !important;padding-top: 0px !important;padding-bottom: 0px !important;background-color: #003f80 !important;}&#8221; el_id=&#8221;kontakt_ee&#8221;][vc_column css=&#8221;.vc_custom_1556808809198{margin-top: 0px !important;margin-bottom: 0px !important;border-top-width: 0px !important;border-bottom-width: 0px !important;padding-top: 20px !important;padding-bottom: 120px !important;}&#8221;][vc_custom_heading text=&#8221;Via 3L Contacts&#8221; font_container=&#8221;tag:h1|text_align:center&#8221; use_theme_fonts=&#8221;yes&#8221;][vc_column_text css=&#8221;.vc_custom_1690977194656{padding-top: 20px !important;padding-bottom: 20px !important;}&#8221;]<\/p>\n<h1 style=\"text-align: center;\"><span style=\"color: #ffffff;\">OUR <a href=\"https:\/\/www.linkedin.com\/company\/via3l\" target=\"_blank\" rel=\"noopener noreferrer nofollow\"><strong>TEAM <\/strong><\/a>AT YOUR SERVICE<\/span><\/h1>\n<p>[\/vc_column_text][\/vc_column][\/vc_row][vc_row][vc_column][vc_empty_space][vc_column_text]<\/p>\n<p style=\"text-align: center;\"><a href=\"https:\/\/www.linkedin.com\/company\/via3l\/\" target=\"_blank\" rel=\"noopener noreferrer nofollow\">Via 3L<\/a> contacts information for warehousing, distribution and international transportation about the Baltic management, human resources and Via 3L contacts for sales department.<\/p>\n<p>[\/vc_column_text][vc_empty_space][\/vc_column][\/vc_row][vc_row el_id=&#8221;management&#8221;][vc_column][vc_empty_space][vc_text_separator title=&#8221;Management&#8221; color=&#8221;green&#8221; style=&#8221;shadow&#8221; border_width=&#8221;3&#8243;][vc_empty_space][vc_column_text css=&#8221;&#8221;][\/vc_column_text][\/vc_column][\/vc_row][vc_row][vc_column][vc_column_text][\/vc_column_text][\/vc_column][\/vc_row][vc_row gap=&#8221;10&#8243; equal_height=&#8221;yes&#8221; css=&#8221;.vc_custom_1601301374207{padding-top: 0px !important;padding-bottom: 50px !important;}&#8221; el_id=&#8221;personal&#8221;][vc_column width=&#8221;1\/3&#8243; el_id=&#8221;soome&#8221;][\/vc_column][vc_column width=&#8221;1\/3&#8243; el_id=&#8221;itaalia&#8221;][\/vc_column][vc_column width=&#8221;1\/3&#8243;][\/vc_column][\/vc_row][vc_row el_id=&#8221;personnel&#8221;][vc_column][vc_empty_space][vc_text_separator title=&#8221;Human Resources department&#8221; color=&#8221;green&#8221; style=&#8221;shadow&#8221; border_width=&#8221;3&#8243;][vc_empty_space][vc_column_text css=&#8221;&#8221;][\/vc_column_text][\/vc_column][\/vc_row][vc_row][vc_column][vc_empty_space][vc_text_separator title=&#8221;Sales&#8221; color=&#8221;green&#8221; style=&#8221;shadow&#8221; border_width=&#8221;3&#8243;][vc_empty_space][vc_column_text css=&#8221;&#8221;][\/vc_column_text][vc_column_text css=&#8221;&#8221;][\/vc_column_text][\/vc_column][\/vc_row][vc_row][vc_column][vc_column_text][\/vc_column_text][\/vc_column][\/vc_row][vc_row][vc_column][vc_empty_space][vc_text_separator title=&#8221;Baltic contacts&#8221; color=&#8221;green&#8221; border_width=&#8221;3&#8243;][vc_empty_space][vc_tta_accordion style=&#8221;modern&#8221; color=&#8221;theme_style&#8221; c_align=&#8221;center&#8221; active_section=&#8221;9&#8243; no_fill=&#8221;true&#8221; collapsible_all=&#8221;true&#8221;][vc_tta_section title=&#8221;VIA 3L O\u00dc | Tallinn&#8221; tab_id=&#8221;1689927671066-e1d5951c-7d81168992876539117127577760531714486310071&#8243;][vc_single_image image=&#8221;5482&#8243; alignment=&#8221;center&#8221; onclick=&#8221;custom_link&#8221; img_link_target=&#8221;_blank&#8221; link=&#8221;https:\/\/via3l.eu\/et\/&#8221;][vc_custom_heading text=&#8221;Central warehouse Estonia&#8221; font_container=&#8221;tag:h4|text_align:center&#8221; use_theme_fonts=&#8221;yes&#8221;][vc_column_text]<\/p>\n<p style=\"text-align: center;\">Kalmari tee 10,Lagedi<br \/>\nHarjumaa, 75327<br \/>\nEesti<\/p>\n<p style=\"text-align: center;\">Reg. no. 10731489<br \/>\nVAT EE100678989<\/p>\n<p style=\"text-align: center;\">Bank<br \/>\nSEB Pank<br \/>\nEE631010220018687010<\/p>\n<p style=\"text-align: center;\">+3726 802300<br \/>\nvia3l@via3l.eu[\/vc_column_text][vc_empty_space][vc_btn title=&#8221;Google Maps address&#8221; color=&#8221;green&#8221; align=&#8221;center&#8221; link=&#8221;url:https%3A%2F%2Fmaps.app.goo.gl%2FGTY3m7FJCGmFFLeW9&#8243;][\/vc_tta_section][vc_tta_section title=&#8221;VIA 3L FREIGHT O\u00dc | Tallinn&#8221; tab_id=&#8221;1689927769020-e40ed2eb-895b168992876539117127577760531714486310071&#8243;][vc_single_image image=&#8221;5482&#8243; alignment=&#8221;center&#8221; onclick=&#8221;custom_link&#8221; img_link_target=&#8221;_blank&#8221; link=&#8221;https:\/\/via3l.eu\/en\/international-transport-services\/&#8221;][vc_custom_heading text=&#8221;International forwarding&#8221; font_container=&#8221;tag:h4|text_align:center&#8221; use_theme_fonts=&#8221;yes&#8221;][vc_column_text]<\/p>\n<p style=\"text-align: center;\">Kalmari tee 10, Lagedi<br \/>\nHarjumaa, 75327<br \/>\nEstonia<\/p>\n<p style=\"text-align: center;\">Reg.no. 14714973<br \/>\nVAT EE102155219<\/p>\n<p style=\"text-align: center;\">Bank<br \/>\nSEB Pank<br \/>\nEE491010220279130225<br \/>\nBIC: EEUHEE2X<\/p>\n<p style=\"text-align: center;\">freight@via3l.eu<\/p>\n<p>[\/vc_column_text][vc_empty_space][vc_btn title=&#8221;Google Maps aadress&#8221; color=&#8221;green&#8221; align=&#8221;center&#8221; link=&#8221;url:https%3A%2F%2Fmaps.app.goo.gl%2FGTY3m7FJCGmFFLeW9&#8243;][\/vc_tta_section][vc_tta_section title=&#8221;VIA 3L LATVIA SIA | Riga&#8221; tab_id=&#8221;1689927671095-bc7fe475-31f1168992876539117127577760531714486310071&#8243;][vc_single_image image=&#8221;5486&#8243; alignment=&#8221;center&#8221; onclick=&#8221;custom_link&#8221; img_link_target=&#8221;_blank&#8221; link=&#8221;https:\/\/via3l.eu\/lv\/&#8221;][vc_custom_heading text=&#8221;Central warehouse Latvia&#8221; font_container=&#8221;tag:h4|text_align:center&#8221; use_theme_fonts=&#8221;yes&#8221;][vc_column_text]<\/p>\n<p style=\"text-align: center;\">Latgales iela 495, Rumbula, Stopi\u0146u pagasts, Ropa\u017eu novads, LV-2121, L\u00e4ti<\/p>\n<p style=\"text-align: center;\">Reg.no. 40103609889<br \/>\nVAT LV40103609889<\/p>\n<p style=\"text-align: center;\">Bank<br \/>\nSEB Pank<br \/>\nLV60UNLA0055000503031<\/p>\n<p style=\"text-align: center;\">+ 371 67930300<br \/>\noffice@via3l.lv[\/vc_column_text][vc_empty_space][vc_column_text css=&#8221;&#8221; el_class=&#8221;contact_class&#8221;]<\/p>\n<p style=\"text-align: center;\">Raimonds Kramp\u0101ns<br \/>\n<i class=\"fas fa-chevron-circle-right\"><\/i>CEO<br \/>\n<i class=\"fas fa-map-marker\"><\/i>Latvia<\/p>\n<p style=\"text-align: center;\"><i class=\"fas fa-phone-square\"><\/i><a href=\"tel:+37129358885\">+371<\/a><a href=\"tel:+37167930300\">67930300<\/a><\/p>\n<p style=\"text-align: center;\"><i class=\"fas fa-envelope\"><\/i>\u00a0<a href=\"mailto:raimonds.krampans@via3l.lv\">raimonds.krampans@via3l.lv<\/a><\/p>\n<p style=\"text-align: center;\"><i class=\"fas fa-align-justify\"><\/i>SIA Via 3L Latvia<\/p>\n<p style=\"text-align: center;\"><a href=\"https:\/\/www.linkedin.com\/in\/raimonds-krampans-7a65b35a\/\" target=\"_blank\" rel=\"noopener noreferrer nofollow\">LinkedIn<\/a><\/p>\n<p>[\/vc_column_text][vc_empty_space][vc_btn title=&#8221;Google Maps address&#8221; color=&#8221;green&#8221; align=&#8221;center&#8221; link=&#8221;url:https%3A%2F%2Fmaps.app.goo.gl%2F2w4pVLawUtssPsiCA&#8221;][\/vc_tta_section][vc_tta_section title=&#8221;VIA 3L LT UAB | Vilnius | Kaunas | Klaipeda&#8221; tab_id=&#8221;1707741711378-84ba6afc-187417127577760531714486310071&#8243;][vc_single_image image=&#8221;5490&#8243; alignment=&#8221;center&#8221; onclick=&#8221;custom_link&#8221; img_link_target=&#8221;_blank&#8221; link=&#8221;https:\/\/via3l.eu\/lv\/&#8221;][vc_custom_heading text=&#8221;Central warehouse Lithuania&#8221; font_container=&#8221;tag:h4|text_align:center&#8221; use_theme_fonts=&#8221;yes&#8221; link=&#8221;url:https%3A%2F%2Fvia3l.eu%2Flt%2Fkontaktai%2F&#8221;][vc_column_text]<\/p>\n<p style=\"text-align: center;\">Liepkalnio g. 172M<br \/>\nLT-02121 Vilnius<br \/>\nLithuania<\/p>\n<p style=\"text-align: center;\">Reg.no. 126410751<br \/>\nVAT LT100000998516<\/p>\n<p style=\"text-align: center;\">Bank<br \/>\nSEB Pank<br \/>\nLT837044060003900041<\/p>\n<p style=\"text-align: center;\">+ 37061469802<br \/>\nlt@via3l.eu[\/vc_column_text][vc_empty_space][vc_btn title=&#8221;Google Maps address&#8221; color=&#8221;green&#8221; align=&#8221;center&#8221; link=&#8221;url:https%3A%2F%2Fmaps.app.goo.gl%2FABatmPyEiPBX72Si9&#8243;][vc_row_inner][vc_column_inner][vc_column_text el_class=&#8221;contact_class&#8221;]<\/p>\n<p style=\"text-align: center;\">Gintautas \u010ce\u010dys<br \/>\nCEO<br \/>\nLithuania<\/p>\n<p style=\"text-align: center;\"><i class=\"fas fa-phone-square\"><\/i><a href=\"tel:+37069924989\">+370 699 24989<\/a><br \/>\n<a href=\"mailto:gintautas.cecys@via3l.eu\">gintautas.cecys@via3l.eu<\/a><\/p>\n<p style=\"text-align: center;\"><i class=\"fas fa-align-justify\"><\/i>Via 3L LT UAB<\/p>\n<p style=\"text-align: center;\"><a href=\"https:\/\/www.linkedin.com\/in\/gintautas-%C4%8De%C4%8Dys-9b2b645b\/\" target=\"_blank\" rel=\"noopener noreferrer nofollow\">LinkedIn<\/a><\/p>\n<p>[\/vc_column_text][\/vc_column_inner][\/vc_row_inner][\/vc_tta_section][\/vc_tta_accordion][\/vc_column][\/vc_row][vc_row][vc_column][vc_column_text][\/vc_column_text][\/vc_column][\/vc_row][vc_row full_width=&#8221;stretch_row_content&#8221; content_placement=&#8221;top&#8221;][vc_column][vc_custom_heading text=&#8221;Via 3L O\u00dc office location and sister companies&#8221; font_container=&#8221;tag:h2|text_align:center&#8221; use_theme_fonts=&#8221;yes&#8221;][vc_column_text css=&#8221;&#8221;]\r\n            \r\n            \r\n            \r\n            <a name='map1'><\/a>\r\n            \r\n            \r\n            \r\n            \r\n            <div class=\"wpgmza_map \"  id=\"wpgmza_map_1\" style=\"display:block; overflow:auto; width:100%; height:600px; float:left;\" data-settings='{\"id\":\"1\",\"map_title\":\"Via 3L network\",\"map_width\":\"100\",\"map_height\":\"600\",\"map_start_lat\":\"56.95058881419294\",\"map_start_lng\":\"24.08717906249999\",\"map_start_location\":\"\",\"map_start_zoom\":\"6\",\"default_marker\":\"\\\/\\\/via3l.eu\\\/wp-content\\\/uploads\\\/2025\\\/06\\\/Linnuparv-via3l.png\",\"type\":\"1\",\"alignment\":\"0\",\"directions_enabled\":\"0\",\"styling_enabled\":\"0\",\"styling_json\":\"\",\"active\":\"0\",\"kml\":\"\",\"bicycle\":\"0\",\"traffic\":\"0\",\"dbox\":\"1\",\"dbox_width\":\"100\",\"listmarkers\":\"0\",\"listmarkers_advanced\":\"0\",\"filterbycat\":\"0\",\"ugm_enabled\":\"0\",\"ugm_category_enabled\":\"0\",\"fusion\":\"\",\"map_width_type\":\"%\",\"map_height_type\":\"px\",\"mass_marker_support\":\"0\",\"ugm_access\":\"0\",\"order_markers_by\":\"1\",\"order_markers_choice\":\"1\",\"show_user_location\":\"0\",\"default_to\":\"\",\"other_settings\":{\"map_type\":1,\"sl_stroke_color\":\"#ff0000\",\"sl_fill_color\":\"#ff0000\",\"sl_stroke_opacity\":\"1\",\"sl_fill_opacity\":\"0.5\",\"transport_layer\":false,\"action\":\"wpgmza_save_map\",\"redirect_to\":\"\\\/wp-admin\\\/admin-post.php\",\"map_id\":\"1\",\"http_referer\":\"\\\/wp-admin\\\/admin.php?page=wp-google-maps-menu&amp;amp;action=edit&amp;amp;map_id=1\",\"wpgmza_id\":\"1\",\"wpgmza_start_location\":\"56.95058881419294,24.08717906249999\",\"wpgmza_start_zoom\":\"6\",\"wpgmza_theme_data\":\"[{\\\"featureType\\\":\\\"administrative.locality\\\",\\\"elementType\\\":\\\"all\\\",\\\"stylers\\\":[{\\\"hue\\\":\\\"#2c2e33\\\"},{\\\"saturation\\\":7},{\\\"lightness\\\":19},{\\\"visibility\\\":\\\"on\\\"}]},{\\\"featureType\\\":\\\"landscape\\\",\\\"elementType\\\":\\\"all\\\",\\\"stylers\\\":[{\\\"hue\\\":\\\"#ffffff\\\"},{\\\"saturation\\\":-100},{\\\"lightness\\\":100},{\\\"visibility\\\":\\\"simplified\\\"}]},{\\\"featureType\\\":\\\"poi\\\",\\\"elementType\\\":\\\"all\\\",\\\"stylers\\\":[{\\\"hue\\\":\\\"#ffffff\\\"},{\\\"saturation\\\":-100},{\\\"lightness\\\":100},{\\\"visibility\\\":\\\"off\\\"}]},{\\\"featureType\\\":\\\"road\\\",\\\"elementType\\\":\\\"geometry\\\",\\\"stylers\\\":[{\\\"hue\\\":\\\"#bbc0c4\\\"},{\\\"saturation\\\":-93},{\\\"lightness\\\":31},{\\\"visibility\\\":\\\"simplified\\\"}]},{\\\"featureType\\\":\\\"road\\\",\\\"elementType\\\":\\\"labels\\\",\\\"stylers\\\":[{\\\"hue\\\":\\\"#bbc0c4\\\"},{\\\"saturation\\\":-93},{\\\"lightness\\\":31},{\\\"visibility\\\":\\\"on\\\"}]},{\\\"featureType\\\":\\\"road.arterial\\\",\\\"elementType\\\":\\\"labels\\\",\\\"stylers\\\":[{\\\"hue\\\":\\\"#bbc0c4\\\"},{\\\"saturation\\\":-93},{\\\"lightness\\\":-2},{\\\"visibility\\\":\\\"simplified\\\"}]},{\\\"featureType\\\":\\\"road.local\\\",\\\"elementType\\\":\\\"geometry\\\",\\\"stylers\\\":[{\\\"hue\\\":\\\"#e9ebed\\\"},{\\\"saturation\\\":-90},{\\\"lightness\\\":-8},{\\\"visibility\\\":\\\"simplified\\\"}]},{\\\"featureType\\\":\\\"transit\\\",\\\"elementType\\\":\\\"all\\\",\\\"stylers\\\":[{\\\"hue\\\":\\\"#e9ebed\\\"},{\\\"saturation\\\":10},{\\\"lightness\\\":69},{\\\"visibility\\\":\\\"on\\\"}]},{\\\"featureType\\\":\\\"water\\\",\\\"elementType\\\":\\\"all\\\",\\\"stylers\\\":[{\\\"hue\\\":\\\"#e9ebed\\\"},{\\\"saturation\\\":-78},{\\\"lightness\\\":67},{\\\"visibility\\\":\\\"simplified\\\"}]}]\",\"wpgmza_dbox_width_type\":\"%\",\"default_from\":\"\",\"directions_behaviour\":\"default\",\"force_google_directions_app\":false,\"directions_route_origin_icon\":\"https:\\\/\\\/via3l.eu\\\/wp-content\\\/plugins\\\/wp-google-maps\\\/images\\\/spotlight-poi3.png\",\"directions_origin_retina\":false,\"directions_route_destination_icon\":\"https:\\\/\\\/via3l.eu\\\/wp-content\\\/plugins\\\/wp-google-maps\\\/images\\\/spotlight-poi3.png\",\"directions_destination_retina\":false,\"directions_route_stroke_color\":\"#4f8df5\",\"directions_route_stroke_weight\":\"4\",\"directions_route_stroke_opacity\":\"0.8\",\"directions_fit_bounds_to_route\":false,\"store_locator_enabled\":false,\"store_locator_search_area\":\"radial\",\"wpgmza_store_locator_radius_style\":\"legacy\",\"wpgmza_store_locator_default_radius\":\"10\",\"store_locator_auto_area_max_zoom\":\"\",\"wpgmza_store_locator_restrict\":\"\",\"store_locator_distance\":false,\"wpgmza_store_locator_position\":false,\"store_locator_show_distance\":false,\"store_locator_category\":false,\"wpgmza_store_locator_use_their_location\":false,\"wpgmza_store_locator_bounce\":false,\"upload_default_sl_marker\":\"\",\"upload_default_sl_marker_retina\":false,\"wpgmza_sl_animation\":\"0\",\"wpgmza_store_locator_hide_before_search\":false,\"store_locator_query_string\":\"\",\"store_locator_location_placeholder\":\"\",\"store_locator_default_address\":\"\",\"store_locator_name_search\":false,\"store_locator_name_string\":\"\",\"store_locator_not_found_message\":\"\",\"retina\":false,\"wpgmza_map_align\":\"1\",\"upload_default_ul_marker\":\"\",\"upload_default_ul_marker_retina\":false,\"jump_to_nearest_marker_on_initialization\":false,\"automatically_pan_to_users_location\":false,\"override_users_location_zoom_level\":false,\"override_users_location_zoom_levels\":\"\",\"show_distance_from_location\":false,\"map_max_zoom\":\"21\",\"map_min_zoom\":\"0\",\"click_open_link\":false,\"fit_maps_bounds_to_markers\":false,\"fit_maps_bounds_to_markers_after_filtering\":false,\"hide_point_of_interest\":false,\"wpgmza_zoom_on_marker_click\":false,\"wpgmza_zoom_on_marker_click_slider\":\"\",\"close_infowindow_on_map_click\":true,\"disable_lightbox_images\":false,\"use_Raw_Jpeg_Coordinates\":false,\"polygon_labels\":false,\"disable_polygon_info_windows\":false,\"enable_advanced_custom_fields_integration\":false,\"enable_toolset_woocommerce_integration\":false,\"enable_marker_labels\":false,\"only_load_markers_within_viewport\":false,\"zoom_level_mobile_override_enabled\":false,\"zoom_level_mobile_override\":\"\",\"iw_primary_color\":\"#000000\",\"iw_accent_color\":\"#000000\",\"iw_text_color\":\"#000000\",\"wpgmza_listmarkers_by\":\"6\",\"wpgmza_marker_listing_position\":false,\"wpgmza_push_in_map\":false,\"wpgmza_push_in_map_placement\":\"1\",\"wpgmza_push_in_map_width\":\"\",\"wpgmza_push_in_map_height\":\"\",\"zoom_level_on_marker_listing_override\":false,\"zoom_level_on_marker_listing_click\":\"\",\"marker_listing_disable_zoom\":false,\"datatable_no_result_message\":\"\",\"remove_search_box_datables\":false,\"dataTable_pagination_style\":\"default\",\"datatable_search_string\":\"\",\"datatable_result_start\":\"\",\"datatable_result_of\":\"\",\"datatable_result_to\":\"\",\"datatable_result_total\":\"\",\"datatable_result_show\":\"\",\"datatable_result_entries\":\"\",\"wpgmza_savemap\":\"Save Map \\u00bb\",\"wpgmza_theme\":\"7\",\"shortcodeAttributes\":{\"id\":\"1\"},\"wpgmza_iw_type\":\"-1\"}}' data-map-id='1' data-shortcode-attributes='{\"id\":\"1\"}'> <\/div>\r\n            \r\n            <div class=\"wpgmza-popout-panel wpgmza-modern-marker-listing wpgmza_marker_list_class\" data-wpgmza-php-class=\"WPGMZA\\MarkerListing\\Modern\" data-wpgmza-rest-api-route=\"\/marker-listing\/\" data-wpgmza-marker-listing=\"true\" data-wpgmza-ajax-parameters='{\"map_id\":\"1\"}' id=\"wpgmza_marker_list_1\">\n\t<div class=\"wpgmza-close-container\">\n\t\t<span class=\"wpgmza-close\">\n\t\t\t<i class=\"fa fa-times\" aria-hidden=\"true\"><\/i>\n\t\t<\/span>\n\t<\/div>\n\t<ul class=\"wpgmza-modern-marker-listing-list-item-container\">\n\t\t\n\t<\/ul>\n<\/div>   \r\n        [\/vc_column_text][\/vc_column][\/vc_row]<\/p>\n<\/div>","protected":false},"excerpt":{"rendered":"<p>[vc_row full_width=&#8221;stretch_row&#8221; css=&#8221;.vc_custom_1569480631002{margin-top: 0px !important;margin-bottom: 0px !important;border-top-width: 0px !important;border-bottom-width: 0px !important;padding-top: 0px !important;padding-bottom: 0px !important;background-color: #003f80 !important;}&#8221; el_id=&#8221;kontakt_ee&#8221;][vc_column css=&#8221;.vc_custom_1556808809198{margin-top: 0px !important;margin-bottom: 0px !important;border-top-width: 0px !important;border-bottom-width: 0px !important;padding-top: 20px !important;padding-bottom: 120px !important;}&#8221;][vc_custom_heading text=&#8221;Via 3L&#8230;<\/p>\n","protected":false},"author":2,"featured_media":17522,"parent":0,"menu_order":0,"comment_status":"closed","ping_status":"closed","template":"","meta":{"footnotes":""},"class_list":["post-6623","page","type-page","status-publish","has-post-thumbnail","hentry"],"_links":{"self":[{"href":"https:\/\/via3l.eu\/en\/wp-json\/wp\/v2\/pages\/6623","targetHints":{"allow":["GET"]}}],"collection":[{"href":"https:\/\/via3l.eu\/en\/wp-json\/wp\/v2\/pages"}],"about":[{"href":"https:\/\/via3l.eu\/en\/wp-json\/wp\/v2\/types\/page"}],"author":[{"embeddable":true,"href":"https:\/\/via3l.eu\/en\/wp-json\/wp\/v2\/users\/2"}],"replies":[{"embeddable":true,"href":"https:\/\/via3l.eu\/en\/wp-json\/wp\/v2\/comments?post=6623"}],"version-history":[{"count":0,"href":"https:\/\/via3l.eu\/en\/wp-json\/wp\/v2\/pages\/6623\/revisions"}],"wp:featuredmedia":[{"embeddable":true,"href":"https:\/\/via3l.eu\/en\/wp-json\/wp\/v2\/media\/17522"}],"wp:attachment":[{"href":"https:\/\/via3l.eu\/en\/wp-json\/wp\/v2\/media?parent=6623"}],"curies":[{"name":"wp","href":"https:\/\/api.w.org\/{rel}","templated":true}]}}