{"id":10997,"date":"2023-07-05T15:19:19","date_gmt":"2023-07-05T12:19:19","guid":{"rendered":"https:\/\/via3l.eu\/?page_id=10997"},"modified":"2025-11-11T15:45:08","modified_gmt":"2025-11-11T13:45:08","slug":"lennuvedu","status":"publish","type":"page","link":"https:\/\/via3l.eu\/et\/rahvusvaheline-transport\/lennuvedu\/","title":{"rendered":"Lennuvedu"},"content":{"rendered":"<div class=\"wpb-content-wrapper\"><p>[vc_row equal_height=&#8221;yes&#8221; content_placement=&#8221;bottom&#8221;][vc_column width=&#8221;2\/3&#8243; offset=&#8221;vc_hidden-xs&#8221;][vc_custom_heading text=&#8221;LENNUVEDU&#8221; font_container=&#8221;tag:h1|text_align:center&#8221; use_theme_fonts=&#8221;yes&#8221; link=&#8221;|||&#8221;][\/vc_column][vc_column width=&#8221;1\/3&#8243; offset=&#8221;vc_hidden-xs&#8221;][vc_btn title=&#8221;ESITA P\u00c4RING&#8221; shape=&#8221;square&#8221; color=&#8221;green&#8221; size=&#8221;lg&#8221; i_icon_fontawesome=&#8221;stm-arrow-next&#8221; css=&#8221;&#8221; add_icon=&#8221;true&#8221; link=&#8221;url:https%3A%2F%2Fvia3l.eu%2Fet%2Fvia-3l-ettevote%2Frahvusvaheline-transport%2Frahvusvahelise-transpordi-hinnapakkumine%2F|title:K%C3%BCsi%20pakkumist&#8221;][\/vc_column][\/vc_row][vc_row rtl_reverse=&#8221;yes&#8221; content_placement=&#8221;middle&#8221;][vc_column width=&#8221;2\/3&#8243; offset=&#8221;vc_hidden-lg vc_hidden-md vc_hidden-sm&#8221;][vc_custom_heading text=&#8221;LENNUVEDU&#8221; font_container=&#8221;tag:h1|text_align:center&#8221; use_theme_fonts=&#8221;yes&#8221; link=&#8221;|||&#8221;][\/vc_column][vc_column width=&#8221;1\/3&#8243; alignment=&#8221;center&#8221; offset=&#8221;vc_hidden-lg vc_hidden-md vc_hidden-sm&#8221;][vc_empty_space height=&#8221;20px&#8221;][vc_btn title=&#8221;ESITA P\u00c4RING&#8221; shape=&#8221;square&#8221; color=&#8221;green&#8221; size=&#8221;lg&#8221; i_icon_fontawesome=&#8221;stm-arrow-next&#8221; css=&#8221;&#8221; add_icon=&#8221;true&#8221; link=&#8221;url:https%3A%2F%2Fvia3l.eu%2Fet%2Fvia-3l-ettevote%2Frahvusvaheline-transport%2Frahvusvahelise-transpordi-hinnapakkumine%2F|title:K%C3%BCsi%20pakkumist&#8221;][\/vc_column][\/vc_row][vc_row][vc_column][vc_empty_space][vc_column_text css=&#8221;&#8221;]Koos oma kliendi ja partneritega pakume klientidele lennuvedu, mis vastab just nende vajadustele ja leiame igat sorti saadetistele sobiva transpordilahenduse. \u00d5hutransport on sobilik, kui soovite transportida kiireloomulisi saadetisi, v\u00e4\u00e4rtuslikke kaupu, v\u00e4rsket kala ja puuvilju v\u00f5i isegi lilli.<\/p>\n<h2>LENNUVEDU ehk LENNUTRANSPORT<\/h2>\n<p>Meie professionaalne meeskond aitab teil paindlike ja teie vajadustele kohandatud transpordilahenduste abil oma kaubad turvaliselt sihtkohta toimetada, kasutades lennuvedu. Oleme p\u00fchendunud klientidele ja pakume Teile parimat teenust ja kiireid vastuseid k\u00f5igile Teie p\u00e4ringutele.<\/p>\n<p>Via 3L Freight on stabiilne ja usaldusv\u00e4\u00e4rne partner paljudele meie klientidele k\u00f5igis logistikat puudutavates k\u00fcsimustes. Et teid veelgi paremini teenindada, oleme 2020. aasta alguses loonud oma lennukaubaveo meeskonna. On mitmeid saadetisi, millie puhul on parim lahendus valida transpordiks just lennuvedu, nendeks on n\u00e4iteks kiireloomuline v\u00f5i k\u00f5rge v\u00e4\u00e4rtusega kaup. Me veame saadetisi, kasutades enamikke maailma lennujaamasid. N\u00e4iteks ainu\u00fcksi eelmisel aastal transportisime kaupa 75 riiki, kasutades lennuvedu. Pakume nii lennujaamast-lennujaama kui ka ukselt-uksele teenuseid. \u00dckski saadetis ei ole meie jaoks liiga v\u00e4ike ega liiga suur. T\u00e4nu partnerv\u00f5rgustikule saame pakkuda mitmeid erinevaid transpordilahendusi, mis aitavad meil leida teile k\u00f5ige kuluefektiivsema variandi transpordiks ning tagada teie saadetiste \u00f5igeaegne ja ohutu kohaletoimetamine.<\/p>\n<p>Pakume lennu\u00fchendusi kaugetesse sihtkohtadesse v\u00f5i olukordades, kus ajastus muutub kriitiliseks teguriks. Lennutransport on saadaval ka suurem\u00f5\u00f5tmelisele v\u00f5i raskele kaubale. Kindlal temperatuuril v\u00f5i ohtlike kaupade vedu ei tekita meile mingeid raskusi. Meiega vedades on teie kaup kindlustatud, lennuvedu on kaetud ekspedeerija vastutuskindlustusega. Lisaks saame korraldada teie saadetise tollivormistuse ja vajadusel saame aidata ka veosekindlustusega.<\/p>\n<p>Via 3L Freight on <a href=\"https:\/\/www.wcaworld.com\/Home\" target=\"_blank\" rel=\"noopener noreferrer nofollow\">WCA<\/a> ja <a href=\"https:\/\/www.pplonefamily.net\/\" target=\"_blank\" rel=\"noopener noreferrer nofollow\">PPL<\/a> logistikav\u00f5rkude liige, mis tagab kogu maailma h\u00f5lmava partnerite v\u00f5rgustiku.[\/vc_column_text][vc_empty_space][\/vc_column][vc_column][\/vc_column][\/vc_row][vc_row][vc_column][vc_empty_space][vc_column_text css=&#8221;&#8221; el_class=&#8221;contact_class&#8221;][\/vc_column_text][vc_empty_space][\/vc_column][\/vc_row][vc_row][vc_column]\n\t\t\t\t<p class=\"rs-p-wp-fix\"><\/p>\n\t\t\t\t<sr7-module data-alias=\"airfreight\" data-id=\"59\" id=\"SR7_59_1\" class=\"rs-ov-hidden\" data-version=\"6.7.34\">\n\t\t\t\t\t<sr7-adjuster><\/sr7-adjuster>\n\t\t\t\t\t<sr7-content>\n\t\t\t\t\t\t<sr7-slide id=\"SR7_59_1-97\" data-key=\"97\">\n\t\t\t\t\t\t<\/sr7-slide>\n\t\t\t\t\t\t<sr7-slide id=\"SR7_59_1-98\" data-key=\"98\">\n\t\t\t\t\t\t\t<a id=\"SR7_59_1-98-12\" class=\"sr7-layer\" href=\"https:\/\/via3l.eu\/en\/international-transportation\/ask-for-quote\/\" target=\"_self\" rel=\"nofollow\">ASK FOR QUOTE<\/a>\n\t\t\t\t\t\t<\/sr7-slide>\n\t\t\t\t\t\t<sr7-slide id=\"SR7_59_1-198\" data-key=\"198\">\n\t\t\t\t\t\t<\/sr7-slide>\n\t\t\t\t\t<\/sr7-content>\n\t\t\t\t\t<image_lists style=\"display:none\">\n\t\t\t\t\t\t<img decoding=async data-opt-id=727341790  fetchpriority=\"high\" data-src=\"https:\/\/mlpeimtmgped.i.optimole.com\/w:auto\/h:auto\/q:mauto\/ig:avif\/https:\/\/via3l.eu\/wp-content\/uploads\/2020\/09\/Via3l_freight_logo_rekkale_valge_kirjaga.png\" data-libid=\"6179\" data-lib=\"medialibrary\" alt=\"Via 3L Freight logo rekkale valge kirjaga\" title=\"Via3l freight logo rekkale valge kirjaga\" width=\"0\" height=\"0\" data-dbsrc=\"Ly92aWEzbC5ldS93cC1jb250ZW50L3VwbG9hZHMvMjAyMC8wOS9WaWEzbF9mcmVpZ2h0X2xvZ29fcmVra2FsZV92YWxnZV9raXJqYWdhLnBuZw==\"\/>\n\t\t\t\t\t\t<img decoding=async data-opt-id=1415922827  fetchpriority=\"high\" data-src=\"https:\/\/mlpeimtmgped.i.optimole.com\/w:auto\/h:auto\/q:mauto\/ig:avif\/https:\/\/via3l.eu\/wp-content\/uploads\/2020\/12\/AdobeStock_332511826_air_cargo-scaled-1.webp\" data-libid=\"7309\" data-lib=\"medialibrary\" alt=\"lennuvedu lennutransport \u00f5hutransport air cargo loading\" title=\"AdobeStock 332511826 air cargo scaled 1\" width=\"0\" height=\"0\" data-dbsrc=\"Ly92aWEzbC5ldS93cC1jb250ZW50L3VwbG9hZHMvMjAyMC8xMi9BZG9iZVN0b2NrXzMzMjUxMTgyNl9haXJfY2FyZ28tc2NhbGVkLTEud2VicA==\"\/>\n\t\t\t\t\t\t<img decoding=async data-opt-id=1750595158  fetchpriority=\"high\" data-src=\"https:\/\/mlpeimtmgped.i.optimole.com\/w:auto\/h:auto\/q:mauto\/ig:avif\/https:\/\/via3l.eu\/wp-content\/uploads\/2020\/12\/AdobeStock_281393697_air_cargo-scaled.jpeg\" data-libid=\"7305\" data-lib=\"medialibrary\" alt=\"lennutransport AdobeStock air cargo lennuvedu\" title=\"AdobeStock 281393697 air cargo scaled\" width=\"0\" height=\"0\" data-dbsrc=\"Ly92aWEzbC5ldS93cC1jb250ZW50L3VwbG9hZHMvMjAyMC8xMi9BZG9iZVN0b2NrXzI4MTM5MzY5N19haXJfY2FyZ28tc2NhbGVkLmpwZWc=\"\/>\n\t\t\t\t\t\t<img decoding=async data-opt-id=1716134805  fetchpriority=\"high\" data-src=\"https:\/\/mlpeimtmgped.i.optimole.com\/w:auto\/h:auto\/q:mauto\/ig:avif\/https:\/\/via3l.eu\/wp-content\/uploads\/2020\/06\/Via3l_freight_logo_original.png\" data-libid=\"5680\" data-lib=\"medialibrary\" alt=\"Via3l freight logo original via 3l contacts\" title=\"Via3l freight logo original\" width=\"0\" height=\"0\" data-dbsrc=\"Ly92aWEzbC5ldS93cC1jb250ZW50L3VwbG9hZHMvMjAyMC8wNi9WaWEzbF9mcmVpZ2h0X2xvZ29fb3JpZ2luYWwucG5n\"\/>\n\t\t\t\t\t<\/image_lists>\n\t\t\t\t<\/sr7-module>\n\t\t\t\t<script>\n\t\t\t\t\tSR7.PMH ??={}; SR7.PMH[\"SR7_59_1\"] = {cn:100,state:false,fn: function() { if (_tpt!==undefined && _tpt.prepareModuleHeight !== undefined) {  _tpt.prepareModuleHeight({id:\"SR7_59_1\",el:[600,600,600,600,480],type:'standard',shdw:'0',gh:[600,600,600,600,480],gw:[1920,1920,1920,1920,480],vpt:['-200px&#039;,&#039;-200px&#039;,&#039;-200px&#039;,&#039;-200px&#039;,&#039;-200px'],size:{fullWidth:true, fullHeight:false},mh:'0',onh:0,onw:0,bg:{color:'{\"orig\":\"transparent\",\"type\":\"solid\",\"string\":\"transparent\"}'},plType:'0',plColor:'#FFFFFF'});   SR7.PMH[\"SR7_59_1\"].state=true;} else if(SR7.PMH[\"SR7_59_1\"].cn-->0)\tsetTimeout( SR7.PMH[\"SR7_59_1\"].fn,19);}};SR7.PMH[\"SR7_59_1\" ].fn();\n\t\t\t\t<\/script>\n[\/vc_column][\/vc_row][vc_row][vc_column][vc_single_image image=&#8221;13903&#8243; img_size=&#8221;large&#8221; alignment=&#8221;center&#8221; onclick=&#8221;custom_link&#8221; img_link_target=&#8221;_blank&#8221; link=&#8221;https:\/\/www.via3l.eu\/Infopank_2024EST_SERT.pdf&#8221;][vc_empty_space][\/vc_column][\/vc_row][vc_row equal_height=&#8221;yes&#8221;][vc_column css=&#8221;.vc_custom_1578654720342{padding-top: 0px !important;}&#8221;]\n\t\t\t\t<p class=\"rs-p-wp-fix\"><\/p>\n\t\t\t\t<sr7-module data-alias=\"iso-slider-footer-freight\" data-id=\"89\" id=\"SR7_89_2\" class=\"rs-ov-hidden\" data-version=\"6.7.34\">\n\t\t\t\t\t<sr7-adjuster><\/sr7-adjuster>\n\t\t\t\t\t<sr7-content>\n\t\t\t\t\t\t<sr7-carousel>\n\t\t\t\t\t\t<sr7-slide id=\"SR7_89_2-143\" data-key=\"143\">\n\t\t\t\t\t\t<\/sr7-slide>\n\t\t\t\t\t\t<sr7-slide id=\"SR7_89_2-228\" data-key=\"228\">\n\t\t\t\t\t\t<\/sr7-slide>\n\t\t\t\t\t\t<\/sr7-carousel>\n\t\t\t\t\t<\/sr7-content>\n\t\t\t\t\t<image_lists style=\"display:none\">\n\t\t\t\t\t\t<img decoding=async data-opt-id=212482230  fetchpriority=\"high\" data-src=\"https:\/\/mlpeimtmgped.i.optimole.com\/w:auto\/h:auto\/q:mauto\/ig:avif\/https:\/\/via3l.eu\/wp-content\/uploads\/2021\/05\/KTK.png\" data-libid=\"8719\" data-lib=\"medialibrary\" alt=\"KTK\" title=\"KTK\" width=\"0\" height=\"0\" data-dbsrc=\"Ly92aWEzbC5ldS93cC1jb250ZW50L3VwbG9hZHMvMjAyMS8wNS9LVEsucG5n\"\/>\n\t\t\t\t\t\t<img decoding=async data-opt-id=13807633  fetchpriority=\"high\" data-src=\"https:\/\/mlpeimtmgped.i.optimole.com\/w:auto\/h:auto\/q:mauto\/ig:avif\/https:\/\/via3l.eu\/wp-content\/uploads\/2023\/03\/ppl-networks.jpeg\" data-libid=\"9977\" data-lib=\"medialibrary\" alt=\"ppl networks ekspedeerimine maanteevedu merevedu lennuvedu edastamisteenus projektiveod raudteevedu vastutuskindlustus Rahvusvaheline transport hea teada\" title=\"ppl networks\" width=\"0\" height=\"0\" data-dbsrc=\"Ly92aWEzbC5ldS93cC1jb250ZW50L3VwbG9hZHMvMjAyMy8wMy9wcGwtbmV0d29ya3MuanBlZw==\"\/>\n\t\t\t\t\t\t<img decoding=async data-opt-id=1905513159  fetchpriority=\"high\" data-src=\"https:\/\/mlpeimtmgped.i.optimole.com\/w:auto\/h:auto\/q:mauto\/ig:avif\/https:\/\/via3l.eu\/wp-content\/uploads\/2020\/12\/Kaubanduskoda-liikmelogo_EST_logo_horiz.jpg\" data-libid=\"10596\" data-lib=\"medialibrary\" alt=\"Kaubanduskoda liikmelogo EST logo horiz via 3l\" title=\"Kaubanduskoda liikmelogo EST logo horiz\" width=\"0\" height=\"0\" data-dbsrc=\"Ly92aWEzbC5ldS93cC1jb250ZW50L3VwbG9hZHMvMjAyMC8xMi9LYXViYW5kdXNrb2RhLWxpaWttZWxvZ29fRVNUX2xvZ29faG9yaXouanBn\"\/>\n\t\t\t\t\t\t<img decoding=async data-opt-id=61978165  fetchpriority=\"high\" data-src=\"https:\/\/mlpeimtmgped.i.optimole.com\/w:auto\/h:auto\/q:mauto\/ig:avif\/https:\/\/via3l.eu\/wp-content\/uploads\/2025\/12\/ISO_withoutQR-ISO-9001.png\" data-libid=\"17696\" data-lib=\"medialibrary\" alt=\"ISO without QR 9001\" title=\"ISO without QR ISO\" width=\"0\" height=\"0\" data-dbsrc=\"Ly92aWEzbC5ldS93cC1jb250ZW50L3VwbG9hZHMvMjAyNS8xMi9JU09fd2l0aG91dFFSLUlTTy05MDAxLnBuZw==\"\/>\n\t\t\t\t\t\t<img decoding=async data-opt-id=1875822355  fetchpriority=\"high\" data-src=\"https:\/\/mlpeimtmgped.i.optimole.com\/w:300\/h:112\/q:mauto\/ig:avif\/https:\/\/via3l.eu\/wp-content\/uploads\/2023\/03\/WCA-inter-global.png\" data-libid=\"9972\" data-lib=\"medialibrary\" alt=\"WCA inter global ekspedeerimine maanteevedu merevedu lennuvedu Rahvusvaheline transport hea teada projektiveod raudteevedu edastamisteenus vastutuskindlustus\" title=\"WCA inter global\" width=\"0\" height=\"0\" data-dbsrc=\"Ly92aWEzbC5ldS93cC1jb250ZW50L3VwbG9hZHMvMjAyMy8wMy9XQ0EtaW50ZXItZ2xvYmFsLTMwMHgxMTIucG5n\"\/>\n\t\t\t\t\t\t<img decoding=async data-opt-id=1169833947  fetchpriority=\"high\" data-src=\"https:\/\/mlpeimtmgped.i.optimole.com\/w:300\/h:126\/q:mauto\/ig:avif\/https:\/\/via3l.eu\/wp-content\/uploads\/2021\/05\/reliable_partner_logo_green.jpg\" data-libid=\"10124\" data-lib=\"medialibrary\" alt=\"reliable partner logo green ekspedeerimine maanteevedu merevedu lennuvedu raudteevedu projektiveod edastamisteenus vastutuskindlustus Rahvusvaheline transport hea teada\" title=\"reliable partner logo green\" width=\"0\" height=\"0\" data-dbsrc=\"Ly92aWEzbC5ldS93cC1jb250ZW50L3VwbG9hZHMvMjAyMS8wNS9yZWxpYWJsZV9wYXJ0bmVyX2xvZ29fZ3JlZW4tMzAweDEyNi5qcGc=\"\/>\n\t\t\t\t\t<\/image_lists>\n\t\t\t\t<\/sr7-module>\n\t\t\t\t<script>\n\t\t\t\t\tSR7.PMH ??={}; SR7.PMH[\"SR7_89_2\"] = {cn:100,state:false,fn: function() { if (_tpt!==undefined && _tpt.prepareModuleHeight !== undefined) {  _tpt.prepareModuleHeight({id:\"SR7_89_2\",el:[150,150,150,150,300],type:'carousel',shdw:'0',gh:[150,150,150,150,300],gw:[1240,1240,1240,1240,480],vpt:['-200px&#039;,&#039;-200px&#039;,&#039;-200px&#039;,&#039;-200px&#039;,&#039;-200px'],size:{fullWidth:false, fullHeight:false},mh:'0',onh:0,onw:0,bg:{color:'{\"orig\":\"transparent\",\"type\":\"solid\",\"string\":\"transparent\"}'},carousel:{pt:'0',pb:'0'}});   SR7.PMH[\"SR7_89_2\"].state=true;} else if(SR7.PMH[\"SR7_89_2\"].cn-->0)\tsetTimeout( SR7.PMH[\"SR7_89_2\"].fn,19);}};SR7.PMH[\"SR7_89_2\" ].fn();\n\t\t\t\t<\/script>\n[\/vc_column][\/vc_row]<\/p>\n<\/div>","protected":false},"excerpt":{"rendered":"<p>[vc_row equal_height=&#8221;yes&#8221; content_placement=&#8221;bottom&#8221;][vc_column width=&#8221;2\/3&#8243; offset=&#8221;vc_hidden-xs&#8221;][vc_custom_heading text=&#8221;LENNUVEDU&#8221; font_container=&#8221;tag:h1|text_align:center&#8221; use_theme_fonts=&#8221;yes&#8221; link=&#8221;|||&#8221;][\/vc_column][vc_column width=&#8221;1\/3&#8243; offset=&#8221;vc_hidden-xs&#8221;][vc_btn title=&#8221;ESITA P\u00c4RING&#8221; shape=&#8221;square&#8221; color=&#8221;green&#8221; size=&#8221;lg&#8221; i_icon_fontawesome=&#8221;stm-arrow-next&#8221; css=&#8221;&#8221; add_icon=&#8221;true&#8221; link=&#8221;url:https%3A%2F%2Fvia3l.eu%2Fet%2Fvia-3l-ettevote%2Frahvusvaheline-transport%2Frahvusvahelise-transpordi-hinnapakkumine%2F|title:K%C3%BCsi%20pakkumist&#8221;][\/vc_column][\/vc_row][vc_row rtl_reverse=&#8221;yes&#8221; content_placement=&#8221;middle&#8221;][vc_column width=&#8221;2\/3&#8243; offset=&#8221;vc_hidden-lg vc_hidden-md vc_hidden-sm&#8221;][vc_custom_heading text=&#8221;LENNUVEDU&#8221; font_container=&#8221;tag:h1|text_align:center&#8221; use_theme_fonts=&#8221;yes&#8221; link=&#8221;|||&#8221;][\/vc_column][vc_column width=&#8221;1\/3&#8243; alignment=&#8221;center&#8221; offset=&#8221;vc_hidden-lg&#8230;<\/p>\n","protected":false},"author":2,"featured_media":16998,"parent":3344,"menu_order":0,"comment_status":"closed","ping_status":"closed","template":"","meta":{"footnotes":""},"class_list":["post-10997","page","type-page","status-publish","has-post-thumbnail","hentry"],"_links":{"self":[{"href":"https:\/\/via3l.eu\/et\/wp-json\/wp\/v2\/pages\/10997","targetHints":{"allow":["GET"]}}],"collection":[{"href":"https:\/\/via3l.eu\/et\/wp-json\/wp\/v2\/pages"}],"about":[{"href":"https:\/\/via3l.eu\/et\/wp-json\/wp\/v2\/types\/page"}],"author":[{"embeddable":true,"href":"https:\/\/via3l.eu\/et\/wp-json\/wp\/v2\/users\/2"}],"replies":[{"embeddable":true,"href":"https:\/\/via3l.eu\/et\/wp-json\/wp\/v2\/comments?post=10997"}],"version-history":[{"count":0,"href":"https:\/\/via3l.eu\/et\/wp-json\/wp\/v2\/pages\/10997\/revisions"}],"up":[{"embeddable":true,"href":"https:\/\/via3l.eu\/et\/wp-json\/wp\/v2\/pages\/3344"}],"wp:featuredmedia":[{"embeddable":true,"href":"https:\/\/via3l.eu\/et\/wp-json\/wp\/v2\/media\/16998"}],"wp:attachment":[{"href":"https:\/\/via3l.eu\/et\/wp-json\/wp\/v2\/media?parent=10997"}],"curies":[{"name":"wp","href":"https:\/\/api.w.org\/{rel}","templated":true}]}}