{"id":11080,"date":"2023-07-12T13:40:44","date_gmt":"2023-07-12T10:40:44","guid":{"rendered":"https:\/\/via3l.eu\/?page_id=11080"},"modified":"2025-11-11T15:46:30","modified_gmt":"2025-11-11T13:46:30","slug":"projektiveod","status":"publish","type":"page","link":"https:\/\/via3l.eu\/et\/rahvusvaheline-transport\/projektiveod\/","title":{"rendered":"Projektiveod"},"content":{"rendered":"<div class=\"wpb-content-wrapper\"><p>[vc_row equal_height=&#8221;yes&#8221;][vc_column width=&#8221;2\/3&#8243;][vc_custom_heading text=&#8221;Projektiveod&#8221; font_container=&#8221;tag:h1|text_align:center&#8221; use_theme_fonts=&#8221;yes&#8221; link=&#8221;|||&#8221;][\/vc_column][vc_column width=&#8221;1\/3&#8243;][vc_btn title=&#8221;ESITA P\u00c4RING&#8221; shape=&#8221;square&#8221; color=&#8221;green&#8221; size=&#8221;lg&#8221; i_icon_fontawesome=&#8221;stm-arrow-next&#8221; css=&#8221;&#8221; add_icon=&#8221;true&#8221; link=&#8221;url:https%3A%2F%2Fvia3l.eu%2Fet%2Fvia-3l-ettevote%2Frahvusvaheline-transport%2Frahvusvahelise-transpordi-hinnapakkumine%2F|title:K%C3%BCsi%20pakkumist&#8221;][\/vc_column][\/vc_row][vc_row][vc_column][vc_empty_space][vc_column_text]Pakume lahendusi projektivedudele. Projektiveo all m\u00f5eldakse \u00fclik\u00f5rget, -rasket v\u00f5i k\u00f5rge v\u00e4\u00e4rtusega kauba vedu.<\/p>\n<p>M\u00f5ned saadetised lihtsalt ei mahu standardsele haagisele v\u00f5i konteinerile. Meie professionaalne meeskond aitab teil paindlike ja teie vajadustele kohandatud transpordilahenduste abil teie \u00fclem\u00f5\u00f5dulist kaupa turvaliselt l\u00f5ppsihtkohta transportida. Oleme p\u00fchendunud klientidele ja pakume Teile parimat teenust ja kiireid vastuseid k\u00f5ikidele Teie p\u00e4ringutele.<\/p>\n<p>Meie meeskonna tugevus peitub mitmeaastases kogemuses ja hoolikalt v\u00e4lja arendatud \u00fclemaailmses partnerv\u00f5rgustikus. Via 3L Freight on <a href=\"https:\/\/www.wcaworld.com\/Home\" target=\"_blank\" rel=\"noopener noreferrer nofollow\">WCA<\/a> ja <a href=\"https:\/\/www.pplonefamily.net\/\" target=\"_blank\" rel=\"noopener noreferrer nofollow\">PPL<\/a> logistikav\u00f5rkude liige, mis tagab kogu maailma h\u00f5lmava tugeva partnerite v\u00f5rgustiku.<\/p>\n<p>Me veame raskeid ja \u00fclem\u00f5\u00f5tmelisi saadetisi \u00fcle maailma, kasutades k\u00f5iki meie poolt pakutavaid transpordiv\u00f5imalusi <a href=\"https:\/\/via3l.eu\/et\/rahvusvaheline-transport\/lennuvedu\/\">\u00f5hus<\/a>, <a href=\"https:\/\/via3l.eu\/et\/rahvusvaheline-transport\/merevedu\/\">merel<\/a>, <a href=\"https:\/\/via3l.eu\/et\/rahvusvaheline-transport\/raudteevedu\/\">raudteel<\/a> v\u00f5i <a href=\"https:\/\/via3l.eu\/et\/rahvusvaheline-transport\/maanteevedu\/\">maanteel<\/a>. T\u00e4nu meie partnerv\u00f5rgustikule saame pakkuda alati k\u00f5ige kulu-efektiivsema v\u00f5imaluse teie kaupade l\u00f5ppsihtkohta toimetamiseks. Projektivedude puhul kahjude tekkimise v\u00e4timiseks ei laadi me v\u00f5imalusel veo ajal kaupa \u00fcmber. Meiega vedades on teie kaup kindlustatud ekspedeerija vastutuskindlustusega.<\/p>\n<p>Lisaks saame korraldada teie saadetise tollivormistuse, veosekindlustuse, kontrollteenused ja koormate planeerimise.[\/vc_column_text][\/vc_column][\/vc_row][vc_row][vc_column][vc_empty_space][vc_column_text css=&#8221;&#8221; el_class=&#8221;contact_class&#8221;][\/vc_column_text][vc_empty_space][\/vc_column][\/vc_row][vc_row][vc_column][vc_empty_space][\/vc_column][\/vc_row][vc_row][vc_column]\n\t\t\t\t<p class=\"rs-p-wp-fix\"><\/p>\n\t\t\t\t<sr7-module data-alias=\"project-cargo\" data-id=\"58\" id=\"SR7_58_1\" class=\"rs-ov-hidden\" data-version=\"6.7.34\">\n\t\t\t\t\t<sr7-adjuster><\/sr7-adjuster>\n\t\t\t\t\t<sr7-content>\n\t\t\t\t\t\t<sr7-slide id=\"SR7_58_1-96\" data-key=\"96\">\n\t\t\t\t\t\t<\/sr7-slide>\n\t\t\t\t\t\t<sr7-slide id=\"SR7_58_1-197\" data-key=\"197\">\n\t\t\t\t\t\t<\/sr7-slide>\n\t\t\t\t\t<\/sr7-content>\n\t\t\t\t\t<image_lists style=\"display:none\">\n\t\t\t\t\t\t<img decoding=async data-opt-id=698692992  fetchpriority=\"high\" data-src=\"https:\/\/mlpeimtmgped.i.optimole.com\/w:auto\/h:auto\/q:mauto\/ig:avif\/https:\/\/via3l.eu\/wp-content\/uploads\/2023\/03\/project_cargo_bright-scaled.jpg\" data-libid=\"10070\" data-lib=\"medialibrary\" alt=\"project cargo bright scaled\" title=\"project cargo bright scaled\" width=\"0\" height=\"0\" data-dbsrc=\"Ly92aWEzbC5ldS93cC1jb250ZW50L3VwbG9hZHMvMjAyMy8wMy9wcm9qZWN0X2NhcmdvX2JyaWdodC1zY2FsZWQuanBn\"\/>\n\t\t\t\t\t<\/image_lists>\n\t\t\t\t<\/sr7-module>\n\t\t\t\t<script>\n\t\t\t\t\tSR7.PMH ??={}; SR7.PMH[\"SR7_58_1\"] = {cn:100,state:false,fn: function() { if (_tpt!==undefined && _tpt.prepareModuleHeight !== undefined) {  _tpt.prepareModuleHeight({id:\"SR7_58_1\",el:[600,600,600,600,480],type:'standard',shdw:'0',gh:[600,600,600,600,480],gw:[1240,1240,1240,1240,480],vpt:['-200px&#039;,&#039;-200px&#039;,&#039;-200px&#039;,&#039;-200px&#039;,&#039;-200px'],size:{fullWidth:true, fullHeight:false},mh:'0',onh:0,onw:0,bg:{color:'{\"orig\":\"transparent\",\"type\":\"solid\",\"string\":\"transparent\"}'},plType:'0',plColor:'#FFFFFF'});   SR7.PMH[\"SR7_58_1\"].state=true;} else if(SR7.PMH[\"SR7_58_1\"].cn-->0)\tsetTimeout( SR7.PMH[\"SR7_58_1\"].fn,19);}};SR7.PMH[\"SR7_58_1\" ].fn();\n\t\t\t\t<\/script>\n[\/vc_column][\/vc_row][vc_row][vc_column][vc_single_image image=&#8221;13903&#8243; img_size=&#8221;large&#8221; alignment=&#8221;center&#8221; onclick=&#8221;custom_link&#8221; img_link_target=&#8221;_blank&#8221; link=&#8221;https:\/\/www.via3l.eu\/Infopank_2024EST_SERT.pdf&#8221;][vc_empty_space][\/vc_column][\/vc_row][vc_row equal_height=&#8221;yes&#8221;][vc_column css=&#8221;.vc_custom_1578654720342{padding-top: 0px !important;}&#8221;]\n\t\t\t\t<p class=\"rs-p-wp-fix\"><\/p>\n\t\t\t\t<sr7-module data-alias=\"iso-slider-footer-freight\" data-id=\"89\" id=\"SR7_89_2\" class=\"rs-ov-hidden\" data-version=\"6.7.34\">\n\t\t\t\t\t<sr7-adjuster><\/sr7-adjuster>\n\t\t\t\t\t<sr7-content>\n\t\t\t\t\t\t<sr7-carousel>\n\t\t\t\t\t\t<sr7-slide id=\"SR7_89_2-143\" data-key=\"143\">\n\t\t\t\t\t\t<\/sr7-slide>\n\t\t\t\t\t\t<sr7-slide id=\"SR7_89_2-228\" data-key=\"228\">\n\t\t\t\t\t\t<\/sr7-slide>\n\t\t\t\t\t\t<\/sr7-carousel>\n\t\t\t\t\t<\/sr7-content>\n\t\t\t\t\t<image_lists style=\"display:none\">\n\t\t\t\t\t\t<img decoding=async data-opt-id=212482230  fetchpriority=\"high\" data-src=\"https:\/\/mlpeimtmgped.i.optimole.com\/w:auto\/h:auto\/q:mauto\/ig:avif\/https:\/\/via3l.eu\/wp-content\/uploads\/2021\/05\/KTK.png\" data-libid=\"8719\" data-lib=\"medialibrary\" alt=\"KTK\" title=\"KTK\" width=\"0\" height=\"0\" data-dbsrc=\"Ly92aWEzbC5ldS93cC1jb250ZW50L3VwbG9hZHMvMjAyMS8wNS9LVEsucG5n\"\/>\n\t\t\t\t\t\t<img decoding=async data-opt-id=13807633  fetchpriority=\"high\" data-src=\"https:\/\/mlpeimtmgped.i.optimole.com\/w:auto\/h:auto\/q:mauto\/ig:avif\/https:\/\/via3l.eu\/wp-content\/uploads\/2023\/03\/ppl-networks.jpeg\" data-libid=\"9977\" data-lib=\"medialibrary\" alt=\"ppl networks ekspedeerimine maanteevedu merevedu lennuvedu edastamisteenus projektiveod raudteevedu vastutuskindlustus Rahvusvaheline transport hea teada\" title=\"ppl networks\" width=\"0\" height=\"0\" data-dbsrc=\"Ly92aWEzbC5ldS93cC1jb250ZW50L3VwbG9hZHMvMjAyMy8wMy9wcGwtbmV0d29ya3MuanBlZw==\"\/>\n\t\t\t\t\t\t<img decoding=async data-opt-id=1905513159  fetchpriority=\"high\" data-src=\"https:\/\/mlpeimtmgped.i.optimole.com\/w:auto\/h:auto\/q:mauto\/ig:avif\/https:\/\/via3l.eu\/wp-content\/uploads\/2020\/12\/Kaubanduskoda-liikmelogo_EST_logo_horiz.jpg\" data-libid=\"10596\" data-lib=\"medialibrary\" alt=\"Kaubanduskoda liikmelogo EST logo horiz via 3l\" title=\"Kaubanduskoda liikmelogo EST logo horiz\" width=\"0\" height=\"0\" data-dbsrc=\"Ly92aWEzbC5ldS93cC1jb250ZW50L3VwbG9hZHMvMjAyMC8xMi9LYXViYW5kdXNrb2RhLWxpaWttZWxvZ29fRVNUX2xvZ29faG9yaXouanBn\"\/>\n\t\t\t\t\t\t<img decoding=async data-opt-id=61978165  fetchpriority=\"high\" data-src=\"https:\/\/mlpeimtmgped.i.optimole.com\/w:auto\/h:auto\/q:mauto\/ig:avif\/https:\/\/via3l.eu\/wp-content\/uploads\/2025\/12\/ISO_withoutQR-ISO-9001.png\" data-libid=\"17696\" data-lib=\"medialibrary\" alt=\"ISO without QR 9001\" title=\"ISO without QR ISO\" width=\"0\" height=\"0\" data-dbsrc=\"Ly92aWEzbC5ldS93cC1jb250ZW50L3VwbG9hZHMvMjAyNS8xMi9JU09fd2l0aG91dFFSLUlTTy05MDAxLnBuZw==\"\/>\n\t\t\t\t\t\t<img decoding=async data-opt-id=1875822355  fetchpriority=\"high\" data-src=\"https:\/\/mlpeimtmgped.i.optimole.com\/w:300\/h:112\/q:mauto\/ig:avif\/https:\/\/via3l.eu\/wp-content\/uploads\/2023\/03\/WCA-inter-global.png\" data-libid=\"9972\" data-lib=\"medialibrary\" alt=\"WCA inter global ekspedeerimine maanteevedu merevedu lennuvedu Rahvusvaheline transport hea teada projektiveod raudteevedu edastamisteenus vastutuskindlustus\" title=\"WCA inter global\" width=\"0\" height=\"0\" data-dbsrc=\"Ly92aWEzbC5ldS93cC1jb250ZW50L3VwbG9hZHMvMjAyMy8wMy9XQ0EtaW50ZXItZ2xvYmFsLTMwMHgxMTIucG5n\"\/>\n\t\t\t\t\t\t<img decoding=async data-opt-id=1169833947  fetchpriority=\"high\" data-src=\"https:\/\/mlpeimtmgped.i.optimole.com\/w:300\/h:126\/q:mauto\/ig:avif\/https:\/\/via3l.eu\/wp-content\/uploads\/2021\/05\/reliable_partner_logo_green.jpg\" data-libid=\"10124\" data-lib=\"medialibrary\" alt=\"reliable partner logo green ekspedeerimine maanteevedu merevedu lennuvedu raudteevedu projektiveod edastamisteenus vastutuskindlustus Rahvusvaheline transport hea teada\" title=\"reliable partner logo green\" width=\"0\" height=\"0\" data-dbsrc=\"Ly92aWEzbC5ldS93cC1jb250ZW50L3VwbG9hZHMvMjAyMS8wNS9yZWxpYWJsZV9wYXJ0bmVyX2xvZ29fZ3JlZW4tMzAweDEyNi5qcGc=\"\/>\n\t\t\t\t\t<\/image_lists>\n\t\t\t\t<\/sr7-module>\n\t\t\t\t<script>\n\t\t\t\t\tSR7.PMH ??={}; SR7.PMH[\"SR7_89_2\"] = {cn:100,state:false,fn: function() { if (_tpt!==undefined && _tpt.prepareModuleHeight !== undefined) {  _tpt.prepareModuleHeight({id:\"SR7_89_2\",el:[150,150,150,150,300],type:'carousel',shdw:'0',gh:[150,150,150,150,300],gw:[1240,1240,1240,1240,480],vpt:['-200px&#039;,&#039;-200px&#039;,&#039;-200px&#039;,&#039;-200px&#039;,&#039;-200px'],size:{fullWidth:false, fullHeight:false},mh:'0',onh:0,onw:0,bg:{color:'{\"orig\":\"transparent\",\"type\":\"solid\",\"string\":\"transparent\"}'},carousel:{pt:'0',pb:'0'}});   SR7.PMH[\"SR7_89_2\"].state=true;} else if(SR7.PMH[\"SR7_89_2\"].cn-->0)\tsetTimeout( SR7.PMH[\"SR7_89_2\"].fn,19);}};SR7.PMH[\"SR7_89_2\" ].fn();\n\t\t\t\t<\/script>\n[\/vc_column][\/vc_row]<\/p>\n<\/div>","protected":false},"excerpt":{"rendered":"<p>[vc_row equal_height=&#8221;yes&#8221;][vc_column width=&#8221;2\/3&#8243;][vc_custom_heading text=&#8221;Projektiveod&#8221; font_container=&#8221;tag:h1|text_align:center&#8221; use_theme_fonts=&#8221;yes&#8221; link=&#8221;|||&#8221;][\/vc_column][vc_column width=&#8221;1\/3&#8243;][vc_btn title=&#8221;ESITA P\u00c4RING&#8221; shape=&#8221;square&#8221; color=&#8221;green&#8221; size=&#8221;lg&#8221; i_icon_fontawesome=&#8221;stm-arrow-next&#8221; css=&#8221;&#8221; add_icon=&#8221;true&#8221; link=&#8221;url:https%3A%2F%2Fvia3l.eu%2Fet%2Fvia-3l-ettevote%2Frahvusvaheline-transport%2Frahvusvahelise-transpordi-hinnapakkumine%2F|title:K%C3%BCsi%20pakkumist&#8221;][\/vc_column][\/vc_row][vc_row][vc_column][vc_empty_space][vc_column_text]Pakume lahendusi projektivedudele. Projektiveo all m\u00f5eldakse \u00fclik\u00f5rget, -rasket v\u00f5i k\u00f5rge v\u00e4\u00e4rtusega kauba vedu. M\u00f5ned saadetised lihtsalt ei&#8230;<\/p>\n","protected":false},"author":2,"featured_media":0,"parent":3344,"menu_order":0,"comment_status":"closed","ping_status":"closed","template":"","meta":{"footnotes":""},"class_list":["post-11080","page","type-page","status-publish","hentry"],"_links":{"self":[{"href":"https:\/\/via3l.eu\/et\/wp-json\/wp\/v2\/pages\/11080","targetHints":{"allow":["GET"]}}],"collection":[{"href":"https:\/\/via3l.eu\/et\/wp-json\/wp\/v2\/pages"}],"about":[{"href":"https:\/\/via3l.eu\/et\/wp-json\/wp\/v2\/types\/page"}],"author":[{"embeddable":true,"href":"https:\/\/via3l.eu\/et\/wp-json\/wp\/v2\/users\/2"}],"replies":[{"embeddable":true,"href":"https:\/\/via3l.eu\/et\/wp-json\/wp\/v2\/comments?post=11080"}],"version-history":[{"count":0,"href":"https:\/\/via3l.eu\/et\/wp-json\/wp\/v2\/pages\/11080\/revisions"}],"up":[{"embeddable":true,"href":"https:\/\/via3l.eu\/et\/wp-json\/wp\/v2\/pages\/3344"}],"wp:attachment":[{"href":"https:\/\/via3l.eu\/et\/wp-json\/wp\/v2\/media?parent=11080"}],"curies":[{"name":"wp","href":"https:\/\/api.w.org\/{rel}","templated":true}]}}