{"id":11085,"date":"2023-07-12T20:51:40","date_gmt":"2023-07-12T17:51:40","guid":{"rendered":"https:\/\/via3l.eu\/?page_id=11085"},"modified":"2024-06-20T16:06:39","modified_gmt":"2024-06-20T13:06:39","slug":"ekspedeerimisteenus","status":"publish","type":"page","link":"https:\/\/via3l.eu\/et\/rahvusvaheline-transport\/ekspedeerimisteenus\/","title":{"rendered":"Ekspedeerimisteenus"},"content":{"rendered":"<div class=\"wpb-content-wrapper\"><p>[vc_row content_placement=&#8221;bottom&#8221;][vc_column width=&#8221;2\/3&#8243;][vc_custom_heading text=&#8221;EKSPEDEERIMISTEENUS&#8221; font_container=&#8221;tag:h1|text_align:center&#8221; use_theme_fonts=&#8221;yes&#8221; link=&#8221;|||&#8221;][\/vc_column][vc_column width=&#8221;1\/3&#8243;][vc_btn title=&#8221;ESITA P\u00c4RING&#8221; shape=&#8221;square&#8221; color=&#8221;green&#8221; size=&#8221;lg&#8221; i_icon_fontawesome=&#8221;stm-arrow-next&#8221; css=&#8221;&#8221; add_icon=&#8221;true&#8221; link=&#8221;url:https%3A%2F%2Fvia3l.eu%2Fet%2Fvia-3l-ettevote%2Frahvusvaheline-transport%2Frahvusvahelise-transpordi-hinnapakkumine%2F|title:K%C3%BCsi%20pakkumist&#8221;][\/vc_column][\/vc_row][vc_row][vc_column][vc_empty_space][vc_column_text]Spetsialiseerumine ja keskendumine tugevatele k\u00fclgedele toovad organisatsioonidele edu. Teenindame oma peamisi suundi oma haagistega, kuid selleks, et olla abiks meie klientidele, pakume ka ekspedeerimisteenust.<\/p>\n<p>Partnerv\u00f5rgustike abil saame aidata oma kliente k\u00f5ikjal Euroopas ja ka mujal maailmas.<\/p>\n<p>Via 3L Freighti kasutamisel ekspedeerijana on selgeid eeliseid. Kindel tunne, et teie kaubad on usaldusv\u00e4\u00e4rsetes k\u00e4tes &#8211; teie saadetised on kindlustatud. Meie v\u00f5tame teie kauba eest vastutust, ka siis, kui kasutame partnereid. Meie partnerid t\u00f6\u00f6tavad meiega pikaajaliste lepingute alusel ja on meie poolt kontrollitud.<\/p>\n<p>Via 3L Freight on WCA ja PPL logistikav\u00f5rkude liige, mis tagab kogu maailma h\u00f5lmava tugeva partnerite v\u00f5rgustiku.<\/p>\n<p>Koost\u00f6\u00f6s klientidega otsime alati k\u00f5ige kuluefektiivsemat ja keskkonnas\u00e4\u00e4stlikumat viisi kauba vedamiseks. V\u00e4\u00e4rtustame usaldusele rajatud suhteid ja olles klientidega tihedas kontaktis, parandame j\u00e4rjepidevalt oma teenuseid, kasutades s\u00fcsteemset, regulaarset ja detailset \u00e4rianal\u00fc\u00fcsi.<\/p>\n<p>Meie meeskond koosneb professionaalidest, kes tagavad meie teenuse k\u00f5rgeima kvaliteedi. Me armastame oma planeeti. Oleme innovatiivsed ja pakume v\u00f5imalikult keskkonnas\u00e4\u00e4stlikke ja j\u00e4tkusuutlikke transpordilahendusi.[\/vc_column_text][vc_column_text css=&#8221;&#8221;]<\/p>\n<h2>EKSPEDEERIMISTEENUS<\/h2>\n<p>Rahvusvahelise veo eest v\u00e4ljaspool riiki vastutab ekspediitor ehk veojuht. Ehkki ekspediitori tegevuse p\u00f5hieesm\u00e4rk on kaupade liikumise korraldamine ja kontroll, on oluline m\u00f5ista, et ka tema tegevus on seotud kogu tarneahela juhtimise ja korraldusega.<\/p>\n<p>Ekspediitor siiski ise lasti ei vea &#8211; ta tegutseb saadetise vahendaja ja koordinaatorina. Ekspedeerimine toimub kaubaga vahetu kontakti s\u00e4ilitamise ja lasti otsese j\u00e4relevalve kaudu (Via 3L treilerid on k\u00f5ik \u00fchendatud GPS haldus- ja j\u00e4lgimiss\u00fcsteemidega) , et saadetis toimetada kohale k\u00f5ige t\u00f5husamalt, kiiremini, turvalisemalt ja rahaliselt k\u00f5ige soodsamalt.[\/vc_column_text][vc_column_text css=&#8221;&#8221;]<\/p>\n<h3>Lasti eksport<\/h3>\n<p>Kaubaveo ekspediitori esimene \u00fclesanne on viia kaup l\u00e4htekohast vedaja lattu. Ta valib kaubale sobiva transpordiviisi, leiab usaldusv\u00e4\u00e4rse vedaja ning tagab, et turvaliselt paigutatud kaup j\u00f5uab ekspediitori lattu.<\/p>\n<h3>Kauba \u00fclevaatuspunkt ehk ristlaadimiskoht<\/h3>\n<p>Kui kaup saabub lattu, kontrollib kaubaveo ekspediitor, kas vedu toimus probleemideta ja kaup j\u00f5udis lattu vigastusteta. Juhul kui kauba \u00fclevaatuspunktiks on Via 3L ladu, siis salvestatakse automaatselt kauba vastuv\u00f5tt videofaili, et hiljem oleks v\u00f5imalik vigastusi v\u00f5i puuduj\u00e4\u00e4ke kontrollida.<\/p>\n<h3>Ekspordi tollivormistus<\/h3>\n<p>Enne kauba eksporti teise riiki tuleb t\u00e4ita vajalikud dokumentaalsed formaalsused. Veoste ekspediitor tegutseb tollimaaklerina, hoolitsedes isiklikult lasti vormistamise ja dokumentide t\u00e4itmise eest.<\/p>\n<h3>Impordi tollivormistus<\/h3>\n<p>Kui saadetis j\u00f5uab importriiki, kontrollib toll k\u00f5ik dokumendid ja n\u00f5uete t\u00e4itmise korral v\u00f5ib saadetise edasi vedada.<\/p>\n<p>Saabumine sihtkohta: Lasti l\u00f5ppsihtkohta saabumisel vaadatakse see uuesti l\u00e4bi ja kontrollitakse dokumente. Eduka kohaletoimetamise korral suunab kaubaveo ekspediitor vedajad teise kohta, kus v\u00f5etakse peale uus last, ning k\u00f5ik protsessid korduvad.<\/p>\n<p>Ekspediitori rolli t\u00e4htsus kasvab eriti rahvusvaheliste kaubavedude puhul. Lasti vedamisel \u00fchest riigist teise peab ekspediitor tegelema riikide erinevate seaduste, m\u00e4\u00e4ruste ja dokumentidega, samal ajal s\u00e4ilitades ka kauba sujuva liikumise hoolimata teel esinevatest v\u00e4ljakutsetest. Samuti tuleb korraldada teemaksude tasumine ja laevapiletite ost.[\/vc_column_text][vc_empty_space][vc_column_text css=&#8221;&#8221;]<\/p>\n<h2>Ekspedeerimisel kasutatavad tehnoloogiad<\/h2>\n<p>Kaubaveo sujuv ja t\u00f5hus korraldamine ei ole v\u00f5imalik ilma uusimate tehnoloogiate kasutamiseta. Need tehnoloogiad v\u00f5imaldavad juhtida kaubavoogusid t\u00f5husamalt, valida parimaid transpordiviise ja marsruute, optimeerida k\u00fctusekulu ning pakkuda kasu ka ekspedeerimisettev\u00f5ttele. Mitmed tehnoloogiap\u00f5hised suundumused avavad uusi v\u00f5imalusi ekspedeerimise valdkonnas.<\/p>\n<h2>Andmete reaalajas kasutamine<\/h2>\n<p>Juurdep\u00e4\u00e4s reaalajas andmetele parandab kaubavedude protsesside kavandamist ja koordineerimist ning tagab ressursside t\u00f5husama kasutamise. Ekspedeerimisettev\u00f5tted kasutavad andmevahetusvahendeid (haagise j\u00e4lgimine GPS s\u00fcsteemi abil), et parandada kaubavoogude haldamist, v\u00e4ltida liiklusummikuid ja suurendada t\u00f6\u00f6j\u00f5u planeerimise t\u00f5husust. Meie haagis teenindab Euroopa suunal tavaliselt ca 3 kaubaringi ning uue kliendi teenindamine on lihtsam, kui veojuht n\u00e4eb enda autosid digitaalsel veokaardil.<\/p>\n<p>Reaalajas andmetele juurdep\u00e4\u00e4s on kasulik ka ekspediitori klientidele, kes saavad j\u00e4lgida kaupade asukohta reaalajas ja veenduda, et t\u00f6\u00f6 toimub t\u00f5husalt ning et last j\u00f5uab \u00f5igeks ajaks sihtkohta.[\/vc_column_text][\/vc_column][vc_column][vc_column_text css=&#8221;&#8221;]<\/p>\n<div class=\"flex flex-grow flex-col max-w-full\">\n<div class=\"min-h-[20px] text-message flex flex-col items-start whitespace-pre-wrap break-words [.text-message+&amp;]:mt-5 juice:w-full juice:items-end overflow-x-auto gap-2\" dir=\"auto\" data-message-author-role=\"assistant\" data-message-id=\"8586f7fb-619e-47ae-a7af-36e55bce1050\">\n<div class=\"flex w-full flex-col gap-1 juice:empty:hidden juice:first:pt-[3px]\">\n<div class=\"markdown prose w-full break-words dark:prose-invert dark\">\n<h2>Eelised kaubaveo ekspediitorit kasutavale ettev\u00f5ttele<\/h2>\n<p>Ekspedeerimisteenuste kasutamine v\u00f5ib ekspordi ja impordiga tegelevatele ettev\u00f5tetele pakkuda mitmeid eeliseid. Siin on m\u00f5ned neist:<\/p>\n<p><strong>Kulude kokkuhoid<\/strong>. Suure kaubamahtude t\u00f5ttu suudavad kaubavedajad pakkuda madalamaid veohindu. Ekspedeerijad tagavad iga reisi maksimaalse t\u00f5hususe, \u00fchendades erinevate ettev\u00f5tete kaubad \u00fcheks saadetiseks, kui \u00fche kliendi kaubad ei t\u00e4ida kogu lasti. See v\u00e4hendab transpordikulusid ja l\u00f5pphindu.<\/p>\n<p><strong>Tollialased teadmised<\/strong>. Eksportimise ja importimise puhul on teadmised ja oskused \u00e4\u00e4rmiselt olulised. Professionaalsed ekspediitorid tunnevad h\u00e4sti eri riikide tollieeskirju ja suudavad vajalikud dokumendid kiiresti vormistada, tagades, et kaup j\u00f5uab \u00f5igeaegselt sihtkohta.<\/p>\n<p><strong>Paindlikkus<\/strong>. Maanteeveo ekspedeerimine pakub kaupadele paindlikku kohaletoimetamist. Ekspedeerijad kasutavad uusimat tehnoloogiat, et kavandada marsruudid, v\u00e4ltides v\u00f5imalikke takistusi. See on eriti oluline, kui tuleb j\u00e4rgida rangeid tarnet\u00e4htaegu.<\/p>\n<\/div>\n<\/div>\n<\/div>\n<\/div>\n<p>[\/vc_column_text][\/vc_column][\/vc_row][vc_row][vc_column][vc_empty_space][vc_empty_space][\/vc_column][\/vc_row][vc_row full_width=&#8221;stretch_row_content&#8221;][vc_column][vc_single_image image=&#8221;10139&#8243; img_size=&#8221;large&#8221; alignment=&#8221;center&#8221; css=&#8221;&#8221;][\/vc_column][\/vc_row][vc_row][vc_column][vc_single_image image=&#8221;13903&#8243; img_size=&#8221;large&#8221; alignment=&#8221;center&#8221; onclick=&#8221;custom_link&#8221; img_link_target=&#8221;_blank&#8221; link=&#8221;https:\/\/www.via3l.eu\/Infopank_2024EST_SERT.pdf&#8221;][vc_empty_space][\/vc_column][\/vc_row][vc_row equal_height=&#8221;yes&#8221;][vc_column css=&#8221;.vc_custom_1578654720342{padding-top: 0px !important;}&#8221;]\n\t\t\t\t<p class=\"rs-p-wp-fix\"><\/p>\n\t\t\t\t<sr7-module data-alias=\"iso-slider-footer-freight\" data-id=\"89\" id=\"SR7_89_1\" class=\"rs-ov-hidden\" data-version=\"6.7.34\">\n\t\t\t\t\t<sr7-adjuster><\/sr7-adjuster>\n\t\t\t\t\t<sr7-content>\n\t\t\t\t\t\t<sr7-carousel>\n\t\t\t\t\t\t<sr7-slide id=\"SR7_89_1-143\" data-key=\"143\">\n\t\t\t\t\t\t<\/sr7-slide>\n\t\t\t\t\t\t<sr7-slide id=\"SR7_89_1-228\" data-key=\"228\">\n\t\t\t\t\t\t<\/sr7-slide>\n\t\t\t\t\t\t<\/sr7-carousel>\n\t\t\t\t\t<\/sr7-content>\n\t\t\t\t\t<image_lists style=\"display:none\">\n\t\t\t\t\t\t<img decoding=async data-opt-id=212482230  fetchpriority=\"high\" data-src=\"https:\/\/mlpeimtmgped.i.optimole.com\/w:auto\/h:auto\/q:mauto\/ig:avif\/https:\/\/via3l.eu\/wp-content\/uploads\/2021\/05\/KTK.png\" data-libid=\"8719\" data-lib=\"medialibrary\" alt=\"KTK\" title=\"KTK\" width=\"0\" height=\"0\" data-dbsrc=\"Ly92aWEzbC5ldS93cC1jb250ZW50L3VwbG9hZHMvMjAyMS8wNS9LVEsucG5n\"\/>\n\t\t\t\t\t\t<img decoding=async data-opt-id=13807633  fetchpriority=\"high\" data-src=\"https:\/\/mlpeimtmgped.i.optimole.com\/w:auto\/h:auto\/q:mauto\/ig:avif\/https:\/\/via3l.eu\/wp-content\/uploads\/2023\/03\/ppl-networks.jpeg\" data-libid=\"9977\" data-lib=\"medialibrary\" alt=\"ppl networks ekspedeerimine maanteevedu merevedu lennuvedu edastamisteenus projektiveod raudteevedu vastutuskindlustus Rahvusvaheline transport hea teada\" title=\"ppl networks\" width=\"0\" height=\"0\" data-dbsrc=\"Ly92aWEzbC5ldS93cC1jb250ZW50L3VwbG9hZHMvMjAyMy8wMy9wcGwtbmV0d29ya3MuanBlZw==\"\/>\n\t\t\t\t\t\t<img decoding=async data-opt-id=1905513159  fetchpriority=\"high\" data-src=\"https:\/\/mlpeimtmgped.i.optimole.com\/w:auto\/h:auto\/q:mauto\/ig:avif\/https:\/\/via3l.eu\/wp-content\/uploads\/2020\/12\/Kaubanduskoda-liikmelogo_EST_logo_horiz.jpg\" data-libid=\"10596\" data-lib=\"medialibrary\" alt=\"Kaubanduskoda liikmelogo EST logo horiz via 3l\" title=\"Kaubanduskoda liikmelogo EST logo horiz\" width=\"0\" height=\"0\" data-dbsrc=\"Ly92aWEzbC5ldS93cC1jb250ZW50L3VwbG9hZHMvMjAyMC8xMi9LYXViYW5kdXNrb2RhLWxpaWttZWxvZ29fRVNUX2xvZ29faG9yaXouanBn\"\/>\n\t\t\t\t\t\t<img decoding=async data-opt-id=61978165  fetchpriority=\"high\" data-src=\"https:\/\/mlpeimtmgped.i.optimole.com\/w:auto\/h:auto\/q:mauto\/ig:avif\/https:\/\/via3l.eu\/wp-content\/uploads\/2025\/12\/ISO_withoutQR-ISO-9001.png\" data-libid=\"17696\" data-lib=\"medialibrary\" alt=\"ISO without QR 9001\" title=\"ISO without QR ISO\" width=\"0\" height=\"0\" data-dbsrc=\"Ly92aWEzbC5ldS93cC1jb250ZW50L3VwbG9hZHMvMjAyNS8xMi9JU09fd2l0aG91dFFSLUlTTy05MDAxLnBuZw==\"\/>\n\t\t\t\t\t\t<img decoding=async data-opt-id=1875822355  fetchpriority=\"high\" data-src=\"https:\/\/mlpeimtmgped.i.optimole.com\/w:300\/h:112\/q:mauto\/ig:avif\/https:\/\/via3l.eu\/wp-content\/uploads\/2023\/03\/WCA-inter-global.png\" data-libid=\"9972\" data-lib=\"medialibrary\" alt=\"WCA inter global ekspedeerimine maanteevedu merevedu lennuvedu Rahvusvaheline transport hea teada projektiveod raudteevedu edastamisteenus vastutuskindlustus\" title=\"WCA inter global\" width=\"0\" height=\"0\" data-dbsrc=\"Ly92aWEzbC5ldS93cC1jb250ZW50L3VwbG9hZHMvMjAyMy8wMy9XQ0EtaW50ZXItZ2xvYmFsLTMwMHgxMTIucG5n\"\/>\n\t\t\t\t\t\t<img decoding=async data-opt-id=1169833947  fetchpriority=\"high\" data-src=\"https:\/\/mlpeimtmgped.i.optimole.com\/w:300\/h:126\/q:mauto\/ig:avif\/https:\/\/via3l.eu\/wp-content\/uploads\/2021\/05\/reliable_partner_logo_green.jpg\" data-libid=\"10124\" data-lib=\"medialibrary\" alt=\"reliable partner logo green ekspedeerimine maanteevedu merevedu lennuvedu raudteevedu projektiveod edastamisteenus vastutuskindlustus Rahvusvaheline transport hea teada\" title=\"reliable partner logo green\" width=\"0\" height=\"0\" data-dbsrc=\"Ly92aWEzbC5ldS93cC1jb250ZW50L3VwbG9hZHMvMjAyMS8wNS9yZWxpYWJsZV9wYXJ0bmVyX2xvZ29fZ3JlZW4tMzAweDEyNi5qcGc=\"\/>\n\t\t\t\t\t<\/image_lists>\n\t\t\t\t<\/sr7-module>\n\t\t\t\t<script>\n\t\t\t\t\tSR7.PMH ??={}; SR7.PMH[\"SR7_89_1\"] = {cn:100,state:false,fn: function() { if (_tpt!==undefined && _tpt.prepareModuleHeight !== undefined) {  _tpt.prepareModuleHeight({id:\"SR7_89_1\",el:[150,150,150,150,300],type:'carousel',shdw:'0',gh:[150,150,150,150,300],gw:[1240,1240,1240,1240,480],vpt:['-200px&#039;,&#039;-200px&#039;,&#039;-200px&#039;,&#039;-200px&#039;,&#039;-200px'],size:{fullWidth:false, fullHeight:false},mh:'0',onh:0,onw:0,bg:{color:'{\"orig\":\"transparent\",\"type\":\"solid\",\"string\":\"transparent\"}'},carousel:{pt:'0',pb:'0'}});   SR7.PMH[\"SR7_89_1\"].state=true;} else if(SR7.PMH[\"SR7_89_1\"].cn-->0)\tsetTimeout( SR7.PMH[\"SR7_89_1\"].fn,19);}};SR7.PMH[\"SR7_89_1\" ].fn();\n\t\t\t\t<\/script>\n[\/vc_column][\/vc_row]<\/p>\n<\/div>","protected":false},"excerpt":{"rendered":"<p>[vc_row content_placement=&#8221;bottom&#8221;][vc_column width=&#8221;2\/3&#8243;][vc_custom_heading text=&#8221;EKSPEDEERIMISTEENUS&#8221; font_container=&#8221;tag:h1|text_align:center&#8221; use_theme_fonts=&#8221;yes&#8221; link=&#8221;|||&#8221;][\/vc_column][vc_column width=&#8221;1\/3&#8243;][vc_btn title=&#8221;ESITA P\u00c4RING&#8221; shape=&#8221;square&#8221; color=&#8221;green&#8221; size=&#8221;lg&#8221; i_icon_fontawesome=&#8221;stm-arrow-next&#8221; css=&#8221;&#8221; add_icon=&#8221;true&#8221; link=&#8221;url:https%3A%2F%2Fvia3l.eu%2Fet%2Fvia-3l-ettevote%2Frahvusvaheline-transport%2Frahvusvahelise-transpordi-hinnapakkumine%2F|title:K%C3%BCsi%20pakkumist&#8221;][\/vc_column][\/vc_row][vc_row][vc_column][vc_empty_space][vc_column_text]Spetsialiseerumine ja keskendumine tugevatele k\u00fclgedele toovad organisatsioonidele edu. Teenindame oma peamisi suundi oma haagistega, kuid selleks, et&#8230;<\/p>\n","protected":false},"author":2,"featured_media":10139,"parent":3344,"menu_order":0,"comment_status":"closed","ping_status":"closed","template":"","meta":{"footnotes":""},"class_list":["post-11085","page","type-page","status-publish","has-post-thumbnail","hentry"],"_links":{"self":[{"href":"https:\/\/via3l.eu\/et\/wp-json\/wp\/v2\/pages\/11085","targetHints":{"allow":["GET"]}}],"collection":[{"href":"https:\/\/via3l.eu\/et\/wp-json\/wp\/v2\/pages"}],"about":[{"href":"https:\/\/via3l.eu\/et\/wp-json\/wp\/v2\/types\/page"}],"author":[{"embeddable":true,"href":"https:\/\/via3l.eu\/et\/wp-json\/wp\/v2\/users\/2"}],"replies":[{"embeddable":true,"href":"https:\/\/via3l.eu\/et\/wp-json\/wp\/v2\/comments?post=11085"}],"version-history":[{"count":0,"href":"https:\/\/via3l.eu\/et\/wp-json\/wp\/v2\/pages\/11085\/revisions"}],"up":[{"embeddable":true,"href":"https:\/\/via3l.eu\/et\/wp-json\/wp\/v2\/pages\/3344"}],"wp:featuredmedia":[{"embeddable":true,"href":"https:\/\/via3l.eu\/et\/wp-json\/wp\/v2\/media\/10139"}],"wp:attachment":[{"href":"https:\/\/via3l.eu\/et\/wp-json\/wp\/v2\/media?parent=11085"}],"curies":[{"name":"wp","href":"https:\/\/api.w.org\/{rel}","templated":true}]}}