{"id":12390,"date":"2023-10-06T13:36:38","date_gmt":"2023-10-06T10:36:38","guid":{"rendered":"https:\/\/via3l.eu\/?page_id=12390"},"modified":"2024-10-01T10:25:10","modified_gmt":"2024-10-01T07:25:10","slug":"logistikameeskond-tule-toole","status":"publish","type":"page","link":"https:\/\/via3l.eu\/et\/logistikameeskond-tule-toole\/","title":{"rendered":"Tule t\u00f6\u00f6le"},"content":{"rendered":"<div class=\"wpb-content-wrapper\"><p>[vc_row][vc_column][vc_raw_html]JTNDcCUzRSUzQyUyMS0tJTIwd3AlM0FodG1sJTIwLS0lM0UlM0NzY3JpcHQlMjB0eXBlJTNEJTIydGV4dCUyRmphdmFzY3JpcHQlMjIlMjBzcmMlM0QlMjJodHRwcyUzQSUyRiUyRmZvcm0uam90Zm9ybWV1LmNvbSUyRmpzZm9ybSUyRjkwNzIxNjYxMjI5MzU1JTIyJTNFJTNDJTJGc2NyaXB0JTNFJTNDJTJGcCUzRSUwQSUzQyUyMS0tJTIwJTJGd3AlM0FodG1sJTIwLS0lM0UlMEElM0NwJTNFJTI2bmJzcCUzQiUzQyUyRnAlM0U=[\/vc_raw_html][\/vc_column][\/vc_row][vc_row][vc_column][vc_custom_heading text=&#8221;Suurep\u00e4rane t\u00f6\u00f6andja logistikasektoris&#8221; font_container=&#8221;tag:h1|text_align:center&#8221; use_theme_fonts=&#8221;yes&#8221;][vc_column_text]<span data-sheets-value=\"{&quot;1&quot;:2,&quot;2&quot;:&quot;Via 3L on pikaajalise kogemusega usaldusv\u00e4\u00e4rne t\u00f6\u00f6andja, kes peab oluliseks t\u00f6\u00f6tajate heaolu. Meiega liitudes saad olla osa rahvusvahelisest logistikameekonnast. Oled Sa komplekteerija, t\u00f5stukijuht, laot\u00f6\u00f6taja v\u00f5i muu logistika spetsialist - oled oodatud liituma meie s\u00f5braliku ja t\u00f6\u00f6ka perega!&quot;}\" data-sheets-userformat=\"{&quot;2&quot;:771,&quot;3&quot;:{&quot;1&quot;:0},&quot;4&quot;:{&quot;1&quot;:2,&quot;2&quot;:15374745},&quot;11&quot;:4,&quot;12&quot;:0}\"><a href=\"https:\/\/via3l.eu\/et\/\">Via 3L<\/a> on pikaajalise kogemusega <a href=\"https:\/\/via3l.eu\/et\/via-3l-ettevote\/mitmekesisus\/\">usaldusv\u00e4\u00e4rne t\u00f6\u00f6andja<\/a>, kes peab oluliseks t\u00f6\u00f6tajate heaolu. Meie rahvusvaheline logistikameeskond ootab Sind! Oled Sa komplekteerija, t\u00f5stukijuht, laot\u00f6\u00f6taja v\u00f5i muu logistika spetsialist &#8211; oled oodatud liituma meie s\u00f5braliku ja t\u00f6\u00f6ka perega! <a href=\"https:\/\/via3l.eu\/et\/via-3l-grupp\/\">Via 3L grupis<\/a> \u00fcle Baltikumi t\u00f6\u00f6tab ligikaudu 500 inimest. Neist Eesti \u00fcksuse kohalikes ettev\u00f5tetes t\u00f6\u00f6tab natuke alla 200 inimese (s\u00f5ltuvalt hooajast v\u00f5ib t\u00f6\u00f6tajate arv k\u00f5ikuda).<\/span>[\/vc_column_text][vc_column_text css=&#8221;&#8221;]<\/p>\n<h2>Oma t\u00f6\u00f6tajatele pakume mitmeid erinevaid soodustusi:<\/h2>\n<ul>\n<li>t\u00f6\u00f6andja poolt korraldatud tasuta bussitransport t\u00f6\u00f6le ja tagasi linna<\/li>\n<li>t\u00f6\u00f6andjapoolne sporditoetus<\/li>\n<li>tasustatud staa\u017eipuhkuse p\u00e4evad<\/li>\n<li>toitlustamine kohapealses s\u00f6\u00f6klas<\/li>\n<\/ul>\n<p>[\/vc_column_text][vc_column_text]<\/p>\n<h2>Kes on Via 3L ja millega tegeleme?<\/h2>\n<p>Via 3L on loodud Eestis aastal 2001 ja kuulub sajaprotsendiliselt Eesti kapitalile. Via 3L kuulub Eesti suurimate kolmanda osapoole logistika (3PL) teenusepakkujate hulka. Lisaks oleme Baltikumis suurima haarde ja katvusega 3PL teenusepakkuja.<\/p>\n<p><a href=\"https:\/\/goo.gl\/maps\/yZBdTNCUrp97Kd197\" target=\"_blank\" rel=\"noopener noreferrer nofollow\">Via 3L Eesti \u00fcksus paikneb Harjumaal Lagedil<\/a>, kus opereerime kaasaegsest logistikakompleksis. Meie ladu mahutab ligikaudu 35000 aluset\u00e4it kaupa, mis igap\u00e4evaselt ringleb sisse-v\u00e4lja. Via 3L pakub kaupade tootjatele ja maaletoojatele suurt variatsiooni laologistika (3PL) ja rahvusvahelise kaubaveo\/ekspedeerimise teenuseid. Nende hulka kuuluvad n\u00e4iteks ostujuhtimine ja varude planeerimine, kaupade hankevedu tootmistest lattu, kaupade vastuv\u00f5tmine lattu, kaupade pika- ja l\u00fchiajaline hoiustamine, kaupade markeerimine pandim\u00e4rkide, aktsiisi maksum\u00e4rkide v\u00f5i eestikeelsete tooteinfo kleebistega. Kaupu hoiustame nii tava-, kui vajadusel ka aktsiisi- ja tollilaos. Kaupade v\u00e4ljastamist laost teostame t\u00e4pselt vastavalt kaubaomanike v\u00f5i kaupade tellijate tellimustele ja n\u00f5udmistele. Tellimused komplekteerime alati vastavalt n\u00f5utud tingimustele (tagame kogu ahelas sajaprotsendilise partiij\u00e4lgitavuse) ning tarnime kaubad n\u00f5utud ajal ja n\u00f5utud tarnekohta.[\/vc_column_text][vc_empty_space][vc_column_text]<a href=\"https:\/\/via3l.eu\/et\/rahvusvaheline-transport\/\">Rahvusvahelise transpordi<\/a> logistikameeskond ekspedeerib vedusid nii maal, merel, raudteel kui ka \u00f5hus. Teostame nii osa- kui ka t\u00e4iskoormate vedusid. Samuti kuuluvad meie teenuste portfelli ohtliku kauba ehk ADR veod.<\/p>\n<p>Meie suures ja s\u00f5bralikus t\u00f6\u00f6peres leiavad oma koha k\u00f5ikv\u00f5imalikud positsioonid, mis on seotud <a href=\"https:\/\/via3l.eu\/et\/laoteenused_ja_tellimuste_kasitlemine\/\">laonduse<\/a> ja <a href=\"https:\/\/via3l.eu\/et\/3pl_logistika\/\">logistikaga<\/a>. Meie logistikameeskond ootab nii laot\u00f6\u00f6tajaid, komplekteerijaid, t\u00f5stukijuhte, inventeerijaid, logistikuid, kleebiste etikettijaid kui ka IT-spetsialiste, ostuspetsialiste ja k\u00f5ikv\u00f5imalikke tugifunktsioonide spetsialiste.[\/vc_column_text][vc_empty_space][vc_column_text]V\u00f5ta \u00fchendust meie personali osakonnaga\u00a0 aadressil personal@via3l.ee<\/p>\n<p>Samuti hoia pilku peal meie aktiivsetel t\u00f6\u00f6pakkumistel <a href=\"https:\/\/www.cvkeskus.ee\/via-3l-ou-toopakkumised-2934\" target=\"_blank\" rel=\"noopener noreferrer nofollow\">CV Keskuses<\/a><\/p>\n<p>\u00c4ra k\u00f5hkle! Liitu meie Via 3L-i perega![\/vc_column_text][\/vc_column][\/vc_row]<\/p>\n<\/div>","protected":false},"excerpt":{"rendered":"<p>[vc_row][vc_column][vc_raw_html]JTNDcCUzRSUzQyUyMS0tJTIwd3AlM0FodG1sJTIwLS0lM0UlM0NzY3JpcHQlMjB0eXBlJTNEJTIydGV4dCUyRmphdmFzY3JpcHQlMjIlMjBzcmMlM0QlMjJodHRwcyUzQSUyRiUyRmZvcm0uam90Zm9ybWV1LmNvbSUyRmpzZm9ybSUyRjkwNzIxNjYxMjI5MzU1JTIyJTNFJTNDJTJGc2NyaXB0JTNFJTNDJTJGcCUzRSUwQSUzQyUyMS0tJTIwJTJGd3AlM0FodG1sJTIwLS0lM0UlMEElM0NwJTNFJTI2bmJzcCUzQiUzQyUyRnAlM0U=[\/vc_raw_html][\/vc_column][\/vc_row][vc_row][vc_column][vc_custom_heading text=&#8221;Suurep\u00e4rane t\u00f6\u00f6andja logistikasektoris&#8221; font_container=&#8221;tag:h1|text_align:center&#8221; use_theme_fonts=&#8221;yes&#8221;][vc_column_text]Via 3L on pikaajalise kogemusega usaldusv\u00e4\u00e4rne t\u00f6\u00f6andja, kes peab oluliseks t\u00f6\u00f6tajate heaolu. Meie rahvusvaheline logistikameeskond ootab Sind! Oled Sa komplekteerija, t\u00f5stukijuht, laot\u00f6\u00f6taja v\u00f5i muu logistika spetsialist &#8211; oled&#8230;<\/p>\n","protected":false},"author":2,"featured_media":11360,"parent":0,"menu_order":0,"comment_status":"closed","ping_status":"closed","template":"","meta":{"footnotes":""},"class_list":["post-12390","page","type-page","status-publish","has-post-thumbnail","hentry"],"_links":{"self":[{"href":"https:\/\/via3l.eu\/et\/wp-json\/wp\/v2\/pages\/12390","targetHints":{"allow":["GET"]}}],"collection":[{"href":"https:\/\/via3l.eu\/et\/wp-json\/wp\/v2\/pages"}],"about":[{"href":"https:\/\/via3l.eu\/et\/wp-json\/wp\/v2\/types\/page"}],"author":[{"embeddable":true,"href":"https:\/\/via3l.eu\/et\/wp-json\/wp\/v2\/users\/2"}],"replies":[{"embeddable":true,"href":"https:\/\/via3l.eu\/et\/wp-json\/wp\/v2\/comments?post=12390"}],"version-history":[{"count":0,"href":"https:\/\/via3l.eu\/et\/wp-json\/wp\/v2\/pages\/12390\/revisions"}],"wp:featuredmedia":[{"embeddable":true,"href":"https:\/\/via3l.eu\/et\/wp-json\/wp\/v2\/media\/11360"}],"wp:attachment":[{"href":"https:\/\/via3l.eu\/et\/wp-json\/wp\/v2\/media?parent=12390"}],"curies":[{"name":"wp","href":"https:\/\/api.w.org\/{rel}","templated":true}]}}