{"id":12905,"date":"2023-12-18T09:51:24","date_gmt":"2023-12-18T07:51:24","guid":{"rendered":"https:\/\/via3l.eu\/?page_id=12905"},"modified":"2025-07-22T16:33:05","modified_gmt":"2025-07-22T13:33:05","slug":"otif","status":"publish","type":"page","link":"https:\/\/via3l.eu\/et\/otif\/","title":{"rendered":"OTIF"},"content":{"rendered":"<div class=\"wpb-content-wrapper\"><p>[vc_row][vc_column offset=&#8221;vc_hidden-xs&#8221;][vc_custom_heading text=&#8221;OTIF &#8211; On time in Full&#8221; font_container=&#8221;tag:h1|text_align:left&#8221; use_theme_fonts=&#8221;yes&#8221;][vc_column_text]<\/p>\n<p style=\"font-weight: 400;\">OTIF ehk On Time In Full n\u00e4itab, kui suurt osa k\u00f5igist meile esitatud tellimusridadest on t\u00e4idetud \u00f5igeaegselt, t\u00e4ielikult ja korrektselt.<\/p>\n<p style=\"font-weight: 400;\">Minimaalne eesm\u00e4rk tarnekindluse osas on t\u00e4ita v\u00e4hemalt 98 tellimusrida 100st korrektselt ja \u00f5igeaegselt.<\/p>\n<p style=\"font-weight: 400;\">Via 3L-il on kvaliteedi tagamiseks kasutusel kaasaegne ja kompleksne pretensioonide lahendamise s\u00fcsteem, mis tagab kvaliteedin\u00e4itajate igak\u00fclgse usaldusv\u00e4\u00e4rsuse ja l\u00e4bipaistvuse. Samuti suudame l\u00e4bi oma kvaliteedi pidava j\u00e4lgimise ja m\u00f5\u00f5tmise leida pideva parenduse kohti ning seel\u00e4bi oma teenuse kvaliteeti veelgi t\u00f5sta.<\/p>\n<p>[\/vc_column_text]\n\t\t\t\t<p class=\"rs-p-wp-fix\"><\/p>\n\t\t\t\t<sr7-module data-alias=\"otif-data\" data-id=\"99\" id=\"SR7_99_1\" class=\"rs-ov-hidden\" data-version=\"6.7.34\">\n\t\t\t\t\t<sr7-adjuster><\/sr7-adjuster>\n\t\t\t\t\t<sr7-content>\n\t\t\t\t\t\t<sr7-slide id=\"SR7_99_1-248\" data-key=\"248\">\n\t\t\t\t\t\t\t<sr7-txt id=\"SR7_99_1-248-0\" class=\"sr7-layer\"><iframe loading=\"lazy\" width=\"100%\" height=\"100%\" seamless frameborder=\"0\" scrolling=\"no\" src=\"https:\/\/docs.google.com\/spreadsheets\/d\/e\/2PACX-1vSuswZYPc_99RxKTBc2dQWzNxx3hfMHdjSgm4-Ww6acdYgM4nGkz0Kvz-LueuF_66Gb5JFYMf6bc6GC\/pubchart?oid=1918004534&format=interactive\"><\/iframe><\/sr7-txt>\n\t\t\t\t\t\t<\/sr7-slide>\n\t\t\t\t\t\t<sr7-slide id=\"SR7_99_1-249\" data-key=\"249\">\n\t\t\t\t\t\t<\/sr7-slide>\n\t\t\t\t\t<\/sr7-content>\n\t\t\t\t<\/sr7-module>\n\t\t\t\t<script>\n\t\t\t\t\tSR7.PMH ??={}; SR7.PMH[\"SR7_99_1\"] = {cn:100,state:false,fn: function() { if (_tpt!==undefined && _tpt.prepareModuleHeight !== undefined) {  _tpt.prepareModuleHeight({id:\"SR7_99_1\",el:[500,500,768,960,300],type:'hero',shdw:'0',gh:[500,500,427,324,200],gw:[1200,1200,1024,778,480],vpt:['-100px'],size:{fullWidth:true, fullHeight:false},mh:'0',onh:0,onw:0,bg:{color:'{\"orig\":\"transparent\",\"type\":\"solid\",\"string\":\"transparent\"}'}});   SR7.PMH[\"SR7_99_1\"].state=true;} else if(SR7.PMH[\"SR7_99_1\"].cn-->0)\tsetTimeout( SR7.PMH[\"SR7_99_1\"].fn,19);}};SR7.PMH[\"SR7_99_1\" ].fn();\n\t\t\t\t<\/script>\n[vc_empty_space][\/vc_column][\/vc_row][vc_row][vc_column offset=&#8221;vc_hidden-lg vc_hidden-md vc_hidden-sm&#8221;][vc_custom_heading text=&#8221;OTIF &#8211; On time in Full&#8221; font_container=&#8221;tag:h1|text_align:left&#8221; use_theme_fonts=&#8221;yes&#8221;][vc_column_text]<\/p>\n<p style=\"font-weight: 400;\">OTIF ehk On Time In Full n\u00e4itab, kui suurt osa k\u00f5igist meile esitatud tellimusridadest on t\u00e4idetud \u00f5igeaegselt, t\u00e4ielikult ja korrektselt.<\/p>\n<p style=\"font-weight: 400;\">Minimaalne eesm\u00e4rk tarnekindluse osas on t\u00e4ita v\u00e4hemalt 98 tellimusrida 100st korrektselt ja \u00f5igeaegselt.<\/p>\n<p style=\"font-weight: 400;\">Via 3L-il on kvaliteedi tagamiseks kasutusel kaasaegne ja kompleksne pretensioonide lahendamise s\u00fcsteem, mis tagab kvaliteedin\u00e4itajate igak\u00fclgse usaldusv\u00e4\u00e4rsuse ja l\u00e4bipaistvuse. Samuti suudame l\u00e4bi oma kvaliteedi pidava j\u00e4lgimise ja m\u00f5\u00f5tmise leida pideva parenduse kohti ning seel\u00e4bi oma teenuse kvaliteeti veelgi t\u00f5sta.<\/p>\n<p>[\/vc_column_text]\n\t\t\t\t<p class=\"rs-p-wp-fix\"><\/p>\n\t\t\t\t<sr7-module data-alias=\"otif-data-desktop-1\" data-id=\"101\" id=\"SR7_101_2\" class=\"rs-ov-hidden\" data-version=\"6.7.34\">\n\t\t\t\t\t<sr7-adjuster><\/sr7-adjuster>\n\t\t\t\t\t<sr7-content>\n\t\t\t\t\t\t<sr7-slide id=\"SR7_101_2-252\" data-key=\"252\">\n\t\t\t\t\t\t\t<sr7-txt id=\"SR7_101_2-252-0\" class=\"sr7-layer\"><iframe loading=\"lazy\" width=\"480\" height=\"500\" seamless frameborder=\"0\" scrolling=\"no\" src=\"https:\/\/docs.google.com\/spreadsheets\/d\/e\/2PACX-1vSuswZYPc_99RxKTBc2dQWzNxx3hfMHdjSgm4-Ww6acdYgM4nGkz0Kvz-LueuF_66Gb5JFYMf6bc6GC\/pubchart?oid=1918004534&amp;format=interactive\"><\/iframe><\/sr7-txt>\n\t\t\t\t\t\t<\/sr7-slide>\n\t\t\t\t\t\t<sr7-slide id=\"SR7_101_2-253\" data-key=\"253\">\n\t\t\t\t\t\t<\/sr7-slide>\n\t\t\t\t\t<\/sr7-content>\n\t\t\t\t<\/sr7-module>\n\t\t\t\t<script>\n\t\t\t\t\tSR7.PMH ??={}; SR7.PMH[\"SR7_101_2\"] = {cn:100,state:false,fn: function() { if (_tpt!==undefined && _tpt.prepareModuleHeight !== undefined) {  _tpt.prepareModuleHeight({id:\"SR7_101_2\",el:[500,500,768,960,500],type:'hero',shdw:'0',gh:[500,500,500,500,500],gw:[480,480,480,480,480],vpt:['-100px'],size:{fullWidth:false, fullHeight:false},mh:'0',onh:0,onw:0,bg:{color:'{\"orig\":\"transparent\",\"type\":\"solid\",\"string\":\"transparent\"}'}});   SR7.PMH[\"SR7_101_2\"].state=true;} else if(SR7.PMH[\"SR7_101_2\"].cn-->0)\tsetTimeout( SR7.PMH[\"SR7_101_2\"].fn,19);}};SR7.PMH[\"SR7_101_2\" ].fn();\n\t\t\t\t<\/script>\n[vc_empty_space][\/vc_column][\/vc_row][vc_row][vc_column offset=&#8221;vc_hidden-xs&#8221;][vc_column_text]K\u00f5igil Via 3L-i klientidel ja partneritel on igal ajahetkel v\u00f5imalik tutvuda nii ajalooliste kui jooksva perioodi kvaliteedin\u00e4itajatega l\u00e4bi meie <a href=\"https:\/\/www.microsoft.com\/en-us\/power-platform\/products\/power-bi\" target=\"_blank\" rel=\"noopener noreferrer nofollow\">Power BI keskkonna<\/a>.[\/vc_column_text][\/vc_column][\/vc_row][vc_row min_height=&#8221;500&#8243;][vc_column offset=&#8221;vc_hidden-lg vc_hidden-md vc_hidden-sm&#8221;][vc_empty_space height=&#8221;64px&#8221;][vc_column_text]K\u00f5igil Via 3L-i klientidel ja partneritel on igal ajahetkel v\u00f5imalik tutvuda nii ajalooliste kui jooksva perioodi kvaliteedin\u00e4itajatega l\u00e4bi meie <a href=\"https:\/\/www.microsoft.com\/en-us\/power-platform\/products\/power-bi\" target=\"_blank\" rel=\"noopener noreferrer nofollow\">Power BI keskkonna<\/a>.[\/vc_column_text][\/vc_column][\/vc_row][vc_row][vc_column][vc_empty_space]\n\t\t\t\t<p class=\"rs-p-wp-fix\"><\/p>\n\t\t\t\t<sr7-module data-alias=\"about-us-slider-iso-14001-22000-9001\" data-id=\"74\" id=\"SR7_74_3\" class=\"rs-ov-hidden\" data-version=\"6.7.34\">\n\t\t\t\t\t<sr7-adjuster><\/sr7-adjuster>\n\t\t\t\t\t<sr7-content>\n\t\t\t\t\t\t<sr7-carousel>\n\t\t\t\t\t\t<sr7-slide id=\"SR7_74_3-123\" data-key=\"123\">\n\t\t\t\t\t\t<\/sr7-slide>\n\t\t\t\t\t\t<sr7-slide id=\"SR7_74_3-213\" data-key=\"213\">\n\t\t\t\t\t\t<\/sr7-slide>\n\t\t\t\t\t\t<\/sr7-carousel>\n\t\t\t\t\t<\/sr7-content>\n\t\t\t\t\t<image_lists style=\"display:none\">\n\t\t\t\t\t\t<img data-src=\"\/\/via3l.eu\/wp-content\/uploads\/2021\/05\/KTK.png\" data-libid=\"8719\" data-lib=\"medialibrary\" alt=\"KTK\" title=\"KTK\" width=\"0\" height=\"0\" data-dbsrc=\"Ly92aWEzbC5ldS93cC1jb250ZW50L3VwbG9hZHMvMjAyMS8wNS9LVEsucG5n\"\/>\n\t\t\t\t\t\t<img data-src=\"\/\/via3l.eu\/wp-content\/uploads\/2025\/10\/22000-metrosert-logo.png\" data-libid=\"17442\" data-lib=\"medialibrary\" alt=\"metrosert logo\" title=\"metrosert logo\" width=\"0\" height=\"0\" data-dbsrc=\"Ly92aWEzbC5ldS93cC1jb250ZW50L3VwbG9hZHMvMjAyNS8xMC8yMjAwMC1tZXRyb3NlcnQtbG9nby5wbmc=\"\/>\n\t\t\t\t\t\t<img data-src=\"\/\/via3l.eu\/wp-content\/uploads\/2020\/12\/Kaubanduskoda-liikmelogo_EST_logo_horiz.jpg\" data-libid=\"10596\" data-lib=\"medialibrary\" alt=\"Kaubanduskoda liikmelogo EST logo horiz via 3l\" title=\"Kaubanduskoda liikmelogo EST logo horiz\" width=\"0\" height=\"0\" data-dbsrc=\"Ly92aWEzbC5ldS93cC1jb250ZW50L3VwbG9hZHMvMjAyMC8xMi9LYXViYW5kdXNrb2RhLWxpaWttZWxvZ29fRVNUX2xvZ29faG9yaXouanBn\"\/>\n\t\t\t\t\t\t<img data-src=\"\/\/via3l.eu\/wp-content\/uploads\/2025\/12\/ISO_withoutQR-ISO-9001.png\" data-libid=\"17696\" data-lib=\"medialibrary\" alt=\"ISO without QR 9001\" title=\"ISO without QR ISO\" width=\"0\" height=\"0\" data-dbsrc=\"Ly92aWEzbC5ldS93cC1jb250ZW50L3VwbG9hZHMvMjAyNS8xMi9JU09fd2l0aG91dFFSLUlTTy05MDAxLnBuZw==\"\/>\n\t\t\t\t\t\t<img data-src=\"\/\/via3l.eu\/wp-content\/uploads\/2020\/06\/Via3l_freight_logo_original-150x150.png\" data-libid=\"5679\" data-lib=\"medialibrary\" alt=\"Via 3L Freight ekspedeerimine\" title=\"Via3l_freight_logo_original\" width=\"0\" height=\"0\" data-dbsrc=\"Ly92aWEzbC5ldS93cC1jb250ZW50L3VwbG9hZHMvMjAyMC8wNi9WaWEzbF9mcmVpZ2h0X2xvZ29fb3JpZ2luYWwtMTUweDE1MC5wbmc=\"\/>\n\t\t\t\t\t\t<img data-src=\"\/\/via3l.eu\/wp-content\/uploads\/2018\/01\/via3l_logo_400-400.png\" data-libid=\"2687\" data-lib=\"medialibrary\" alt=\"via3l_logistika teenuste \u00fcldtingimused Via 3l o\u00fc logo\" title=\"via3l_logo_400-400\" width=\"0\" height=\"0\" data-dbsrc=\"Ly92aWEzbC5ldS93cC1jb250ZW50L3VwbG9hZHMvMjAxOC8wMS92aWEzbF9sb2dvXzQwMC00MDAucG5n\"\/>\n\t\t\t\t\t<\/image_lists>\n\t\t\t\t<\/sr7-module>\n\t\t\t\t<script>\n\t\t\t\t\tSR7.PMH ??={}; SR7.PMH[\"SR7_74_3\"] = {cn:100,state:false,fn: function() { if (_tpt!==undefined && _tpt.prepareModuleHeight !== undefined) {  _tpt.prepareModuleHeight({id:\"SR7_74_3\",el:[150,150,150,150,300],type:'carousel',shdw:'0',gh:[150,150,150,150,300],gw:[1240,1240,1240,1240,480],vpt:['-200px&#039;,&#039;-200px&#039;,&#039;-200px&#039;,&#039;-200px&#039;,&#039;-200px'],size:{fullWidth:false, fullHeight:false},mh:'0',onh:0,onw:0,bg:{color:'{\"orig\":\"transparent\",\"type\":\"solid\",\"string\":\"transparent\"}'},carousel:{pt:'0',pb:'0'}});   SR7.PMH[\"SR7_74_3\"].state=true;} else if(SR7.PMH[\"SR7_74_3\"].cn-->0)\tsetTimeout( SR7.PMH[\"SR7_74_3\"].fn,19);}};SR7.PMH[\"SR7_74_3\" ].fn();\n\t\t\t\t<\/script>\n[\/vc_column][\/vc_row]<\/p>\n<\/div>","protected":false},"excerpt":{"rendered":"<p>[vc_row][vc_column offset=&#8221;vc_hidden-xs&#8221;][vc_custom_heading text=&#8221;OTIF &#8211; On time in Full&#8221; font_container=&#8221;tag:h1|text_align:left&#8221; use_theme_fonts=&#8221;yes&#8221;][vc_column_text] OTIF ehk On Time In Full n\u00e4itab, kui suurt osa k\u00f5igist meile esitatud tellimusridadest on t\u00e4idetud \u00f5igeaegselt, t\u00e4ielikult ja korrektselt. Minimaalne eesm\u00e4rk tarnekindluse&#8230;<\/p>\n","protected":false},"author":2,"featured_media":16408,"parent":0,"menu_order":0,"comment_status":"closed","ping_status":"closed","template":"","meta":{"footnotes":""},"class_list":["post-12905","page","type-page","status-publish","has-post-thumbnail","hentry"],"_links":{"self":[{"href":"https:\/\/via3l.eu\/et\/wp-json\/wp\/v2\/pages\/12905","targetHints":{"allow":["GET"]}}],"collection":[{"href":"https:\/\/via3l.eu\/et\/wp-json\/wp\/v2\/pages"}],"about":[{"href":"https:\/\/via3l.eu\/et\/wp-json\/wp\/v2\/types\/page"}],"author":[{"embeddable":true,"href":"https:\/\/via3l.eu\/et\/wp-json\/wp\/v2\/users\/2"}],"replies":[{"embeddable":true,"href":"https:\/\/via3l.eu\/et\/wp-json\/wp\/v2\/comments?post=12905"}],"version-history":[{"count":0,"href":"https:\/\/via3l.eu\/et\/wp-json\/wp\/v2\/pages\/12905\/revisions"}],"wp:featuredmedia":[{"embeddable":true,"href":"https:\/\/via3l.eu\/et\/wp-json\/wp\/v2\/media\/16408"}],"wp:attachment":[{"href":"https:\/\/via3l.eu\/et\/wp-json\/wp\/v2\/media?parent=12905"}],"curies":[{"name":"wp","href":"https:\/\/api.w.org\/{rel}","templated":true}]}}