{"id":3322,"date":"2019-04-16T16:23:33","date_gmt":"2019-04-16T13:23:33","guid":{"rendered":"https:\/\/via3l.eu\/?page_id=3322"},"modified":"2025-12-16T14:40:43","modified_gmt":"2025-12-16T12:40:43","slug":"soome-transport","status":"publish","type":"page","link":"https:\/\/via3l.eu\/et\/rahvusvaheline-transport\/soome-transport\/","title":{"rendered":"Soome transport"},"content":{"rendered":"<div class=\"wpb-content-wrapper\"><p>[vc_row equal_height=&#8221;yes&#8221;][vc_column width=&#8221;2\/3&#8243;][vc_single_image image=&#8221;3332&#8243; img_size=&#8221;full&#8221;][vc_column_text css=&#8221;&#8221;]<\/p>\r\n<h2 style=\"text-align: left;\">Eesti &#8211; Soome ja Soome \u2013 Eesti temperatuuri Express.<\/h2>\r\n<p style=\"text-align: left;\">Kauba transport Soomest Eestisse ja Eestist Soome on meie igap\u00e4evane leib ning t\u00e4nu suurtele veomahtudele on hinnad soodsad. V\u00e4ljumised Tallinn-Helsinki ja Helsinki-Tallinn toimuvad igal t\u00f6\u00f6p\u00e4eval.<br \/>Saate mugavalt j\u00e4lgida saadetist ja selle temperatuuri, kui kasutate eritemperatuuri veoteenust. Soome transport toimub uute Krone Cool Liner poolhaagistega.<!-- \/wp:post-content --><\/p>\r\n<p><!-- \/wp:paragraph -->[\/vc_column_text][vc_empty_space][\/vc_column][vc_column width=&#8221;1\/3&#8243;][vc_btn title=&#8221;K\u00fcsi pakkkumist&#8221; color=&#8221;success&#8221; size=&#8221;lg&#8221; align=&#8221;center&#8221; i_icon_fontawesome=&#8221;&#8221; css=&#8221;.vc_custom_1765888040046{border-top-width: 20px !important;border-bottom-width: 20px !important;}&#8221; button_block=&#8221;true&#8221; add_icon=&#8221;true&#8221; link=&#8221;url:https%3A%2F%2Fvia3l.eu%2Fet%2Frahvusvaheline-transport%2Frahvusvahelise-transpordi-hinnapakkumine%2F|title:K%C3%BCsi%20pakkkumist&#8221;][vc_empty_space][vc_btn title=&#8221;E-tellimiskeskus&#8221; color=&#8221;primary&#8221; size=&#8221;lg&#8221; align=&#8221;center&#8221; i_icon_fontawesome=&#8221;fa fa-truck&#8221; css=&#8221;.vc_custom_1572423890899{border-top-width: 20px !important;border-bottom-width: 20px !important;}&#8221; button_block=&#8221;true&#8221; add_icon=&#8221;true&#8221; link=&#8221;url:http%3A%2F%2Fextranet.xsped.net%2Fvia3l.eu|||&#8221;][vc_empty_space][vc_btn title=&#8221;Kontakt&#8221; color=&#8221;success&#8221; size=&#8221;lg&#8221; align=&#8221;center&#8221; i_icon_fontawesome=&#8221;&#8221; css=&#8221;.vc_custom_1765888617962{border-top-width: 20px !important;border-bottom-width: 20px !important;}&#8221; button_block=&#8221;true&#8221; add_icon=&#8221;true&#8221; link=&#8221;url:https%3A%2F%2Fvia3l.eu%2Fet%2Frahvusvaheline-transport%2Fvia-3l-freight-kontaktid%2F|title:K%C3%BCsi%20pakkkumist&#8221;][\/vc_column][\/vc_row][vc_row][vc_column][vc_column_text css=&#8221;&#8221;]<\/p>\r\n<h2 class=\"wp-block-heading\">Soome kui Eesti Majanduspartner<!-- \/wp:heading --><\/h2>\r\n<p><!-- wp:paragraph -->Soome ja Eesti vahelise majanduspartnerluse s\u00fcgavad juured ja tihedad sidemed m\u00e4ngivad olulist rolli kahe riigi majanduste arengus. Soome on olnud Eesti \u00fcks suurimatest kaubanduspartneritest alates Eesti iseseisvumisest. Nende vahelised suhted on kasvanud ja muutunud mitmekesisteks, h\u00f5lmates laia valikut t\u00f6\u00f6stusharusid alates kaubandusest ja teenustest kuni tehnoloogiliste lahendusteni. Soome investeeringud Eestis on oluliselt toetanud Eesti majanduskasvu, luues uusi t\u00f6\u00f6kohti ja soodustades innovatsiooni.<\/p>\r\n<!-- \/wp:paragraph -->\r\n<p><!-- wp:paragraph -->Statistika n\u00e4itab, et Soome ekspordib Eestisse mitmesuguseid kaupu, sealhulgas masinaid, elektroonikat ning kemikaale. Samuti on Soome suur importija, tuues Eestist sisse n\u00e4iteks puidust tooteid, toiduained ja tarbekaupu. Kaubavahetuse suhe on \u00fcha tugevnenud, mist\u00f5ttu on Soome majanduslikult h\u00e4davajalik partner Eesti jaoks, et saavutada majanduslik stabiilsus ja kasvu.<\/p>\r\n<p><!-- \/wp:paragraph -->\u00a0<\/p>\r\n<!-- wp:heading -->\r\n<h2 class=\"wp-block-heading\">Soome t\u00e4htsus Eesti kaubanduses<!-- \/wp:heading --><\/h2>\r\n<p><!-- wp:paragraph -->Soome roll Eesti kaubanduses ei piirdu \u00fcksnes kaupade vahetamisega, vaid h\u00f5lmab ka strateegilist koost\u00f6\u00f6d, mis on aidanud m\u00f5lemal riigil oma majandust mitmekesistada. Soome ettev\u00f5tete kohalolek Eestis on suurenenud, mist\u00f5ttu on nad loomas uusi \u00e4riv\u00f5imalusi, investeerides kohalikes projektides ning luues partnerlusi Eesti ettev\u00f5tetega. See omakorda t\u00f5stab Eesti konkurentsiv\u00f5imet Euroopa turul.<\/p>\r\n<!-- \/wp:paragraph -->\r\n<p><!-- wp:paragraph -->Lisaks kaubandusele on Soome ka oluline rahastamisallikas Eesti innovatiivsetele projektidele. Soome finantseerimisallikad ja institutsioonid toetavad paljusid tehnoloogia- ja teadusprojekte Eestis, mis aitavad kaasa uute tehnoloogiate v\u00e4ljat\u00f6\u00f6tamisele ja rakendamisele. See toob kasu m\u00f5lemale poolele, aidates Eesti ettev\u00f5tetel siseneda Soome turule ja soodustades teadmiste jagamist.<\/p>\r\n<p><!-- \/wp:paragraph -->\u00a0<\/p>\r\n<!-- wp:heading -->\r\n<h2 class=\"wp-block-heading\">Majanduslikud suhted ja koost\u00f6\u00f6<!-- \/wp:heading --><\/h2>\r\n<p><!-- wp:paragraph -->Majanduslikud suhted Soome ja Eesti vahel on pidevas arengus, mille m\u00e4rgiks on mitmed \u00fchised projektid ja algatused. Alates 1990. aastatest on m\u00f5lemad riigid osalenud mitmetes koost\u00f6\u00f6programmides, mis on suunatud majanduskasvu edendamisele ja kaubanduse avardamisele. N\u00e4iteks on loodud mitmed kaubanduskoda ja \u00e4riv\u00f5rgustikud, mis pakuvad platvorme ettev\u00f5tjate vahelistes suhetes ja koost\u00f6\u00f6s.<\/p>\r\n<p>Koost\u00f6\u00f6 on laienenud ka teadus- ja arendustegevusele, kus Soome ja Eesti teadlased t\u00f6\u00f6tavad sageli koos, et arendada uusi tehnoloogiaid ja lahendusi. Selline \u00fchisprojektide mudel on t\u00f5estanud oma t\u00f5husust, aidates kaasa madalama tasemega arendustegevusele ja soodustades innovatsiooni, mis on kasulik m\u00f5lemale riigile.<!-- \/wp:paragraph --><\/p>\r\n<!-- wp:heading -->\r\n<h2 class=\"wp-block-heading\">Igap\u00e4evased Regulaarveod Tallinnast Helsinkisse<!-- \/wp:heading --><\/h2>\r\n<p><!-- wp:paragraph -->Igap\u00e4evased regulaarveod Tallinnast Helsinkisse on muutunud eluliselt t\u00e4htsaks kaubandus- ja reisiteenuste osas. Reisi- ja kaubaveoteenuste arendamine on aidanud kaubavahetusel ja inimestel liikuda kahel pool Soome lahte. Reisilaevade ja kaubalaevade liikumise tihedus on kasvanud, v\u00f5imaldades lihtsamat ja kiiremalt kaubavahetust.<\/p>\r\n<!-- \/wp:paragraph -->\r\n<p><!-- wp:paragraph -->Laevade regulaarne teenus aitab tugevdada mitte ainult kaubandust, vaid ka turismi. Reisilaevad, mis \u00fchendavad Tallinna ja Helsingi, pakuvad mitte ainult mugavaid reise, vaid ka kaubanduseks v\u00f5imalusi, kus reisijad saavad osta ja transportida kaupu kahe riigi vahel. See muudab kaubanduse sujuvamaks ning suurendab turismiatraktsioone, mis on kasulik m\u00f5lemale riigile.<\/p>\r\n<p><!-- \/wp:paragraph -->\u00a0<\/p>\r\n<!-- wp:heading -->\r\n<h2 class=\"wp-block-heading\">Veoteenuste areng ja t\u00e4htsus<!-- \/wp:heading --><\/h2>\r\n<p><!-- wp:paragraph -->Veoteenuste areng, mis h\u00f5lmab kaubavedu ja reisiteenuseid, on olnud \u00fclit\u00e4htis Soome ja Eesti majanduslikus koost\u00f6\u00f6s. Laevade moderniseerimine, uute tehnoloogiate rakendamine ja regulaarsete teenuste arendamine on k\u00f5ik sammud, mille abil on oluliselt paranenud kaubaveo efektiivsus. N\u00e4iteks on olemasolevate laevade mahutavuse suurendamine ja reiside sageduse t\u00f5stmine aidanud kaubandust lihtsustada ja kiirendada.<\/p>\r\n<!-- \/wp:paragraph -->\r\n<p><!-- wp:paragraph -->Samuti on oluline, et veoteenused j\u00e4tkavad arengut, et rahuldada turu vajadusi. T\u00f5hus logistikateenus, sealhulgas kaubaveo j\u00e4lgimine ja toimetamine, on muutunud h\u00e4davajalikuks. Logistikaettev\u00f5tted peavad olema paindlikud ja suutma reageerida kiiresti muutuvatele turuoludele, et tagada kaubanduse sujuvus ja efektiivsus.<\/p>\r\n<p><!-- \/wp:paragraph -->\u00a0<\/p>\r\n<!-- wp:heading -->\r\n<h2 class=\"wp-block-heading\">Reisilaevad: Megastar, Mystar ja Victoria<\/h2>\r\n<p>Tallinna ja Helsingi vahel opereerivad reisilaevad nagu Megastar, Mystar ja Victoria on muutunud turismi ja kaubanduse nurgakiviks. Need laevad pakuvad mitte ainult mugavat reisikogemust, vaid ka erinevaid teenuseid, sealhulgas kauplusi, restorane ja muud meelelahutust. Need laevad \u00fchendavad inimesi ja kaubandust, luues tugeva aluse kahe riigi vahelise majandusliku koost\u00f6\u00f6 jaoks.<!-- \/wp:paragraph --><\/p>\r\n<p><!-- wp:paragraph -->Megastar ja Mystar on tuntud oma kiire ja t\u00f5husa teeninduse poolest, pakkudes reisi Helsingisse vaid m\u00f5ne tunniga. See v\u00f5imaldab reisijatel kergesti liikuda kahe riigi vahel, mis omakorda soodustab turistide ja kaupade voogu. Victoria, kuigi vanem laev, pakub endiselt konkurentsiv\u00f5imelisi teenuseid ja on populaarne valik reisijate seas, kellel on huvi Tallinna ja Helsingi avastamise vastu.<\/p>\r\n<h2 class=\"wp-block-heading\">Sujuv kaupade vedu kahe riigi vahel<!-- \/wp:heading --><\/h2>\r\n<p><!-- wp:paragraph -->Sujuv kaupade vedu kahe riigi vahel on \u00e4\u00e4rmiselt oluline, et tagada kaupade t\u00f5hus ja kiire transport. Logistika- ja transpordiettev\u00f5tted, kes tegelevad kaubaveoga, peavad olema h\u00e4sti organiseeritud ja suutma kohandada oma teenuseid vastavalt klientide vajadustele. See h\u00f5lmab pidevat j\u00e4lgimist, et tagada, et kaubad j\u00f5uavad \u00f5igel ajal ja \u00f5iges seisukorras sihtkohta.<\/p>\r\n<!-- \/wp:paragraph -->\r\n<p><!-- wp:paragraph -->Efektiivne logistika on suurendanud kaubavahetuse mahtu, v\u00f5imaldades kaubandusel kasvada ja laieneda. Ettev\u00f5tted saavad kasutada erinevaid kanaleid, sealhulgas maanteed, mereteed ja \u00f5hutransporti, et optimeerida oma tarneahelat. Kaubanduse sujuv toimimine on kasulik mitte ainult ettev\u00f5tetele, vaid ka tarbijatele, kes saavad paremat teenust ja kvaliteetsemaid tooteid.<\/p>\r\n<p><!-- \/wp:paragraph -->\u00a0<\/p>\r\n<!-- wp:heading -->\r\n<h2 class=\"wp-block-heading\">Logistika ja kaubanduse t\u00f5husus<!-- \/wp:heading --><\/h2>\r\n<p><!-- wp:paragraph -->Logistika ja kaubanduse t\u00f5husus m\u00e4ngivad \u00fcliolulist rolli Soome ja Eesti majanduslikus koost\u00f6\u00f6s. T\u00f5husad logistilised lahendused aitavad alandada kulusid ja suurendada kaubanduse efektiivsust. Ettev\u00f5tted, mis suudavad efektiivselt hallata oma tarneahelaid, saavad konkurentsieelise, pakkudes klientidele kiiremat ja usaldusv\u00e4\u00e4rsemat teenust.<\/p>\r\n<!-- \/wp:paragraph -->\r\n<p><!-- wp:paragraph -->Kaasaegsed tehnoloogiad, sealhulgas digitaalne j\u00e4lgimine ja automatiseerimine, on oluliselt parandanud logistikaefektiivsust. Need tehnoloogiad v\u00f5imaldavad ettev\u00f5tetel j\u00e4lgida oma saadetisi reaalajas, mis v\u00e4hendab viivitusi ja tagab kaubade \u00f5igeaegse kohaletoimetamise. T\u00f5hus logistika mitte ainult ei paranda kaubanduse sujuvust, vaid suurendab ka usaldusv\u00e4\u00e4rsust ja klientide rahulolu.<\/p>\r\n<p><!-- \/wp:paragraph -->\u00a0<\/p>\r\n<!-- wp:heading -->\r\n<h2 class=\"wp-block-heading\">Regulaarsete v\u00e4ljumiste eelised<!-- \/wp:heading --><\/h2>\r\n<p><!-- wp:paragraph -->Regulaarsete v\u00e4ljumiste eelised on mitmekesised, h\u00f5lmates aega, kulusid ja kaubavahetuse usaldusv\u00e4\u00e4rsust. Regulaarne reiside ja kaubavedude graafik v\u00f5imaldab ettev\u00f5tetel planeerida oma tegevust ning optimeerida oma tarneahelaid. See v\u00e4hendab ootamatute viivituste riski ja v\u00f5imaldab ettev\u00f5tetel pakkuda oma klientidele paremaid teenuseid.<\/p>\r\n<p>Regulaarsete v\u00e4ljumiste kaudu saavad ettev\u00f5tted ka rohkem reaalajas teavet oma saadetiste kohta, mis aitab neil reageerida kiiresti turu muutustele. See v\u00f5imaldab neil kohandada oma strateegiaid vastavalt vajadusele ja tagada, et nende teenused vastavad klientide ootustele. Regulaarsete v\u00e4ljumiste edendamine on seega kriitilise t\u00e4htsusega kaubanduse sujuvaks ja t\u00f5husaks toimimiseks.<!-- \/wp:paragraph --><\/p>\r\n<!-- wp:heading -->\r\n<h2 class=\"wp-block-heading\">\u00c4riklientide vajadused ja ootused<!-- \/wp:heading --><\/h2>\r\n<p><!-- wp:paragraph -->\u00c4riklientide vajadused ja ootused on pidevas muutumises, samas kui nad otsivad uusi ja t\u00f5husamaid viise oma \u00e4ri kasvatamiseks. Ettev\u00f5tted, kes tegutsevad Soome ja Eesti vahel, peavad olema teadlikud oma klientide ootustest ning olema valmis neid rahuldama. See h\u00f5lmab kiirus, kvaliteet ja usaldusv\u00e4\u00e4rsus, mis on k\u00f5ik kriitilise t\u00e4htsusega tegurid kaubanduse sujuvaks toimimiseks.<\/p>\r\n<!-- \/wp:paragraph -->\r\n<p><!-- wp:paragraph -->\u00c4rikliendid eelistavad teenuste pakkujaid, kes suudavad pakkuda paindlikke lahendusi, mis vastavad nende erivajadustele. See v\u00f5ib h\u00f5lmata kohandatud teenuseid, kiiret tarneaega ja kvaliteetset klienditeenindust. Koost\u00f6\u00f6s ja partnerluses p\u00f5hinev l\u00e4henemine aitab teenusepakkujatel paremini m\u00f5ista oma klientide vajadusi ja pakkuda neile t\u00f5husamaid lahendusi.<\/p>\r\n<p><!-- \/wp:paragraph -->\u00a0<\/p>\r\n<!-- wp:heading -->\r\n<h2 class=\"wp-block-heading\">Koost\u00f6\u00f6 ja partnerlus<!-- \/wp:heading --><\/h2>\r\n<p><!-- wp:paragraph -->Koost\u00f6\u00f6 ja partnerlus Soome ja Eesti ettev\u00f5tete vahel on \u00e4\u00e4rmiselt kasulik, et saavutada pikaajaline majanduslik kasu. Koost\u00f6\u00f6, mis p\u00f5hineb usaldusv\u00e4\u00e4rsusel ja suhtlemisel, aitab ettev\u00f5tetel jagada ressursse ja teadmisi, mis v\u00f5ivad viia innovatsiooni ja kasvu. Partnerlus v\u00f5ib h\u00f5lmata erinevaid valdkondi, sealhulgas tehnoloogiat, tootmist ja teenuseid.<\/p>\r\n<!-- \/wp:paragraph -->\r\n<p><!-- wp:paragraph -->Ettev\u00f5tted, kes investeerivad koost\u00f6\u00f6sse ja partnerlusse, suudavad saavutada konkurentsieelise, luues uusi \u00e4rimudeleid ja tugevdades oma positsiooni turul. Koost\u00f6\u00f6 toob ka kasu, mis ulatub kaugemale finantskasumist, sealhulgas paremad teadmised turu suundumustest ja v\u00f5imalustest, mis v\u00f5ivad avada uusi uksi ja v\u00f5imalusi m\u00f5lemale osapoolele.<\/p>\r\n<p><!-- \/wp:paragraph -->\u00a0<\/p>\r\n<!-- wp:heading -->\r\n<h2 class=\"wp-block-heading\">Seotud teenuste areng<\/h2>\r\n<p>Seotud teenuste areng on samuti kriitilise t\u00e4htsusega, et rahuldada \u00e4ri- ja tarbijate vajadusi. Ettev\u00f5tted, kes pakuvad t\u00e4iendavaid teenuseid nagu ladustamine, logistika ja n\u00f5ustamine, v\u00f5ivad oma klientidele pakkuda suuremat v\u00e4\u00e4rtust. See aitab mitte ainult konkurentsiv\u00f5imet t\u00f5sta, vaid muudab ka kaubanduse t\u00f5husamaks.<!-- \/wp:paragraph --><\/p>\r\n<p><!-- wp:paragraph -->Seotud teenuste pakkumine toob kasu mitte ainult ettev\u00f5ttele, vaid ka klientidele, kes saavad parema teenuse ja suurema mugavuse. Teenuste mitmekesistamine aitab tagada, et ettev\u00f5tted suudavad rahuldada muutuvat turu n\u00f5udlust ning pakkuda oma klientidele usaldusv\u00e4\u00e4rseid ja kvaliteetseid lahendusi.<\/p>\r\n<p><!-- \/wp:paragraph -->\u00a0<\/p>\r\n<!-- wp:heading -->\r\n<h2 class=\"wp-block-heading\">Kokkuv\u00f5te<\/h2>\r\n<!-- \/wp:heading -->\r\n<p>&nbsp;<\/p>\r\n<!-- wp:paragraph -->\r\n<p>Soome ja Eesti vahelised majanduslikud suhted on tugevdanud kahe riigi koost\u00f6\u00f6d mitmesugustes valdkondades. Regulaarne kaubavedu, efektiivne <a href=\"https:\/\/via3l.eu\/et\/via-3l-kontakt\/\">laologistika<\/a> ja erinevad teenused on k\u00f5ik osutunud kriitiliselt t\u00e4htsaks, et toetada kaubanduse ja majanduse kasvu. Reisilaevade nagu Megastar, Mystar ja Victoria operatsioonid on oluliselt parandanud kaubandust ja turismi, pakkudes mugavat ja t\u00f5husat \u00fchendust kahe riigi vahel.<!-- \/wp:paragraph --><\/p>\r\n<p><!-- wp:paragraph -->\u00c4riklientide vajadused ja ootused on pidevas muutumises, mis n\u00f5uab teenusepakkujatelt paindlikkust ja suutlikkust rahuldada neid vajadusi. Koost\u00f6\u00f6 ja partnerluse arendamine on h\u00e4davajalik, et tagada pikaajaline majanduslik edu ja innovatsioon. Seotud teenuste areng, sealhulgas logistika ja tarne teenused, tugevdavad veelgi kahe riigi vahelisi suhteid ning loovad uusi v\u00f5imalusi majanduskasvuks.<\/p>\r\n<p><!-- \/wp:paragraph -->\u00a0<\/p>\r\n<!-- wp:heading -->\r\n<h2 class=\"wp-block-heading\">KKK<\/h2>\r\n<!-- \/wp:heading -->\r\n<p>&nbsp;<\/p>\r\n<!-- wp:heading {\"level\":3} -->\r\n<h3 class=\"wp-block-heading\">Milline on Soome ja Eesti kaubanduse maht?<!-- \/wp:heading --><\/h3>\r\n<p><!-- wp:paragraph -->Soome on \u00fcks suurimaid kaubanduspartnereid Eestile. Kaubanduse maht on aasta-aastalt kasvanud, h\u00f5lmates mitmesuguseid kaupu, sealhulgas masinaid, elektroonikat ja toiduained.<\/p>\r\n<!-- \/wp:paragraph -->\r\n<p>&nbsp;<\/p>\r\n<!-- wp:heading {\"level\":3} -->\r\n<h3 class=\"wp-block-heading\">Kuidas m\u00f5jutab regulaarne veoteenus kaubandust?<!-- \/wp:heading --><\/h3>\r\n<p><!-- wp:paragraph -->Regulaarne veoteenus aitab tagada kiire ja t\u00f5husa kaupade kohaletoimetamise, mis omakorda suurendab kaubanduse efektiivsust ja usaldusv\u00e4\u00e4rsust. See aitab ettev\u00f5tetel planeerida oma tegevust ning rahuldada klientide vajadusi.<\/p>\r\n<!-- \/wp:paragraph -->\r\n<p>&nbsp;<\/p>\r\n<!-- wp:heading {\"level\":3} -->\r\n<h3 class=\"wp-block-heading\">Millised on peamised reisilaevad, mis \u00fchendavad Tallinna ja Helsingi?<!-- \/wp:heading --><\/h3>\r\n<p><!-- wp:paragraph -->Peamised reisilaevad, mis opereerivad Tallinna ja Helsingi vahel, on <a href=\"https:\/\/www.tallink.com\/et\/pardal\/laevad\" target=\"_blank\" rel=\"noopener noreferrer nofollow\">Megastar, Mystar ja Victoria.<\/a> Need laevad pakuvad mugavat ja t\u00f5husat teenust reisijatele ja kaubale.<\/p>\r\n<!-- \/wp:paragraph -->\r\n<p>&nbsp;<\/p>\r\n<!-- wp:heading {\"level\":3} -->\r\n<h3 class=\"wp-block-heading\">Kuidas saavad Eesti ettev\u00f5tted Soome turule siseneda?<!-- \/wp:heading --><\/h3>\r\n<p><!-- wp:paragraph -->Eesti ettev\u00f5tted saavad Soome turule siseneda l\u00e4bi koost\u00f6\u00f6, investeerimise ja osaluse kohalikes projektides, samuti koost\u00f6\u00f6partnerite leidmise kaudu, kes tunnevad Soome turgu.<\/p>\r\n<!-- \/wp:paragraph -->\r\n<p>&nbsp;<\/p>\r\n<!-- wp:heading {\"level\":3} -->\r\n<h3 class=\"wp-block-heading\">Millised on tuleviku perspektiivid Soome ja Eesti vahel?<!-- \/wp:heading --><\/h3>\r\n<p><!-- wp:paragraph -->Tuleviku perspektiivid Soome ja Eesti vahel n\u00e4itavad kasvu v\u00f5imalusi, sealhulgas rohkem investeeringute ja koost\u00f6\u00f6projekte, mis v\u00f5ivad edendada innovatsiooni ja majanduskasvu.<\/p>\r\n<p>[\/vc_column_text][\/vc_column][\/vc_row][vc_row][vc_column][\/vc_column][\/vc_row]<\/p><\/div>","protected":false},"excerpt":{"rendered":"<p>[vc_row equal_height=&#8221;yes&#8221;][vc_column width=&#8221;2\/3&#8243;][vc_single_image image=&#8221;3332&#8243; img_size=&#8221;full&#8221;][vc_column_text css=&#8221;&#8221;] Eesti &#8211; Soome ja Soome \u2013 Eesti temperatuuri Express. Kauba transport Soomest Eestisse ja Eestist Soome on meie igap\u00e4evane leib ning t\u00e4nu suurtele veomahtudele on hinnad soodsad&#8230;.<\/p>\n","protected":false},"author":2,"featured_media":17734,"parent":3344,"menu_order":0,"comment_status":"closed","ping_status":"closed","template":"","meta":{"footnotes":""},"class_list":["post-3322","page","type-page","status-publish","has-post-thumbnail","hentry"],"_links":{"self":[{"href":"https:\/\/via3l.eu\/et\/wp-json\/wp\/v2\/pages\/3322","targetHints":{"allow":["GET"]}}],"collection":[{"href":"https:\/\/via3l.eu\/et\/wp-json\/wp\/v2\/pages"}],"about":[{"href":"https:\/\/via3l.eu\/et\/wp-json\/wp\/v2\/types\/page"}],"author":[{"embeddable":true,"href":"https:\/\/via3l.eu\/et\/wp-json\/wp\/v2\/users\/2"}],"replies":[{"embeddable":true,"href":"https:\/\/via3l.eu\/et\/wp-json\/wp\/v2\/comments?post=3322"}],"version-history":[{"count":0,"href":"https:\/\/via3l.eu\/et\/wp-json\/wp\/v2\/pages\/3322\/revisions"}],"up":[{"embeddable":true,"href":"https:\/\/via3l.eu\/et\/wp-json\/wp\/v2\/pages\/3344"}],"wp:featuredmedia":[{"embeddable":true,"href":"https:\/\/via3l.eu\/et\/wp-json\/wp\/v2\/media\/17734"}],"wp:attachment":[{"href":"https:\/\/via3l.eu\/et\/wp-json\/wp\/v2\/media?parent=3322"}],"curies":[{"name":"wp","href":"https:\/\/api.w.org\/{rel}","templated":true}]}}