{"id":3560,"date":"2019-05-21T14:33:43","date_gmt":"2019-05-21T12:33:43","guid":{"rendered":"https:\/\/via3l.eu\/?page_id=3560"},"modified":"2020-01-16T11:07:10","modified_gmt":"2020-01-16T09:07:10","slug":"privaatsuspoliitika","status":"publish","type":"page","link":"https:\/\/via3l.eu\/et\/privaatsuspoliitika\/","title":{"rendered":"Privaatsuspoliitika"},"content":{"rendered":"<h1>Privaatsusteade<\/h1>\n<p><span style=\"font-weight: 400;\">K\u00e4esolevas privaatsusteates (edaspidi: Privaatsusteade) selgitame, kuidas ja milliseid isikuandmeid Via 3L O\u00dc (Via 3L) t\u00f6\u00f6tleb, kui s\u00f5lmite meiega Lepingu, kasutate meie Teenuseid v\u00f5i olete meie Teenustega muul moel seotud (nt Saadetise Saaja), k\u00fclastate Via 3L Veebilehte, osalete meie kampaaniates v\u00f5i v\u00f5tate meiega \u00fchendust. Privaatsusteates kasutatakse samu m\u00f5isteid kui T\u00fc\u00fcptingimustes.<\/span><\/p>\n<h2><span style=\"font-weight: 400;\">Vastutav t\u00f6\u00f6tleja<\/span><\/h2>\n<p><span style=\"font-weight: 400;\">Privaatsusteates nimetatud isikuandmete vastutav t\u00f6\u00f6tleja on Via 3L O\u00dc (registrikood 10731489, aadress Kalmari tee 10, 75327 Rae vald Harjumaa, Eesti Vabariik. Veebileht <\/span><a href=\"https:\/\/www.via3l.eu\/\" target=\"_blank\" rel=\"noopener noreferrer nofollow\"><span style=\"font-weight: 400;\">www.via3l.eu<\/span><\/a><span style=\"font-weight: 400;\">).<\/span><\/p>\n<h2><span style=\"font-weight: 400;\">Privaatsusteate muutmine<\/span><\/h2>\n<p><span style=\"font-weight: 400;\">Teie isikuandmete kaitsmine on meile t\u00e4htis, mist\u00f5ttu vaatame aeg ajalt Privaatsusteate \u00fcle ja vajadusel muudame seda. K\u00f5ikidest isikuandmete kasutamisega seotud muudatustest, nagu ka sellest, kui muudetakse v\u00f5i ajakohastatakse vastavaid \u00f5igusakte ja reegleid (sh Privaatsusteadet) teavitame l\u00e4bi Via 3L Kodulehe <\/span><a href=\"http:\/\/www.via3l.eu\/\" target=\"_blank\" rel=\"noopener noreferrer nofollow\"><span style=\"font-weight: 400;\">www.via3l.eu<\/span><\/a><span style=\"font-weight: 400;\">. Kui te ei n\u00f5ustu muudetud Privaatsusteatega, peaksite l\u00f5petama oma isikuandmete meile edastamise. Kui j\u00e4tkate isikuandmete edastamist siiski ka p\u00e4rast uue Privaatsusteate j\u00f5ustumist, n\u00f5ustute muudatustega ning muudetud Privaatsusteade on teile siduv.<\/span><\/p>\n<h2><span style=\"font-weight: 400;\">Kelle ja milliseid isikuandmeid t\u00f6\u00f6tleme<\/span><\/h2>\n<p><span style=\"font-weight: 400;\">Isikuandmed on igasugune teave, mida saab isikuga seostada. Andmete kategooriad, mida Via 3L peamiselt, kuid mitte ainult, kogub ja t\u00f6\u00f6tleb, samuti nende t\u00f6\u00f6tlemise eesm\u00e4rk nagu ka s\u00e4ilitamine on j\u00e4rgmised:<\/span><\/p>\n<table>\n<tbody>\n<tr>\n<td style=\"width: 667px;\"><strong>Andmet\u00fc\u00fcp<\/strong><\/td>\n<td style=\"width: 215px;\"><strong>\u00d5iguslik alus<\/strong><\/td>\n<td style=\"width: 233px;\"><strong>Andmete t\u00f6\u00f6tlemise eesm\u00e4rk<\/strong><\/td>\n<td style=\"width: 227px;\"><strong>Kaua andmeid s\u00e4ilitame<\/strong><\/td>\n<\/tr>\n<tr>\n<td style=\"width: 667px;\"><span style=\"font-weight: 400;\">Kliendi, Saatja, Saaja ja Vedaja isiku tuvastamise andmed <\/span><span style=\"font-weight: 400;\">(nt nimi, isikukood, s\u00fcnniaeg, andmed isikut t\u00f5endava dokumendi kohta<\/span><\/td>\n<td style=\"width: 215px;\"><span style=\"font-weight: 400;\">Lepingu s\u00f5lmimiseks ja t\u00e4itmiseks. <\/span><span style=\"font-weight: 400;\">Seadus<\/span><\/td>\n<td style=\"width: 233px;\"><span style=\"font-weight: 400;\">Teenuse osutamine<\/span><\/td>\n<td style=\"width: 227px;\"><span style=\"font-weight: 400;\">Kuni t\u00f6\u00f6tlemise eesm\u00e4rgi t\u00e4itmiseni, <\/span><span style=\"font-weight: 400;\">kuid mitte enam kui 7 aastat<\/span><\/td>\n<\/tr>\n<tr>\n<td style=\"width: 667px;\"><span style=\"font-weight: 400;\">Kliendi, Saatja, Saaja ja Vedaja kontaktandmed <\/span><span style=\"font-weight: 400;\">(nt aadress, telefoninumber, e-posti aadress)<\/span><\/td>\n<td style=\"width: 215px;\"><span style=\"font-weight: 400;\">Lepingu s\u00f5lmimiseks ja t\u00e4itmiseks. <\/span><span style=\"font-weight: 400;\">Seadus<\/span><\/td>\n<td style=\"width: 233px;\"><span style=\"font-weight: 400;\">Teenuse osutamine<\/span><\/td>\n<td style=\"width: 227px;\"><span style=\"font-weight: 400;\">Kuni t\u00f6\u00f6tlemise eesm\u00e4rgi t\u00e4itmiseni, <\/span><span style=\"font-weight: 400;\">kuid mitte enam kui 7 aastat<\/span><\/td>\n<\/tr>\n<tr>\n<td style=\"width: 667px;\"><span style=\"font-weight: 400;\">Kliendi, Saatja, Saaja ka Vedaja asukoha andmed<\/span><\/td>\n<td style=\"width: 215px;\"><span style=\"font-weight: 400;\">Lepingu s\u00f5lmimiseks ja t\u00e4itmiseks. <\/span><span style=\"font-weight: 400;\">Seadus<\/span><\/td>\n<td style=\"width: 233px;\"><span style=\"font-weight: 400;\">Teenuse osutamine<\/span><\/td>\n<td style=\"width: 227px;\"><span style=\"font-weight: 400;\">Kuni t\u00f6\u00f6tlemise eesm\u00e4rgi t\u00e4itmiseni, <\/span><span style=\"font-weight: 400;\">kuid mitte enam kui 7 aastat<\/span><\/td>\n<\/tr>\n<tr>\n<td style=\"width: 667px;\"><span style=\"font-weight: 400;\">Kliendi kasutajakonto andmed Via 3L Kodulehel (kasutajanimi, salas\u00f5na, <\/span><span style=\"font-weight: 400;\">nimi, telefoninumber, e-posti aadress, tehingute ajalugu)<\/span><\/td>\n<td style=\"width: 215px;\"><span style=\"font-weight: 400;\">Lepingu s\u00f5lmimiseks ja t\u00e4itmiseks <\/span><\/td>\n<td style=\"width: 233px;\"><span style=\"font-weight: 400;\">Teenuse osutamine<\/span><\/td>\n<td style=\"width: 227px;\"><span style=\"font-weight: 400;\">Kuni t\u00f6\u00f6tlemise eesm\u00e4rgi t\u00e4itmiseni, <\/span><span style=\"font-weight: 400;\">kuid mitte enam kui 7 aastat<\/span><\/td>\n<\/tr>\n<tr>\n<td style=\"width: 667px;\"><span style=\"font-weight: 400;\">Kliendi makseandmed<\/span><\/td>\n<td style=\"width: 215px;\"><span style=\"font-weight: 400;\">Lepingu t\u00e4itmiseks. <\/span><span style=\"font-weight: 400;\">Seadus<\/span><\/td>\n<td style=\"width: 233px;\"><span style=\"font-weight: 400;\">Teenuse osutamine<\/span><\/td>\n<td style=\"width: 227px;\"><span style=\"font-weight: 400;\">Kuni t\u00f6\u00f6tlemise eesm\u00e4rgi t\u00e4itmiseni<\/span><\/td>\n<\/tr>\n<tr>\n<td style=\"width: 667px;\"><span style=\"font-weight: 400;\">Kui Saadetist ei v\u00f5ta vastu Saaja, siis Saadetist vastuv\u00f5tva isiku nimi<\/span><\/td>\n<td style=\"width: 215px;\"><span style=\"font-weight: 400;\">Lepingu t\u00e4itmiseks. <\/span><span style=\"font-weight: 400;\">\u00d5igustatud huvi, n\u00f5usolek<\/span><\/td>\n<td style=\"width: 233px;\"><span style=\"font-weight: 400;\">Saadetise kohaletoimetamise <\/span><span style=\"font-weight: 400;\">t\u00f5endamiseks <\/span><\/td>\n<td style=\"width: 227px;\"><span style=\"font-weight: 400;\">Kuni t\u00f6\u00f6tlemise eesm\u00e4rgi t\u00e4itmiseni<\/span><\/td>\n<\/tr>\n<tr>\n<td style=\"width: 667px;\"><span style=\"font-weight: 400;\">Andmed Vedaja seaduskuulekuse ja usaldusv\u00e4\u00e4ruse kohta <\/span><span style=\"font-weight: 400;\">(nt kehtivad v\u00e4\u00e4rteo- ja kriminaalkaristuse andmed) <\/span><\/td>\n<td style=\"width: 215px;\"><span style=\"font-weight: 400;\">Lepingu s\u00f5lmimiseks ja t\u00e4itmiseks. <\/span><span style=\"font-weight: 400;\">\u00d5igustatud huvi <\/span><\/td>\n<td style=\"width: 233px;\"><span style=\"font-weight: 400;\">Teenuse osutamise turvalisus <\/span><span style=\"font-weight: 400;\">ja usaldusv\u00e4\u00e4rsus <\/span><\/td>\n<td style=\"width: 227px;\"><span style=\"font-weight: 400;\">Kuni Vedajaga s\u00f5lmitud lepingu <\/span><span style=\"font-weight: 400;\">l\u00f5ppemiseni<\/span><\/td>\n<\/tr>\n<tr>\n<td style=\"width: 667px;\"><span style=\"font-weight: 400;\">Suhtlusandmed, n\u00e4iteks Via 3L poolt salvestatavad audiovisuaalsed <\/span><span style=\"font-weight: 400;\">(so heli- ja videosalvestised) andmed, mida kogutakse kui helistad <\/span><span style=\"font-weight: 400;\">Via 3L-le v\u00f5i kui k\u00fclastad Via 3L asukohti (kontor v\u00f5i ladu ), samuti muud suhtlusandmed, mida kogutakse kui <\/span><span style=\"font-weight: 400;\">k\u00fclastad n\u00e4iteks Via 3L poolt korraldatud \u00fcritusi v\u00f5i osaled tagasiside <\/span><span style=\"font-weight: 400;\">v\u00f5i rahulolu uuringutes v\u00f5i k\u00fcsitlustes.<\/span><\/td>\n<td style=\"width: 215px;\"><span style=\"font-weight: 400;\">Lepingu s\u00f5lmimiseks ja t\u00e4itmiseks. <\/span><span style=\"font-weight: 400;\">\u00d5igustatud huvi <\/span><\/td>\n<td style=\"width: 233px;\"><span style=\"font-weight: 400;\">Teenuse osutamine. <\/span><span style=\"font-weight: 400;\">Turvalisuse ja usaldusv\u00e4\u00e4ruse <\/span><span style=\"font-weight: 400;\">tagamiseks. <\/span><span style=\"font-weight: 400;\">Teenuste arendamiseks<\/span><\/td>\n<td style=\"width: 227px;\"><span style=\"font-weight: 400;\">Kuni t\u00f6\u00f6tlemise eesm\u00e4rgi t\u00e4itmiseni<\/span><\/td>\n<\/tr>\n<tr>\n<td style=\"width: 667px;\"><span style=\"font-weight: 400;\">Andmed kampaanias osalemise kohta, sh osaleja kontaktandmed <\/span><span style=\"font-weight: 400;\">ja muu esitatud teave<\/span><\/td>\n<td style=\"width: 215px;\"><span style=\"font-weight: 400;\">Lepingu t\u00e4itmiseks.<\/span><\/p>\n<p><span style=\"font-weight: 400;\">N\u00f5usolek<\/span><\/td>\n<td style=\"width: 233px;\"><span style=\"font-weight: 400;\">Kampaania l\u00e4biviimiseks, <\/span><span style=\"font-weight: 400;\">m\u00fc\u00fcgi-edenduseks<\/span><\/td>\n<td style=\"width: 227px;\"><span style=\"font-weight: 400;\">Kuni kampaania l\u00e4biviimiseni v\u00f5i <\/span><span style=\"font-weight: 400;\">n\u00f5usoleku \u00a0tagasiv\u00f5tmiseni <\/span><\/td>\n<\/tr>\n<tr>\n<td style=\"width: 667px;\"><span style=\"font-weight: 400;\">Meiega kontakteerumisel kontakteerunud isiku kontaktandmed <\/span><span style=\"font-weight: 400;\">ja muu esitatud teave (nt tagasiside)<\/span><\/td>\n<td style=\"width: 215px;\"><span style=\"font-weight: 400;\">N\u00f5usolek<\/span><\/td>\n<td style=\"width: 233px;\"><span style=\"font-weight: 400;\">P\u00e4ringute t\u00f6\u00f6tlemiseks ja <\/span><span style=\"font-weight: 400;\">neile vastamiseks. <\/span><span style=\"font-weight: 400;\">Teenuste arendamiseks<\/span><\/td>\n<td style=\"width: 227px;\"><span style=\"font-weight: 400;\">Kuni n\u00f5usoleku tagasiv\u00f5tmiseni<\/span><\/td>\n<\/tr>\n<tr>\n<td style=\"width: 667px;\"><span style=\"font-weight: 400;\">Via 3L Kodulehe kasutamisel seadme andmeid jms<\/span><\/td>\n<td style=\"width: 215px;\"><span style=\"font-weight: 400;\">N\u00f5usolek<\/span><\/td>\n<td style=\"width: 233px;\"><span style=\"font-weight: 400;\">Via 3L Kodulehe arendamiseks ja <\/span><span style=\"font-weight: 400;\">kohandamiseks. <\/span><span style=\"font-weight: 400;\">Tehniliste probleemide tuvastamiseks <\/span><span style=\"font-weight: 400;\">ja lahendamiseks. <\/span><span style=\"font-weight: 400;\">Teenuste arendamiseks <\/span><\/td>\n<td style=\"width: 227px;\"><span style=\"font-weight: 400;\">Kuni n\u00f5usoleku tagasiv\u00f5tmiseni<\/span><\/td>\n<\/tr>\n<\/tbody>\n<\/table>\n<h2><span style=\"font-weight: 400;\">Milleks me isikuandmeid t\u00f6\u00f6tleme<\/span><\/h2>\n<p><span style=\"font-weight: 400;\">Me t\u00f6\u00f6tleme Kliendi, Saatja ja Saaja isikuandmeid Kliendile Teenuse osutamiseks, s.o Saadetiste vastuv\u00f5tmiseks, maksete teostamiseks, sorteerimiseks, veoks, tollimiseks ja k\u00e4ttetoimetamiseks.<\/span><\/p>\n<p><span style=\"font-weight: 400;\">Me t\u00f6\u00f6tleme kampaanias osalejate isikuandmeid kampaania l\u00e4biviimiseks ning meiega kontakteerunud isikute isikuandmeid p\u00e4ringute t\u00f6\u00f6tlemiseks ja neile vastamiseks. Rahulolu-uuringu eesm\u00e4rgiks on koguda tagasisidet ja kaardistada sihtr\u00fchmade rahulolu meie poolt pakutavate Teenustega, mist\u00f5ttu t\u00f6\u00f6tleme andmeid ka sellel eesm\u00e4rgil. Saadetud tagasisidet kasutame me ka oma Teenuste arendamiseks. Samuti v\u00f5ime teie kontaktandmeid kasutada teile vajaliku teabe edastamiseks.<\/span><\/p>\n<p><span style=\"font-weight: 400;\">Via 3L Kodulehe k\u00fclastamisel automaatselt kogutud teavet kasutame Via 3L Kodulehe arendamiseks ja kohandamiseks, tehniliste probleemide tuvastamiseks ja nende lahendamiseks, kasutusstatistika tegemiseks ja muudeks eesm\u00e4rkideks, et oma tegevust parandada.<\/span><\/p>\n<p><span style=\"font-weight: 400;\">Kui te olete liitunud meie uudiskirja saajatega, kasutame teie kontaktandmeid teile erinevate pakkumiste esitamiseks. Teil on igal ajal \u00f5igus meie pakkumiste saamisest loobuda.<\/span><\/p>\n<p><span style=\"font-weight: 400;\">Muudel eesm\u00e4rkidel t\u00f6\u00f6tleme teie isikuandmeid ainult teie eelneval n\u00f5usolekul.<\/span><\/p>\n<h2><span style=\"font-weight: 400;\">Kui kaua me teie isikuandmeid s\u00e4ilitame<\/span><\/h2>\n<p><span style=\"font-weight: 400;\">T\u00f6\u00f6tleme isikuandmeid nii v\u00e4he kui v\u00f5imalik. \u00dcldjuhul s\u00e4ilitame isikuandmeid nii kaua, kuni see on vajalik nende kogumise eesm\u00e4rgi t\u00e4itmiseks (vt \u00fclal), arvestades sealjuures seaduses s\u00e4testatud n\u00f5udeid (nt raamatupidamise seadus), v\u00f5i seni, kuni see on vajalik meie seaduslike huvide kaitsmiseks (nt n\u00f5uete esitamiseks v\u00f5i nende eest kaitsmiseks). N\u00f5usoleku alusel antud isikuandmeid v\u00f5ime t\u00f6\u00f6delda kuni n\u00f5usoleku tagasiv\u00f5tmiseni.<\/span><\/p>\n<h2><span style=\"font-weight: 400;\">Kuidas me isikuandmeid kogume<\/span><\/h2>\n<p><span style=\"font-weight: 400;\">\u00dcldiselt edastate te oma isikuandmed meile ise. See v\u00f5ib toimuda uue kliendilepingu s\u00f5lmimise k\u00e4igus, hinnap\u00e4ringu tegemise v\u00f5i saadetise edastamise k\u00e4igus, E-teeninduses, e-kirja vahendusel v\u00f5i vastavalt teiega s\u00f5lmitud v\u00f5i s\u00f5lmitavale Lepingule, samuti meie kampaaniates osalemisel v\u00f5i meiega kontakteerumisel.<\/span><\/p>\n<p><span style=\"font-weight: 400;\">Via 3L Kodulehe kasutamisel kogume me teatud teavet automaatselt.<\/span><\/p>\n<p><span style=\"font-weight: 400;\">Saadetise Edastamiseks vajalikud Saaja isikuandmed saame me tavaliselt Kliendilt v\u00f5i Saatjalt. Lepingu s\u00f5lmimisega kinnitab Klient, et tal v\u00f5i Saatjal on \u00f5igus meile Saaja isikuandmeid edastada ja meil on \u00f5igus neid k\u00e4esolevas Privaatsusteates kirjeldatud viisidel t\u00f6\u00f6delda.<\/span><\/p>\n<h2><span style=\"font-weight: 400;\">Kellele me isikuandmeid edastame<\/span><\/h2>\n<p><span style=\"font-weight: 400;\">Me edastame teie isikuandmeid ainult j\u00e4rgmistele isikutele:<\/span><\/p>\n<ol>\n<li><span style=\"font-weight: 400;\">a) Meie allt\u00f6\u00f6v\u00f5tjatele, keda me kasutame Teenuse osutamisel (nt Vedaja). Me j\u00e4\u00e4me allt\u00f6\u00f6v\u00f5tjaid kasutades igati vastutavaks teie isikuandmete t\u00f6\u00f6tlemise eest<\/span><\/li>\n<li><span style=\"font-weight: 400;\">b) Isikutele ja asutustele, kellele see on vajalik Kliendile valitud Teenuse osutamiseks (nt kindlustusandjatele, tollile, makseasutustele. Me edastame sellistele isikutele ja asutustele ainult selliseid isikuandmeid ja ainult sellises ulatuses nagu see on valitud Teenuse osutamiseks v\u00f5i seaduse kohaselt vajalik)<\/span><\/li>\n<li><span style=\"font-weight: 400;\">c) Isikutele, kellele isikuandmete edastamine on n\u00f5utud seaduse alusel (nt j\u00e4relevalveasutused)<\/span><\/li>\n<li><span style=\"font-weight: 400;\">d) Isikutele, kellele see on vajalik meie huvide kaitseks (nt pettuste avastamiseks v\u00f5i uurimiseks, \u00f5igus- vm n\u00f5ustamiseks).<\/span><\/li>\n<\/ol>\n<p><span style=\"font-weight: 400;\">Saatja kontaktandmed on n\u00e4htavad ka Saajale.<\/span><\/p>\n<h2><span style=\"font-weight: 400;\">Kuidas me teie isikuandmeid kaitseme<\/span><\/h2>\n<p><span style=\"font-weight: 400;\">Rakendame asjakohaseid organisatsioonilisi, tehnilisi ja f\u00fc\u00fcsilisi kaitsemeetmeid teie isikuandmete kaitsmiseks. Vaatamata sellele, et astume samme selle v\u00e4ltimiseks v\u00f5i v\u00e4hendamiseks, v\u00f5ivad Pakisildile kantud andmed olla n\u00e4htavad ka kolmandatele isikutele.<\/span><\/p>\n<h2><span style=\"font-weight: 400;\">Teie \u00f5igused<\/span><\/h2>\n<p><span style=\"font-weight: 400;\">Teil on k\u00f5ik isikuandmete kaitse seaduse j\u00e4rgsed \u00f5igused, eelk\u00f5ige<\/span><\/p>\n<p><span style=\"font-weight: 400;\">&#8211; \u00a0\u00a0\u00a0\u00a0\u00a0<\/span> <span style=\"font-weight: 400;\">\u00f5igus saada infot, kas Via 3L t\u00f6\u00f6tleb teie isikuandmeid ning juhul, kui t\u00f6\u00f6tleb, siis saada eelnimetatud andmetele ligip\u00e4\u00e4s ja tutvuda nendega;<\/span><\/p>\n<p><span style=\"font-weight: 400;\">&#8211; \u00a0\u00a0\u00a0\u00a0\u00a0<\/span> <span style=\"font-weight: 400;\">\u00f5igus n\u00f5uda eba\u00f5igete isikuandmete parandamist, kui need on ebapiisavad, puudulikud v\u00f5i v\u00e4\u00e4rad;<\/span><\/p>\n<p><span style=\"font-weight: 400;\">&#8211; \u00a0\u00a0\u00a0\u00a0\u00a0<\/span> <span style=\"font-weight: 400;\">\u00f5igus saada oma isikuandmed, mida olete ise esitanud ning mida t\u00f6\u00f6deldakse n\u00f5usoleku alusel v\u00f5i lepingu t\u00e4itmiseks, kirjalikult v\u00f5i \u00fcldkasutatavas elektroonilises vormingus, sealjuures \u00f5igus taotleda andmete \u00fclekantavust teisele teenusepakkujale;<\/span><\/p>\n<p><span style=\"font-weight: 400;\">&#8211; \u00a0\u00a0\u00a0\u00a0\u00a0<\/span> <span style=\"font-weight: 400;\">\u00f5igus esitada vastuv\u00e4iteid oma isikuandmete t\u00f6\u00f6tlemise suhtes, samuti \u00f5igus taotleda isikuandmete kustutamist. Selline \u00f5igus siiski puudub, kui isikuandmeid, mida palutakse kustutada, t\u00f6\u00f6deldakse lisaks ka teistel \u00f5iguslikel alustel;<\/span><\/p>\n<p><span style=\"font-weight: 400;\">&#8211; \u00a0\u00a0\u00a0\u00a0\u00a0<\/span> <span style=\"font-weight: 400;\">\u00f5igus piirata oma isikuandmete t\u00f6\u00f6tlemist kohalduva \u00f5iguse alusel;<\/span><\/p>\n<p><span style=\"font-weight: 400;\">&#8211; \u00a0\u00a0\u00a0\u00a0\u00a0<\/span> <span style=\"font-weight: 400;\">\u00f5igus v\u00f5tta tagasi oma n\u00f5usolek isikuandmete t\u00f6\u00f6tlemiseks;<\/span><\/p>\n<p><span style=\"font-weight: 400;\">&#8211; \u00a0\u00a0\u00a0\u00a0\u00a0<\/span> <span style=\"font-weight: 400;\">\u00f5igus esitada vaie isikuandmete kasutamise kohta Eesti Andmekaitse Inspektsioonile v\u00f5i kohtule, kui leiate, et teie isikuandmete t\u00f6\u00f6tlemine riivab teie \u00f5iguseid ja huve kohalduva \u00f5iguse alusel;<\/span><\/p>\n<p><span style=\"font-weight: 400;\">&#8211; \u00a0\u00a0\u00a0\u00a0\u00a0<\/span> <span style=\"font-weight: 400;\">\u00f5igus n\u00f5ustuda v\u00f5i keelata oma andmete kasutamine otseturunduseks v\u00f5i turunduslikul eesm\u00e4rgil.<\/span><\/p>\n<h3><span style=\"font-weight: 400;\">Via 3L v\u00f5ib keelduda teie poolt esitatud tutvumissoovi t\u00e4itmisest juhul:<\/span><\/h3>\n<p><span style=\"font-weight: 400;\">&#8211; \u00a0\u00a0\u00a0\u00a0\u00a0<\/span> <span style=\"font-weight: 400;\">kui see v\u00f5ib kahjustada teise isiku \u00f5igusi ja vabadusi,<\/span><\/p>\n<p><span style=\"font-weight: 400;\">&#8211; \u00a0\u00a0\u00a0\u00a0\u00a0<\/span> <span style=\"font-weight: 400;\">takistada kuriteo t\u00f5kestamist v\u00f5i kurjategija tabamist,<\/span><\/p>\n<p><span style=\"font-weight: 400;\">&#8211; \u00a0\u00a0\u00a0\u00a0\u00a0<\/span> <span style=\"font-weight: 400;\">raskendada t\u00f5e v\u00e4ljaselgitamist kriminaalmenetluses,<\/span><\/p>\n<p><span style=\"font-weight: 400;\">&#8211; \u00a0\u00a0\u00a0\u00a0\u00a0<\/span> <span style=\"font-weight: 400;\">ohustada lapse p\u00f5lvnemise saladuse kaitsmist,<\/span><\/p>\n<p><span style=\"font-weight: 400;\">&#8211; \u00a0\u00a0\u00a0\u00a0\u00a0<\/span> <span style=\"font-weight: 400;\">kui andmed on kustutatud,<\/span><\/p>\n<p><span style=\"font-weight: 400;\">&#8211; \u00a0\u00a0\u00a0\u00a0\u00a0<\/span> <span style=\"font-weight: 400;\">muudel seaduses etten\u00e4htud juhtudel.<\/span><\/p>\n<p><span style=\"font-weight: 400;\">Kui te leiate, et teie \u00f5igusi on rikutud, on teil \u00f5igus p\u00f6\u00f6rduda Andmekaitse Inspektsiooni (www.aki.ee) v\u00f5i kohtu poole.<\/span><\/p>\n<h2><span style=\"font-weight: 400;\">K\u00fcpsised<\/span><\/h2>\n<p><span style=\"font-weight: 400;\">K\u00fcpsised (<\/span><i><span style=\"font-weight: 400;\">cookies<\/span><\/i><span style=\"font-weight: 400;\">) on v\u00e4ikesed tekstifailid, mis paigaldatakse teie arvutisse Kodulehtedelt, mida k\u00fclastate. K\u00fcpsised v\u00f5imaldavad \u00e4ra tunda teie seadme kodulehtede k\u00fclastamisel. Kodulehed kasutavad k\u00fcpsiseid, et pakkuda teile isikup\u00e4rasemat kasutuskogemust ja mugavamat navigeerimist. N\u00e4iteks v\u00f5imaldavad k\u00fcpsised meelde j\u00e4tta teie eelistusi v\u00f5i j\u00e4tta vahele igakordne Kodulehele sisselogimine.<\/span><\/p>\n<p><span style=\"font-weight: 400;\">Teil on v\u00f5imalik muuta k\u00fcpsiste seadeid ja kustutada k\u00fcpsised oma veebilehitseja (Internet Explorer, Firefox, Chrome jms) seadistuste kaudu:<\/span><\/p>\n<p><span style=\"font-weight: 400;\">Internet Explorer: http:\/\/support.microsoft.com\/kb\/278835<\/span><\/p>\n<p><span style=\"font-weight: 400;\">Crome: https:\/\/support.google.com\/chrome\/answer\/95647?hl=en<\/span><\/p>\n<p><span style=\"font-weight: 400;\">Firefox: http:\/\/support.mozilla.org\/en-US\/kb\/Clear%20Recent%20History<\/span><\/p>\n<p><span style=\"font-weight: 400;\">Opera: http:\/\/www.opera.com\/browser\/tutorials\/security\/privacy<\/span><\/p>\n<p><span style=\"font-weight: 400;\">Safari: http:\/\/support.apple.com\/kb\/PH5042<\/span><\/p>\n<h3><span style=\"font-weight: 400;\">Via 3L Kodulehel kasutatakse j\u00e4rgmist t\u00fc\u00fcpi k\u00fcpsiseid:<\/span><\/h3>\n<ol>\n<li><span style=\"font-weight: 400;\">a) Tehnilised k\u00fcpsised (<\/span><i><span style=\"font-weight: 400;\">strictly necessary\/essential cookies<\/span><\/i><span style=\"font-weight: 400;\">), mis on olulised kodulehtedel ringiliikumiseks ja nende kasutaja poolt valitud v\u00f5imaluste kasutamiseks.<\/span><\/li>\n<li><span style=\"font-weight: 400;\">b) Anal\u00fc\u00fctilised k\u00fcpsised (<\/span><i><span style=\"font-weight: 400;\">performance cookies<\/span><\/i><span style=\"font-weight: 400;\">), mis koguvad informatsiooni selle kohta, kuidas kasutajad veebilehti kasutavad, n\u00e4iteks milliseid veebilehti nad k\u00f5ige sagedamini k\u00fclastavad ja milliseid veateateid nad kodulehtedelt saavad. Nende k\u00fcpsiste eesm\u00e4rgiks on parandada kodulehtede toimimist.<\/span><\/li>\n<li><span style=\"font-weight: 400;\">c) Eelistuste k\u00fcpsised (<\/span><i><span style=\"font-weight: 400;\">functionality cookies<\/span><\/i><span style=\"font-weight: 400;\">), mis v\u00f5imaldavad j\u00e4tta meelde kasutaja tehtud valikuid (n\u00e4iteks teksti suurus, muud Kodulehe muudetavad omadused) ja tunnuseid (n\u00e4iteks kasutajanimi, keel v\u00f5i kasutaja asukohariik), et pakkuda personaalsemat v\u00f5imalust kodulehtede kasutamiseks.<\/span><\/li>\n<li><span style=\"font-weight: 400;\">d) Reklaamik\u00fcpsised (<\/span><i><span style=\"font-weight: 400;\">targeting\/advertising\/behaviourally targeted advertising cookies<\/span><\/i><span style=\"font-weight: 400;\">), mis v\u00f5imaldavad n\u00e4idata kasutajale personaliseeritud reklaami ja viia l\u00e4bi turu-uuringuid ning -anal\u00fc\u00fcse, kasutades Kodulehtedelt kasutaja k\u00e4itumise ja huvide kohta saadud andmeid. Saadud andmeid v\u00f5idakse jagada reklaamiv\u00f5rgustikega ja reklaamiteenuse pakkujatega.<\/span><\/li>\n<li><span style=\"font-weight: 400;\">e) Multimeedia esitamiseks kasutatavad k\u00fcpsised, mis salvestavad video- v\u00f5i audiomaterjali esitamiseks vajalikku tehnilist teavet, nagu kujutise kvaliteet, v\u00f5rgu\u00fchenduse kiirus ja puhverdamise parameetrid.<\/span><\/li>\n<li><span style=\"font-weight: 400;\">f) Suhtluspluginate k\u00fcpsised sisu jagamiseks. Mitmed sotsiaalv\u00f5rgustikud pakuvad suhtluspluginate mooduleid (<\/span><i><span style=\"font-weight: 400;\">social plug-in modules<\/span><\/i><span style=\"font-weight: 400;\">), mille abil saavad sotsiaalv\u00f5rgustike kasutajad jagada neile meelep\u00e4rast sisu. Sellised pluginad salvestavad k\u00fcpsised kasutaja l\u00f5ppseadmesse ning omavad neile juurdep\u00e4\u00e4su, et sotsiaalv\u00f5rgustik saaks tuvastada oma liikmeid, kes selliste pluginatega suhtlevad.<\/span><\/li>\n<\/ol>\n<p><span style=\"font-weight: 400;\">Kui k\u00fcpsis on h\u00e4davajalik sellise teenuse osutamiseks, mida kasutaja on selges\u00f5naliselt taotlenud, ei ole teie n\u00f5usolek k\u00fcpsise kasutamiseks vajalik.<\/span><\/p>\n<h2><span style=\"font-weight: 400;\">Kontaktandmed<\/span><\/h2>\n<p><span style=\"font-weight: 400;\">Kui teil peaks olema k\u00fcsimusi, kommentaare v\u00f5i kaebusi seoses k\u00e4esoleva Privaatsusteate v\u00f5i oma isikuandmete t\u00f6\u00f6tlemisega, siis v\u00f5tke meiega Via 3L Kodulehe kaudu \u00fchendust.<\/span><\/p>\n","protected":false},"excerpt":{"rendered":"<p>Privaatsusteade K\u00e4esolevas privaatsusteates (edaspidi: Privaatsusteade) selgitame, kuidas ja milliseid isikuandmeid Via 3L O\u00dc (Via 3L) t\u00f6\u00f6tleb, kui s\u00f5lmite meiega Lepingu, kasutate meie Teenuseid v\u00f5i olete meie Teenustega muul moel seotud (nt Saadetise Saaja),&#8230;<\/p>\n","protected":false},"author":2,"featured_media":0,"parent":0,"menu_order":0,"comment_status":"closed","ping_status":"closed","template":"","meta":{"footnotes":""},"class_list":["post-3560","page","type-page","status-publish","hentry"],"_links":{"self":[{"href":"https:\/\/via3l.eu\/et\/wp-json\/wp\/v2\/pages\/3560","targetHints":{"allow":["GET"]}}],"collection":[{"href":"https:\/\/via3l.eu\/et\/wp-json\/wp\/v2\/pages"}],"about":[{"href":"https:\/\/via3l.eu\/et\/wp-json\/wp\/v2\/types\/page"}],"author":[{"embeddable":true,"href":"https:\/\/via3l.eu\/et\/wp-json\/wp\/v2\/users\/2"}],"replies":[{"embeddable":true,"href":"https:\/\/via3l.eu\/et\/wp-json\/wp\/v2\/comments?post=3560"}],"version-history":[{"count":0,"href":"https:\/\/via3l.eu\/et\/wp-json\/wp\/v2\/pages\/3560\/revisions"}],"wp:attachment":[{"href":"https:\/\/via3l.eu\/et\/wp-json\/wp\/v2\/media?parent=3560"}],"curies":[{"name":"wp","href":"https:\/\/api.w.org\/{rel}","templated":true}]}}