{"id":3624,"date":"2019-07-18T13:58:50","date_gmt":"2019-07-18T11:58:50","guid":{"rendered":"https:\/\/via3l.eu\/kupsised\/"},"modified":"2025-11-21T15:00:42","modified_gmt":"2025-11-21T13:00:42","slug":"kupsised","status":"publish","type":"page","link":"https:\/\/via3l.eu\/et\/kupsised\/","title":{"rendered":"K\u00fcpsised"},"content":{"rendered":"<div class=\"wpb-content-wrapper\"><p data-rm-block-id=\"block-1\">[vc_row][vc_column][vc_column_text]See leht kasutab oma veebilehele juurdep\u00e4\u00e4su tagamisel teabe s\u00e4ilitamiseks ja sellele ligip\u00e4\u00e4semiseks k\u00fcpsiseid. Klient ja Saaja saavad rohkem teavet Teenuseosutaja k\u00fcpsiste kasutamise kohta Teenuseosutaja k\u00fcpsiste kasutamise p\u00f5him\u00f5tetest, mis on avaldatud Teenuseosutaja veebilehel Privaatsuspoliitika <a href=\"https:\/\/via3l.eu\/et\/privaatsuspoliitika\/\">https:\/\/via3l.eu\/et\/privaatsuspoliitika\/<\/a>[\/vc_column_text][\/vc_column][\/vc_row]<\/p>\n<\/div>","protected":false},"excerpt":{"rendered":"<p>[vc_row][vc_column][vc_column_text]See leht kasutab oma veebilehele juurdep\u00e4\u00e4su tagamisel teabe s\u00e4ilitamiseks ja sellele ligip\u00e4\u00e4semiseks k\u00fcpsiseid. Klient ja Saaja saavad rohkem teavet Teenuseosutaja k\u00fcpsiste kasutamise kohta Teenuseosutaja k\u00fcpsiste kasutamise p\u00f5him\u00f5tetest, mis on avaldatud Teenuseosutaja veebilehel Privaatsuspoliitika&#8230;<\/p>\n","protected":false},"author":2,"featured_media":0,"parent":0,"menu_order":0,"comment_status":"closed","ping_status":"closed","template":"","meta":{"footnotes":""},"class_list":["post-3624","page","type-page","status-publish","hentry"],"_links":{"self":[{"href":"https:\/\/via3l.eu\/et\/wp-json\/wp\/v2\/pages\/3624","targetHints":{"allow":["GET"]}}],"collection":[{"href":"https:\/\/via3l.eu\/et\/wp-json\/wp\/v2\/pages"}],"about":[{"href":"https:\/\/via3l.eu\/et\/wp-json\/wp\/v2\/types\/page"}],"author":[{"embeddable":true,"href":"https:\/\/via3l.eu\/et\/wp-json\/wp\/v2\/users\/2"}],"replies":[{"embeddable":true,"href":"https:\/\/via3l.eu\/et\/wp-json\/wp\/v2\/comments?post=3624"}],"version-history":[{"count":0,"href":"https:\/\/via3l.eu\/et\/wp-json\/wp\/v2\/pages\/3624\/revisions"}],"wp:attachment":[{"href":"https:\/\/via3l.eu\/et\/wp-json\/wp\/v2\/media?parent=3624"}],"curies":[{"name":"wp","href":"https:\/\/api.w.org\/{rel}","templated":true}]}}