{"id":3647,"date":"2023-02-01T17:15:03","date_gmt":"2023-02-01T15:15:03","guid":{"rendered":"https:\/\/via3l.eu\/?page_id=3647"},"modified":"2025-11-21T16:12:27","modified_gmt":"2025-11-21T14:12:27","slug":"3pl_logistika","status":"publish","type":"page","link":"https:\/\/via3l.eu\/et\/3pl_logistika\/","title":{"rendered":"3PL logistikateenused"},"content":{"rendered":"<div class=\"wpb-content-wrapper\"><p>[vc_row][vc_column][vc_raw_js]JTNDJTIxLS0lMjBHb29nbGUlMjB0YWclMjAlMjhndGFnLmpzJTI5JTIwLS0lM0UlMjAlM0NzY3JpcHQlMjBhc3luYyUyMHNyYyUzRCUyMmh0dHBzJTNBJTJGJTJGd3d3Lmdvb2dsZXRhZ21hbmFnZXIuY29tJTJGZ3RhZyUyRmpzJTNGaWQlM0RBVy0xMTM1MTM4ODUyNCUyMiUzRSUzQyUyRnNjcmlwdCUzRSUyMCUzQ3NjcmlwdCUzRSUyMHdpbmRvdy5kYXRhTGF5ZXIlMjAlM0QlMjB3aW5kb3cuZGF0YUxheWVyJTIwJTdDJTdDJTIwJTVCJTVEJTNCJTIwZnVuY3Rpb24lMjBndGFnJTI4JTI5JTdCZGF0YUxheWVyLnB1c2glMjhhcmd1bWVudHMlMjklM0IlN0QlMjBndGFnJTI4JTI3anMlMjclMkMlMjBuZXclMjBEYXRlJTI4JTI5JTI5JTNCJTIwZ3RhZyUyOCUyN2NvbmZpZyUyNyUyQyUyMCUyN0FXLTExMzUxMzg4NTI0JTI3JTI5JTNCJTIwJTNDJTJGc2NyaXB0JTNFJTBB[\/vc_raw_js][\/vc_column][\/vc_row][vc_row equal_height=&#8221;yes&#8221; content_placement=&#8221;middle&#8221;][vc_column width=&#8221;2\/3&#8243; offset=&#8221;vc_hidden-xs&#8221;][vc_custom_heading text=&#8221;3PL LOGISTIKATEENUSED&#8221; font_container=&#8221;tag:h1|text_align:left&#8221; use_theme_fonts=&#8221;yes&#8221; css=&#8221;.vc_custom_1685521242313{padding-top: 0px !important;padding-right: 0px !important;padding-bottom: 0px !important;padding-left: 0px !important;}&#8221;][\/vc_column][vc_column width=&#8221;1\/3&#8243; offset=&#8221;vc_hidden-xs&#8221;][vc_btn title=&#8221;ESITA P\u00c4RING&#8221; shape=&#8221;square&#8221; color=&#8221;green&#8221; size=&#8221;lg&#8221; i_icon_fontawesome=&#8221;stm-arrow-next&#8221; css=&#8221;&#8221; add_icon=&#8221;true&#8221; link=&#8221;url:https%3A%2F%2Fvia3l.eu%2Fet%2Fhinnaparing_laoteenusele%2F|title:K%C3%BCsi%20pakkumist&#8221;][\/vc_column][\/vc_row][vc_row equal_height=&#8221;yes&#8221; content_placement=&#8221;middle&#8221;][vc_column offset=&#8221;vc_hidden-lg vc_hidden-md vc_hidden-sm&#8221;][vc_custom_heading text=&#8221;3PL LOGISTIKATEENUSED&#8221; font_container=&#8221;tag:h1|text_align:center&#8221; use_theme_fonts=&#8221;yes&#8221; css=&#8221;.vc_custom_1727796179217{padding-top: 0px !important;padding-right: 0px !important;padding-bottom: 0px !important;padding-left: 0px !important;}&#8221;][vc_empty_space]<div class=\" ubtn-ctn-center \"><a class=\"ubtn-link ult-adjust-bottom-margin ubtn-center ubtn-block \" href=\"https:\/\/via3l.eu\/et\/hinnaparing_laoteenusele\/\" title=\"Hinnap\u00e4ring laoteenusele\" ><button type=\"button\" id=\"ubtn-2375\"  class=\"ubtn ult-adjust-bottom-margin ult-responsive ubtn-block ubtn-no-hover-bg  none  ubtn-sep-icon ubtn-sep-icon-at-left  ubtn-center   tooltip-69d78cd2b1247 ubtn-block\"  data-hover=\"\" data-border-color=\"\" data-bg=\"#6DAB3C\" data-hover-bg=\"#113C63\" data-border-hover=\"\" data-shadow-hover=\"\" data-shadow-click=\"none\" data-shadow=\"\" data-shd-shadow=\"\"  data-ultimate-target='#ubtn-2375'  data-responsive-json-new='{\"font-size\":\"mobile:24px;\",\"line-height\":\"\"}'  style=\"font-family:&#039;Montserrat&#039;;font-weight:bold;border:none;background: #6DAB3C;color: #FFFFFF;\"><span class=\"ubtn-data ubtn-icon\"><i class=\"Defaults-arrow-right\" style=\"font-size:32px;color:;\"><\/i><\/span><span class=\"ubtn-hover\" style=\"background-color:#113C63\"><\/span><span class=\"ubtn-data ubtn-text \" >ESITA P\u00c4RING<\/span><\/button><\/a><\/div>[\/vc_column][\/vc_row][vc_row][vc_column][vc_empty_space][vc_column_text css=&#8221;&#8221;]Via 3L pakub <a href=\"https:\/\/en.wikipedia.org\/wiki\/Third-party_logistics\" target=\"_blank\" rel=\"noopener noreferrer nofollow\">3PL logistika teenuseid<\/a> juba enam kui 20 aastat ja meie p\u00f5hitegevusaladeks on lao-, transpordi-, arveldus-, aktsiisi- ja tolliteenuste m\u00fc\u00fck ning muidugi ka e-kaubanduse viimase miili lahendused.<\/p>\n<h2><span style=\"font-weight: 400;\">MUUDAME TOOTJATE, TARNIJATE JA TARBIJATE TARNEAHELA SUJUVAMAKS.<\/span><\/h2>\n<p><span style=\"font-weight: 400;\">Paljud toidu- ja esmatarbekaupade tootjad, hulgi- ja jaem\u00fc\u00fcjad Balti turul on usaldanud oma 3PL logistika just meie k\u00e4tte. Et tulla toime n\u00f5udliku \u00e4rikeskkonnaga, o<\/span><span style=\"font-weight: 400;\">leme koos oma t\u00f6\u00f6tajate ja pikaajaliste klientidega pidevalt t\u00e4iustanud ning arendanud oma protsesse. Sihip\u00e4rased investeeringud tehnoloogiasse, rajatistesse ja inimestesse on loonud tugeva pinnase, pakkumaks kvaliteetseid <\/span>3PL logistilisi t\u00e4islahendusi.<\/p>\n<h2>Meie poolt pakutavad 3PL logistikateenused<\/h2>\n<p>Pakume laia valikut erinevaid logistikateenuseid kogu teie tarneahela jooksul, et olla teie jaoks alati olemas ning viia tellitud kaup Teie klientidele etten\u00e4htud ajal ja soovitud koguses!<\/p>\n<p>Pakutavate 3PL teenuste hulka kuuluvad:<\/p>\n<ul>\n<li><a href=\"https:\/\/via3l.eu\/et\/laoteenused_ja_tellimuste_kasitlemine\/\" target=\"_blank\" rel=\"noopener\">laoteenused ja tellimuste k\u00e4sitlemine<\/a><\/li>\n<li><a href=\"https:\/\/via3l.eu\/et\/veoteenus-jaotusvedu-ja-ristlaadimisteenused\/\" target=\"_blank\" rel=\"noopener\">jaotusvedu ja ristlaadimisteenused<\/a><\/li>\n<li><a href=\"https:\/\/via3l.eu\/et\/3pl_logistika\/aktsiisilao_ja_tollilao_teenused\/\" target=\"_blank\" rel=\"noopener\">aktsiisi- ja tollilaoteenused<\/a><\/li>\n<li><a href=\"https:\/\/via3l.eu\/et\/kleepimine_lisavaartusteenused\/\" target=\"_blank\" rel=\"noopener\">kleepimine ja lisav\u00e4\u00e4rtusteenused<\/a><\/li>\n<li>kaubavarude juhtimine<\/li>\n<li><a href=\"https:\/\/via3l.eu\/et\/3pl_logistika\/elektrooniline_andmevahetus\/\" target=\"_blank\" rel=\"noopener\">elektrooniline andmevahetus<\/a><\/li>\n<li>e-kaubanduse viimase miili lahendused<\/li>\n<\/ul>\n<p>Oma tarneahela otsuseid tehes saate toetuda meie \u00e4rianal\u00fc\u00fctikale, millele v\u00f5imaldame teile ligip\u00e4\u00e4su veebist.[\/vc_column_text][\/vc_column][\/vc_row][vc_row][vc_column][vc_empty_space][\/vc_column][\/vc_row][vc_row][vc_column width=&#8221;1\/4&#8243;][vc_custom_heading text=&#8221;150&#8243; font_container=&#8221;tag:p|font_size:40|text_align:center|color:%239cd151&#8243; google_fonts=&#8221;font_family:Montserrat%20Alternates%3Aregular%2C700|font_style:700%20bold%20regular%3A700%3Anormal&#8221; css=&#8221;&#8221;][vc_column_text css=&#8221;&#8221;]<\/p>\n<h3 style=\"text-align: center;\">TEENUSEKLIENTI<\/h3>\n<p>[\/vc_column_text][vc_empty_space][\/vc_column][vc_column width=&#8221;1\/4&#8243;][vc_custom_heading text=&#8221;160&#8243; font_container=&#8221;tag:p|font_size:40|text_align:center|color:%239cd151&#8243; google_fonts=&#8221;font_family:Montserrat%20Alternates%3Aregular%2C700|font_style:700%20bold%20regular%3A700%3Anormal&#8221; css=&#8221;&#8221;][vc_column_text css=&#8221;&#8221;]<\/p>\n<h3 style=\"text-align: center;\">T\u00d6\u00d6TAJAT<\/h3>\n<p>[\/vc_column_text][vc_empty_space][\/vc_column][vc_column width=&#8221;1\/4&#8243;][vc_custom_heading text=&#8221;21 000&#8243; font_container=&#8221;tag:p|font_size:40|text_align:center|color:%239cd151&#8243; google_fonts=&#8221;font_family:Montserrat%20Alternates%3Aregular%2C700|font_style:700%20bold%20regular%3A700%3Anormal&#8221; css=&#8221;&#8221;][vc_column_text css=&#8221;&#8221;]<\/p>\n<h3 style=\"text-align: center;\">SAADETIST<br \/>\nKUUS<\/h3>\n<p>[\/vc_column_text][vc_empty_space][\/vc_column][vc_column width=&#8221;1\/4&#8243;][vc_custom_heading text=&#8221;300 000&#8243; font_container=&#8221;tag:p|font_size:40|text_align:center|color:%239cd151&#8243; google_fonts=&#8221;font_family:Montserrat%20Alternates%3Aregular%2C700|font_style:700%20bold%20regular%3A700%3Anormal&#8221; css=&#8221;&#8221;][vc_column_text css=&#8221;&#8221;]<\/p>\n<h3 style=\"text-align: center;\">TELLIMUSRIDA<br \/>\nKUUS<\/h3>\n<p>[\/vc_column_text][vc_empty_space][\/vc_column][\/vc_row][vc_row][vc_column offset=&#8221;vc_hidden-xs&#8221;][vc_column_text]<\/p>\n<h2>3PL logistika eelised<\/h2>\n<p>3PL logistikateenused ehk kolmanda osapoole logistikateenused aitavad tagada teie tarneahela t\u00f5husa toimimise.<\/p>\n<p>3PL logistikateenust sisse ostes saab ettev\u00f5te keskenduda oma p\u00f5hitegevusele ning hoida kokku igap\u00e4evaseid kulusid.[\/vc_column_text][vc_empty_space]\n\t\t\t\t<p class=\"rs-p-wp-fix\"><\/p>\n\t\t\t\t<sr7-module data-alias=\"3-pl-services\" data-id=\"62\" id=\"SR7_62_1\" class=\"rs-ov-hidden\" data-version=\"6.7.34\">\n\t\t\t\t\t<sr7-adjuster><\/sr7-adjuster>\n\t\t\t\t\t<sr7-content>\n\t\t\t\t\t\t<sr7-slide id=\"SR7_62_1-103\" data-key=\"103\">\n\t\t\t\t\t\t<\/sr7-slide>\n\t\t\t\t\t\t<sr7-slide id=\"SR7_62_1-201\" data-key=\"201\">\n\t\t\t\t\t\t<\/sr7-slide>\n\t\t\t\t\t<\/sr7-content>\n\t\t\t\t\t<image_lists style=\"display:none\">\n\t\t\t\t\t\t<img data-src=\"\/\/via3l.eu\/wp-content\/uploads\/2023\/06\/kaupokalda-com-DJI_20230612141231_0285_Freight_via3l-scaled.jpg\" data-libid=\"10894\" data-lib=\"medialibrary\" alt=\"Via 3L trailers\" title=\"Via 3L trailers\" width=\"0\" height=\"0\" data-dbsrc=\"Ly92aWEzbC5ldS93cC1jb250ZW50L3VwbG9hZHMvMjAyMy8wNi9rYXVwb2thbGRhLWNvbS1ESklfMjAyMzA2MTIxNDEyMzFfMDI4NV9GcmVpZ2h0X3ZpYTNsLXNjYWxlZC5qcGc=\"\/>\n\t\t\t\t\t<\/image_lists>\n\t\t\t\t<\/sr7-module>\n\t\t\t\t<script>\n\t\t\t\t\tSR7.PMH ??={}; SR7.PMH[\"SR7_62_1\"] = {cn:100,state:false,fn: function() { if (_tpt!==undefined && _tpt.prepareModuleHeight !== undefined) {  _tpt.prepareModuleHeight({id:\"SR7_62_1\",el:[600,600,600,600,350],type:'standard',shdw:'0',gh:[600,600,600,600,350],gw:[1920,1920,1920,1920,480],vpt:['-200px&#039;,&#039;-200px&#039;,&#039;-200px&#039;,&#039;-200px&#039;,&#039;-200px'],size:{fullWidth:false, fullHeight:false},mh:'0',onh:0,onw:0,bg:{color:'{\"orig\":\"transparent\",\"type\":\"solid\",\"string\":\"transparent\"}'},plType:'0',plColor:'#FFFFFF'});   SR7.PMH[\"SR7_62_1\"].state=true;} else if(SR7.PMH[\"SR7_62_1\"].cn-->0)\tsetTimeout( SR7.PMH[\"SR7_62_1\"].fn,19);}};SR7.PMH[\"SR7_62_1\" ].fn();\n\t\t\t\t<\/script>\n[\/vc_column][\/vc_row][vc_row][vc_column offset=&#8221;vc_hidden-lg vc_hidden-md vc_hidden-sm&#8221;][vc_column_text css=&#8221;&#8221;]<\/p>\n<h2 style=\"text-align: center;\">3PL logistika eelised<\/h2>\n<p>3PL logistikateenused ehk kolmanda osapoole logistikateenused aitavad tagada teie tarneahela t\u00f5husa toimimise.<\/p>\n<p>3PL logistikateenust sisse ostes saab ettev\u00f5te keskenduda oma p\u00f5hitegevusele ning hoida kokku igap\u00e4evaseid kulusid.[\/vc_column_text][vc_empty_space]\n\t\t\t\t<p class=\"rs-p-wp-fix\"><\/p>\n\t\t\t\t<sr7-module data-alias=\"3-pl-services\" data-id=\"62\" id=\"SR7_62_2\" class=\"rs-ov-hidden\" data-version=\"6.7.34\">\n\t\t\t\t\t<sr7-adjuster><\/sr7-adjuster>\n\t\t\t\t\t<sr7-content>\n\t\t\t\t\t\t<sr7-slide id=\"SR7_62_2-103\" data-key=\"103\">\n\t\t\t\t\t\t<\/sr7-slide>\n\t\t\t\t\t\t<sr7-slide id=\"SR7_62_2-201\" data-key=\"201\">\n\t\t\t\t\t\t<\/sr7-slide>\n\t\t\t\t\t<\/sr7-content>\n\t\t\t\t\t<image_lists style=\"display:none\">\n\t\t\t\t\t\t<img data-src=\"\/\/via3l.eu\/wp-content\/uploads\/2023\/06\/kaupokalda-com-DJI_20230612141231_0285_Freight_via3l-scaled.jpg\" data-libid=\"10894\" data-lib=\"medialibrary\" alt=\"Via 3L trailers\" title=\"Via 3L trailers\" width=\"0\" height=\"0\" data-dbsrc=\"Ly92aWEzbC5ldS93cC1jb250ZW50L3VwbG9hZHMvMjAyMy8wNi9rYXVwb2thbGRhLWNvbS1ESklfMjAyMzA2MTIxNDEyMzFfMDI4NV9GcmVpZ2h0X3ZpYTNsLXNjYWxlZC5qcGc=\"\/>\n\t\t\t\t\t<\/image_lists>\n\t\t\t\t<\/sr7-module>\n\t\t\t\t<script>\n\t\t\t\t\tSR7.PMH ??={}; SR7.PMH[\"SR7_62_2\"] = {cn:100,state:false,fn: function() { if (_tpt!==undefined && _tpt.prepareModuleHeight !== undefined) {  _tpt.prepareModuleHeight({id:\"SR7_62_2\",el:[600,600,600,600,350],type:'standard',shdw:'0',gh:[600,600,600,600,350],gw:[1920,1920,1920,1920,480],vpt:['-200px&#039;,&#039;-200px&#039;,&#039;-200px&#039;,&#039;-200px&#039;,&#039;-200px'],size:{fullWidth:false, fullHeight:false},mh:'0',onh:0,onw:0,bg:{color:'{\"orig\":\"transparent\",\"type\":\"solid\",\"string\":\"transparent\"}'},plType:'0',plColor:'#FFFFFF'});   SR7.PMH[\"SR7_62_2\"].state=true;} else if(SR7.PMH[\"SR7_62_2\"].cn-->0)\tsetTimeout( SR7.PMH[\"SR7_62_2\"].fn,19);}};SR7.PMH[\"SR7_62_2\" ].fn();\n\t\t\t\t<\/script>\n[\/vc_column][\/vc_row][vc_row][vc_column]\n\t\t\t\t<p class=\"rs-p-wp-fix\"><\/p>\n\t\t\t\t<sr7-module data-alias=\"about-us-slider-iso-14001-22000-9001\" data-id=\"74\" id=\"SR7_74_3\" class=\"rs-ov-hidden\" data-version=\"6.7.34\">\n\t\t\t\t\t<sr7-adjuster><\/sr7-adjuster>\n\t\t\t\t\t<sr7-content>\n\t\t\t\t\t\t<sr7-carousel>\n\t\t\t\t\t\t<sr7-slide id=\"SR7_74_3-123\" data-key=\"123\">\n\t\t\t\t\t\t<\/sr7-slide>\n\t\t\t\t\t\t<sr7-slide id=\"SR7_74_3-213\" data-key=\"213\">\n\t\t\t\t\t\t<\/sr7-slide>\n\t\t\t\t\t\t<\/sr7-carousel>\n\t\t\t\t\t<\/sr7-content>\n\t\t\t\t\t<image_lists style=\"display:none\">\n\t\t\t\t\t\t<img data-src=\"\/\/via3l.eu\/wp-content\/uploads\/2021\/05\/KTK.png\" data-libid=\"8719\" data-lib=\"medialibrary\" alt=\"KTK\" title=\"KTK\" width=\"0\" height=\"0\" data-dbsrc=\"Ly92aWEzbC5ldS93cC1jb250ZW50L3VwbG9hZHMvMjAyMS8wNS9LVEsucG5n\"\/>\n\t\t\t\t\t\t<img data-src=\"\/\/via3l.eu\/wp-content\/uploads\/2025\/10\/22000-metrosert-logo.png\" data-libid=\"17442\" data-lib=\"medialibrary\" alt=\"metrosert logo\" title=\"metrosert logo\" width=\"0\" height=\"0\" data-dbsrc=\"Ly92aWEzbC5ldS93cC1jb250ZW50L3VwbG9hZHMvMjAyNS8xMC8yMjAwMC1tZXRyb3NlcnQtbG9nby5wbmc=\"\/>\n\t\t\t\t\t\t<img data-src=\"\/\/via3l.eu\/wp-content\/uploads\/2020\/12\/Kaubanduskoda-liikmelogo_EST_logo_horiz.jpg\" data-libid=\"10596\" data-lib=\"medialibrary\" alt=\"Kaubanduskoda liikmelogo EST logo horiz via 3l\" title=\"Kaubanduskoda liikmelogo EST logo horiz\" width=\"0\" height=\"0\" data-dbsrc=\"Ly92aWEzbC5ldS93cC1jb250ZW50L3VwbG9hZHMvMjAyMC8xMi9LYXViYW5kdXNrb2RhLWxpaWttZWxvZ29fRVNUX2xvZ29faG9yaXouanBn\"\/>\n\t\t\t\t\t\t<img data-src=\"\/\/via3l.eu\/wp-content\/uploads\/2025\/12\/ISO_withoutQR-ISO-9001.png\" data-libid=\"17696\" data-lib=\"medialibrary\" alt=\"ISO without QR 9001\" title=\"ISO without QR ISO\" width=\"0\" height=\"0\" data-dbsrc=\"Ly92aWEzbC5ldS93cC1jb250ZW50L3VwbG9hZHMvMjAyNS8xMi9JU09fd2l0aG91dFFSLUlTTy05MDAxLnBuZw==\"\/>\n\t\t\t\t\t\t<img data-src=\"\/\/via3l.eu\/wp-content\/uploads\/2020\/06\/Via3l_freight_logo_original-150x150.png\" data-libid=\"5679\" data-lib=\"medialibrary\" alt=\"Via 3L Freight ekspedeerimine\" title=\"Via3l_freight_logo_original\" width=\"0\" height=\"0\" data-dbsrc=\"Ly92aWEzbC5ldS93cC1jb250ZW50L3VwbG9hZHMvMjAyMC8wNi9WaWEzbF9mcmVpZ2h0X2xvZ29fb3JpZ2luYWwtMTUweDE1MC5wbmc=\"\/>\n\t\t\t\t\t\t<img data-src=\"\/\/via3l.eu\/wp-content\/uploads\/2018\/01\/via3l_logo_400-400.png\" data-libid=\"2687\" data-lib=\"medialibrary\" alt=\"via3l_logistika teenuste \u00fcldtingimused Via 3l o\u00fc logo\" title=\"via3l_logo_400-400\" width=\"0\" height=\"0\" data-dbsrc=\"Ly92aWEzbC5ldS93cC1jb250ZW50L3VwbG9hZHMvMjAxOC8wMS92aWEzbF9sb2dvXzQwMC00MDAucG5n\"\/>\n\t\t\t\t\t<\/image_lists>\n\t\t\t\t<\/sr7-module>\n\t\t\t\t<script>\n\t\t\t\t\tSR7.PMH ??={}; SR7.PMH[\"SR7_74_3\"] = {cn:100,state:false,fn: function() { if (_tpt!==undefined && _tpt.prepareModuleHeight !== undefined) {  _tpt.prepareModuleHeight({id:\"SR7_74_3\",el:[150,150,150,150,300],type:'carousel',shdw:'0',gh:[150,150,150,150,300],gw:[1240,1240,1240,1240,480],vpt:['-200px&#039;,&#039;-200px&#039;,&#039;-200px&#039;,&#039;-200px&#039;,&#039;-200px'],size:{fullWidth:false, fullHeight:false},mh:'0',onh:0,onw:0,bg:{color:'{\"orig\":\"transparent\",\"type\":\"solid\",\"string\":\"transparent\"}'},carousel:{pt:'0',pb:'0'}});   SR7.PMH[\"SR7_74_3\"].state=true;} else if(SR7.PMH[\"SR7_74_3\"].cn-->0)\tsetTimeout( SR7.PMH[\"SR7_74_3\"].fn,19);}};SR7.PMH[\"SR7_74_3\" ].fn();\n\t\t\t\t<\/script>\n[\/vc_column][\/vc_row]<\/p>\n<\/div>","protected":false},"excerpt":{"rendered":"<p>[vc_row][vc_column][vc_raw_js]JTNDJTIxLS0lMjBHb29nbGUlMjB0YWclMjAlMjhndGFnLmpzJTI5JTIwLS0lM0UlMjAlM0NzY3JpcHQlMjBhc3luYyUyMHNyYyUzRCUyMmh0dHBzJTNBJTJGJTJGd3d3Lmdvb2dsZXRhZ21hbmFnZXIuY29tJTJGZ3RhZyUyRmpzJTNGaWQlM0RBVy0xMTM1MTM4ODUyNCUyMiUzRSUzQyUyRnNjcmlwdCUzRSUyMCUzQ3NjcmlwdCUzRSUyMHdpbmRvdy5kYXRhTGF5ZXIlMjAlM0QlMjB3aW5kb3cuZGF0YUxheWVyJTIwJTdDJTdDJTIwJTVCJTVEJTNCJTIwZnVuY3Rpb24lMjBndGFnJTI4JTI5JTdCZGF0YUxheWVyLnB1c2glMjhhcmd1bWVudHMlMjklM0IlN0QlMjBndGFnJTI4JTI3anMlMjclMkMlMjBuZXclMjBEYXRlJTI4JTI5JTI5JTNCJTIwZ3RhZyUyOCUyN2NvbmZpZyUyNyUyQyUyMCUyN0FXLTExMzUxMzg4NTI0JTI3JTI5JTNCJTIwJTNDJTJGc2NyaXB0JTNFJTBB[\/vc_raw_js][\/vc_column][\/vc_row][vc_row equal_height=&#8221;yes&#8221; content_placement=&#8221;middle&#8221;][vc_column width=&#8221;2\/3&#8243; offset=&#8221;vc_hidden-xs&#8221;][vc_custom_heading text=&#8221;3PL LOGISTIKATEENUSED&#8221; font_container=&#8221;tag:h1|text_align:left&#8221; use_theme_fonts=&#8221;yes&#8221; css=&#8221;.vc_custom_1685521242313{padding-top: 0px !important;padding-right: 0px !important;padding-bottom: 0px !important;padding-left: 0px !important;}&#8221;][\/vc_column][vc_column width=&#8221;1\/3&#8243; offset=&#8221;vc_hidden-xs&#8221;][vc_btn title=&#8221;ESITA P\u00c4RING&#8221; shape=&#8221;square&#8221; color=&#8221;green&#8221; size=&#8221;lg&#8221; i_icon_fontawesome=&#8221;stm-arrow-next&#8221; css=&#8221;&#8221; add_icon=&#8221;true&#8221; link=&#8221;url:https%3A%2F%2Fvia3l.eu%2Fet%2Fhinnaparing_laoteenusele%2F|title:K%C3%BCsi%20pakkumist&#8221;][\/vc_column][\/vc_row][vc_row equal_height=&#8221;yes&#8221; content_placement=&#8221;middle&#8221;][vc_column offset=&#8221;vc_hidden-lg vc_hidden-md&#8230;<\/p>\n","protected":false},"author":2,"featured_media":17510,"parent":0,"menu_order":0,"comment_status":"closed","ping_status":"closed","template":"","meta":{"footnotes":""},"class_list":["post-3647","page","type-page","status-publish","has-post-thumbnail","hentry"],"_links":{"self":[{"href":"https:\/\/via3l.eu\/et\/wp-json\/wp\/v2\/pages\/3647","targetHints":{"allow":["GET"]}}],"collection":[{"href":"https:\/\/via3l.eu\/et\/wp-json\/wp\/v2\/pages"}],"about":[{"href":"https:\/\/via3l.eu\/et\/wp-json\/wp\/v2\/types\/page"}],"author":[{"embeddable":true,"href":"https:\/\/via3l.eu\/et\/wp-json\/wp\/v2\/users\/2"}],"replies":[{"embeddable":true,"href":"https:\/\/via3l.eu\/et\/wp-json\/wp\/v2\/comments?post=3647"}],"version-history":[{"count":0,"href":"https:\/\/via3l.eu\/et\/wp-json\/wp\/v2\/pages\/3647\/revisions"}],"wp:featuredmedia":[{"embeddable":true,"href":"https:\/\/via3l.eu\/et\/wp-json\/wp\/v2\/media\/17510"}],"wp:attachment":[{"href":"https:\/\/via3l.eu\/et\/wp-json\/wp\/v2\/media?parent=3647"}],"curies":[{"name":"wp","href":"https:\/\/api.w.org\/{rel}","templated":true}]}}