{"id":4430,"date":"2019-10-29T12:38:27","date_gmt":"2019-10-29T10:38:27","guid":{"rendered":"https:\/\/via3l.eu\/?page_id=4430"},"modified":"2025-03-13T10:35:39","modified_gmt":"2025-03-13T08:35:39","slug":"belgia-transport","status":"publish","type":"page","link":"https:\/\/via3l.eu\/et\/rahvusvaheline-transport\/belgia-transport\/","title":{"rendered":"Belgia"},"content":{"rendered":"<div class=\"wpb-content-wrapper\"><p>[vc_row][vc_column][vc_column_text]<\/p>\n<h2>Belgia veod<\/h2>\n<p>Kui vajate Belgia koormatele usaldusv\u00e4\u00e4rset ja kvaliteetset partnerit, v\u00f5tke \u00fchendust meie <a href=\"https:\/\/via3l.eu\/et\/rahvusvaheline-transport\/rahvusvahelise-transpordi-hinnapakkumine\/\">m\u00fc\u00fcgiosakonnaga<\/a>. Pakume Belgia transporti nii t\u00e4is-, osakoormate, kui ka 45\u2019 HC PW (k\u00f5rgemad ja laiemad) konteinerite, ohtlike kaupade (<a href=\"https:\/\/www.riigiteataja.ee\/akt\/163192\" target=\"_blank\" rel=\"noopener noreferrer nofollow\">ADR<\/a>) ja temperatuuritundlike kaupade vedusid.<\/p>\n<p>[\/vc_column_text][vc_column_text]<\/p>\n<h3>Saame tuttavaks<\/h3>\n<p>Via 3L Freight O\u00dc on s\u00f5ltumatu rahvusvaheline veokorraldaja. Meie meeskond hoolitseb uksest ukseni transporditeenuste eest nii maal, merel kui \u00f5hus.<\/p>\n<p>Meie veokorraldajad organiseerivad igan\u00e4dalaselt sadade veokite, konteinerite ja \u00f5husaadetiste transporti \u00fcle Euroopa ja maailma. Vedude korraldamisel kasutame nii enda kui ka koost\u00f6\u00f6partnerite poolhaagiseid ja konteinereid. Euroopas teostame nii t\u00e4is-, osakoormate, kui 45\u2019 HC PW (k\u00f5rgemad ja laiemad) konteinerite vedu. Samuti pakume ohtlike kaupade (ADR) ja temperatuuritundlike kaupade vedusid, riigisisest transporti uksest ukseni tent- ja termohaagistega.<\/p>\n<p>Regulaarsete v\u00e4ljumistega Balti riikide ja Soome, Rootsi, Norra, Taani, Holland, Belgia, Saksamaa, \u00dchendkuningriigi ja Itaalia vahel v\u00f5ite usaldada oma kaubavood turvaliselt meie k\u00e4tesse. Meie suur ja mitmekesine treileripark v\u00f5imaldab olla paindlikud ja pakkuda Teile vajalikku veoteenust. Lisaks Skandinaavia riikidele, Madalamaadele, L\u00e4\u00e4ne-Euroopa riikidele pakume veoteenuseid ka teiste Euroopa sihtkohadesse hoolikalt v\u00e4ljavalitud partnerite abil.<\/p>\n<p><a href=\"https:\/\/via3l.eu\/et\/rahvusvaheline-transport\/merevedu\/\">Konteiner<\/a>&#8211; ja <a href=\"\/en?page_id=7927\">lennutranspordi<\/a> osakond pakub kaupade vedu k\u00f5ikjalt maailmast. Pakume FCL (t\u00e4iskonteinerid) ja LCL (osakonteinerid) konteinervedusid, kasutades 20\u2019 ja 40\u2019 konteinereid ning Euroopa-siseselt 45\u2019 HC PW (k\u00f5rgemaid ja laiemaid) konteinereid. Tollidokumentide vormistamise ja kauba kindlustamise v\u00f5ite j\u00e4tta meie hoolde.<\/p>\n<p>2022. aastal aitasime enam kui tuhandel kliendil oma kaupa transportida 75 riiki.<\/p>\n<p>[\/vc_column_text][vc_column_text]<\/p>\n<h3>Kontaktid<\/h3>\n<p>Meie meeskond pakub kuluefektiivseid ja k\u00f5rgekvaliteetseid t\u00e4islahendusi teie firma transpordik\u00fcsimustele. Aitame klientidel valida neile k\u00f5ige sobivam lahendus.<br \/>\nVia 3L \u2013 Aitame teie \u00e4ri edule! \u200b[\/vc_column_text][vc_empty_space][\/vc_column][\/vc_row][vc_row equal_height=&#8221;yes&#8221;][vc_column width=&#8221;2\/3&#8243;][vc_column_text]<\/p>\n<p style=\"text-align: center;\">L\u00e4\u00e4ne-Euroopa<\/p>\n<p>[\/vc_column_text][vc_empty_space][vc_column_text]<\/p>\n<p style=\"text-align: center;\">Madalmaade transport &#8211;\u00a0 sihtkohad:<\/p>\n<p style=\"text-align: center;\">Austria, Belgia, Hispaania, Holland, Inglismaa, Itaalia, Luxemburg, Prantsusmaa, Saksamaa<\/p>\n<p>\u00a0[\/vc_column_text]<div class=\"ult-team-member-wrap ult-style-1   vc_custom_1599835609699\"><div class=\"ult-team-member-image\" style=\"\"> <img decoding=\"async\" class=\"ult-team-grayscale\" src=\"\" alt=\"\"  style=\"\"><span class=\"ult-team-member-image-overlay \"  ><\/span><\/div><div class=\"ult-team-member-bio-wrap style-1 ultimate-heading69e22863c1bdd\" style=\"text-align:left;; \"><div class=\"ult-team-member-name-wrap\"><h2 class=\"ult-team-member-name ult-responsive\"  data-ultimate-target='.ult-team-member-bio-wrap.ultimate-heading69e22863c1bdd .ult-team-member-name'  data-responsive-json-new='{\"font-size\":\"\",\"line-height\":\"\"}'  style=\"\"><\/h2><div class=\"ult-team-member-description ult-responsive\"  data-ultimate-target='.ult-team-member-bio-wrap.ultimate-heading69e22863c1bdd .ult-team-member-description'  data-responsive-json-new='{\"font-size\":\"\",\"line-height\":\"\"}'  style=\"\"><p>[show-team orderby=&#8217;title&#8217; limit=&#8217;4&#8242; pagination=&#8217;true&#8217; exclude=&#8217;6059&#8242; category=&#8217;saksa&#8217; layout=&#8217;grid&#8217; style=&#8217;,text-center,img-left,1-column&#8217; display=&#8217;name,smallicons,position,email,telephone&#8217; img=&#8217;160,160&#8242;]<\/p>\n<p><\/p><\/div><div style=\"margin-bottom:15px\"><\/div><\/div><\/div><\/div>[\/vc_column][vc_column width=&#8221;1\/3&#8243;][vc_row_inner css=&#8221;.vc_custom_1572258101504{margin-top: 20px !important;}&#8221;][vc_column_inner][vc_single_image image=&#8221;4097&#8243; img_size=&#8221;large&#8221;][vc_empty_space][vc_btn title=&#8221;K\u00fcsi pakkkumist&#8221; color=&#8221;success&#8221; size=&#8221;lg&#8221; align=&#8221;center&#8221; i_icon_fontawesome=&#8221;fa fa-truck&#8221; button_block=&#8221;true&#8221; add_icon=&#8221;true&#8221; link=&#8221;url:https%3A%2F%2Fvia3l.eu%2Fet%2Frahvusvaheline-transport%2Fkusi-pakkumist%2F|title:K%C3%BCsi%20pakkkumist|&#8221; css=&#8221;.vc_custom_1572341889673{border-top-width: 20px !important;border-bottom-width: 20px !important;}&#8221;][vc_btn title=&#8221;E-tellimiskeskus&#8221; color=&#8221;primary&#8221; size=&#8221;lg&#8221; align=&#8221;center&#8221; i_icon_fontawesome=&#8221;fa fa-truck&#8221; button_block=&#8221;true&#8221; add_icon=&#8221;true&#8221; link=&#8221;url:http%3A%2F%2Fextranet.xsped.net%2Fvia3l.eu|&#8221; css=&#8221;.vc_custom_1572344272609{border-top-width: 20px !important;border-bottom-width: 20px !important;}&#8221;][vc_column_text]<a href=\"\/en?page_id=4548\">E-tellimiskeskkonda kasutajaks registreerimine<\/a><\/p>\n<p>[\/vc_column_text][\/vc_column_inner][\/vc_row_inner][\/vc_column][\/vc_row][vc_row full_width=&#8221;stretch_row&#8221; content_placement=&#8221;middle&#8221;][vc_column][vc_custom_heading text=&#8221;T\u00c4ISKOORMATE TRANSPORT VASTAVALT GRAAFIKULE&#8221; font_container=&#8221;tag:h2|text_align:center&#8221; use_theme_fonts=&#8221;yes&#8221;][vc_single_image image=&#8221;4330&#8243; img_size=&#8221;large&#8221; alignment=&#8221;center&#8221;][\/vc_column][\/vc_row][vc_row full_width=&#8221;stretch_row&#8221; content_placement=&#8221;middle&#8221;][vc_column][vc_custom_heading text=&#8221;OSAKOORMATE TRANSPORT VASTAVALT GRAAFIKULE&#8221; font_container=&#8221;tag:h2|text_align:center&#8221; use_theme_fonts=&#8221;yes&#8221;][vc_single_image image=&#8221;4351&#8243; img_size=&#8221;large&#8221; alignment=&#8221;center&#8221;][\/vc_column][\/vc_row]<\/p>\n<\/div>","protected":false},"excerpt":{"rendered":"<p>[vc_row][vc_column][vc_column_text] Belgia veod Kui vajate Belgia koormatele usaldusv\u00e4\u00e4rset ja kvaliteetset partnerit, v\u00f5tke \u00fchendust meie m\u00fc\u00fcgiosakonnaga. Pakume Belgia transporti nii t\u00e4is-, osakoormate, kui ka 45\u2019 HC PW (k\u00f5rgemad ja laiemad) konteinerite, ohtlike kaupade (ADR)&#8230;<\/p>\n","protected":false},"author":2,"featured_media":0,"parent":3344,"menu_order":5,"comment_status":"closed","ping_status":"closed","template":"","meta":{"footnotes":""},"class_list":["post-4430","page","type-page","status-publish","hentry"],"_links":{"self":[{"href":"https:\/\/via3l.eu\/et\/wp-json\/wp\/v2\/pages\/4430","targetHints":{"allow":["GET"]}}],"collection":[{"href":"https:\/\/via3l.eu\/et\/wp-json\/wp\/v2\/pages"}],"about":[{"href":"https:\/\/via3l.eu\/et\/wp-json\/wp\/v2\/types\/page"}],"author":[{"embeddable":true,"href":"https:\/\/via3l.eu\/et\/wp-json\/wp\/v2\/users\/2"}],"replies":[{"embeddable":true,"href":"https:\/\/via3l.eu\/et\/wp-json\/wp\/v2\/comments?post=4430"}],"version-history":[{"count":0,"href":"https:\/\/via3l.eu\/et\/wp-json\/wp\/v2\/pages\/4430\/revisions"}],"up":[{"embeddable":true,"href":"https:\/\/via3l.eu\/et\/wp-json\/wp\/v2\/pages\/3344"}],"wp:attachment":[{"href":"https:\/\/via3l.eu\/et\/wp-json\/wp\/v2\/media?parent=4430"}],"curies":[{"name":"wp","href":"https:\/\/api.w.org\/{rel}","templated":true}]}}