{"id":4472,"date":"2019-10-29T14:39:16","date_gmt":"2019-10-29T12:39:16","guid":{"rendered":"https:\/\/via3l.eu\/rahvusvaheline-transport\/eesti-lati-leedu-transport\/"},"modified":"2025-03-13T10:36:16","modified_gmt":"2025-03-13T08:36:16","slug":"lati-transport","status":"publish","type":"page","link":"https:\/\/via3l.eu\/et\/rahvusvaheline-transport\/lati-transport\/","title":{"rendered":"L\u00e4ti"},"content":{"rendered":"<div class=\"wpb-content-wrapper\"><p>[vc_row gap=&#8221;10&#8243; equal_height=&#8221;yes&#8221;][vc_column][vc_column_text]<\/p>\n<h2>Eesti-L\u00e4ti-Eesti rahvusvahelise transpordi teenused<\/h2>\n<p>L\u00e4ti transport on meie p\u00f5hi\u00e4ri. V\u00e4ljumised l\u00f5unanaabrite suunas ja tagasi toimuvad t\u00e4iskoormatele iga p\u00e4ev ning osakoormatele vastavalt graafikule.<\/p>\n<p>Kui Sul on vaja kaupu L\u00e4tti viia v\u00f5i Eestisse tuua, oled sattunud just \u00f5igesse kohta.<\/p>\n<p>Tegutseme logistikaga Baltikumis ja kaupade ekspedeerimisega Euroopas alates aastast 2001. Meie ekspediitorid korraldavad sadade veokite transporti \u00fcle Euroopa. Via 3L opereerib kaupade k\u00e4itlemist 72000 ruutmeetril oma Baltikumi ladudes, mis annab meile selge konkurentsieelise siin turul.<\/p>\n<p>[\/vc_column_text][\/vc_column][\/vc_row][vc_row][vc_column width=&#8221;2\/3&#8243;][vc_custom_heading text=&#8221;VEOKORRALDAJA&#8221; font_container=&#8221;tag:h2|text_align:center&#8221; use_theme_fonts=&#8221;yes&#8221; css=&#8221;.vc_custom_1600156127244{background-image: url(https:\/\/mlpeimtmgped.i.optimole.com\/w:auto\/h:auto\/q:mauto\/ig:avif\/https:\/\/via3l.eu\/wp-content\/uploads\/2015\/10\/sinine-taust-via3l.png?id=2823) !important;}&#8221;]<div class=\"ult-team-member-wrap ult-style-1  \"><div class=\"ult-team-member-image\" style=\"\"> <img decoding=\"async\" class=\"ult-team-grayscale\" src=\"\" alt=\"\"  style=\"\"><span class=\"ult-team-member-image-overlay \"  ><\/span><\/div><div class=\"ult-team-member-bio-wrap style-1 ultimate-heading69e5ff2771839\" style=\"text-align:center;; \"><div class=\"ult-team-member-name-wrap\"><h2 class=\"ult-team-member-name ult-responsive\"  data-ultimate-target='.ult-team-member-bio-wrap.ultimate-heading69e5ff2771839 .ult-team-member-name'  data-responsive-json-new='{\"font-size\":\"\",\"line-height\":\"\"}'  style=\"\"><\/h2><div class=\"ult-team-member-description ult-responsive\"  data-ultimate-target='.ult-team-member-bio-wrap.ultimate-heading69e5ff2771839 .ult-team-member-description'  data-responsive-json-new='{\"font-size\":\"\",\"line-height\":\"\"}'  style=\"\"><p>[show-team orderby=&#8217;title&#8217; limit=&#8217;4&#8242; pagination=&#8217;true&#8217; ids=&#8217;3449&#8242; category=&#8217;lati&#8217; layout=&#8217;grid&#8217; style=&#8217;,text-center,img-left,1-column&#8217; display=&#8217;name,smallicons,email,telephone&#8217; img=&#8217;160,160&#8242;]<\/p><\/div><div style=\"margin-bottom:15px\"><\/div><\/div><\/div><\/div>[\/vc_column][vc_column width=&#8221;1\/3&#8243;][vc_single_image image=&#8221;4097&#8243; img_size=&#8221;large&#8221; alignment=&#8221;center&#8221;][vc_empty_space][vc_btn title=&#8221;K\u00fcsi pakkkumist&#8221; color=&#8221;success&#8221; size=&#8221;lg&#8221; align=&#8221;center&#8221; i_icon_fontawesome=&#8221;fa fa-truck&#8221; button_block=&#8221;true&#8221; add_icon=&#8221;true&#8221; link=&#8221;url:https%3A%2F%2Fvia3l.eu%2Fet%2Frahvusvaheline-transport%2Fkusi-pakkumist%2F|title:K%C3%BCsi%20pakkkumist|&#8221; css=&#8221;.vc_custom_1572341965441{border-top-width: 20px !important;border-bottom-width: 20px !important;}&#8221;][vc_btn title=&#8221;E-tellimiskeskus&#8221; color=&#8221;primary&#8221; size=&#8221;lg&#8221; align=&#8221;center&#8221; i_icon_fontawesome=&#8221;fa fa-truck&#8221; button_block=&#8221;true&#8221; add_icon=&#8221;true&#8221; link=&#8221;url:http%3A%2F%2Fextranet.xsped.net%2Fvia3l.eu|&#8221; css=&#8221;.vc_custom_1572424039877{border-top-width: 20px !important;border-bottom-width: 20px !important;}&#8221;][vc_column_text]<a href=\"\/en?page_id=4548\">E-tellimiskeskkonda kasutajaks registreerimine<\/a><\/p>\n<p>[\/vc_column_text][\/vc_column][\/vc_row][vc_row][vc_column][vc_custom_heading text=&#8221;T\u00c4IS- JA OSAKOORMATE TRANSPORT VASTAVALT GRAAFIKULE&#8221; font_container=&#8221;tag:h2|text_align:center&#8221; use_theme_fonts=&#8221;yes&#8221;][vc_single_image image=&#8221;4330&#8243; img_size=&#8221;large&#8221; alignment=&#8221;center&#8221;][\/vc_column][\/vc_row][vc_row full_width=&#8221;stretch_row&#8221;][vc_column][vc_empty_space][vc_raw_html]JTVCcHV0X3dwZ20lMjBpZCUzRDYlNUQ=[\/vc_raw_html][\/vc_column][\/vc_row]<\/p>\n<\/div>","protected":false},"excerpt":{"rendered":"<p>[vc_row gap=&#8221;10&#8243; equal_height=&#8221;yes&#8221;][vc_column][vc_column_text] Eesti-L\u00e4ti-Eesti rahvusvahelise transpordi teenused L\u00e4ti transport on meie p\u00f5hi\u00e4ri. V\u00e4ljumised l\u00f5unanaabrite suunas ja tagasi toimuvad t\u00e4iskoormatele iga p\u00e4ev ning osakoormatele vastavalt graafikule. Kui Sul on vaja kaupu L\u00e4tti viia v\u00f5i&#8230;<\/p>\n","protected":false},"author":2,"featured_media":0,"parent":3344,"menu_order":6,"comment_status":"closed","ping_status":"closed","template":"","meta":{"footnotes":""},"class_list":["post-4472","page","type-page","status-publish","hentry"],"_links":{"self":[{"href":"https:\/\/via3l.eu\/et\/wp-json\/wp\/v2\/pages\/4472","targetHints":{"allow":["GET"]}}],"collection":[{"href":"https:\/\/via3l.eu\/et\/wp-json\/wp\/v2\/pages"}],"about":[{"href":"https:\/\/via3l.eu\/et\/wp-json\/wp\/v2\/types\/page"}],"author":[{"embeddable":true,"href":"https:\/\/via3l.eu\/et\/wp-json\/wp\/v2\/users\/2"}],"replies":[{"embeddable":true,"href":"https:\/\/via3l.eu\/et\/wp-json\/wp\/v2\/comments?post=4472"}],"version-history":[{"count":0,"href":"https:\/\/via3l.eu\/et\/wp-json\/wp\/v2\/pages\/4472\/revisions"}],"up":[{"embeddable":true,"href":"https:\/\/via3l.eu\/et\/wp-json\/wp\/v2\/pages\/3344"}],"wp:attachment":[{"href":"https:\/\/via3l.eu\/et\/wp-json\/wp\/v2\/media?parent=4472"}],"curies":[{"name":"wp","href":"https:\/\/api.w.org\/{rel}","templated":true}]}}