{"id":4758,"date":"2023-02-01T17:15:03","date_gmt":"2023-02-01T15:15:03","guid":{"rendered":"https:\/\/via3l.eu\/?page_id=4758"},"modified":"2025-06-03T16:27:32","modified_gmt":"2025-06-03T13:27:32","slug":"laoteenused_ja_tellimuste_kasitlemine","status":"publish","type":"page","link":"https:\/\/via3l.eu\/et\/laoteenused_ja_tellimuste_kasitlemine\/","title":{"rendered":"Laoteenused ja tellimuste k\u00e4sitlemine"},"content":{"rendered":"<div class=\"wpb-content-wrapper\"><p>[vc_row][vc_column][vc_raw_js]JTNDJTIxLS0lMjBHb29nbGUlMjB0YWclMjAlMjhndGFnLmpzJTI5JTIwLS0lM0UlMjAlM0NzY3JpcHQlMjBhc3luYyUyMHNyYyUzRCUyMmh0dHBzJTNBJTJGJTJGd3d3Lmdvb2dsZXRhZ21hbmFnZXIuY29tJTJGZ3RhZyUyRmpzJTNGaWQlM0RBVy0xMTM1MTM4ODUyNCUyMiUzRSUzQyUyRnNjcmlwdCUzRSUyMCUzQ3NjcmlwdCUzRSUyMHdpbmRvdy5kYXRhTGF5ZXIlMjAlM0QlMjB3aW5kb3cuZGF0YUxheWVyJTIwJTdDJTdDJTIwJTVCJTVEJTNCJTIwZnVuY3Rpb24lMjBndGFnJTI4JTI5JTdCZGF0YUxheWVyLnB1c2glMjhhcmd1bWVudHMlMjklM0IlN0QlMjBndGFnJTI4JTI3anMlMjclMkMlMjBuZXclMjBEYXRlJTI4JTI5JTI5JTNCJTIwZ3RhZyUyOCUyN2NvbmZpZyUyNyUyQyUyMCUyN0FXLTExMzUxMzg4NTI0JTI3JTI5JTNCJTIwJTNDJTJGc2NyaXB0JTNFJTBB[\/vc_raw_js][\/vc_column][\/vc_row][vc_row equal_height=&#8221;yes&#8221; content_placement=&#8221;middle&#8221;][vc_column width=&#8221;2\/3&#8243; alignment=&#8221;center&#8221;][vc_custom_heading text=&#8221;LAOTEENUSED JA TELLIMUSTE K\u00c4SITLEMINE&#8221; font_container=&#8221;tag:h1|text_align:left&#8221; use_theme_fonts=&#8221;yes&#8221;][\/vc_column][vc_column width=&#8221;1\/3&#8243; alignment=&#8221;center&#8221;]<div class=\" ubtn-ctn-center \"><a class=\"ubtn-link ult-adjust-bottom-margin ubtn-center ubtn-block \" href=\"https:\/\/via3l.eu\/et\/hinnaparing_laoteenusele\/\" title=\"Hinnap\u00e4ring laoteenusele\" ><button type=\"button\" id=\"ubtn-3895\"  class=\"ubtn ult-adjust-bottom-margin ult-responsive ubtn-block ubtn-no-hover-bg  none  ubtn-sep-icon ubtn-sep-icon-at-left  ubtn-center   tooltip-69e747fc1d945 ubtn-block\"  data-hover=\"\" data-border-color=\"\" data-bg=\"#6DAB3C\" data-hover-bg=\"#113C63\" data-border-hover=\"\" data-shadow-hover=\"\" data-shadow-click=\"none\" data-shadow=\"\" data-shd-shadow=\"\"  data-ultimate-target='#ubtn-3895'  data-responsive-json-new='{\"font-size\":\"mobile:24px;\",\"line-height\":\"\"}'  style=\"font-family:&#039;Montserrat&#039;;font-weight:bold;border:none;background: #6DAB3C;color: #FFFFFF;\"><span class=\"ubtn-data ubtn-icon\"><i class=\"Defaults-arrow-right\" style=\"font-size:32px;color:;\"><\/i><\/span><span class=\"ubtn-hover\" style=\"background-color:#113C63\"><\/span><span class=\"ubtn-data ubtn-text \" >ESITA P\u00c4RING<\/span><\/button><\/a><\/div>[\/vc_column][\/vc_row][vc_row][vc_column]<div class=\"ult-spacer spacer-69e747fc1d9a3\" data-id=\"69e747fc1d9a3\" data-height=\"10\" data-height-mobile=\"10\" data-height-tab=\"10\" data-height-tab-portrait=\"\" data-height-mobile-landscape=\"\" style=\"clear:both;display:block;\"><\/div>[vc_column_text]Pakume spetsiifilisi logistika lahendusi ja oleme abiks, kui teil on vaja lisaressurssi. Meie pakutavate teenuste hulka kuuluvad ka laoteenused, komplekteerimine, tellimuste v\u00e4ljastamine ja toodete ohutu pakkimine ning \u00f5igeaegne sihtkohta tarnimine.<\/p>\n<p>Meie aastatepikkune kogemus ja investeeringud tehnoloogiasse v\u00f5imaldavad t\u00e4pset ja kiiret tellimuste k\u00e4sitlemist.<\/p>\n<p>Teie kaupasid ladustatakse turvaliselt kokkulepitud tingimustes tava-, aktsiisi- v\u00f5i tollilaos. Meil on kokku 95 000 ruutmeetrit laopinda Tallinnas, Riias, Vilniuses ja Kaunases, mis k\u00f5ik paiknevad h\u00e4sti ligip\u00e4\u00e4setavates asukohtades ning moodsates valves\u00fcsteemidega hoonetes. Meie ladudes on hoiustamiseks mitmeid erinevaid lahendusi: v\u00e4ikekaubariiulid, kaubaaluseriiulid, s\u00fcgavlaadimisriiulid, konsoolriiulid ja vahep\u00f5randad.<\/p>\n<p>EAN-i sk\u00e4nnertehnoloogia koos kohandatud AX WMS-s\u00fcsteemiga v\u00f5imaldab kiireid ja t\u00e4pseid kauba vastuv\u00f5tu ning v\u00e4ljastus toiminguid. Lisaks j\u00e4lgitakse k\u00f5iki f\u00fc\u00fcsilisi tehinguid sisemise videovalve kaudu.<\/p>\n<p><a href=\"https:\/\/wiki.erply.com\/et\/article\/1433-edi-basics\" target=\"_blank\" rel=\"noopener noreferrer nofollow\">EDI integratsioon<\/a> tagab teie kaupade liikumisele t\u00e4ieliku n\u00e4htavuse ja 100%-lise j\u00e4lgitavuse tarnijatest kuni klientideni. Baltikumis on olemas ka integratsioon peamiste FMCG esmatarbekaupade v\u00f5tmeklientidega.[\/vc_column_text][vc_row_inner][vc_column_inner][vc_custom_heading text=&#8221;SISSETULEK &#8211; KAUPADE VASTUV\u00d5TMINE&#8221; use_theme_fonts=&#8221;yes&#8221;][vc_column_text]Kaupade vastuv\u00f5tmine algab saabunud kauba mahalaadimisest, millele j\u00e4rgneb f\u00fc\u00fcsiline kauba koguse ja visuaalne kvaliteedi kontroll. K\u00f5ik saabuvad kaubad on hilisema liikumise j\u00e4lgimiseks t\u00e4histatud unikaalse kaubaaluse ID-ga. Lisaks registreeritakse kanded laohalduss\u00fcsteemis ja tooted kantakse \u00fcle ettem\u00e4\u00e4ratud riiuli- v\u00f5i alusekohtadele. Vastuv\u00f5etud koguse v\u00f5i kvaliteedi k\u00f5rvalekalded registreeritakse ja edastatakse eelnevalt kindlaksm\u00e4\u00e4ratud kanalite kaudu.<\/p>\n<p>Meie protsessid v\u00f5imaldavad partiip\u00f5hist laoseisu juhtimist inventuuri ja liikumiste j\u00e4lgimist. Korrektne laoseis on tagatud igap\u00e4evaste inventuuride l\u00e4biviimiste ning saldo korrigeerimistega.[\/vc_column_text][vc_empty_space]\n\t\t\t\t<p class=\"rs-p-wp-fix\"><\/p>\n\t\t\t\t<sr7-module data-alias=\"inbound-scanner\" data-id=\"61\" id=\"SR7_61_1\" class=\"rs-ov-hidden\" data-version=\"6.7.34\">\n\t\t\t\t\t<sr7-adjuster><\/sr7-adjuster>\n\t\t\t\t\t<sr7-content>\n\t\t\t\t\t\t<sr7-slide id=\"SR7_61_1-102\" data-key=\"102\">\n\t\t\t\t\t\t<\/sr7-slide>\n\t\t\t\t\t\t<sr7-slide id=\"SR7_61_1-200\" data-key=\"200\">\n\t\t\t\t\t\t<\/sr7-slide>\n\t\t\t\t\t<\/sr7-content>\n\t\t\t\t\t<image_lists style=\"display:none\">\n\t\t\t\t\t\t<img decoding=async data-opt-id=127910605  fetchpriority=\"high\" data-src=\"https:\/\/mlpeimtmgped.i.optimole.com\/w:auto\/h:auto\/q:mauto\/ig:avif\/https:\/\/via3l.eu\/wp-content\/uploads\/2023\/06\/kaupokalda-com-DJI_20230612133446_0198_warehousing-services-scaled.jpg\" data-libid=\"10898\" data-lib=\"medialibrary\" alt=\"pallet lifting Via 3L warehousing\" title=\"pallet lifting Via 3L\" width=\"0\" height=\"0\" data-dbsrc=\"Ly92aWEzbC5ldS93cC1jb250ZW50L3VwbG9hZHMvMjAyMy8wNi9rYXVwb2thbGRhLWNvbS1ESklfMjAyMzA2MTIxMzM0NDZfMDE5OF93YXJlaG91c2luZy1zZXJ2aWNlcy1zY2FsZWQuanBn\"\/>\n\t\t\t\t\t<\/image_lists>\n\t\t\t\t<\/sr7-module>\n\t\t\t\t<script>\n\t\t\t\t\tSR7.PMH ??={}; SR7.PMH[\"SR7_61_1\"] = {cn:100,state:false,fn: function() { if (_tpt!==undefined && _tpt.prepareModuleHeight !== undefined) {  _tpt.prepareModuleHeight({id:\"SR7_61_1\",el:[600,600,600,600,480],type:'standard',shdw:'0',gh:[600,600,600,600,480],gw:[1240,1240,1240,1240,480],vpt:['-200px&#039;,&#039;-200px&#039;,&#039;-200px&#039;,&#039;-200px&#039;,&#039;-200px'],size:{fullWidth:false, fullHeight:false},mh:'0',onh:0,onw:0,bg:{color:'{\"orig\":\"transparent\",\"type\":\"solid\",\"string\":\"transparent\"}'},plType:'0',plColor:'#FFFFFF'});   SR7.PMH[\"SR7_61_1\"].state=true;} else if(SR7.PMH[\"SR7_61_1\"].cn-->0)\tsetTimeout( SR7.PMH[\"SR7_61_1\"].fn,19);}};SR7.PMH[\"SR7_61_1\" ].fn();\n\t\t\t\t<\/script>\n[\/vc_column_inner][\/vc_row_inner][\/vc_column][\/vc_row][vc_row][vc_column][vc_custom_heading text=&#8221;V\u00c4LJASTUS &#8211; TELLIMUSTE T\u00c4ITMINE JA KLIENDITEENINDUS&#8221; use_theme_fonts=&#8221;yes&#8221;][vc_column_text]Nii teil kui ka teie klientidel on v\u00f5imalus saata tellimusi otse meie s\u00fcsteemi v\u00f5i esitada need meile l\u00e4bi <a href=\"https:\/\/via3l.eu\/et\/via-3l-kontakt\/\">klienditeeninduse<\/a>. Meie komplekteerime ja pakime kaubad ning saadame need kokkulepitud tarnep\u00e4evadel klientidele.<\/p>\n<p>Meie laohalduss\u00fcsteem v\u00f5imaldab kaupade v\u00e4ljastamist vastavalt teie kliendi soovidele j\u00e4rgnevate meetodite abil: FEFO (tooteid m\u00fc\u00fcakse nende aegumise j\u00e4rjekorras), FIFO (tooteid m\u00fc\u00fcakse nende soetamise j\u00e4rjekorras) v\u00f5i LIFO (tooteid m\u00fc\u00fcakse nende saabumisele vastupidises j\u00e4rjekorras).<\/p>\n<p><strong>See ei ole lihtsalt kohaletoimetamine! <\/strong>Meie jaoks on \u00e4\u00e4rmiselt oluline, kuidas teie klientide tellimusi k\u00e4ideldakse ja et need j\u00f5uaks kokkulepitud ajal kliendini. Hindame k\u00f5rgelt teenuse kvaliteeti ja sellep\u00e4rast oleme kehtestanud m\u00f5\u00f5dikud, mida pidevalt hindame nii enda kui ka oma allhankijate puhul. Positiivse kliendikogemuse pakkumiseks investeerime pidevalt ka oma klienditeenindusse, et tekkinud probleemid saaksid operatiivselt ja professionaalselt lahendatud.[\/vc_column_text][vc_empty_space]\n\t\t\t\t<p class=\"rs-p-wp-fix\"><\/p>\n\t\t\t\t<sr7-module data-alias=\"Oubound-order-fullfillment\" data-id=\"63\" id=\"SR7_63_2\" class=\"rs-ov-hidden\" data-version=\"6.7.34\">\n\t\t\t\t\t<sr7-adjuster><\/sr7-adjuster>\n\t\t\t\t\t<sr7-content>\n\t\t\t\t\t\t<sr7-slide id=\"SR7_63_2-104\" data-key=\"104\">\n\t\t\t\t\t\t<\/sr7-slide>\n\t\t\t\t\t\t<sr7-slide id=\"SR7_63_2-202\" data-key=\"202\">\n\t\t\t\t\t\t<\/sr7-slide>\n\t\t\t\t\t<\/sr7-content>\n\t\t\t\t\t<image_lists style=\"display:none\">\n\t\t\t\t\t\t<img decoding=async data-opt-id=12285042  fetchpriority=\"high\" data-src=\"https:\/\/mlpeimtmgped.i.optimole.com\/w:auto\/h:auto\/q:mauto\/ig:avif\/https:\/\/via3l.eu\/wp-content\/uploads\/2023\/06\/kaupokalda-com-DJI_20230612133533_0205_order-fullfillment-scaled.jpg\" data-libid=\"10902\" data-lib=\"medialibrary\" alt=\"pallet lifting Via 3L warehousing\" title=\"pallet lifting Via 3L\" width=\"0\" height=\"0\" data-dbsrc=\"Ly92aWEzbC5ldS93cC1jb250ZW50L3VwbG9hZHMvMjAyMy8wNi9rYXVwb2thbGRhLWNvbS1ESklfMjAyMzA2MTIxMzM1MzNfMDIwNV9vcmRlci1mdWxsZmlsbG1lbnQtc2NhbGVkLmpwZw==\"\/>\n\t\t\t\t\t\t<img decoding=async data-opt-id=61854689  fetchpriority=\"high\" data-src=\"https:\/\/mlpeimtmgped.i.optimole.com\/w:auto\/h:auto\/q:mauto\/ig:avif\/https:\/\/via3l.eu\/wp-content\/uploads\/2023\/06\/kaupokalda-com-DJI_20230612140552_0269_order-fullfillment-scaled.jpg\" data-libid=\"10906\" data-lib=\"medialibrary\" alt=\"dispatch area Estonia warehousing\" title=\"dispatch area Estonia\" width=\"0\" height=\"0\" data-dbsrc=\"Ly92aWEzbC5ldS93cC1jb250ZW50L3VwbG9hZHMvMjAyMy8wNi9rYXVwb2thbGRhLWNvbS1ESklfMjAyMzA2MTIxNDA1NTJfMDI2OV9vcmRlci1mdWxsZmlsbG1lbnQtc2NhbGVkLmpwZw==\"\/>\n\t\t\t\t\t<\/image_lists>\n\t\t\t\t<\/sr7-module>\n\t\t\t\t<script>\n\t\t\t\t\tSR7.PMH ??={}; SR7.PMH[\"SR7_63_2\"] = {cn:100,state:false,fn: function() { if (_tpt!==undefined && _tpt.prepareModuleHeight !== undefined) {  _tpt.prepareModuleHeight({id:\"SR7_63_2\",el:[600,600,600,600,480],type:'standard',shdw:'0',gh:[600,600,600,600,480],gw:[1240,1240,1240,1240,480],vpt:['-200px&#039;,&#039;-200px&#039;,&#039;-200px&#039;,&#039;-200px&#039;,&#039;-200px'],size:{fullWidth:false, fullHeight:false},mh:'0',onh:0,onw:0,bg:{color:'{\"orig\":\"transparent\",\"type\":\"solid\",\"string\":\"transparent\"}'},plType:'0',plColor:'#FFFFFF'});   SR7.PMH[\"SR7_63_2\"].state=true;} else if(SR7.PMH[\"SR7_63_2\"].cn-->0)\tsetTimeout( SR7.PMH[\"SR7_63_2\"].fn,19);}};SR7.PMH[\"SR7_63_2\" ].fn();\n\t\t\t\t<\/script>\n[\/vc_column][\/vc_row][vc_row][vc_column][vc_empty_space]\n\t\t\t\t<p class=\"rs-p-wp-fix\"><\/p>\n\t\t\t\t<sr7-module data-alias=\"about-us-slider-iso-14001-22000-9001\" data-id=\"74\" id=\"SR7_74_3\" class=\"rs-ov-hidden\" data-version=\"6.7.34\">\n\t\t\t\t\t<sr7-adjuster><\/sr7-adjuster>\n\t\t\t\t\t<sr7-content>\n\t\t\t\t\t\t<sr7-carousel>\n\t\t\t\t\t\t<sr7-slide id=\"SR7_74_3-123\" data-key=\"123\">\n\t\t\t\t\t\t<\/sr7-slide>\n\t\t\t\t\t\t<sr7-slide id=\"SR7_74_3-213\" data-key=\"213\">\n\t\t\t\t\t\t<\/sr7-slide>\n\t\t\t\t\t\t<\/sr7-carousel>\n\t\t\t\t\t<\/sr7-content>\n\t\t\t\t\t<image_lists style=\"display:none\">\n\t\t\t\t\t\t<img decoding=async data-opt-id=212482230  fetchpriority=\"high\" data-src=\"https:\/\/mlpeimtmgped.i.optimole.com\/w:auto\/h:auto\/q:mauto\/ig:avif\/https:\/\/via3l.eu\/wp-content\/uploads\/2021\/05\/KTK.png\" data-libid=\"8719\" data-lib=\"medialibrary\" alt=\"KTK\" title=\"KTK\" width=\"0\" height=\"0\" data-dbsrc=\"Ly92aWEzbC5ldS93cC1jb250ZW50L3VwbG9hZHMvMjAyMS8wNS9LVEsucG5n\"\/>\n\t\t\t\t\t\t<img decoding=async data-opt-id=80147785  fetchpriority=\"high\" data-src=\"https:\/\/mlpeimtmgped.i.optimole.com\/w:auto\/h:auto\/q:mauto\/ig:avif\/https:\/\/via3l.eu\/wp-content\/uploads\/2025\/10\/22000-metrosert-logo.png\" data-libid=\"17442\" data-lib=\"medialibrary\" alt=\"metrosert logo\" title=\"metrosert logo\" width=\"0\" height=\"0\" data-dbsrc=\"Ly92aWEzbC5ldS93cC1jb250ZW50L3VwbG9hZHMvMjAyNS8xMC8yMjAwMC1tZXRyb3NlcnQtbG9nby5wbmc=\"\/>\n\t\t\t\t\t\t<img decoding=async data-opt-id=1905513159  fetchpriority=\"high\" data-src=\"https:\/\/mlpeimtmgped.i.optimole.com\/w:auto\/h:auto\/q:mauto\/ig:avif\/https:\/\/via3l.eu\/wp-content\/uploads\/2020\/12\/Kaubanduskoda-liikmelogo_EST_logo_horiz.jpg\" data-libid=\"10596\" data-lib=\"medialibrary\" alt=\"Kaubanduskoda liikmelogo EST logo horiz via 3l\" title=\"Kaubanduskoda liikmelogo EST logo horiz\" width=\"0\" height=\"0\" data-dbsrc=\"Ly92aWEzbC5ldS93cC1jb250ZW50L3VwbG9hZHMvMjAyMC8xMi9LYXViYW5kdXNrb2RhLWxpaWttZWxvZ29fRVNUX2xvZ29faG9yaXouanBn\"\/>\n\t\t\t\t\t\t<img decoding=async data-opt-id=61978165  fetchpriority=\"high\" data-src=\"https:\/\/mlpeimtmgped.i.optimole.com\/w:auto\/h:auto\/q:mauto\/ig:avif\/https:\/\/via3l.eu\/wp-content\/uploads\/2025\/12\/ISO_withoutQR-ISO-9001.png\" data-libid=\"17696\" data-lib=\"medialibrary\" alt=\"ISO without QR 9001\" title=\"ISO without QR ISO\" width=\"0\" height=\"0\" data-dbsrc=\"Ly92aWEzbC5ldS93cC1jb250ZW50L3VwbG9hZHMvMjAyNS8xMi9JU09fd2l0aG91dFFSLUlTTy05MDAxLnBuZw==\"\/>\n\t\t\t\t\t\t<img decoding=async data-opt-id=745910895  fetchpriority=\"high\" data-src=\"https:\/\/mlpeimtmgped.i.optimole.com\/w:150\/h:150\/q:mauto\/rt:fill\/g:ce\/ig:avif\/https:\/\/via3l.eu\/wp-content\/uploads\/2020\/06\/Via3l_freight_logo_original.png\" data-libid=\"5679\" data-lib=\"medialibrary\" alt=\"Via 3L Freight ekspedeerimine\" title=\"Via3l_freight_logo_original\" width=\"0\" height=\"0\" data-dbsrc=\"Ly92aWEzbC5ldS93cC1jb250ZW50L3VwbG9hZHMvMjAyMC8wNi9WaWEzbF9mcmVpZ2h0X2xvZ29fb3JpZ2luYWwtMTUweDE1MC5wbmc=\"\/>\n\t\t\t\t\t\t<img decoding=async data-opt-id=104197187  fetchpriority=\"high\" data-src=\"https:\/\/mlpeimtmgped.i.optimole.com\/w:auto\/h:auto\/q:mauto\/ig:avif\/https:\/\/via3l.eu\/wp-content\/uploads\/2018\/01\/via3l_logo_400-400.png\" data-libid=\"2687\" data-lib=\"medialibrary\" alt=\"via3l_logistika teenuste \u00fcldtingimused Via 3l o\u00fc logo\" title=\"via3l_logo_400-400\" width=\"0\" height=\"0\" data-dbsrc=\"Ly92aWEzbC5ldS93cC1jb250ZW50L3VwbG9hZHMvMjAxOC8wMS92aWEzbF9sb2dvXzQwMC00MDAucG5n\"\/>\n\t\t\t\t\t<\/image_lists>\n\t\t\t\t<\/sr7-module>\n\t\t\t\t<script>\n\t\t\t\t\tSR7.PMH ??={}; SR7.PMH[\"SR7_74_3\"] = {cn:100,state:false,fn: function() { if (_tpt!==undefined && _tpt.prepareModuleHeight !== undefined) {  _tpt.prepareModuleHeight({id:\"SR7_74_3\",el:[150,150,150,150,300],type:'carousel',shdw:'0',gh:[150,150,150,150,300],gw:[1240,1240,1240,1240,480],vpt:['-200px&#039;,&#039;-200px&#039;,&#039;-200px&#039;,&#039;-200px&#039;,&#039;-200px'],size:{fullWidth:false, fullHeight:false},mh:'0',onh:0,onw:0,bg:{color:'{\"orig\":\"transparent\",\"type\":\"solid\",\"string\":\"transparent\"}'},carousel:{pt:'0',pb:'0'}});   SR7.PMH[\"SR7_74_3\"].state=true;} else if(SR7.PMH[\"SR7_74_3\"].cn-->0)\tsetTimeout( SR7.PMH[\"SR7_74_3\"].fn,19);}};SR7.PMH[\"SR7_74_3\" ].fn();\n\t\t\t\t<\/script>\n[\/vc_column][\/vc_row]<\/p>\n<\/div>","protected":false},"excerpt":{"rendered":"<p>[vc_row][vc_column][vc_raw_js]JTNDJTIxLS0lMjBHb29nbGUlMjB0YWclMjAlMjhndGFnLmpzJTI5JTIwLS0lM0UlMjAlM0NzY3JpcHQlMjBhc3luYyUyMHNyYyUzRCUyMmh0dHBzJTNBJTJGJTJGd3d3Lmdvb2dsZXRhZ21hbmFnZXIuY29tJTJGZ3RhZyUyRmpzJTNGaWQlM0RBVy0xMTM1MTM4ODUyNCUyMiUzRSUzQyUyRnNjcmlwdCUzRSUyMCUzQ3NjcmlwdCUzRSUyMHdpbmRvdy5kYXRhTGF5ZXIlMjAlM0QlMjB3aW5kb3cuZGF0YUxheWVyJTIwJTdDJTdDJTIwJTVCJTVEJTNCJTIwZnVuY3Rpb24lMjBndGFnJTI4JTI5JTdCZGF0YUxheWVyLnB1c2glMjhhcmd1bWVudHMlMjklM0IlN0QlMjBndGFnJTI4JTI3anMlMjclMkMlMjBuZXclMjBEYXRlJTI4JTI5JTI5JTNCJTIwZ3RhZyUyOCUyN2NvbmZpZyUyNyUyQyUyMCUyN0FXLTExMzUxMzg4NTI0JTI3JTI5JTNCJTIwJTNDJTJGc2NyaXB0JTNFJTBB[\/vc_raw_js][\/vc_column][\/vc_row][vc_row equal_height=&#8221;yes&#8221; content_placement=&#8221;middle&#8221;][vc_column width=&#8221;2\/3&#8243; alignment=&#8221;center&#8221;][vc_custom_heading text=&#8221;LAOTEENUSED JA TELLIMUSTE K\u00c4SITLEMINE&#8221; font_container=&#8221;tag:h1|text_align:left&#8221; use_theme_fonts=&#8221;yes&#8221;][\/vc_column][vc_column width=&#8221;1\/3&#8243; alignment=&#8221;center&#8221;][\/vc_column][\/vc_row][vc_row][vc_column][vc_column_text]Pakume spetsiifilisi logistika lahendusi ja oleme abiks, kui teil on vaja lisaressurssi. Meie pakutavate teenuste hulka kuuluvad ka laoteenused, komplekteerimine, tellimuste&#8230;<\/p>\n","protected":false},"author":2,"featured_media":0,"parent":0,"menu_order":0,"comment_status":"closed","ping_status":"closed","template":"","meta":{"footnotes":""},"class_list":["post-4758","page","type-page","status-publish","hentry"],"_links":{"self":[{"href":"https:\/\/via3l.eu\/et\/wp-json\/wp\/v2\/pages\/4758","targetHints":{"allow":["GET"]}}],"collection":[{"href":"https:\/\/via3l.eu\/et\/wp-json\/wp\/v2\/pages"}],"about":[{"href":"https:\/\/via3l.eu\/et\/wp-json\/wp\/v2\/types\/page"}],"author":[{"embeddable":true,"href":"https:\/\/via3l.eu\/et\/wp-json\/wp\/v2\/users\/2"}],"replies":[{"embeddable":true,"href":"https:\/\/via3l.eu\/et\/wp-json\/wp\/v2\/comments?post=4758"}],"version-history":[{"count":0,"href":"https:\/\/via3l.eu\/et\/wp-json\/wp\/v2\/pages\/4758\/revisions"}],"wp:attachment":[{"href":"https:\/\/via3l.eu\/et\/wp-json\/wp\/v2\/media?parent=4758"}],"curies":[{"name":"wp","href":"https:\/\/api.w.org\/{rel}","templated":true}]}}