{"id":4795,"date":"2023-02-01T17:15:03","date_gmt":"2023-02-01T15:15:03","guid":{"rendered":"https:\/\/via3l.eu\/?page_id=4795"},"modified":"2025-06-03T17:38:04","modified_gmt":"2025-06-03T14:38:04","slug":"veoteenus-jaotusvedu-ja-ristlaadimisteenused","status":"publish","type":"page","link":"https:\/\/via3l.eu\/et\/veoteenus-jaotusvedu-ja-ristlaadimisteenused\/","title":{"rendered":"Veoteenus,jaotusvedu ja ristlaadimisteenused"},"content":{"rendered":"<div class=\"wpb-content-wrapper\"><p>[vc_row][vc_column offset=&#8221;vc_hidden-lg vc_hidden-md vc_hidden-sm&#8221;]<div id=\"ultimate-heading-627869d78f51e990a\" class=\"uvc-heading ult-adjust-bottom-margin ultimate-heading-627869d78f51e990a uvc-5983 \" data-hspacer=\"no_spacer\"  data-halign=\"left\" style=\"text-align:left\"><div class=\"uvc-heading-spacer no_spacer\" style=\"top\"><\/div><div class=\"uvc-main-heading ult-responsive\"  data-ultimate-target='.uvc-heading.ultimate-heading-627869d78f51e990a h1'  data-responsive-json-new='{\"font-size\":\"\",\"line-height\":\"\"}' ><h1 style=\"font-weight:normal;\">JAOTUSVEDU JA RISTLAADIMISTEENUSED<\/h1><\/div><\/div>[\/vc_column][\/vc_row][vc_row][vc_column width=&#8221;2\/3&#8243; offset=&#8221;vc_hidden-xs&#8221;]<div id=\"ultimate-heading-710269d78f51e995e\" class=\"uvc-heading ult-adjust-bottom-margin ultimate-heading-710269d78f51e995e uvc-4261 my-your-heading-class\" data-hspacer=\"no_spacer\"  data-halign=\"left\" style=\"text-align:left\"><div class=\"uvc-heading-spacer no_spacer\" style=\"top\"><\/div><div class=\"uvc-main-heading ult-responsive\"  data-ultimate-target='.uvc-heading.ultimate-heading-710269d78f51e995e h1'  data-responsive-json-new='{\"font-size\":\"\",\"line-height\":\"\"}' ><h1 style=\"font-weight:normal;\">JAOTUSVEDU JA RISTLAADIMISTEENUSED<\/h1><\/div><\/div>[\/vc_column][vc_column width=&#8221;1\/3&#8243;]<div class=\" ubtn-ctn-center \"><a class=\"ubtn-link ult-adjust-bottom-margin ubtn-center ubtn-block \" href=\"https:\/\/via3l.eu\/et\/hinnaparing_laoteenusele\/\" title=\"Hinnap\u00e4ring laoteenusele\" ><button type=\"button\" id=\"ubtn-7838\"  class=\"ubtn ult-adjust-bottom-margin ult-responsive ubtn-block ubtn-no-hover-bg  none  ubtn-sep-icon ubtn-sep-icon-at-left  ubtn-center   tooltip-69d78f51e9994 ubtn-block\"  data-hover=\"\" data-border-color=\"\" data-bg=\"#6DAB3C\" data-hover-bg=\"#113C63\" data-border-hover=\"\" data-shadow-hover=\"\" data-shadow-click=\"none\" data-shadow=\"\" data-shd-shadow=\"\"  data-ultimate-target='#ubtn-7838'  data-responsive-json-new='{\"font-size\":\"mobile:24px;\",\"line-height\":\"\"}'  style=\"font-family:&#039;Montserrat&#039;;font-weight:bold;border:none;background: #6DAB3C;color: #FFFFFF;\"><span class=\"ubtn-data ubtn-icon\"><i class=\"Defaults-arrow-right\" style=\"font-size:32px;color:;\"><\/i><\/span><span class=\"ubtn-hover\" style=\"background-color:#113C63\"><\/span><span class=\"ubtn-data ubtn-text \" >ESITA P\u00c4RING<\/span><\/button><\/a><\/div>[\/vc_column][vc_column]<div id=\"ultimate-heading-449069d78f51e99df\" class=\"uvc-heading ult-adjust-bottom-margin ultimate-heading-449069d78f51e99df uvc-4087 \" data-hspacer=\"no_spacer\"  data-halign=\"center\" style=\"text-align:center\"><div class=\"uvc-heading-spacer no_spacer\" style=\"top\"><\/div><div class=\"uvc-main-heading ult-responsive\"  data-ultimate-target='.uvc-heading.ultimate-heading-449069d78f51e99df h2'  data-responsive-json-new='{\"font-size\":\"\",\"line-height\":\"\"}' ><h2 style=\"font-weight:normal;\">TRANSPORDITEENUSED<\/h2><\/div><\/div>[vc_column_text]<a href=\"http:\/\/wiki.eek.ee\/index.php\/Jaotusvedu\" target=\"_blank\" rel=\"noopener noreferrer nofollow\">Meie jaotusvedu<\/a> tagab toodete efektiivse ja turvalise sihtkohta toimetamise kokkulepitud aja jooksul. Jaotusveo k\u00e4igus konsolideerime klientide erinevad tellimused kokku, et saavutada kokkuhoidu transpordil ning v\u00e4hendada negatiivset m\u00f5ju keskkonnale.<\/p>\n<p>Jaotusveo teenust kasutades on teie kaubad kindlustatud nii laos hoiustamise kui ka transpordi ajal, et maandada riske v\u00f5imalike kauba kadude v\u00f5i kahjude eest.[\/vc_column_text]<div id=\"ultimate-heading-20669d78f51e9a0e\" class=\"uvc-heading ult-adjust-bottom-margin ultimate-heading-20669d78f51e9a0e uvc-1071 \" data-hspacer=\"no_spacer\"  data-halign=\"center\" style=\"text-align:center\"><div class=\"uvc-heading-spacer no_spacer\" style=\"top\"><\/div><div class=\"uvc-main-heading ult-responsive\"  data-ultimate-target='.uvc-heading.ultimate-heading-20669d78f51e9a0e h2'  data-responsive-json-new='{\"font-size\":\"\",\"line-height\":\"\"}' ><h2 style=\"font-weight:normal;\">RISTLAADIMISTEENUS<\/h2><\/div><\/div>[vc_column_text]Lisaks jaotusveo teenusele pakume ka ristlaadimisteenust (lihtsalt \u00f6eldes veoteenus), mis on suurep\u00e4rane lahendus, kui te ei hoiusta oma kaupu meie laos, aga soovite, et me selle laiali veaks. Ristlaadimine koosneb kaupade vastuv\u00f5tust, sorteerimisest ning l\u00e4hetamisest.[\/vc_column_text][vc_empty_space][\/vc_column][\/vc_row][vc_row][vc_column]\n\t\t\t\t<p class=\"rs-p-wp-fix\"><\/p>\n\t\t\t\t<sr7-module data-alias=\"maanteetransport\" data-id=\"40\" id=\"SR7_40_1\" class=\"rs-ov-hidden\" data-version=\"6.7.34\">\n\t\t\t\t\t<sr7-adjuster><\/sr7-adjuster>\n\t\t\t\t\t<sr7-content>\n\t\t\t\t\t\t<sr7-slide id=\"SR7_40_1-70\" data-key=\"70\">\n\t\t\t\t\t\t<\/sr7-slide>\n\t\t\t\t\t\t<sr7-slide id=\"SR7_40_1-71\" data-key=\"71\">\n\t\t\t\t\t\t<\/sr7-slide>\n\t\t\t\t\t\t<sr7-slide id=\"SR7_40_1-179\" data-key=\"179\">\n\t\t\t\t\t\t<\/sr7-slide>\n\t\t\t\t\t<\/sr7-content>\n\t\t\t\t\t<image_lists style=\"display:none\">\n\t\t\t\t\t\t<img decoding=async data-opt-id=781714805  fetchpriority=\"high\" data-src=\"https:\/\/mlpeimtmgped.i.optimole.com\/w:auto\/h:auto\/q:mauto\/ig:avif\/https:\/\/via3l.eu\/wp-content\/uploads\/2020\/09\/freight_rekka3.jpg\" data-libid=\"6214\" data-lib=\"medialibrary\" alt=\"freight rekka3 jaotusvedu\" title=\"freight rekka3\" width=\"0\" height=\"0\" data-dbsrc=\"Ly92aWEzbC5ldS93cC1jb250ZW50L3VwbG9hZHMvMjAyMC8wOS9mcmVpZ2h0X3Jla2thMy5qcGc=\"\/>\n\t\t\t\t\t\t<img decoding=async data-opt-id=946764564  fetchpriority=\"high\" data-src=\"https:\/\/mlpeimtmgped.i.optimole.com\/w:auto\/h:auto\/q:mauto\/ig:avif\/https:\/\/via3l.eu\/wp-content\/uploads\/2020\/09\/freight_rekka4.jpg\" data-libid=\"6218\" data-lib=\"medialibrary\" alt=\"freight rekka4\" title=\"freight rekka4\" width=\"0\" height=\"0\" data-dbsrc=\"Ly92aWEzbC5ldS93cC1jb250ZW50L3VwbG9hZHMvMjAyMC8wOS9mcmVpZ2h0X3Jla2thNC5qcGc=\"\/>\n\t\t\t\t\t<\/image_lists>\n\t\t\t\t<\/sr7-module>\n\t\t\t\t<script>\n\t\t\t\t\tSR7.PMH ??={}; SR7.PMH[\"SR7_40_1\"] = {cn:100,state:false,fn: function() { if (_tpt!==undefined && _tpt.prepareModuleHeight !== undefined) {  _tpt.prepareModuleHeight({id:\"SR7_40_1\",el:[600,600,600,600,530],type:'standard',shdw:'0',gh:[600,600,600,600,530],gw:[1920,1920,1920,1920,480],vpt:['-200px&#039;,&#039;-200px&#039;,&#039;-200px&#039;,&#039;-200px&#039;,&#039;-200px'],size:{fullWidth:false, fullHeight:false},mh:'0',onh:0,onw:0,bg:{color:'{\"orig\":\"transparent\",\"type\":\"solid\",\"string\":\"transparent\"}'},plType:'0',plColor:'#FFFFFF'});   SR7.PMH[\"SR7_40_1\"].state=true;} else if(SR7.PMH[\"SR7_40_1\"].cn-->0)\tsetTimeout( SR7.PMH[\"SR7_40_1\"].fn,19);}};SR7.PMH[\"SR7_40_1\" ].fn();\n\t\t\t\t<\/script>\n[vc_empty_space][\/vc_column][\/vc_row][vc_row][vc_column][vc_empty_space]\n\t\t\t\t<p class=\"rs-p-wp-fix\"><\/p>\n\t\t\t\t<sr7-module data-alias=\"about-us-slider-iso-14001-22000-9001\" data-id=\"74\" id=\"SR7_74_2\" class=\"rs-ov-hidden\" data-version=\"6.7.34\">\n\t\t\t\t\t<sr7-adjuster><\/sr7-adjuster>\n\t\t\t\t\t<sr7-content>\n\t\t\t\t\t\t<sr7-carousel>\n\t\t\t\t\t\t<sr7-slide id=\"SR7_74_2-123\" data-key=\"123\">\n\t\t\t\t\t\t<\/sr7-slide>\n\t\t\t\t\t\t<sr7-slide id=\"SR7_74_2-213\" data-key=\"213\">\n\t\t\t\t\t\t<\/sr7-slide>\n\t\t\t\t\t\t<\/sr7-carousel>\n\t\t\t\t\t<\/sr7-content>\n\t\t\t\t\t<image_lists style=\"display:none\">\n\t\t\t\t\t\t<img decoding=async data-opt-id=212482230  fetchpriority=\"high\" data-src=\"https:\/\/mlpeimtmgped.i.optimole.com\/w:auto\/h:auto\/q:mauto\/ig:avif\/https:\/\/via3l.eu\/wp-content\/uploads\/2021\/05\/KTK.png\" data-libid=\"8719\" data-lib=\"medialibrary\" alt=\"KTK\" title=\"KTK\" width=\"0\" height=\"0\" data-dbsrc=\"Ly92aWEzbC5ldS93cC1jb250ZW50L3VwbG9hZHMvMjAyMS8wNS9LVEsucG5n\"\/>\n\t\t\t\t\t\t<img decoding=async data-opt-id=80147785  fetchpriority=\"high\" data-src=\"https:\/\/mlpeimtmgped.i.optimole.com\/w:auto\/h:auto\/q:mauto\/ig:avif\/https:\/\/via3l.eu\/wp-content\/uploads\/2025\/10\/22000-metrosert-logo.png\" data-libid=\"17442\" data-lib=\"medialibrary\" alt=\"metrosert logo\" title=\"metrosert logo\" width=\"0\" height=\"0\" data-dbsrc=\"Ly92aWEzbC5ldS93cC1jb250ZW50L3VwbG9hZHMvMjAyNS8xMC8yMjAwMC1tZXRyb3NlcnQtbG9nby5wbmc=\"\/>\n\t\t\t\t\t\t<img decoding=async data-opt-id=1905513159  fetchpriority=\"high\" data-src=\"https:\/\/mlpeimtmgped.i.optimole.com\/w:auto\/h:auto\/q:mauto\/ig:avif\/https:\/\/via3l.eu\/wp-content\/uploads\/2020\/12\/Kaubanduskoda-liikmelogo_EST_logo_horiz.jpg\" data-libid=\"10596\" data-lib=\"medialibrary\" alt=\"Kaubanduskoda liikmelogo EST logo horiz via 3l\" title=\"Kaubanduskoda liikmelogo EST logo horiz\" width=\"0\" height=\"0\" data-dbsrc=\"Ly92aWEzbC5ldS93cC1jb250ZW50L3VwbG9hZHMvMjAyMC8xMi9LYXViYW5kdXNrb2RhLWxpaWttZWxvZ29fRVNUX2xvZ29faG9yaXouanBn\"\/>\n\t\t\t\t\t\t<img decoding=async data-opt-id=61978165  fetchpriority=\"high\" data-src=\"https:\/\/mlpeimtmgped.i.optimole.com\/w:auto\/h:auto\/q:mauto\/ig:avif\/https:\/\/via3l.eu\/wp-content\/uploads\/2025\/12\/ISO_withoutQR-ISO-9001.png\" data-libid=\"17696\" data-lib=\"medialibrary\" alt=\"ISO without QR 9001\" title=\"ISO without QR ISO\" width=\"0\" height=\"0\" data-dbsrc=\"Ly92aWEzbC5ldS93cC1jb250ZW50L3VwbG9hZHMvMjAyNS8xMi9JU09fd2l0aG91dFFSLUlTTy05MDAxLnBuZw==\"\/>\n\t\t\t\t\t\t<img decoding=async data-opt-id=745910895  fetchpriority=\"high\" data-src=\"https:\/\/mlpeimtmgped.i.optimole.com\/w:150\/h:150\/q:mauto\/rt:fill\/g:ce\/ig:avif\/https:\/\/via3l.eu\/wp-content\/uploads\/2020\/06\/Via3l_freight_logo_original.png\" data-libid=\"5679\" data-lib=\"medialibrary\" alt=\"Via 3L Freight ekspedeerimine\" title=\"Via3l_freight_logo_original\" width=\"0\" height=\"0\" data-dbsrc=\"Ly92aWEzbC5ldS93cC1jb250ZW50L3VwbG9hZHMvMjAyMC8wNi9WaWEzbF9mcmVpZ2h0X2xvZ29fb3JpZ2luYWwtMTUweDE1MC5wbmc=\"\/>\n\t\t\t\t\t\t<img decoding=async data-opt-id=104197187  fetchpriority=\"high\" data-src=\"https:\/\/mlpeimtmgped.i.optimole.com\/w:auto\/h:auto\/q:mauto\/ig:avif\/https:\/\/via3l.eu\/wp-content\/uploads\/2018\/01\/via3l_logo_400-400.png\" data-libid=\"2687\" data-lib=\"medialibrary\" alt=\"via3l_logistika teenuste \u00fcldtingimused Via 3l o\u00fc logo\" title=\"via3l_logo_400-400\" width=\"0\" height=\"0\" data-dbsrc=\"Ly92aWEzbC5ldS93cC1jb250ZW50L3VwbG9hZHMvMjAxOC8wMS92aWEzbF9sb2dvXzQwMC00MDAucG5n\"\/>\n\t\t\t\t\t<\/image_lists>\n\t\t\t\t<\/sr7-module>\n\t\t\t\t<script>\n\t\t\t\t\tSR7.PMH ??={}; SR7.PMH[\"SR7_74_2\"] = {cn:100,state:false,fn: function() { if (_tpt!==undefined && _tpt.prepareModuleHeight !== undefined) {  _tpt.prepareModuleHeight({id:\"SR7_74_2\",el:[150,150,150,150,300],type:'carousel',shdw:'0',gh:[150,150,150,150,300],gw:[1240,1240,1240,1240,480],vpt:['-200px&#039;,&#039;-200px&#039;,&#039;-200px&#039;,&#039;-200px&#039;,&#039;-200px'],size:{fullWidth:false, fullHeight:false},mh:'0',onh:0,onw:0,bg:{color:'{\"orig\":\"transparent\",\"type\":\"solid\",\"string\":\"transparent\"}'},carousel:{pt:'0',pb:'0'}});   SR7.PMH[\"SR7_74_2\"].state=true;} else if(SR7.PMH[\"SR7_74_2\"].cn-->0)\tsetTimeout( SR7.PMH[\"SR7_74_2\"].fn,19);}};SR7.PMH[\"SR7_74_2\" ].fn();\n\t\t\t\t<\/script>\n[\/vc_column][\/vc_row]<\/p>\n<\/div>","protected":false},"excerpt":{"rendered":"<p>[vc_row][vc_column offset=&#8221;vc_hidden-lg vc_hidden-md vc_hidden-sm&#8221;][\/vc_column][\/vc_row][vc_row][vc_column width=&#8221;2\/3&#8243; offset=&#8221;vc_hidden-xs&#8221;][\/vc_column][vc_column width=&#8221;1\/3&#8243;][\/vc_column][vc_column][vc_column_text]Meie jaotusvedu tagab toodete efektiivse ja turvalise sihtkohta toimetamise kokkulepitud aja jooksul. Jaotusveo k\u00e4igus konsolideerime klientide erinevad tellimused kokku, et saavutada kokkuhoidu transpordil ning v\u00e4hendada negatiivset m\u00f5ju&#8230;<\/p>\n","protected":false},"author":2,"featured_media":0,"parent":0,"menu_order":0,"comment_status":"closed","ping_status":"closed","template":"","meta":{"footnotes":""},"class_list":["post-4795","page","type-page","status-publish","hentry"],"_links":{"self":[{"href":"https:\/\/via3l.eu\/et\/wp-json\/wp\/v2\/pages\/4795","targetHints":{"allow":["GET"]}}],"collection":[{"href":"https:\/\/via3l.eu\/et\/wp-json\/wp\/v2\/pages"}],"about":[{"href":"https:\/\/via3l.eu\/et\/wp-json\/wp\/v2\/types\/page"}],"author":[{"embeddable":true,"href":"https:\/\/via3l.eu\/et\/wp-json\/wp\/v2\/users\/2"}],"replies":[{"embeddable":true,"href":"https:\/\/via3l.eu\/et\/wp-json\/wp\/v2\/comments?post=4795"}],"version-history":[{"count":0,"href":"https:\/\/via3l.eu\/et\/wp-json\/wp\/v2\/pages\/4795\/revisions"}],"wp:attachment":[{"href":"https:\/\/via3l.eu\/et\/wp-json\/wp\/v2\/media?parent=4795"}],"curies":[{"name":"wp","href":"https:\/\/api.w.org\/{rel}","templated":true}]}}