{"id":4799,"date":"2023-02-01T17:15:03","date_gmt":"2023-02-01T15:15:03","guid":{"rendered":"https:\/\/via3l.eu\/?page_id=4799"},"modified":"2024-09-10T13:21:31","modified_gmt":"2024-09-10T10:21:31","slug":"eritemperatuurilao-teenused","status":"publish","type":"page","link":"https:\/\/via3l.eu\/et\/eritemperatuurilao-teenused\/","title":{"rendered":"Eritemperatuuri lao teenused"},"content":{"rendered":"<div class=\"wpb-content-wrapper\"><p>[vc_row][vc_column][vc_raw_js]JTNDJTIxLS0lMjBHb29nbGUlMjB0YWclMjAlMjhndGFnLmpzJTI5JTIwLS0lM0UlMjAlM0NzY3JpcHQlMjBhc3luYyUyMHNyYyUzRCUyMmh0dHBzJTNBJTJGJTJGd3d3Lmdvb2dsZXRhZ21hbmFnZXIuY29tJTJGZ3RhZyUyRmpzJTNGaWQlM0RBVy0xMTM1MTM4ODUyNCUyMiUzRSUzQyUyRnNjcmlwdCUzRSUyMCUzQ3NjcmlwdCUzRSUyMHdpbmRvdy5kYXRhTGF5ZXIlMjAlM0QlMjB3aW5kb3cuZGF0YUxheWVyJTIwJTdDJTdDJTIwJTVCJTVEJTNCJTIwZnVuY3Rpb24lMjBndGFnJTI4JTI5JTdCZGF0YUxheWVyLnB1c2glMjhhcmd1bWVudHMlMjklM0IlN0QlMjBndGFnJTI4JTI3anMlMjclMkMlMjBuZXclMjBEYXRlJTI4JTI5JTI5JTNCJTIwZ3RhZyUyOCUyN2NvbmZpZyUyNyUyQyUyMCUyN0FXLTExMzUxMzg4NTI0JTI3JTI5JTNCJTIwJTNDJTJGc2NyaXB0JTNFJTBB[\/vc_raw_js][\/vc_column][\/vc_row][vc_row][vc_column]\n\t\t\t\t<p class=\"rs-p-wp-fix\"><\/p>\n\t\t\t\t<sr7-module data-alias=\"special-temperature\" data-id=\"23\" id=\"SR7_23_1\" class=\"rs-ov-hidden\" data-version=\"6.7.34\">\n\t\t\t\t\t<sr7-adjuster><\/sr7-adjuster>\n\t\t\t\t\t<sr7-content>\n\t\t\t\t\t\t<sr7-slide id=\"SR7_23_1-36\" data-key=\"36\">\n\t\t\t\t\t\t\t<sr7-txt id=\"SR7_23_1-36-0\" class=\"sr7-layer\"><i class=\"fa-youtube-play\"><\/i><\/sr7-txt>\n\t\t\t\t\t\t<\/sr7-slide>\n\t\t\t\t\t\t<sr7-slide id=\"SR7_23_1-158\" data-key=\"158\">\n\t\t\t\t\t\t<\/sr7-slide>\n\t\t\t\t\t<\/sr7-content>\n\t\t\t\t<\/sr7-module>\n\t\t\t\t<script>\n\t\t\t\t\tSR7.PMH ??={}; SR7.PMH[\"SR7_23_1\"] = {cn:100,state:false,fn: function() { if (_tpt!==undefined && _tpt.prepareModuleHeight !== undefined) {  _tpt.prepareModuleHeight({id:\"SR7_23_1\",el:[720,720,720,720,230],type:'standard',shdw:'0',gh:[720,720,720,720,230],gw:[1280,1280,1280,1280,480],vpt:['-200px&#039;,&#039;-200px&#039;,&#039;-200px&#039;,&#039;-200px&#039;,&#039;-200px'],size:{fullWidth:false, fullHeight:false},mh:'0',onh:0,onw:0,bg:{color:'{\"orig\":\"transparent\",\"type\":\"solid\",\"string\":\"transparent\"}'},plType:'0',plColor:'#FFFFFF'});   SR7.PMH[\"SR7_23_1\"].state=true;} else if(SR7.PMH[\"SR7_23_1\"].cn-->0)\tsetTimeout( SR7.PMH[\"SR7_23_1\"].fn,19);}};SR7.PMH[\"SR7_23_1\" ].fn();\n\t\t\t\t<\/script>\n[vc_empty_space][\/vc_column][\/vc_row][vc_row css=&#8221;.vc_custom_1575466977698{background-position: center !important;background-repeat: no-repeat !important;background-size: cover !important;}&#8221;][vc_column][vc_custom_heading text=&#8221;NORDNET ERITEMPERATUURI LAO TEENUSED&#8221; use_theme_fonts=&#8221;yes&#8221; css=&#8221;&#8221;][vc_single_image image=&#8221;8697&#8243; img_size=&#8221;medium&#8221; css=&#8221;&#8221;][vc_column_text css=&#8221;&#8221;]Via 3L osutab eritemperatuuri laoteenuseid ja transporti koost\u00f6\u00f6s Nordnet O\u00dc&#8217;ga ning omame v\u00e4ikeosalust selles ettev\u00f5ttes. Nordnet Logistics kaubam\u00e4gi all on ettev\u00f5te tegutsenud alates 2004. aastast. Nordnet O\u00dc alustas Nordnet Logistic kaubam\u00e4rgi all opereerimist 2011. a. maist logistikakeskuses asukohaga Betooni 1b. Ettev\u00f5te on spetsialiseerunud ku\u0308lmutatud ja jahutatud toiduainete hoiustamisele, komplekteerimisele ja transpordi korraldamisele kaubam\u00e4rgi <strong>\u201eNordnet Logistic\u201d<\/strong> ja <strong>\u201cKeep it cool\u201d<\/strong> all.<\/p>\n<p>Leedus osutame k\u00fclmalaoteenust t\u00fctarettev\u00f5tte <a href=\"https:\/\/via3l.eu\/lt\/3pl-logistikos-paslaugos\/ivairiu-temperaturiniu-rezimu-paslaugos\/\">Via 3L LT UAB<\/a> kaudu.[\/vc_column_text][vc_empty_space][vc_column_text]<\/p>\n<ul>\n<li>Kaupade hoiustamine ja laoteenused s\u00fcgavk\u00fclmalaos -18C<\/li>\n<li>Kaupade hoiustamine ja laoteenused jahelaos +2..+6C<\/li>\n<li>Jaotusveod temperatuuridel +2..+6C ja -18C<\/li>\n<\/ul>\n<p>Tagame oma klientidele kauba hoiustamiseks n\u00f5utavad temperatuurid ning anname oma klientidele j\u00e4lgitavuse laoseisudele ja kauba liikumistele.[\/vc_column_text][vc_custom_heading text=&#8221;NORDNET JAOTUSVEDU&#8221; use_theme_fonts=&#8221;yes&#8221; css=&#8221;&#8221;][vc_column_text css=&#8221;&#8221;]Tahad, et sinu kaup j\u00f5uaks V\u00f5rru? P\u00e4rnusse? Saaremaale? Narva? Igale poole j\u00f5uab! Nordnetil on tervet Eestit kattev veoringide plaan. Suurematesse linnadesse toimub jaotusvedu iga p\u00e4ev, v\u00e4iksematesse paikadesse veetakse kaupa laiale 2-3 korda n\u00e4dalas.<\/p>\n<p>Telli jaotusvedu Eesti suurimast k\u00fclmlogistika ettev\u00f5ttest! Loe lisa <a href=\"https:\/\/www.nordnet.ee\/meie-teenused\/#transporditeenused\" target=\"_blank\" rel=\"noopener noreferrer nofollow\">siit<\/a>[\/vc_column_text][vc_custom_heading text=&#8221;Via 3L Freight eritemperatuurikaupade rahvusvaheline transportteenus&#8221; use_theme_fonts=&#8221;yes&#8221; css=&#8221;&#8221; link=&#8221;url:https%3A%2F%2Fvia3l.eu%2Fet%2Fvia-3l-ettevote%2Frahvusvaheline-transport%2Fmaanteevedu%2F&#8221;][vc_single_image image=&#8221;5679&#8243; img_size=&#8221;medium&#8221; css=&#8221;&#8221;][vc_column_text css=&#8221;&#8221;]Via 3L Freight osutab rahvusvahelise transpordi teenust nii jahe kui ka s\u00fcgavk\u00fclmkaupadele.\u00a0<a href=\"https:\/\/via3l.eu\/et\/rahvusvaheline-transport\/maanteevedu\/\">Maanteekaubavedudel<\/a> ollakse peamiselt p\u00fchendunud Balti riikide ja Soome, Skandinaavia, L\u00e4\u00e4ne-Euroopa, Suurbritannia ja Itaalia vahelisele liiklusele. Firma <a href=\"https:\/\/via3l.eu\/et\/rahvusvaheline-transport\/ekspedeerimisteenus\/\">ekspedeerimisteenus<\/a> toimib partnerv\u00f5rgustike abil ning selliselt saame aidata oma kliente k\u00f5ikjal Euroopas ja ka mujal maailmas.<\/p>\n<p><a href=\"https:\/\/via3l.eu\/et\/rahvusvaheline-transport\/\">Via 3L Freighti<\/a> kasutamisel ekspedeerijana on selgeid eeliseid. Kindel tunne, et teie kaubad on usaldusv\u00e4\u00e4rsetes k\u00e4tes \u2013 teie saadetised on kindlustatud. Meie v\u00f5tame teie kauba eest vastutust, ka siis, kui kasutame partnereid. Meie partnerid t\u00f6\u00f6tavad meiega pikaajaliste lepingute alusel ja on meie poolt kontrollitud.<\/p>\n<p>Via 3L Freight on WCA ja PPL logistikav\u00f5rkude liige, mis tagab kogu maailma h\u00f5lmava tugeva partnerite v\u00f5rgustiku.<\/p>\n<p>Koost\u00f6\u00f6s klientidega otsime alati k\u00f5ige kuluefektiivsemat ja keskkonnas\u00e4\u00e4stlikumat viisi kauba vedamiseks. V\u00e4\u00e4rtustame usaldusele rajatud suhteid ja olles klientidega tihedas kontaktis, parandame j\u00e4rjepidevalt oma teenuseid, kasutades s\u00fcsteemset, regulaarset ja detailset \u00e4rianal\u00fc\u00fcsi.[\/vc_column_text][vc_single_image image=&#8221;3492&#8243; img_size=&#8221;medium&#8221;][\/vc_column][\/vc_row][vc_row content_placement=&#8221;middle&#8221;][vc_column][vc_separator border_width=&#8221;2&#8243; css=&#8221;.vc_custom_1575469602785{padding-top: 10px !important;padding-bottom: 10px !important;}&#8221;][vc_custom_heading text=&#8221;Kui sooviksite saada pakkumist eritemperatuuril ao- ja transporditeenusele, siis p\u00f6\u00f6rduge firma Nordnet poole v\u00f5i kasutage alloleva vormi linki!&#8221; font_container=&#8221;tag:h2|text_align:center&#8221; use_theme_fonts=&#8221;yes&#8221;][vc_empty_space][vc_separator border_width=&#8221;2&#8243; css=&#8221;.vc_custom_1575469636528{padding-top: 10px !important;padding-bottom: 10px !important;}&#8221;][vc_single_image image=&#8221;4236&#8243; img_size=&#8221;large&#8221; css=&#8221;.vc_custom_1575538809440{background-position: center !important;background-repeat: no-repeat !important;background-size: cover !important;}&#8221;][\/vc_column][\/vc_row][vc_row][vc_column][vc_empty_space][vc_btn title=&#8221;Esita hinnap\u00e4ring Norneti kodulehel&#8221; shape=&#8221;square&#8221; color=&#8221;green&#8221; size=&#8221;lg&#8221; align=&#8221;center&#8221; i_icon_fontawesome=&#8221;stm-arrow-next&#8221; css=&#8221;&#8221; add_icon=&#8221;true&#8221; link=&#8221;url:https%3A%2F%2Fwww.nordnet.ee%2F|title:K%C3%BCsi%20pakkumist&#8221;][\/vc_column][\/vc_row]<\/p>\n<\/div>","protected":false},"excerpt":{"rendered":"<p>[vc_row][vc_column][vc_raw_js]JTNDJTIxLS0lMjBHb29nbGUlMjB0YWclMjAlMjhndGFnLmpzJTI5JTIwLS0lM0UlMjAlM0NzY3JpcHQlMjBhc3luYyUyMHNyYyUzRCUyMmh0dHBzJTNBJTJGJTJGd3d3Lmdvb2dsZXRhZ21hbmFnZXIuY29tJTJGZ3RhZyUyRmpzJTNGaWQlM0RBVy0xMTM1MTM4ODUyNCUyMiUzRSUzQyUyRnNjcmlwdCUzRSUyMCUzQ3NjcmlwdCUzRSUyMHdpbmRvdy5kYXRhTGF5ZXIlMjAlM0QlMjB3aW5kb3cuZGF0YUxheWVyJTIwJTdDJTdDJTIwJTVCJTVEJTNCJTIwZnVuY3Rpb24lMjBndGFnJTI4JTI5JTdCZGF0YUxheWVyLnB1c2glMjhhcmd1bWVudHMlMjklM0IlN0QlMjBndGFnJTI4JTI3anMlMjclMkMlMjBuZXclMjBEYXRlJTI4JTI5JTI5JTNCJTIwZ3RhZyUyOCUyN2NvbmZpZyUyNyUyQyUyMCUyN0FXLTExMzUxMzg4NTI0JTI3JTI5JTNCJTIwJTNDJTJGc2NyaXB0JTNFJTBB[\/vc_raw_js][\/vc_column][\/vc_row][vc_row][vc_column][vc_empty_space][\/vc_column][\/vc_row][vc_row css=&#8221;.vc_custom_1575466977698{background-position: center !important;background-repeat: no-repeat !important;background-size: cover !important;}&#8221;][vc_column][vc_custom_heading text=&#8221;NORDNET ERITEMPERATUURI LAO TEENUSED&#8221; use_theme_fonts=&#8221;yes&#8221; css=&#8221;&#8221;][vc_single_image image=&#8221;8697&#8243; img_size=&#8221;medium&#8221; css=&#8221;&#8221;][vc_column_text css=&#8221;&#8221;]Via 3L osutab eritemperatuuri laoteenuseid ja transporti koost\u00f6\u00f6s Nordnet O\u00dc&#8217;ga ning omame v\u00e4ikeosalust selles ettev\u00f5ttes. Nordnet&#8230;<\/p>\n","protected":false},"author":2,"featured_media":4236,"parent":0,"menu_order":0,"comment_status":"closed","ping_status":"closed","template":"","meta":{"footnotes":""},"class_list":["post-4799","page","type-page","status-publish","has-post-thumbnail","hentry"],"_links":{"self":[{"href":"https:\/\/via3l.eu\/et\/wp-json\/wp\/v2\/pages\/4799","targetHints":{"allow":["GET"]}}],"collection":[{"href":"https:\/\/via3l.eu\/et\/wp-json\/wp\/v2\/pages"}],"about":[{"href":"https:\/\/via3l.eu\/et\/wp-json\/wp\/v2\/types\/page"}],"author":[{"embeddable":true,"href":"https:\/\/via3l.eu\/et\/wp-json\/wp\/v2\/users\/2"}],"replies":[{"embeddable":true,"href":"https:\/\/via3l.eu\/et\/wp-json\/wp\/v2\/comments?post=4799"}],"version-history":[{"count":0,"href":"https:\/\/via3l.eu\/et\/wp-json\/wp\/v2\/pages\/4799\/revisions"}],"wp:featuredmedia":[{"embeddable":true,"href":"https:\/\/via3l.eu\/et\/wp-json\/wp\/v2\/media\/4236"}],"wp:attachment":[{"href":"https:\/\/via3l.eu\/et\/wp-json\/wp\/v2\/media?parent=4799"}],"curies":[{"name":"wp","href":"https:\/\/api.w.org\/{rel}","templated":true}]}}