{"id":4806,"date":"2023-02-01T17:15:03","date_gmt":"2023-02-01T15:15:03","guid":{"rendered":"https:\/\/via3l.eu\/?page_id=4806"},"modified":"2024-05-03T15:14:56","modified_gmt":"2024-05-03T12:14:56","slug":"arveldusteenused","status":"publish","type":"page","link":"https:\/\/via3l.eu\/et\/arveldusteenused\/","title":{"rendered":"Arveldusteenused"},"content":{"rendered":"<div class=\"wpb-content-wrapper\"><p>[vc_row css=&#8221;.vc_custom_1575466977698{background-position: center !important;background-repeat: no-repeat !important;background-size: cover !important;}&#8221;][vc_column width=&#8221;1\/2&#8243;][vc_custom_heading text=&#8221;ARVELDUSTEENUSED&#8221; use_theme_fonts=&#8221;yes&#8221;][vc_column_text]<\/p>\n<ul>\n<li>Arveldamine<\/li>\n<li>Krediidihaldus (krediidilimiitide, v\u00f5lgnevuste ja saldode haldamine)<\/li>\n<li>Krediidiriski hindamine<\/li>\n<li>Arhiiviteenused<\/li>\n<li>Kliendi arvete koostamine<\/li>\n<\/ul>\n<p>Pakume oma klientidele paindlikku jaotusveo lahendust \u00fcle Eesti. Via 3L-il on lepingud k\u00f5igi suuremate jaekettidega ning v\u00e4iksemate jaem\u00fc\u00fcgiettev\u00f5tetetega ja HoReCa | Toitlustusettev\u00f5tetega &#8211; toitlustussektori klientidega \u00fcle terve Eesti.[\/vc_column_text][\/vc_column][vc_column width=&#8221;1\/2&#8243;][vc_single_image image=&#8221;4093&#8243; img_size=&#8221;large&#8221; css=&#8221;.vc_custom_1575466963092{background-position: center !important;background-repeat: no-repeat !important;background-size: cover !important;}&#8221;][\/vc_column][\/vc_row][vc_row css=&#8221;.vc_custom_1575469658349{padding-top: 32px !important;}&#8221;][vc_column][vc_separator border_width=&#8221;2&#8243; css=&#8221;.vc_custom_1575469587644{padding-top: 10px !important;padding-bottom: 10px !important;}&#8221;][\/vc_column][\/vc_row][vc_row el_id=&#8221;numbers&#8221; css=&#8221;.vc_custom_1570178444838{margin-top: 30px !important;}&#8221;][vc_column width=&#8221;1\/4&#8243; offset=&#8221;vc_col-xs-2\/5&#8243;][mpc_counter title_font_preset=&#8221;mpc_preset_2&#8243; title=&#8221;Laoteenuse klienti Baltikumis&#8221; counter_font_preset=&#8221;mpc_preset_10&#8243; counter_font_size=&#8221;50&#8243; value=&#8221;150&#8243; duration=&#8221;1500&#8243; mpc_icon__icon=&#8221;el el-briefcase&#8221; mpc_icon__icon_size=&#8221;50&#8243; mpc_icon__mpc_tooltip__border_divider=&#8221;true&#8221; mpc_icon__mpc_tooltip__border_css=&#8221;border-color:undefined;border-style:undefined;&#8221; mpc_icon__mpc_tooltip__padding_divider=&#8221;true&#8221; mpc_icon__animation_in_type=&#8221;transition.slideDownBigIn&#8221; mpc_icon__animation_in_offset=&#8221;100&#8243; mpc_icon__animation_in_duration=&#8221;600&#8243; mpc_icon__animation_in_delay=&#8221;300&#8243;][\/vc_column][vc_column width=&#8221;1\/4&#8243; alignment=&#8221;center&#8221; css=&#8221;.vc_custom_1569936963328{border-radius: 3px !important;}&#8221; offset=&#8221;vc_col-xs-2\/5&#8243;][mpc_counter title_font_preset=&#8221;mpc_preset_2&#8243; title=&#8221;T\u00f6\u00f6tajat&#8221; counter_font_preset=&#8221;mpc_preset_10&#8243; counter_font_size=&#8221;50&#8243; value=&#8221;350&#8243; duration=&#8221;1500&#8243; mpc_icon__icon=&#8221;mfgi mfgi-users&#8221; mpc_icon__icon_size=&#8221;50&#8243; mpc_icon__mpc_tooltip__text=&#8221;S29sbWVzJTIwdmFoZXR1c2VzJTIwMjQlMkY3&#8243; mpc_icon__mpc_tooltip__border_divider=&#8221;true&#8221; mpc_icon__mpc_tooltip__border_css=&#8221;border-color:undefined;border-style:undefined;&#8221; mpc_icon__mpc_tooltip__padding_divider=&#8221;true&#8221; mpc_icon__animation_in_type=&#8221;transition.slideDownBigIn&#8221; mpc_icon__animation_in_offset=&#8221;100&#8243; mpc_icon__animation_in_duration=&#8221;600&#8243; mpc_icon__animation_in_delay=&#8221;300&#8243;][\/vc_column][vc_column width=&#8221;1\/4&#8243; alignment=&#8221;center&#8221; offset=&#8221;vc_col-xs-2\/5&#8243;][mpc_counter title_font_preset=&#8221;mpc_preset_2&#8243; title=&#8221;Alusekohti laos&#8221; counter_font_preset=&#8221;mpc_preset_10&#8243; counter_font_size=&#8221;50&#8243; value=&#8221;90000&#8243; duration=&#8221;1500&#8243; mpc_icon__icon=&#8221;icnm icnm-spinner10&#8243; mpc_icon__icon_size=&#8221;50&#8243; mpc_icon__mpc_tooltip__text=&#8221;SG9pdXN0YW1lJTIwYWx1c2VpZCUwQSUwQUt1aXYlMjBsYWR1JTIwNjIlMjAwMDAlMEFFcml0ZW1wZXJhdHV1ciUyMDM1MDA=&#8221; mpc_icon__mpc_tooltip__border_divider=&#8221;true&#8221; mpc_icon__mpc_tooltip__border_css=&#8221;border-color:undefined;border-style:undefined;&#8221; mpc_icon__mpc_tooltip__padding_divider=&#8221;true&#8221; mpc_icon__animation_in_type=&#8221;transition.slideDownBigIn&#8221; mpc_icon__animation_in_offset=&#8221;100&#8243; mpc_icon__animation_in_duration=&#8221;600&#8243; mpc_icon__animation_in_delay=&#8221;300&#8243;][\/vc_column][vc_column width=&#8221;1\/4&#8243; alignment=&#8221;center&#8221; offset=&#8221;vc_col-xs-2\/5&#8243;][mpc_counter title_font_preset=&#8221;mpc_preset_2&#8243; title=&#8221;Ridade noppeid kuus&#8221; counter_font_preset=&#8221;mpc_preset_10&#8243; counter_font_size=&#8221;50&#8243; value=&#8221;290000&#8243; duration=&#8221;1500&#8243; mpc_icon__icon=&#8221;icnm icnm-pencil&#8221; mpc_icon__icon_size=&#8221;50&#8243; mpc_icon__mpc_tooltip__font_preset=&#8221;mpc_preset_65&#8243; mpc_icon__mpc_tooltip__text=&#8221;VGVsbGltdXN0ZSUyMHJpZGFzaWQlMjBrdXVzJTBBJTBBS3VpdmFzJTIwbGFvcyUyMCUyMDI1MCUyMDAwMCUwQUVyaXRlbXBlcmF0dXVyaWxhb3MlMjAlMjAzNCUyMDAwMA==&#8221; mpc_icon__mpc_tooltip__border_divider=&#8221;true&#8221; mpc_icon__mpc_tooltip__border_css=&#8221;border-color:undefined;border-style:undefined;&#8221; mpc_icon__mpc_tooltip__padding_divider=&#8221;true&#8221; mpc_icon__animation_in_type=&#8221;transition.slideDownBigIn&#8221; mpc_icon__animation_in_offset=&#8221;100&#8243; mpc_icon__animation_in_duration=&#8221;600&#8243; mpc_icon__animation_in_delay=&#8221;300&#8243;][\/vc_column][\/vc_row][vc_row content_placement=&#8221;middle&#8221;][vc_column][vc_separator border_width=&#8221;2&#8243; css=&#8221;.vc_custom_1575469602785{padding-top: 10px !important;padding-bottom: 10px !important;}&#8221;][vc_custom_heading text=&#8221;Kui olete huvitatud meie laoteenustest ning sooviksite saada pakkumist, siis helistage meile v\u00f5i t\u00e4itke allolev vorm. Vastame meeleldi Teie k\u00fcsimustele!&#8221; font_container=&#8221;tag:h2|text_align:center&#8221; use_theme_fonts=&#8221;yes&#8221;][vc_empty_space][vc_raw_html]JTVCc2hvdy10ZWFtJTIwJTIwaWRzJTNEJTI3NDc4MCUyQzI2MTIlMkMyNjE1JTI3JTIwY2F0ZWdvcnklM0QlMjdlZXN0aSUyNyUyMGxheW91dCUzRCUyN2dyaWQlMjclMjBzdHlsZSUzRCUyN2ltZy1jaXJjbGUlMkNpbWctd2hpdGUtYm9yZGVyJTJDdGV4dC1sZWZ0JTJDaW1nLWFib3ZlJTJDMy1jb2x1bW5zJTI3JTIwZGlzcGxheSUzRCUyN3Bob3RvJTJDcG9zaXRpb24lMkNlbWFpbCUyQ3RlbGVwaG9uZSUyQ3NtYWxsaWNvbnMlMkNuYW1lJTI3JTIwaW1nJTNEJTI3MTUwJTJDMTUwJTI3JTVE[\/vc_raw_html][vc_separator border_width=&#8221;2&#8243; css=&#8221;.vc_custom_1575469636528{padding-top: 10px !important;padding-bottom: 10px !important;}&#8221;][\/vc_column][\/vc_row][vc_row][vc_column][vc_raw_html]JTNDc2NyaXB0JTIwdHlwZSUzRCUyMnRleHQlMkZqYXZhc2NyaXB0JTIyJTIwc3JjJTNEJTIyaHR0cHMlM0ElMkYlMkZmb3JtLmpvdGZvcm1ldS5jb20lMkZqc2Zvcm0lMkY4MjMyMzQ0Mjg2MDM1MiUyMiUzRSUzQyUyRnNjcmlwdCUzRQ==[\/vc_raw_html][\/vc_column][\/vc_row]<\/p>\n<\/div>","protected":false},"excerpt":{"rendered":"<p>[vc_row css=&#8221;.vc_custom_1575466977698{background-position: center !important;background-repeat: no-repeat !important;background-size: cover !important;}&#8221;][vc_column width=&#8221;1\/2&#8243;][vc_custom_heading text=&#8221;ARVELDUSTEENUSED&#8221; use_theme_fonts=&#8221;yes&#8221;][vc_column_text] Arveldamine Krediidihaldus (krediidilimiitide, v\u00f5lgnevuste ja saldode haldamine) Krediidiriski hindamine Arhiiviteenused Kliendi arvete koostamine Pakume oma klientidele paindlikku jaotusveo lahendust \u00fcle Eesti. Via&#8230;<\/p>\n","protected":false},"author":2,"featured_media":0,"parent":0,"menu_order":0,"comment_status":"closed","ping_status":"closed","template":"","meta":{"footnotes":""},"class_list":["post-4806","page","type-page","status-publish","hentry"],"_links":{"self":[{"href":"https:\/\/via3l.eu\/et\/wp-json\/wp\/v2\/pages\/4806","targetHints":{"allow":["GET"]}}],"collection":[{"href":"https:\/\/via3l.eu\/et\/wp-json\/wp\/v2\/pages"}],"about":[{"href":"https:\/\/via3l.eu\/et\/wp-json\/wp\/v2\/types\/page"}],"author":[{"embeddable":true,"href":"https:\/\/via3l.eu\/et\/wp-json\/wp\/v2\/users\/2"}],"replies":[{"embeddable":true,"href":"https:\/\/via3l.eu\/et\/wp-json\/wp\/v2\/comments?post=4806"}],"version-history":[{"count":0,"href":"https:\/\/via3l.eu\/et\/wp-json\/wp\/v2\/pages\/4806\/revisions"}],"wp:attachment":[{"href":"https:\/\/via3l.eu\/et\/wp-json\/wp\/v2\/media?parent=4806"}],"curies":[{"name":"wp","href":"https:\/\/api.w.org\/{rel}","templated":true}]}}