{"id":6211,"date":"2020-09-14T15:29:48","date_gmt":"2020-09-14T12:29:48","guid":{"rendered":"https:\/\/via3l.eu\/?page_id=6211"},"modified":"2025-11-21T14:55:00","modified_gmt":"2025-11-21T12:55:00","slug":"hea-teada","status":"publish","type":"page","link":"https:\/\/via3l.eu\/et\/rahvusvaheline-transport\/hea-teada\/","title":{"rendered":"Hea teada"},"content":{"rendered":"<div class=\"wpb-content-wrapper\"><p>[vc_row][vc_column][vc_column_text css=&#8221;&#8221;]<\/p>\n<p data-rm-block-id=\"block-1\">Maanteetransport on usaldusv\u00e4\u00e4rne ja t\u00f5hus meetod kaupade sihtkohta toimetamiseks. \u00dcle 150 haagist koosneva autopargiga pakume terviklikke transpordilahendusi nii t\u00e4iskoormaga (FTL) kui ka osakoormaga (LTL) saadetistele, mahutades nii standardsed kui ka eritemperatuuri vajavad kaubad. Ohtlike veoste transport vastavalt ADR-eeskirjadele ei tekita meile mingeid probleeme. Meie haagised on varustatud t\u00e4iustatud GPS-halduse ja j\u00e4lgimiss\u00fcsteemidega, et tagada saadetiste reaalajas seire. Lisaks oleme uhked, et meil on Balti riikides k\u00f5ige mitmekesisem haagiste autopark, sealhulgas <b>kardin<\/b>&#8211; ja <b>temperatuurikontrolliga<\/b> haagised, <b>kahekordse p\u00f5hjaga<\/b> haagised ja need, mille sisemine k\u00f5rgus \u00fcletab <b>kolm meetrit<\/b>. K\u00f5ik meie veotehingud on kaetud CMR-konventsiooni s\u00e4tete ja ekspedeerija vastutuskindlustusega.<\/p>\n<p>[\/vc_column_text][\/vc_column][\/vc_row][vc_row][vc_column][vc_custom_heading text=&#8221;HEA TEADA&#8221; font_container=&#8221;tag:h1|text_align:left&#8221; use_theme_fonts=&#8221;yes&#8221;][\/vc_column][\/vc_row][vc_row][vc_column][vc_empty_space height=&#8221;16px&#8221;][vc_column_text]Maanteevedu on usaldusv\u00e4\u00e4rne ja t\u00f5hus viis kaupade toimetamiseks sihtkohta. Oma enam kui 200 haagisest koosneva autopargiga pakume <strong>\u00fchendveolahendusi t\u00e4is- ja osakoormuskonteineritele<\/strong>, nii <strong>tavalisel<\/strong> kui ka <strong>reguleeritud temperatuuril<\/strong>. <strong>Ohtlike kaupade vedu (ADR)<\/strong> ei tekita meile mingeid raskusi. K\u00f5ik haagised on varustatud <strong>GPS haldus- ja j\u00e4lgimiss\u00fcsteemidega<\/strong>. Meil on Baltimaade k\u00f5ige mitmekesisem haagisepark: kalde- ja temperatuurikontrolliga, kahekorruseline ja kuni \u00fcle kolme meetrise sisek\u00f5rgusega. Meie kaubaveod on kaetud <strong>CMR<\/strong> ja <strong>Freight ekspedeerija vastutuskindlustusega<\/strong>.<\/p>\n<p data-rm-block-id=\"block-2\">Pakume kauba vedu konteineri \u00fches haagises, kasutades koorma veoks laadimiskohast sihtkohta mitut transpordivahendit. Teie kaupu ei laadita \u00fcmber, vaid see j\u00e4\u00e4b kogu veo v\u00e4ltel samasse haagisesse v\u00f5i konteinerisse. See hoiab \u00e4ra transpordikahjustused, kuid kasutab samal ajal k\u00f5ige optimaalsemaid marsruudil saadaolevaid transpordivahendeid.<\/p>\n<p data-rm-block-id=\"block-3\">Kasutame v\u00e4ga erinevaid poolhaagiseid, mis kohanduvad teie vajadustele.<\/p>\n<ol>\n<li aria-level=\"1\" data-rm-block-id=\"block-4\"><strong>Standardne l\u00fckandkatustega kaldpoolhaagis<\/strong>, mis h\u00f5lbustab lasti peale laadimist ja maha laadimist. Haagise pikkus on 13,6 m, laius 2,48 m ja k\u00f5rgus 2,7 m. K\u00f5ik meie kallutatavad haagised on k\u00fcldkardinatega haagised, mille all, m\u00f5lemal k\u00fcljel ja katusel on l\u00f5uendikangast kardinad, mida saab eest t\u00f5mmata, et kaupu oleks lihtne peale ja maha laadida. K\u00f5ik haagised on varustatud ka liuglevate k\u00fclgpostidega, et muuta laadungi k\u00e4sitsemine veelgi mugavamaks. \u00dchte haagisesse mahub kuni 33 v\u00f5i 34 euroalust v\u00f5i 26 Fin v\u00f5i Standard alust kogukaaluga kuni 24 tonni.<\/li>\n<li aria-level=\"1\" data-rm-block-id=\"block-5\"><strong>Kaldpoolhaagis koos t\u00f5ste- ja liugkatustega<\/strong>, mis h\u00f5lbustab lasti peale laadimist ja maha laadimist ning on sisemise k\u00f5rgusega kuni 3,05 m. Haagise pikkus on 13,6 m ja laius 2,48 m. T\u00f5stetava katuse abil on lihtne laadida kaupu kuni katusetaladeni. H\u00fcdrauliliselt reguleeritava t\u00f5stekatuse abil saame t\u00f5sta katuse 600 mm s\u00f5iduasendist k\u00f5rgemale.<\/li>\n<li aria-level=\"1\" data-rm-block-id=\"block-6\"><strong>Platvormhaagiseid<\/strong> kasutatakse suurem\u00f5\u00f5tmeliste veoste puhul, kui koorma k\u00f5rguse v\u00f5i laiuse t\u00f5ttu ei mahu kaup k\u00fclgede vahele v\u00f5i katuse alla. Haagise pikkus on 13,6 m, laius 2,48 m ja v\u00f5imaldab laadida kuni 24 tonni lasti.<\/li>\n<li aria-level=\"1\" data-rm-block-id=\"block-7\"><strong>K\u00fclmik-poolhaagised<\/strong> k\u00fclm-, v\u00e4rskete v\u00f5i kuivkaupade veoks. Reguleerime temperatuure vahemikus -20\u02daC (s\u00fcgavk\u00fclmutatud), 3\u02da &#8211; 10\u02daC (jahutatud) kuni 12\u02daC (kuumutatud). K\u00f5igil haagistel on ATP FRC sertifikaat ja need on varustatud temperatuurisalvestitega. Meil on olemas hulk <strong>kahekorruselisi<\/strong> k\u00fclmikhaagiseid, mille puhul on maksimaalse kuluefektiivsuse saavutamiseks v\u00f5imalik kaubaaluste kahekordne laadimine. Mitmed meie k\u00fclmikhaagised on nn <strong>mitme temperatuuriga haagised<\/strong>, mis pakuvad kuni kahte individuaalselt juhitavat kambrit samas haagises v\u00e4rske ja k\u00fclmutatud kauba vedamiseks.<\/li>\n<li aria-level=\"1\" data-rm-block-id=\"block-8\"><strong>Tugevalt soojustatud poolhaagised<\/strong> k\u00f5ikidele kaupadele, mis vajavad kaitset ilmastikutingimuste eest. K\u00f5igil haagistel on ATP IR sertifikaat ja kahekorruseline laadimisv\u00f5imalus.<\/li>\n<\/ol>\n<p data-rm-block-id=\"block-9\">Selleks et tagada <strong>toiduohutus<\/strong> rahvusvahelise transpordi ajal, s\u00f5lmiti Genfis 1. septembril 1970 kokkulepped, mis puudutavad riknevate toiduainete rahvusvahelist vedu ja sellise veo jaoks kasutatavaid erikvoote. Kokkulepped j\u00f5ustusid 21. novembril 1976. Kiiresti rikneva toidu transportimiseks kasutatavad seadmed peavad olema sertifitseeritud ATP sertifikaadiga ja neid tuleb ka korrap\u00e4raselt kontrollida. Meie haagistel on kas FRC v\u00f5i IR sertifikaat. FRC &#8211; k\u00fclmhaagis (F), millel on tugev isolatsioon (R) ja C-klass, mis v\u00f5imaldab transportida kontrollitud temperatuuril -20\u00b0C kuni +12\u00b0C (C). IR on tugeva isolatsiooniga haagis (R), kuid ilma mehaanilise k\u00fclmutusseadmeta, mis on FRC sertifitseeritud haagistel.<\/p>\n<p data-rm-block-id=\"block-10\">Meil on toiduainete transpordiga laialdased kogemused, lisaks ei tekita ka <strong>ohtlike kaupade vedu (ADR)<\/strong> meile mingeid raskusi. K\u00f5igile on selge, et peame ohtlike kaupade vedamisel olema ettevaatlikud. Seet\u00f5ttu on Euroopas selle kohta tehtud ka selged kokkulepped. Kokkulepe, mis puudutab ohtlikke kaupade vedu rahvusvahelisel maanteeveol (ADR) kehtib juba 29. jaanuarist 1968. ADR kokkuleppe kohaselt liigitatakse ohtlikud kaubad 13 klassi ja alamklassi. Iga klassi transportimise kohta on kehtestatud ka kindlad eeskirjad. Lisaks on k\u00f5igile ohtlikele kaupadele m\u00e4\u00e4ratud <strong>UN-number<\/strong>, neljakohaline number t\u00e4pse kauba sisu tuvastamiseks. Pakendamiseks m\u00e4\u00e4ratakse k\u00f5ik ohtlikud kaubad <strong>pakendir\u00fchmadesse<\/strong>: I r\u00fchm koosneb suure ohuga kaupadest, II r\u00fchm keskmise ja III r\u00fchm v\u00e4ikese ohuga kaupadest. Selleks, et teedel, tunnelites ja praamil oleks turvaline, on oluline teavitada meid <strong>ADR-i klassist<\/strong> ja UN-kaubanumbrist. Te ei pea kogu seda teavet meeles pidama, saatke meile lihtsalt <strong>Material Safety Data Sheet (MSDS)<\/strong> koopia, k\u00f5igil ohtlikel kaupadel on see olemas.<\/p>\n<p data-rm-block-id=\"block-11\">K\u00f5ik meie maantee-veoteenused toimuvad vastavalt <a href=\"https:\/\/www.riigiteataja.ee\/akt\/13037042\" target=\"_blank\" rel=\"noopener noreferrer nofollow\">CMR<\/a> konventsioonile, <a href=\"https:\/\/www.elea.ee\/elea-autokaubaveo-uldtingimused\/\" target=\"_blank\" rel=\"noopener noreferrer nofollow\">ELFA<\/a> autokaubaveo \u00fcldtingimustele ja meie enda <a href=\"https:\/\/via3l.eu\/Via_3L_Freight_General_Conditions.pdf\">\u00fcldtingimustele<\/a>. Riigisiseste vedude puhul Eestis kehtib Eesti Vabariigi v\u00f5la\u00f5igusseadus (<a href=\"https:\/\/www.riigiteataja.ee\/akt\/961235\" target=\"_blank\" rel=\"noopener noreferrer nofollow\">V\u00d5S<\/a>). CMR konventsioon ning muud eespool nimetatud seadused ja m\u00e4\u00e4rused on seotud kaupade maanteevedu k\u00e4sitlevate \u00f5iguslike k\u00fcsimustega. Rahvusvaheline Maanteevedude Liit (IRU) t\u00f6\u00f6tas v\u00e4lja CMR konventsiooni n\u00f5udel p\u00f5hineva standardse veokirja. Seda <strong>CMR veokirja<\/strong> ehk l\u00fchidalt CMR-i aktsepteeritakse ja tunnustatakse kogu Euroopas ning see on veodokument, mis peab olema iga veoga kaasas. Soovitatav on saata ka faktuurarve v\u00f5i saateleht koos oma saadetisega.<\/p>\n<p data-rm-block-id=\"block-12\">Me teeme k\u00f5ik, et v\u00e4ltida teie laadungi kahjustumist. Kahjuks v\u00f5ivad tekkida aga etten\u00e4gematud \u00f5nnetused, mille \u00fcle meil paraku kontrolli ei ole. Seet\u00f5ttu on meil ka Freight ekspedeerija vastutuskindlustus, mis p\u00f5hineb CMR konventsioonis kokkulepitud tingimustel. Peamine teema, millele enne transpordi tellimist m\u00f5elda, on Teie kauba v\u00e4\u00e4rtus. CMR konventsiooni kohaselt on vedaja vastutus piiratud umbes 9-10 \u20ac-ga brutokaalu kilogrammi kohta ning lisaks on vedaja vastutusel m\u00f5ned muud piirangud. Kui teie kaup \u00fcletab neid piire, soovitame eraldi kaubakindlustust, et tagada k\u00f5igi riskide katmine. Pakume teile hea meelega eraldi kaubakindlustust, et k\u00f5ik riskid oleksid kaetud.<\/p>\n<p data-rm-block-id=\"block-13\"><strong>Tollivormistus<\/strong>, kauba deklareerimine tollile riiki sisenemisel v\u00f5i riigist v\u00e4ljumisel on vajalik k\u00f5ikide <strong>Euroopa Liitu<\/strong> sisenevate v\u00f5i sealt v\u00e4ljuvate koormate puhul. Te ei vaja seda, et saata oma kaubad mingisse EL-i riiki, n\u00e4iteks Saksamaale v\u00f5i Rootsi. Tollivormistuse eesm\u00e4rk on tagada k\u00f5igi kohaldatavate <strong>imporditollimaksude ja teiste maksude<\/strong> tasumine ning kaupade vastavus k\u00f5ikidele asjakohastele m\u00e4\u00e4rustele. Tollivormistuseks peate esitama saadetise kohta \u00fcksikasjaliku teabe (v\u00e4\u00e4rtus, p\u00e4ritolu, sihtkoht, sisu jne). Saadetise paberite korrektne k\u00e4sitlemine, iga muutuva seaduse ja regulatsiooni m\u00f5istmine on aga keeruline ja aegan\u00f5udev. Seet\u00f5ttu abistame oma kliente tollivormistusel, kui seda vajate.<\/p>\n<p data-rm-block-id=\"block-14\">Pakume transporti <strong>t\u00e4is- (FTL) ja osakonteineritega (LTL)<\/strong> rahvusvahelistel vedudel. T\u00e4iskonteiner kirjeldab kaupa, mida liigutatakse poolhaagisega ja sellises haagises h\u00f5ivab kaup kogu ruumi. See t\u00e4hendab, et teie veos v\u00f5tab 13,6 <strong>laadimismeetrit (LDM)<\/strong>. \u00dcks laadimismeeter v\u00f5rdub 1 meetriga veoki pikkuse koguruumist. T\u00e4iskonteiner v\u00f5ib koosneda 33 euroalusest, aga ka k\u00f5igest kuni 24 tonnist, mis v\u00f5tab \u00e4ra kogu ruumi haagises. Haagise t\u00e4iskoormusi \u00fcldjuhul \u00fcmber ei laadita ja need j\u00e4\u00e4vad haagisesse kogu veo v\u00e4ltel alates laadimisest kuni mahalaadimiseni selle l\u00f5ppsihtkohas. LTL saadetised on v\u00e4iksemad saadetised ja ei h\u00f5iva kogu haagist. Veoettev\u00f5tja <strong>koondab<\/strong> haagise t\u00e4itmiseks tavaliselt mitu LTL-saadetist. Samuti ei laadita LTL-saadetisi \u00fcldjuhul \u00fcmber kogu veo v\u00e4ltel alates laadimisest kuni mahalaadimiseni l\u00f5ppsihtkohas. Saadetisi, mis suunatakse \u00fcmber l\u00e4bi m\u00f5ne <strong>transporditerminali<\/strong>, nimetame <strong>\u00fchitatud veoseks<\/strong>.<\/p>\n<p data-rm-block-id=\"block-15\">Selleks, et saaksime v\u00f5rrelda erinevate saadetiste mahtusid, mis v\u00f5imaldavad meil planeerida oma haagiseid ja jagada transpordi kulud \u00f5iglaselt klientide vahel, kelle LTL saadetis laaditakse \u00fchele haagisele, kasutame <strong>Tax Weighti<\/strong> arvutust. Haagise laadimisruum on piiratud pikkuse (13,6 LDM), mahu (olenevalt haagise t\u00fc\u00fcbist umbes 75 m3) ja kaalu (umbes 24 tonni) poolest. Tax weight on saadetise suurim pikkus\/kaalu\/mahuindikaator ning v\u00f5imaldab v\u00e4hendada erineva kaalu, mahu ja kujuga vedusid \u00fche universaalsuuruseni. Saadetise Tax weight&#8217;i arvutamiseks tuleb alati v\u00f5rrelda reaalkaalu LDM summaga, mis on korrutatud 1850 kg-ga ja kuupmeetrite summaga, mis on korrutatud 333 kg-ga. Neist kolmest suurim v\u00e4\u00e4rtus on saadetise Tax weight.<\/p>\n<ul>\n<li style=\"font-weight: 400;\" aria-level=\"1\" data-rm-block-id=\"block-16\"><span style=\"font-weight: 400;\">1 m<\/span><span style=\"font-weight: 400;\">3<\/span><span style=\"font-weight: 400;\"> = 333 kg tax weight;<\/span><\/li>\n<li style=\"font-weight: 400;\" aria-level=\"1\" data-rm-block-id=\"block-17\"><span style=\"font-weight: 400;\">1 LDM (laadimismeeter) = 1850 kg tax weight;<\/span><\/li>\n<li style=\"font-weight: 400;\" aria-level=\"1\" data-rm-block-id=\"block-18\"><span style=\"font-weight: 400;\">1 EUR kaubaalus (1.2*0,8 m) = 740 kg tax weight;<\/span><\/li>\n<li style=\"font-weight: 400;\" aria-level=\"1\" data-rm-block-id=\"block-19\"><span style=\"font-weight: 400;\">1 FIN v\u00f5i standard kaubaalus (1.2*1.0 m) = 925 kg tax weight.<\/span><\/li>\n<\/ul>\n<p data-rm-block-id=\"block-20\">Meie pakutavad hinnad koosnevad kahest komponendist, baasm\u00e4\u00e4rast ja <strong>k\u00fctuse lisatasust (BAF)<\/strong>. K\u00fctuse lisatasu m\u00e4\u00e4ratakse protsendina baasm\u00e4\u00e4radest. Meie k\u00fctuse lisatasu eesm\u00e4rk on kompenseerida k\u00f5ikuvaid k\u00fctusehindu, ilma et meid sunnitaks liiga tihti baasm\u00e4\u00e4rasid kohandama. Oma k\u00fctuse lisatasu arengust teavitame klienti iga kuu alguses e-posti teel.<\/p>\n<p data-rm-block-id=\"block-21\">V\u00f5tame heameelega vastu oma kliendi transporditellimusi l\u00e4bi mis iganes mugava kanali. Pakume v\u00f5imalust meiega liituda l\u00e4bi Ekstraneti privaatv\u00f5rgu, mis v\u00f5imaldab klientidele ligip\u00e4\u00e4su meie s\u00fcsteemile broneeringuteks, arveteks ja dokumendivahetuseks. Suuremahulisema regulaarse p\u00fcsikliendiga on meil v\u00f5imalus seadistada <strong>EDI (elektrooniline andmevahetus)<\/strong>, mis v\u00f5imaldab klientidel saata broneeringuid, saada arveid ja dokumente otse oma t\u00f6\u00f6keskkonda.[\/vc_column_text][\/vc_column][\/vc_row][vc_row][vc_column][vc_custom_heading text=&#8221;Via 3L Freight liikmelisus PPL Networks&#8217;i ja WCA Inter Global&#8217;iga&#8221; font_container=&#8221;tag:h1|text_align:left&#8221; use_theme_fonts=&#8221;yes&#8221;][\/vc_column][\/vc_row][vc_row equal_height=&#8221;yes&#8221;][vc_column width=&#8221;1\/2&#8243;][vc_custom_heading text=&#8221;WCAworld&#8221; use_theme_fonts=&#8221;yes&#8221;][\/vc_column][vc_column width=&#8221;1\/2&#8243;][vc_single_image image=&#8221;9971&#8243; img_size=&#8221;large&#8221;][\/vc_column][\/vc_row][vc_row][vc_column][vc_column_text]WCAworld on maailma suurim ja v\u00f5imsaim s\u00f5ltumatute ekspedeerijate v\u00f5rgustik, millel on \u00fcle 9503 liikmeskontori 194 riigis \u00fcle maailma. WCAworld liikmeskonna kombineeritud logistika v\u00f5ib \u00fcletada isegi maailma suurimate rahvusvaheliste ekspedeerijate oma.[\/vc_column_text][\/vc_column][\/vc_row][vc_row equal_height=&#8221;yes&#8221;][vc_column width=&#8221;1\/2&#8243;][vc_custom_heading text=&#8221;PPL NETWORKS&#8221; use_theme_fonts=&#8221;yes&#8221;][\/vc_column][vc_column width=&#8221;1\/2&#8243;][vc_single_image image=&#8221;9976&#8243; img_size=&#8221;large&#8221;][\/vc_column][\/vc_row][vc_row][vc_column][vc_column_text]PPL Networks&#8217;i juhtkonnal on palju aastaid kogemusi logistikat\u00f6\u00f6stuse k\u00f5igis segmentides. PPL on l\u00fchend nimest Pacific Power Logistics, ettev\u00f5tte peakontor asub Hongkongis ning PPL on tegev \u00fcle 120 riigis.<\/p>\n<p data-rm-block-id=\"block-22\">PPL Networks on kiiresti kasvav ja d\u00fcnaamiline v\u00f5rkustik s\u00f5ltumatute ekspediitorite ja logistikateenuste pakkujate jaoks. PPL Networks&#8217;i eesm\u00e4rk on toetada oma liikmeid nende logistika\u00e4ride arendamisel globaalses mastaabis.[\/vc_column_text][\/vc_column][\/vc_row][vc_row][vc_column][\/vc_column][\/vc_row][vc_row full_width=&#8221;stretch_row_content&#8221;][vc_column][vc_single_image image=&#8221;5955&#8243; img_size=&#8221;large&#8221; alignment=&#8221;center&#8221;][\/vc_column][\/vc_row][vc_row][vc_column][vc_single_image image=&#8221;13903&#8243; img_size=&#8221;large&#8221; alignment=&#8221;center&#8221; onclick=&#8221;custom_link&#8221; img_link_target=&#8221;_blank&#8221; link=&#8221;https:\/\/www.via3l.eu\/Infopank_2024EST_SERT.pdf&#8221;][vc_empty_space][\/vc_column][\/vc_row][vc_row equal_height=&#8221;yes&#8221;][vc_column css=&#8221;.vc_custom_1578654720342{padding-top: 0px !important;}&#8221;]\n\t\t\t\t<p class=\"rs-p-wp-fix\"><\/p>\n\t\t\t\t<sr7-module data-alias=\"iso-slider-footer-freight\" data-id=\"89\" id=\"SR7_89_1\" class=\"rs-ov-hidden\" data-version=\"6.7.34\">\n\t\t\t\t\t<sr7-adjuster><\/sr7-adjuster>\n\t\t\t\t\t<sr7-content>\n\t\t\t\t\t\t<sr7-carousel>\n\t\t\t\t\t\t<sr7-slide id=\"SR7_89_1-143\" data-key=\"143\">\n\t\t\t\t\t\t<\/sr7-slide>\n\t\t\t\t\t\t<sr7-slide id=\"SR7_89_1-228\" data-key=\"228\">\n\t\t\t\t\t\t<\/sr7-slide>\n\t\t\t\t\t\t<\/sr7-carousel>\n\t\t\t\t\t<\/sr7-content>\n\t\t\t\t\t<image_lists style=\"display:none\">\n\t\t\t\t\t\t<img decoding=async data-opt-id=212482230  fetchpriority=\"high\" data-src=\"https:\/\/mlpeimtmgped.i.optimole.com\/w:auto\/h:auto\/q:mauto\/ig:avif\/https:\/\/via3l.eu\/wp-content\/uploads\/2021\/05\/KTK.png\" data-libid=\"8719\" data-lib=\"medialibrary\" alt=\"KTK\" title=\"KTK\" width=\"0\" height=\"0\" data-dbsrc=\"Ly92aWEzbC5ldS93cC1jb250ZW50L3VwbG9hZHMvMjAyMS8wNS9LVEsucG5n\"\/>\n\t\t\t\t\t\t<img decoding=async data-opt-id=13807633  fetchpriority=\"high\" data-src=\"https:\/\/mlpeimtmgped.i.optimole.com\/w:auto\/h:auto\/q:mauto\/ig:avif\/https:\/\/via3l.eu\/wp-content\/uploads\/2023\/03\/ppl-networks.jpeg\" data-libid=\"9977\" data-lib=\"medialibrary\" alt=\"ppl networks ekspedeerimine maanteevedu merevedu lennuvedu edastamisteenus projektiveod raudteevedu vastutuskindlustus Rahvusvaheline transport hea teada\" title=\"ppl networks\" width=\"0\" height=\"0\" data-dbsrc=\"Ly92aWEzbC5ldS93cC1jb250ZW50L3VwbG9hZHMvMjAyMy8wMy9wcGwtbmV0d29ya3MuanBlZw==\"\/>\n\t\t\t\t\t\t<img decoding=async data-opt-id=1905513159  fetchpriority=\"high\" data-src=\"https:\/\/mlpeimtmgped.i.optimole.com\/w:auto\/h:auto\/q:mauto\/ig:avif\/https:\/\/via3l.eu\/wp-content\/uploads\/2020\/12\/Kaubanduskoda-liikmelogo_EST_logo_horiz.jpg\" data-libid=\"10596\" data-lib=\"medialibrary\" alt=\"Kaubanduskoda liikmelogo EST logo horiz via 3l\" title=\"Kaubanduskoda liikmelogo EST logo horiz\" width=\"0\" height=\"0\" data-dbsrc=\"Ly92aWEzbC5ldS93cC1jb250ZW50L3VwbG9hZHMvMjAyMC8xMi9LYXViYW5kdXNrb2RhLWxpaWttZWxvZ29fRVNUX2xvZ29faG9yaXouanBn\"\/>\n\t\t\t\t\t\t<img decoding=async data-opt-id=61978165  fetchpriority=\"high\" data-src=\"https:\/\/mlpeimtmgped.i.optimole.com\/w:auto\/h:auto\/q:mauto\/ig:avif\/https:\/\/via3l.eu\/wp-content\/uploads\/2025\/12\/ISO_withoutQR-ISO-9001.png\" data-libid=\"17696\" data-lib=\"medialibrary\" alt=\"ISO without QR 9001\" title=\"ISO without QR ISO\" width=\"0\" height=\"0\" data-dbsrc=\"Ly92aWEzbC5ldS93cC1jb250ZW50L3VwbG9hZHMvMjAyNS8xMi9JU09fd2l0aG91dFFSLUlTTy05MDAxLnBuZw==\"\/>\n\t\t\t\t\t\t<img decoding=async data-opt-id=1875822355  fetchpriority=\"high\" data-src=\"https:\/\/mlpeimtmgped.i.optimole.com\/w:300\/h:112\/q:mauto\/ig:avif\/https:\/\/via3l.eu\/wp-content\/uploads\/2023\/03\/WCA-inter-global.png\" data-libid=\"9972\" data-lib=\"medialibrary\" alt=\"WCA inter global ekspedeerimine maanteevedu merevedu lennuvedu Rahvusvaheline transport hea teada projektiveod raudteevedu edastamisteenus vastutuskindlustus\" title=\"WCA inter global\" width=\"0\" height=\"0\" data-dbsrc=\"Ly92aWEzbC5ldS93cC1jb250ZW50L3VwbG9hZHMvMjAyMy8wMy9XQ0EtaW50ZXItZ2xvYmFsLTMwMHgxMTIucG5n\"\/>\n\t\t\t\t\t\t<img decoding=async data-opt-id=1169833947  fetchpriority=\"high\" data-src=\"https:\/\/mlpeimtmgped.i.optimole.com\/w:300\/h:126\/q:mauto\/ig:avif\/https:\/\/via3l.eu\/wp-content\/uploads\/2021\/05\/reliable_partner_logo_green.jpg\" data-libid=\"10124\" data-lib=\"medialibrary\" alt=\"reliable partner logo green ekspedeerimine maanteevedu merevedu lennuvedu raudteevedu projektiveod edastamisteenus vastutuskindlustus Rahvusvaheline transport hea teada\" title=\"reliable partner logo green\" width=\"0\" height=\"0\" data-dbsrc=\"Ly92aWEzbC5ldS93cC1jb250ZW50L3VwbG9hZHMvMjAyMS8wNS9yZWxpYWJsZV9wYXJ0bmVyX2xvZ29fZ3JlZW4tMzAweDEyNi5qcGc=\"\/>\n\t\t\t\t\t<\/image_lists>\n\t\t\t\t<\/sr7-module>\n\t\t\t\t<script>\n\t\t\t\t\tSR7.PMH ??={}; SR7.PMH[\"SR7_89_1\"] = {cn:100,state:false,fn: function() { if (_tpt!==undefined && _tpt.prepareModuleHeight !== undefined) {  _tpt.prepareModuleHeight({id:\"SR7_89_1\",el:[150,150,150,150,300],type:'carousel',shdw:'0',gh:[150,150,150,150,300],gw:[1240,1240,1240,1240,480],vpt:['-200px&#039;,&#039;-200px&#039;,&#039;-200px&#039;,&#039;-200px&#039;,&#039;-200px'],size:{fullWidth:false, fullHeight:false},mh:'0',onh:0,onw:0,bg:{color:'{\"orig\":\"transparent\",\"type\":\"solid\",\"string\":\"transparent\"}'},carousel:{pt:'0',pb:'0'}});   SR7.PMH[\"SR7_89_1\"].state=true;} else if(SR7.PMH[\"SR7_89_1\"].cn-->0)\tsetTimeout( SR7.PMH[\"SR7_89_1\"].fn,19);}};SR7.PMH[\"SR7_89_1\" ].fn();\n\t\t\t\t<\/script>\n[\/vc_column][\/vc_row][vc_row][vc_column][vc_column_text]<\/p>\n<p>[\/vc_column_text][\/vc_column][\/vc_row]<\/p>\n<\/div>","protected":false},"excerpt":{"rendered":"<p>[vc_row][vc_column][vc_column_text css=&#8221;&#8221;] Maanteetransport on usaldusv\u00e4\u00e4rne ja t\u00f5hus meetod kaupade sihtkohta toimetamiseks. \u00dcle 150 haagist koosneva autopargiga pakume terviklikke transpordilahendusi nii t\u00e4iskoormaga (FTL) kui ka osakoormaga (LTL) saadetistele, mahutades nii standardsed kui ka eritemperatuuri&#8230;<\/p>\n","protected":false},"author":2,"featured_media":17504,"parent":3344,"menu_order":0,"comment_status":"closed","ping_status":"closed","template":"","meta":{"footnotes":""},"class_list":["post-6211","page","type-page","status-publish","has-post-thumbnail","hentry"],"_links":{"self":[{"href":"https:\/\/via3l.eu\/et\/wp-json\/wp\/v2\/pages\/6211","targetHints":{"allow":["GET"]}}],"collection":[{"href":"https:\/\/via3l.eu\/et\/wp-json\/wp\/v2\/pages"}],"about":[{"href":"https:\/\/via3l.eu\/et\/wp-json\/wp\/v2\/types\/page"}],"author":[{"embeddable":true,"href":"https:\/\/via3l.eu\/et\/wp-json\/wp\/v2\/users\/2"}],"replies":[{"embeddable":true,"href":"https:\/\/via3l.eu\/et\/wp-json\/wp\/v2\/comments?post=6211"}],"version-history":[{"count":0,"href":"https:\/\/via3l.eu\/et\/wp-json\/wp\/v2\/pages\/6211\/revisions"}],"up":[{"embeddable":true,"href":"https:\/\/via3l.eu\/et\/wp-json\/wp\/v2\/pages\/3344"}],"wp:featuredmedia":[{"embeddable":true,"href":"https:\/\/via3l.eu\/et\/wp-json\/wp\/v2\/media\/17504"}],"wp:attachment":[{"href":"https:\/\/via3l.eu\/et\/wp-json\/wp\/v2\/media?parent=6211"}],"curies":[{"name":"wp","href":"https:\/\/api.w.org\/{rel}","templated":true}]}}