{"id":6270,"date":"2020-09-14T16:46:34","date_gmt":"2020-09-14T13:46:34","guid":{"rendered":"https:\/\/via3l.eu\/?page_id=6270"},"modified":"2025-03-13T10:25:15","modified_gmt":"2025-03-13T08:25:15","slug":"norra-transport","status":"publish","type":"page","link":"https:\/\/via3l.eu\/et\/rahvusvaheline-transport\/norra-transport\/","title":{"rendered":"Norra"},"content":{"rendered":"<div class=\"wpb-content-wrapper\"><p>[vc_row][vc_column][vc_column_text]<\/p>\n<h2>EESTI-NORRA JA NORRA-EESTI RAHVUSVAHELISE TRANSPORDI TEENUSED.<\/h2>\n<p>Korraldame kiirelt ja soodsalt Sinu kaubad eksport- v\u00f5i import-suunal Eestist Norra v\u00f5i Norrast Eestisse. Kaubavedu Norra suunal ja tagasi toimuvad igal t\u00f6\u00f6p\u00e4eval ning osakoormate laadimine toimub vastavalt graafikule[\/vc_column_text][\/vc_column][\/vc_row][vc_row equal_height=&#8221;yes&#8221;][vc_column width=&#8221;2\/3&#8243;][vc_custom_heading text=&#8221;VEOKORRALDAJA&#8221; font_container=&#8221;tag:h2|text_align:center&#8221; use_theme_fonts=&#8221;yes&#8221;]<div class=\"ult-team-member-wrap ult-style-1  \"><div class=\"ult-team-member-image\" style=\"\"> <img decoding=\"async\" class=\"ult-team-grayscale\" src=\"\" alt=\"\"  style=\"\"><span class=\"ult-team-member-image-overlay \"  ><\/span><\/div><div class=\"ult-team-member-bio-wrap style-1 ultimate-heading69e21fb231fa7\" style=\"text-align:center;; \"><div class=\"ult-team-member-name-wrap\"><h2 class=\"ult-team-member-name ult-responsive\"  data-ultimate-target='.ult-team-member-bio-wrap.ultimate-heading69e21fb231fa7 .ult-team-member-name'  data-responsive-json-new='{\"font-size\":\"\",\"line-height\":\"\"}'  style=\"\"><\/h2><div class=\"ult-team-member-description ult-responsive\"  data-ultimate-target='.ult-team-member-bio-wrap.ultimate-heading69e21fb231fa7 .ult-team-member-description'  data-responsive-json-new='{\"font-size\":\"\",\"line-height\":\"\"}'  style=\"\"><p>[show-team orderby=&#8217;title&#8217; limit=&#8217;4&#8242; pagination=&#8217;true&#8217; exclude=&#8217;4170&#8242; category=&#8217;taani&#8217; layout=&#8217;grid&#8217; style=&#8217;,text-center,img-left,1-column&#8217; display=&#8217;name,smallicons,freehtml,email,telephone&#8217; img=&#8217;160,160&#8242;]<\/p>\n<p><\/p><\/div><div style=\"margin-bottom:15px\"><\/div><\/div><\/div><\/div>[vc_empty_space][\/vc_column][vc_column width=&#8221;1\/3&#8243;][vc_row_inner css=&#8221;.vc_custom_1572258101504{margin-top: 20px !important;}&#8221;][vc_column_inner][vc_single_image image=&#8221;3332&#8243; img_size=&#8221;large&#8221;][vc_single_image image=&#8221;4097&#8243; img_size=&#8221;large&#8221;][vc_empty_space][vc_btn title=&#8221;K\u00fcsi pakkkumist&#8221; color=&#8221;success&#8221; size=&#8221;lg&#8221; align=&#8221;center&#8221; i_icon_fontawesome=&#8221;fa fa-truck&#8221; button_block=&#8221;true&#8221; add_icon=&#8221;true&#8221; link=&#8221;url:https%3A%2F%2Fvia3l.eu%2Fet%2Frahvusvaheline-transport%2Fkusi-pakkumist%2F|title:K%C3%BCsi%20pakkkumist|&#8221; css=&#8221;.vc_custom_1572341889673{border-top-width: 20px !important;border-bottom-width: 20px !important;}&#8221;][vc_btn title=&#8221;E-tellimiskeskus&#8221; color=&#8221;primary&#8221; size=&#8221;lg&#8221; align=&#8221;center&#8221; i_icon_fontawesome=&#8221;fa fa-truck&#8221; button_block=&#8221;true&#8221; add_icon=&#8221;true&#8221; link=&#8221;url:http%3A%2F%2Fextranet.xsped.net%2Fvia3l.eu|&#8221; css=&#8221;.vc_custom_1572423992604{border-top-width: 20px !important;border-bottom-width: 20px !important;}&#8221;][vc_column_text]<a href=\"\/?page_id=4548\">E-tellimiskeskkonda kasutajaks registreerimine<\/a><\/p>\n<p>[\/vc_column_text][\/vc_column_inner][\/vc_row_inner][\/vc_column][\/vc_row][vc_row full_width=&#8221;stretch_row&#8221; content_placement=&#8221;middle&#8221;][vc_column][vc_custom_heading text=&#8221;T\u00c4IS- JA OSAKOORMATE TRANSPORT VASTAVALT GRAAFIKULE&#8221; font_container=&#8221;tag:h2|text_align:center&#8221; use_theme_fonts=&#8221;yes&#8221;][vc_single_image image=&#8221;4330&#8243; img_size=&#8221;large&#8221; alignment=&#8221;center&#8221;][\/vc_column][\/vc_row]<\/p>\n<\/div>","protected":false},"excerpt":{"rendered":"<p>[vc_row][vc_column][vc_column_text] EESTI-NORRA JA NORRA-EESTI RAHVUSVAHELISE TRANSPORDI TEENUSED. Korraldame kiirelt ja soodsalt Sinu kaubad eksport- v\u00f5i import-suunal Eestist Norra v\u00f5i Norrast Eestisse. Kaubavedu Norra suunal ja tagasi toimuvad igal t\u00f6\u00f6p\u00e4eval ning osakoormate laadimine toimub&#8230;<\/p>\n","protected":false},"author":2,"featured_media":0,"parent":3344,"menu_order":0,"comment_status":"closed","ping_status":"closed","template":"","meta":{"footnotes":""},"class_list":["post-6270","page","type-page","status-publish","hentry"],"_links":{"self":[{"href":"https:\/\/via3l.eu\/et\/wp-json\/wp\/v2\/pages\/6270","targetHints":{"allow":["GET"]}}],"collection":[{"href":"https:\/\/via3l.eu\/et\/wp-json\/wp\/v2\/pages"}],"about":[{"href":"https:\/\/via3l.eu\/et\/wp-json\/wp\/v2\/types\/page"}],"author":[{"embeddable":true,"href":"https:\/\/via3l.eu\/et\/wp-json\/wp\/v2\/users\/2"}],"replies":[{"embeddable":true,"href":"https:\/\/via3l.eu\/et\/wp-json\/wp\/v2\/comments?post=6270"}],"version-history":[{"count":0,"href":"https:\/\/via3l.eu\/et\/wp-json\/wp\/v2\/pages\/6270\/revisions"}],"up":[{"embeddable":true,"href":"https:\/\/via3l.eu\/et\/wp-json\/wp\/v2\/pages\/3344"}],"wp:attachment":[{"href":"https:\/\/via3l.eu\/et\/wp-json\/wp\/v2\/media?parent=6270"}],"curies":[{"name":"wp","href":"https:\/\/api.w.org\/{rel}","templated":true}]}}