{"id":6799,"date":"2020-10-05T10:49:55","date_gmt":"2020-10-05T07:49:55","guid":{"rendered":"https:\/\/via3l.eu\/?page_id=6799"},"modified":"2026-04-02T13:40:39","modified_gmt":"2026-04-02T10:40:39","slug":"kutuselisa-transpordikulude-muutuv-osa","status":"publish","type":"page","link":"https:\/\/via3l.eu\/et\/3pl_logistika\/kutuselisa-transpordikulude-muutuv-osa\/","title":{"rendered":"K\u00fctuselisa"},"content":{"rendered":"<div class=\"wpb-content-wrapper\"><p>[vc_row][vc_column el_id=&#8221;kytus-ee-hinnalisa&#8221;][vc_custom_heading text=&#8221;K\u00fctuse hinnalisa | Fuel surcharge&#8221; font_container=&#8221;tag:h1|text_align:center&#8221; use_theme_fonts=&#8221;yes&#8221;][vc_row_inner][vc_column_inner][vc_column_text css=&#8221;&#8221;]K\u00f5igile Via 3L-i poolt teostatavatele maanteetranspordi teenuste hindadele lisandub k\u00fctuse lisatasu (BAF). K\u00fctuse lisatasu aluseks on eelmise perioodi l\u00f5pu diiselk\u00fctuse hulgihind Eestis AS Alexela tanklates. K\u00fctuse lisatasu koefitsient (BAF) arvutatakse arvestades k\u00fctusekulu osakaalu transporditeenuse kogukuludest ja see on jooksva perioodi k\u00fctuselisatasu aluseks.[\/vc_column_text][vc_column_text css=&#8221;&#8221;]K\u00fctuse hinnalisa, tuntud ka kui k\u00fctuse lisatasu koefitsient (BAF, Fuel surcharge), arvutatakse, v\u00f5ttes arvesse k\u00fctusekulu osakaalu transporditeenuse kogukuludest. See koefitsient peegeldab k\u00fctusehinnat\u00f5usust tulenevaid lisakulusid, mis m\u00f5jutavad teenuse osutamise hinda. Jooksva perioodi k\u00fctuse lisatasu m\u00e4\u00e4ratakse vastavalt sellele koefitsiendile, et tagada teenuse pakkujate j\u00e4tkusuutlikkus ja \u00f5iglane tasustamine. K\u00fctuse hinnalisa on t\u00e4htis aspekt, mille arvestamine aitab s\u00e4ilitada tasakaalu transpordi valdkonnas ning kaitsta teenuseosutajaid \u00e4kiliste k\u00fctusehindade k\u00f5ikumiste eest.[\/vc_column_text][\/vc_column_inner][\/vc_row_inner][vc_row_inner][vc_column_inner][vc_empty_space][vc_custom_heading text=&#8221;K\u00fctuselisa koefitsendid&#8221; font_container=&#8221;tag:h2|text_align:center&#8221; google_fonts=&#8221;font_family:Raleway%3A100%2C200%2C300%2Cregular%2C500%2C600%2C700%2C800%2C900|font_style:400%20regular%3A400%3Anormal&#8221;][vc_empty_space][\/vc_column_inner][\/vc_row_inner][\/vc_column][\/vc_row][vc_row][vc_column][vc_tta_tabs section_title_tag=&#8221;h3&#8243; spacing=&#8221;10&#8243; active_section=&#8221;1&#8243;][vc_tta_section title=&#8221;K\u00fctuse lisatasu 2026&#8243; tab_id=&#8221;1716792988422-25f1c00a-aac2&#8243;][vc_column_text css=&#8221;&#8221;][\/vc_column_text][vc_custom_heading text=&#8221;K\u00fctuse lisatasu&#8221; font_container=&#8221;tag:h3|text_align:center&#8221; use_theme_fonts=&#8221;yes&#8221;][vc_column_text css=&#8221;&#8221;]<\/p>\n<p style=\"text-align: center;\">N\u00c4DALAL 15: 38,2%<\/p>\n<p>[\/vc_column_text][vc_column_text css=&#8221;&#8221;]<\/p>\n<p style=\"text-align: center;\">N\u00c4DALAL 14: 35,8%<\/p>\n<p>[\/vc_column_text][vc_column_text css=&#8221;&#8221;]<\/p>\n<p style=\"text-align: center;\">N\u00c4DALAL 13: 36,3%<\/p>\n<p>[\/vc_column_text][vc_column_text css=&#8221;&#8221;]<\/p>\n<p style=\"text-align: center;\">N\u00c4DALAL 12: 26,7%<\/p>\n<p>[\/vc_column_text][vc_column_text css=&#8221;&#8221;]<\/p>\n<p style=\"text-align: center;\">N\u00c4DALAL 11: 26,1%<\/p>\n<p>[\/vc_column_text][vc_column_text css=&#8221;&#8221;]<\/p>\n<p style=\"text-align: center;\">N\u00c4DALAL 10: 15%<\/p>\n<p>[\/vc_column_text][vc_column_text css=&#8221;&#8221;]<\/p>\n<p style=\"text-align: center;\">VEEBRUARIS 2026: 13%<\/p>\n<p>[\/vc_column_text][vc_column_text css=&#8221;&#8221;]<\/p>\n<p style=\"text-align: center;\">JAANUARIS 2026: 11,6%<\/p>\n<p>[\/vc_column_text][\/vc_tta_section][\/vc_tta_tabs][\/vc_column][vc_column][vc_empty_space][\/vc_column][\/vc_row][vc_row][vc_column][vc_custom_heading text=&#8221;Fuel Surcharge&#8221; font_container=&#8221;tag:h3|text_align:center&#8221; use_theme_fonts=&#8221;yes&#8221;][vc_column_text css=&#8221;&#8221;]<\/p>\n<div class=\"flex flex-col text-sm pb-25\">\n<article class=\"text-token-text-primary w-full focus:outline-none [--shadow-height:45px] has-data-writing-block:pointer-events-none has-data-writing-block:-mt-(--shadow-height) has-data-writing-block:pt-(--shadow-height) [&amp;:has([data-writing-block])&gt;*]:pointer-events-auto scroll-mt-[calc(var(--header-height)+min(200px,max(70px,20svh)))]\" dir=\"auto\" tabindex=\"-1\" data-turn-id=\"request-WEB:fc0a6910-30cb-48ae-bf70-f41a16be586a-0\" data-testid=\"conversation-turn-2\" data-scroll-anchor=\"true\" data-turn=\"assistant\">\n<div class=\"text-base my-auto mx-auto pb-10 [--thread-content-margin:--spacing(4)] @w-sm\/main:[--thread-content-margin:--spacing(6)] @w-lg\/main:[--thread-content-margin:--spacing(16)] px-(--thread-content-margin)\">\n<div class=\"[--thread-content-max-width:40rem] @w-lg\/main:[--thread-content-max-width:48rem] mx-auto max-w-(--thread-content-max-width) flex-1 group\/turn-messages focus-visible:outline-hidden relative flex w-full min-w-0 flex-col agent-turn\" tabindex=\"-1\">\n<div class=\"flex max-w-full flex-col grow\">\n<div class=\"min-h-8 text-message relative flex w-full flex-col items-end gap-2 text-start break-words whitespace-normal [.text-message+&amp;]:mt-1\" dir=\"auto\" data-message-author-role=\"assistant\" data-message-id=\"91bd772b-1f29-4608-934e-fbcab06acf21\" data-message-model-slug=\"gpt-5-3\">\n<div class=\"flex w-full flex-col gap-1 empty:hidden first:pt-[1px]\">\n<div class=\"markdown prose dark:prose-invert w-full wrap-break-word light markdown-new-styling\">\n<p data-start=\"20\" data-end=\"464\" data-is-last-node=\"\" data-is-only-node=\"\">A fuel surcharge (BAF) is added to the prices of all road transport services provided by Via 3L. The fuel surcharge is based on the wholesale price of diesel fuel in Estonia at AS Alexela fuel stations at the end of the previous period. The fuel surcharge coefficient (BAF) is calculated taking into account the share of fuel costs in the total cost of the transport service, and it forms the basis for the fuel surcharge in the current period.<\/p>\n<\/div>\n<\/div>\n<\/div>\n<\/div>\n<\/div>\n<\/div>\n<\/article>\n<\/div>\n<p>[\/vc_column_text][vc_column_text css=&#8221;&#8221;]<\/p>\n<p data-path-to-node=\"1,1\">This coefficient reflects the additional costs resulting from rising fuel prices that affect the cost of providing the service. The current period&#8217;s fuel surcharge is determined based on this coefficient to ensure the sustainability and fair compensation of service providers. The fuel surcharge is a key factor that helps maintain balance within the transport sector and protects service providers against sudden fluctuations in fuel prices.<\/p>\n<p>[\/vc_column_text][vc_empty_space][\/vc_column][\/vc_row][vc_row full_width=&#8221;stretch_row_content&#8221;][vc_column][vc_single_image image=&#8221;11315&#8243; img_size=&#8221;large&#8221; alignment=&#8221;center&#8221;][\/vc_column][\/vc_row][vc_row][vc_column][vc_raw_js]JTNDc2NyaXB0JTNFJTBBJTIwJTIwZnVuY3Rpb24lMjByZXNpemVTaGVldCUyOCUyOSUyMCU3QiUwQSUyMCUyMCUyMCUyMGNvbnN0JTIwc2hlZXRJZnJhbWUlMjAlM0QlMjBkb2N1bWVudC5xdWVyeVNlbGVjdG9yJTI4JTI3aWZyYW1lJTVCc3JjJTJBJTNEJTIyZG9jcy5nb29nbGUuY29tJTIyJTVEJTI3JTI5JTNCJTBBJTIwJTIwJTIwJTIwaWYlMjAlMjhzaGVldElmcmFtZSUyOSUyMCU3QiUwQSUyMCUyMCUyMCUyMCUyMCUyMCUyRiUyRiUyMFNldCUyMHdpZHRoJTIwdG8lMjAxMDAlMjUlMEElMjAlMjAlMjAlMjAlMjAlMjBzaGVldElmcmFtZS5zdHlsZS53aWR0aCUyMCUzRCUyMCUyMjEwMCUyNSUyMiUzQiUwQSUyMCUyMCUyMCUyMCUyMCUyMCUwQSUyMCUyMCUyMCUyMCUyMCUyMCUyRiUyRiUyMExvZ2ljJTNBJTIwSWYlMjBvbiUyMG1vYmlsZSUyMCUyOHdpZHRoJTIwJTNDJTIwNzY4cHglMjklMkMlMjBtYWtlJTIwaXQlMjB0YWxsZXIlMjB0byUyMGFjY29tbW9kYXRlJTIwdG91Y2glMjBzY3JvbGxpbmclMEElMjAlMjAlMjAlMjAlMjAlMjAlMkYlMkYlMjBJZiUyMG9uJTIwZGVza3RvcCUyQyUyMHNldCUyMGl0JTIwdG8lMjA2MDBweCUyMG9yJTIwZml0JTIwdGhlJTIwd2luZG93JTBBJTIwJTIwJTIwJTIwJTIwJTIwaWYlMjAlMjh3aW5kb3cuaW5uZXJXaWR0aCUyMCUzQyUyMDc2OCUyOSUyMCU3QiUwQSUyMCUyMCUyMCUyMCUyMCUyMCUyMCUyMHNoZWV0SWZyYW1lLnN0eWxlLmhlaWdodCUyMCUzRCUyMCUyMjUwMHB4JTIyJTNCJTIwJTBBJTIwJTIwJTIwJTIwJTIwJTIwJTdEJTIwZWxzZSUyMCU3QiUwQSUyMCUyMCUyMCUyMCUyMCUyMCUyMCUyMHNoZWV0SWZyYW1lLnN0eWxlLmhlaWdodCUyMCUzRCUyMCUyMjgwMHB4JTIyJTNCJTIwJTJGJTJGJTIwVGFsbGVyJTIwZm9yJTIwZGVza3RvcCUwQSUyMCUyMCUyMCUyMCUyMCUyMCU3RCUwQSUyMCUyMCUyMCUyMCUyMCUyMHNoZWV0SWZyYW1lLnN0eWxlLmJvcmRlciUyMCUzRCUyMCUyMm5vbmUlMjIlM0IlMEElMjAlMjAlMjAlMjAlN0QlMEElMjAlMjAlN0QlMEElMEElMjAlMjAlMkYlMkYlMjBSdW4lMjBvbiUyMGxvYWQlMEElMjAlMjB3aW5kb3cuYWRkRXZlbnRMaXN0ZW5lciUyOCUyN2xvYWQlMjclMkMlMjByZXNpemVTaGVldCUyOSUzQiUwQSUyMCUyMCUyRiUyRiUyMFJ1biUyMHdoZW5ldmVyJTIwdGhlJTIwdXNlciUyMHJlc2l6ZXMlMjB0aGVpciUyMGJyb3dzZXIlMjB3aW5kb3clMEElMjAlMjB3aW5kb3cuYWRkRXZlbnRMaXN0ZW5lciUyOCUyN3Jlc2l6ZSUyNyUyQyUyMHJlc2l6ZVNoZWV0JTI5JTNCJTBBJTNDJTJGc2NyaXB0JTNF[\/vc_raw_js][\/vc_column][\/vc_row]<\/p>\n<\/div>","protected":false},"excerpt":{"rendered":"<p>[vc_row][vc_column el_id=&#8221;kytus-ee-hinnalisa&#8221;][vc_custom_heading text=&#8221;K\u00fctuse hinnalisa | Fuel surcharge&#8221; font_container=&#8221;tag:h1|text_align:center&#8221; use_theme_fonts=&#8221;yes&#8221;][vc_row_inner][vc_column_inner][vc_column_text css=&#8221;&#8221;]K\u00f5igile Via 3L-i poolt teostatavatele maanteetranspordi teenuste hindadele lisandub k\u00fctuse lisatasu (BAF). K\u00fctuse lisatasu aluseks on eelmise perioodi l\u00f5pu diiselk\u00fctuse hulgihind Eestis AS Alexela&#8230;<\/p>\n","protected":false},"author":2,"featured_media":17704,"parent":3647,"menu_order":0,"comment_status":"closed","ping_status":"closed","template":"","meta":{"footnotes":""},"class_list":["post-6799","page","type-page","status-publish","has-post-thumbnail","hentry"],"_links":{"self":[{"href":"https:\/\/via3l.eu\/et\/wp-json\/wp\/v2\/pages\/6799","targetHints":{"allow":["GET"]}}],"collection":[{"href":"https:\/\/via3l.eu\/et\/wp-json\/wp\/v2\/pages"}],"about":[{"href":"https:\/\/via3l.eu\/et\/wp-json\/wp\/v2\/types\/page"}],"author":[{"embeddable":true,"href":"https:\/\/via3l.eu\/et\/wp-json\/wp\/v2\/users\/2"}],"replies":[{"embeddable":true,"href":"https:\/\/via3l.eu\/et\/wp-json\/wp\/v2\/comments?post=6799"}],"version-history":[{"count":15,"href":"https:\/\/via3l.eu\/et\/wp-json\/wp\/v2\/pages\/6799\/revisions"}],"predecessor-version":[{"id":17945,"href":"https:\/\/via3l.eu\/et\/wp-json\/wp\/v2\/pages\/6799\/revisions\/17945"}],"up":[{"embeddable":true,"href":"https:\/\/via3l.eu\/et\/wp-json\/wp\/v2\/pages\/3647"}],"wp:featuredmedia":[{"embeddable":true,"href":"https:\/\/via3l.eu\/et\/wp-json\/wp\/v2\/media\/17704"}],"wp:attachment":[{"href":"https:\/\/via3l.eu\/et\/wp-json\/wp\/v2\/media?parent=6799"}],"curies":[{"name":"wp","href":"https:\/\/api.w.org\/{rel}","templated":true}]}}