{"id":6972,"date":"2023-02-07T15:54:27","date_gmt":"2023-02-07T13:54:27","guid":{"rendered":"https:\/\/via3l.eu\/?page_id=6972"},"modified":"2026-03-05T08:18:49","modified_gmt":"2026-03-05T06:18:49","slug":"teenuste-uldtingimused","status":"publish","type":"page","link":"https:\/\/via3l.eu\/et\/teenuste-uldtingimused\/","title":{"rendered":"Teenuste \u00fcldtingimused"},"content":{"rendered":"<div class=\"wpb-content-wrapper\"><p>[vc_row][vc_column width=&#8221;5\/6&#8243;][vc_custom_heading text=&#8221;Via 3L teenuste \u00fcldtingimused&#8221; font_container=&#8221;tag:h1|text_align:left&#8221; use_theme_fonts=&#8221;yes&#8221;][\/vc_column][vc_column width=&#8221;1\/6&#8243;][vc_single_image image=&#8221;2687&#8243; img_size=&#8221;medium&#8221; alignment=&#8221;center&#8221;][\/vc_column][\/vc_row][vc_row css=&#8221;.vc_custom_1616682951446{background-image: url(https:\/\/mlpeimtmgped.i.optimole.com\/w:auto\/h:auto\/q:mauto\/ig:avif\/https:\/\/via3l.eu\/wp-content\/uploads\/2015\/10\/sinine-taust-e1600174017858.png?id=2822) !important;}&#8221;][vc_column css=&#8221;.vc_custom_1616683049450{background-image: url(https:\/\/mlpeimtmgped.i.optimole.com\/w:auto\/h:auto\/q:mauto\/ig:avif\/https:\/\/via3l.eu\/wp-content\/uploads\/2015\/10\/sinine-taust-e1600174017858.png?id=2822) !important;}&#8221;][vc_column_text css=&#8221;&#8221;]Siit leiad info Via 3L teenuste \u00fcldtingimused teenuste osutamise tingimuste kohta.<br \/>\nPane t\u00e4hele, et erinevate teenuste puhul kehtivad t\u00e4iendavad eritingimused, mille kohta leiab t\u00e4psemat teavet vastavate teenuste alapeat\u00fckkidest.<\/p>\n<h2><strong>1. \u00dcLDS\u00c4TTED<\/strong><\/h2>\n<p>1.1. K\u00e4esolevad Via 3L O\u00dc (edaspidi: Via 3L) Teenuste \u00fcldtingimused (edaspidi: \u00dcldtingimused) s\u00e4testavad Ladustamis-, Kaubaveo- ja muude Logistika teenuste osutamise korra ning tingimused.<br \/>\n1.2. \u00dcldtingimused kohalduvad Lepingule s\u00f5ltumata Lepingu s\u00f5lmimise vormist (nt e-kirja teel, muus vormis). Pooled v\u00f5ivad s\u00f5lmida Lepingu, mis reguleerib Poolte vahel kokkulepitud tingimusi ja mille alusel Via 3L osutab Kliendile p\u00fcsivalt Teenust.<br \/>\n1.3. Teenuste osutamisel l\u00e4htutakse Eesti Vabariigi seadusandlusest, Eesti Ekspedeerijate Assotsiatsiooni (ELEA) \u00fcldtingimustest ja kauba ladustamisteenuse osutamise korral ELEA ladustamise \u00fcldtingimustest ning Rahvusvahelise kaupade autoveolepingu konventsioonist (CMR).<\/p>\n<h2><strong>2. M\u00d5ISTED<\/strong><\/h2>\n<p>2.1. Kauba Omanik &#8211; juriidiline isik, kes on s\u00f5lminud lepingu Teenuste osutamiseks Via 3L poolt;<br \/>\n2.2. Teenused \u2013 Via 3L poolt Kliendile osutatav Ladustamis-, Kaubaveo- ja muu Logistika teenus. Teenuse m\u00f5iste kohaldub ka teenusele, mis ei ole Ladustamis-, Kaubaveo- ja muu Logistika teenuse m\u00f5istega h\u00f5lmatud kuid mille osutamises oli Poolte vahel kokku lepitud v\u00f5i mitte, kuid mille osutamine on vajalik nt suurema kahju v\u00e4ltimiseks v\u00f5i v\u00e4hendamiseks;<br \/>\n2.3. Kaup &#8211; on Kliendile kuuluv n\u00f5uetekohaselt pakendatud ja markeeritud ese, mis antakse Via 3L`i vastutavale hoiule ja\/v\u00f5i Kaubaveole;<br \/>\n2.4. Kauba Saajad \u2013 Kauba Omaniku kliendid kellele Via 3L v\u00e4ljastab ja toimetab Kauba vastavalt Kauba Omanikult v\u00f5i &#8211; Saajalt tulnud tellimustele ning kellel on \u00f5igus Kaup vastu v\u00f5tta;<br \/>\n2.5. Tellimus \u2013 Kauba Omaniku v\u00f5i Kauba Saaja poolt Via 3L`le esitatud korraldus Teenuse osutamiseks;<br \/>\n2.6. Teenustasu\u00a0 \u2013 Poolte poolt kokkulepitud tasud osutatavate Teenuste eest;<br \/>\n2.7. Veograafik \u2013 Kaupade tarne ajad p\u00e4evade, piirkondade ja Kauba temperatuuride l\u00f5ikes;<br \/>\n2.8. SKU &#8211; SKU all m\u00f5istavad pooled igat laoarvestuses eraldi tootekoodi all arvestatavat toodet.<br \/>\n2.9. Hoiukoha all m\u00f5istetakse Kauba aluse kohta v\u00f5i eraldi m\u00e4rgistatud peenkauba riiulit;<br \/>\n2.10. Aktiivkoht \u2013 on toote unikaalne komplekteerimiskoht, kust teostatakse kauba komplekteerimist. Aktiivkohast teostatakse t\u00fcki v\u00f5i kasti kaupa toodete komplekteerimist FEFO printsiibil;<br \/>\n2.11. Passiivkoht \u2013 on kaupade reserv laokohad laos;<br \/>\n2.12. Peenkauba riiul \u2013 Kauba asukoht kaupadele, mis oma parameetritelt vajavad hoiustamist v\u00e4iksemal pinnal. Kauba arvestus peenkaubariiulitel k\u00e4ib kuupmeetri p\u00f5hiselt (m3).<br \/>\n2.13. Veovahend \u2013 Veovahendi all loetakse veokit, millega kaubavedu teostatakse (kaubik, tagaluuk, poolhaagis).<br \/>\n2.14. Laadimiskoht &#8211; Tellimuses nimetatud Saadetise peale- v\u00f5i mahalaadimiskoht. Laadimiskoht peab olema k\u00f5va kattega, sileda pinnaga, kaldeta ja astmeteta pind, mis asub teetasapinnal v\u00f5i Via3L s\u00f5iduki tagaluugiga samal k\u00f5rgusel.<\/p>\n<h2>3. TEENUSTE OSUTAMINE<\/h2>\n<h3><strong>3.1. KAUBA VASTUV\u00d5TT<\/strong><\/h3>\n<p>3.1.1. Kauba Omanik kohustub Via 3Lle edastama Ostutellimuse saabuva kauba kohta j\u00e4rgmistel viisidel: elektroonilisel kujul kokkulepitud formaadis EDI kanaleid pidi v\u00f5i manuaalselt e-kirja teel klienditeenindus@via3l.eu.<br \/>\n3.1.2. Ostutellimuse elektroonilise kuju m\u00f5iste all m\u00f5eldakse info saatmist .xml; .csv formaadis (lisatud link Via3L kodulehele).<br \/>\n3.1.3. Kauba Omanik tarnib Kaubad vastuv\u00f5tmiseks vajalike saatedokumentidega (veoseleht, arve\/saateleht).<br \/>\n3.1.4. Saabuvate kaupade osas peab Kauba Omanik edastama info v\u00e4hemalt 3 t\u00f6\u00f6p\u00e4eva ette.<br \/>\n3.1.5. Tarnitav Kaup peab vastama Kauba Omaniku poolt saadetud saatedokumentidele.<br \/>\n3.1.6. Kauba Omanik toimetab Kaubad Via 3L lattu EUR m\u00f5\u00f5dus (1200 x 800 mm) alustel k\u00f5rgusega kuni 2200 mm ja kaaluga kuni 1000 kg.<br \/>\n3.1.7. K\u00e4sitsi laadimist vajavate Kaupade osas teavitab Kauba Omanik Via 3Lt ette v\u00e4hemalt 7 t\u00f6\u00f6p\u00e4eva.<br \/>\n3.1.8. Tarnitavad Kaubad on korrektselt pakendatud ja kaubaalusele kinnitatud, Kaubad on kaubaalusel sirged ja komplektsed.<br \/>\n3.1.9. Tarnitavad Kaubad peavad olema markeeritud. Kaubad on tuvastatavad triipkoodi j\u00e4rgi ning Kaupade pakendid (kastid v\u00f5i plokid) on markeeritud loetavalt, sisaldades Kauba nimetust, Kauba ja kasti triipkoodi (EAN13; EAN128; SSCC), kasti kogust t\u00fckkides, partiid (kui on n\u00f5utav) ning parim enne kuup\u00e4eva. Pakendid on asetatud alusel nii, et markeering on n\u00e4htaval (sildid v\u00e4ljapool).<br \/>\n3.1.10. Kauba Omanik kohustub tagama iga j\u00e4rgneva tarnega Kaupu mis on pikema v\u00f5i sama s\u00e4ilivusajaga, mis on saadetud Via 3L lattu eelnevatel kordadel.<br \/>\n3.1.11. Kui \u00fchel Kaubaalusel on erineva s\u00e4ilitust\u00e4htajaga kaubad, siis need peavad olema selgelt eraldatud ja m\u00e4rgistatud.<br \/>\n3.1.12. Via3L eeldab, et k\u00f5ik saabuvad Kaubad on n\u00f5uetekohaselt ja vastavalt EV seadusandlusele markeeritud, juhul kui Kaubad vajavad markeerimist, siis on Kauba Omanik kohustatud sellest Via3L-i ette teatama v\u00e4hemalt 7 t\u00f6\u00f6p\u00e4eva.<br \/>\n3.1.13. Tarnitavad Kaubad on veovahendis ligip\u00e4\u00e4setavad laadimissilla kaudu. Kaubad, mis takistavad laadimist, liigutab autojuht ise eest ning laadib autosse tagasi.<\/p>\n<h3><strong>3.2. TOOTEKAARDID<\/strong><\/h3>\n<p>3.2.1. Uute Kaupade puhul saadab Kauba Omanik Via 3Lle v\u00e4hemalt 5 t\u00f6\u00f6p\u00e4eva ette tootekaardi info, kokkulepitud formaadis (.xml; .csv; .xlsx; .xls). (lisatud link Via3L kodulehele).<br \/>\n3.2.2. Olemasolevate Kaupade osas, kui muutuvad Kauba andmed (n\u00e4iteks kogus pakendis, kogus alusel, kaal, uus EAN, nimemuutus\u00a0 jne) siis on Kauba Omanik kohustatud saatma sellise info ette v\u00e4hemalt 5 t\u00f6\u00f6p\u00e4eva kokkulepitud formaadis (.xml; .csv; .xlsx; .xls). (lisatud link Via3L kodulehele).<\/p>\n<h3><strong>3.3. KAUBA LADUSTAMINE<\/strong><\/h3>\n<p>3.3.1. Via3L arvestab standardina hoiukoha m\u00e4\u00e4ramisel EUR m\u00f5\u00f5dus alust m\u00f5\u00f5tudega 1200 x 800 mm.<br \/>\n3.3.2. Via3L arvestab alusekoha k\u00f5rguse m\u00e4\u00e4ramisel sissetuleva aluse k\u00f5rgust koos kaubaalusega, millele liidetakse juurde t\u00f5ste teostamiseks vajalik 150 mm.<br \/>\n3.3.3. Hoiukoha k\u00f5rguse j\u00e4rgi hinnastamine toimub vastavalt saabunud kauba k\u00f5rguse alusel.<br \/>\n3.3.4. Aktiivkohtade ja kaubanimetuse (SKU) arvestamisel l\u00e4htutakse p\u00f5him\u00f5ttest, et kui Kaup on laoseisust l\u00f5ppenud (0 kogus laos), siis antud Aktiivkoht on broneeritud edasi antud Kaubale.<br \/>\n3.3.5. Kauba Omanik teavitab sortimendist v\u00e4ljuvatest Kaupadest Via3L-i ette v\u00e4hemalt 30 p\u00e4eva e-kirja teel klienditeenindus@via3l.eu, esitades sortimendist v\u00e4ljuva tootekoodi, toote nimetuse ja EAN koodi. Selle teavituse alusel Via3L vabastab Aktiivkoha ja Kaubanimetuse (SKU) arvestusest antud Kaupade aktiivkohad.<br \/>\n3.3.6. Peenkauba riiuliks loetakse asukohta maksimaalse mahuga 0,48 m\u00b3.<br \/>\n3.3.7. Kaubad, mis ohustavad ja v\u00f5ivad kahjustada teisi Kaupu (lekkivad purgid jms.) kantakse laoarvestusest maha ja tuleb h\u00e4vitada viivitamatult. Praak Kaubad kantakse praagilattu.<\/p>\n<h3><strong>3.4. KAUBA KOMPLEKTEERIMINE JA V\u00c4LJASTUS<\/strong><\/h3>\n<p>3.4.1. Kauba Omanik v\u00f5i Kauba Saaja edastab Tellimused Via3L-le v\u00e4ljuva kauba kohta elektroonilisel kujul. Elektroonilise kuju m\u00f5iste all m\u00f5eldakse info saatmist .xml; .csv v\u00f5i muul analoogses formaadis EDI kanaleid pidi.<br \/>\n3.4.2. Kauba Omanik on kohustatud edastama Tellimused vastavalt Via 3L poolsele Veograafikule, mis on leitav siit\u00a0 (lisatud link Via3L kodulehele).<br \/>\n3.4.3. Iga saabunud Tellimuse kohta edastab Via3L tellimuse kinnituse ja Kauba Omanik kohustub koheselt teavitama VIA3L-i kui tellimuse kinnitust ei ole Kauba Omanikuni\u00a0 j\u00f5udnud (1h jooksul).<br \/>\n3.4.4. Via3L komplekteerib k\u00f5ik Tellimused p\u00f5him\u00f5ttel FEFO ( First Expiry First Out) (v.a. suuremas koguses tagastused mis ei mahu lao aktiivkohtadele ja pannakse passiivkohtadele) v\u00f5i s\u00e4ilivusaja puudumisel FIFO (First In First Out) toodete seast, mis on vastu v\u00f5etud ja ladustatud alusekohale.<br \/>\n3.4.5. Via3L k\u00e4sitleb k\u00f5iki Tellimustele lisatud kommentaare, kindla reegli alusel s\u00e4ilivusajaga (nt. \u2154 kauba elueast jne) v\u00f5i kindla Partiiga Kaupade v\u00e4ljastamist eranditena.<br \/>\n3.4.6. K\u00f5ik Tellimused mida FEFO reeglite alusel komplekteerida ei saa, k\u00e4sitletakse kui eritingimusega komplekteerimist.<br \/>\n3.4.7. Via3L arvestab standardina, et \u00fches Aktiivkohas v\u00f5ib olla kuni 2-e erineva partiiga Kaupa (1 SKU), juhul kui seal on rohkem kui kaks partiid, siis k\u00e4sitletakse sellist Kauba komplekteerimist eritingimusena.<\/p>\n<h3><strong>3.5. KAUBA JAOTUSVEDU<\/strong><\/h3>\n<p>3.5.1. Via3L tarnib Kauba Kaubad Saajale vastavalt saabunud Tellimustele\u00a0 Via3L-i Tellimuse- ja Veograafiku alusel. Kaubad tarnitakse Kauba Saajale Veograafikus fikseeritud p\u00e4eva jooksul kella 8:00 \u2013 18:00ni, kui ei ole kirjalikult kokkulepitud teisiti.<br \/>\n3.5.2. Kauba Saaja poolne laadimiskoht peab olema vabalt ligip\u00e4\u00e4setav Kaubiku v\u00f5i sellest suurema veovahendiga. Mahalaadimiseks loetakse saadetise laadimist s\u00f5idukilt ja selle asetamist s\u00f5iduki k\u00f5rvale v\u00f5i estakaadile kuni 6 meetri kaugusele.<br \/>\n3.5.3. Maksimaalseks laadimise ajavahemikuks Kauba Saaja juures loeb Via3L 15 min. Pikema ooteaja puhul rakendub ooteaja tariif.<br \/>\n3.5.4. Kui Via3L-l ei ole v\u00f5imalik Kaupa \u00fcle anda Kauba Saajale siis k\u00e4sitletakse sellist vedu kui T\u00fchis\u00f5itu mille eest Via3L-l on \u00f5igus n\u00f5uda tasu.<br \/>\n3.5.5. Kauba k\u00e4ttetoimetamise kinnitamiseks on Kauba Saaja poolt puutetundlikul ekraanil ja\/v\u00f5i paberkandjal allkirjastatud vastav tarnekinnitus. Tarnekinnitus sisaldab informatsiooni Kauba Saaja nime, allkirja ning Kauba k\u00e4ttetoimetamise kuup\u00e4eva kohta. Tarnekinnitusega ei loeta kaubakoguse vastavust arvele kinnitatuks.<br \/>\n3.5.6. Via3L tarnib v\u00e4ljuvad Tellimused oma jaotusveo logistikaga, kus need saadetakse Kauba Saajatele vastavalt Via3L Veograafikutele.<br \/>\n3.5.7. Erandjuhuna on lubatud ka \u201cise j\u00e4rgi\u201d Tellimused (v\u00e4ljastus laost), kuid sellistest juhtudest on Kauba Omanik kohustatud ette teatama v\u00e4hemalt 2 t\u00f6\u00f6p\u00e4eva.<br \/>\n3.5.8. Via3L-l on \u00f5igus teha \u00fchepoolselt muudatusi Tellimuse- ja Veograafikus, teatades sellistest muudatustest ette 2 (kaks) n\u00e4dalat enne nende j\u00f5ustumist.<\/p>\n<p><strong>4. K\u00dcTUSE LISATASU<\/strong><\/p>\n<p>K\u00f5igile Via 3L-i poolt teostatavatele maanteetranspordi teenuste hindadele lisandub\u00a0 k\u00fctuselisatasu. K\u00fctuse lisatasu aluseks on eelmise perioodi l\u00f5pu diiselk\u00fctuse hulgihind Eestis AS Alexela tanklates. K\u00fctuse lisatasu koefitsient (BAF) arvutatakse arvestades k\u00fctusekulu osakaalu transporditeenuse kogukuludest ja see on jooksva perioodi k\u00fctuselisatasu aluseks.<\/p>\n<p><strong>5. POOLTE VASTUTUS JA SELLE PIIRANGUD<\/strong><\/p>\n<p>5.1. Via 3L vastutab tema valduses oleva Kauba kaotsimineku, Kauba v\u00e4\u00e4rtuse v\u00e4henemise ja Kauba kahjustumise eest. Via 3L ei vastuta kolmandate isikute tegevuse v\u00f5i tegevusetuse eest Kauba k\u00e4itlemisel, kui Kaup ei ole Via 3L-i v\u00f5i tema vedaja valduses.<br \/>\n5.2. Kauba kaotsimineku\u00a0 v\u00f5i\u00a0 Kauba v\u00e4\u00e4rtuse v\u00e4henemise v\u00f5i selle kahjustamise eest makstavat h\u00fcvitist arvutatakse Kauba sisseostuhindade alusel. Via 3L ei ole kohustatud Kauba Omanikule maksma peale Kauba sisseostuhinna muud h\u00fcvitist. Kui Via 3L on t\u00e4ielikult h\u00fcvitanud kauba v\u00e4\u00e4rtuse, kuulub Kauba omandi\u00f5igus Via 3Lle. Transpordi teenuse osutamisel l\u00e4htutakse SDR vastutusest, mis on toodud punktis 5.8.<br \/>\n5.3. Via 3L ei vastuta eelk\u00f5ige juhul, kui Kauba kaotsimineku, Kauba v\u00e4\u00e4rtuse v\u00e4henemise, Kauba kahjustumise v\u00f5i Kauba kohaletoimetamisega viivitamise on p\u00f5hjustanud:<br \/>\n5.3.1. Kauba Omaniku eksimus v\u00f5i hooletus;<br \/>\n5.3.2. Kauba Omanik v\u00f5i tema nimel tegutsev isik, kes on Kaupa peale v\u00f5i maha laadinud v\u00f5i muul viisil k\u00e4idelnud;<br \/>\n5.3.3. kauba omadustest tulenev\u00a0 kahjustumine, kui Via 3L ei saanud nende asjaolude tekkimist v\u00e4ltida ja selliseid tagaj\u00e4rgi \u00e4ra hoida;<br \/>\n5.3.4. viivitus, mis on p\u00f5hjustatud v\u00e4\u00e4ramatu j\u00f5u asjaolust.<br \/>\n5.4. Kui Kauba vedudel on Via 3L kohustatud maksma vedajale v\u00f5i kolmandatele isikutele Kauba poolt p\u00f5hjustatud avariimaksu v\u00f5i kahjuh\u00fcvitist, on Kauba Omanik kohustatud h\u00fcvitama sellest tekkiva kahju Via 3L-le.<br \/>\n5.5. Kauba Saajale Kauba \u00fcleandmisega viivitamise korral on Via 3L kohustatud Kauba Omanikule tema n\u00f5udel h\u00fcvitama sellega p\u00f5hjustatud otsese kahju, kuid mitte rohkem, kui 5%-i Teenuse eest makstavast Teenustasust \u00fche juhtumi kohta. H\u00fcvitist ei pea maksma, kui viivitamine ei olnud p\u00f5hjustatud Via 3L s\u00fc\u00fcl.<br \/>\n5.6. Poolel on \u00f5igus n\u00f5uda teiselt Poolelt Lepingust tulenevate rahaliste kohustuste t\u00e4itmisega viivitamise korral viivisintressi 0,05%-i v\u00f5lgnetavast summast iga tasumisega viivitatud kalendrip\u00e4eva eest, kuni v\u00f5lgnetava summa t\u00e4ieliku tasumiseni.<br \/>\n5.7. Lepingust tulenevate rahaliste kohustuste t\u00e4itmata j\u00e4tmisel enam kui 30 (kolmk\u00fcmmend) kalendrip\u00e4eva v\u00f5i kui varem on tekkinud p\u00f5hjendatud alus kahelda kauba Omaniku suutlikkuses tasuda oma sissen\u00f5utavaks muutunud rahalisi kohustusi on Via 3L-l \u00f5igus peatada Teenuste osutamine ja keelduda Kauba Omanikule kuuluva Kauba \u00fcleandmisest Kauba Omanikule, vedajale v\u00f5i Kauba Saajale, kuni Teenustasu v\u00f5la tasumiseni (edaspidi nimetatud Pant). Kui Kaup l\u00e4heb kaotsi v\u00f5i h\u00e4vib, on Via 3Ll \u00f5igus Pantida ka kindlustusandja v\u00f5i vedajate v\u00f5i muu isiku makstav h\u00fcvitis ja Kauba saatedokumendid. Pandi kohaldamisele ja Panditud Kauba realiseerimisele v\u00f5la katteks kohaldavad pooled ELEA \u00fcldtingimusi. Kauba realiseerimise aja, koha ja viisi v\u00f5ib valida Via 3L.<br \/>\n5.8. Veo teenusega seotud vastutuse maksimumm\u00e4\u00e4r:<br \/>\n5.8.1. \u00a0Via 3L vastutus on piiratud vastavalt CMR konventsioonile 8,33 SDR-iga kadunud v\u00f5i kahjustunud Saadetise iga kilogrammi kohta.<\/p>\n<p><strong>6. ISIKUANDMETE T\u00d6\u00d6TLEMINE<\/strong><\/p>\n<p>6.1. Via 3L j\u00e4rgib isikuandmete t\u00f6\u00f6tlemisel kohaldatavaid andmekaitseseadusi, rahvusvahelisi andmekaitset k\u00e4sitlevaid \u00f5igusakte ning p\u00e4devate andmekaitseasutuste poolt v\u00e4ljastatud s\u00e4tteid, korraldusi, juhiseid ja soovitusi.<br \/>\n6.2. Via 3L t\u00f6\u00f6tleb j\u00e4rgnevaid isikuandmeid:<br \/>\n6.2.1. Kliendi, Saatja ja Saaja kontaktandmed (nimi, aadress, asukoht, telefoninumber, e-posti aadress);<br \/>\n6.2.2. Kliendi makseandmed;<br \/>\n6.2.3. Kampaaniates osalemisel osaleja kontaktandmed ja muu esitatud teave.<br \/>\n6.3. Isikuandmeid t\u00f6\u00f6deldakse p\u00f5him\u00f5tetes toodud viisil ja vajalikus ulatuses teenuste osutamiseks, s.o. Saadetiste vastuv\u00f5tmiseks, sorteerimiseks, transportimiseks, tollimiseks ja k\u00e4ttetoimetamiseks. Muudel juhtudel, s.o. turunduskampaaniate ja loosimiste l\u00e4biviimiseks, t\u00f6\u00f6tleb Via 3L isikuandmeid Kliendi n\u00f5usolekul.<br \/>\n6.4. Teenuse osutamise raames on lubatud isikuandmete edastamine ilma t\u00e4iendava Kliendi poolse vastava lisaloata:<br \/>\n6.4.1. Via 3L allt\u00f6\u00f6v\u00f5tjatele, keda kasutatakse Teenuse osutamisel;<br \/>\n6.4.2. Isikutele ja asutustele, kellele on edastamine vajalik valitud Teenuse osutamiseks v\u00f5i on n\u00f5utud seaduse alusel v\u00f5i avalike huvide kaitseks.<br \/>\n6.5. Via 3L s\u00e4ilitab isikuandmeid nii kaua kui on vajalik eesm\u00e4rgi saavutamiseks v\u00f5i seadustes etten\u00e4htud t\u00e4htajani.<br \/>\n6.6. Via 3L rakendab asjakohaseid organisatsioonilisi ja tehnilisi kaitsemeetmeid, et oleks tagatud isikuandmete t\u00f6\u00f6tlemisel vajalik turvalisuse tase.<br \/>\n6.7. Kliendil on seoses tema isikuandmete t\u00f6\u00f6tlemisega \u00f5igus:<br \/>\n6.7.1. Saada Via 3L-lt teavet oma isikuandmete ja nende kasutamise kohta seaduses s\u00e4testatud korras ja ulatuses;<br \/>\n6.7.2. N\u00f5uda Via 3Llt seaduses s\u00e4testatud juhtudel oma isikuandmete kasutamise l\u00f5petamist ning parandamist, sulgemist ja kustutamist;<br \/>\n6.7.3. N\u00f5ustuda v\u00f5i keelata oma isikuandmete kasutamine otseturunduseks v\u00f5i turunduslikul eesm\u00e4rgil, teavitades sellest Via 3L-i;<br \/>\n6.7.4. P\u00f6\u00f6rduda enda \u00f5iguste rikkumisel Andmekaitse Inspektsiooni ja kohtu poole.<\/p>\n<p><strong>7. TEENUSTE \u00dcLDTINGIMUSTE MUUDATUSTEST<\/strong><\/p>\n<p>7.1. Teenuste \u00fcldtingimused kehtestab Via 3L, kes v\u00f5ib neid \u00fchtlasi \u00fchepoolselt muuta, sh kui<br \/>\n7.1.1. \u00a0\u00a0selle tingib muudatus kehtivas seadusandluses v\u00f5i selle t\u00f5lgendamises;<br \/>\n7.1.2. \u00a0\u00a0v\u00f5etakse kasutusele uus Teenus, muudetakse Teenust v\u00f5i l\u00f5petatakse senise Teenuse pakkumine;<br \/>\n7.1.3. \u00a0muudatused tulenevad Klientide korduvast tagasisidest;<br \/>\n7.1.4. \u00a0Via 3L suhtes j\u00f5ustub kohustav kohtulahend v\u00f5i haldusakt muudatuste sisseviimiseks;<br \/>\n7.1.5. \u00a0esinevad muudatused Via 3L-i t\u00f6\u00f6korralduses;<br \/>\n7.1.6. \u00a0toimuvad tehnoloogilised arengud, mis v\u00f5imaldavad parandada Teenuste kvaliteeti ja\/v\u00f5i turvalisust, v\u00f5i<br \/>\n7.1.7. \u00a0esinevad muud etten\u00e4gematud asjaolud, mille tagaj\u00e4rjel saab m\u00f5istlikult eeldada muutmise vajadust.<br \/>\n7.2. \u00a0Via 3L teavitab Teenuste \u00fcldtingimuste muutmisest Via 3L veebilehe (www.via3l.eu) vahendusel v\u00e4hemalt 14 p\u00e4eva enne muudatuse j\u00f5ustumist. Kauba Omanikku eraldi muudatustest ei teavitata. J\u00f5ustunud muudatused ei kehti Teenusele, mis on tellitud ja mille eest on tasutud enne muudatuse j\u00f5ustumist, v\u00e4lja arvatud, kui Via 3L on selges\u00f5naliselt s\u00e4testanud teisiti v\u00f5i kui muudatused ei m\u00f5juta Teenuse kasutamist ega kahjusta Klienti ebam\u00f5istlikult.[\/vc_column_text][\/vc_column][\/vc_row][vc_row][vc_column]\n\t\t\t\t<p class=\"rs-p-wp-fix\"><\/p>\n\t\t\t\t<sr7-module data-alias=\"about-us-slider-iso-14001-22000-9001\" data-id=\"74\" id=\"SR7_74_1\" class=\"rs-ov-hidden\" data-version=\"6.7.34\">\n\t\t\t\t\t<sr7-adjuster><\/sr7-adjuster>\n\t\t\t\t\t<sr7-content>\n\t\t\t\t\t\t<sr7-carousel>\n\t\t\t\t\t\t<sr7-slide id=\"SR7_74_1-123\" data-key=\"123\">\n\t\t\t\t\t\t<\/sr7-slide>\n\t\t\t\t\t\t<sr7-slide id=\"SR7_74_1-213\" data-key=\"213\">\n\t\t\t\t\t\t<\/sr7-slide>\n\t\t\t\t\t\t<\/sr7-carousel>\n\t\t\t\t\t<\/sr7-content>\n\t\t\t\t\t<image_lists style=\"display:none\">\n\t\t\t\t\t\t<img decoding=async data-opt-id=212482230  fetchpriority=\"high\" data-src=\"https:\/\/mlpeimtmgped.i.optimole.com\/w:auto\/h:auto\/q:mauto\/ig:avif\/https:\/\/via3l.eu\/wp-content\/uploads\/2021\/05\/KTK.png\" data-libid=\"8719\" data-lib=\"medialibrary\" alt=\"KTK\" title=\"KTK\" width=\"0\" height=\"0\" data-dbsrc=\"Ly92aWEzbC5ldS93cC1jb250ZW50L3VwbG9hZHMvMjAyMS8wNS9LVEsucG5n\"\/>\n\t\t\t\t\t\t<img decoding=async data-opt-id=80147785  fetchpriority=\"high\" data-src=\"https:\/\/mlpeimtmgped.i.optimole.com\/w:auto\/h:auto\/q:mauto\/ig:avif\/https:\/\/via3l.eu\/wp-content\/uploads\/2025\/10\/22000-metrosert-logo.png\" data-libid=\"17442\" data-lib=\"medialibrary\" alt=\"metrosert logo\" title=\"metrosert logo\" width=\"0\" height=\"0\" data-dbsrc=\"Ly92aWEzbC5ldS93cC1jb250ZW50L3VwbG9hZHMvMjAyNS8xMC8yMjAwMC1tZXRyb3NlcnQtbG9nby5wbmc=\"\/>\n\t\t\t\t\t\t<img decoding=async data-opt-id=1905513159  fetchpriority=\"high\" data-src=\"https:\/\/mlpeimtmgped.i.optimole.com\/w:auto\/h:auto\/q:mauto\/ig:avif\/https:\/\/via3l.eu\/wp-content\/uploads\/2020\/12\/Kaubanduskoda-liikmelogo_EST_logo_horiz.jpg\" data-libid=\"10596\" data-lib=\"medialibrary\" alt=\"Kaubanduskoda liikmelogo EST logo horiz via 3l\" title=\"Kaubanduskoda liikmelogo EST logo horiz\" width=\"0\" height=\"0\" data-dbsrc=\"Ly92aWEzbC5ldS93cC1jb250ZW50L3VwbG9hZHMvMjAyMC8xMi9LYXViYW5kdXNrb2RhLWxpaWttZWxvZ29fRVNUX2xvZ29faG9yaXouanBn\"\/>\n\t\t\t\t\t\t<img decoding=async data-opt-id=61978165  fetchpriority=\"high\" data-src=\"https:\/\/mlpeimtmgped.i.optimole.com\/w:auto\/h:auto\/q:mauto\/ig:avif\/https:\/\/via3l.eu\/wp-content\/uploads\/2025\/12\/ISO_withoutQR-ISO-9001.png\" data-libid=\"17696\" data-lib=\"medialibrary\" alt=\"ISO without QR 9001\" title=\"ISO without QR ISO\" width=\"0\" height=\"0\" data-dbsrc=\"Ly92aWEzbC5ldS93cC1jb250ZW50L3VwbG9hZHMvMjAyNS8xMi9JU09fd2l0aG91dFFSLUlTTy05MDAxLnBuZw==\"\/>\n\t\t\t\t\t\t<img decoding=async data-opt-id=745910895  fetchpriority=\"high\" data-src=\"https:\/\/mlpeimtmgped.i.optimole.com\/w:150\/h:150\/q:mauto\/rt:fill\/g:ce\/ig:avif\/https:\/\/via3l.eu\/wp-content\/uploads\/2020\/06\/Via3l_freight_logo_original.png\" data-libid=\"5679\" data-lib=\"medialibrary\" alt=\"Via 3L Freight ekspedeerimine\" title=\"Via3l_freight_logo_original\" width=\"0\" height=\"0\" data-dbsrc=\"Ly92aWEzbC5ldS93cC1jb250ZW50L3VwbG9hZHMvMjAyMC8wNi9WaWEzbF9mcmVpZ2h0X2xvZ29fb3JpZ2luYWwtMTUweDE1MC5wbmc=\"\/>\n\t\t\t\t\t\t<img decoding=async data-opt-id=104197187  fetchpriority=\"high\" data-src=\"https:\/\/mlpeimtmgped.i.optimole.com\/w:auto\/h:auto\/q:mauto\/ig:avif\/https:\/\/via3l.eu\/wp-content\/uploads\/2018\/01\/via3l_logo_400-400.png\" data-libid=\"2687\" data-lib=\"medialibrary\" alt=\"via3l_logistika teenuste \u00fcldtingimused Via 3l o\u00fc logo\" title=\"via3l_logo_400-400\" width=\"0\" height=\"0\" data-dbsrc=\"Ly92aWEzbC5ldS93cC1jb250ZW50L3VwbG9hZHMvMjAxOC8wMS92aWEzbF9sb2dvXzQwMC00MDAucG5n\"\/>\n\t\t\t\t\t<\/image_lists>\n\t\t\t\t<\/sr7-module>\n\t\t\t\t<script>\n\t\t\t\t\tSR7.PMH ??={}; SR7.PMH[\"SR7_74_1\"] = {cn:100,state:false,fn: function() { if (_tpt!==undefined && _tpt.prepareModuleHeight !== undefined) {  _tpt.prepareModuleHeight({id:\"SR7_74_1\",el:[150,150,150,150,300],type:'carousel',shdw:'0',gh:[150,150,150,150,300],gw:[1240,1240,1240,1240,480],vpt:['-200px&#039;,&#039;-200px&#039;,&#039;-200px&#039;,&#039;-200px&#039;,&#039;-200px'],size:{fullWidth:false, fullHeight:false},mh:'0',onh:0,onw:0,bg:{color:'{\"orig\":\"transparent\",\"type\":\"solid\",\"string\":\"transparent\"}'},carousel:{pt:'0',pb:'0'}});   SR7.PMH[\"SR7_74_1\"].state=true;} else if(SR7.PMH[\"SR7_74_1\"].cn-->0)\tsetTimeout( SR7.PMH[\"SR7_74_1\"].fn,19);}};SR7.PMH[\"SR7_74_1\" ].fn();\n\t\t\t\t<\/script>\n[\/vc_column][\/vc_row]<\/p>\n<\/div>","protected":false},"excerpt":{"rendered":"<p>[vc_row][vc_column width=&#8221;5\/6&#8243;][vc_custom_heading text=&#8221;Via 3L teenuste \u00fcldtingimused&#8221; font_container=&#8221;tag:h1|text_align:left&#8221; use_theme_fonts=&#8221;yes&#8221;][\/vc_column][vc_column width=&#8221;1\/6&#8243;][vc_single_image image=&#8221;2687&#8243; img_size=&#8221;medium&#8221; alignment=&#8221;center&#8221;][\/vc_column][\/vc_row][vc_row css=&#8221;.vc_custom_1616682951446{background-image: url(https:\/\/mlpeimtmgped.i.optimole.com\/w:auto\/h:auto\/q:mauto\/ig:avif\/https:\/\/via3l.eu\/wp-content\/uploads\/2015\/10\/sinine-taust-e1600174017858.png?id=2822) !important;}&#8221;][vc_column css=&#8221;.vc_custom_1616683049450{background-image: url(https:\/\/mlpeimtmgped.i.optimole.com\/w:auto\/h:auto\/q:mauto\/ig:avif\/https:\/\/via3l.eu\/wp-content\/uploads\/2015\/10\/sinine-taust-e1600174017858.png?id=2822) !important;}&#8221;][vc_column_text css=&#8221;&#8221;]Siit leiad info Via 3L teenuste \u00fcldtingimused teenuste osutamise tingimuste kohta. Pane t\u00e4hele, et erinevate&#8230;<\/p>\n","protected":false},"author":2,"featured_media":0,"parent":0,"menu_order":0,"comment_status":"closed","ping_status":"closed","template":"","meta":{"footnotes":""},"class_list":["post-6972","page","type-page","status-publish","hentry"],"_links":{"self":[{"href":"https:\/\/via3l.eu\/et\/wp-json\/wp\/v2\/pages\/6972","targetHints":{"allow":["GET"]}}],"collection":[{"href":"https:\/\/via3l.eu\/et\/wp-json\/wp\/v2\/pages"}],"about":[{"href":"https:\/\/via3l.eu\/et\/wp-json\/wp\/v2\/types\/page"}],"author":[{"embeddable":true,"href":"https:\/\/via3l.eu\/et\/wp-json\/wp\/v2\/users\/2"}],"replies":[{"embeddable":true,"href":"https:\/\/via3l.eu\/et\/wp-json\/wp\/v2\/comments?post=6972"}],"version-history":[{"count":2,"href":"https:\/\/via3l.eu\/et\/wp-json\/wp\/v2\/pages\/6972\/revisions"}],"predecessor-version":[{"id":17899,"href":"https:\/\/via3l.eu\/et\/wp-json\/wp\/v2\/pages\/6972\/revisions\/17899"}],"wp:attachment":[{"href":"https:\/\/via3l.eu\/et\/wp-json\/wp\/v2\/media?parent=6972"}],"curies":[{"name":"wp","href":"https:\/\/api.w.org\/{rel}","templated":true}]}}