{"id":7052,"date":"2023-02-07T15:54:27","date_gmt":"2023-02-07T13:54:27","guid":{"rendered":"https:\/\/via3l.eu\/?page_id=7052"},"modified":"2024-10-01T09:42:04","modified_gmt":"2024-10-01T06:42:04","slug":"via-3l-grupp","status":"publish","type":"page","link":"https:\/\/via3l.eu\/et\/via-3l-grupp\/","title":{"rendered":"Grupi ettev\u00f5tted"},"content":{"rendered":"<div class=\"wpb-content-wrapper\"><p>[vc_row][vc_column][vc_custom_heading text=&#8221;Via 3L grupp&#8221; font_container=&#8221;tag:h1|text_align:center&#8221; use_theme_fonts=&#8221;yes&#8221; link=&#8221;url:https%3A%2F%2Fwww.linkedin.com%2Fcompany%2Fvia3l|title:Via%203L%20grupp&#8221;][vc_empty_space][\/vc_column][\/vc_row][vc_row equal_height=&#8221;yes&#8221; content_placement=&#8221;top&#8221;][vc_column width=&#8221;1\/5&#8243; offset=&#8221;vc_hidden-xs&#8221;][vc_single_image image=&#8221;2918&#8243; alignment=&#8221;center&#8221; onclick=&#8221;custom_link&#8221; link=&#8221;https:\/\/via3l.eu\/et\/&#8221;][\/vc_column][vc_column width=&#8221;1\/5&#8243; offset=&#8221;vc_hidden-xs&#8221;][vc_single_image image=&#8221;5679&#8243; alignment=&#8221;center&#8221; onclick=&#8221;custom_link&#8221; img_link_target=&#8221;_blank&#8221; link=&#8221;https:\/\/www.viatransport.eu&#8221;][\/vc_column][vc_column width=&#8221;1\/5&#8243; offset=&#8221;vc_hidden-xs&#8221;][vc_single_image image=&#8221;7111&#8243; alignment=&#8221;center&#8221;][\/vc_column][vc_column width=&#8221;1\/5&#8243; offset=&#8221;vc_hidden-xs&#8221;][vc_single_image image=&#8221;2687&#8243; alignment=&#8221;center&#8221; onclick=&#8221;custom_link&#8221; img_link_target=&#8221;_blank&#8221; link=&#8221;https:\/\/via3l.eu\/lv\/&#8221;][\/vc_column][vc_column width=&#8221;1\/5&#8243; offset=&#8221;vc_hidden-xs&#8221;][vc_single_image image=&#8221;2918&#8243; alignment=&#8221;center&#8221; onclick=&#8221;custom_link&#8221; img_link_target=&#8221;_blank&#8221; link=&#8221;https:\/\/via3l.eu\/lt\/&#8221;][\/vc_column][\/vc_row][vc_row full_width=&#8221;stretch_row&#8221; equal_height=&#8221;yes&#8221; content_placement=&#8221;top&#8221; css=&#8221;.vc_custom_1710163733003{background-image: url(https:\/\/via3l.eu\/wp-content\/uploads\/2015\/10\/sininebg.jpg?id=2821) !important;}&#8221; el_id=&#8221;desktop-vaade&#8221;][vc_column width=&#8221;1\/5&#8243; offset=&#8221;vc_hidden-xs&#8221;][vc_custom_heading text=&#8221;VIA 3L O\u00dc&#8221; font_container=&#8221;tag:h3|text_align:center&#8221; use_theme_fonts=&#8221;yes&#8221;][vc_custom_heading text=&#8221;Eesti emaettev\u00f5te&#8221; font_container=&#8221;tag:h4|text_align:center&#8221; use_theme_fonts=&#8221;yes&#8221;][\/vc_column][vc_column width=&#8221;1\/5&#8243; offset=&#8221;vc_hidden-xs&#8221;][vc_custom_heading text=&#8221;VIA 3L FREIGHT O\u00dc&#8221; font_container=&#8221;tag:h3|text_align:center&#8221; use_theme_fonts=&#8221;yes&#8221;][vc_custom_heading text=&#8221;EKSPEDEERIMISE ETTEV\u00d5TE EESTIS&#8221; font_container=&#8221;tag:h4|text_align:center&#8221; use_theme_fonts=&#8221;yes&#8221;][\/vc_column][vc_column width=&#8221;1\/5&#8243; offset=&#8221;vc_hidden-xs&#8221;][vc_custom_heading text=&#8221;VIA 3L SPEDITION O\u00dc&#8221; font_container=&#8221;tag:h3|text_align:center&#8221; use_theme_fonts=&#8221;yes&#8221;][vc_custom_heading text=&#8221;LOGISTIKA RENDI- HALDUSTEENUSED&#8221; font_container=&#8221;tag:h4|text_align:center&#8221; use_theme_fonts=&#8221;yes&#8221; css=&#8221;&#8221;][\/vc_column][vc_column width=&#8221;1\/5&#8243; offset=&#8221;vc_hidden-xs&#8221;][vc_custom_heading text=&#8221;VIA 3L LATVIA SIA&#8221; font_container=&#8221;tag:h3|text_align:center&#8221; use_theme_fonts=&#8221;yes&#8221;][vc_custom_heading text=&#8221;LOGISTIKA ETTEV\u00d5TE L\u00c4TIS&#8221; font_container=&#8221;tag:h4|text_align:center&#8221; use_theme_fonts=&#8221;yes&#8221;][\/vc_column][vc_column width=&#8221;1\/5&#8243; offset=&#8221;vc_hidden-xs&#8221;][vc_custom_heading text=&#8221;VIA 3L LT UAB&#8221; font_container=&#8221;tag:h3|text_align:center&#8221; use_theme_fonts=&#8221;yes&#8221;][vc_custom_heading text=&#8221;LOGISTIKA ETTEV\u00d5TE LEEDUS&#8221; font_container=&#8221;tag:h4|text_align:center&#8221; use_theme_fonts=&#8221;yes&#8221;][\/vc_column][\/vc_row][vc_row full_width=&#8221;stretch_row&#8221; equal_height=&#8221;yes&#8221; content_placement=&#8221;top&#8221; el_id=&#8221;mobiilne-vaade&#8221;][vc_column width=&#8221;1\/5&#8243; offset=&#8221;vc_hidden-lg vc_hidden-md vc_hidden-sm&#8221;]<div class=\"cq-sticker\" data-backgroundtype=\"image\" data-backgroundcolor=\"#AAB2BD\" data-gradientcolor=\"\" data-image=\"https:\/\/via3l.eu\/wp-content\/uploads\/2020\/03\/100pix_Small_estonian_flagboy.jpg\" data-icon=\"\" data-size=\"\" data-fontsize=\"\" data-fontcolor=\"\" data-elementmargin=\"\" data-shadowopacity=\"0.8\"><\/div>[vc_custom_heading text=&#8221;VIA 3L O\u00dc&#8221; font_container=&#8221;tag:h3|text_align:center&#8221; use_theme_fonts=&#8221;yes&#8221; link=&#8221;url:https%3A%2F%2Fvia3l.eu%2Fet%2F|title:Via%203L&#8221;][vc_custom_heading text=&#8221;Eesti emaettev\u00f5te&#8221; font_container=&#8221;tag:h3|text_align:center&#8221; use_theme_fonts=&#8221;yes&#8221;][\/vc_column][vc_column width=&#8221;1\/5&#8243; offset=&#8221;vc_hidden-lg vc_hidden-md vc_hidden-sm&#8221;]<div class=\"cq-sticker\" data-backgroundtype=\"image\" data-backgroundcolor=\"#AAB2BD\" data-gradientcolor=\"\" data-image=\"https:\/\/via3l.eu\/wp-content\/uploads\/2020\/03\/100pix_Small_latvian_flagboy.jpg\" data-icon=\"\" data-size=\"\" data-fontsize=\"\" data-fontcolor=\"\" data-elementmargin=\"\" data-shadowopacity=\"0.8\"><\/div>[vc_custom_heading text=&#8221;VIA 3L LATVIA SIA&#8221; font_container=&#8221;tag:h3|text_align:center&#8221; use_theme_fonts=&#8221;yes&#8221; link=&#8221;url:https%3A%2F%2Fvia3l.eu%2Flv%2F&#8221;][vc_custom_heading text=&#8221;LOGISTIKA ETTEV\u00d5TE L\u00c4TIS&#8221; font_container=&#8221;tag:h4|text_align:center&#8221; use_theme_fonts=&#8221;yes&#8221;][\/vc_column][vc_column width=&#8221;1\/5&#8243; offset=&#8221;vc_hidden-lg vc_hidden-md vc_hidden-sm&#8221;]<div class=\"cq-sticker\" data-backgroundtype=\"image\" data-backgroundcolor=\"#AAB2BD\" data-gradientcolor=\"\" data-image=\"https:\/\/via3l.eu\/wp-content\/uploads\/2020\/03\/100pix_Small_lithuanian_flagboy.jpg\" data-icon=\"\" data-size=\"\" data-fontsize=\"\" data-fontcolor=\"\" data-elementmargin=\"\" data-shadowopacity=\"0.8\"><\/div>[vc_custom_heading text=&#8221;VIA 3L LT UAB&#8221; font_container=&#8221;tag:h3|text_align:center&#8221; use_theme_fonts=&#8221;yes&#8221; link=&#8221;url:https%3A%2F%2Fvia3l.eu%2Flt%2F&#8221;][vc_custom_heading text=&#8221;LOGISTIKA ETTEV\u00d5TE LEEDUS&#8221; font_container=&#8221;tag:h4|text_align:center&#8221; use_theme_fonts=&#8221;yes&#8221;][\/vc_column][vc_column width=&#8221;1\/5&#8243; offset=&#8221;vc_hidden-lg vc_hidden-md vc_hidden-sm&#8221;]<div class=\"cq-sticker\" data-backgroundtype=\"image\" data-backgroundcolor=\"#AAB2BD\" data-gradientcolor=\"\" data-image=\"https:\/\/via3l.eu\/wp-content\/uploads\/2020\/03\/100pix_Small_estonian_flagboy.jpg\" data-icon=\"\" data-size=\"\" data-fontsize=\"\" data-fontcolor=\"\" data-elementmargin=\"\" data-shadowopacity=\"0.8\"><\/div>[vc_custom_heading text=&#8221;VIA 3L FREIGHT O\u00dc&#8221; font_container=&#8221;tag:h3|text_align:center&#8221; use_theme_fonts=&#8221;yes&#8221; link=&#8221;url:https%3A%2F%2Fvia3l.eu%2Fet%2Frahvusvaheline-transport%2F|title:Rahvusvaheline%20transport&#8221;][vc_custom_heading text=&#8221;EKSPEDEERIMISE ETTEV\u00d5TE EESTIS&#8221; font_container=&#8221;tag:h4|text_align:center&#8221; use_theme_fonts=&#8221;yes&#8221;][\/vc_column][vc_column width=&#8221;1\/5&#8243; offset=&#8221;vc_hidden-lg vc_hidden-md vc_hidden-sm&#8221;]<div class=\"cq-sticker\" data-backgroundtype=\"image\" data-backgroundcolor=\"#AAB2BD\" data-gradientcolor=\"\" data-image=\"https:\/\/via3l.eu\/wp-content\/uploads\/2020\/03\/100pix_Small_estonian_flagboy.jpg\" data-icon=\"\" data-size=\"\" data-fontsize=\"\" data-fontcolor=\"\" data-elementmargin=\"\" data-shadowopacity=\"0.8\"><\/div>[vc_custom_heading text=&#8221;VIA 3L SPEDITION O\u00dc&#8221; font_container=&#8221;tag:h3|text_align:center&#8221; use_theme_fonts=&#8221;yes&#8221;][vc_custom_heading text=&#8221;LOGISTIKA RENDI- JA HALDUSTEENUSED&#8221; font_container=&#8221;tag:h4|text_align:center&#8221; use_theme_fonts=&#8221;yes&#8221;][\/vc_column][\/vc_row][vc_row][vc_column][vc_empty_space][\/vc_column][\/vc_row][vc_row][vc_column offset=&#8221;vc_hidden-xs&#8221;][vc_column_text css=&#8221;&#8221;]Via 3L grupp tegutseb rahvusvahelistes tarneahelates, omades firmasid Eestis, L\u00e4tis ja Leedus.<\/p>\n<p>Via 3L <a href=\"https:\/\/www.jungent.eu\/grupi-ettevotted\" target=\"_blank\" rel=\"noopener noreferrer nofollow\">ettev\u00f5te<\/a> keskendub kolmele p\u00f5hitegevusele:<\/p>\n<ul>\n<li><a href=\"https:\/\/via3l.eu\/et\/rahvusvaheline-transport\/\" target=\"_blank\" rel=\"noopener\"><span class=\"tld-sibling-0-0-0 tld-word tld-word-0-0-0 ng-star-inserted\">rahvusvaheline transport<\/span><\/a>\u00a0<span class=\"highlight-tree-child-wrapper multiple-word-wrapper ng-star-inserted\"><span class=\"tld-sibling-0-0-2 tld-word tld-word-0-0-2 ng-star-inserted\">(<\/span><span class=\"tld-sibling-0-0-3 tld-word tld-word-0-0-3 ng-star-inserted\">Via<\/span><\/span> <span class=\"tld-sibling-0-0-4 tld-word tld-word-0-0-4 ng-star-inserted\">3L<\/span> <span class=\"highlight-tree-child-wrapper multiple-word-wrapper ng-star-inserted\"><span class=\"tld-sibling-0-0-5 tld-word tld-word-0-0-5 ng-star-inserted\">Freight<\/span><span class=\"tld-sibling-0-0-6 tld-word tld-word-0-0-6 ng-star-inserted\">)<\/span><\/span> <span class=\"tld-sibling-0-0-7 tld-word tld-word-0-0-7 ng-star-inserted\">ekspeditsioon<\/span><\/li>\n<li><a href=\"https:\/\/via3l.eu\/et\/laoteenused_ja_tellimuste_kasitlemine\/\">laologistika<\/a> (Via 3L, EE, LV, LT) lahendused<\/li>\n<li><span style=\"font-weight: 400;\"><a href=\"https:\/\/via3l.eu\/et\/veoteenus-jaotusvedu-ja-ristlaadimisteenused\/\">jaotuslogistika<\/a> (Via 3L, EE, LV, LT) lahendused.<\/span><\/li>\n<\/ul>\n<p>Oleme \u00fcles ehitanud teadmised, oskused ja v\u00f5imekuse pakkuda t\u00e4ismastaapseid logistikalahendusi t\u00f6\u00f6stusharude \u00fcleselt. Oleme kokku puutunud laiaulatusliku valdkondade valikuga, millest vaid m\u00f5ned \u00fcksikud n\u00e4ited on r\u00f5iva, m\u00e4\u00e4rdeainete, ehitusmaterjalide, kemikaalide ja metsanduse valdkonnad.<\/p>\n<p>Meil on suutlikkus toetada oma kliente nende logistikaahela enamikes aspektides, olgu selleks rahvusvaheline ekspedeerimine, laohaldus, ladustamine, komplekteerimine ja pakkimine, kohalik turustamine v\u00f5i kaupade ettevalmistamine m\u00fc\u00fcgiks vastavatel turgudel. Via 3L grupp tegutseb k\u00fcll kolmes erinevas riigis ja neljas erinevas ettev\u00f5ttes, kuid meil on \u00fcks \u00fchine juhtimisorgan. Nii v\u00f5imaldame \u00fchtseid protsesse, edendame piiri\u00fclest teadmiste jagamist ja lihtsustame klientide jaoks lepingute s\u00f5lmimist.<\/p>\n<p>Omame t\u00e4isteenust pakkuvaid ladusid ja kohalikke jaotusv\u00f5rke Tallinnas, Riias, Kaunases ja Vilniuses. Meie rahvusvaheline ekspedeerimisr\u00fchm pakub ka mitmeid transpordiv\u00f5imalusi k\u00f5iksugu erinevate transpordivahenditega maantee- ja \u00f5hutranspordist kuni \u00fclemaailmse mere- ja raudteetranspordini.<\/p>\n<p>L\u00e4bi Via 3L grupp ettev\u00f5tete enam kui 20-aastase ajaloo, on paljud maailma tuntud tootjad, Skandinaavia hulgi \u2013 ja jaekaubandusettev\u00f5tted ning kohalikud eksportijad usaldanud oma logistika meie p\u00fchendunud meeskonnale.[\/vc_column_text][\/vc_column][\/vc_row][vc_row el_id=&#8221;grupi-mobiilne-vaade&#8221;][vc_column offset=&#8221;vc_hidden-lg vc_hidden-md vc_hidden-sm&#8221;][vc_custom_heading text=&#8221;Via 3L grupp tegutseb rahvusvahelistes tarneahelates, omades firmasid Eestis, L\u00e4tis ja Leedus.&#8221; font_container=&#8221;tag:h2|text_align:center&#8221; use_theme_fonts=&#8221;yes&#8221;][vc_column_text]<\/p>\n<p style=\"text-align: center;\">Via 3L <a href=\"https:\/\/www.jungent.eu\/grupi-ettevotted\" target=\"_blank\" rel=\"noopener noreferrer nofollow\">ettev\u00f5te<\/a> keskendub kolmele p\u00f5hitegevusele:<\/p>\n<ul style=\"text-align: center;\">\n<li><a href=\"https:\/\/via3l.eu\/et\/rahvusvaheline-transport\/\"><span class=\"tld-sibling-0-0-0 tld-word tld-word-0-0-0 ng-star-inserted\">rahvusvaheline transport<\/span><\/a>\u00a0<span class=\"highlight-tree-child-wrapper multiple-word-wrapper ng-star-inserted\"><span class=\"tld-sibling-0-0-2 tld-word tld-word-0-0-2 ng-star-inserted\">(<\/span><span class=\"tld-sibling-0-0-3 tld-word tld-word-0-0-3 ng-star-inserted\">Via<\/span><\/span> <span class=\"tld-sibling-0-0-4 tld-word tld-word-0-0-4 ng-star-inserted\">3L<\/span> <span class=\"highlight-tree-child-wrapper multiple-word-wrapper ng-star-inserted\"><span class=\"tld-sibling-0-0-5 tld-word tld-word-0-0-5 ng-star-inserted\">Freight<\/span><span class=\"tld-sibling-0-0-6 tld-word tld-word-0-0-6 ng-star-inserted\">)<\/span><\/span> <span class=\"tld-sibling-0-0-7 tld-word tld-word-0-0-7 ng-star-inserted\">ekspeditsioon<\/span><\/li>\n<li><a href=\"https:\/\/via3l.eu\/et\/laoteenused_ja_tellimuste_kasitlemine\/\">laologistika<\/a> (Via 3L, EE, LV, LT) lahendused<\/li>\n<li><span style=\"font-weight: 400;\"><a href=\"https:\/\/via3l.eu\/et\/veoteenus-jaotusvedu-ja-ristlaadimisteenused\/\">jaotuslogistika<\/a> (Via 3L, EE, LV, LT) lahendused.<\/span><\/li>\n<\/ul>\n<p style=\"text-align: center;\">Oleme \u00fcles ehitanud teadmised, oskused ja v\u00f5imekuse pakkuda t\u00e4ismastaapseid logistikalahendusi t\u00f6\u00f6stusharude \u00fcleselt. Oleme kokku puutunud laiaulatusliku valdkondade valikuga, millest vaid m\u00f5ned \u00fcksikud n\u00e4ited on r\u00f5iva, m\u00e4\u00e4rdeainete, ehitusmaterjalide, kemikaalide ja metsanduse valdkonnad.<\/p>\n<p style=\"text-align: center;\">Meil on suutlikkus toetada oma kliente nende logistikaahela enamikes aspektides, olgu selleks rahvusvaheline ekspedeerimine, laohaldus, ladustamine, komplekteerimine ja pakkimine, kohalik turustamine v\u00f5i kaupade ettevalmistamine m\u00fc\u00fcgiks vastavatel turgudel. Via 3L grupp tegutseb k\u00fcll kolmes erinevas riigis ja neljas erinevas ettev\u00f5ttes, kuid meil on \u00fcks \u00fchine juhtimisorgan. Nii v\u00f5imaldame \u00fchtseid protsesse, edendame piiri\u00fclest teadmiste jagamist ja lihtsustame klientide jaoks lepingute s\u00f5lmimist.<\/p>\n<p style=\"text-align: center;\">Omame t\u00e4isteenust pakkuvaid ladusid ja kohalikke jaotusv\u00f5rke Tallinnas, Riias, Kaunases ja Vilniuses. Meie rahvusvaheline ekspedeerimisr\u00fchm pakub ka mitmeid transpordiv\u00f5imalusi k\u00f5iksugu erinevate transpordivahenditega maantee- ja \u00f5hutranspordist kuni \u00fclemaailmse mere- ja raudteetranspordini.<\/p>\n<p style=\"text-align: center;\">L\u00e4bi Via 3L grupp ettev\u00f5tete enam kui 20-aastase ajaloo, on paljud maailma tuntud tootjad, Skandinaavia hulgi \u2013 ja jaekaubandusettev\u00f5tted ning kohalikud eksportijad usaldanud oma logistika meie p\u00fchendunud meeskonnale.<\/p>\n<p>[\/vc_column_text][\/vc_column][\/vc_row][vc_row][vc_column][\/vc_column][\/vc_row][vc_row][vc_column]\n\t\t\t\t<p class=\"rs-p-wp-fix\"><\/p>\n\t\t\t\t<sr7-module data-alias=\"about-us-slider-iso-14001-22000-9001\" data-id=\"74\" id=\"SR7_74_1\" class=\"rs-ov-hidden\" data-version=\"6.7.34\">\n\t\t\t\t\t<sr7-adjuster><\/sr7-adjuster>\n\t\t\t\t\t<sr7-content>\n\t\t\t\t\t\t<sr7-carousel>\n\t\t\t\t\t\t<sr7-slide id=\"SR7_74_1-123\" data-key=\"123\">\n\t\t\t\t\t\t<\/sr7-slide>\n\t\t\t\t\t\t<sr7-slide id=\"SR7_74_1-213\" data-key=\"213\">\n\t\t\t\t\t\t<\/sr7-slide>\n\t\t\t\t\t\t<\/sr7-carousel>\n\t\t\t\t\t<\/sr7-content>\n\t\t\t\t\t<image_lists style=\"display:none\">\n\t\t\t\t\t\t<img data-src=\"\/\/via3l.eu\/wp-content\/uploads\/2021\/05\/KTK.png\" data-libid=\"8719\" data-lib=\"medialibrary\" alt=\"KTK\" title=\"KTK\" width=\"0\" height=\"0\" data-dbsrc=\"Ly92aWEzbC5ldS93cC1jb250ZW50L3VwbG9hZHMvMjAyMS8wNS9LVEsucG5n\"\/>\n\t\t\t\t\t\t<img data-src=\"\/\/via3l.eu\/wp-content\/uploads\/2025\/10\/22000-metrosert-logo.png\" data-libid=\"17442\" data-lib=\"medialibrary\" alt=\"metrosert logo\" title=\"metrosert logo\" width=\"0\" height=\"0\" data-dbsrc=\"Ly92aWEzbC5ldS93cC1jb250ZW50L3VwbG9hZHMvMjAyNS8xMC8yMjAwMC1tZXRyb3NlcnQtbG9nby5wbmc=\"\/>\n\t\t\t\t\t\t<img data-src=\"\/\/via3l.eu\/wp-content\/uploads\/2020\/12\/Kaubanduskoda-liikmelogo_EST_logo_horiz.jpg\" data-libid=\"10596\" data-lib=\"medialibrary\" alt=\"Kaubanduskoda liikmelogo EST logo horiz via 3l\" title=\"Kaubanduskoda liikmelogo EST logo horiz\" width=\"0\" height=\"0\" data-dbsrc=\"Ly92aWEzbC5ldS93cC1jb250ZW50L3VwbG9hZHMvMjAyMC8xMi9LYXViYW5kdXNrb2RhLWxpaWttZWxvZ29fRVNUX2xvZ29faG9yaXouanBn\"\/>\n\t\t\t\t\t\t<img data-src=\"\/\/via3l.eu\/wp-content\/uploads\/2025\/12\/ISO_withoutQR-ISO-9001.png\" data-libid=\"17696\" data-lib=\"medialibrary\" alt=\"ISO without QR 9001\" title=\"ISO without QR ISO\" width=\"0\" height=\"0\" data-dbsrc=\"Ly92aWEzbC5ldS93cC1jb250ZW50L3VwbG9hZHMvMjAyNS8xMi9JU09fd2l0aG91dFFSLUlTTy05MDAxLnBuZw==\"\/>\n\t\t\t\t\t\t<img data-src=\"\/\/via3l.eu\/wp-content\/uploads\/2020\/06\/Via3l_freight_logo_original-150x150.png\" data-libid=\"5679\" data-lib=\"medialibrary\" alt=\"Via 3L Freight ekspedeerimine\" title=\"Via3l_freight_logo_original\" width=\"0\" height=\"0\" data-dbsrc=\"Ly92aWEzbC5ldS93cC1jb250ZW50L3VwbG9hZHMvMjAyMC8wNi9WaWEzbF9mcmVpZ2h0X2xvZ29fb3JpZ2luYWwtMTUweDE1MC5wbmc=\"\/>\n\t\t\t\t\t\t<img data-src=\"\/\/via3l.eu\/wp-content\/uploads\/2018\/01\/via3l_logo_400-400.png\" data-libid=\"2687\" data-lib=\"medialibrary\" alt=\"via3l_logistika teenuste \u00fcldtingimused Via 3l o\u00fc logo\" title=\"via3l_logo_400-400\" width=\"0\" height=\"0\" data-dbsrc=\"Ly92aWEzbC5ldS93cC1jb250ZW50L3VwbG9hZHMvMjAxOC8wMS92aWEzbF9sb2dvXzQwMC00MDAucG5n\"\/>\n\t\t\t\t\t<\/image_lists>\n\t\t\t\t<\/sr7-module>\n\t\t\t\t<script>\n\t\t\t\t\tSR7.PMH ??={}; SR7.PMH[\"SR7_74_1\"] = {cn:100,state:false,fn: function() { if (_tpt!==undefined && _tpt.prepareModuleHeight !== undefined) {  _tpt.prepareModuleHeight({id:\"SR7_74_1\",el:[150,150,150,150,300],type:'carousel',shdw:'0',gh:[150,150,150,150,300],gw:[1240,1240,1240,1240,480],vpt:['-200px&#039;,&#039;-200px&#039;,&#039;-200px&#039;,&#039;-200px&#039;,&#039;-200px'],size:{fullWidth:false, fullHeight:false},mh:'0',onh:0,onw:0,bg:{color:'{\"orig\":\"transparent\",\"type\":\"solid\",\"string\":\"transparent\"}'},carousel:{pt:'0',pb:'0'}});   SR7.PMH[\"SR7_74_1\"].state=true;} else if(SR7.PMH[\"SR7_74_1\"].cn-->0)\tsetTimeout( SR7.PMH[\"SR7_74_1\"].fn,19);}};SR7.PMH[\"SR7_74_1\" ].fn();\n\t\t\t\t<\/script>\n[\/vc_column][\/vc_row]<\/p>\n<\/div>","protected":false},"excerpt":{"rendered":"<p>[vc_row][vc_column][vc_custom_heading text=&#8221;Via 3L grupp&#8221; font_container=&#8221;tag:h1|text_align:center&#8221; use_theme_fonts=&#8221;yes&#8221; link=&#8221;url:https%3A%2F%2Fwww.linkedin.com%2Fcompany%2Fvia3l|title:Via%203L%20grupp&#8221;][vc_empty_space][\/vc_column][\/vc_row][vc_row equal_height=&#8221;yes&#8221; content_placement=&#8221;top&#8221;][vc_column width=&#8221;1\/5&#8243; offset=&#8221;vc_hidden-xs&#8221;][vc_single_image image=&#8221;2918&#8243; alignment=&#8221;center&#8221; onclick=&#8221;custom_link&#8221; link=&#8221;https:\/\/via3l.eu\/et\/&#8221;][\/vc_column][vc_column width=&#8221;1\/5&#8243; offset=&#8221;vc_hidden-xs&#8221;][vc_single_image image=&#8221;5679&#8243; alignment=&#8221;center&#8221; onclick=&#8221;custom_link&#8221; img_link_target=&#8221;_blank&#8221; link=&#8221;https:\/\/www.viatransport.eu&#8221;][\/vc_column][vc_column width=&#8221;1\/5&#8243; offset=&#8221;vc_hidden-xs&#8221;][vc_single_image image=&#8221;7111&#8243; alignment=&#8221;center&#8221;][\/vc_column][vc_column width=&#8221;1\/5&#8243; offset=&#8221;vc_hidden-xs&#8221;][vc_single_image image=&#8221;2687&#8243; alignment=&#8221;center&#8221; onclick=&#8221;custom_link&#8221; img_link_target=&#8221;_blank&#8221; link=&#8221;https:\/\/via3l.eu\/lv\/&#8221;][\/vc_column][vc_column&#8230;<\/p>\n","protected":false},"author":2,"featured_media":0,"parent":0,"menu_order":0,"comment_status":"closed","ping_status":"closed","template":"","meta":{"footnotes":""},"class_list":["post-7052","page","type-page","status-publish","hentry"],"_links":{"self":[{"href":"https:\/\/via3l.eu\/et\/wp-json\/wp\/v2\/pages\/7052","targetHints":{"allow":["GET"]}}],"collection":[{"href":"https:\/\/via3l.eu\/et\/wp-json\/wp\/v2\/pages"}],"about":[{"href":"https:\/\/via3l.eu\/et\/wp-json\/wp\/v2\/types\/page"}],"author":[{"embeddable":true,"href":"https:\/\/via3l.eu\/et\/wp-json\/wp\/v2\/users\/2"}],"replies":[{"embeddable":true,"href":"https:\/\/via3l.eu\/et\/wp-json\/wp\/v2\/comments?post=7052"}],"version-history":[{"count":0,"href":"https:\/\/via3l.eu\/et\/wp-json\/wp\/v2\/pages\/7052\/revisions"}],"wp:attachment":[{"href":"https:\/\/via3l.eu\/et\/wp-json\/wp\/v2\/media?parent=7052"}],"curies":[{"name":"wp","href":"https:\/\/api.w.org\/{rel}","templated":true}]}}