{"id":8245,"date":"2021-04-05T15:28:35","date_gmt":"2021-04-05T12:28:35","guid":{"rendered":"https:\/\/via3l.eu\/?page_id=8245"},"modified":"2024-10-01T18:18:10","modified_gmt":"2024-10-01T15:18:10","slug":"jatkusuutlik-areng","status":"publish","type":"page","link":"https:\/\/via3l.eu\/et\/via-3l-ettevote\/jatkusuutlik-areng\/","title":{"rendered":"J\u00e4tkusuutlik areng"},"content":{"rendered":"<div class=\"wpb-content-wrapper\"><p>[vc_row][vc_column][vc_single_image image=&#8221;8249&#8243; img_size=&#8221;large&#8221; alignment=&#8221;center&#8221;][\/vc_column][\/vc_row][vc_row][vc_column offset=&#8221;vc_hidden-xs&#8221;][vc_column_text]Kliima ja meie tegevuse m\u00f5ju keskkonnale on meie kaks k\u00f5ige olulisemat j\u00e4tkusuutlikkuse aspekti.<br \/>\nAvatud dialoog oma \u00e4riklientide ja Baltimaade tarbijatega on meile oluline, et saaksime oma \u00e4ri arendada. V\u00f5tame vastutuse kohalike klientide ees korraldada kaupade k\u00e4itlust ja logistikat nende eest parimal ja j\u00e4tkusuutlikul viisil. Kiireloomuliste probleemide lahendamiseks oleme loonud klienditeenindustelefoni, e-posti aadressid ja veebivormid.<br \/>\n<b><br \/>\nJ\u00e4tkusuutlikkus<\/b>\u00a0on k\u00f5igi t\u00f6\u00f6tajate vastutus ja see on integreeritud kogu meie \u00e4risse.<br \/>\nToetame kohalike inimeste vajadustest l\u00e4htuvaid kogukonnaprojekte &#8211; n\u00e4iteks <a href=\"https:\/\/www.toidupank.ee\/\" target=\"_blank\" rel=\"noopener noreferrer nofollow\">Toidupank<\/a>.[\/vc_column_text][vc_custom_heading text=&#8221;Meie j\u00e4tkusuutlikkuse t\u00f6\u00f6 p\u00f5hineb meie p\u00f5hiv\u00e4\u00e4rtustel ja visioonil.&#8221; use_theme_fonts=&#8221;yes&#8221;][vc_column_text css=&#8221;&#8221;]Oleme v\u00e4lja t\u00f6\u00f6tanud k\u00e4itumise suunised, mida kasutame oma igap\u00e4evases t\u00f6\u00f6s:<\/p>\n<ul>\n<li><a href=\"https:\/\/via3l.eu\/et\/via-3l-ettevote\/kvaliteedipoliitika\/\" target=\"_blank\" rel=\"noopener\">kvaliteedi<\/a>&#8211; ja j\u00e4tkusuutlikkuse poliitika<\/li>\n<li>s\u00e4\u00e4stva arengu ja keskkonnapoliitika<\/li>\n<li>t\u00f6\u00f6keskkonna- ja sotsiaalse vastutuse poliitika<\/li>\n<li>personali- ja arengupoliitika<\/li>\n<li>\u00e4rieetika ja ostupoliitika<\/li>\n<\/ul>\n<p>[\/vc_column_text][vc_custom_heading text=&#8221;Need on peamised tegurid, mida meie j\u00e4tkusuutlikud otsused v\u00f5ivad m\u00f5jutada:&#8221; use_theme_fonts=&#8221;yes&#8221;][vc_column_text css=&#8221;&#8221;]<\/p>\n<ul>\n<li>toetame tarbekaupade pakkematerjali \u00fcleviimist \u00fcmbert\u00f6\u00f6deldavaks materjaliks ja kogume-sorteerime pakendeid meie kesklaos.<\/li>\n<li>sorteeritud pakendid suuname j\u00e4\u00e4tmek\u00e4itlejatle \u00fcmbert\u00f6\u00f6tlemiseks.<br \/>\n100% meie \u00e4riklientide kaubapakenditest on 2030. aastaks korduvkasutatavad v\u00f5i ringlussev\u00f5etavad.<\/li>\n<li>toetame m\u00fc\u00fcgiedendust toodetele, millel on keskkonnale v\u00e4iksem jalaj\u00e4lg ja CO2-m\u00f5ju<\/li>\n<li>kaubasaadetiste konsolideerimine \u00e4riklientidele ja s\u00e4\u00e4stlike kaubaringide planeerimine<\/li>\n<li>meie missiooniks on 0 kahju p\u00f5hjustamine inimestele, klientidele, t\u00f6\u00f6tajatele ja tarnijatele<\/li>\n<\/ul>\n<p>[\/vc_column_text][\/vc_column][\/vc_row][vc_row el_id=&#8221;mobiilne vaade&#8221;][vc_column offset=&#8221;vc_hidden-lg vc_hidden-md vc_hidden-sm&#8221;][vc_column_text]<\/p>\n<p style=\"text-align: center;\">Kliima ja meie tegevuse m\u00f5ju keskkonnale on meie kaks k\u00f5ige olulisemat j\u00e4tkusuutlikkuse aspekti.<br \/>\nAvatud dialoog oma \u00e4riklientide ja Baltimaade tarbijatega on meile oluline, et saaksime oma \u00e4ri arendada. V\u00f5tame vastutuse kohalike klientide ees korraldada kaupade k\u00e4itlust ja logistikat nende eest parimal ja j\u00e4tkusuutlikul viisil. Kiireloomuliste probleemide lahendamiseks oleme loonud klienditeenindustelefoni, e-posti aadressid ja veebivormid.<br \/>\n<b><br \/>\nJ\u00e4tkusuutlikkus<\/b>\u00a0on k\u00f5igi t\u00f6\u00f6tajate vastutus ja see on integreeritud kogu meie \u00e4risse.<br \/>\nToetame kohalike inimeste vajadustest l\u00e4htuvaid kogukonnaprojekte &#8211; n\u00e4iteks Toidupank.[\/vc_column_text][vc_custom_heading text=&#8221;Meie j\u00e4tkusuutlikkuse t\u00f6\u00f6 p\u00f5hineb meie p\u00f5hiv\u00e4\u00e4rtustel ja visioonil.&#8221; font_container=&#8221;tag:h2|text_align:center&#8221; use_theme_fonts=&#8221;yes&#8221;][vc_column_text css=&#8221;&#8221;]Oleme v\u00e4lja t\u00f6\u00f6tanud k\u00e4itumise suunised, mida kasutame oma igap\u00e4evases t\u00f6\u00f6s:<\/p>\n<ul>\n<li><a href=\"https:\/\/via3l.eu\/et\/via-3l-ettevote\/kvaliteedipoliitika\/\" target=\"_blank\" rel=\"noopener\">kvaliteedi<\/a>&#8211; ja j\u00e4tkusuutlikkuse poliitika<\/li>\n<li>s\u00e4\u00e4stva arengu ja keskkonnapoliitika<\/li>\n<li>t\u00f6\u00f6keskkonna- ja sotsiaalse vastutuse poliitika<\/li>\n<li>personali- ja arengupoliitika<\/li>\n<li>\u00e4rieetika ja ostupoliitika<\/li>\n<\/ul>\n<p>[\/vc_column_text][vc_custom_heading text=&#8221;Need on peamised tegurid, mida meie j\u00e4tkusuutlikud otsused v\u00f5ivad m\u00f5jutada:&#8221; font_container=&#8221;tag:h2|text_align:center&#8221; use_theme_fonts=&#8221;yes&#8221;][vc_column_text css=&#8221;&#8221;]<\/p>\n<ul>\n<li>toetame tarbekaupade pakkematerjali \u00fcleviimist \u00fcmbert\u00f6\u00f6deldavaks materjaliks ja kogume-sorteerime pakendeid meie kesklaos.<\/li>\n<li>sorteeritud pakendid suuname j\u00e4\u00e4tmek\u00e4itlejatle \u00fcmbert\u00f6\u00f6tlemiseks.<br \/>\n100% meie \u00e4riklientide kaubapakenditest on 2030. aastaks korduvkasutatavad v\u00f5i ringlussev\u00f5etavad.<\/li>\n<li>toetame m\u00fc\u00fcgiedendust toodetele, millel on keskkonnale v\u00e4iksem jalaj\u00e4lg ja CO2-m\u00f5ju<\/li>\n<li>kaubasaadetiste konsolideerimine \u00e4riklientidele ja s\u00e4\u00e4stlike kaubaringide planeerimine<\/li>\n<li>meie missiooniks on 0 kahju p\u00f5hjustamine inimestele, klientidele, t\u00f6\u00f6tajatele ja tarnijatele<\/li>\n<\/ul>\n<p>[\/vc_column_text][\/vc_column][\/vc_row][vc_row equal_height=&#8221;yes&#8221;][vc_column width=&#8221;2\/3&#8243;][vc_custom_heading text=&#8221;Projekt \u201eO\u00dc Via 3L varustuskindluse investeeringud\u201d sai Euroopa Liidu taasterahastu NextGenerationEU vahenditest toetust&#8221; use_theme_fonts=&#8221;yes&#8221;][vc_column_text]Projekti elluviimine on vajalik ettev\u00f5tte varustuskindluse suurendamiseks. Projekti eesm\u00e4rk on v\u00e4hendada ettev\u00f5tte s\u00f5ltuvust fossiilk\u00fctustest. Projekti eesm\u00e4rgi saavutamiseks rajatakse p\u00e4ikeseelektrijaam koos elektrienergia salvestusseadmega, mille kasutuselev\u00f5tmise tulemusena v\u00e4heneb suuresti elektriv\u00f5rgust tarbitava fossiilk\u00fctustest toodetava elektrienergia hulk ja paraneb ettev\u00f5tte varustuskindlus.<\/p>\n<p><strong>Toetuse summa:<\/strong><\/p>\n<p>177 000 \u20ac[\/vc_column_text][\/vc_column][vc_column width=&#8221;1\/3&#8243;][vc_single_image image=&#8221;14485&#8243; img_size=&#8221;large&#8221;][\/vc_column][\/vc_row][vc_row][vc_column]\n\t\t\t\t<p class=\"rs-p-wp-fix\"><\/p>\n\t\t\t\t<sr7-module data-alias=\"about-us-slider-iso-14001-22000-9001\" data-id=\"74\" id=\"SR7_74_1\" class=\"rs-ov-hidden\" data-version=\"6.7.34\">\n\t\t\t\t\t<sr7-adjuster><\/sr7-adjuster>\n\t\t\t\t\t<sr7-content>\n\t\t\t\t\t\t<sr7-carousel>\n\t\t\t\t\t\t<sr7-slide id=\"SR7_74_1-123\" data-key=\"123\">\n\t\t\t\t\t\t<\/sr7-slide>\n\t\t\t\t\t\t<sr7-slide id=\"SR7_74_1-213\" data-key=\"213\">\n\t\t\t\t\t\t<\/sr7-slide>\n\t\t\t\t\t\t<\/sr7-carousel>\n\t\t\t\t\t<\/sr7-content>\n\t\t\t\t\t<image_lists style=\"display:none\">\n\t\t\t\t\t\t<img decoding=async data-opt-id=212482230  fetchpriority=\"high\" data-src=\"https:\/\/mlpeimtmgped.i.optimole.com\/w:auto\/h:auto\/q:mauto\/ig:avif\/https:\/\/via3l.eu\/wp-content\/uploads\/2021\/05\/KTK.png\" data-libid=\"8719\" data-lib=\"medialibrary\" alt=\"KTK\" title=\"KTK\" width=\"0\" height=\"0\" data-dbsrc=\"Ly92aWEzbC5ldS93cC1jb250ZW50L3VwbG9hZHMvMjAyMS8wNS9LVEsucG5n\"\/>\n\t\t\t\t\t\t<img decoding=async data-opt-id=80147785  fetchpriority=\"high\" data-src=\"https:\/\/mlpeimtmgped.i.optimole.com\/w:auto\/h:auto\/q:mauto\/ig:avif\/https:\/\/via3l.eu\/wp-content\/uploads\/2025\/10\/22000-metrosert-logo.png\" data-libid=\"17442\" data-lib=\"medialibrary\" alt=\"metrosert logo\" title=\"metrosert logo\" width=\"0\" height=\"0\" data-dbsrc=\"Ly92aWEzbC5ldS93cC1jb250ZW50L3VwbG9hZHMvMjAyNS8xMC8yMjAwMC1tZXRyb3NlcnQtbG9nby5wbmc=\"\/>\n\t\t\t\t\t\t<img decoding=async data-opt-id=1905513159  fetchpriority=\"high\" data-src=\"https:\/\/mlpeimtmgped.i.optimole.com\/w:auto\/h:auto\/q:mauto\/ig:avif\/https:\/\/via3l.eu\/wp-content\/uploads\/2020\/12\/Kaubanduskoda-liikmelogo_EST_logo_horiz.jpg\" data-libid=\"10596\" data-lib=\"medialibrary\" alt=\"Kaubanduskoda liikmelogo EST logo horiz via 3l\" title=\"Kaubanduskoda liikmelogo EST logo horiz\" width=\"0\" height=\"0\" data-dbsrc=\"Ly92aWEzbC5ldS93cC1jb250ZW50L3VwbG9hZHMvMjAyMC8xMi9LYXViYW5kdXNrb2RhLWxpaWttZWxvZ29fRVNUX2xvZ29faG9yaXouanBn\"\/>\n\t\t\t\t\t\t<img decoding=async data-opt-id=61978165  fetchpriority=\"high\" data-src=\"https:\/\/mlpeimtmgped.i.optimole.com\/w:auto\/h:auto\/q:mauto\/ig:avif\/https:\/\/via3l.eu\/wp-content\/uploads\/2025\/12\/ISO_withoutQR-ISO-9001.png\" data-libid=\"17696\" data-lib=\"medialibrary\" alt=\"ISO without QR 9001\" title=\"ISO without QR ISO\" width=\"0\" height=\"0\" data-dbsrc=\"Ly92aWEzbC5ldS93cC1jb250ZW50L3VwbG9hZHMvMjAyNS8xMi9JU09fd2l0aG91dFFSLUlTTy05MDAxLnBuZw==\"\/>\n\t\t\t\t\t\t<img decoding=async data-opt-id=745910895  fetchpriority=\"high\" data-src=\"https:\/\/mlpeimtmgped.i.optimole.com\/w:150\/h:150\/q:mauto\/rt:fill\/g:ce\/ig:avif\/https:\/\/via3l.eu\/wp-content\/uploads\/2020\/06\/Via3l_freight_logo_original.png\" data-libid=\"5679\" data-lib=\"medialibrary\" alt=\"Via 3L Freight ekspedeerimine\" title=\"Via3l_freight_logo_original\" width=\"0\" height=\"0\" data-dbsrc=\"Ly92aWEzbC5ldS93cC1jb250ZW50L3VwbG9hZHMvMjAyMC8wNi9WaWEzbF9mcmVpZ2h0X2xvZ29fb3JpZ2luYWwtMTUweDE1MC5wbmc=\"\/>\n\t\t\t\t\t\t<img decoding=async data-opt-id=104197187  fetchpriority=\"high\" data-src=\"https:\/\/mlpeimtmgped.i.optimole.com\/w:auto\/h:auto\/q:mauto\/ig:avif\/https:\/\/via3l.eu\/wp-content\/uploads\/2018\/01\/via3l_logo_400-400.png\" data-libid=\"2687\" data-lib=\"medialibrary\" alt=\"via3l_logistika teenuste \u00fcldtingimused Via 3l o\u00fc logo\" title=\"via3l_logo_400-400\" width=\"0\" height=\"0\" data-dbsrc=\"Ly92aWEzbC5ldS93cC1jb250ZW50L3VwbG9hZHMvMjAxOC8wMS92aWEzbF9sb2dvXzQwMC00MDAucG5n\"\/>\n\t\t\t\t\t<\/image_lists>\n\t\t\t\t<\/sr7-module>\n\t\t\t\t<script>\n\t\t\t\t\tSR7.PMH ??={}; SR7.PMH[\"SR7_74_1\"] = {cn:100,state:false,fn: function() { if (_tpt!==undefined && _tpt.prepareModuleHeight !== undefined) {  _tpt.prepareModuleHeight({id:\"SR7_74_1\",el:[150,150,150,150,300],type:'carousel',shdw:'0',gh:[150,150,150,150,300],gw:[1240,1240,1240,1240,480],vpt:['-200px&#039;,&#039;-200px&#039;,&#039;-200px&#039;,&#039;-200px&#039;,&#039;-200px'],size:{fullWidth:false, fullHeight:false},mh:'0',onh:0,onw:0,bg:{color:'{\"orig\":\"transparent\",\"type\":\"solid\",\"string\":\"transparent\"}'},carousel:{pt:'0',pb:'0'}});   SR7.PMH[\"SR7_74_1\"].state=true;} else if(SR7.PMH[\"SR7_74_1\"].cn-->0)\tsetTimeout( SR7.PMH[\"SR7_74_1\"].fn,19);}};SR7.PMH[\"SR7_74_1\" ].fn();\n\t\t\t\t<\/script>\n[\/vc_column][\/vc_row]<\/p>\n<\/div>","protected":false},"excerpt":{"rendered":"<p>[vc_row][vc_column][vc_single_image image=&#8221;8249&#8243; img_size=&#8221;large&#8221; alignment=&#8221;center&#8221;][\/vc_column][\/vc_row][vc_row][vc_column offset=&#8221;vc_hidden-xs&#8221;][vc_column_text]Kliima ja meie tegevuse m\u00f5ju keskkonnale on meie kaks k\u00f5ige olulisemat j\u00e4tkusuutlikkuse aspekti. Avatud dialoog oma \u00e4riklientide ja Baltimaade tarbijatega on meile oluline, et saaksime oma \u00e4ri arendada. V\u00f5tame&#8230;<\/p>\n","protected":false},"author":2,"featured_media":0,"parent":6941,"menu_order":6,"comment_status":"closed","ping_status":"closed","template":"","meta":{"footnotes":""},"class_list":["post-8245","page","type-page","status-publish","hentry"],"_links":{"self":[{"href":"https:\/\/via3l.eu\/et\/wp-json\/wp\/v2\/pages\/8245","targetHints":{"allow":["GET"]}}],"collection":[{"href":"https:\/\/via3l.eu\/et\/wp-json\/wp\/v2\/pages"}],"about":[{"href":"https:\/\/via3l.eu\/et\/wp-json\/wp\/v2\/types\/page"}],"author":[{"embeddable":true,"href":"https:\/\/via3l.eu\/et\/wp-json\/wp\/v2\/users\/2"}],"replies":[{"embeddable":true,"href":"https:\/\/via3l.eu\/et\/wp-json\/wp\/v2\/comments?post=8245"}],"version-history":[{"count":0,"href":"https:\/\/via3l.eu\/et\/wp-json\/wp\/v2\/pages\/8245\/revisions"}],"up":[{"embeddable":true,"href":"https:\/\/via3l.eu\/et\/wp-json\/wp\/v2\/pages\/6941"}],"wp:attachment":[{"href":"https:\/\/via3l.eu\/et\/wp-json\/wp\/v2\/media?parent=8245"}],"curies":[{"name":"wp","href":"https:\/\/api.w.org\/{rel}","templated":true}]}}