{"id":8336,"date":"2021-05-10T16:34:22","date_gmt":"2021-05-10T13:34:22","guid":{"rendered":"https:\/\/via3l.eu\/?page_id=8336"},"modified":"2024-05-21T19:12:29","modified_gmt":"2024-05-21T16:12:29","slug":"tolli-ja-vastutuskindlustus","status":"publish","type":"page","link":"https:\/\/via3l.eu\/et\/rahvusvaheline-transport\/tolli-ja-vastutuskindlustus\/","title":{"rendered":"Tolli- ja vastutuskindlustus"},"content":{"rendered":"<div class=\"wpb-content-wrapper\"><p>[vc_row equal_height=&#8221;yes&#8221; content_placement=&#8221;middle&#8221;][vc_column width=&#8221;2\/3&#8243;][vc_custom_heading text=&#8221;Tolli- ja vastutuskindlustus&#8221; font_container=&#8221;tag:h1|text_align:center&#8221; use_theme_fonts=&#8221;yes&#8221;][\/vc_column][vc_column width=&#8221;1\/3&#8243;][vc_btn title=&#8221;ESITA P\u00c4RING&#8221; shape=&#8221;square&#8221; color=&#8221;green&#8221; size=&#8221;lg&#8221; i_icon_fontawesome=&#8221;stm-arrow-next&#8221; css=&#8221;&#8221; add_icon=&#8221;true&#8221; link=&#8221;url:https%3A%2F%2Fvia3l.eu%2Fet%2Fvia-3l-ettevote%2Frahvusvaheline-transport%2Frahvusvahelise-transpordi-hinnapakkumine%2F|title:K%C3%BCsi%20pakkumist&#8221;][\/vc_column][\/vc_row][vc_row][vc_column][vc_empty_space][vc_column_text]Saadetise dokumentide korrektne koostamine ning muutuvate seaduste ja regulatsioonidega kursis olemine v\u00f5ib olla keeruline ja aegan\u00f5udev.<\/p>\n<p>Seet\u00f5ttu abistame k\u00f5iki oma kliente tollivormistusega, juhul, kui seda soovitakse ja vajatakse.<\/p>\n<p>Me teeme k\u00f5ik, et v\u00e4ltida teie kaupade kahjustamist. Kahjuks v\u00f5ivad ilmneda ka etten\u00e4gematud tegurid, mille \u00fcle meil kahjuks puudub kontroll. Juhul, kui teie saadetise v\u00e4\u00e4rtus \u00fcletab meie vastutuse piire, pakume teile teie kaupade kindlustamiseks eraldi veosekindlustust. Veosekindlustus aitab katta v\u00f5imalikke riske.[\/vc_column_text][vc_row_inner][vc_column_inner][\/vc_column_inner][\/vc_row_inner][\/vc_column][\/vc_row][vc_row][vc_column][vc_empty_space][vc_empty_space][\/vc_column][\/vc_row][vc_row][vc_column][vc_single_image image=&#8221;13903&#8243; img_size=&#8221;large&#8221; alignment=&#8221;center&#8221; onclick=&#8221;custom_link&#8221; img_link_target=&#8221;_blank&#8221; link=&#8221;https:\/\/www.via3l.eu\/Infopank_2024EST_SERT.pdf&#8221;][vc_empty_space][\/vc_column][\/vc_row][vc_row equal_height=&#8221;yes&#8221;][vc_column css=&#8221;.vc_custom_1578654720342{padding-top: 0px !important;}&#8221;]\n\t\t\t\t<p class=\"rs-p-wp-fix\"><\/p>\n\t\t\t\t<sr7-module data-alias=\"iso-slider-footer-freight\" data-id=\"89\" id=\"SR7_89_1\" class=\"rs-ov-hidden\" data-version=\"6.7.34\">\n\t\t\t\t\t<sr7-adjuster><\/sr7-adjuster>\n\t\t\t\t\t<sr7-content>\n\t\t\t\t\t\t<sr7-carousel>\n\t\t\t\t\t\t<sr7-slide id=\"SR7_89_1-143\" data-key=\"143\">\n\t\t\t\t\t\t<\/sr7-slide>\n\t\t\t\t\t\t<sr7-slide id=\"SR7_89_1-228\" data-key=\"228\">\n\t\t\t\t\t\t<\/sr7-slide>\n\t\t\t\t\t\t<\/sr7-carousel>\n\t\t\t\t\t<\/sr7-content>\n\t\t\t\t\t<image_lists style=\"display:none\">\n\t\t\t\t\t\t<img decoding=async data-opt-id=212482230  fetchpriority=\"high\" data-src=\"https:\/\/mlpeimtmgped.i.optimole.com\/w:auto\/h:auto\/q:mauto\/ig:avif\/https:\/\/via3l.eu\/wp-content\/uploads\/2021\/05\/KTK.png\" data-libid=\"8719\" data-lib=\"medialibrary\" alt=\"KTK\" title=\"KTK\" width=\"0\" height=\"0\" data-dbsrc=\"Ly92aWEzbC5ldS93cC1jb250ZW50L3VwbG9hZHMvMjAyMS8wNS9LVEsucG5n\"\/>\n\t\t\t\t\t\t<img decoding=async data-opt-id=13807633  fetchpriority=\"high\" data-src=\"https:\/\/mlpeimtmgped.i.optimole.com\/w:auto\/h:auto\/q:mauto\/ig:avif\/https:\/\/via3l.eu\/wp-content\/uploads\/2023\/03\/ppl-networks.jpeg\" data-libid=\"9977\" data-lib=\"medialibrary\" alt=\"ppl networks ekspedeerimine maanteevedu merevedu lennuvedu edastamisteenus projektiveod raudteevedu vastutuskindlustus Rahvusvaheline transport hea teada\" title=\"ppl networks\" width=\"0\" height=\"0\" data-dbsrc=\"Ly92aWEzbC5ldS93cC1jb250ZW50L3VwbG9hZHMvMjAyMy8wMy9wcGwtbmV0d29ya3MuanBlZw==\"\/>\n\t\t\t\t\t\t<img decoding=async data-opt-id=1905513159  fetchpriority=\"high\" data-src=\"https:\/\/mlpeimtmgped.i.optimole.com\/w:auto\/h:auto\/q:mauto\/ig:avif\/https:\/\/via3l.eu\/wp-content\/uploads\/2020\/12\/Kaubanduskoda-liikmelogo_EST_logo_horiz.jpg\" data-libid=\"10596\" data-lib=\"medialibrary\" alt=\"Kaubanduskoda liikmelogo EST logo horiz via 3l\" title=\"Kaubanduskoda liikmelogo EST logo horiz\" width=\"0\" height=\"0\" data-dbsrc=\"Ly92aWEzbC5ldS93cC1jb250ZW50L3VwbG9hZHMvMjAyMC8xMi9LYXViYW5kdXNrb2RhLWxpaWttZWxvZ29fRVNUX2xvZ29faG9yaXouanBn\"\/>\n\t\t\t\t\t\t<img decoding=async data-opt-id=61978165  fetchpriority=\"high\" data-src=\"https:\/\/mlpeimtmgped.i.optimole.com\/w:auto\/h:auto\/q:mauto\/ig:avif\/https:\/\/via3l.eu\/wp-content\/uploads\/2025\/12\/ISO_withoutQR-ISO-9001.png\" data-libid=\"17696\" data-lib=\"medialibrary\" alt=\"ISO without QR 9001\" title=\"ISO without QR ISO\" width=\"0\" height=\"0\" data-dbsrc=\"Ly92aWEzbC5ldS93cC1jb250ZW50L3VwbG9hZHMvMjAyNS8xMi9JU09fd2l0aG91dFFSLUlTTy05MDAxLnBuZw==\"\/>\n\t\t\t\t\t\t<img decoding=async data-opt-id=1875822355  fetchpriority=\"high\" data-src=\"https:\/\/mlpeimtmgped.i.optimole.com\/w:300\/h:112\/q:mauto\/ig:avif\/https:\/\/via3l.eu\/wp-content\/uploads\/2023\/03\/WCA-inter-global.png\" data-libid=\"9972\" data-lib=\"medialibrary\" alt=\"WCA inter global ekspedeerimine maanteevedu merevedu lennuvedu Rahvusvaheline transport hea teada projektiveod raudteevedu edastamisteenus vastutuskindlustus\" title=\"WCA inter global\" width=\"0\" height=\"0\" data-dbsrc=\"Ly92aWEzbC5ldS93cC1jb250ZW50L3VwbG9hZHMvMjAyMy8wMy9XQ0EtaW50ZXItZ2xvYmFsLTMwMHgxMTIucG5n\"\/>\n\t\t\t\t\t\t<img decoding=async data-opt-id=1169833947  fetchpriority=\"high\" data-src=\"https:\/\/mlpeimtmgped.i.optimole.com\/w:300\/h:126\/q:mauto\/ig:avif\/https:\/\/via3l.eu\/wp-content\/uploads\/2021\/05\/reliable_partner_logo_green.jpg\" data-libid=\"10124\" data-lib=\"medialibrary\" alt=\"reliable partner logo green ekspedeerimine maanteevedu merevedu lennuvedu raudteevedu projektiveod edastamisteenus vastutuskindlustus Rahvusvaheline transport hea teada\" title=\"reliable partner logo green\" width=\"0\" height=\"0\" data-dbsrc=\"Ly92aWEzbC5ldS93cC1jb250ZW50L3VwbG9hZHMvMjAyMS8wNS9yZWxpYWJsZV9wYXJ0bmVyX2xvZ29fZ3JlZW4tMzAweDEyNi5qcGc=\"\/>\n\t\t\t\t\t<\/image_lists>\n\t\t\t\t<\/sr7-module>\n\t\t\t\t<script>\n\t\t\t\t\tSR7.PMH ??={}; SR7.PMH[\"SR7_89_1\"] = {cn:100,state:false,fn: function() { if (_tpt!==undefined && _tpt.prepareModuleHeight !== undefined) {  _tpt.prepareModuleHeight({id:\"SR7_89_1\",el:[150,150,150,150,300],type:'carousel',shdw:'0',gh:[150,150,150,150,300],gw:[1240,1240,1240,1240,480],vpt:['-200px&#039;,&#039;-200px&#039;,&#039;-200px&#039;,&#039;-200px&#039;,&#039;-200px'],size:{fullWidth:false, fullHeight:false},mh:'0',onh:0,onw:0,bg:{color:'{\"orig\":\"transparent\",\"type\":\"solid\",\"string\":\"transparent\"}'},carousel:{pt:'0',pb:'0'}});   SR7.PMH[\"SR7_89_1\"].state=true;} else if(SR7.PMH[\"SR7_89_1\"].cn-->0)\tsetTimeout( SR7.PMH[\"SR7_89_1\"].fn,19);}};SR7.PMH[\"SR7_89_1\" ].fn();\n\t\t\t\t<\/script>\n[\/vc_column][\/vc_row]<\/p>\n<\/div>","protected":false},"excerpt":{"rendered":"<p>[vc_row equal_height=&#8221;yes&#8221; content_placement=&#8221;middle&#8221;][vc_column width=&#8221;2\/3&#8243;][vc_custom_heading text=&#8221;Tolli- ja vastutuskindlustus&#8221; font_container=&#8221;tag:h1|text_align:center&#8221; use_theme_fonts=&#8221;yes&#8221;][\/vc_column][vc_column width=&#8221;1\/3&#8243;][vc_btn title=&#8221;ESITA P\u00c4RING&#8221; shape=&#8221;square&#8221; color=&#8221;green&#8221; size=&#8221;lg&#8221; i_icon_fontawesome=&#8221;stm-arrow-next&#8221; css=&#8221;&#8221; add_icon=&#8221;true&#8221; link=&#8221;url:https%3A%2F%2Fvia3l.eu%2Fet%2Fvia-3l-ettevote%2Frahvusvaheline-transport%2Frahvusvahelise-transpordi-hinnapakkumine%2F|title:K%C3%BCsi%20pakkumist&#8221;][\/vc_column][\/vc_row][vc_row][vc_column][vc_empty_space][vc_column_text]Saadetise dokumentide korrektne koostamine ning muutuvate seaduste ja regulatsioonidega kursis olemine v\u00f5ib olla keeruline ja&#8230;<\/p>\n","protected":false},"author":2,"featured_media":17016,"parent":3344,"menu_order":10,"comment_status":"closed","ping_status":"closed","template":"","meta":{"footnotes":""},"class_list":["post-8336","page","type-page","status-publish","has-post-thumbnail","hentry"],"_links":{"self":[{"href":"https:\/\/via3l.eu\/et\/wp-json\/wp\/v2\/pages\/8336","targetHints":{"allow":["GET"]}}],"collection":[{"href":"https:\/\/via3l.eu\/et\/wp-json\/wp\/v2\/pages"}],"about":[{"href":"https:\/\/via3l.eu\/et\/wp-json\/wp\/v2\/types\/page"}],"author":[{"embeddable":true,"href":"https:\/\/via3l.eu\/et\/wp-json\/wp\/v2\/users\/2"}],"replies":[{"embeddable":true,"href":"https:\/\/via3l.eu\/et\/wp-json\/wp\/v2\/comments?post=8336"}],"version-history":[{"count":0,"href":"https:\/\/via3l.eu\/et\/wp-json\/wp\/v2\/pages\/8336\/revisions"}],"up":[{"embeddable":true,"href":"https:\/\/via3l.eu\/et\/wp-json\/wp\/v2\/pages\/3344"}],"wp:featuredmedia":[{"embeddable":true,"href":"https:\/\/via3l.eu\/et\/wp-json\/wp\/v2\/media\/17016"}],"wp:attachment":[{"href":"https:\/\/via3l.eu\/et\/wp-json\/wp\/v2\/media?parent=8336"}],"curies":[{"name":"wp","href":"https:\/\/api.w.org\/{rel}","templated":true}]}}