{"id":8630,"date":"2021-10-13T11:04:51","date_gmt":"2021-10-13T08:04:51","guid":{"rendered":"https:\/\/via3l.eu\/?page_id=8630"},"modified":"2024-10-01T10:14:49","modified_gmt":"2024-10-01T07:14:49","slug":"huvitatud-osapoolte-teavitamine","status":"publish","type":"page","link":"https:\/\/via3l.eu\/et\/via-3l-ettevote\/huvitatud-osapoolte-teavitamine\/","title":{"rendered":"Huvitatud osapoolte teavitamine"},"content":{"rendered":"<div class=\"wpb-content-wrapper\"><p>[vc_row][vc_column offset=&#8221;vc_hidden-lg vc_hidden-md vc_hidden-sm&#8221;][vc_custom_heading text=&#8221;Huvitatud osapoolte teavitamine ettev\u00f5tte olulistest keskkonnaaspektidest&#8221; font_container=&#8221;tag:h2|text_align:center&#8221; use_theme_fonts=&#8221;yes&#8221;][\/vc_column][\/vc_row][vc_row][vc_column offset=&#8221;vc_hidden-xs&#8221;][vc_custom_heading text=&#8221;Huvitatud osapoolte teavitamine ettev\u00f5tte olulistest keskkonnaaspektidest&#8221; font_container=&#8221;tag:h2|font_size:40|text_align:center&#8221; use_theme_fonts=&#8221;yes&#8221;][\/vc_column][\/vc_row][vc_row][vc_column][vc_empty_space][vc_column_text css=&#8221;&#8221;]Huvitatud osapoolte teavitamine ettev\u00f5tte olulistest <a href=\"https:\/\/via3l.eu\/et\/via-3l-ettevote\/keskkonnapoliitika\/\" target=\"_blank\" rel=\"noopener\">keskkonnaaspektidest<\/a> h\u00f5lmab j\u00e4rgmisi valdkondi[\/vc_column_text][vc_custom_heading text=&#8221;Ettev\u00f5tte administreerimine, infrastruktuuri haldamine&#8221; font_container=&#8221;tag:h3|text_align:center&#8221; use_theme_fonts=&#8221;yes&#8221;][vc_empty_space][vc_column_text css=&#8221;&#8221;]<\/p>\n<ul>\n<li style=\"font-weight: 400;\" aria-level=\"1\"><span style=\"font-weight: 400;\">rajatised &#8211; hoone k\u00fctmine, jahutamine, valgustus, koristamine, kahjurit\u00f5rje (kahjulike ainete sattumine keskkonda);\u00a0<\/span><\/li>\n<li style=\"font-weight: 400;\" aria-level=\"1\"><span style=\"font-weight: 400;\">tehnika &#8211; masinad, seadmed, sidevahendid, arvuti riistvara, kontoritarbed jms (\u00f5hu ja pinnase saastamine, j\u00e4\u00e4tmete sattumine keskkonda);<\/span><\/li>\n<li style=\"font-weight: 400;\" aria-level=\"1\"><span style=\"font-weight: 400;\">transport &#8211; veovahendite heitgaaside emissioon, liiklus\u00f5nnetus (\u00f5hu ja pinnase saastamine);<\/span><\/li>\n<li style=\"font-weight: 400;\" aria-level=\"1\"><span style=\"font-weight: 400;\">paberdokumentide k\u00e4itlus (paberj\u00e4\u00e4tmete v\u00e4hendamine, loodusressursside kokkuhoid);<\/span><\/li>\n<li style=\"font-weight: 400;\" aria-level=\"1\"><span style=\"font-weight: 400;\">elektrienergia tarbimine (energia s\u00e4\u00e4stmine);<\/span><\/li>\n<li style=\"font-weight: 400;\" aria-level=\"1\"><span style=\"font-weight: 400;\">soojaenergia tarbimine (energia s\u00e4\u00e4stmine, \u00f5husaaste v\u00e4hendamine);<\/span><\/li>\n<li style=\"font-weight: 400;\" aria-level=\"1\"><span style=\"font-weight: 400;\">hoonete, masinate ja seadmete tulekahju korral \u00f5hu saastamine;<\/span><\/li>\n<li style=\"font-weight: 400;\" aria-level=\"1\"><span style=\"font-weight: 400;\">ohtlikud j\u00e4\u00e4tmed: kemikaalide j\u00e4\u00e4gid, akud, patareid, reostunud pakend, reostunud absorbent ja pinnas jms (ohtlike j\u00e4\u00e4tmete sattumine keskkonda, \u00f5hu ja pinnase saastamine);<\/span><\/li>\n<li style=\"font-weight: 400;\" aria-level=\"1\"><span style=\"font-weight: 400;\">olmej\u00e4\u00e4tmed: sh paberi- ja papij\u00e4\u00e4tmed ning pakkimiskiled, muud olmelised kontorij\u00e4\u00e4tmed (j\u00e4\u00e4tmete sattumine keskkonda, \u00f5hu ja pinnase saastamine);<\/span><\/li>\n<li style=\"font-weight: 400;\" aria-level=\"1\"><span style=\"font-weight: 400;\">elektroonikaj\u00e4\u00e4tmed (j\u00e4\u00e4tmete sattumine keskkonda, \u00f5hu ja pinnase saastamine).<\/span><\/li>\n<\/ul>\n<p>[\/vc_column_text][vc_custom_heading text=&#8221;Positiivsed aspektid&#8221; font_container=&#8221;tag:h3|text_align:center&#8221; use_theme_fonts=&#8221;yes&#8221;][vc_column_text css=&#8221;&#8221;]<\/p>\n<ul>\n<li style=\"font-weight: 400;\" aria-level=\"1\"><span style=\"font-weight: 400;\">patareide ja akude eraldi kogumine, \u00fcmbert\u00f6\u00f6tlemine ja taaskasutus;<\/span><\/li>\n<li style=\"font-weight: 400;\" aria-level=\"1\"><span style=\"font-weight: 400;\">paberi &#8211; ja papij\u00e4\u00e4tmete ning pakkekile eraldikogumine, \u00fcmbert\u00f6\u00f6tamine ja taaskasutamine;<\/span><\/li>\n<li style=\"font-weight: 400;\" aria-level=\"1\"><span style=\"font-weight: 400;\">elektroonikaj\u00e4\u00e4tmete eraldi kogumine, \u00fcmbert\u00f6\u00f6tamine ja taaskasutamine.<\/span><\/li>\n<\/ul>\n<p>[\/vc_column_text][vc_empty_space][vc_column_text css=&#8221;&#8221;]<span style=\"font-weight: 400;\">Keskkonnam\u00f5ju v\u00e4hendamise eesm\u00e4rgil on oluline teavitada neist olulistest aspektidest eesk\u00e4tt meie teenuse klienti, kes on meie teenuse kasutaja ja m\u00f5ju tekitamise osapool.<\/span><\/p>\n<p><span style=\"font-weight: 400;\">Huvitatud osapoolte teavitamine olulistest keskkonnaaspektidest toimub kliendilepingute kaudu ning \u00fcldsuse teavitamine toimub <a href=\"https:\/\/www.linkedin.com\/company\/via3l\" target=\"_blank\" rel=\"noopener noreferrer nofollow\">ettev\u00f5tte<\/a><\/span> <span style=\"font-weight: 400;\">kodulehek\u00fcljel.<\/span>[\/vc_column_text][\/vc_column][\/vc_row][vc_row][vc_column]\n\t\t\t\t<p class=\"rs-p-wp-fix\"><\/p>\n\t\t\t\t<sr7-module data-alias=\"about-us-slider-iso-14001-22000-9001\" data-id=\"74\" id=\"SR7_74_1\" class=\"rs-ov-hidden\" data-version=\"6.7.34\">\n\t\t\t\t\t<sr7-adjuster><\/sr7-adjuster>\n\t\t\t\t\t<sr7-content>\n\t\t\t\t\t\t<sr7-carousel>\n\t\t\t\t\t\t<sr7-slide id=\"SR7_74_1-123\" data-key=\"123\">\n\t\t\t\t\t\t<\/sr7-slide>\n\t\t\t\t\t\t<sr7-slide id=\"SR7_74_1-213\" data-key=\"213\">\n\t\t\t\t\t\t<\/sr7-slide>\n\t\t\t\t\t\t<\/sr7-carousel>\n\t\t\t\t\t<\/sr7-content>\n\t\t\t\t\t<image_lists style=\"display:none\">\n\t\t\t\t\t\t<img decoding=async data-opt-id=212482230  fetchpriority=\"high\" data-src=\"https:\/\/mlpeimtmgped.i.optimole.com\/w:auto\/h:auto\/q:mauto\/ig:avif\/https:\/\/via3l.eu\/wp-content\/uploads\/2021\/05\/KTK.png\" data-libid=\"8719\" data-lib=\"medialibrary\" alt=\"KTK\" title=\"KTK\" width=\"0\" height=\"0\" data-dbsrc=\"Ly92aWEzbC5ldS93cC1jb250ZW50L3VwbG9hZHMvMjAyMS8wNS9LVEsucG5n\"\/>\n\t\t\t\t\t\t<img decoding=async data-opt-id=80147785  fetchpriority=\"high\" data-src=\"https:\/\/mlpeimtmgped.i.optimole.com\/w:auto\/h:auto\/q:mauto\/ig:avif\/https:\/\/via3l.eu\/wp-content\/uploads\/2025\/10\/22000-metrosert-logo.png\" data-libid=\"17442\" data-lib=\"medialibrary\" alt=\"metrosert logo\" title=\"metrosert logo\" width=\"0\" height=\"0\" data-dbsrc=\"Ly92aWEzbC5ldS93cC1jb250ZW50L3VwbG9hZHMvMjAyNS8xMC8yMjAwMC1tZXRyb3NlcnQtbG9nby5wbmc=\"\/>\n\t\t\t\t\t\t<img decoding=async data-opt-id=1905513159  fetchpriority=\"high\" data-src=\"https:\/\/mlpeimtmgped.i.optimole.com\/w:auto\/h:auto\/q:mauto\/ig:avif\/https:\/\/via3l.eu\/wp-content\/uploads\/2020\/12\/Kaubanduskoda-liikmelogo_EST_logo_horiz.jpg\" data-libid=\"10596\" data-lib=\"medialibrary\" alt=\"Kaubanduskoda liikmelogo EST logo horiz via 3l\" title=\"Kaubanduskoda liikmelogo EST logo horiz\" width=\"0\" height=\"0\" data-dbsrc=\"Ly92aWEzbC5ldS93cC1jb250ZW50L3VwbG9hZHMvMjAyMC8xMi9LYXViYW5kdXNrb2RhLWxpaWttZWxvZ29fRVNUX2xvZ29faG9yaXouanBn\"\/>\n\t\t\t\t\t\t<img decoding=async data-opt-id=61978165  fetchpriority=\"high\" data-src=\"https:\/\/mlpeimtmgped.i.optimole.com\/w:auto\/h:auto\/q:mauto\/ig:avif\/https:\/\/via3l.eu\/wp-content\/uploads\/2025\/12\/ISO_withoutQR-ISO-9001.png\" data-libid=\"17696\" data-lib=\"medialibrary\" alt=\"ISO without QR 9001\" title=\"ISO without QR ISO\" width=\"0\" height=\"0\" data-dbsrc=\"Ly92aWEzbC5ldS93cC1jb250ZW50L3VwbG9hZHMvMjAyNS8xMi9JU09fd2l0aG91dFFSLUlTTy05MDAxLnBuZw==\"\/>\n\t\t\t\t\t\t<img decoding=async data-opt-id=745910895  fetchpriority=\"high\" data-src=\"https:\/\/mlpeimtmgped.i.optimole.com\/w:150\/h:150\/q:mauto\/rt:fill\/g:ce\/ig:avif\/https:\/\/via3l.eu\/wp-content\/uploads\/2020\/06\/Via3l_freight_logo_original.png\" data-libid=\"5679\" data-lib=\"medialibrary\" alt=\"Via 3L Freight ekspedeerimine\" title=\"Via3l_freight_logo_original\" width=\"0\" height=\"0\" data-dbsrc=\"Ly92aWEzbC5ldS93cC1jb250ZW50L3VwbG9hZHMvMjAyMC8wNi9WaWEzbF9mcmVpZ2h0X2xvZ29fb3JpZ2luYWwtMTUweDE1MC5wbmc=\"\/>\n\t\t\t\t\t\t<img decoding=async data-opt-id=104197187  fetchpriority=\"high\" data-src=\"https:\/\/mlpeimtmgped.i.optimole.com\/w:auto\/h:auto\/q:mauto\/ig:avif\/https:\/\/via3l.eu\/wp-content\/uploads\/2018\/01\/via3l_logo_400-400.png\" data-libid=\"2687\" data-lib=\"medialibrary\" alt=\"via3l_logistika teenuste \u00fcldtingimused Via 3l o\u00fc logo\" title=\"via3l_logo_400-400\" width=\"0\" height=\"0\" data-dbsrc=\"Ly92aWEzbC5ldS93cC1jb250ZW50L3VwbG9hZHMvMjAxOC8wMS92aWEzbF9sb2dvXzQwMC00MDAucG5n\"\/>\n\t\t\t\t\t<\/image_lists>\n\t\t\t\t<\/sr7-module>\n\t\t\t\t<script>\n\t\t\t\t\tSR7.PMH ??={}; SR7.PMH[\"SR7_74_1\"] = {cn:100,state:false,fn: function() { if (_tpt!==undefined && _tpt.prepareModuleHeight !== undefined) {  _tpt.prepareModuleHeight({id:\"SR7_74_1\",el:[150,150,150,150,300],type:'carousel',shdw:'0',gh:[150,150,150,150,300],gw:[1240,1240,1240,1240,480],vpt:['-200px&#039;,&#039;-200px&#039;,&#039;-200px&#039;,&#039;-200px&#039;,&#039;-200px'],size:{fullWidth:false, fullHeight:false},mh:'0',onh:0,onw:0,bg:{color:'{\"orig\":\"transparent\",\"type\":\"solid\",\"string\":\"transparent\"}'},carousel:{pt:'0',pb:'0'}});   SR7.PMH[\"SR7_74_1\"].state=true;} else if(SR7.PMH[\"SR7_74_1\"].cn-->0)\tsetTimeout( SR7.PMH[\"SR7_74_1\"].fn,19);}};SR7.PMH[\"SR7_74_1\" ].fn();\n\t\t\t\t<\/script>\n[\/vc_column][\/vc_row]<\/p>\n<\/div>","protected":false},"excerpt":{"rendered":"<p>[vc_row][vc_column offset=&#8221;vc_hidden-lg vc_hidden-md vc_hidden-sm&#8221;][vc_custom_heading text=&#8221;Huvitatud osapoolte teavitamine ettev\u00f5tte olulistest keskkonnaaspektidest&#8221; font_container=&#8221;tag:h2|text_align:center&#8221; use_theme_fonts=&#8221;yes&#8221;][\/vc_column][\/vc_row][vc_row][vc_column offset=&#8221;vc_hidden-xs&#8221;][vc_custom_heading text=&#8221;Huvitatud osapoolte teavitamine ettev\u00f5tte olulistest keskkonnaaspektidest&#8221; font_container=&#8221;tag:h2|font_size:40|text_align:center&#8221; use_theme_fonts=&#8221;yes&#8221;][\/vc_column][\/vc_row][vc_row][vc_column][vc_empty_space][vc_column_text css=&#8221;&#8221;]Huvitatud osapoolte teavitamine ettev\u00f5tte olulistest keskkonnaaspektidest h\u00f5lmab j\u00e4rgmisi valdkondi[\/vc_column_text][vc_custom_heading text=&#8221;Ettev\u00f5tte administreerimine, infrastruktuuri&#8230;<\/p>\n","protected":false},"author":2,"featured_media":8312,"parent":6941,"menu_order":4,"comment_status":"closed","ping_status":"closed","template":"","meta":{"footnotes":""},"class_list":["post-8630","page","type-page","status-publish","has-post-thumbnail","hentry"],"_links":{"self":[{"href":"https:\/\/via3l.eu\/et\/wp-json\/wp\/v2\/pages\/8630","targetHints":{"allow":["GET"]}}],"collection":[{"href":"https:\/\/via3l.eu\/et\/wp-json\/wp\/v2\/pages"}],"about":[{"href":"https:\/\/via3l.eu\/et\/wp-json\/wp\/v2\/types\/page"}],"author":[{"embeddable":true,"href":"https:\/\/via3l.eu\/et\/wp-json\/wp\/v2\/users\/2"}],"replies":[{"embeddable":true,"href":"https:\/\/via3l.eu\/et\/wp-json\/wp\/v2\/comments?post=8630"}],"version-history":[{"count":0,"href":"https:\/\/via3l.eu\/et\/wp-json\/wp\/v2\/pages\/8630\/revisions"}],"up":[{"embeddable":true,"href":"https:\/\/via3l.eu\/et\/wp-json\/wp\/v2\/pages\/6941"}],"wp:featuredmedia":[{"embeddable":true,"href":"https:\/\/via3l.eu\/et\/wp-json\/wp\/v2\/media\/8312"}],"wp:attachment":[{"href":"https:\/\/via3l.eu\/et\/wp-json\/wp\/v2\/media?parent=8630"}],"curies":[{"name":"wp","href":"https:\/\/api.w.org\/{rel}","templated":true}]}}