{"id":8898,"date":"2022-08-23T17:17:05","date_gmt":"2022-08-23T14:17:05","guid":{"rendered":"https:\/\/via3l.eu\/?page_id=8898"},"modified":"2025-08-04T14:46:23","modified_gmt":"2025-08-04T11:46:23","slug":"kvaliteedipoliitika","status":"publish","type":"page","link":"https:\/\/via3l.eu\/et\/via-3l-ettevote\/kvaliteedipoliitika\/","title":{"rendered":"Kvaliteedipoliitika"},"content":{"rendered":"<div class=\"wpb-content-wrapper\"><p>[vc_row][vc_column][vc_custom_heading text=&#8221;Via 3L Freight O\u00dc KVALITEEDI- JA KESKKONNAPOLIITIKA&#8221; font_container=&#8221;tag:h2|text_align:center&#8221; use_theme_fonts=&#8221;yes&#8221; css=&#8221;&#8221;][vc_empty_space][vc_custom_heading text=&#8221;Meie eesm\u00e4rk on pakkuda kvaliteetseid ja keskkonnas\u00f5bralikke logistikateenuseid, mis vastavad klientide ootustele, seadusandlikele n\u00f5uetele ning rahvusvahelistele juhtimiss\u00fcsteemide standarditele.&#8221; font_container=&#8221;tag:h2|text_align:center|color:%23FFFFFF&#8221; use_theme_fonts=&#8221;yes&#8221; css=&#8221;.vc_custom_1754293151377{background-image: url(https:\/\/mlpeimtmgped.i.optimole.com\/w:auto\/h:auto\/q:mauto\/ig:avif\/https:\/\/via3l.eu\/wp-content\/uploads\/2021\/03\/Via3L-vesitaust_sinine_original.png?id=8192) !important;}&#8221;][vc_column_text css=&#8221;&#8221;]<span style=\"font-weight: 400;\"><a href=\"https:\/\/via3l.eu\/et\/rahvusvaheline-transport\/\">Via 3L Freight O\u00dc<\/a> on usaldusv\u00e4\u00e4rne ja professionaalne partner rahvusvaheliste veoste ekspedeerimise valdkonnas.\u00a0<\/span>[\/vc_column_text][vc_custom_heading text=&#8221;Kvaliteedijuhtimise p\u00f5him\u00f5tted&#8221; font_container=&#8221;tag:h2|text_align:center&#8221; use_theme_fonts=&#8221;yes&#8221; css=&#8221;&#8221;][vc_column_text css=&#8221;&#8221;]<\/p>\n<ul>\n<li><strong>Kliendirahulolu:<\/strong> M\u00f5istame ja t\u00e4idame oma klientide n\u00f5udmisi ning ootusi, pakkudes paindlikke ja kuluefektiivseid logistikalahendusi. Kliendi rahulolu on meie tegevuse keskmes.<\/li>\n<li><strong>J\u00e4tkuv parendamine:<\/strong> Arendame pidevalt oma protsesse, teenuseid ja juhtimiss\u00fcsteemi, l\u00e4htudes seadusandlusest, tagasisidest, sisekontrollidest ja auditeerimistulemustest.<\/li>\n<li>Anal\u00fc\u00fcsime ja arendame regulaarselt oma protsesse, et t\u00f5sta teenuste kvaliteeti ja t\u00f5husust ning ennetada v\u00f5imalikke k\u00f5rvalekaldeid.<\/li>\n<li><strong>Standardite ja n\u00f5uete j\u00e4rgimine<\/strong>: Tegutseme vastavuses ettev\u00f5ttele kohalduvate seaduste ja \u00f5igusaktide n\u00f5uetega. Meie tegevus vastab rahvusvahelise kvaliteedijuhtimiss\u00fcsteemi standardile ISO 9001.<\/li>\n<li><strong>T\u00f6\u00f6tajate kaasatus:<\/strong> Meeskond on meie tugevus. Tagame oma t\u00f6\u00f6tajatele koolitused ja arendame nende p\u00e4devusi, et suurendada teadlikkust ja vastutustunnet kvaliteedi ning keskkonna valdkonnas.<\/li>\n<li><strong>Koost\u00f6\u00f6 partneritega:<\/strong> Teeme tihedat koost\u00f6\u00f6d oma tarnijate ja partneritega, et tagada tarneahela usaldusv\u00e4\u00e4rsus ja teenuste j\u00e4rjepidev kvaliteet.<\/li>\n<\/ul>\n<p>[\/vc_column_text][vc_empty_space][vc_custom_heading text=&#8221;Keskkonnajuhtimise p\u00f5him\u00f5tted:&#8221; font_container=&#8221;tag:h2|text_align:center&#8221; use_theme_fonts=&#8221;yes&#8221; css=&#8221;&#8221;][vc_column_text css=&#8221;&#8221;]<\/p>\n<ul>\n<li><strong>Keskkonnateadlik tegutsemine:<\/strong> P\u00fc\u00fcame minimeerida oma tegevuse m\u00f5ju keskkonnale, optimeerides transpordilahendusi, v\u00e4hendades saastet ning toetades ringmajanduse p\u00f5him\u00f5tteid.<\/li>\n<li><strong>Ressursside s\u00e4\u00e4stlik kasutamine:<\/strong> Soosime energiat\u00f5husaid lahendusi, v\u00e4hendame j\u00e4\u00e4tmeid ja kasutame ressursse vastutustundlikult kogu logistikaahela ulatuses.<\/li>\n<li><strong>\u00d5igusaktide j\u00e4rgimine:<\/strong> J\u00e4rgime k\u00f5iki keskkonnaalaseid seadusandlikke n\u00f5udeid ning rahvusvahelisi keskkonnastandardeid, sealhulgas ISO 14001 p\u00f5him\u00f5tteid.<\/li>\n<li><strong>Koost\u00f6\u00f6 partneritega:<\/strong> Teeme koost\u00f6\u00f6d keskkonnateadlike tarnijate ja klientidega, et edendada kestlikku tarneahelat ja toetada rohelisemaid valikuid kogu logistikaprotsessis.<\/li>\n<li><strong>Ennetav l\u00e4henemine:<\/strong> Tuvastame ja hindame v\u00f5imalikke keskkonnariske, tegutseme nende ennetamiseks ja oleme valmis kiirelt reageerima keskkonnajuhtumitele.<\/li>\n<\/ul>\n<p>[\/vc_column_text][vc_empty_space][vc_column_text css=&#8221;&#8221;]<span style=\"font-weight: 400;\">Via 3L Freight O\u00dc juhtkond kohustub tagama, et kvaliteedi- ja keskkonnapoliitika oleks kogu organisatsioonis m\u00f5istetud, rakendatud ning regulaarselt \u00fcle vaadatud. Kvaliteet ei ole meie jaoks eraldiseisev eesm\u00e4rk \u2013 see on lahutamatu osa meie igap\u00e4evasest t\u00f6\u00f6st ja pikaajalisest edust.<\/span><\/p>\n<p><span style=\"font-weight: 400;\">K\u00f5ik Via 3L Freight O\u00dc t\u00f6\u00f6tajad\u00a0 on vastutavad oma tegevuse kvaliteedi eest, mis saavutatakse juhtimiss\u00fcsteemi pideva parendamisega.<\/span><\/p>\n<p><span style=\"font-weight: 400;\">Intellektuaalne kapital v\u00e4ljendub professionaalsetes t\u00f6\u00f6tajates, kellel on pikaajalise t\u00f6\u00f6 tulemusena tekkinud oskuste pagas, mida on lihtne edasi anda uutele t\u00f6\u00f6tajatele.<\/span>[\/vc_column_text][\/vc_column][\/vc_row][vc_row equal_height=&#8221;yes&#8221;][vc_column width=&#8221;2\/3&#8243;][vc_custom_heading text=&#8221;Projekt \u201eO\u00dc Via 3L varustuskindluse investeeringud\u201d sai Euroopa Liidu taasterahastu NextGenerationEU vahenditest toetust&#8221; use_theme_fonts=&#8221;yes&#8221;][vc_column_text css=&#8221;&#8221;]Projekti elluviimine oli vajalik ettev\u00f5tte varustuskindluse suurendamiseks. Projekti eesm\u00e4rk oli v\u00e4hendada ettev\u00f5tte s\u00f5ltuvust fossiilk\u00fctustest. Projekti eesm\u00e4rgi saavutamiseks rajati p\u00e4ikeseelektrijaam koos elektrienergia salvestusseadmega, mille kasutuselev\u00f5tmise tulemusena v\u00e4henes suuresti elektriv\u00f5rgust tarbitava fossiilk\u00fctustest toodetava elektrienergia hulk ja paranes ettev\u00f5tte varustuskindlus.<\/p>\n<p><strong>Toetuse summa:<\/strong><\/p>\n<p>177 000 \u20ac[\/vc_column_text][\/vc_column][vc_column width=&#8221;1\/3&#8243;][vc_single_image image=&#8221;14485&#8243; img_size=&#8221;large&#8221;][\/vc_column][\/vc_row][vc_row][vc_column]\n\t\t\t\t<p class=\"rs-p-wp-fix\"><\/p>\n\t\t\t\t<sr7-module data-alias=\"about-us-slider-iso-14001-22000-9001\" data-id=\"74\" id=\"SR7_74_1\" class=\"rs-ov-hidden\" data-version=\"6.7.34\">\n\t\t\t\t\t<sr7-adjuster><\/sr7-adjuster>\n\t\t\t\t\t<sr7-content>\n\t\t\t\t\t\t<sr7-carousel>\n\t\t\t\t\t\t<sr7-slide id=\"SR7_74_1-123\" data-key=\"123\">\n\t\t\t\t\t\t<\/sr7-slide>\n\t\t\t\t\t\t<sr7-slide id=\"SR7_74_1-213\" data-key=\"213\">\n\t\t\t\t\t\t<\/sr7-slide>\n\t\t\t\t\t\t<\/sr7-carousel>\n\t\t\t\t\t<\/sr7-content>\n\t\t\t\t\t<image_lists style=\"display:none\">\n\t\t\t\t\t\t<img decoding=async data-opt-id=212482230  fetchpriority=\"high\" data-src=\"https:\/\/mlpeimtmgped.i.optimole.com\/w:auto\/h:auto\/q:mauto\/ig:avif\/https:\/\/via3l.eu\/wp-content\/uploads\/2021\/05\/KTK.png\" data-libid=\"8719\" data-lib=\"medialibrary\" alt=\"KTK\" title=\"KTK\" width=\"0\" height=\"0\" data-dbsrc=\"Ly92aWEzbC5ldS93cC1jb250ZW50L3VwbG9hZHMvMjAyMS8wNS9LVEsucG5n\"\/>\n\t\t\t\t\t\t<img decoding=async data-opt-id=80147785  fetchpriority=\"high\" data-src=\"https:\/\/mlpeimtmgped.i.optimole.com\/w:auto\/h:auto\/q:mauto\/ig:avif\/https:\/\/via3l.eu\/wp-content\/uploads\/2025\/10\/22000-metrosert-logo.png\" data-libid=\"17442\" data-lib=\"medialibrary\" alt=\"metrosert logo\" title=\"metrosert logo\" width=\"0\" height=\"0\" data-dbsrc=\"Ly92aWEzbC5ldS93cC1jb250ZW50L3VwbG9hZHMvMjAyNS8xMC8yMjAwMC1tZXRyb3NlcnQtbG9nby5wbmc=\"\/>\n\t\t\t\t\t\t<img decoding=async data-opt-id=1905513159  fetchpriority=\"high\" data-src=\"https:\/\/mlpeimtmgped.i.optimole.com\/w:auto\/h:auto\/q:mauto\/ig:avif\/https:\/\/via3l.eu\/wp-content\/uploads\/2020\/12\/Kaubanduskoda-liikmelogo_EST_logo_horiz.jpg\" data-libid=\"10596\" data-lib=\"medialibrary\" alt=\"Kaubanduskoda liikmelogo EST logo horiz via 3l\" title=\"Kaubanduskoda liikmelogo EST logo horiz\" width=\"0\" height=\"0\" data-dbsrc=\"Ly92aWEzbC5ldS93cC1jb250ZW50L3VwbG9hZHMvMjAyMC8xMi9LYXViYW5kdXNrb2RhLWxpaWttZWxvZ29fRVNUX2xvZ29faG9yaXouanBn\"\/>\n\t\t\t\t\t\t<img decoding=async data-opt-id=61978165  fetchpriority=\"high\" data-src=\"https:\/\/mlpeimtmgped.i.optimole.com\/w:auto\/h:auto\/q:mauto\/ig:avif\/https:\/\/via3l.eu\/wp-content\/uploads\/2025\/12\/ISO_withoutQR-ISO-9001.png\" data-libid=\"17696\" data-lib=\"medialibrary\" alt=\"ISO without QR 9001\" title=\"ISO without QR ISO\" width=\"0\" height=\"0\" data-dbsrc=\"Ly92aWEzbC5ldS93cC1jb250ZW50L3VwbG9hZHMvMjAyNS8xMi9JU09fd2l0aG91dFFSLUlTTy05MDAxLnBuZw==\"\/>\n\t\t\t\t\t\t<img decoding=async data-opt-id=745910895  fetchpriority=\"high\" data-src=\"https:\/\/mlpeimtmgped.i.optimole.com\/w:150\/h:150\/q:mauto\/rt:fill\/g:ce\/ig:avif\/https:\/\/via3l.eu\/wp-content\/uploads\/2020\/06\/Via3l_freight_logo_original.png\" data-libid=\"5679\" data-lib=\"medialibrary\" alt=\"Via 3L Freight ekspedeerimine\" title=\"Via3l_freight_logo_original\" width=\"0\" height=\"0\" data-dbsrc=\"Ly92aWEzbC5ldS93cC1jb250ZW50L3VwbG9hZHMvMjAyMC8wNi9WaWEzbF9mcmVpZ2h0X2xvZ29fb3JpZ2luYWwtMTUweDE1MC5wbmc=\"\/>\n\t\t\t\t\t\t<img decoding=async data-opt-id=104197187  fetchpriority=\"high\" data-src=\"https:\/\/mlpeimtmgped.i.optimole.com\/w:auto\/h:auto\/q:mauto\/ig:avif\/https:\/\/via3l.eu\/wp-content\/uploads\/2018\/01\/via3l_logo_400-400.png\" data-libid=\"2687\" data-lib=\"medialibrary\" alt=\"via3l_logistika teenuste \u00fcldtingimused Via 3l o\u00fc logo\" title=\"via3l_logo_400-400\" width=\"0\" height=\"0\" data-dbsrc=\"Ly92aWEzbC5ldS93cC1jb250ZW50L3VwbG9hZHMvMjAxOC8wMS92aWEzbF9sb2dvXzQwMC00MDAucG5n\"\/>\n\t\t\t\t\t<\/image_lists>\n\t\t\t\t<\/sr7-module>\n\t\t\t\t<script>\n\t\t\t\t\tSR7.PMH ??={}; SR7.PMH[\"SR7_74_1\"] = {cn:100,state:false,fn: function() { if (_tpt!==undefined && _tpt.prepareModuleHeight !== undefined) {  _tpt.prepareModuleHeight({id:\"SR7_74_1\",el:[150,150,150,150,300],type:'carousel',shdw:'0',gh:[150,150,150,150,300],gw:[1240,1240,1240,1240,480],vpt:['-200px&#039;,&#039;-200px&#039;,&#039;-200px&#039;,&#039;-200px&#039;,&#039;-200px'],size:{fullWidth:false, fullHeight:false},mh:'0',onh:0,onw:0,bg:{color:'{\"orig\":\"transparent\",\"type\":\"solid\",\"string\":\"transparent\"}'},carousel:{pt:'0',pb:'0'}});   SR7.PMH[\"SR7_74_1\"].state=true;} else if(SR7.PMH[\"SR7_74_1\"].cn-->0)\tsetTimeout( SR7.PMH[\"SR7_74_1\"].fn,19);}};SR7.PMH[\"SR7_74_1\" ].fn();\n\t\t\t\t<\/script>\n[\/vc_column][\/vc_row]<\/p>\n<\/div>","protected":false},"excerpt":{"rendered":"<p>[vc_row][vc_column][vc_custom_heading text=&#8221;Via 3L Freight O\u00dc KVALITEEDI- JA KESKKONNAPOLIITIKA&#8221; font_container=&#8221;tag:h2|text_align:center&#8221; use_theme_fonts=&#8221;yes&#8221; css=&#8221;&#8221;][vc_empty_space][vc_custom_heading text=&#8221;Meie eesm\u00e4rk on pakkuda kvaliteetseid ja keskkonnas\u00f5bralikke logistikateenuseid, mis vastavad klientide ootustele, seadusandlikele n\u00f5uetele ning rahvusvahelistele juhtimiss\u00fcsteemide standarditele.&#8221; font_container=&#8221;tag:h2|text_align:center|color:%23FFFFFF&#8221; use_theme_fonts=&#8221;yes&#8221; css=&#8221;.vc_custom_1754293151377{background-image: url(https:\/\/mlpeimtmgped.i.optimole.com\/w:auto\/h:auto\/q:mauto\/ig:avif\/https:\/\/via3l.eu\/wp-content\/uploads\/2021\/03\/Via3L-vesitaust_sinine_original.png?id=8192)&#8230;<\/p>\n","protected":false},"author":2,"featured_media":0,"parent":6941,"menu_order":0,"comment_status":"closed","ping_status":"closed","template":"","meta":{"footnotes":""},"class_list":["post-8898","page","type-page","status-publish","hentry"],"_links":{"self":[{"href":"https:\/\/via3l.eu\/et\/wp-json\/wp\/v2\/pages\/8898","targetHints":{"allow":["GET"]}}],"collection":[{"href":"https:\/\/via3l.eu\/et\/wp-json\/wp\/v2\/pages"}],"about":[{"href":"https:\/\/via3l.eu\/et\/wp-json\/wp\/v2\/types\/page"}],"author":[{"embeddable":true,"href":"https:\/\/via3l.eu\/et\/wp-json\/wp\/v2\/users\/2"}],"replies":[{"embeddable":true,"href":"https:\/\/via3l.eu\/et\/wp-json\/wp\/v2\/comments?post=8898"}],"version-history":[{"count":0,"href":"https:\/\/via3l.eu\/et\/wp-json\/wp\/v2\/pages\/8898\/revisions"}],"up":[{"embeddable":true,"href":"https:\/\/via3l.eu\/et\/wp-json\/wp\/v2\/pages\/6941"}],"wp:attachment":[{"href":"https:\/\/via3l.eu\/et\/wp-json\/wp\/v2\/media?parent=8898"}],"curies":[{"name":"wp","href":"https:\/\/api.w.org\/{rel}","templated":true}]}}