{"id":8919,"date":"2022-09-19T11:46:58","date_gmt":"2022-09-19T08:46:58","guid":{"rendered":"https:\/\/via3l.eu\/?page_id=8919"},"modified":"2024-10-01T10:23:02","modified_gmt":"2024-10-01T07:23:02","slug":"mitmekesisus","status":"publish","type":"page","link":"https:\/\/via3l.eu\/et\/via-3l-ettevote\/mitmekesisus\/","title":{"rendered":"Mitmekesisuse kokkulepe"},"content":{"rendered":"<div class=\"wpb-content-wrapper\"><p>[vc_row][vc_column][vc_row_inner][vc_column_inner][\/vc_column_inner][\/vc_row_inner][vc_single_image image=&#8221;8913&#8243; img_size=&#8221;large&#8221; alignment=&#8221;center&#8221; onclick=&#8221;custom_link&#8221; link=&#8221;https:\/\/via3l.eu\/et\/2022\/09\/19\/via-3l-sai-mitmekesisuse-kvaliteedimargise-austame-erinevusi\/&#8221;][vc_column_text css=&#8221;&#8221;]V\u00f5ttes arvesse, milline on Eesti \u00fchiskonna mitmekesisus, teadvustades mitmekesisusega arvestamise v\u00f5tmet\u00e4htsust ettev\u00f5tete ja organisatsioonide edu tagamisel, sealhulgas innovatsiooni ja loovuse edendamisel, uute ja senisest erinevate klientide ja \u00e4ripartnerite leidmisel ning kiirel reageerimisel muutustele, tuletades meelde, et p\u00f5hiseaduse ja teiste seaduste kohaselt on igasugune diskrimineerimine keelatud.[\/vc_column_text][vc_empty_space][vc_custom_heading text=&#8221;Oleme kokku leppinud j\u00e4rgnevas&#8221; use_theme_fonts=&#8221;yes&#8221; css=&#8221;&#8221;][\/vc_column][\/vc_row][vc_row][vc_column][vc_row_inner][vc_column_inner][vc_empty_space][\/vc_column_inner][\/vc_row_inner][vc_column_text css=&#8221;&#8221;]<\/p>\n<ul>\n<li>v\u00e4\u00e4rtused, mida oma <a href=\"https:\/\/www.linkedin.com\/company\/via3l\" target=\"_blank\" rel=\"noopener noreferrer nofollow\">organisatsioonis<\/a> hindame on teineteise austamine, mitmekesisus ja v\u00f5rdse kohtlemise p\u00f5him\u00f5te.<\/li>\n<li>t\u00f5stame organisatsiooni juhtimises kesksele kohale mitmekesisusega arvestamise.<\/li>\n<li>edendame personalipoliitikat, mis tagab k\u00f5ikide t\u00f6\u00f6tajate potentsiaali kasutamise ja v\u00f5rdse kohtlemise, olenemata soost, rassist v\u00f5i etnilisest p\u00e4ritolust, rahvusest, nahav\u00e4rvusest, vanusest, puudest, seksuaalsest s\u00e4ttumusest ning usulistest ja poliitilistest veendumustest.<\/li>\n<li>teeme pingutusi, et \u00fchiskonna mitmekesisus peegelduks meie t\u00f6\u00f6tajate seas.<\/li>\n<li>kaitseme oma t\u00f6\u00f6tajaid diskrimineerimise eest.<\/li>\n<li>teavitame t\u00f6\u00f6tajaid nende \u00f5igustest ja kohustustest v\u00f5rdse kohtlemise p\u00f5him\u00f5tte rakendamisel.<\/li>\n<li>loome oma organisatsioonis t\u00f6\u00f6tajatele ja klientidele v\u00f5imalused v\u00f5rdse kohtlemise p\u00f5him\u00f5tte rikkumisest teavitamiseks ning tagame diskrimineerimisjuhtumite erapooletu ja t\u00f5husa lahendamise.<\/li>\n<li>s\u00f5nastame oma organisatsioonis p\u00f5him\u00f5tted v\u00f5rdse kohtlemise valdkonna edendamiseks ja mitmekesisusega arvestamiseks ning tagame nende j\u00e4rjepideva ja tulemusliku edendamise viisil, mis kaasab erineva tausta, kvalifikatsiooni ja kogemusega t\u00f6\u00f6tajaid.<\/li>\n<li>j\u00e4lgime regulaarselt k\u00e4esolevas kokkuleppes toodud eesm\u00e4rkide saavutamise edenemist.<\/li>\n<li>anname teada nii t\u00f6\u00f6tajatele, <a href=\"https:\/\/via3l.eu\/et\/kliendilepingu-solmimine\/\">klientidele<\/a> kui avalikkusele mitmekesisuse kokkuleppe liikmelisusest ja edusammudest selle t\u00e4itmisel.<\/li>\n<\/ul>\n<p>[\/vc_column_text][\/vc_column][\/vc_row][vc_row][vc_column][vc_row_inner][vc_column_inner][vc_empty_space][\/vc_column_inner][\/vc_row_inner][vc_single_image image=&#8221;8922&#8243; img_size=&#8221;full&#8221; add_caption=&#8221;yes&#8221; alignment=&#8221;center&#8221;][\/vc_column][\/vc_row][vc_row][vc_column]\n\t\t\t\t<p class=\"rs-p-wp-fix\"><\/p>\n\t\t\t\t<sr7-module data-alias=\"about-us-slider-iso-14001-22000-9001\" data-id=\"74\" id=\"SR7_74_1\" class=\"rs-ov-hidden\" data-version=\"6.7.34\">\n\t\t\t\t\t<sr7-adjuster><\/sr7-adjuster>\n\t\t\t\t\t<sr7-content>\n\t\t\t\t\t\t<sr7-carousel>\n\t\t\t\t\t\t<sr7-slide id=\"SR7_74_1-123\" data-key=\"123\">\n\t\t\t\t\t\t<\/sr7-slide>\n\t\t\t\t\t\t<sr7-slide id=\"SR7_74_1-213\" data-key=\"213\">\n\t\t\t\t\t\t<\/sr7-slide>\n\t\t\t\t\t\t<\/sr7-carousel>\n\t\t\t\t\t<\/sr7-content>\n\t\t\t\t\t<image_lists style=\"display:none\">\n\t\t\t\t\t\t<img decoding=async data-opt-id=212482230  fetchpriority=\"high\" data-src=\"https:\/\/mlpeimtmgped.i.optimole.com\/w:auto\/h:auto\/q:mauto\/ig:avif\/https:\/\/via3l.eu\/wp-content\/uploads\/2021\/05\/KTK.png\" data-libid=\"8719\" data-lib=\"medialibrary\" alt=\"KTK\" title=\"KTK\" width=\"0\" height=\"0\" data-dbsrc=\"Ly92aWEzbC5ldS93cC1jb250ZW50L3VwbG9hZHMvMjAyMS8wNS9LVEsucG5n\"\/>\n\t\t\t\t\t\t<img decoding=async data-opt-id=80147785  fetchpriority=\"high\" data-src=\"https:\/\/mlpeimtmgped.i.optimole.com\/w:auto\/h:auto\/q:mauto\/ig:avif\/https:\/\/via3l.eu\/wp-content\/uploads\/2025\/10\/22000-metrosert-logo.png\" data-libid=\"17442\" data-lib=\"medialibrary\" alt=\"metrosert logo\" title=\"metrosert logo\" width=\"0\" height=\"0\" data-dbsrc=\"Ly92aWEzbC5ldS93cC1jb250ZW50L3VwbG9hZHMvMjAyNS8xMC8yMjAwMC1tZXRyb3NlcnQtbG9nby5wbmc=\"\/>\n\t\t\t\t\t\t<img decoding=async data-opt-id=1905513159  fetchpriority=\"high\" data-src=\"https:\/\/mlpeimtmgped.i.optimole.com\/w:auto\/h:auto\/q:mauto\/ig:avif\/https:\/\/via3l.eu\/wp-content\/uploads\/2020\/12\/Kaubanduskoda-liikmelogo_EST_logo_horiz.jpg\" data-libid=\"10596\" data-lib=\"medialibrary\" alt=\"Kaubanduskoda liikmelogo EST logo horiz via 3l\" title=\"Kaubanduskoda liikmelogo EST logo horiz\" width=\"0\" height=\"0\" data-dbsrc=\"Ly92aWEzbC5ldS93cC1jb250ZW50L3VwbG9hZHMvMjAyMC8xMi9LYXViYW5kdXNrb2RhLWxpaWttZWxvZ29fRVNUX2xvZ29faG9yaXouanBn\"\/>\n\t\t\t\t\t\t<img decoding=async data-opt-id=61978165  fetchpriority=\"high\" data-src=\"https:\/\/mlpeimtmgped.i.optimole.com\/w:auto\/h:auto\/q:mauto\/ig:avif\/https:\/\/via3l.eu\/wp-content\/uploads\/2025\/12\/ISO_withoutQR-ISO-9001.png\" data-libid=\"17696\" data-lib=\"medialibrary\" alt=\"ISO without QR 9001\" title=\"ISO without QR ISO\" width=\"0\" height=\"0\" data-dbsrc=\"Ly92aWEzbC5ldS93cC1jb250ZW50L3VwbG9hZHMvMjAyNS8xMi9JU09fd2l0aG91dFFSLUlTTy05MDAxLnBuZw==\"\/>\n\t\t\t\t\t\t<img decoding=async data-opt-id=745910895  fetchpriority=\"high\" data-src=\"https:\/\/mlpeimtmgped.i.optimole.com\/w:150\/h:150\/q:mauto\/rt:fill\/g:ce\/ig:avif\/https:\/\/via3l.eu\/wp-content\/uploads\/2020\/06\/Via3l_freight_logo_original.png\" data-libid=\"5679\" data-lib=\"medialibrary\" alt=\"Via 3L Freight ekspedeerimine\" title=\"Via3l_freight_logo_original\" width=\"0\" height=\"0\" data-dbsrc=\"Ly92aWEzbC5ldS93cC1jb250ZW50L3VwbG9hZHMvMjAyMC8wNi9WaWEzbF9mcmVpZ2h0X2xvZ29fb3JpZ2luYWwtMTUweDE1MC5wbmc=\"\/>\n\t\t\t\t\t\t<img decoding=async data-opt-id=104197187  fetchpriority=\"high\" data-src=\"https:\/\/mlpeimtmgped.i.optimole.com\/w:auto\/h:auto\/q:mauto\/ig:avif\/https:\/\/via3l.eu\/wp-content\/uploads\/2018\/01\/via3l_logo_400-400.png\" data-libid=\"2687\" data-lib=\"medialibrary\" alt=\"via3l_logistika teenuste \u00fcldtingimused Via 3l o\u00fc logo\" title=\"via3l_logo_400-400\" width=\"0\" height=\"0\" data-dbsrc=\"Ly92aWEzbC5ldS93cC1jb250ZW50L3VwbG9hZHMvMjAxOC8wMS92aWEzbF9sb2dvXzQwMC00MDAucG5n\"\/>\n\t\t\t\t\t<\/image_lists>\n\t\t\t\t<\/sr7-module>\n\t\t\t\t<script>\n\t\t\t\t\tSR7.PMH ??={}; SR7.PMH[\"SR7_74_1\"] = {cn:100,state:false,fn: function() { if (_tpt!==undefined && _tpt.prepareModuleHeight !== undefined) {  _tpt.prepareModuleHeight({id:\"SR7_74_1\",el:[150,150,150,150,300],type:'carousel',shdw:'0',gh:[150,150,150,150,300],gw:[1240,1240,1240,1240,480],vpt:['-200px&#039;,&#039;-200px&#039;,&#039;-200px&#039;,&#039;-200px&#039;,&#039;-200px'],size:{fullWidth:false, fullHeight:false},mh:'0',onh:0,onw:0,bg:{color:'{\"orig\":\"transparent\",\"type\":\"solid\",\"string\":\"transparent\"}'},carousel:{pt:'0',pb:'0'}});   SR7.PMH[\"SR7_74_1\"].state=true;} else if(SR7.PMH[\"SR7_74_1\"].cn-->0)\tsetTimeout( SR7.PMH[\"SR7_74_1\"].fn,19);}};SR7.PMH[\"SR7_74_1\" ].fn();\n\t\t\t\t<\/script>\n[\/vc_column][\/vc_row]<\/p>\n<\/div>","protected":false},"excerpt":{"rendered":"<p>[vc_row][vc_column][vc_row_inner][vc_column_inner][\/vc_column_inner][\/vc_row_inner][vc_single_image image=&#8221;8913&#8243; img_size=&#8221;large&#8221; alignment=&#8221;center&#8221; onclick=&#8221;custom_link&#8221; link=&#8221;https:\/\/via3l.eu\/et\/2022\/09\/19\/via-3l-sai-mitmekesisuse-kvaliteedimargise-austame-erinevusi\/&#8221;][vc_column_text css=&#8221;&#8221;]V\u00f5ttes arvesse, milline on Eesti \u00fchiskonna mitmekesisus, teadvustades mitmekesisusega arvestamise v\u00f5tmet\u00e4htsust ettev\u00f5tete ja organisatsioonide edu tagamisel, sealhulgas innovatsiooni ja loovuse edendamisel, uute ja senisest erinevate klientide ja&#8230;<\/p>\n","protected":false},"author":2,"featured_media":8913,"parent":6941,"menu_order":0,"comment_status":"closed","ping_status":"closed","template":"","meta":{"footnotes":""},"class_list":["post-8919","page","type-page","status-publish","has-post-thumbnail","hentry"],"_links":{"self":[{"href":"https:\/\/via3l.eu\/et\/wp-json\/wp\/v2\/pages\/8919","targetHints":{"allow":["GET"]}}],"collection":[{"href":"https:\/\/via3l.eu\/et\/wp-json\/wp\/v2\/pages"}],"about":[{"href":"https:\/\/via3l.eu\/et\/wp-json\/wp\/v2\/types\/page"}],"author":[{"embeddable":true,"href":"https:\/\/via3l.eu\/et\/wp-json\/wp\/v2\/users\/2"}],"replies":[{"embeddable":true,"href":"https:\/\/via3l.eu\/et\/wp-json\/wp\/v2\/comments?post=8919"}],"version-history":[{"count":0,"href":"https:\/\/via3l.eu\/et\/wp-json\/wp\/v2\/pages\/8919\/revisions"}],"up":[{"embeddable":true,"href":"https:\/\/via3l.eu\/et\/wp-json\/wp\/v2\/pages\/6941"}],"wp:featuredmedia":[{"embeddable":true,"href":"https:\/\/via3l.eu\/et\/wp-json\/wp\/v2\/media\/8913"}],"wp:attachment":[{"href":"https:\/\/via3l.eu\/et\/wp-json\/wp\/v2\/media?parent=8919"}],"curies":[{"name":"wp","href":"https:\/\/api.w.org\/{rel}","templated":true}]}}