{"id":9354,"date":"2023-01-22T18:08:48","date_gmt":"2023-01-22T16:08:48","guid":{"rendered":"https:\/\/via3l.eu\/?page_id=9354"},"modified":"2025-06-03T16:13:42","modified_gmt":"2025-06-03T13:13:42","slug":"elektrooniline_andmevahetus","status":"publish","type":"page","link":"https:\/\/via3l.eu\/et\/3pl_logistika\/elektrooniline_andmevahetus\/","title":{"rendered":"Elektrooniline andmevahetus"},"content":{"rendered":"<div class=\"wpb-content-wrapper\"><p>[vc_row][vc_column][vc_raw_js]JTNDJTIxLS0lMjBHb29nbGUlMjB0YWclMjAlMjhndGFnLmpzJTI5JTIwLS0lM0UlMjAlM0NzY3JpcHQlMjBhc3luYyUyMHNyYyUzRCUyMmh0dHBzJTNBJTJGJTJGd3d3Lmdvb2dsZXRhZ21hbmFnZXIuY29tJTJGZ3RhZyUyRmpzJTNGaWQlM0RBVy0xMTM1MTM4ODUyNCUyMiUzRSUzQyUyRnNjcmlwdCUzRSUyMCUzQ3NjcmlwdCUzRSUyMHdpbmRvdy5kYXRhTGF5ZXIlMjAlM0QlMjB3aW5kb3cuZGF0YUxheWVyJTIwJTdDJTdDJTIwJTVCJTVEJTNCJTIwZnVuY3Rpb24lMjBndGFnJTI4JTI5JTdCZGF0YUxheWVyLnB1c2glMjhhcmd1bWVudHMlMjklM0IlN0QlMjBndGFnJTI4JTI3anMlMjclMkMlMjBuZXclMjBEYXRlJTI4JTI5JTI5JTNCJTIwZ3RhZyUyOCUyN2NvbmZpZyUyNyUyQyUyMCUyN0FXLTExMzUxMzg4NTI0JTI3JTI5JTNCJTIwJTNDJTJGc2NyaXB0JTNFJTBB[\/vc_raw_js][\/vc_column][\/vc_row][vc_row equal_height=&#8221;yes&#8221; content_placement=&#8221;bottom&#8221;][vc_column width=&#8221;2\/3&#8243; alignment=&#8221;center&#8221; offset=&#8221;vc_hidden-xs&#8221;][vc_custom_heading text=&#8221;Elektrooniline andmevahetus&#8221; font_container=&#8221;tag:h1|text_align:center&#8221; use_theme_fonts=&#8221;yes&#8221;][\/vc_column][vc_column width=&#8221;1\/3&#8243; alignment=&#8221;center&#8221; offset=&#8221;vc_hidden-xs&#8221;][vc_btn title=&#8221;ESITA P\u00c4RING&#8221; shape=&#8221;square&#8221; color=&#8221;green&#8221; size=&#8221;lg&#8221; i_icon_fontawesome=&#8221;stm-arrow-next&#8221; css=&#8221;&#8221; add_icon=&#8221;true&#8221; link=&#8221;url:https%3A%2F%2Fvia3l.eu%2Fet%2Fhinnaparing_laoteenusele%2F|title:K%C3%BCsi%20pakkumist&#8221;][\/vc_column][\/vc_row][vc_row equal_height=&#8221;yes&#8221; content_placement=&#8221;bottom&#8221;][vc_column alignment=&#8221;center&#8221; offset=&#8221;vc_hidden-lg vc_hidden-md vc_hidden-sm&#8221;][vc_custom_heading text=&#8221;Elektrooniline andmevahetus&#8221; font_container=&#8221;tag:h1|text_align:center&#8221; use_theme_fonts=&#8221;yes&#8221;]<div class=\" ubtn-ctn-center \"><a class=\"ubtn-link ult-adjust-bottom-margin ubtn-center ubtn-block \" href=\"https:\/\/via3l.eu\/et\/hinnaparing_laoteenusele\/\" title=\"Hinnap\u00e4ring laoteenusele\" ><button type=\"button\" id=\"ubtn-1803\"  class=\"ubtn ult-adjust-bottom-margin ult-responsive ubtn-block ubtn-no-hover-bg  none  ubtn-sep-icon ubtn-sep-icon-at-left  ubtn-center   tooltip-69d78fbeb36dc ubtn-block\"  data-hover=\"\" data-border-color=\"\" data-bg=\"#6DAB3C\" data-hover-bg=\"#113C63\" data-border-hover=\"\" data-shadow-hover=\"\" data-shadow-click=\"none\" data-shadow=\"\" data-shd-shadow=\"\"  data-ultimate-target='#ubtn-1803'  data-responsive-json-new='{\"font-size\":\"mobile:24px;\",\"line-height\":\"\"}'  style=\"font-family:&#039;Montserrat&#039;;font-weight:bold;border:none;background: #6DAB3C;color: #FFFFFF;\"><span class=\"ubtn-data ubtn-icon\"><i class=\"Defaults-arrow-right\" style=\"font-size:32px;color:;\"><\/i><\/span><span class=\"ubtn-hover\" style=\"background-color:#113C63\"><\/span><span class=\"ubtn-data ubtn-text \" >ESITA P\u00c4RING<\/span><\/button><\/a><\/div>[\/vc_column][\/vc_row][vc_row equal_height=&#8221;yes&#8221; content_placement=&#8221;middle&#8221;][vc_column][vc_empty_space][\/vc_column][\/vc_row][vc_row equal_height=&#8221;yes&#8221; css=&#8221;.vc_custom_1679991247267{background-position: center !important;background-repeat: no-repeat !important;background-size: cover !important;}&#8221;][vc_column width=&#8221;1\/2&#8243;][vc_column_text]<a href=\"https:\/\/via3l.eu\/et\/via-3l-ettevote\/\">Via 3L<\/a> protsessid toetavad digitaalseid lahendusi, alates kaupade vastuv\u00f5tmisest kuni kohaletoimetamiseni. Kogu andmevahetus \u00e4ripartneritega toimub elektrooniliste kanalite kaudu. Oleme minimeerinud operaatorite k\u00e4sitsi sekkumise vajaduse ning v\u00f5imalusel on alati eelistatud automatiseeritud masin-masin elektrooniline andmevahetus, mis v\u00f5imaldab suuremat t\u00f6\u00f6tlemiskiirust, v\u00e4hem eksimusi, operatiivset aruandlust ja t\u00e4ielikku l\u00e4bipaistvust. Samas on meil olemas ka professionaalne klienditeenindus ja IT-osakond.<\/p>\n<p>Digitaalseid tipptasemel \u00fchendusi pakuvad juhtivad teenusepakkujad \u2013 <a href=\"https:\/\/telema.ee\/\" target=\"_blank\" rel=\"noopener noreferrer nofollow\">Telema<\/a>,\u00a0<a href=\"https:\/\/www.unifiedpost.com\/en\" target=\"_blank\" rel=\"noopener noreferrer nofollow\">Unifiedpost<\/a>,\u00a0<a href=\"https:\/\/edisoft.io\/et-ee\" target=\"_blank\" rel=\"noopener noreferrer nofollow\">Edisoft<\/a>,\u00a0<a href=\"https:\/\/docura.net\/\" target=\"_blank\" rel=\"noopener noreferrer nofollow\">Docura<\/a>, <a href=\"https:\/\/navirec.com\/\" target=\"_blank\" rel=\"noopener noreferrer nofollow\">Navirec<\/a>,\u00a0<a href=\"https:\/\/planlogi.ee\/index.html\" target=\"_blank\" rel=\"noopener noreferrer nofollow\">Planlogi<\/a>,\u00a0<a href=\"https:\/\/www.cargoson.com\/et\/landing\" target=\"_blank\" rel=\"noopener noreferrer nofollow\">Cargoson<\/a>.<\/p>\n<p>\u00c4rianal\u00fc\u00fctika jaoks pakume oma klientidele kohandatud <a href=\"https:\/\/powerbi.microsoft.com\/en-us\/\" target=\"_blank\" rel=\"noopener noreferrer nofollow\">Power BI<\/a> v\u00f5imalusi.<\/p>\n<p>Selliste e-poodide puhul nagu <a href=\"https:\/\/business.adobe.com\/products\/magento\/magento-commerce.html\" target=\"_blank\" rel=\"noopener noreferrer nofollow\">Magento (Adobe Commerce)<\/a> konverteerime failid automaatselt XML- ja JSON-formaati.[\/vc_column_text][\/vc_column][vc_column width=&#8221;1\/2&#8243;][vc_single_image image=&#8221;5303&#8243; img_size=&#8221;large&#8221; css=&#8221;.vc_custom_1674403239429{background-position: center !important;background-repeat: no-repeat !important;background-size: cover !important;}&#8221;][vc_empty_space][vc_column_text]Meie peamised digiteenused on j\u00e4rgmised:<\/p>\n<p>&#8211; Elektrooniline andmevahetus (EDI) andmeside nii 2Doc kui ka 4Doc meetoditega<\/p>\n<p>&#8211; E-arved (elektroonilised arved, ostu &#8211; ja m\u00fc\u00fcgitellimused, tagastused jne)<\/p>\n<p>&#8211; Spetsiaalselt loodud B2B kliendilahendused<\/p>\n<p>&#8211; \u00c4rianal\u00fc\u00fctika[\/vc_column_text][\/vc_column][\/vc_row]<\/p>\n<\/div>","protected":false},"excerpt":{"rendered":"<p>[vc_row][vc_column][vc_raw_js]JTNDJTIxLS0lMjBHb29nbGUlMjB0YWclMjAlMjhndGFnLmpzJTI5JTIwLS0lM0UlMjAlM0NzY3JpcHQlMjBhc3luYyUyMHNyYyUzRCUyMmh0dHBzJTNBJTJGJTJGd3d3Lmdvb2dsZXRhZ21hbmFnZXIuY29tJTJGZ3RhZyUyRmpzJTNGaWQlM0RBVy0xMTM1MTM4ODUyNCUyMiUzRSUzQyUyRnNjcmlwdCUzRSUyMCUzQ3NjcmlwdCUzRSUyMHdpbmRvdy5kYXRhTGF5ZXIlMjAlM0QlMjB3aW5kb3cuZGF0YUxheWVyJTIwJTdDJTdDJTIwJTVCJTVEJTNCJTIwZnVuY3Rpb24lMjBndGFnJTI4JTI5JTdCZGF0YUxheWVyLnB1c2glMjhhcmd1bWVudHMlMjklM0IlN0QlMjBndGFnJTI4JTI3anMlMjclMkMlMjBuZXclMjBEYXRlJTI4JTI5JTI5JTNCJTIwZ3RhZyUyOCUyN2NvbmZpZyUyNyUyQyUyMCUyN0FXLTExMzUxMzg4NTI0JTI3JTI5JTNCJTIwJTNDJTJGc2NyaXB0JTNFJTBB[\/vc_raw_js][\/vc_column][\/vc_row][vc_row equal_height=&#8221;yes&#8221; content_placement=&#8221;bottom&#8221;][vc_column width=&#8221;2\/3&#8243; alignment=&#8221;center&#8221; offset=&#8221;vc_hidden-xs&#8221;][vc_custom_heading text=&#8221;Elektrooniline andmevahetus&#8221; font_container=&#8221;tag:h1|text_align:center&#8221; use_theme_fonts=&#8221;yes&#8221;][\/vc_column][vc_column width=&#8221;1\/3&#8243; alignment=&#8221;center&#8221; offset=&#8221;vc_hidden-xs&#8221;][vc_btn title=&#8221;ESITA P\u00c4RING&#8221; shape=&#8221;square&#8221; color=&#8221;green&#8221; size=&#8221;lg&#8221; i_icon_fontawesome=&#8221;stm-arrow-next&#8221; css=&#8221;&#8221; add_icon=&#8221;true&#8221; link=&#8221;url:https%3A%2F%2Fvia3l.eu%2Fet%2Fhinnaparing_laoteenusele%2F|title:K%C3%BCsi%20pakkumist&#8221;][\/vc_column][\/vc_row][vc_row equal_height=&#8221;yes&#8221; content_placement=&#8221;bottom&#8221;][vc_column alignment=&#8221;center&#8221; offset=&#8221;vc_hidden-lg vc_hidden-md vc_hidden-sm&#8221;][vc_custom_heading text=&#8221;Elektrooniline andmevahetus&#8221; font_container=&#8221;tag:h1|text_align:center&#8221; use_theme_fonts=&#8221;yes&#8221;][\/vc_column][\/vc_row][vc_row equal_height=&#8221;yes&#8221;&#8230;<\/p>\n","protected":false},"author":2,"featured_media":0,"parent":3647,"menu_order":0,"comment_status":"closed","ping_status":"closed","template":"","meta":{"footnotes":""},"class_list":["post-9354","page","type-page","status-publish","hentry"],"_links":{"self":[{"href":"https:\/\/via3l.eu\/et\/wp-json\/wp\/v2\/pages\/9354","targetHints":{"allow":["GET"]}}],"collection":[{"href":"https:\/\/via3l.eu\/et\/wp-json\/wp\/v2\/pages"}],"about":[{"href":"https:\/\/via3l.eu\/et\/wp-json\/wp\/v2\/types\/page"}],"author":[{"embeddable":true,"href":"https:\/\/via3l.eu\/et\/wp-json\/wp\/v2\/users\/2"}],"replies":[{"embeddable":true,"href":"https:\/\/via3l.eu\/et\/wp-json\/wp\/v2\/comments?post=9354"}],"version-history":[{"count":0,"href":"https:\/\/via3l.eu\/et\/wp-json\/wp\/v2\/pages\/9354\/revisions"}],"up":[{"embeddable":true,"href":"https:\/\/via3l.eu\/et\/wp-json\/wp\/v2\/pages\/3647"}],"wp:attachment":[{"href":"https:\/\/via3l.eu\/et\/wp-json\/wp\/v2\/media?parent=9354"}],"curies":[{"name":"wp","href":"https:\/\/api.w.org\/{rel}","templated":true}]}}