{"id":13776,"date":"2024-02-09T12:17:14","date_gmt":"2024-02-09T10:17:14","guid":{"rendered":"https:\/\/via3l.eu\/?page_id=13776"},"modified":"2024-05-30T17:12:46","modified_gmt":"2024-05-30T14:12:46","slug":"pyyda-tarjous","status":"publish","type":"page","link":"https:\/\/via3l.eu\/fi\/pyyda-tarjous\/","title":{"rendered":"Pyyd\u00e4 tarjous"},"content":{"rendered":"<div class=\"wpb-content-wrapper\"><p>[vc_row][vc_column width=&#8221;2\/3&#8243;][vc_custom_heading text=&#8221;Pyyd\u00e4 tarjous&#8221; use_theme_fonts=&#8221;yes&#8221; css=&#8221;&#8221;][vc_raw_html]JTNDZGl2JTIwY2xhc3MlM0QlMjJwaXBlZHJpdmVXZWJGb3JtcyUyMiUyMGRhdGEtcGQtd2ViZm9ybXMlM0QlMjJodHRwcyUzQSUyRiUyRndlYmZvcm1zLnBpcGVkcml2ZS5jb20lMkZmJTJGMUFqdGRhR1J6cDVSc0hMNkh2MFBnS0VRTUlrcjBNR1V2anM5eW5yTGg1ckhqRDBUbmtzdm9IcXB3T0lQemRWQk4lMjIlM0UlM0NzY3JpcHQlMjBzcmMlM0QlMjJodHRwcyUzQSUyRiUyRndlYmZvcm1zLnBpcGVkcml2ZS5jb20lMkZmJTJGbG9hZGVyJTIyJTNFJTNDJTJGc2NyaXB0JTNFJTNDJTJGZGl2JTNF[\/vc_raw_html][\/vc_column][vc_column width=&#8221;1\/3&#8243;][vc_single_image image=&#8221;13924&#8243; css=&#8221;&#8221;][\/vc_column][\/vc_row][vc_row][vc_column offset=&#8221;vc_hidden-xs&#8221;][vc_custom_heading text=&#8221;Kansainv\u00e4linen kuljetuksen hintatarjous&#8221; use_theme_fonts=&#8221;yes&#8221;][vc_column_text css=&#8221;&#8221;]<a href=\"https:\/\/www.linkedin.com\/company\/via3l\/\" target=\"_blank\" rel=\"noopener noreferrer nofollow\">Via 3L<\/a> &#8211; Via 3L \u2013 rahtiliikenteess\u00e4 palvelemme yli 1000 s\u00e4\u00e4nn\u00f6llist\u00e4 asiakasta, joille tarjoamme 400 s\u00e4\u00e4nn\u00f6llist\u00e4 l\u00e4ht\u00f6\u00e4 75 maahan ja 75 maasta <a href=\"https:\/\/via3l.eu\/en\/international-transportation-services\/road-freight\/\">maitse<\/a>, <a href=\"https:\/\/via3l.eu\/en\/international-transportation-services\/sea-freight\/\">meritse<\/a>, <a href=\"https:\/\/via3l.eu\/en\/international-transportation-services\/rail-freight\/\">rautateitse<\/a>, ja <a href=\"https:\/\/via3l.eu\/en\/international-transportation-services\/air-freight\/\">ilmateitse<\/a>. Keskitymme maantiekuljetusten FTL (t\u00e4yskuormat) palveluihin. Jos haluat saada hintatarjouksen kansainv\u00e4lisest\u00e4 kuljetusreitist\u00e4, t\u00e4yt\u00e4 yll\u00e4 oleva lomake, niin se ilmestyy Pipedriven CRM j\u00e4rjestelm\u00e4\u00e4mme. Myyntip\u00e4\u00e4llikk\u00f6mme vastaa hintapyynt\u00f6\u00f6si.<\/p>\n<p>Etsimme yhdess\u00e4 asiakkaidemme kanssa kustannustehokkainta ja ymp\u00e4rist\u00f6yst\u00e4v\u00e4llisint\u00e4 tapaa kuljettaa lastisi. Pyyd\u00e4 tarjous!<\/p>\n<p>[\/vc_column_text][\/vc_column][\/vc_row][vc_row][vc_column offset=&#8221;vc_hidden-lg vc_hidden-md vc_hidden-sm&#8221;][vc_custom_heading text=&#8221;Kansainv\u00e4linen kuljetuksen hintatarjous&#8221; font_container=&#8221;tag:h2|text_align:center&#8221; use_theme_fonts=&#8221;yes&#8221;][vc_column_text css=&#8221;&#8221;]<\/p>\n<p style=\"text-align: center;\"><a href=\"https:\/\/www.linkedin.com\/company\/via3l\/\" target=\"_blank\" rel=\"noopener noreferrer nofollow\">Via 3L<\/a> &#8211; Via 3L \u2013 rahtiliikenteess\u00e4 palvelemme yli 1000 s\u00e4\u00e4nn\u00f6llist\u00e4 asiakasta, joille tarjoamme 400 s\u00e4\u00e4nn\u00f6llist\u00e4 l\u00e4ht\u00f6\u00e4 75 maahan ja 75 maasta <a href=\"https:\/\/via3l.eu\/en\/international-transportation-services\/road-freight\/\">maitse<\/a>, <a href=\"https:\/\/via3l.eu\/en\/international-transportation-services\/sea-freight\/\">meritse<\/a>, <a href=\"https:\/\/via3l.eu\/en\/international-transportation-services\/rail-freight\/\">rautateitse<\/a>, ja <a href=\"https:\/\/via3l.eu\/en\/international-transportation-services\/air-freight\/\">ilmateitse<\/a>. Keskitymme maantiekuljetusten FTL (t\u00e4yskuormat) palveluihin. Jos haluat saada hintatarjouksen kansainv\u00e4lisest\u00e4 kuljetusreitist\u00e4, t\u00e4yt\u00e4 yll\u00e4 oleva lomake, niin se ilmestyy Pipedriven CRM j\u00e4rjestelm\u00e4\u00e4mme. Myyntip\u00e4\u00e4llikk\u00f6mme vastaa hintapyynt\u00f6\u00f6si.<\/p>\n<p style=\"text-align: center;\">Etsimme yhdess\u00e4 asiakkaidemme kanssa kustannustehokkainta ja ymp\u00e4rist\u00f6yst\u00e4v\u00e4llisint\u00e4 tapaa kuljettaa lastisi. Pyyd\u00e4 tarjous!<\/p>\n<p>[\/vc_column_text][\/vc_column][\/vc_row][vc_row][vc_column][vc_empty_space][vc_single_image image=&#8221;13909&#8243; img_size=&#8221;large&#8221; alignment=&#8221;center&#8221; onclick=&#8221;custom_link&#8221; img_link_target=&#8221;_blank&#8221; link=&#8221;https:\/\/www.via3l.eu\/Infopank_2024FIN_SERT.pdf&#8221;][vc_empty_space][\/vc_column][\/vc_row][vc_row][vc_column]\n\t\t\t\t<p class=\"rs-p-wp-fix\"><\/p>\n\t\t\t\t<sr7-module data-alias=\"fi-slider-freight-footer\" data-id=\"90\" id=\"SR7_90_1\" class=\"rs-ov-hidden\" data-version=\"6.7.34\">\n\t\t\t\t\t<sr7-adjuster><\/sr7-adjuster>\n\t\t\t\t\t<sr7-content>\n\t\t\t\t\t\t<sr7-carousel>\n\t\t\t\t\t\t<sr7-slide id=\"SR7_90_1-144\" data-key=\"144\">\n\t\t\t\t\t\t<\/sr7-slide>\n\t\t\t\t\t\t<sr7-slide id=\"SR7_90_1-229\" data-key=\"229\">\n\t\t\t\t\t\t<\/sr7-slide>\n\t\t\t\t\t\t<\/sr7-carousel>\n\t\t\t\t\t<\/sr7-content>\n\t\t\t\t\t<image_lists style=\"display:none\">\n\t\t\t\t\t\t<img data-src=\"\/\/via3l.eu\/wp-content\/uploads\/2021\/05\/KTK.png\" data-libid=\"8719\" data-lib=\"medialibrary\" alt=\"KTK\" title=\"KTK\" width=\"0\" height=\"0\" data-dbsrc=\"Ly92aWEzbC5ldS93cC1jb250ZW50L3VwbG9hZHMvMjAyMS8wNS9LVEsucG5n\"\/>\n\t\t\t\t\t\t<img data-src=\"\/\/via3l.eu\/wp-content\/uploads\/2023\/03\/ppl-networks.jpeg\" data-libid=\"9977\" data-lib=\"medialibrary\" alt=\"ppl networks ekspedeerimine maanteevedu merevedu lennuvedu edastamisteenus projektiveod raudteevedu vastutuskindlustus Rahvusvaheline transport hea teada\" title=\"ppl networks\" width=\"0\" height=\"0\" data-dbsrc=\"Ly92aWEzbC5ldS93cC1jb250ZW50L3VwbG9hZHMvMjAyMy8wMy9wcGwtbmV0d29ya3MuanBlZw==\"\/>\n\t\t\t\t\t\t<img data-src=\"\/\/via3l.eu\/wp-content\/uploads\/2020\/12\/Kaubanduskoda-liikmelogo_EST_logo_horiz.jpg\" data-libid=\"10596\" data-lib=\"medialibrary\" alt=\"Kaubanduskoda liikmelogo EST logo horiz via 3l\" title=\"Kaubanduskoda liikmelogo EST logo horiz\" width=\"0\" height=\"0\" data-dbsrc=\"Ly92aWEzbC5ldS93cC1jb250ZW50L3VwbG9hZHMvMjAyMC8xMi9LYXViYW5kdXNrb2RhLWxpaWttZWxvZ29fRVNUX2xvZ29faG9yaXouanBn\"\/>\n\t\t\t\t\t\t<img data-src=\"\/\/via3l.eu\/wp-content\/uploads\/2025\/12\/ISO_withoutQR-ISO-9001.png\" data-libid=\"17696\" data-lib=\"medialibrary\" alt=\"ISO without QR 9001\" title=\"ISO without QR ISO\" width=\"0\" height=\"0\" data-dbsrc=\"Ly92aWEzbC5ldS93cC1jb250ZW50L3VwbG9hZHMvMjAyNS8xMi9JU09fd2l0aG91dFFSLUlTTy05MDAxLnBuZw==\"\/>\n\t\t\t\t\t\t<img data-src=\"\/\/via3l.eu\/wp-content\/uploads\/2023\/03\/WCA-inter-global.png\" data-libid=\"9972\" data-lib=\"medialibrary\" alt=\"WCA inter global ekspedeerimine maanteevedu merevedu lennuvedu Rahvusvaheline transport hea teada projektiveod raudteevedu edastamisteenus vastutuskindlustus\" title=\"WCA inter global\" width=\"0\" height=\"0\" data-dbsrc=\"Ly92aWEzbC5ldS93cC1jb250ZW50L3VwbG9hZHMvMjAyMy8wMy9XQ0EtaW50ZXItZ2xvYmFsLnBuZw==\"\/>\n\t\t\t\t\t\t<img data-src=\"\/\/via3l.eu\/wp-content\/uploads\/2024\/05\/luotettava_reliable_fi.png\" data-libid=\"15505\" data-lib=\"medialibrary\" alt=\"luotettava kumppani fi logo\" title=\"Luotettava kumppani fi\" width=\"0\" height=\"0\" data-dbsrc=\"Ly92aWEzbC5ldS93cC1jb250ZW50L3VwbG9hZHMvMjAyNC8wNS9sdW90ZXR0YXZhX3JlbGlhYmxlX2ZpLnBuZw==\"\/>\n\t\t\t\t\t<\/image_lists>\n\t\t\t\t<\/sr7-module>\n\t\t\t\t<script>\n\t\t\t\t\tSR7.PMH ??={}; SR7.PMH[\"SR7_90_1\"] = {cn:100,state:false,fn: function() { if (_tpt!==undefined && _tpt.prepareModuleHeight !== undefined) {  _tpt.prepareModuleHeight({id:\"SR7_90_1\",el:[150,150,150,130,300],type:'carousel',shdw:'0',gh:[150,150,150,130,300],gw:[1240,1240,1024,778,480],vpt:['-200px&#039;,&#039;-200px&#039;,&#039;-200px&#039;,&#039;-200px&#039;,&#039;-200px'],size:{fullWidth:false, fullHeight:false},mh:'0',onh:0,onw:0,bg:{color:'{\"orig\":\"transparent\",\"type\":\"solid\",\"string\":\"transparent\"}'},carousel:{pt:'0',pb:'0'},plType:'0',plColor:'#FFFFFF'});   SR7.PMH[\"SR7_90_1\"].state=true;} else if(SR7.PMH[\"SR7_90_1\"].cn-->0)\tsetTimeout( SR7.PMH[\"SR7_90_1\"].fn,19);}};SR7.PMH[\"SR7_90_1\" ].fn();\n\t\t\t\t<\/script>\n[\/vc_column][\/vc_row]<\/p>\n<\/div>","protected":false},"excerpt":{"rendered":"<p>[vc_row][vc_column width=&#8221;2\/3&#8243;][vc_custom_heading text=&#8221;Pyyd\u00e4 tarjous&#8221; use_theme_fonts=&#8221;yes&#8221; css=&#8221;&#8221;][vc_raw_html]JTNDZGl2JTIwY2xhc3MlM0QlMjJwaXBlZHJpdmVXZWJGb3JtcyUyMiUyMGRhdGEtcGQtd2ViZm9ybXMlM0QlMjJodHRwcyUzQSUyRiUyRndlYmZvcm1zLnBpcGVkcml2ZS5jb20lMkZmJTJGMUFqdGRhR1J6cDVSc0hMNkh2MFBnS0VRTUlrcjBNR1V2anM5eW5yTGg1ckhqRDBUbmtzdm9IcXB3T0lQemRWQk4lMjIlM0UlM0NzY3JpcHQlMjBzcmMlM0QlMjJodHRwcyUzQSUyRiUyRndlYmZvcm1zLnBpcGVkcml2ZS5jb20lMkZmJTJGbG9hZGVyJTIyJTNFJTNDJTJGc2NyaXB0JTNFJTNDJTJGZGl2JTNF[\/vc_raw_html][\/vc_column][vc_column width=&#8221;1\/3&#8243;][vc_single_image image=&#8221;13924&#8243; css=&#8221;&#8221;][\/vc_column][\/vc_row][vc_row][vc_column offset=&#8221;vc_hidden-xs&#8221;][vc_custom_heading text=&#8221;Kansainv\u00e4linen kuljetuksen hintatarjous&#8221; use_theme_fonts=&#8221;yes&#8221;][vc_column_text css=&#8221;&#8221;]Via 3L &#8211; Via 3L \u2013 rahtiliikenteess\u00e4 palvelemme yli 1000 s\u00e4\u00e4nn\u00f6llist\u00e4 asiakasta, joille tarjoamme 400 s\u00e4\u00e4nn\u00f6llist\u00e4 l\u00e4ht\u00f6\u00e4 75 maahan&#8230;<\/p>\n","protected":false},"author":2,"featured_media":16977,"parent":0,"menu_order":0,"comment_status":"closed","ping_status":"closed","template":"","meta":{"footnotes":""},"class_list":["post-13776","page","type-page","status-publish","has-post-thumbnail","hentry"],"_links":{"self":[{"href":"https:\/\/via3l.eu\/fi\/wp-json\/wp\/v2\/pages\/13776","targetHints":{"allow":["GET"]}}],"collection":[{"href":"https:\/\/via3l.eu\/fi\/wp-json\/wp\/v2\/pages"}],"about":[{"href":"https:\/\/via3l.eu\/fi\/wp-json\/wp\/v2\/types\/page"}],"author":[{"embeddable":true,"href":"https:\/\/via3l.eu\/fi\/wp-json\/wp\/v2\/users\/2"}],"replies":[{"embeddable":true,"href":"https:\/\/via3l.eu\/fi\/wp-json\/wp\/v2\/comments?post=13776"}],"version-history":[{"count":0,"href":"https:\/\/via3l.eu\/fi\/wp-json\/wp\/v2\/pages\/13776\/revisions"}],"wp:featuredmedia":[{"embeddable":true,"href":"https:\/\/via3l.eu\/fi\/wp-json\/wp\/v2\/media\/16977"}],"wp:attachment":[{"href":"https:\/\/via3l.eu\/fi\/wp-json\/wp\/v2\/media?parent=13776"}],"curies":[{"name":"wp","href":"https:\/\/api.w.org\/{rel}","templated":true}]}}