{"id":11249,"date":"2023-08-02T10:02:44","date_gmt":"2023-08-02T07:02:44","guid":{"rendered":"https:\/\/via3l.eu\/?page_id=11249"},"modified":"2026-01-20T14:47:10","modified_gmt":"2026-01-20T12:47:10","slug":"apie-mus-3pl-logistika","status":"publish","type":"page","link":"https:\/\/via3l.eu\/lt\/apie-mus-3pl-logistika\/","title":{"rendered":"APIE MUS"},"content":{"rendered":"<div class=\"wpb-content-wrapper\"><p>[vc_row][vc_column][vc_custom_heading text=&#8221;M\u016aS\u0172 TEIKIAMOS LOGISTIKOS PASLAUGOS GALI PRISID\u0116TI PRIE J\u016aS\u0172 VERSLO S\u0116KM\u0116S&#8221; font_container=&#8221;tag:h1|text_align:center&#8221; use_theme_fonts=&#8221;yes&#8221;][vc_single_image image=&#8221;10530&#8243; img_size=&#8221;large&#8221; alignment=&#8221;center&#8221;][vc_column_text]<\/p>\n<p style=\"text-align: justify;\"><a href=\"https:\/\/www.linkedin.com\/company\/via3l-lt\/\" target=\"_blank\" rel=\"noopener noreferrer nofollow\">Via 3L<\/a> \u2013 tre\u010di\u0173j\u0173 \u0161ali\u0173 logistikos paslaugas (3PL) teikianti \u012fmoni\u0173 grup\u0117 savo veikl\u0105 vykdanti Baltijos \u0161alyse. Via 3L istorija prasid\u0117jo 2001 m. Estijos sostin\u0117je Taline. Klient\u0173 poreikiai, patirtis, ambicingi tikslai, stiprios vertyb\u0117s, r\u016bpinimasis darbuotoj\u0173 gerove l\u0117m\u0117 \u012fmon\u0117s pl\u0117tr\u0105 ir \u0161iai dienai Via 3L grup\u0117s \u012fmon\u0117s yra \u012fsik\u016brusios visose trijose Pabaltijo sostin\u0117se Taline, Rygoje ir Vilniuje. Nuo 2021 m. logistikos veikla prad\u0117ta vykdyti ir laikinojoje sostin\u0117je Kaune.<\/p>\n<p style=\"text-align: justify;\">Teikiame visas paslaugas susijusias su krovini\u0173 perve\u017eimu, preki\u0173 saugojimu, \u017eenklinimu ir 3PL logistika.\u00a0Per 20 veiklos vykdymo met\u0173 Via 3L sukaupta darbuotoj\u0173 darbo patirtis ir didelis lojali\u0173 klient\u0173 ratas u\u017etikrina stabil\u0173 \u012fmon\u0117s veikim\u0105. \u0160iai dienai galime pasi\u016blyti visapusi\u0161kus logistikos sprendimus visose pramon\u0117s \u0161akose nuo \u0161aldyt\u0173 maisto produkt\u0173, akcizini\u0173 preki\u0173 iki drabu\u017ei\u0173, tepal\u0173, statybini\u0173 med\u017eiag\u0173 ir kt. Savo klientams garantuojame visi\u0161k\u0105 atsarg\u0173 ir preki\u0173 jud\u0117jimo atsekamum\u0105.<\/p>\n<p>Logistikos paslaugas teikiame 90 000 kv.m. \u0161iuolaiki\u0161kuose, moderniuse logistikos sand\u0117liuose. Visi m\u016bs\u0173 sand\u0117liai yra strategi\u0161kai patogiose vietose, tod\u0117l klient\u0173 prek\u0117s gav\u0117jus pasieks laiku ir kokybi\u0161kai.<\/p>\n<p style=\"text-align: justify;\">Klientai mus vertina kaip patikim\u0105, profesional\u0173, lankst\u0173 partner\u012f, operatyviai reaguojant\u012f \u012f visus kliento poreikius, teikiant\u012f plat\u0173 logistikos ir sand\u0117liavimo paslaug\u0173 spektr\u0105, kuris atitinka kainos ir kokyb\u0117s santyk\u012f. Nuolat tobuliname savo procesus ie\u0161kodami efektyviausio ir priimtiniausio b\u016bdo pristatyti kliento prekes \u012f prekybos ta\u0161kus. Gilinam\u0117s \u012f kliento poreikius ir siekiame pasi\u016blyti toki\u0105 paslaug\u0105, kuri duot\u0173 geriausius rezultatus kliento verslui.<\/p>\n<p style=\"text-align: justify;\">Visose \u012fmon\u0117se daug d\u0117mesio skiriame darbuotoj\u0173 saugai, ugdymui, dalinam\u0117s patirtimis tarp \u012fmoni\u0173 grupi\u0173 darbuotoj\u0173, tam, kad \u012fmon\u0117je dirbt\u0173 \u012fsitrauk\u0119 ir teikiam\u0173 paslaug\u0173 vert\u0119 suprantantys darbuotojai.<\/p>\n<p style=\"text-align: justify;\">Did\u017eiuojam\u0117s kiekvienu darbuotoju ir jo indeliu, nes galime prisid\u0117ti prie daugyb\u0117s versl\u0173 s\u0117km\u0117s!<\/p>\n<p>[\/vc_column_text][\/vc_column][\/vc_row][vc_row][vc_column][vc_custom_heading text=&#8221;VIA 3L VEIKLOS SRITYS&#8221; use_theme_fonts=&#8221;yes&#8221;][vc_column_text]<a href=\"https:\/\/via3l.eu\/en\/international-transportation-services\/\" target=\"_blank\" rel=\"noopener\">Tarptautinis krovini\u0173 gabenimas<\/a> (Via 3L Freight);<\/p>\n<h2>Understanding Logistika: Essential Services for Your Business<\/h2>\n<p><a href=\"https:\/\/via3l.eu\/lt\/3pl-logistikos-paslaugos\/\" target=\"_blank\" rel=\"noopener\">3PL Sand\u0117li\u0173 logistika<\/a> (Via 3L, EE, LV, LT)<\/p>\n<p>[\/vc_column_text][\/vc_column][\/vc_row][vc_row][vc_column][\/vc_column][\/vc_row][vc_row][vc_column]\n\t\t\t\t<p class=\"rs-p-wp-fix\"><\/p>\n\t\t\t\t<sr7-module data-alias=\"slider-about-us-lt\" data-id=\"73\" id=\"SR7_73_1\" class=\"rs-ov-hidden\" data-version=\"6.7.34\">\n\t\t\t\t\t<sr7-adjuster><\/sr7-adjuster>\n\t\t\t\t\t<sr7-content>\n\t\t\t\t\t\t<sr7-carousel>\n\t\t\t\t\t\t<sr7-slide id=\"SR7_73_1-121\" data-key=\"121\">\n\t\t\t\t\t\t<\/sr7-slide>\n\t\t\t\t\t\t<sr7-slide id=\"SR7_73_1-122\" data-key=\"122\">\n\t\t\t\t\t\t<\/sr7-slide>\n\t\t\t\t\t\t<sr7-slide id=\"SR7_73_1-212\" data-key=\"212\">\n\t\t\t\t\t\t<\/sr7-slide>\n\t\t\t\t\t\t<\/sr7-carousel>\n\t\t\t\t\t<\/sr7-content>\n\t\t\t\t\t<image_lists style=\"display:none\">\n\t\t\t\t\t\t<img decoding=async data-opt-id=2023188576  fetchpriority=\"high\" data-src=\"https:\/\/mlpeimtmgped.i.optimole.com\/w:1024\/h:767\/q:mauto\/ig:avif\/https:\/\/via3l.eu\/wp-content\/uploads\/2023\/06\/kaupokalda-com-DJI_20230612133226_3pl_via3l-1024x767.jpg\" data-libid=\"10893\" data-lib=\"medialibrary\" alt=\"kaupokalda com DJI 20230612133226 3pl via3l scaled\" title=\"kaupokalda com DJI 20230612133226 3pl via3l scaled\" width=\"0\" height=\"0\" data-dbsrc=\"Ly92aWEzbC5ldS93cC1jb250ZW50L3VwbG9hZHMvMjAyMy8wNi9rYXVwb2thbGRhLWNvbS1ESklfMjAyMzA2MTIxMzMyMjZfM3BsX3ZpYTNsLTEwMjR4NzY3LmpwZw==\"\/>\n\t\t\t\t\t\t<img decoding=async data-opt-id=1598883848  fetchpriority=\"high\" data-src=\"https:\/\/mlpeimtmgped.i.optimole.com\/w:1024\/h:768\/q:mauto\/ig:avif\/https:\/\/via3l.eu\/wp-content\/uploads\/2023\/08\/kaupokalda-com-DJI_20230612141100_0282_D.jpg\" data-libid=\"11318\" data-lib=\"medialibrary\" alt=\"Via 3L trailer park\" title=\"default\" width=\"0\" height=\"0\" data-dbsrc=\"Ly92aWEzbC5ldS93cC1jb250ZW50L3VwbG9hZHMvMjAyMy8wOC9rYXVwb2thbGRhLWNvbS1ESklfMjAyMzA2MTIxNDExMDBfMDI4Ml9ELTEwMjR4NzY4LmpwZw==\"\/>\n\t\t\t\t\t<\/image_lists>\n\t\t\t\t<\/sr7-module>\n\t\t\t\t<script>\n\t\t\t\t\tSR7.PMH ??={}; SR7.PMH[\"SR7_73_1\"] = {cn:100,state:false,fn: function() { if (_tpt!==undefined && _tpt.prepareModuleHeight !== undefined) {  _tpt.prepareModuleHeight({id:\"SR7_73_1\",el:[500,500,768,960,720],type:'carousel',shdw:'0',gh:[500,500,,,],gw:[1240,1240,1024,778,480],vpt:['-200px'],size:{fullWidth:true, fullHeight:false},mh:'0',onh:0,onw:0,bg:{color:'{\"orig\":\"transparent\",\"type\":\"solid\",\"string\":\"transparent\"}'},carousel:{pt:'0',pb:'0'},plType:'0',plColor:'#FFFFFF'});   SR7.PMH[\"SR7_73_1\"].state=true;} else if(SR7.PMH[\"SR7_73_1\"].cn-->0)\tsetTimeout( SR7.PMH[\"SR7_73_1\"].fn,19);}};SR7.PMH[\"SR7_73_1\" ].fn();\n\t\t\t\t<\/script>\n[\/vc_column][\/vc_row]<\/p>\n<\/div>","protected":false},"excerpt":{"rendered":"<p>[vc_row][vc_column][vc_custom_heading text=&#8221;M\u016aS\u0172 TEIKIAMOS LOGISTIKOS PASLAUGOS GALI PRISID\u0116TI PRIE J\u016aS\u0172 VERSLO S\u0116KM\u0116S&#8221; font_container=&#8221;tag:h1|text_align:center&#8221; use_theme_fonts=&#8221;yes&#8221;][vc_single_image image=&#8221;10530&#8243; img_size=&#8221;large&#8221; alignment=&#8221;center&#8221;][vc_column_text] Via 3L \u2013 tre\u010di\u0173j\u0173 \u0161ali\u0173 logistikos paslaugas (3PL) teikianti \u012fmoni\u0173 grup\u0117 savo veikl\u0105 vykdanti Baltijos \u0161alyse. Via&#8230;<\/p>\n","protected":false},"author":10,"featured_media":13353,"parent":0,"menu_order":0,"comment_status":"closed","ping_status":"closed","template":"","meta":{"footnotes":""},"class_list":["post-11249","page","type-page","status-publish","has-post-thumbnail","hentry"],"_links":{"self":[{"href":"https:\/\/via3l.eu\/lt\/wp-json\/wp\/v2\/pages\/11249","targetHints":{"allow":["GET"]}}],"collection":[{"href":"https:\/\/via3l.eu\/lt\/wp-json\/wp\/v2\/pages"}],"about":[{"href":"https:\/\/via3l.eu\/lt\/wp-json\/wp\/v2\/types\/page"}],"author":[{"embeddable":true,"href":"https:\/\/via3l.eu\/lt\/wp-json\/wp\/v2\/users\/10"}],"replies":[{"embeddable":true,"href":"https:\/\/via3l.eu\/lt\/wp-json\/wp\/v2\/comments?post=11249"}],"version-history":[{"count":0,"href":"https:\/\/via3l.eu\/lt\/wp-json\/wp\/v2\/pages\/11249\/revisions"}],"wp:featuredmedia":[{"embeddable":true,"href":"https:\/\/via3l.eu\/lt\/wp-json\/wp\/v2\/media\/13353"}],"wp:attachment":[{"href":"https:\/\/via3l.eu\/lt\/wp-json\/wp\/v2\/media?parent=11249"}],"curies":[{"name":"wp","href":"https:\/\/api.w.org\/{rel}","templated":true}]}}