{"id":11527,"date":"2023-08-09T10:18:37","date_gmt":"2023-08-09T07:18:37","guid":{"rendered":"https:\/\/via3l.eu\/?page_id=11527"},"modified":"2024-05-08T13:03:54","modified_gmt":"2024-05-08T10:03:54","slug":"via-3l-grupes-vizija-misija","status":"publish","type":"page","link":"https:\/\/via3l.eu\/lt\/via-3l-grupes-vizija-misija\/","title":{"rendered":"VIZIJA, MISIJA"},"content":{"rendered":"<div class=\"wpb-content-wrapper\"><p>[vc_row][vc_column width=&#8221;2\/3&#8243;][vc_custom_heading text=&#8221;VIA 3L GRUP\u0116S VIZIJA&#8221; font_container=&#8221;tag:h2|text_align:center&#8221; use_theme_fonts=&#8221;yes&#8221;][vc_column_text]<\/p>\n<p style=\"text-align: center;\"><a href=\"https:\/\/www.linkedin.com\/company\/via3l\/\" target=\"_blank\" rel=\"noopener noreferrer nofollow\">Via 3L<\/a>\u00a0 vizija &#8211; tapti pirmaujan\u010diu kontraktin\u0117s logistikos (<a class=\"_ps2id\" href=\"https:\/\/via3l.eu\/lt\/3pl-logistikos-paslaugos\/\" target=\"_blank\" rel=\"noopener\" data-ps2id-offset=\"\">3PL<\/a>)\u00a0 ir sand\u0117liavimo paslaug\u0173 teik\u0117ju Baltijos \u0161alyse.<\/p>\n<p>&nbsp;<\/p>\n<p>&nbsp;[\/vc_column_text][vc_custom_heading text=&#8221;VIA 3L GRUP\u0116S MISIJA&#8221; font_container=&#8221;tag:h2|text_align:center&#8221; use_theme_fonts=&#8221;yes&#8221;][vc_column_text]<\/p>\n<p style=\"text-align: center;\">M\u016bs\u0173 misija &#8211; remiantis tarpusavio pasitik\u0117jimo ir pagarbos vertyb\u0117mis kurti ilgalaik\u0119 partneryst\u0119 su darbuotojais, klientais, partneriais visose trijose Baltijos \u0161alyse.<\/p>\n<p>&nbsp;[\/vc_column_text][\/vc_column][vc_column width=&#8221;1\/3&#8243;][vc_single_image image=&#8221;11577&#8243; img_size=&#8221;large&#8221; alignment=&#8221;center&#8221; onclick=&#8221;custom_link&#8221; img_link_target=&#8221;_blank&#8221; link=&#8221;http:\/\/via3l.eu\/lt\/apie-mus\/&#8221;][\/vc_column][\/vc_row][vc_row full_width=&#8221;stretch_row_content&#8221;][vc_column][vc_empty_space][\/vc_column][\/vc_row][vc_row][vc_column][vc_single_image image=&#8221;10893&#8243; img_size=&#8221;large&#8221; alignment=&#8221;center&#8221;][\/vc_column][\/vc_row]<\/p>\n<\/div>","protected":false},"excerpt":{"rendered":"<p>[vc_row][vc_column width=&#8221;2\/3&#8243;][vc_custom_heading text=&#8221;VIA 3L GRUP\u0116S VIZIJA&#8221; font_container=&#8221;tag:h2|text_align:center&#8221; use_theme_fonts=&#8221;yes&#8221;][vc_column_text] Via 3L\u00a0 vizija &#8211; tapti pirmaujan\u010diu kontraktin\u0117s logistikos (3PL)\u00a0 ir sand\u0117liavimo paslaug\u0173 teik\u0117ju Baltijos \u0161alyse. &nbsp; &nbsp;[\/vc_column_text][vc_custom_heading text=&#8221;VIA 3L GRUP\u0116S MISIJA&#8221; font_container=&#8221;tag:h2|text_align:center&#8221; use_theme_fonts=&#8221;yes&#8221;][vc_column_text] M\u016bs\u0173 misija&#8230;<\/p>\n","protected":false},"author":10,"featured_media":0,"parent":0,"menu_order":0,"comment_status":"closed","ping_status":"closed","template":"","meta":{"footnotes":""},"class_list":["post-11527","page","type-page","status-publish","hentry"],"_links":{"self":[{"href":"https:\/\/via3l.eu\/lt\/wp-json\/wp\/v2\/pages\/11527","targetHints":{"allow":["GET"]}}],"collection":[{"href":"https:\/\/via3l.eu\/lt\/wp-json\/wp\/v2\/pages"}],"about":[{"href":"https:\/\/via3l.eu\/lt\/wp-json\/wp\/v2\/types\/page"}],"author":[{"embeddable":true,"href":"https:\/\/via3l.eu\/lt\/wp-json\/wp\/v2\/users\/10"}],"replies":[{"embeddable":true,"href":"https:\/\/via3l.eu\/lt\/wp-json\/wp\/v2\/comments?post=11527"}],"version-history":[{"count":0,"href":"https:\/\/via3l.eu\/lt\/wp-json\/wp\/v2\/pages\/11527\/revisions"}],"wp:attachment":[{"href":"https:\/\/via3l.eu\/lt\/wp-json\/wp\/v2\/media?parent=11527"}],"curies":[{"name":"wp","href":"https:\/\/api.w.org\/{rel}","templated":true}]}}