{"id":11777,"date":"2023-09-20T10:12:30","date_gmt":"2023-09-20T07:12:30","guid":{"rendered":"https:\/\/via3l.eu\/?page_id=11777"},"modified":"2023-12-18T11:42:32","modified_gmt":"2023-12-18T09:42:32","slug":"via-3l-imoniu-grupe","status":"publish","type":"page","link":"https:\/\/via3l.eu\/lt\/via-3l-imoniu-grupe\/","title":{"rendered":"VIA 3L \u012eMONI\u0172 GRUP\u0116"},"content":{"rendered":"<div class=\"wpb-content-wrapper\"><p>[vc_row][vc_column][vc_custom_heading text=&#8221;VIA 3L \u012eMONI\u0172 GRUP\u0116&#8221; font_container=&#8221;tag:h1|text_align:center&#8221; use_theme_fonts=&#8221;yes&#8221; link=&#8221;url:https%3A%2F%2Fwww.linkedin.com%2Fcompany%2Fvia3l|title:Via%203L%20grupp&#8221;][\/vc_column][\/vc_row][vc_row equal_height=&#8221;yes&#8221; content_placement=&#8221;top&#8221;][vc_column width=&#8221;1\/5&#8243;][vc_single_image image=&#8221;2919&#8243; alignment=&#8221;center&#8221; onclick=&#8221;custom_link&#8221; link=&#8221;https:\/\/via3l.eu\/et\/&#8221;][\/vc_column][vc_column width=&#8221;1\/5&#8243;][vc_single_image image=&#8221;2690&#8243; alignment=&#8221;center&#8221; onclick=&#8221;custom_link&#8221; img_link_target=&#8221;_blank&#8221; link=&#8221;https:\/\/via3l.eu\/lv\/&#8221;][\/vc_column][vc_column width=&#8221;1\/5&#8243;][vc_single_image image=&#8221;2919&#8243; alignment=&#8221;center&#8221; onclick=&#8221;custom_link&#8221; img_link_target=&#8221;_blank&#8221; link=&#8221;https:\/\/via3l.eu\/lt\/&#8221;][\/vc_column][vc_column width=&#8221;1\/5&#8243;][vc_single_image image=&#8221;5682&#8243; alignment=&#8221;center&#8221; onclick=&#8221;custom_link&#8221; img_link_target=&#8221;_blank&#8221; link=&#8221;https:\/\/www.viatransport.eu&#8221;][\/vc_column][vc_column width=&#8221;1\/5&#8243;][vc_single_image image=&#8221;7114&#8243; alignment=&#8221;center&#8221;][\/vc_column][\/vc_row][vc_row equal_height=&#8221;yes&#8221; content_placement=&#8221;top&#8221;][vc_column width=&#8221;1\/5&#8243;][vc_custom_heading text=&#8221;VIA 3L O\u00dc&#8221; font_container=&#8221;tag:h3|text_align:center&#8221; use_theme_fonts=&#8221;yes&#8221;][\/vc_column][vc_column width=&#8221;1\/5&#8243;][vc_custom_heading text=&#8221;VIA 3L LATVIA SIA&#8221; font_container=&#8221;tag:h3|text_align:center&#8221; use_theme_fonts=&#8221;yes&#8221;][\/vc_column][vc_column width=&#8221;1\/5&#8243;][vc_custom_heading text=&#8221;VIA 3L LT UAB&#8221; font_container=&#8221;tag:h3|text_align:center&#8221; use_theme_fonts=&#8221;yes&#8221;][\/vc_column][vc_column width=&#8221;1\/5&#8243;][vc_custom_heading text=&#8221;VIA 3L FREIGHT O\u00dc&#8221; font_container=&#8221;tag:h3|text_align:center&#8221; use_theme_fonts=&#8221;yes&#8221;][\/vc_column][vc_column width=&#8221;1\/5&#8243;][vc_custom_heading text=&#8221;VIA 3L SPEDITION O\u00dc&#8221; font_container=&#8221;tag:h3|text_align:center&#8221; use_theme_fonts=&#8221;yes&#8221;][\/vc_column][\/vc_row][vc_section][vc_row full_width=&#8221;stretch_row&#8221; equal_height=&#8221;yes&#8221; content_placement=&#8221;top&#8221; css=&#8221;.vc_custom_1606910041609{background-image: url(https:\/\/mlpeimtmgped.i.optimole.com\/w:auto\/h:auto\/q:mauto\/ig:avif\/https:\/\/via3l.eu\/wp-content\/uploads\/2015\/10\/sinine-taust-via3l-e1600173958127.png?id=2823) !important;}&#8221;][vc_column width=&#8221;1\/5&#8243;][vc_empty_space height=&#8221;12px&#8221;][vc_custom_heading text=&#8221;MOTININ\u0116 \u012eMON\u0116 ESTIJOJE&#8221; font_container=&#8221;tag:h4|text_align:center&#8221; use_theme_fonts=&#8221;yes&#8221;][\/vc_column][vc_column width=&#8221;1\/5&#8243;][vc_empty_space height=&#8221;12px&#8221;][vc_custom_heading text=&#8221;LOGISTIKOS \u012eMON\u0116 LATVIJOJE&#8221; font_container=&#8221;tag:h4|text_align:center&#8221; use_theme_fonts=&#8221;yes&#8221;][\/vc_column][vc_column width=&#8221;1\/5&#8243;][vc_empty_space height=&#8221;12px&#8221;][vc_custom_heading text=&#8221;LOGISTIKOS \u012eMON\u0116 LIETUVOJE&#8221; font_container=&#8221;tag:h4|text_align:center&#8221; use_theme_fonts=&#8221;yes&#8221;][\/vc_column][vc_column width=&#8221;1\/5&#8243;][vc_empty_space height=&#8221;12px&#8221;][vc_custom_heading text=&#8221;KROVINI\u0172 GABENIMO \u012eMON\u0116 ESTIJOJE&#8221; font_container=&#8221;tag:h4|text_align:center&#8221; use_theme_fonts=&#8221;yes&#8221;][\/vc_column][vc_column width=&#8221;1\/5&#8243;][vc_empty_space height=&#8221;12px&#8221;][vc_custom_heading text=&#8221;LOGISTICS RENTAL AND MANAGEMENT SERVICES&#8221; font_container=&#8221;tag:h4|text_align:center&#8221; use_theme_fonts=&#8221;yes&#8221;][\/vc_column][\/vc_row][vc_row][vc_column][\/vc_column][\/vc_row][\/vc_section][vc_row][vc_column][vc_column_text]\u201e<a href=\"https:\/\/ee.linkedin.com\/company\/via3l\" target=\"_blank\" rel=\"noopener noreferrer nofollow\">Via 3L<\/a>\u201c \u012fmoni\u0173 grup\u0117 gali pasi\u016blyti kompleksi\u0161kas logistikos paslaugas, bei perimti i\u0161 kliento logistikos organizavimo darbus. Klient\u0173 patogumui \u012fmoni\u0173 grup\u0117s padaliniai \u012fsik\u016br\u0119 Estijoje, Latvijoje ir Lietuvoje.<\/p>\n<p>Pagrindin\u0117s \u201eVia 3L\u201c\u00a0 <a href=\"https:\/\/via3l.eu\/lt\/apie-mus-3pl-logistika\/\" target=\"_blank\" rel=\"noopener\">\u012fmoni\u0173<\/a> veiklos sritys:<\/p>\n<ul>\n<li><a href=\"https:\/\/via3l.eu\/lt\/pristatymo-paslaugos-transportavimo-sprendimai\/\" target=\"_blank\" rel=\"noopener\">Tarptautinis krovini\u0173 gabenimas<\/a> (Via 3L Freight);<\/li>\n<li><a href=\"https:\/\/via3l.eu\/lt\/kaunas-ne-maisto-produktu-sandelio-paslaugos\/\" target=\"_blank\" rel=\"noopener\">Sand\u0117liavimas ir 3PL logistika <\/a>(Via 3L, EE, LV, LT);<\/li>\n<li><a href=\"https:\/\/via3l.eu\/lt\/3pl-logistikos-paslaugos\/\" target=\"_blank\" rel=\"noopener\">Distribucijos sprendimai<\/a> (Via 3L, EE, LV, LT).<\/li>\n<\/ul>\n<p>Vadovaudamiesi savo vertyb\u0117mis, sukaupta daugiamete patirtimi, i\u0161tobulintais procesais, galime teikti savo klientams plat\u0173 <a href=\"https:\/\/via3l.eu\/lt\/3pl-logistikos-paslaugos\/\" target=\"_blank\" rel=\"noopener\">logistikos paslaug\u0173 sprektr\u0105<\/a>, nepriklausomai nuo pramon\u0117s \u0161akos. Per \u012fmoni\u0173 grup\u0117s veikimo metus esame veikl\u0105 vykd\u0119 su daugybe pramon\u0117s \u0161ak\u0173: apranga, avalyn\u0117, maisto prek\u0117s, g\u0117rimai, tepalai, statybin\u0117s med\u017eiagos.<\/p>\n<p>&nbsp;<\/p>\n<p>&nbsp;<\/p>\n<p>[\/vc_column_text][\/vc_column][\/vc_row][vc_row][vc_column][vc_images_carousel images=&#8221;10073&#8243; img_size=&#8221;large&#8221;][\/vc_column][\/vc_row]<\/p>\n<\/div>","protected":false},"excerpt":{"rendered":"<p>[vc_row][vc_column][vc_custom_heading text=&#8221;VIA 3L \u012eMONI\u0172 GRUP\u0116&#8221; font_container=&#8221;tag:h1|text_align:center&#8221; use_theme_fonts=&#8221;yes&#8221; link=&#8221;url:https%3A%2F%2Fwww.linkedin.com%2Fcompany%2Fvia3l|title:Via%203L%20grupp&#8221;][\/vc_column][\/vc_row][vc_row equal_height=&#8221;yes&#8221; content_placement=&#8221;top&#8221;][vc_column width=&#8221;1\/5&#8243;][vc_single_image image=&#8221;2919&#8243; alignment=&#8221;center&#8221; onclick=&#8221;custom_link&#8221; link=&#8221;https:\/\/via3l.eu\/et\/&#8221;][\/vc_column][vc_column width=&#8221;1\/5&#8243;][vc_single_image image=&#8221;2690&#8243; alignment=&#8221;center&#8221; onclick=&#8221;custom_link&#8221; img_link_target=&#8221;_blank&#8221; link=&#8221;https:\/\/via3l.eu\/lv\/&#8221;][\/vc_column][vc_column width=&#8221;1\/5&#8243;][vc_single_image image=&#8221;2919&#8243; alignment=&#8221;center&#8221; onclick=&#8221;custom_link&#8221; img_link_target=&#8221;_blank&#8221; link=&#8221;https:\/\/via3l.eu\/lt\/&#8221;][\/vc_column][vc_column width=&#8221;1\/5&#8243;][vc_single_image image=&#8221;5682&#8243; alignment=&#8221;center&#8221; onclick=&#8221;custom_link&#8221; img_link_target=&#8221;_blank&#8221; link=&#8221;https:\/\/www.viatransport.eu&#8221;][\/vc_column][vc_column&#8230;<\/p>\n","protected":false},"author":2,"featured_media":0,"parent":0,"menu_order":0,"comment_status":"closed","ping_status":"closed","template":"","meta":{"footnotes":""},"class_list":["post-11777","page","type-page","status-publish","hentry"],"_links":{"self":[{"href":"https:\/\/via3l.eu\/lt\/wp-json\/wp\/v2\/pages\/11777","targetHints":{"allow":["GET"]}}],"collection":[{"href":"https:\/\/via3l.eu\/lt\/wp-json\/wp\/v2\/pages"}],"about":[{"href":"https:\/\/via3l.eu\/lt\/wp-json\/wp\/v2\/types\/page"}],"author":[{"embeddable":true,"href":"https:\/\/via3l.eu\/lt\/wp-json\/wp\/v2\/users\/2"}],"replies":[{"embeddable":true,"href":"https:\/\/via3l.eu\/lt\/wp-json\/wp\/v2\/comments?post=11777"}],"version-history":[{"count":0,"href":"https:\/\/via3l.eu\/lt\/wp-json\/wp\/v2\/pages\/11777\/revisions"}],"wp:attachment":[{"href":"https:\/\/via3l.eu\/lt\/wp-json\/wp\/v2\/media?parent=11777"}],"curies":[{"name":"wp","href":"https:\/\/api.w.org\/{rel}","templated":true}]}}