{"id":12397,"date":"2023-10-06T13:49:29","date_gmt":"2023-10-06T10:49:29","guid":{"rendered":"https:\/\/via3l.eu\/?page_id=12397"},"modified":"2025-07-21T13:54:14","modified_gmt":"2025-07-21T10:54:14","slug":"prisijunk-prie-komandos-musu","status":"publish","type":"page","link":"https:\/\/via3l.eu\/lt\/prisijunk-prie-komandos-musu\/","title":{"rendered":"Prisijunk prie m\u016bs\u0173 komandos"},"content":{"rendered":"<div class=\"wpb-content-wrapper\"><p>[vc_row equal_height=&#8221;yes&#8221; content_placement=&#8221;middle&#8221;][vc_column width=&#8221;2\/3&#8243;][vc_custom_heading text=&#8221;Darbas Via 3L&#8221; font_container=&#8221;tag:h1|text_align:left&#8221; use_theme_fonts=&#8221;yes&#8221;][\/vc_column][vc_column width=&#8221;1\/3&#8243;][vc_btn title=&#8221;PER\u017dI\u016aR\u0116TI DARBO SKELBIMUS&#8221; color=&#8221;green&#8221; link=&#8221;url:https%3A%2F%2Fwww.cvbankas.lt%2F%3Fkeyw%3Dvia%2B3l&#8221;][\/vc_column][\/vc_row][vc_row][vc_column][vc_empty_space][vc_column_text]<\/p>\n<p style=\"text-align: left;\">Vertiname kiekvien\u0105 <a href=\"https:\/\/www.linkedin.com\/company\/via3l-lt\/\" target=\"_blank\" rel=\"noopener noreferrer nofollow\">Via 3L<\/a> komandos nar\u012f, kiekvieno darbuotojo ind\u0117l\u012f ir atsidavim\u0105 siekiant bendr\u0173 <a href=\"https:\/\/via3l.eu\/lt\/via-3l-imoniu-grupe\/\" target=\"_blank\" rel=\"noopener\">\u012fmoni\u0173 grup\u0117s<\/a> ir asmenini\u0173 tiksl\u0173. Darbe remiam\u0117s tarpusavio pasitik\u0117jimo vertyb\u0117mis, atvirumu ir noru augti ir tobul\u0117ti.\u00a0 Tod\u0117l skatiname darbuotojus augti\u00a0 &#8211; did\u017eioji dalis m\u016bs\u0173 darbuotoj\u0173 u\u017eaug\u0119 \u012fmon\u0117s viduje nuo darbininko iki vadovo. Stengiam\u0117s vienas kitam b\u016bti atviru (-a) tod\u0117l dalinam\u0117s ir gerais ir blogais rezultatais, pasitikim vieni kitais ir nebijom b\u016bti atviri vienas kitam. Siekiame, kad kiekvienas darbuotojas jaust\u0173si svarbia \u012fmon\u0117s dalimi, tod\u0117l vertinam kiekvien\u0105 darbuotoj\u0105 ir jo ind\u0117l\u012f.<\/p>\n<p>[\/vc_column_text][vc_row_inner][vc_column_inner width=&#8221;1\/3&#8243;][vc_empty_space][vc_column_text css=&#8221;&#8221;]PERSONALO SKYRIUS[\/vc_column_text][\/vc_column_inner][vc_column_inner width=&#8221;1\/3&#8243;][vc_empty_space][vc_column_text css=&#8221;&#8221;]<a href=\"tel:+37069490003\">+37069490003<\/a>[\/vc_column_text][\/vc_column_inner][vc_column_inner width=&#8221;1\/3&#8243;][vc_empty_space][vc_column_text css=&#8221;&#8221;]Karjera Via 3L[\/vc_column_text][\/vc_column_inner][\/vc_row_inner][\/vc_column][\/vc_row][vc_row][vc_column][vc_custom_heading text=&#8221;PRISIJUNK PRIE M\u016aS\u0172 KOMANDOS (SI\u0172STI CV)&#8221; use_theme_fonts=&#8221;yes&#8221;][vc_raw_html]JTNDc2NyaXB0JTIwdHlwZSUzRCUyMnRleHQlMkZqYXZhc2NyaXB0JTIyJTIwc3JjJTNEJTIyaHR0cHMlM0ElMkYlMkZmb3JtLmpvdGZvcm0uY29tJTJGanNmb3JtJTJGMjAwNDQyMjk4NzA3MzU1JTIyJTNFJTNDJTJGc2NyaXB0JTNF[\/vc_raw_html][\/vc_column][\/vc_row][vc_row][vc_column][vc_images_carousel images=&#8221;12249,12241,12245,12309&#8243; img_size=&#8221;600&#215;500&#8243; speed=&#8221;3000&#8243; autoplay=&#8221;yes&#8221;][\/vc_column][\/vc_row][vc_row][vc_column width=&#8221;1\/3&#8243;][\/vc_column][vc_column width=&#8221;1\/3&#8243;][\/vc_column][vc_column width=&#8221;1\/3&#8243;][\/vc_column][\/vc_row]<\/p>\n<\/div>","protected":false},"excerpt":{"rendered":"<p>[vc_row equal_height=&#8221;yes&#8221; content_placement=&#8221;middle&#8221;][vc_column width=&#8221;2\/3&#8243;][vc_custom_heading text=&#8221;Darbas Via 3L&#8221; font_container=&#8221;tag:h1|text_align:left&#8221; use_theme_fonts=&#8221;yes&#8221;][\/vc_column][vc_column width=&#8221;1\/3&#8243;][vc_btn title=&#8221;PER\u017dI\u016aR\u0116TI DARBO SKELBIMUS&#8221; color=&#8221;green&#8221; link=&#8221;url:https%3A%2F%2Fwww.cvbankas.lt%2F%3Fkeyw%3Dvia%2B3l&#8221;][\/vc_column][\/vc_row][vc_row][vc_column][vc_empty_space][vc_column_text] Vertiname kiekvien\u0105 Via 3L komandos nar\u012f, kiekvieno darbuotojo ind\u0117l\u012f ir atsidavim\u0105 siekiant bendr\u0173 \u012fmoni\u0173 grup\u0117s ir asmenini\u0173 tiksl\u0173&#8230;.<\/p>\n","protected":false},"author":2,"featured_media":11358,"parent":0,"menu_order":0,"comment_status":"closed","ping_status":"closed","template":"","meta":{"footnotes":""},"class_list":["post-12397","page","type-page","status-publish","has-post-thumbnail","hentry"],"_links":{"self":[{"href":"https:\/\/via3l.eu\/lt\/wp-json\/wp\/v2\/pages\/12397","targetHints":{"allow":["GET"]}}],"collection":[{"href":"https:\/\/via3l.eu\/lt\/wp-json\/wp\/v2\/pages"}],"about":[{"href":"https:\/\/via3l.eu\/lt\/wp-json\/wp\/v2\/types\/page"}],"author":[{"embeddable":true,"href":"https:\/\/via3l.eu\/lt\/wp-json\/wp\/v2\/users\/2"}],"replies":[{"embeddable":true,"href":"https:\/\/via3l.eu\/lt\/wp-json\/wp\/v2\/comments?post=12397"}],"version-history":[{"count":0,"href":"https:\/\/via3l.eu\/lt\/wp-json\/wp\/v2\/pages\/12397\/revisions"}],"wp:featuredmedia":[{"embeddable":true,"href":"https:\/\/via3l.eu\/lt\/wp-json\/wp\/v2\/media\/11358"}],"wp:attachment":[{"href":"https:\/\/via3l.eu\/lt\/wp-json\/wp\/v2\/media?parent=12397"}],"curies":[{"name":"wp","href":"https:\/\/api.w.org\/{rel}","templated":true}]}}