{"id":12504,"date":"2023-10-18T10:06:08","date_gmt":"2023-10-18T07:06:08","guid":{"rendered":"https:\/\/via3l.eu\/?page_id=12504"},"modified":"2026-01-14T11:00:38","modified_gmt":"2026-01-14T09:00:38","slug":"via-3l-imoniu-grupes-istorija","status":"publish","type":"page","link":"https:\/\/via3l.eu\/lt\/via-3l-imoniu-grupes-istorija\/","title":{"rendered":"ISTORIJA"},"content":{"rendered":"<div class=\"wpb-content-wrapper\"><p>[vc_row][vc_column][vc_custom_heading text=&#8221;Via 3L veiklos istorija&#8221; font_container=&#8221;tag:h1|text_align:left&#8221; use_theme_fonts=&#8221;yes&#8221;][vc_column_text css=&#8221;&#8221;]<a href=\"https:\/\/www.linkedin.com\/company\/via3l\" target=\"_blank\" rel=\"noopener noreferrer nofollow\">Via 3L<\/a> logistikos paslaug\u0173 srityje dirba daugiau nei 25 met\u0173. \u012emon\u0117s istorija prasid\u0117jo dar 2001 metais, kai buvo \u012fkurta pirmoji Via 3L \u012fmon\u0117 Estijos sotin\u0117je Taline.[\/vc_column_text][vc_empty_space][\/vc_column][\/vc_row][vc_row][vc_column]\n\t\t\t\t<p class=\"rs-p-wp-fix\"><\/p>\n\t\t\t\t<sr7-module data-alias=\"history_lt-fast\" data-id=\"79\" id=\"SR7_79_1\" class=\"rs-ov-hidden\" data-version=\"6.7.34\">\n\t\t\t\t\t<sr7-adjuster><\/sr7-adjuster>\n\t\t\t\t\t<sr7-content>\n\t\t\t\t\t\t<sr7-slide id=\"SR7_79_1-129\" data-key=\"129\">\n\t\t\t\t\t\t\t<sr7-txt id=\"SR7_79_1-129-7\" class=\"sr7-layer\">2023 naujas sand\u0117lis Rygoje<\/sr7-txt>\n\t\t\t\t\t\t\t<sr7-txt id=\"SR7_79_1-129-13\" class=\"sr7-layer\">2011 Via 3L Freight, Estija<\/sr7-txt>\n\t\t\t\t\t\t\t<sr7-txt id=\"SR7_79_1-129-17\" class=\"sr7-layer\">2014 terminis sand\u0117lis Talinas<\/sr7-txt>\n\t\t\t\t\t\t\t<sr7-txt id=\"SR7_79_1-129-19\" class=\"sr7-layer\">2018 Latvijoje ir Estijoje \u012fsigyta did\u017eioji dalis akcij\u0173<\/sr7-txt>\n\t\t\t\t\t\t\t<sr7-txt id=\"SR7_79_1-129-22\" class=\"sr7-layer\">2008 m. Latvija<\/sr7-txt>\n\t\t\t\t\t\t\t<sr7-txt id=\"SR7_79_1-129-24\" class=\"sr7-layer\">2001 m. Estija<\/sr7-txt>\n\t\t\t\t\t\t\t<sr7-txt id=\"SR7_79_1-129-25\" class=\"sr7-layer\">2019 \u012fsigyta \u012fmon\u0117 UAB Terminal LT<\/sr7-txt>\n\t\t\t\t\t\t\t<sr7-txt id=\"SR7_79_1-129-27\" class=\"sr7-layer\">2020 Via 3L LT UAB<\/sr7-txt>\n\t\t\t\t\t\t\t<sr7-txt id=\"SR7_79_1-129-28\" class=\"sr7-layer\">Terminal LT UAB pavadinta Via 3L LT UAB<\/sr7-txt>\n\t\t\t\t\t\t\t<sr7-txt id=\"SR7_79_1-129-29\" class=\"sr7-layer\">\u012ekurta pirmoji Via 3L \u012fmon\u0117 Estijoje<\/sr7-txt>\n\t\t\t\t\t\t\t<sr7-txt id=\"SR7_79_1-129-30\" class=\"sr7-layer\">Naujas sandelis Latvijoje 24 000 m2<\/sr7-txt>\n\t\t\t\t\t\t\t<sr7-txt id=\"SR7_79_1-129-31\" class=\"sr7-layer\">\u012ekurta SIA Via 3L Latvijoje<\/sr7-txt>\n\t\t\t\t\t\t\t<sr7-txt id=\"SR7_79_1-129-32\" class=\"sr7-layer\">Estijoje \u012fk\u016brta tarptautini\u0173 perve\u017eim\u0173 \u012fmon\u0117 Via 3L Freight O\u00dc<\/sr7-txt>\n\t\t\t\t\t\t\t<sr7-txt id=\"SR7_79_1-129-33\" class=\"sr7-layer\">2014 m. naujo v\u0117sinamo ir \u0161aldomo sand\u0117lio Taline atidarymas (6000 m2)<\/sr7-txt>\n\t\t\t\t\t\t\t<sr7-txt id=\"SR7_79_1-129-34\" class=\"sr7-layer\">\u012esigyta did\u017eioji dalis \u012fmoni\u0173 Via 3L O\u00dc Estijoje ir SIA Via 3L Latvijoje<\/sr7-txt>\n\t\t\t\t\t\t\t<sr7-txt id=\"SR7_79_1-129-35\" class=\"sr7-layer\">\u012esigyta \u012fmon\u0117 UAB Terminal LT Lietuvoje<\/sr7-txt>\n\t\t\t\t\t\t<\/sr7-slide>\n\t\t\t\t\t\t<sr7-slide id=\"SR7_79_1-218\" data-key=\"218\">\n\t\t\t\t\t\t<\/sr7-slide>\n\t\t\t\t\t<\/sr7-content>\n\t\t\t\t\t<image_lists style=\"display:none\">\n\t\t\t\t\t\t<img decoding=async data-opt-id=1675277933  fetchpriority=\"high\" data-src=\"https:\/\/mlpeimtmgped.i.optimole.com\/w:auto\/h:auto\/q:mauto\/ig:avif\/https:\/\/via3l.eu\/wp-content\/uploads\/2023\/09\/history-line.png\" data-libid=\"12153\" data-lib=\"medialibrary\" alt=\"history line\" title=\"history line\" width=\"0\" height=\"0\" data-dbsrc=\"Ly92aWEzbC5ldS93cC1jb250ZW50L3VwbG9hZHMvMjAyMy8wOS9oaXN0b3J5LWxpbmUucG5n\"\/>\n\t\t\t\t\t\t<img decoding=async data-opt-id=596530250  fetchpriority=\"high\" data-src=\"https:\/\/mlpeimtmgped.i.optimole.com\/w:auto\/h:auto\/q:mauto\/ig:avif\/https:\/\/via3l.eu\/wp-content\/uploads\/2023\/09\/Stock_photo_via3l-history-Winding-road-in-mountains-scaled.jpg\" data-libid=\"12138\" data-lib=\"medialibrary\" alt=\"road\" title=\"Stock_photo_via3l-history-Winding-road-in-mountains\" width=\"0\" height=\"0\" data-dbsrc=\"Ly92aWEzbC5ldS93cC1jb250ZW50L3VwbG9hZHMvMjAyMy8wOS9TdG9ja19waG90b192aWEzbC1oaXN0b3J5LVdpbmRpbmctcm9hZC1pbi1tb3VudGFpbnMtc2NhbGVkLmpwZw==\"\/>\n\t\t\t\t\t\t<img decoding=async data-opt-id=247606132  fetchpriority=\"high\" data-src=\"https:\/\/mlpeimtmgped.i.optimole.com\/w:auto\/h:auto\/q:mauto\/ig:avif\/https:\/\/via3l.eu\/wp-content\/uploads\/2023\/09\/delivering-success-via3l.png\" data-libid=\"12146\" data-lib=\"medialibrary\" alt=\"Via 3L delivering success Estonia Latvia Lithuania circle logo\" title=\"delivering-success-via3l\" width=\"0\" height=\"0\" data-dbsrc=\"Ly92aWEzbC5ldS93cC1jb250ZW50L3VwbG9hZHMvMjAyMy8wOS9kZWxpdmVyaW5nLXN1Y2Nlc3MtdmlhM2wucG5n\"\/>\n\t\t\t\t\t<\/image_lists>\n\t\t\t\t<\/sr7-module>\n\t\t\t\t<script>\n\t\t\t\t\tSR7.PMH ??={}; SR7.PMH[\"SR7_79_1\"] = {cn:100,state:false,fn: function() { if (_tpt!==undefined && _tpt.prepareModuleHeight !== undefined) {  _tpt.prepareModuleHeight({id:\"SR7_79_1\",el:[850,850,768,960,720],type:'standard',shdw:'0',gh:[850,850,,,],gw:[1240,1240,1024,778,480],vpt:['-100px'],size:{fullWidth:true, fullHeight:false},mh:'0',onh:0,onw:0,bg:{color:'{\"orig\":\"transparent\",\"type\":\"solid\",\"string\":\"transparent\"}'}});   SR7.PMH[\"SR7_79_1\"].state=true;} else if(SR7.PMH[\"SR7_79_1\"].cn-->0)\tsetTimeout( SR7.PMH[\"SR7_79_1\"].fn,19);}};SR7.PMH[\"SR7_79_1\" ].fn();\n\t\t\t\t<\/script>\n[\/vc_column][\/vc_row][vc_row][vc_column][vc_custom_heading text=&#8221;Via 3L istorija: Daugiau nei 25 metai logistikos patirties&#8221; use_theme_fonts=&#8221;yes&#8221; css=&#8221;&#8221;][vc_empty_space][vc_column_text]<\/p>\n<ul>\n<li>2001 m. \u012fmon\u0117s Jungent, Kaupmees ir Abestock \u012fk\u016br\u0117 pirm\u0105j\u0105 VIA 3L \u012fmon\u0119;<\/li>\n<li>2006 m. atidarytas sand\u0117lis Kalmari, Estijoje;<\/li>\n<li>2008 m. \u012fsteigta \u012fmon\u0117 SIA Via 3L Latvijoje;<\/li>\n<li>2009 m. atidarytas pirmasis temperat\u016brinio r\u0117\u017eimo sand\u0117lis Estijoje;<\/li>\n<li>2011 m. Estijoje \u012fk\u016brta tarptautini\u0173 perve\u017eim\u0173 \u012fmon\u0117 Via 3L <a href=\"https:\/\/via3l.eu\/en\/international-transportation-services\/via-3l-international-freight-contacts-page\/\" target=\"_blank\" rel=\"noopener\">Freight O\u00dc<\/a><span style=\"color: #000000;\">;<\/span><\/li>\n<li>2012 m. Via 3L Latvia susijung\u0117 su \u012fmone SIA Adria 19;<\/li>\n<li>2013 m. naujas etapas <a href=\"https:\/\/maps.app.goo.gl\/KrByDPFksQmPzdvC9\" target=\"_blank\" rel=\"noopener noreferrer nofollow\">Kalmari<\/a>\u00a0 logistikos sand\u0117liuose (13 000 m2);<\/li>\n<li>2014 m. naujas etapas Riga sand\u0117liuose (13 000 m2);<\/li>\n<li>2014 m. naujo v\u0117sinamo ir \u0161aldomo sand\u0117lio Taline atidarymas (6000 m2);<\/li>\n<li>2018 m. \u012fsigyta did\u017eioji dalis <a href=\"https:\/\/www.via3l.eu\/lv\" target=\"_blank\" rel=\"noopener noreferrer nofollow\">Via 3L Latvia<\/a>;<\/li>\n<li>2018 m. JNG Investments \u012fsigijo 100%\u00a0 Via 3L O\u00dc akcij\u0173;<\/li>\n<li>2019 m. naujas sand\u0117lis Estijoje (5000 m2);<\/li>\n<li>2019 m. \u012fsigyta \u012fmon\u0117 UAB Terminal LT Lietuvoje;<\/li>\n<li>2020 m. UAB Terminal LT UAB suteiktas naujas pavadinimas UAB <a href=\"https:\/\/via3l.eu\/lt\/\" target=\"_blank\" rel=\"noopener\">Via 3L LT<\/a>;<\/li>\n<\/ul>\n<p>[\/vc_column_text][\/vc_column][\/vc_row]<\/p>\n<\/div>","protected":false},"excerpt":{"rendered":"<p>[vc_row][vc_column][vc_custom_heading text=&#8221;Via 3L veiklos istorija&#8221; font_container=&#8221;tag:h1|text_align:left&#8221; use_theme_fonts=&#8221;yes&#8221;][vc_column_text css=&#8221;&#8221;]Via 3L logistikos paslaug\u0173 srityje dirba daugiau nei 25 met\u0173. \u012emon\u0117s istorija prasid\u0117jo dar 2001 metais, kai buvo \u012fkurta pirmoji Via 3L \u012fmon\u0117 Estijos sotin\u0117je Taline.[\/vc_column_text][vc_empty_space][\/vc_column][\/vc_row][vc_row][vc_column][\/vc_column][\/vc_row][vc_row][vc_column][vc_custom_heading&#8230;<\/p>\n","protected":false},"author":2,"featured_media":17784,"parent":0,"menu_order":0,"comment_status":"closed","ping_status":"closed","template":"","meta":{"footnotes":""},"class_list":["post-12504","page","type-page","status-publish","has-post-thumbnail","hentry"],"_links":{"self":[{"href":"https:\/\/via3l.eu\/lt\/wp-json\/wp\/v2\/pages\/12504","targetHints":{"allow":["GET"]}}],"collection":[{"href":"https:\/\/via3l.eu\/lt\/wp-json\/wp\/v2\/pages"}],"about":[{"href":"https:\/\/via3l.eu\/lt\/wp-json\/wp\/v2\/types\/page"}],"author":[{"embeddable":true,"href":"https:\/\/via3l.eu\/lt\/wp-json\/wp\/v2\/users\/2"}],"replies":[{"embeddable":true,"href":"https:\/\/via3l.eu\/lt\/wp-json\/wp\/v2\/comments?post=12504"}],"version-history":[{"count":0,"href":"https:\/\/via3l.eu\/lt\/wp-json\/wp\/v2\/pages\/12504\/revisions"}],"wp:featuredmedia":[{"embeddable":true,"href":"https:\/\/via3l.eu\/lt\/wp-json\/wp\/v2\/media\/17784"}],"wp:attachment":[{"href":"https:\/\/via3l.eu\/lt\/wp-json\/wp\/v2\/media?parent=12504"}],"curies":[{"name":"wp","href":"https:\/\/api.w.org\/{rel}","templated":true}]}}