{"id":1517,"date":"2015-10-21T07:42:32","date_gmt":"2015-10-21T07:42:32","guid":{"rendered":"https:\/\/via3l.eu\/lt\/?page_id=1517"},"modified":"2026-02-15T18:37:29","modified_gmt":"2026-02-15T16:37:29","slug":"treciuju-saliu-logistikos-paslaugos","status":"publish","type":"page","link":"https:\/\/via3l.eu\/lt\/","title":{"rendered":"Home"},"content":{"rendered":"<div class=\"wpb-content-wrapper\"><p>[vc_row][vc_column][vc_column_text]<\/p>\n<p data-rm-block-id=\"block-1\">[\/vc_column_text][\/vc_column][\/vc_row][vc_row content_placement=&#8221;middle&#8221;][vc_column]\n\t\t\t\t<p class=\"rs-p-wp-fix\"><\/p>\n\t\t\t\t<sr7-module data-alias=\"opening-page-video-lt-2-boxes-1\" data-id=\"71\" id=\"SR7_71_1\" class=\"rs-ov-hidden\" data-version=\"6.7.34\">\n\t\t\t\t\t<sr7-adjuster><\/sr7-adjuster>\n\t\t\t\t\t<sr7-content>\n\t\t\t\t\t\t<sr7-slide id=\"SR7_71_1-119\" data-key=\"119\">\n\t\t\t\t\t\t\t<sr7-txt id=\"SR7_71_1-119-18\" class=\"sr7-layer\"><i class=\"fa-play\"><\/i><\/sr7-txt>\n\t\t\t\t\t\t\t<a id=\"SR7_71_1-119-20\" class=\"sr7-layer\" href=\"https:\/\/via3l.eu\/lt\/transportavimo-paslaugos\/\" target=\"_self\" rel=\"nofollow\">TRANSPORTAVIMO PASLAUGOS<\/a>\n\t\t\t\t\t\t\t<a id=\"SR7_71_1-119-23\" class=\"sr7-layer\" href=\"https:\/\/via3l.eu\/lt\/3pl-logistikos-paslaugos\/\" target=\"_self\" rel=\"nofollow\">SAND\u0116LIAVIMAS IR 3PL<\/a>\n\t\t\t\t\t\t\t<sr7-txt id=\"SR7_71_1-119-30\" class=\"sr7-layer\">3 PL | SAND\u0116LIAVIMAS | AKCIZIN\u0116S IR MUITIN\u0116S  PREK\u0116S <\/sr7-txt>\n\t\t\t\t\t\t\t<sr7-txt id=\"SR7_71_1-119-31\" class=\"sr7-layer\">KELIAIS | KELTAIS IR L\u0116KTUVAIS | GELE\u017dINKELIAIS <\/sr7-txt>\n\t\t\t\t\t\t<\/sr7-slide>\n\t\t\t\t\t\t<sr7-slide id=\"SR7_71_1-118\" data-key=\"118\">\n\t\t\t\t\t\t\t<a id=\"SR7_71_1-118-0\" class=\"sr7-layer\" href=\"https:\/\/youtu.be\/bYs5ckdcW98?si=3FTRCNaAlkKjV35N\" target=\"_blank\" rel=\"noopener\"><i class=\"fa-play\"><\/i><\/a>\n\t\t\t\t\t\t\t<sr7-txt id=\"SR7_71_1-118-21\" class=\"sr7-layer\"><span><\/span><span><\/span><span><\/span><\/sr7-txt>\n\t\t\t\t\t\t<\/sr7-slide>\n\t\t\t\t\t\t<sr7-slide id=\"SR7_71_1-210\" data-key=\"210\">\n\t\t\t\t\t\t<\/sr7-slide>\n\t\t\t\t\t<\/sr7-content>\n\t\t\t\t\t<image_lists style=\"display:none\">\n\t\t\t\t\t\t<img decoding=async data-opt-id=1901456506  fetchpriority=\"high\" data-src=\"https:\/\/mlpeimtmgped.i.optimole.com\/w:auto\/h:auto\/q:mauto\/ig:avif\/https:\/\/via3l.eu\/wp-content\/uploads\/2026\/02\/via_3L_warehouse-1.webp\" data-libid=\"17885\" data-lib=\"medialibrary\" alt=\"via 3L warehouse\" title=\"via 3L warehouse\" width=\"0\" height=\"0\" data-dbsrc=\"Ly92aWEzbC5ldS93cC1jb250ZW50L3VwbG9hZHMvMjAyNi8wMi92aWFfM0xfd2FyZWhvdXNlLTEud2VicA==\"\/>\n\t\t\t\t\t\t<img decoding=async data-opt-id=886567973  fetchpriority=\"high\" data-src=\"https:\/\/mlpeimtmgped.i.optimole.com\/w:auto\/h:auto\/q:mauto\/ig:avif\/https:\/\/via3l.eu\/wp-content\/uploads\/2024\/07\/via3l_2024_2trucks-freight.webp\" data-libid=\"15752\" data-lib=\"medialibrary\" alt=\"via 3L trucks freight\" title=\"via3l_2024_2trucks-freight\" width=\"0\" height=\"0\" data-dbsrc=\"Ly92aWEzbC5ldS93cC1jb250ZW50L3VwbG9hZHMvMjAyNC8wNy92aWEzbF8yMDI0XzJ0cnVja3MtZnJlaWdodC53ZWJw\"\/>\n\t\t\t\t\t<\/image_lists>\n\t\t\t\t<\/sr7-module>\n\t\t\t\t<script>\n\t\t\t\t\tSR7.PMH ??={}; SR7.PMH[\"SR7_71_1\"] = {cn:100,state:false,fn: function() { if (_tpt!==undefined && _tpt.prepareModuleHeight !== undefined) {  _tpt.prepareModuleHeight({id:\"SR7_71_1\",el:[600,600,768,768,580],type:'standard',shdw:'0',gh:[600,600,768,768,580],gw:[1440,1440,1024,1024,480],vpt:['-200px&#039;,&#039;-200px&#039;,&#039;-200px&#039;,&#039;-200px&#039;,&#039;-200px'],size:{fullWidth:true, fullHeight:false},mh:'0',onh:0,onw:0,bg:{color:'{\"orig\":\"transparent\",\"type\":\"solid\",\"string\":\"transparent\"}'},plType:'4',plColor:'#FFFFFF'});   SR7.PMH[\"SR7_71_1\"].state=true;} else if(SR7.PMH[\"SR7_71_1\"].cn-->0)\tsetTimeout( SR7.PMH[\"SR7_71_1\"].fn,19);}};SR7.PMH[\"SR7_71_1\" ].fn();\n\t\t\t\t<\/script>\n[\/vc_column][\/vc_row][vc_row][vc_column][vc_empty_space height=&#8221;52px&#8221;][vc_single_image image=&#8221;10530&#8243; img_size=&#8221;large&#8221; alignment=&#8221;center&#8221;][vc_custom_heading text=&#8221;J\u016bs u\u017ekariaujate rinkas ir klientus, mes atliekame logistik\u0105 u\u017e jus!&#8221; font_container=&#8221;tag:h1|text_align:center&#8221; use_theme_fonts=&#8221;yes&#8221; css=&#8221;.vc_custom_1695819556162{padding-top: 50px !important;padding-bottom: 50px !important;}&#8221;]\n\t\t\t\t<p class=\"rs-p-wp-fix\"><\/p>\n\t\t\t\t<sr7-module data-alias=\"lt-opening-page-youtube-video\" data-id=\"102\" id=\"SR7_102_2\" class=\"rs-ov-hidden\" data-version=\"6.7.34\">\n\t\t\t\t\t<sr7-adjuster><\/sr7-adjuster>\n\t\t\t\t\t<sr7-content>\n\t\t\t\t\t\t<sr7-slide id=\"SR7_102_2-255\" data-key=\"255\">\n\t\t\t\t\t\t<\/sr7-slide>\n\t\t\t\t\t\t<sr7-slide id=\"SR7_102_2-257\" data-key=\"257\">\n\t\t\t\t\t\t<\/sr7-slide>\n\t\t\t\t\t<\/sr7-content>\n\t\t\t\t<\/sr7-module>\n\t\t\t\t<script>\n\t\t\t\t\tSR7.PMH ??={}; SR7.PMH[\"SR7_102_2\"] = {cn:100,state:false,fn: function() { if (_tpt!==undefined && _tpt.prepareModuleHeight !== undefined) {  _tpt.prepareModuleHeight({id:\"SR7_102_2\",el:[600,600,768,768,580],type:'standard',shdw:'0',gh:[600,600,768,768,580],gw:[1440,1440,1024,1024,480],vpt:['-200px&#039;,&#039;-200px&#039;,&#039;-200px&#039;,&#039;-200px&#039;,&#039;-200px'],size:{fullWidth:true, fullHeight:false},mh:'0',onh:0,onw:0,bg:{color:'{\"orig\":\"transparent\",\"type\":\"solid\",\"string\":\"transparent\"}'},plType:'4',plColor:'#FFFFFF'});   SR7.PMH[\"SR7_102_2\"].state=true;} else if(SR7.PMH[\"SR7_102_2\"].cn-->0)\tsetTimeout( SR7.PMH[\"SR7_102_2\"].fn,19);}};SR7.PMH[\"SR7_102_2\" ].fn();\n\t\t\t\t<\/script>\n[\/vc_column][\/vc_row][vc_row][vc_column][vc_empty_space][vc_column_text css=&#8221;&#8221;]<a href=\"https:\/\/ee.linkedin.com\/company\/via3l\" target=\"_blank\" rel=\"noopener noreferrer nofollow\">\u201eVia 3L\u201c \u2013 tre\u010di\u0173j\u0173 \u0161ali\u0173 logistikos paslaugas teikianti \u012fmoni\u0173 grup\u0117 veikianti Lietuvoje, Latvijoje, Estijoje.<\/a>\u00a0Remiantis ilgamete patirtimi, savo klientams galime pasi\u016blyti individualius 3PL sprendimus ir plat\u0173 paslaug\u0173 spektr\u0105, nuo\u00a0<a href=\"https:\/\/via3l.eu\/lt\/3pl-logistikos-paslaugos\/\" target=\"_blank\" rel=\"noopener\">sand\u0117liavimo<\/a>\u00a0iki\u00a0<a href=\"https:\/\/via3l.eu\/lt\/pristatymo-paslaugos-transportavimo-sprendimai\/\" target=\"_blank\" rel=\"noopener\">preki\u0173 pristatymo<\/a>. Mes specializuojam\u0117s 3PL logistika Lietuva.<\/p>\n<p data-rm-block-id=\"block-2\">\u012emoni\u0173 grup\u0117s sand\u0117li\u0173 plotas siekia 90 000 kv.m. Galime pasi\u016blyti sand\u0117liavim\u0105 \u012fprastoje temperat\u016broje arba terminiuose sand\u0117liuose, preki\u0173 \u017eenklinim\u0105, atrinkim\u0105 ir tiekim\u0105 \u012f prekybos ta\u0161kus visose Baltijos \u0161alyse. <a href=\"https:\/\/via3l.eu\/en\/international-transportation-services\/\" target=\"_blank\" rel=\"noopener\">Tarptautin\u0117 transporto komanda<\/a>\u00a0teikia vis\u0173 r\u016b\u0161i\u0173 transport\u0105 nuo keli\u0173 ir oro iki j\u016br\u0173 ir gele\u017einkelio.<\/p>\n<h2><mark class=\"rank-math-highlight\" style=\"background-color: #fee894;\">3PL logistika Lietuva : Paslaug\u0173 ap\u017evalga<\/mark><\/h2>\n<p data-rm-block-id=\"block-3\">M\u016bs\u0173 patyrusi\u0173 darbuotoj\u0173 komanda siekia auk\u0161\u010diausios teikiam\u0173 paslaug\u0173 kokyb\u0117s. Vertiname komandin\u012f darb\u0105, skatiname abipus\u012f pasitik\u0117jim\u0105 ir pagarb\u0105 tiek \u012fmoni\u0173 grup\u0117je, tiek su klientais. Tai yra neatsiejamos \u201eVia 3L\u201c vertyb\u0117s.<\/p>\n<p data-rm-block-id=\"block-4\">Mes r\u016bpinam\u0117s aplinka ir nuolat ie\u0161kome ekologi\u0161kesni\u0173 ir tvaresni\u0173 sprendim\u0173 savo veikloje.<\/p>\n<p>[\/vc_column_text][\/vc_column][\/vc_row][vc_row][vc_column][\/vc_column][\/vc_row][vc_row][vc_column][vc_empty_space][\/vc_column][\/vc_row][vc_row][vc_column][vc_custom_heading text=&#8221;M\u016bs\u0173 \u012fmon\u0117s ir kontaktai&#8221; font_container=&#8221;tag:h2|text_align:center&#8221; use_theme_fonts=&#8221;yes&#8221; css=&#8221;.vc_custom_1702891975123{padding-top: 50px !important;padding-bottom: 50px !important;}&#8221; link=&#8221;url:https%3A%2F%2Fvia3l.eu%2Flt%2Fkontaktai%2F|title:Contacts%20English|target:_blank&#8221;][\/vc_column][\/vc_row][vc_row][vc_column][vc_empty_space][\/vc_column][\/vc_row][vc_row][vc_column][vc_empty_space][vc_custom_heading text=&#8221;MUMIS PASITIKI&#8221; font_container=&#8221;tag:h2|text_align:center&#8221; use_theme_fonts=&#8221;yes&#8221;][vc_empty_space][\/vc_column][\/vc_row][vc_row full_width=&#8221;stretch_row&#8221;][vc_column]\n\t\t\t\t<p class=\"rs-p-wp-fix\"><\/p>\n\t\t\t\t<sr7-module data-alias=\"customer-references-lt\" data-id=\"29\" id=\"SR7_29_3\" class=\"rs-ov-hidden\" data-version=\"6.7.34\">\n\t\t\t\t\t<sr7-adjuster><\/sr7-adjuster>\n\t\t\t\t\t<sr7-content>\n\t\t\t\t\t\t<sr7-carousel>\n\t\t\t\t\t\t<sr7-slide id=\"SR7_29_3-54\" data-key=\"54\">\n\t\t\t\t\t\t<\/sr7-slide>\n\t\t\t\t\t\t<sr7-slide id=\"SR7_29_3-85\" data-key=\"85\">\n\t\t\t\t\t\t<\/sr7-slide>\n\t\t\t\t\t\t<sr7-slide id=\"SR7_29_3-166\" data-key=\"166\">\n\t\t\t\t\t\t<\/sr7-slide>\n\t\t\t\t\t\t<\/sr7-carousel>\n\t\t\t\t\t<\/sr7-content>\n\t\t\t\t\t<image_lists style=\"display:none\">\n\t\t\t\t\t\t<img decoding=async data-opt-id=194166382  fetchpriority=\"high\" data-src=\"https:\/\/mlpeimtmgped.i.optimole.com\/w:auto\/h:auto\/q:mauto\/ig:avif\/https:\/\/via3l.eu\/wp-content\/uploads\/2019\/11\/jungent_logo_150-1.png\" data-libid=\"4685\" alt=\"jungent_logo via 3l\" title=\"jungent_logo_150\" width=\"0\" height=\"0\" data-dbsrc=\"Ly92aWEzbC5ldS93cC1jb250ZW50L3VwbG9hZHMvMjAxOS8xMS9qdW5nZW50X2xvZ29fMTUwLTEucG5n\"\/>\n\t\t\t\t\t\t<img decoding=async data-opt-id=1063441556  fetchpriority=\"high\" data-src=\"https:\/\/mlpeimtmgped.i.optimole.com\/w:auto\/h:auto\/q:mauto\/ig:avif\/https:\/\/via3l.eu\/wp-content\/uploads\/2020\/12\/Blue_LIT_prike_logo2.jpg\" data-libid=\"7039\" data-lib=\"medialibrary\" alt=\"Blue LIT prike logo2\" title=\"Blue LIT prike logo2\" width=\"0\" height=\"0\" data-dbsrc=\"Ly92aWEzbC5ldS93cC1jb250ZW50L3VwbG9hZHMvMjAyMC8xMi9CbHVlX0xJVF9wcmlrZV9sb2dvMi5qcGc=\"\/>\n\t\t\t\t\t\t<img decoding=async data-opt-id=407105231  fetchpriority=\"high\" data-src=\"https:\/\/mlpeimtmgped.i.optimole.com\/w:auto\/h:auto\/q:mauto\/ig:avif\/https:\/\/via3l.eu\/wp-content\/uploads\/2020\/03\/Liviko.png\" data-libid=\"5456\" alt=\"liviko_logo\" title=\"Liviko\" width=\"0\" height=\"0\" data-dbsrc=\"Ly92aWEzbC5ldS93cC1jb250ZW50L3VwbG9hZHMvMjAyMC8wMy9MaXZpa28ucG5n\"\/>\n\t\t\t\t\t\t<img decoding=async data-opt-id=150950832  fetchpriority=\"high\" data-src=\"https:\/\/mlpeimtmgped.i.optimole.com\/w:auto\/h:auto\/q:mauto\/ig:avif\/https:\/\/via3l.eu\/wp-content\/uploads\/2020\/03\/roshen_logo.png\" data-libid=\"5448\" alt=\"Roshen_logo\" title=\"roshen_logo\" width=\"0\" height=\"0\" data-dbsrc=\"Ly92aWEzbC5ldS93cC1jb250ZW50L3VwbG9hZHMvMjAyMC8wMy9yb3NoZW5fbG9nby5wbmc=\"\/>\n\t\t\t\t\t\t<img decoding=async data-opt-id=1897020052  fetchpriority=\"high\" data-src=\"https:\/\/mlpeimtmgped.i.optimole.com\/w:auto\/h:auto\/q:mauto\/ig:avif\/https:\/\/via3l.eu\/wp-content\/uploads\/2020\/03\/danbalt_logo.png\" data-libid=\"5452\" alt=\"danbalt_logo\" title=\"danbalt_logo\" width=\"0\" height=\"0\" data-dbsrc=\"Ly92aWEzbC5ldS93cC1jb250ZW50L3VwbG9hZHMvMjAyMC8wMy9kYW5iYWx0X2xvZ28ucG5n\"\/>\n\t\t\t\t\t\t<img decoding=async data-opt-id=1370926575  fetchpriority=\"high\" data-src=\"https:\/\/mlpeimtmgped.i.optimole.com\/w:auto\/h:auto\/q:mauto\/ig:avif\/https:\/\/via3l.eu\/wp-content\/uploads\/2019\/11\/pernod_ricard-e1573721799965.png\" data-libid=\"4623\" alt=\"pernod_ricard_logo via 3l\" title=\"pernod_ricard\" width=\"0\" height=\"0\" data-dbsrc=\"Ly92aWEzbC5ldS93cC1jb250ZW50L3VwbG9hZHMvMjAxOS8xMS9wZXJub2RfcmljYXJkLWUxNTczNzIxNzk5OTY1LnBuZw==\"\/>\n\t\t\t\t\t\t<img decoding=async data-opt-id=593072458  fetchpriority=\"high\" data-src=\"https:\/\/mlpeimtmgped.i.optimole.com\/w:150\/h:150\/q:mauto\/rt:fill\/g:ce\/ig:avif\/https:\/\/via3l.eu\/wp-content\/uploads\/2021\/11\/Shell_pecten_logo.png\" data-libid=\"8646\" data-lib=\"medialibrary\" alt=\"Shell pecten logo via 3l\" title=\"Shell pecten logo\" width=\"0\" height=\"0\" data-dbsrc=\"Ly92aWEzbC5ldS93cC1jb250ZW50L3VwbG9hZHMvMjAyMS8xMS9TaGVsbF9wZWN0ZW5fbG9nby0xNTB4MTUwLnBuZw==\"\/>\n\t\t\t\t\t\t<img decoding=async data-opt-id=471573862  fetchpriority=\"high\" data-src=\"https:\/\/mlpeimtmgped.i.optimole.com\/w:auto\/h:auto\/q:mauto\/ig:avif\/https:\/\/via3l.eu\/wp-content\/uploads\/2021\/11\/coca-cola-circle-logo.png\" data-libid=\"8650\" data-lib=\"medialibrary\" alt=\"coca cola circle logo\" title=\"coca cola circle logo\" width=\"0\" height=\"0\" data-dbsrc=\"Ly92aWEzbC5ldS93cC1jb250ZW50L3VwbG9hZHMvMjAyMS8xMS9jb2NhLWNvbGEtY2lyY2xlLWxvZ28ucG5n\"\/>\n\t\t\t\t\t\t<img decoding=async data-opt-id=171987935  data-opt-src=\"https:\/\/mlpeimtmgped.i.optimole.com\/w:auto\/h:auto\/q:mauto\/ig:avif\/https:\/\/via3l.eu\/wp-content\/uploads\/2021\/11\/Henkel_Freixenet_Logo.png\"  data-src=\"https:\/\/mlpeimtmgped.i.optimole.com\/w:auto\/h:auto\/q:mauto\/ig:avif\/https:\/\/via3l.eu\/wp-content\/uploads\/2021\/11\/Henkel_Freixenet_Logo.png\" data-libid=\"8654\" data-lib=\"medialibrary\" alt=\"Henkel Freixenet Logo via 3l\" title=\"Henkel Freixenet Logo\" width=\"0\" height=\"0\" data-dbsrc=\"Ly92aWEzbC5ldS93cC1jb250ZW50L3VwbG9hZHMvMjAyMS8xMS9IZW5rZWxfRnJlaXhlbmV0X0xvZ28ucG5n\"\/>\n\t\t\t\t\t\t<img decoding=async data-opt-id=1898983964  data-opt-src=\"https:\/\/mlpeimtmgped.i.optimole.com\/w:auto\/h:auto\/q:mauto\/ig:avif\/https:\/\/via3l.eu\/wp-content\/uploads\/2021\/11\/biovela_logo.png\"  data-src=\"https:\/\/mlpeimtmgped.i.optimole.com\/w:auto\/h:auto\/q:mauto\/ig:avif\/https:\/\/via3l.eu\/wp-content\/uploads\/2021\/11\/biovela_logo.png\" data-libid=\"8664\" data-lib=\"medialibrary\" alt=\"biovela logo\" title=\"biovela logo\" width=\"0\" height=\"0\" data-dbsrc=\"Ly92aWEzbC5ldS93cC1jb250ZW50L3VwbG9hZHMvMjAyMS8xMS9iaW92ZWxhX2xvZ28ucG5n\"\/>\n\t\t\t\t\t\t<img decoding=async data-opt-id=1380539208  data-opt-src=\"https:\/\/mlpeimtmgped.i.optimole.com\/w:auto\/h:auto\/q:mauto\/ig:avif\/https:\/\/via3l.eu\/wp-content\/uploads\/2021\/11\/KG_grupp_logo-light.png\"  data-src=\"https:\/\/mlpeimtmgped.i.optimole.com\/w:auto\/h:auto\/q:mauto\/ig:avif\/https:\/\/via3l.eu\/wp-content\/uploads\/2021\/11\/KG_grupp_logo-light.png\" data-libid=\"8660\" data-lib=\"medialibrary\" alt=\"KG grupp logo light\" title=\"KG grupp logo light\" width=\"0\" height=\"0\" data-dbsrc=\"Ly92aWEzbC5ldS93cC1jb250ZW50L3VwbG9hZHMvMjAyMS8xMS9LR19ncnVwcF9sb2dvLWxpZ2h0LnBuZw==\"\/>\n\t\t\t\t\t\t<img decoding=async data-opt-id=763810284  data-opt-src=\"https:\/\/mlpeimtmgped.i.optimole.com\/w:auto\/h:auto\/q:mauto\/ig:avif\/https:\/\/via3l.eu\/wp-content\/uploads\/2026\/01\/morek-20y.svg\"  class=\"optimole-lazy-only \"  data-src=\"https:\/\/mlpeimtmgped.i.optimole.com\/w:auto\/h:auto\/q:mauto\/ig:avif\/https:\/\/via3l.eu\/wp-content\/uploads\/2026\/01\/morek-20y.svg\" data-libid=\"17788\" data-lib=\"medialibrary\" alt=\"morek logo\" title=\"morek logo\" width=\"0\" height=\"0\" data-dbsrc=\"Ly92aWEzbC5ldS93cC1jb250ZW50L3VwbG9hZHMvMjAyNi8wMS9tb3Jlay0yMHkuc3Zn\"\/>\n\t\t\t\t\t<\/image_lists>\n\t\t\t\t<\/sr7-module>\n\t\t\t\t<script>\n\t\t\t\t\tSR7.PMH ??={}; SR7.PMH[\"SR7_29_3\"] = {cn:100,state:false,fn: function() { if (_tpt!==undefined && _tpt.prepareModuleHeight !== undefined) {  _tpt.prepareModuleHeight({id:\"SR7_29_3\",el:[200,200,160,130,80],type:'carousel',shdw:'0',gh:[200,200,160,130,80],gw:[1240,1240,1024,778,480],vpt:['-200px&#039;,&#039;-200px&#039;,&#039;-200px&#039;,&#039;-200px&#039;,&#039;-200px'],size:{fullWidth:false, fullHeight:false},mh:'0',onh:0,onw:0,bg:{color:'{\"orig\":\"transparent\",\"type\":\"solid\",\"string\":\"transparent\"}'},carousel:{pt:'0',pb:'0'},plType:'0',plColor:'#FFFFFF'});   SR7.PMH[\"SR7_29_3\"].state=true;} else if(SR7.PMH[\"SR7_29_3\"].cn-->0)\tsetTimeout( SR7.PMH[\"SR7_29_3\"].fn,19);}};SR7.PMH[\"SR7_29_3\" ].fn();\n\t\t\t\t<\/script>\n[\/vc_column][\/vc_row][vc_row full_width=&#8221;stretch_row&#8221; content_placement=&#8221;middle&#8221; css=&#8221;.vc_custom_1471342500329{padding-top: 20px !important;padding-bottom: 20px !important;background-color: #003f80 !important;}&#8221;][vc_column][stm_testimonials posts_per_page=&#8221;5&#8243; autoplay=&#8221;yes&#8221; loop=&#8221;yes&#8221;][vc_empty_space height=&#8221;20px&#8221;][\/vc_column][\/vc_row][vc_row][vc_column][vc_column_text css=&#8221;&#8221;]<script async type='module' src='https:\/\/interfaces.zapier.com\/assets\/web-components\/zapier-interfaces\/zapier-interfaces.esm.js'><\/script>\r\n<zapier-interfaces-chatbot-embed is-popup='true' chatbot-id='cmb56ljk6001kygsy0onim9pp'><\/zapier-interfaces-chatbot-embed>[\/vc_column_text][\/vc_column][\/vc_row][vc_row][vc_column][vc_column_text][\/vc_column_text][\/vc_column][\/vc_row]<\/p>\n<\/div>","protected":false},"excerpt":{"rendered":"<p>[vc_row][vc_column][vc_column_text] [\/vc_column_text][\/vc_column][\/vc_row][vc_row content_placement=&#8221;middle&#8221;][vc_column][\/vc_column][\/vc_row][vc_row][vc_column][vc_empty_space height=&#8221;52px&#8221;][vc_single_image image=&#8221;10530&#8243; img_size=&#8221;large&#8221; alignment=&#8221;center&#8221;][vc_custom_heading text=&#8221;J\u016bs u\u017ekariaujate rinkas ir klientus, mes atliekame logistik\u0105 u\u017e jus!&#8221; font_container=&#8221;tag:h1|text_align:center&#8221; use_theme_fonts=&#8221;yes&#8221; css=&#8221;.vc_custom_1695819556162{padding-top: 50px !important;padding-bottom: 50px !important;}&#8221;][\/vc_column][\/vc_row][vc_row][vc_column][vc_empty_space][vc_column_text css=&#8221;&#8221;]\u201eVia 3L\u201c \u2013 tre\u010di\u0173j\u0173 \u0161ali\u0173 logistikos paslaugas teikianti \u012fmoni\u0173&#8230;<\/p>\n","protected":false},"author":1,"featured_media":17781,"parent":0,"menu_order":0,"comment_status":"closed","ping_status":"closed","template":"","meta":{"footnotes":""},"class_list":["post-1517","page","type-page","status-publish","has-post-thumbnail","hentry"],"_links":{"self":[{"href":"https:\/\/via3l.eu\/lt\/wp-json\/wp\/v2\/pages\/1517","targetHints":{"allow":["GET"]}}],"collection":[{"href":"https:\/\/via3l.eu\/lt\/wp-json\/wp\/v2\/pages"}],"about":[{"href":"https:\/\/via3l.eu\/lt\/wp-json\/wp\/v2\/types\/page"}],"author":[{"embeddable":true,"href":"https:\/\/via3l.eu\/lt\/wp-json\/wp\/v2\/users\/1"}],"replies":[{"embeddable":true,"href":"https:\/\/via3l.eu\/lt\/wp-json\/wp\/v2\/comments?post=1517"}],"version-history":[{"count":2,"href":"https:\/\/via3l.eu\/lt\/wp-json\/wp\/v2\/pages\/1517\/revisions"}],"predecessor-version":[{"id":17887,"href":"https:\/\/via3l.eu\/lt\/wp-json\/wp\/v2\/pages\/1517\/revisions\/17887"}],"wp:featuredmedia":[{"embeddable":true,"href":"https:\/\/via3l.eu\/lt\/wp-json\/wp\/v2\/media\/17781"}],"wp:attachment":[{"href":"https:\/\/via3l.eu\/lt\/wp-json\/wp\/v2\/media?parent=1517"}],"curies":[{"name":"wp","href":"https:\/\/api.w.org\/{rel}","templated":true}]}}