{"id":17805,"date":"2026-01-15T15:03:26","date_gmt":"2026-01-15T13:03:26","guid":{"rendered":"https:\/\/via3l.eu\/?page_id=17805"},"modified":"2026-01-16T10:46:39","modified_gmt":"2026-01-16T08:46:39","slug":"prekiu-zenklinimas-via3l","status":"publish","type":"page","link":"https:\/\/via3l.eu\/lt\/prekiu-zenklinimas-via3l\/","title":{"rendered":"\u017denklinimas ir prid\u0117tin\u0119 vert\u0119 kurian\u010dios paslaugos"},"content":{"rendered":"<div class=\"wpb-content-wrapper\"><p>[vc_row][vc_column][vc_column_text]<\/p>\n<p data-rm-block-id=\"block-1\">[\/vc_column_text][\/vc_column][\/vc_row][vc_row equal_height=&#8221;yes&#8221; content_placement=&#8221;middle&#8221;][vc_column width=&#8221;2\/3&#8243;][vc_custom_heading text=&#8221;Preki\u0173 \u017eenklinimas ir prid\u0117tin\u0117s vert\u0117s paslaugos&#8221; font_container=&#8221;tag:h1|text_align:left&#8221; use_theme_fonts=&#8221;yes&#8221; css=&#8221;&#8221;][\/vc_column][vc_column width=&#8221;1\/3&#8243;][vc_btn title=&#8221;U\u017eklausa d\u0117l paslaug\u0173&#8221; shape=&#8221;square&#8221; color=&#8221;green&#8221; size=&#8221;lg&#8221; i_icon_fontawesome=&#8221;stm-arrow-next&#8221; add_icon=&#8221;true&#8221; link=&#8221;url:https%3A%2F%2Fvia3l.eu%2Flt%2Fuzklausa-del-kainos%2F|title:U%C5%BEklausa%20d%C4%97l%20kainos|&#8221;][\/vc_column][\/vc_row][vc_row css=&#8221;.vc_custom_1575466977698{background-position: center !important;background-repeat: no-repeat !important;background-size: cover !important;}&#8221;][vc_column][vc_custom_heading text=&#8221;\u017denklinimo paslaugos&#8221; use_theme_fonts=&#8221;yes&#8221; css=&#8221;&#8221;][vc_column_text css=&#8221;&#8221;]Preki\u0173 \u017eenklinimas labai svarbus tiekiant vartojimo prekes ar alkoholinius produktus \u012f \u012fvairi\u0173 \u0161ali\u0173 rinkas. B\u016btina atid\u017eiai laikytis vietini\u0173 \u017eenklinimo ir teisini\u0173 reikalavim\u0173. Kiekviena \u0161alis gali tur\u0117ti specifines taisykles d\u0117l produkto apra\u0161ym\u0173, br\u016bk\u0161nini\u0173 kod\u0173, depozito pakuo\u010di\u0173 ar kit\u0173 privalom\u0173 \u017eym\u0117jim\u0173. <a href=\"https:\/\/ee.linkedin.com\/company\/via3l\" target=\"_blank\" rel=\"noopener noreferrer nofollow\">Mes<\/a> i\u0161manome \u0161ias galiojan\u010dias taisykles ir preki\u0173 pri\u0117mimo metu patikriname, ar visi produktai atitinka nustatytus reikalavimus. Esant poreikiui, pasir\u016bpinsime papildomu \u017eenklinimu \u2013 sukursime reikiamus \u017eym\u0117jimus, atspausdinsime ir u\u017eklijuosime juos ant pakuo\u010di\u0173, u\u017etikrindami, kad kiekviena prek\u0117 atitikt\u0173 standartus ir b\u016bt\u0173 tinkama pateikti rinkai. Tokiu b\u016bdu J\u016bs galite b\u016bti tikri, kad visi produktai pasieks klientus tvarkingi, teisingai pa\u017eym\u0117ti ir pasiruo\u0161\u0119 pardavimui.[\/vc_column_text][vc_custom_heading text=&#8221;Prid\u0117tin\u0117s vert\u0117s paslaugos (Value-added services)&#8221; use_theme_fonts=&#8221;yes&#8221; css=&#8221;&#8221;][vc_column_text css=&#8221;&#8221;]<\/p>\n<p data-path-to-node=\"3\" data-rm-block-id=\"block-2\"><b data-path-to-node=\"3\" data-index-in-node=\"0\"><a href=\"https:\/\/via3l.eu\/lt\/apie-mus-3pl-logistika\/\">UAB Via 3L LT<\/a> teikiamos prid\u0117tin\u0117s vert\u0117s paslaugos<\/b> (Value-added services) leid\u017eia J\u016bs\u0173 \u012fmonei dirbti efektyviau, taupant j\u016bs\u0173 laik\u0105 ir pinigus. Mes galime Jums pasi\u016blyti:<\/p>\n<ul data-path-to-node=\"4\">\n<li>\n<p data-path-to-node=\"4,0,0\" data-rm-block-id=\"block-3\"><b data-path-to-node=\"4,0,0\" data-index-in-node=\"0\">Preki\u0173 pakavimo ir perpakavimo paslaug\u0105 <\/b>(c<i data-path-to-node=\"4,0,0\" data-index-in-node=\"27\">o-packing and packaging<\/i>) \u2013 paruo\u0161iame J\u016bs\u0173 prekes taip, kad jos atitikt\u0173 tiek klient\u0173 pageidavimus, tiek \u0161alies, kurioje bus pateiktos \u012f rink\u0105, reikalavimus.<\/p>\n<\/li>\n<li>\n<p data-path-to-node=\"4,1,0\" data-rm-block-id=\"block-4\"><b data-path-to-node=\"4,1,0\" data-index-in-node=\"0\">Pagrindini\u0173 duomen\u0173 valdymas<\/b> (<i data-path-to-node=\"4,1,0\" data-index-in-node=\"30\">Master-data maintenance<\/i>) \u2013 mes u\u017etikrinsime, kad visi su produktais susij\u0119 duomenys b\u016bt\u0173 teisingi, patikimi ir prieinami. Esant poreikiui, permatuosime, perskai\u010diuosime, pasversime ar pagal J\u016bs\u0173 poreikius i\u0161matuosime prekes.<\/p>\n<\/li>\n<li>\n<p data-path-to-node=\"4,2,0\" data-rm-block-id=\"block-5\"><b data-path-to-node=\"4,2,0\" data-index-in-node=\"0\">Kokyb\u0117s kontrol\u0117<\/b> (<i data-path-to-node=\"4,2,0\" data-index-in-node=\"18\">Quality Inspection<\/i>) \u2013 atliksime J\u016bs\u0173 preki\u0173 kokyb\u0117s ir atitikties patikr\u0105 pagal instrukcijas, siekiant u\u017etikrinti, kad J\u016bs\u0173 klientus pasieks tik kokybi\u0161kos ir tvarkingos prek\u0117s.<\/p>\n<\/li>\n<\/ul>\n<p data-rm-block-id=\"block-6\">[\/vc_column_text][\/vc_column][\/vc_row][vc_row][vc_column][vc_empty_space]\n\t\t\t\t<p class=\"rs-p-wp-fix\"><\/p>\n\t\t\t\t<sr7-module data-alias=\"labelling-value-added\" data-id=\"64\" id=\"SR7_64_1\" class=\"rs-ov-hidden\" data-version=\"6.7.34\">\n\t\t\t\t\t<sr7-adjuster><\/sr7-adjuster>\n\t\t\t\t\t<sr7-content>\n\t\t\t\t\t\t<sr7-slide id=\"SR7_64_1-105\" data-key=\"105\">\n\t\t\t\t\t\t<\/sr7-slide>\n\t\t\t\t\t\t<sr7-slide id=\"SR7_64_1-203\" data-key=\"203\">\n\t\t\t\t\t\t<\/sr7-slide>\n\t\t\t\t\t<\/sr7-content>\n\t\t\t\t\t<image_lists style=\"display:none\">\n\t\t\t\t\t\t<img decoding=async data-opt-id=1001330570  fetchpriority=\"high\" data-src=\"https:\/\/mlpeimtmgped.i.optimole.com\/w:auto\/h:auto\/q:mauto\/ig:avif\/https:\/\/via3l.eu\/wp-content\/uploads\/2023\/04\/Adobe_stock_via3l-scanner-scaled.jpg\" data-libid=\"10353\" data-lib=\"medialibrary\" alt=\"Adobe stock via3l scanner scaled\" title=\"Adobe stock via3l scanner scaled\" width=\"0\" height=\"0\" data-dbsrc=\"Ly92aWEzbC5ldS93cC1jb250ZW50L3VwbG9hZHMvMjAyMy8wNC9BZG9iZV9zdG9ja192aWEzbC1zY2FubmVyLXNjYWxlZC5qcGc=\"\/>\n\t\t\t\t\t\t<img decoding=async data-opt-id=1902240588  fetchpriority=\"high\" data-src=\"https:\/\/mlpeimtmgped.i.optimole.com\/w:auto\/h:auto\/q:mauto\/ig:avif\/https:\/\/via3l.eu\/wp-content\/uploads\/2019\/09\/IMG_8235.jpg\" data-libid=\"3835\" data-lib=\"medialibrary\" alt=\"labelling service\" title=\"labelling service\" width=\"0\" height=\"0\" data-dbsrc=\"Ly92aWEzbC5ldS93cC1jb250ZW50L3VwbG9hZHMvMjAxOS8wOS9JTUdfODIzNS5qcGc=\"\/>\n\t\t\t\t\t\t<img decoding=async data-opt-id=1559709787  fetchpriority=\"high\" data-src=\"https:\/\/mlpeimtmgped.i.optimole.com\/w:auto\/h:auto\/q:mauto\/ig:avif\/https:\/\/via3l.eu\/wp-content\/uploads\/2019\/09\/IMG_8247.jpg\" data-libid=\"4108\" data-lib=\"medialibrary\" alt=\"labels Labelling\" title=\"labels\" width=\"0\" height=\"0\" data-dbsrc=\"Ly92aWEzbC5ldS93cC1jb250ZW50L3VwbG9hZHMvMjAxOS8wOS9JTUdfODI0Ny5qcGc=\"\/>\n\t\t\t\t\t<\/image_lists>\n\t\t\t\t<\/sr7-module>\n\t\t\t\t<script>\n\t\t\t\t\tSR7.PMH ??={}; SR7.PMH[\"SR7_64_1\"] = {cn:100,state:false,fn: function() { if (_tpt!==undefined && _tpt.prepareModuleHeight !== undefined) {  _tpt.prepareModuleHeight({id:\"SR7_64_1\",el:[600,600,600,600,480],type:'standard',shdw:'0',gh:[600,600,600,600,480],gw:[1240,1240,1240,1240,480],vpt:['-200px&#039;,&#039;-200px&#039;,&#039;-200px&#039;,&#039;-200px&#039;,&#039;-200px'],size:{fullWidth:false, fullHeight:false},mh:'0',onh:0,onw:0,bg:{color:'{\"orig\":\"transparent\",\"type\":\"solid\",\"string\":\"transparent\"}'},plType:'0',plColor:'#FFFFFF'});   SR7.PMH[\"SR7_64_1\"].state=true;} else if(SR7.PMH[\"SR7_64_1\"].cn-->0)\tsetTimeout( SR7.PMH[\"SR7_64_1\"].fn,19);}};SR7.PMH[\"SR7_64_1\" ].fn();\n\t\t\t\t<\/script>\n[vc_empty_space][\/vc_column][\/vc_row][vc_row][vc_column][vc_custom_heading text=&#8221;MUMIS PASITIKI&#8221; font_container=&#8221;tag:h2|text_align:center&#8221; use_theme_fonts=&#8221;yes&#8221;]\n\t\t\t\t<p class=\"rs-p-wp-fix\"><\/p>\n\t\t\t\t<sr7-module data-alias=\"customer-references-lt\" data-id=\"29\" id=\"SR7_29_2\" class=\"rs-ov-hidden\" data-version=\"6.7.34\">\n\t\t\t\t\t<sr7-adjuster><\/sr7-adjuster>\n\t\t\t\t\t<sr7-content>\n\t\t\t\t\t\t<sr7-carousel>\n\t\t\t\t\t\t<sr7-slide id=\"SR7_29_2-54\" data-key=\"54\">\n\t\t\t\t\t\t<\/sr7-slide>\n\t\t\t\t\t\t<sr7-slide id=\"SR7_29_2-85\" data-key=\"85\">\n\t\t\t\t\t\t<\/sr7-slide>\n\t\t\t\t\t\t<sr7-slide id=\"SR7_29_2-166\" data-key=\"166\">\n\t\t\t\t\t\t<\/sr7-slide>\n\t\t\t\t\t\t<\/sr7-carousel>\n\t\t\t\t\t<\/sr7-content>\n\t\t\t\t\t<image_lists style=\"display:none\">\n\t\t\t\t\t\t<img decoding=async data-opt-id=194166382  fetchpriority=\"high\" data-src=\"https:\/\/mlpeimtmgped.i.optimole.com\/w:auto\/h:auto\/q:mauto\/ig:avif\/https:\/\/via3l.eu\/wp-content\/uploads\/2019\/11\/jungent_logo_150-1.png\" data-libid=\"4685\" alt=\"jungent_logo via 3l\" title=\"jungent_logo_150\" width=\"0\" height=\"0\" data-dbsrc=\"Ly92aWEzbC5ldS93cC1jb250ZW50L3VwbG9hZHMvMjAxOS8xMS9qdW5nZW50X2xvZ29fMTUwLTEucG5n\"\/>\n\t\t\t\t\t\t<img decoding=async data-opt-id=1063441556  fetchpriority=\"high\" data-src=\"https:\/\/mlpeimtmgped.i.optimole.com\/w:auto\/h:auto\/q:mauto\/ig:avif\/https:\/\/via3l.eu\/wp-content\/uploads\/2020\/12\/Blue_LIT_prike_logo2.jpg\" data-libid=\"7039\" data-lib=\"medialibrary\" alt=\"Blue LIT prike logo2\" title=\"Blue LIT prike logo2\" width=\"0\" height=\"0\" data-dbsrc=\"Ly92aWEzbC5ldS93cC1jb250ZW50L3VwbG9hZHMvMjAyMC8xMi9CbHVlX0xJVF9wcmlrZV9sb2dvMi5qcGc=\"\/>\n\t\t\t\t\t\t<img decoding=async data-opt-id=407105231  fetchpriority=\"high\" data-src=\"https:\/\/mlpeimtmgped.i.optimole.com\/w:auto\/h:auto\/q:mauto\/ig:avif\/https:\/\/via3l.eu\/wp-content\/uploads\/2020\/03\/Liviko.png\" data-libid=\"5456\" alt=\"liviko_logo\" title=\"Liviko\" width=\"0\" height=\"0\" data-dbsrc=\"Ly92aWEzbC5ldS93cC1jb250ZW50L3VwbG9hZHMvMjAyMC8wMy9MaXZpa28ucG5n\"\/>\n\t\t\t\t\t\t<img decoding=async data-opt-id=150950832  fetchpriority=\"high\" data-src=\"https:\/\/mlpeimtmgped.i.optimole.com\/w:auto\/h:auto\/q:mauto\/ig:avif\/https:\/\/via3l.eu\/wp-content\/uploads\/2020\/03\/roshen_logo.png\" data-libid=\"5448\" alt=\"Roshen_logo\" title=\"roshen_logo\" width=\"0\" height=\"0\" data-dbsrc=\"Ly92aWEzbC5ldS93cC1jb250ZW50L3VwbG9hZHMvMjAyMC8wMy9yb3NoZW5fbG9nby5wbmc=\"\/>\n\t\t\t\t\t\t<img decoding=async data-opt-id=1897020052  fetchpriority=\"high\" data-src=\"https:\/\/mlpeimtmgped.i.optimole.com\/w:auto\/h:auto\/q:mauto\/ig:avif\/https:\/\/via3l.eu\/wp-content\/uploads\/2020\/03\/danbalt_logo.png\" data-libid=\"5452\" alt=\"danbalt_logo\" title=\"danbalt_logo\" width=\"0\" height=\"0\" data-dbsrc=\"Ly92aWEzbC5ldS93cC1jb250ZW50L3VwbG9hZHMvMjAyMC8wMy9kYW5iYWx0X2xvZ28ucG5n\"\/>\n\t\t\t\t\t\t<img decoding=async data-opt-id=1370926575  fetchpriority=\"high\" data-src=\"https:\/\/mlpeimtmgped.i.optimole.com\/w:auto\/h:auto\/q:mauto\/ig:avif\/https:\/\/via3l.eu\/wp-content\/uploads\/2019\/11\/pernod_ricard-e1573721799965.png\" data-libid=\"4623\" alt=\"pernod_ricard_logo via 3l\" title=\"pernod_ricard\" width=\"0\" height=\"0\" data-dbsrc=\"Ly92aWEzbC5ldS93cC1jb250ZW50L3VwbG9hZHMvMjAxOS8xMS9wZXJub2RfcmljYXJkLWUxNTczNzIxNzk5OTY1LnBuZw==\"\/>\n\t\t\t\t\t\t<img decoding=async data-opt-id=593072458  fetchpriority=\"high\" data-src=\"https:\/\/mlpeimtmgped.i.optimole.com\/w:150\/h:150\/q:mauto\/rt:fill\/g:ce\/ig:avif\/https:\/\/via3l.eu\/wp-content\/uploads\/2021\/11\/Shell_pecten_logo.png\" data-libid=\"8646\" data-lib=\"medialibrary\" alt=\"Shell pecten logo via 3l\" title=\"Shell pecten logo\" width=\"0\" height=\"0\" data-dbsrc=\"Ly92aWEzbC5ldS93cC1jb250ZW50L3VwbG9hZHMvMjAyMS8xMS9TaGVsbF9wZWN0ZW5fbG9nby0xNTB4MTUwLnBuZw==\"\/>\n\t\t\t\t\t\t<img decoding=async data-opt-id=471573862  data-opt-src=\"https:\/\/mlpeimtmgped.i.optimole.com\/w:auto\/h:auto\/q:mauto\/ig:avif\/https:\/\/via3l.eu\/wp-content\/uploads\/2021\/11\/coca-cola-circle-logo.png\"  data-src=\"https:\/\/mlpeimtmgped.i.optimole.com\/w:auto\/h:auto\/q:mauto\/ig:avif\/https:\/\/via3l.eu\/wp-content\/uploads\/2021\/11\/coca-cola-circle-logo.png\" data-libid=\"8650\" data-lib=\"medialibrary\" alt=\"coca cola circle logo\" title=\"coca cola circle logo\" width=\"0\" height=\"0\" data-dbsrc=\"Ly92aWEzbC5ldS93cC1jb250ZW50L3VwbG9hZHMvMjAyMS8xMS9jb2NhLWNvbGEtY2lyY2xlLWxvZ28ucG5n\"\/>\n\t\t\t\t\t\t<img decoding=async data-opt-id=171987935  data-opt-src=\"https:\/\/mlpeimtmgped.i.optimole.com\/w:auto\/h:auto\/q:mauto\/ig:avif\/https:\/\/via3l.eu\/wp-content\/uploads\/2021\/11\/Henkel_Freixenet_Logo.png\"  data-src=\"https:\/\/mlpeimtmgped.i.optimole.com\/w:auto\/h:auto\/q:mauto\/ig:avif\/https:\/\/via3l.eu\/wp-content\/uploads\/2021\/11\/Henkel_Freixenet_Logo.png\" data-libid=\"8654\" data-lib=\"medialibrary\" alt=\"Henkel Freixenet Logo via 3l\" title=\"Henkel Freixenet Logo\" width=\"0\" height=\"0\" data-dbsrc=\"Ly92aWEzbC5ldS93cC1jb250ZW50L3VwbG9hZHMvMjAyMS8xMS9IZW5rZWxfRnJlaXhlbmV0X0xvZ28ucG5n\"\/>\n\t\t\t\t\t\t<img decoding=async data-opt-id=1898983964  data-opt-src=\"https:\/\/mlpeimtmgped.i.optimole.com\/w:auto\/h:auto\/q:mauto\/ig:avif\/https:\/\/via3l.eu\/wp-content\/uploads\/2021\/11\/biovela_logo.png\"  data-src=\"https:\/\/mlpeimtmgped.i.optimole.com\/w:auto\/h:auto\/q:mauto\/ig:avif\/https:\/\/via3l.eu\/wp-content\/uploads\/2021\/11\/biovela_logo.png\" data-libid=\"8664\" data-lib=\"medialibrary\" alt=\"biovela logo\" title=\"biovela logo\" width=\"0\" height=\"0\" data-dbsrc=\"Ly92aWEzbC5ldS93cC1jb250ZW50L3VwbG9hZHMvMjAyMS8xMS9iaW92ZWxhX2xvZ28ucG5n\"\/>\n\t\t\t\t\t\t<img decoding=async data-opt-id=1380539208  data-opt-src=\"https:\/\/mlpeimtmgped.i.optimole.com\/w:auto\/h:auto\/q:mauto\/ig:avif\/https:\/\/via3l.eu\/wp-content\/uploads\/2021\/11\/KG_grupp_logo-light.png\"  data-src=\"https:\/\/mlpeimtmgped.i.optimole.com\/w:auto\/h:auto\/q:mauto\/ig:avif\/https:\/\/via3l.eu\/wp-content\/uploads\/2021\/11\/KG_grupp_logo-light.png\" data-libid=\"8660\" data-lib=\"medialibrary\" alt=\"KG grupp logo light\" title=\"KG grupp logo light\" width=\"0\" height=\"0\" data-dbsrc=\"Ly92aWEzbC5ldS93cC1jb250ZW50L3VwbG9hZHMvMjAyMS8xMS9LR19ncnVwcF9sb2dvLWxpZ2h0LnBuZw==\"\/>\n\t\t\t\t\t\t<img decoding=async data-opt-id=763810284  data-opt-src=\"https:\/\/mlpeimtmgped.i.optimole.com\/w:auto\/h:auto\/q:mauto\/ig:avif\/https:\/\/via3l.eu\/wp-content\/uploads\/2026\/01\/morek-20y.svg\"  class=\"optimole-lazy-only \"  data-src=\"https:\/\/mlpeimtmgped.i.optimole.com\/w:auto\/h:auto\/q:mauto\/ig:avif\/https:\/\/via3l.eu\/wp-content\/uploads\/2026\/01\/morek-20y.svg\" data-libid=\"17788\" data-lib=\"medialibrary\" alt=\"morek logo\" title=\"morek logo\" width=\"0\" height=\"0\" data-dbsrc=\"Ly92aWEzbC5ldS93cC1jb250ZW50L3VwbG9hZHMvMjAyNi8wMS9tb3Jlay0yMHkuc3Zn\"\/>\n\t\t\t\t\t<\/image_lists>\n\t\t\t\t<\/sr7-module>\n\t\t\t\t<script>\n\t\t\t\t\tSR7.PMH ??={}; SR7.PMH[\"SR7_29_2\"] = {cn:100,state:false,fn: function() { if (_tpt!==undefined && _tpt.prepareModuleHeight !== undefined) {  _tpt.prepareModuleHeight({id:\"SR7_29_2\",el:[200,200,160,130,80],type:'carousel',shdw:'0',gh:[200,200,160,130,80],gw:[1240,1240,1024,778,480],vpt:['-200px&#039;,&#039;-200px&#039;,&#039;-200px&#039;,&#039;-200px&#039;,&#039;-200px'],size:{fullWidth:false, fullHeight:false},mh:'0',onh:0,onw:0,bg:{color:'{\"orig\":\"transparent\",\"type\":\"solid\",\"string\":\"transparent\"}'},carousel:{pt:'0',pb:'0'},plType:'0',plColor:'#FFFFFF'});   SR7.PMH[\"SR7_29_2\"].state=true;} else if(SR7.PMH[\"SR7_29_2\"].cn-->0)\tsetTimeout( SR7.PMH[\"SR7_29_2\"].fn,19);}};SR7.PMH[\"SR7_29_2\" ].fn();\n\t\t\t\t<\/script>\n[\/vc_column][\/vc_row]<\/p>\n<\/div>","protected":false},"excerpt":{"rendered":"<p>[vc_row][vc_column][vc_column_text] [\/vc_column_text][\/vc_column][\/vc_row][vc_row equal_height=&#8221;yes&#8221; content_placement=&#8221;middle&#8221;][vc_column width=&#8221;2\/3&#8243;][vc_custom_heading text=&#8221;Preki\u0173 \u017eenklinimas ir prid\u0117tin\u0117s vert\u0117s paslaugos&#8221; font_container=&#8221;tag:h1|text_align:left&#8221; use_theme_fonts=&#8221;yes&#8221; css=&#8221;&#8221;][\/vc_column][vc_column width=&#8221;1\/3&#8243;][vc_btn title=&#8221;U\u017eklausa d\u0117l paslaug\u0173&#8221; shape=&#8221;square&#8221; color=&#8221;green&#8221; size=&#8221;lg&#8221; i_icon_fontawesome=&#8221;stm-arrow-next&#8221; add_icon=&#8221;true&#8221; link=&#8221;url:https%3A%2F%2Fvia3l.eu%2Flt%2Fuzklausa-del-kainos%2F|title:U%C5%BEklausa%20d%C4%97l%20kainos|&#8221;][\/vc_column][\/vc_row][vc_row css=&#8221;.vc_custom_1575466977698{background-position: center !important;background-repeat: no-repeat !important;background-size: cover !important;}&#8221;][vc_column][vc_custom_heading text=&#8221;\u017denklinimo paslaugos&#8221;&#8230;<\/p>\n","protected":false},"author":2,"featured_media":17811,"parent":0,"menu_order":5,"comment_status":"closed","ping_status":"closed","template":"","meta":{"footnotes":""},"class_list":["post-17805","page","type-page","status-publish","has-post-thumbnail","hentry"],"_links":{"self":[{"href":"https:\/\/via3l.eu\/lt\/wp-json\/wp\/v2\/pages\/17805","targetHints":{"allow":["GET"]}}],"collection":[{"href":"https:\/\/via3l.eu\/lt\/wp-json\/wp\/v2\/pages"}],"about":[{"href":"https:\/\/via3l.eu\/lt\/wp-json\/wp\/v2\/types\/page"}],"author":[{"embeddable":true,"href":"https:\/\/via3l.eu\/lt\/wp-json\/wp\/v2\/users\/2"}],"replies":[{"embeddable":true,"href":"https:\/\/via3l.eu\/lt\/wp-json\/wp\/v2\/comments?post=17805"}],"version-history":[{"count":0,"href":"https:\/\/via3l.eu\/lt\/wp-json\/wp\/v2\/pages\/17805\/revisions"}],"wp:featuredmedia":[{"embeddable":true,"href":"https:\/\/via3l.eu\/lt\/wp-json\/wp\/v2\/media\/17811"}],"wp:attachment":[{"href":"https:\/\/via3l.eu\/lt\/wp-json\/wp\/v2\/media?parent=17805"}],"curies":[{"name":"wp","href":"https:\/\/api.w.org\/{rel}","templated":true}]}}