{"id":4165,"date":"2019-09-30T11:39:15","date_gmt":"2019-09-30T09:39:15","guid":{"rendered":"https:\/\/via3l.eu\/uzklausa-del-kainos\/"},"modified":"2023-12-18T12:52:37","modified_gmt":"2023-12-18T10:52:37","slug":"uzklausa-del-paslaugu-ir-kainos","status":"publish","type":"page","link":"https:\/\/via3l.eu\/lt\/uzklausa-del-paslaugu-ir-kainos\/","title":{"rendered":"U\u017eklausa d\u0117l paslaug\u0173"},"content":{"rendered":"<div class=\"wpb-content-wrapper\"><p>[vc_row][vc_column][vc_custom_heading text=&#8221;U\u017dKLAUSA D\u0116L LOGISTIKOS PASLAUG\u0172 IR KAINOS&#8221; font_container=&#8221;tag:h1|text_align:left&#8221; use_theme_fonts=&#8221;yes&#8221;][vc_empty_space height=&#8221;15px&#8221;][\/vc_column][\/vc_row][vc_row][vc_column][vc_raw_html]JTNDc2NyaXB0JTIwdHlwZSUzRCUyMnRleHQlMkZqYXZhc2NyaXB0JTIyJTIwc3JjJTNEJTIyaHR0cHMlM0ElMkYlMkZmb3JtLmpvdGZvcm0uY29tJTJGanNmb3JtJTJGMjAwMzczOTc3MTI3MzU4JTIyJTNFJTNDJTJGc2NyaXB0JTNF[\/vc_raw_html][\/vc_column][\/vc_row][vc_row][vc_column][vc_empty_space][vc_column_text]\u201e<a href=\"https:\/\/www.linkedin.com\/company\/37786900\/admin\/feed\/posts\/\" target=\"_blank\" rel=\"noopener noreferrer nofollow\">Via 3L<\/a>\u201c <a href=\"https:\/\/via3l.eu\/lt\/3pl-logistikos-paslaugos\/\" target=\"_blank\" rel=\"noopener\">logistikos paslaug\u0173<\/a> srityje veikl\u0105 vykdo daugiau nei 20 met\u0173. M\u016bs\u0173 pagrindin\u0117 veikla yra 3PL sand\u0117liavimo ir u\u017esakym\u0173 vykdymo paslaug\u0173 pardavimas, <a href=\"https:\/\/via3l.eu\/lt\/pristatymo-paslaugos-transportavimo-sprendimai\/\" target=\"_blank\" rel=\"noopener\">transportavimas, pristatymas ir Cross-dock<\/a>, <a href=\"https:\/\/via3l.eu\/lt\/3pl-logistikos-paslaugos\/akcizinio-sandelio-paslaugos-sandeliavimas\/\" target=\"_blank\" rel=\"noopener\">akcizini\u0173 ir muitini\u0173 preki\u0173 sand\u0117liavimas<\/a>, \u017eenklinimas ir <a href=\"https:\/\/via3l.eu\/lt\/3pl-logistikos-paslaugos\/sistemu-informacijos-mainai\/\" target=\"_blank\" rel=\"noopener\">prid\u0117tin\u0119 vert\u0119 kurian\u010dios paslaugos<\/a> verslo klientams. Jei norite gauti 3PL logistikos paslaug\u0173 kain\u0173 pasi\u016blym\u0105, u\u017epildykite auk\u0161\u010diau esan\u010di\u0105 form\u0105. M\u016bs\u0173 pardavim\u0173 skyriaus kolegos atsakys \u012f J\u016bs\u0173 si\u0173st\u0105 u\u017eklaus\u0105 d\u0117l m\u016bs\u0173 teikiam\u0173 paslaug\u0173.<\/p>\n<p>M\u016bs\u0173 pagrindinis tikslas yra u\u017etikrinti s\u0117km\u0119 m\u016bs\u0173 klientams.<\/p>\n<p>&nbsp;<\/p>\n<p>&nbsp;<\/p>\n<p>[\/vc_column_text][vc_row_inner][vc_column_inner][\/vc_column_inner][\/vc_row_inner][\/vc_column][\/vc_row][vc_row][vc_column][vc_single_image image=&#8221;10530&#8243; img_size=&#8221;medium&#8221; alignment=&#8221;center&#8221;][\/vc_column][\/vc_row]<\/p>\n<\/div>","protected":false},"excerpt":{"rendered":"<p>[vc_row][vc_column][vc_custom_heading text=&#8221;U\u017dKLAUSA D\u0116L LOGISTIKOS PASLAUG\u0172 IR KAINOS&#8221; font_container=&#8221;tag:h1|text_align:left&#8221; use_theme_fonts=&#8221;yes&#8221;][vc_empty_space height=&#8221;15px&#8221;][\/vc_column][\/vc_row][vc_row][vc_column][vc_raw_html]JTNDc2NyaXB0JTIwdHlwZSUzRCUyMnRleHQlMkZqYXZhc2NyaXB0JTIyJTIwc3JjJTNEJTIyaHR0cHMlM0ElMkYlMkZmb3JtLmpvdGZvcm0uY29tJTJGanNmb3JtJTJGMjAwMzczOTc3MTI3MzU4JTIyJTNFJTNDJTJGc2NyaXB0JTNF[\/vc_raw_html][\/vc_column][\/vc_row][vc_row][vc_column][vc_empty_space][vc_column_text]\u201eVia 3L\u201c logistikos paslaug\u0173 srityje veikl\u0105 vykdo daugiau nei 20 met\u0173. M\u016bs\u0173 pagrindin\u0117 veikla yra 3PL sand\u0117liavimo ir u\u017esakym\u0173 vykdymo paslaug\u0173 pardavimas, transportavimas, pristatymas&#8230;<\/p>\n","protected":false},"author":2,"featured_media":0,"parent":0,"menu_order":20,"comment_status":"closed","ping_status":"closed","template":"","meta":{"footnotes":""},"class_list":["post-4165","page","type-page","status-publish","hentry"],"_links":{"self":[{"href":"https:\/\/via3l.eu\/lt\/wp-json\/wp\/v2\/pages\/4165","targetHints":{"allow":["GET"]}}],"collection":[{"href":"https:\/\/via3l.eu\/lt\/wp-json\/wp\/v2\/pages"}],"about":[{"href":"https:\/\/via3l.eu\/lt\/wp-json\/wp\/v2\/types\/page"}],"author":[{"embeddable":true,"href":"https:\/\/via3l.eu\/lt\/wp-json\/wp\/v2\/users\/2"}],"replies":[{"embeddable":true,"href":"https:\/\/via3l.eu\/lt\/wp-json\/wp\/v2\/comments?post=4165"}],"version-history":[{"count":0,"href":"https:\/\/via3l.eu\/lt\/wp-json\/wp\/v2\/pages\/4165\/revisions"}],"wp:attachment":[{"href":"https:\/\/via3l.eu\/lt\/wp-json\/wp\/v2\/media?parent=4165"}],"curies":[{"name":"wp","href":"https:\/\/api.w.org\/{rel}","templated":true}]}}