{"id":5153,"date":"2020-02-07T16:25:27","date_gmt":"2020-02-07T14:25:27","guid":{"rendered":"https:\/\/via3l.eu\/?page_id=5153"},"modified":"2026-01-16T10:49:41","modified_gmt":"2026-01-16T08:49:41","slug":"3pl-logistikos-paslaugos","status":"publish","type":"page","link":"https:\/\/via3l.eu\/lt\/3pl-logistikos-paslaugos\/","title":{"rendered":"3PL Logistikos paslaugos"},"content":{"rendered":"<div class=\"wpb-content-wrapper\"><p>[vc_row equal_height=&#8221;yes&#8221; content_placement=&#8221;middle&#8221;][vc_column width=&#8221;2\/3&#8243;][vc_custom_heading text=&#8221;3PL LOGISTIKOS PASLAUGOS&#8221; font_container=&#8221;tag:h1|text_align:center&#8221; use_theme_fonts=&#8221;yes&#8221;][\/vc_column][vc_column width=&#8221;1\/3&#8243; offset=&#8221;vc_hidden-xs&#8221;][vc_btn title=&#8221;U\u017eklausa d\u0117l paslaug\u0173&#8221; shape=&#8221;square&#8221; color=&#8221;green&#8221; size=&#8221;lg&#8221; i_icon_fontawesome=&#8221;stm-arrow-next&#8221; add_icon=&#8221;true&#8221; link=&#8221;url:https%3A%2F%2Fvia3l.eu%2Flt%2Fuzklausa-del-kainos%2F|title:U%C5%BEklausa%20d%C4%97l%20kainos|&#8221;][\/vc_column][\/vc_row][vc_row][vc_column][vc_empty_space][vc_column_text]<\/p>\n<p style=\"text-align: justify;\"><a href=\"https:\/\/ee.linkedin.com\/company\/via3l\" target=\"_blank\" rel=\"noopener noreferrer nofollow\">Via 3L<\/a> logistikos paslaug\u0173 srityje specializuojasi beveik 20 met\u0173. M\u016bs\u0173 pagrindin\u0117 veikla &#8211;\u00a0 kontraktin\u0117s logistikos paslaugos, preki\u0173 sand\u0117liavimo, perve\u017eimo ir tiekimo grandin\u0117s sprendim\u0173 paslaugos verslo klientams. Via 3L LT gali pasi\u016blyti plat\u0173 sand\u0117liavimo paslaug\u0173 spektr\u0105 atsi\u017evelgiant \u012f kliento poreikius. \u0160iai dienai esame \u012fk\u016br\u0119 tris logistikos centrus Lietuvoje. Moderniuose sand\u0117liuose Vilniuje ir Kaune pagal poreik\u012f galime teikti 3PL paslaug\u0105 \u012fvairioms pramon\u0117s \u0161akoms: pramonin\u0117s prek\u0117s, maisto produktai, akcizin\u0117s prek\u0117s, statybin\u0117s prek\u0117s, tepalai, \u0161aldytos prek\u0117s ir pan. Gebame prisitaikyti prie kliento poreki\u0173 ir pasi\u016blyti individualius sprendimus tiekimo grandinei. U\u017etikriname pristatymo kokyb\u0119, preki\u0173 saug\u0105 sand\u0117liavimo metu, preki\u0173 atsekamum\u0105, liku\u010di\u0173 kontrol\u0119. EAN skaitytuvo technologija kartu su specialiai sukurta AX WMS sistema leid\u017eia greitai ir tiksliai atlikti gaunamas ir i\u0161einan\u010dias operacijas. Visos fizin\u0117s operacijos yra atsekamos naudojant vidin\u012f vaizdo steb\u0117jim\u0105.<\/p>\n<p style=\"text-align: justify;\">\u00a0 \u00a03PL logistikos privalumas verslo klientams yra i\u0161laid\u0173 sutaupymas, ypa\u010d pa\u0161alinus poreik\u012f kurti ir pri\u017ei\u016br\u0117ti brangiai kainuojan\u010di\u0105 logistikos infrastrukt\u016br\u0105. M\u016bs\u0173 klientai gali i\u0161vengti i\u0161laid\u0173 gabenimo \u012frangai, sunkve\u017eimiams, pakavimo med\u017eiagoms ir kt., taip pat personalui, atliekan\u010diam darbus. Perduodant savo logistikos darbus mums, \u012fmon\u0117s gali vis\u0105 d\u0117mes\u012f skirti pagrindinei savo veiklai. M\u016bs\u0173 pagrindinis tikslas yra u\u017etikrinti s\u0117km\u0119 m\u016bs\u0173 klientams.<\/p>\n<p>[\/vc_column_text][vc_empty_space][\/vc_column][\/vc_row][vc_row][vc_column][vc_column_text css=&#8221;&#8221;]<\/p>\n<p style=\"text-align: justify;\"><span style=\"font-weight: 400;\">&nbsp; &nbsp;Via 3L jau daugiau nei du de\u0161imtme\u010dius aptarnauja pirmaujan\u010dius tarptautinius \u012fvairi\u0173 pramon\u0117s \u0161ak\u0173 gamintojus. Daugelis Baltijos \u0161ali\u0173 maisto ir plataus vartojimo preki\u0173 gamintoj\u0173, didmenin\u0117s prekybos \u012fmoni\u0173 ir ma\u017emeninink\u0173 savo logistikos paslaugas patik\u0117jo \u012f m\u016bs\u0173 rankas. Kartu su savo darbuotojais ir ilgalaikiais klientais i\u0161augome iki pirmaujan\u010di\u0173 \u017eaid\u0117j\u0173, nuolat tobulinan\u010di\u0173 procesus. Tikslingos investicijos \u012f technologijas, \u012frenginius ir m\u016bs\u0173 \u017emones sukuria tvirt\u0105 pagrind\u0105 pasi\u016blyti visapusi\u0161kus logistikos sprendimus.<\/span><\/p>\n<p style=\"text-align: justify;\"><span style=\"color: #8dc63f;\">SAND\u0116LIAVIMAS IR U\u017dSAKYM\u0172 VYKDYMAS, <a href=\"https:\/\/via3l.eu\/lt\/pristatymo-paslaugos-transportavimo-sprendimai\/\" target=\"_blank\" rel=\"noopener\">DISTRIBUCIJA IR CROSS-DOCK PASLAUGA<\/a>, <a href=\"https:\/\/via3l.eu\/lt\/3pl-logistikos-paslaugos\/akcizinio-sandelio-paslaugos-sandeliavimas\/\" target=\"_blank\" rel=\"noopener\">AKCIZ\u0172 APSKAITOS IR MUITIN\u0116S SAND\u0116LIO PASLAUGOS<\/a>, <a href=\"https:\/\/via3l.eu\/lt\/prekiu-zenklinimas-via3l\/\">\u017dENKLINIMAS IR KITOS PAPILDOM\u0104 VERT\u0118 KURIAN\u010cIOS PASLAUGOS<\/a>, ATSARG\u0172 VALDYMAS, <a href=\"https:\/\/via3l.eu\/lt\/3pl-logistikos-paslaugos\/sistemu-informacijos-mainai\/\">SISTEM\u0172 INTEGRACIJA IR DUOMEN\u0172 MAINAI.<\/a><\/span><\/p>\n<p style=\"text-align: justify;\">Mes esame tam, kad J\u016bs\u0173 prek\u0117s gav\u0117jams b\u016bt\u0173 pristatytos tinkamu kiekiu ir reikiamu laiku!<\/p>\n<p style=\"text-align: justify;\">J\u016bs\u0173 tiekimo grandin\u0117s sprendimai gali b\u016bti paremti m\u016bs\u0173 verslo valdymo sistemoje esan\u010diomis analiz\u0117mis, o preki\u0173 jud\u0117jimo dokumentacija gali b\u016bti perduodama skaitmeniniu b\u016bdu per duomen\u0173 main\u0173 integracij\u0105.<\/p>\n<p>[\/vc_column_text][\/vc_column][\/vc_row][vc_row][vc_column][\/vc_column][\/vc_row][vc_row][vc_column][\/vc_column][\/vc_row][vc_row][vc_column][vc_custom_heading text=&#8221;VIA 3L LT TEIKIAMOS LOGISTIKOS PASLAUGOS&#8221; font_container=&#8221;tag:h3|text_align:center&#8221; use_theme_fonts=&#8221;yes&#8221;][\/vc_column][\/vc_row][vc_row][vc_column][\/vc_column][\/vc_row][vc_row][vc_column][\/vc_column][\/vc_row][vc_row equal_height=&#8221;yes&#8221;][vc_column width=&#8221;1\/3&#8243;][vc_custom_heading text=&#8221;AKCIZINIO SAND\u0116LIO PASLAUGOS (VILNIUS)&#8221; font_container=&#8221;tag:h2|font_size:25|text_align:center&#8221; use_theme_fonts=&#8221;yes&#8221; link=&#8221;url:https%3A%2F%2Fvia3l.eu%2Flt%2Flogistikos-paslaugos%2Fakcizinio-sandelio-paslaugos-sandeliavimas%2F|title:Warehouse%20services|target:_blank&#8221;][\/vc_column][vc_column width=&#8221;1\/3&#8243;][vc_custom_heading text=&#8221;TERMINI\u0172 SAND\u0116LI\u0172 LOGISTIKOS PASLAUGOS (VILNIUS)&#8221; font_container=&#8221;tag:h2|font_size:25|text_align:center&#8221; use_theme_fonts=&#8221;yes&#8221; link=&#8221;url:https%3A%2F%2Fvia3l.eu%2Flt%2Flogistikos-paslaugos%2Fivairiu-temperaturiniu-rezimu-paslaugos%2F|title:Special%20temperature%20services|target:_blank&#8221;][\/vc_column][vc_column width=&#8221;1\/3&#8243;][vc_custom_heading text=&#8221;NE MAISTO PRODUKT\u0172 SAND\u0116LIO PASLAUGOS (KAUNAS)&#8221; font_container=&#8221;tag:h2|font_size:21|text_align:center&#8221; use_theme_fonts=&#8221;yes&#8221; link=&#8221;url:https%3A%2F%2Fvia3l.eu%2Flt%2Fkaunas-ne-maisto-produktu-sandelio-paslaugos%2F|title:Customs%20services|target:_blank&#8221;][\/vc_column][\/vc_row][vc_row equal_height=&#8221;yes&#8221;][vc_column width=&#8221;1\/3&#8243;][vc_single_image image=&#8221;4095&#8243; img_size=&#8221;large&#8221; css=&#8221;.vc_custom_1575457495774{background-position: center !important;background-repeat: no-repeat !important;background-size: cover !important;}&#8221;][\/vc_column][vc_column width=&#8221;1\/3&#8243;][vc_single_image image=&#8221;5306&#8243; img_size=&#8221;large&#8221; css=&#8221;.vc_custom_1582016239422{background-position: center !important;background-repeat: no-repeat !important;background-size: cover !important;}&#8221;][\/vc_column][vc_column width=&#8221;1\/3&#8243;][vc_single_image image=&#8221;5294&#8243; img_size=&#8221;large&#8221; css=&#8221;.vc_custom_1582016358191{background-position: center !important;background-repeat: no-repeat !important;background-size: cover !important;}&#8221;][\/vc_column][\/vc_row][vc_row][vc_column width=&#8221;1\/2&#8243;][vc_custom_heading text=&#8221;TRANSPORTAVIMO PASLAUGOS&#8221; font_container=&#8221;tag:h2|font_size:25|text_align:center&#8221; use_theme_fonts=&#8221;yes&#8221; css=&#8221;&#8221; link=&#8221;url:https%3A%2F%2Fvia3l.eu%2Flt%2Ftransportavimo-paslaugos%2F|title:Transportation%20services|target:_blank&#8221;][vc_single_image image=&#8221;13037&#8243; img_size=&#8221;600&#215;300&#8243; css=&#8221;.vc_custom_1704967109653{background-position: center !important;background-repeat: no-repeat !important;background-size: cover !important;}&#8221;][\/vc_column][vc_column width=&#8221;1\/2&#8243;][vc_custom_heading text=&#8221;TARPTAUTINI\u0172 PERVE\u017dIM\u0172 PASLAUGOS&#8221; font_container=&#8221;tag:h2|font_size:25|text_align:center&#8221; use_theme_fonts=&#8221;yes&#8221; link=&#8221;url:https%3A%2F%2Fvia3l.eu%2Fen%2Finternational-transportation-services%2F|title:Additional%20services|target:_blank&#8221;][vc_single_image image=&#8221;13047&#8243; img_size=&#8221;600&#215;300&#8243; css=&#8221;.vc_custom_1704970483120{background-position: center !important;background-repeat: no-repeat !important;background-size: cover !important;}&#8221;][\/vc_column][\/vc_row]<\/p>\n<\/div>","protected":false},"excerpt":{"rendered":"<p>[vc_row equal_height=&#8221;yes&#8221; content_placement=&#8221;middle&#8221;][vc_column width=&#8221;2\/3&#8243;][vc_custom_heading text=&#8221;3PL LOGISTIKOS PASLAUGOS&#8221; font_container=&#8221;tag:h1|text_align:center&#8221; use_theme_fonts=&#8221;yes&#8221;][\/vc_column][vc_column width=&#8221;1\/3&#8243; offset=&#8221;vc_hidden-xs&#8221;][vc_btn title=&#8221;U\u017eklausa d\u0117l paslaug\u0173&#8221; shape=&#8221;square&#8221; color=&#8221;green&#8221; size=&#8221;lg&#8221; i_icon_fontawesome=&#8221;stm-arrow-next&#8221; add_icon=&#8221;true&#8221; link=&#8221;url:https%3A%2F%2Fvia3l.eu%2Flt%2Fuzklausa-del-kainos%2F|title:U%C5%BEklausa%20d%C4%97l%20kainos|&#8221;][\/vc_column][\/vc_row][vc_row][vc_column][vc_empty_space][vc_column_text] Via 3L logistikos paslaug\u0173 srityje specializuojasi beveik 20 met\u0173. M\u016bs\u0173 pagrindin\u0117 veikla &#8211;\u00a0&#8230;<\/p>\n","protected":false},"author":2,"featured_media":17796,"parent":0,"menu_order":0,"comment_status":"closed","ping_status":"closed","template":"","meta":{"footnotes":""},"class_list":["post-5153","page","type-page","status-publish","has-post-thumbnail","hentry"],"_links":{"self":[{"href":"https:\/\/via3l.eu\/lt\/wp-json\/wp\/v2\/pages\/5153","targetHints":{"allow":["GET"]}}],"collection":[{"href":"https:\/\/via3l.eu\/lt\/wp-json\/wp\/v2\/pages"}],"about":[{"href":"https:\/\/via3l.eu\/lt\/wp-json\/wp\/v2\/types\/page"}],"author":[{"embeddable":true,"href":"https:\/\/via3l.eu\/lt\/wp-json\/wp\/v2\/users\/2"}],"replies":[{"embeddable":true,"href":"https:\/\/via3l.eu\/lt\/wp-json\/wp\/v2\/comments?post=5153"}],"version-history":[{"count":0,"href":"https:\/\/via3l.eu\/lt\/wp-json\/wp\/v2\/pages\/5153\/revisions"}],"wp:featuredmedia":[{"embeddable":true,"href":"https:\/\/via3l.eu\/lt\/wp-json\/wp\/v2\/media\/17796"}],"wp:attachment":[{"href":"https:\/\/via3l.eu\/lt\/wp-json\/wp\/v2\/media?parent=5153"}],"curies":[{"name":"wp","href":"https:\/\/api.w.org\/{rel}","templated":true}]}}