{"id":5155,"date":"2020-01-29T15:16:04","date_gmt":"2020-01-29T13:16:04","guid":{"rendered":"https:\/\/via3l.eu\/logistikos-paslaugos\/warehousing-services\/"},"modified":"2026-01-15T16:08:08","modified_gmt":"2026-01-15T14:08:08","slug":"kaunas-ne-maisto-produktu-sandelio-paslaugos","status":"publish","type":"page","link":"https:\/\/via3l.eu\/lt\/kaunas-ne-maisto-produktu-sandelio-paslaugos\/","title":{"rendered":"Ne maisto produkt\u0173 sand\u0117lio paslaugos (Kaunas)"},"content":{"rendered":"<div class=\"wpb-content-wrapper\"><p>[vc_row equal_height=&#8221;yes&#8221; content_placement=&#8221;middle&#8221;][vc_column width=&#8221;2\/3&#8243;][vc_custom_heading text=&#8221;Ne maisto produkt\u0173 sand\u0117liavimo paslaugos (Kaunas)&#8221; font_container=&#8221;tag:h1|text_align:left&#8221; use_theme_fonts=&#8221;yes&#8221;][\/vc_column][vc_column width=&#8221;1\/3&#8243;][vc_btn title=&#8221;U\u017eklausa d\u0117l paslaug\u0173&#8221; shape=&#8221;square&#8221; color=&#8221;green&#8221; size=&#8221;lg&#8221; i_icon_fontawesome=&#8221;stm-arrow-next&#8221; add_icon=&#8221;true&#8221; link=&#8221;url:https%3A%2F%2Fvia3l.eu%2Flt%2Fuzklausa-del-kainos%2F|title:U%C5%BEklausa%20d%C4%97l%20kainos|&#8221;][\/vc_column][\/vc_row][vc_row][vc_column][vc_column_text]M\u016bs\u0173 naujausias padalinys, duris atv\u0117r\u0119s 2021 m. rugs\u0117jo men\u0117s\u012f, \u012fsik\u016br\u0119s adresu Martinavos g 8, Kaunas, naujame, moderniame Kauno logistikos centre, patogioje vietoje prie pat A1 greitkelio.<\/p>\n<p>4\u00a0000 kv. m plote talpiname vir\u0161 7\u00a0000 paletini\u0173 viet\u0173. Sand\u0117lyje laikome ne maisto produktus, pramonines prekes, tokias kaip: tepalai, alyva, pramoniniai klijai, darbo r\u016bbai, batai ir t.t.[\/vc_column_text][\/vc_column][\/vc_row][vc_row][vc_column][vc_single_image image=&#8221;10135&#8243; img_size=&#8221;large&#8221; alignment=&#8221;center&#8221;][\/vc_column][\/vc_row][vc_row][vc_column][vc_custom_heading text=&#8221;Kauno sand\u0117liuose teikiamos logistikos paslaugos:&#8221; use_theme_fonts=&#8221;yes&#8221;][\/vc_column][\/vc_row][vc_row][vc_column][vc_column_text]<\/p>\n<ul>\n<li>Preki\u0173 pri\u0117mimas; kokybinis ir kiekybinis tikrinimas; ataskait\u0173 rengimas;<\/li>\n<li>Sand\u0117liavimas stela\u017euose arba specialiai tam pritaikytose lentynose;<\/li>\n<li>Ataskaitos ir sprendimai u\u017etikrinantys efektyv\u0173 preki\u0173 liku\u010di\u0173 sand\u0117lyje valdym\u0105;<\/li>\n<li>Preki\u0173 atsekamumo ir rotacijos kontrol\u0117;<\/li>\n<li>Produkt\u0173 \u017eenklinimas prie\u0161 arba po preki\u0173 atrinkimo;<\/li>\n<li>U\u017esakym\u0173 pri\u0117mimas (EDI sprendimai) ir vykdymas;<\/li>\n<li>Produkt\u0173 draudimas pilna verte;<\/li>\n<li>S\u0105skait\u0173 fakt\u016br\u0173 ar\/ir va\u017etara\u0161\u010di\u0173 automatinis formavim\u0105 j\u016bs\u0173 klientui, esant duomen\u0173 main\u0173 integracijai;<\/li>\n<li>Preki\u0173 atrinkimas pagal FIFO ar FEFO metod\u0105;<\/li>\n<li><span class=\"ui-provider ee ceh bop cei cej cek cel cem cen ceo cep ceq cer ces cet ceu cev cew cex cey cez cfa cfb cfc cfd cfe cff cfg cfh cfi cfj cfk cfl cfm cfn\" dir=\"ltr\">Preki\u0173 gr\u0105\u017einim\u0173 apdorojimas;<\/span><\/li>\n<li>U\u017esakym\u0173 pristatymas: Kaune \u2013 t\u0105 pa\u010di\u0105 dien\u0105; Lietuvoje per 24 val.; kitose Baltijos \u0161alyse per 24\/48 val;<\/li>\n<li>X-dock preki\u0173 apdorojimas ir pristatymas Baltijos \u0161alyse;<\/li>\n<li>Kitos paslaugos, kurian\u010dios prid\u0117tin\u0119 vert\u0119 j\u016bs\u0173 verslui.<\/li>\n<\/ul>\n<p>[\/vc_column_text][\/vc_column][\/vc_row][vc_row css=&#8221;.vc_custom_1575469658349{padding-top: 32px !important;}&#8221;][vc_column][vc_separator border_width=&#8221;2&#8243; css=&#8221;.vc_custom_1575469587644{padding-top: 10px !important;padding-bottom: 10px !important;}&#8221;][\/vc_column][\/vc_row][vc_column][\/vc_column]<\/p>\n<\/div>","protected":false},"excerpt":{"rendered":"<p>[vc_row equal_height=&#8221;yes&#8221; content_placement=&#8221;middle&#8221;][vc_column width=&#8221;2\/3&#8243;][vc_custom_heading text=&#8221;Ne maisto produkt\u0173 sand\u0117liavimo paslaugos (Kaunas)&#8221; font_container=&#8221;tag:h1|text_align:left&#8221; use_theme_fonts=&#8221;yes&#8221;][\/vc_column][vc_column width=&#8221;1\/3&#8243;][vc_btn title=&#8221;U\u017eklausa d\u0117l paslaug\u0173&#8221; shape=&#8221;square&#8221; color=&#8221;green&#8221; size=&#8221;lg&#8221; i_icon_fontawesome=&#8221;stm-arrow-next&#8221; add_icon=&#8221;true&#8221; link=&#8221;url:https%3A%2F%2Fvia3l.eu%2Flt%2Fuzklausa-del-kainos%2F|title:U%C5%BEklausa%20d%C4%97l%20kainos|&#8221;][\/vc_column][\/vc_row][vc_row][vc_column][vc_column_text]M\u016bs\u0173 naujausias padalinys, duris atv\u0117r\u0119s 2021 m. rugs\u0117jo men\u0117s\u012f, \u012fsik\u016br\u0119s adresu Martinavos&#8230;<\/p>\n","protected":false},"author":2,"featured_media":0,"parent":0,"menu_order":1,"comment_status":"closed","ping_status":"closed","template":"","meta":{"footnotes":""},"class_list":["post-5155","page","type-page","status-publish","hentry"],"_links":{"self":[{"href":"https:\/\/via3l.eu\/lt\/wp-json\/wp\/v2\/pages\/5155","targetHints":{"allow":["GET"]}}],"collection":[{"href":"https:\/\/via3l.eu\/lt\/wp-json\/wp\/v2\/pages"}],"about":[{"href":"https:\/\/via3l.eu\/lt\/wp-json\/wp\/v2\/types\/page"}],"author":[{"embeddable":true,"href":"https:\/\/via3l.eu\/lt\/wp-json\/wp\/v2\/users\/2"}],"replies":[{"embeddable":true,"href":"https:\/\/via3l.eu\/lt\/wp-json\/wp\/v2\/comments?post=5155"}],"version-history":[{"count":0,"href":"https:\/\/via3l.eu\/lt\/wp-json\/wp\/v2\/pages\/5155\/revisions"}],"wp:attachment":[{"href":"https:\/\/via3l.eu\/lt\/wp-json\/wp\/v2\/media?parent=5155"}],"curies":[{"name":"wp","href":"https:\/\/api.w.org\/{rel}","templated":true}]}}