{"id":5159,"date":"2020-01-29T18:26:42","date_gmt":"2020-01-29T16:26:42","guid":{"rendered":"https:\/\/via3l.eu\/logistikos-paslaugos\/transportation-services\/"},"modified":"2026-01-15T17:28:34","modified_gmt":"2026-01-15T15:28:34","slug":"pristatymo-paslaugos-transportavimo-sprendimai","status":"publish","type":"page","link":"https:\/\/via3l.eu\/lt\/pristatymo-paslaugos-transportavimo-sprendimai\/","title":{"rendered":"PREKI\u0172 PRISTATYMO IR Transportavimo paslaugos"},"content":{"rendered":"<div class=\"wpb-content-wrapper\"><p data-rm-block-id=\"block-1\">[vc_row content_placement=&#8221;middle&#8221;][vc_column width=&#8221;2\/3&#8243;][vc_custom_heading text=&#8221;PREKI\u0172 PRISTATYMAS IR &#8220;CROSS-DOCK&#8220; PASLAUGA&#8221; font_container=&#8221;tag:h2|text_align:center&#8221; use_theme_fonts=&#8221;yes&#8221;][\/vc_column][vc_column width=&#8221;1\/3&#8243;][vc_btn title=&#8221;U\u017eklausa d\u0117l paslaug\u0173&#8221; shape=&#8221;square&#8221; color=&#8221;green&#8221; size=&#8221;lg&#8221; i_icon_fontawesome=&#8221;stm-arrow-next&#8221; add_icon=&#8221;true&#8221; link=&#8221;url:https%3A%2F%2Fvia3l.eu%2Flt%2Fuzklausa-del-kainos%2F|title:U%C5%BEklausa%20d%C4%97l%20kainos|&#8221;][\/vc_column][\/vc_row][vc_row][vc_column][vc_custom_heading text=&#8221;Transportavimo paslaugos \u2013 efektyv\u016bs ir saug\u016bs sprendimai J\u016bs\u0173 verslui&#8221; font_container=&#8221;tag:h1|text_align:left&#8221; use_theme_fonts=&#8221;yes&#8221; css=&#8221;&#8221;][\/vc_column][\/vc_row][vc_row css=&#8221;.vc_custom_1575466977698{background-position: center !important;background-repeat: no-repeat !important;background-size: cover !important;}&#8221;][vc_column][vc_column_text css=&#8221;&#8221;]<\/p>\n<p style=\"text-align: justify;\" data-rm-block-id=\"block-2\"><a href=\"https:\/\/ee.linkedin.com\/company\/via3l\" target=\"_blank\" rel=\"noopener noreferrer nofollow\">Via 3L\u00a0<\/a>u\u017etikrina greit\u0105, saug\u0173 ir patikim\u0105 preki\u0173 pristatym\u0105 \u012f bet kuri\u0105 paskirties viet\u0105 \u2013 visada laiku ir pagal j\u016bs\u0173 poreikius.<\/p>\n<p data-start=\"366\" data-end=\"568\" data-rm-block-id=\"block-3\">M\u016bs\u0173 patyrusi transporto vadybinink\u0173 komanda planuoja mar\u0161rutus taip, kad apjungiant kelis u\u017esakymus b\u016bt\u0173 suma\u017eintos logistikos i\u0161laidos, o prek\u0117s klient\u0105 pasiekt\u0173 patogiausiu metu ir tinkamiausiu b\u016bdu.<\/p>\n<p data-start=\"570\" data-end=\"601\" data-rm-block-id=\"block-4\"><strong data-start=\"573\" data-end=\"601\">Kod\u0117l verta rinktis mus?<\/strong><\/p>\n<ul data-start=\"602\" data-end=\"874\">\n<li data-start=\"602\" data-end=\"659\">\n<p data-start=\"604\" data-end=\"659\" data-rm-block-id=\"block-5\">Nuosavas automobili\u0173 parkas ir platus partneri\u0173 tinklas;<\/p>\n<\/li>\n<li data-start=\"660\" data-end=\"731\">\n<p data-start=\"662\" data-end=\"731\" data-rm-block-id=\"block-6\">Pristatymas i\u0161 m\u016bs\u0173 sand\u0117li\u0173 arba tiesiai i\u0161 j\u016bs\u0173 nurodytos lokacijos;<\/p>\n<\/li>\n<li data-start=\"732\" data-end=\"795\">\n<p data-start=\"734\" data-end=\"795\" data-rm-block-id=\"block-7\">Apdraustos prek\u0117s tiek sand\u0117liavimo, tiek transportavimo metu;<\/p>\n<\/li>\n<li data-start=\"796\" data-end=\"874\">\n<p data-start=\"798\" data-end=\"874\" data-rm-block-id=\"block-8\">Galimyb\u0117 naudotis <strong data-start=\"816\" data-end=\"833\">Cross-docking<\/strong> paslauga greitesniam preki\u0173 paskirstymui.<\/p>\n<\/li>\n<\/ul>\n<p data-start=\"876\" data-end=\"1008\" data-rm-block-id=\"block-9\">Patik\u0117kite savo logistik\u0105 profesionalams \u2013 mes pasir\u016bpinsime, kad j\u016bs\u0173 prek\u0117s visada pasiekt\u0173 tiksl\u0105 saugiai, greitai ir efektyviai.<\/p>\n<h4 data-rm-block-id=\"block-10\">Patikimi transportavimo sprendimai j\u016bs\u0173 verslui.<\/h4>\n<p data-rm-block-id=\"block-11\">[\/vc_column_text][rev_slider_vc alias=&#8221;international_transport-2023-1&#8243;][vc_custom_heading text=&#8221;Si\u016blome plat\u0173 logistikos sprendim\u0173 spektr\u0105, pritaikyt\u0105 \u012fvairiems verslo poreikiams:&#8221; use_theme_fonts=&#8221;yes&#8221; css=&#8221;&#8221;][vc_column_text css=&#8221;&#8221;]<\/p>\n<h4 data-start=\"269\" data-end=\"314\" data-rm-block-id=\"block-12\">Perve\u017eimai normalioje temperat\u016broje<\/h4>\n<p data-start=\"315\" data-end=\"494\" data-rm-block-id=\"block-13\">Patikimi preki\u0173 perve\u017eimai aplinkos temperat\u016broje, krovini\u0173 gabenimas normalioje temperat\u016broje, logistika be temperat\u016bros kontrol\u0117s, tinkami daugeliui produkt\u0173 kategorij\u0173.<\/p>\n<h4 data-start=\"934\" data-end=\"970\" data-rm-block-id=\"block-14\">\u201eCross-docking\u201c perve\u017eimai<\/h4>\n<p data-start=\"971\" data-end=\"1142\" data-rm-block-id=\"block-15\">Efektyvus preki\u0173 paskirstymas be papildomo sand\u0117liavimo, u\u017etikrinantis greit\u0105 krovini\u0173 paskirstym\u0105, logistikos optimizavim\u0105, cross-docking paslaugas Lietuvoje.<\/p>\n<h4 data-start=\"1144\" data-end=\"1174\" data-rm-block-id=\"block-16\">Mar\u0161rut\u0173 planavimas<\/h4>\n<p data-start=\"1175\" data-end=\"1324\" data-rm-block-id=\"block-17\">Profesionalus mar\u0161rut\u0173 sudarymas, skirtas transporto ka\u0161t\u0173 ma\u017einimui, krovini\u0173 pristatymo optimizavimui ir laiku vykdomiems pristatymams.<\/p>\n<h4 data-start=\"1326\" data-end=\"1366\" data-rm-block-id=\"block-18\">Siunt\u0173 pristatymas<\/h4>\n<p data-start=\"1367\" data-end=\"1507\" data-rm-block-id=\"block-19\">Preki\u0173 surinkimas ir pristatymas \u012f terminalus pagal grafik\u0105, u\u017etikrinant patikim\u0105 siunt\u0173 pristatym\u0105, terminal\u0173 logistikos paslaugas.<\/p>\n<h4 data-start=\"1509\" data-end=\"1538\" data-rm-block-id=\"block-20\">U\u017esakym\u0173 gr\u0105\u017einimai<\/h4>\n<p data-start=\"1539\" data-end=\"1678\" data-rm-block-id=\"block-21\">Sklandus ir operatyvus preki\u0173 gr\u0105\u017einim\u0173 tvarkymas, suteikiantis patikimas gr\u0105\u017einimo paslaugas verslui, u\u017esakym\u0173 valdymo sprendimus.<\/p>\n<p data-rm-block-id=\"block-22\">[\/vc_column_text][\/vc_column][\/vc_row][vc_row css=&#8221;.vc_custom_1575469658349{padding-top: 32px !important;}&#8221;][vc_column][vc_separator border_width=&#8221;2&#8243; css=&#8221;.vc_custom_1575469587644{padding-top: 10px !important;padding-bottom: 10px !important;}&#8221;][vc_row_inner][vc_column_inner][\/vc_column_inner][\/vc_row_inner][\/vc_column][\/vc_row][vc_row el_id=&#8221;numbers&#8221; css=&#8221;.vc_custom_1570178444838{margin-top: 30px !important;}&#8221;][vc_column width=&#8221;1\/4&#8243; offset=&#8221;vc_hidden-lg vc_hidden-md vc_hidden-sm vc_col-xs-2\/5 vc_hidden-xs&#8221;][vc_column_text][mpc_counter title_font_preset=&#8221;mpc_preset_2&#8243; title=&#8221;Delivery points per month&#8221; counter_font_preset=&#8221;mpc_preset_10&#8243; counter_font_size=&#8221;50&#8243; value=&#8221;15236&#8243; duration=&#8221;1500&#8243; mpc_icon__icon=&#8221;el el-map-marker&#8221; mpc_icon__icon_size=&#8221;50&#8243; mpc_icon__mpc_tooltip__border_divider=&#8221;true&#8221; mpc_icon__mpc_tooltip__border_css=&#8221;border-color:undefined;border-style:undefined;&#8221; mpc_icon__mpc_tooltip__padding_divider=&#8221;true&#8221; mpc_icon__animation_in_type=&#8221;transition.slideDownBigIn&#8221; mpc_icon__animation_in_offset=&#8221;100&#8243; mpc_icon__animation_in_duration=&#8221;600&#8243; mpc_icon__animation_in_delay=&#8221;300&#8243;][\/vc_column_text][\/vc_column][vc_column width=&#8221;1\/4&#8243; alignment=&#8221;center&#8221; css=&#8221;.vc_custom_1582108330154{border-radius: 3px !important;}&#8221; offset=&#8221;vc_hidden-lg vc_hidden-md vc_hidden-sm vc_col-xs-2\/5 vc_hidden-xs&#8221;][vc_column_text][mpc_counter title_font_preset=&#8221;mpc_preset_2&#8243; title=&#8221;Round trips per month&#8221; counter_font_preset=&#8221;mpc_preset_10&#8243; counter_font_size=&#8221;50&#8243; value=&#8221;1800&#8243; duration=&#8221;1500&#8243; mpc_icon__icon=&#8221;mfgi mfgi-spread&#8221; mpc_icon__icon_size=&#8221;50&#8243; mpc_icon__mpc_tooltip__border_divider=&#8221;true&#8221; mpc_icon__mpc_tooltip__border_css=&#8221;border-color:undefined;border-style:undefined;&#8221; mpc_icon__mpc_tooltip__padding_divider=&#8221;true&#8221; mpc_icon__animation_in_type=&#8221;transition.slideDownBigIn&#8221; mpc_icon__animation_in_offset=&#8221;100&#8243; mpc_icon__animation_in_duration=&#8221;600&#8243; mpc_icon__animation_in_delay=&#8221;300&#8243;][\/vc_column_text][\/vc_column][vc_column width=&#8221;1\/4&#8243; alignment=&#8221;center&#8221; offset=&#8221;vc_hidden-lg vc_hidden-md vc_hidden-sm vc_col-xs-2\/5 vc_hidden-xs&#8221;][vc_column_text][mpc_counter title_font_preset=&#8221;mpc_preset_2&#8243; title=&#8221;Orders per month&#8221; counter_font_preset=&#8221;mpc_preset_10&#8243; counter_font_size=&#8221;50&#8243; value=&#8221;39000&#8243; duration=&#8221;1500&#8243; mpc_icon__icon=&#8221;icnm icnm-spinner10&#8243; mpc_icon__icon_size=&#8221;50&#8243; mpc_icon__mpc_tooltip__border_divider=&#8221;true&#8221; mpc_icon__mpc_tooltip__border_css=&#8221;border-color:undefined;border-style:undefined;&#8221; mpc_icon__mpc_tooltip__padding_divider=&#8221;true&#8221; mpc_icon__animation_in_type=&#8221;transition.slideDownBigIn&#8221; mpc_icon__animation_in_offset=&#8221;100&#8243; mpc_icon__animation_in_duration=&#8221;600&#8243; mpc_icon__animation_in_delay=&#8221;300&#8243;][\/vc_column_text][\/vc_column][vc_column width=&#8221;1\/4&#8243; alignment=&#8221;center&#8221; offset=&#8221;vc_hidden-lg vc_hidden-md vc_hidden-sm vc_col-xs-2\/5 vc_hidden-xs&#8221;][vc_column_text][mpc_counter title_font_preset=&#8221;mpc_preset_2&#8243; title=&#8221;Volume cubic meters per month&#8221; counter_font_preset=&#8221;mpc_preset_10&#8243; counter_font_size=&#8221;50&#8243; value=&#8221;18000&#8243; duration=&#8221;1500&#8243; mpc_icon__icon=&#8221;fa fa-arrows-alt&#8221; mpc_icon__icon_size=&#8221;50&#8243; mpc_icon__mpc_tooltip__font_preset=&#8221;mpc_preset_65&#8243; mpc_icon__mpc_tooltip__border_divider=&#8221;true&#8221; mpc_icon__mpc_tooltip__border_css=&#8221;border-color:undefined;border-style:undefined;&#8221; mpc_icon__mpc_tooltip__padding_divider=&#8221;true&#8221; mpc_icon__animation_in_type=&#8221;transition.slideDownBigIn&#8221; mpc_icon__animation_in_offset=&#8221;100&#8243; mpc_icon__animation_in_duration=&#8221;600&#8243; mpc_icon__animation_in_delay=&#8221;300&#8243;][\/vc_column_text][\/vc_column][\/vc_row]<\/p>\n<\/div>","protected":false},"excerpt":{"rendered":"<p>[vc_row content_placement=&#8221;middle&#8221;][vc_column width=&#8221;2\/3&#8243;][vc_custom_heading text=&#8221;PREKI\u0172 PRISTATYMAS IR &#8220;CROSS-DOCK&#8220; PASLAUGA&#8221; font_container=&#8221;tag:h2|text_align:center&#8221; use_theme_fonts=&#8221;yes&#8221;][\/vc_column][vc_column width=&#8221;1\/3&#8243;][vc_btn title=&#8221;U\u017eklausa d\u0117l paslaug\u0173&#8221; shape=&#8221;square&#8221; color=&#8221;green&#8221; size=&#8221;lg&#8221; i_icon_fontawesome=&#8221;stm-arrow-next&#8221; add_icon=&#8221;true&#8221; link=&#8221;url:https%3A%2F%2Fvia3l.eu%2Flt%2Fuzklausa-del-kainos%2F|title:U%C5%BEklausa%20d%C4%97l%20kainos|&#8221;][\/vc_column][\/vc_row][vc_row][vc_column][vc_custom_heading text=&#8221;Transportavimo paslaugos \u2013 efektyv\u016bs ir saug\u016bs sprendimai J\u016bs\u0173 verslui&#8221; font_container=&#8221;tag:h1|text_align:left&#8221; use_theme_fonts=&#8221;yes&#8221; css=&#8221;&#8221;][\/vc_column][\/vc_row][vc_row css=&#8221;.vc_custom_1575466977698{background-position:&#8230;<\/p>\n","protected":false},"author":2,"featured_media":0,"parent":0,"menu_order":2,"comment_status":"closed","ping_status":"closed","template":"","meta":{"footnotes":""},"class_list":["post-5159","page","type-page","status-publish","hentry"],"_links":{"self":[{"href":"https:\/\/via3l.eu\/lt\/wp-json\/wp\/v2\/pages\/5159","targetHints":{"allow":["GET"]}}],"collection":[{"href":"https:\/\/via3l.eu\/lt\/wp-json\/wp\/v2\/pages"}],"about":[{"href":"https:\/\/via3l.eu\/lt\/wp-json\/wp\/v2\/types\/page"}],"author":[{"embeddable":true,"href":"https:\/\/via3l.eu\/lt\/wp-json\/wp\/v2\/users\/2"}],"replies":[{"embeddable":true,"href":"https:\/\/via3l.eu\/lt\/wp-json\/wp\/v2\/comments?post=5159"}],"version-history":[{"count":0,"href":"https:\/\/via3l.eu\/lt\/wp-json\/wp\/v2\/pages\/5159\/revisions"}],"wp:attachment":[{"href":"https:\/\/via3l.eu\/lt\/wp-json\/wp\/v2\/media?parent=5159"}],"curies":[{"name":"wp","href":"https:\/\/api.w.org\/{rel}","templated":true}]}}