{"id":5163,"date":"2020-01-29T19:10:14","date_gmt":"2020-01-29T17:10:14","guid":{"rendered":"https:\/\/via3l.eu\/logistikos-paslaugos\/special-temperature-services\/"},"modified":"2024-05-07T14:24:17","modified_gmt":"2024-05-07T11:24:17","slug":"ivairiu-temperaturiniu-rezimu-paslaugos","status":"publish","type":"page","link":"https:\/\/via3l.eu\/lt\/3pl-logistikos-paslaugos\/ivairiu-temperaturiniu-rezimu-paslaugos\/","title":{"rendered":"\u012evairi\u0173 temperat\u016brini\u0173 re\u017eim\u0173 paslaugos"},"content":{"rendered":"<div class=\"wpb-content-wrapper\"><p>[vc_row equal_height=&#8221;yes&#8221;][vc_column width=&#8221;2\/3&#8243;][vc_custom_heading text=&#8221;\u012evairi\u0173 temperat\u016brini\u0173 re\u017eim\u0173 paslaugos&#8221; use_theme_fonts=&#8221;yes&#8221;][vc_empty_space][\/vc_column][vc_column width=&#8221;1\/3&#8243;][vc_btn title=&#8221;U\u017eklausa d\u0117l paslaug\u0173&#8221; shape=&#8221;square&#8221; color=&#8221;green&#8221; size=&#8221;lg&#8221; i_icon_fontawesome=&#8221;stm-arrow-next&#8221; add_icon=&#8221;true&#8221; link=&#8221;url:https%3A%2F%2Fvia3l.eu%2Flt%2Fuzklausa-del-kainos%2F|title:U%C5%BEklausa%20d%C4%97l%20kainos|&#8221;][\/vc_column][\/vc_row][vc_row][vc_column][vc_column_text]<a href=\"https:\/\/www.linkedin.com\/company\/37786900\/admin\/feed\/posts\/\" target=\"_blank\" rel=\"noopener noreferrer nofollow\">Via 3L LT<\/a> temperat\u016brinio re\u017eimo terminiai sand\u0117liai \u012fkurti strategi\u0161kai patogioje vietoje adresu Terminalo g 6, Kuprioni\u0161k\u0117s, Vilniaus r. Terminiai sand\u0117liai sumodeliuoti atskiromis u\u017edaromis kameromis, kuri\u0173 kiekviena talpina nuo 800 iki 1200 paletini\u0173 viet\u0173. 6000 kv. m sand\u0117liuose \u012frengti giluminiai stela\u017eai, kurie leid\u017eia maksimaliai efektyviai i\u0161naudoti turim\u0105 plot\u0105, tod\u0117l sand\u0117liai talpina beveik 10 000 pale\u010di\u0173 produkcijos.<\/p>\n<p>Kiekvienoje kameroje galimas individualus temperat\u016bros nustatymas arba -25..-18C, arba +2..+6C temperat\u016bros ribose. Tai leid\u017eia prisitaikyti prie besikei\u010dian\u010di\u0173 klient\u0173 poreiki\u0173 bei preki\u0173 sezoni\u0161kumo.<\/p>\n<p>&nbsp;[\/vc_column_text][vc_empty_space][\/vc_column][\/vc_row][vc_row css=&#8221;.vc_custom_1700752543313{margin-top: 20px !important;margin-bottom: 20px !important;}&#8221;][vc_column][vc_single_image image=&#8221;5306&#8243; img_size=&#8221;large&#8221; alignment=&#8221;center&#8221;][\/vc_column][\/vc_row][vc_row][vc_column][vc_custom_heading text=&#8221;Terminiuose sand\u0117liuose teikiamos paslaugos:&#8221; use_theme_fonts=&#8221;yes&#8221;][vc_empty_space][\/vc_column][\/vc_row][vc_row][vc_column css=&#8221;.vc_custom_1700752619564{margin-top: 20px !important;margin-bottom: 20px !important;}&#8221;][vc_column_text]<\/p>\n<ul>\n<li>Preki\u0173 pri\u0117mimas; kokybinis ir kiekybinis tikrinimas; sv\u0117rimas; ataskait\u0173 rengimas; produkcijos apskaitymas tiek kilogramais, tiek vienetais ar pakuot\u0117mis;<\/li>\n<li>Produkt\u0173 u\u017e\u0161aldymas;<\/li>\n<li>Termo re\u017eimo kontrol\u0117 ir monoringas, temperat\u016bros ataskait\u0173 pateikimas;<\/li>\n<li>Sand\u0117liavimas muitin\u012f status\u0105 turin\u010dioje kameroje (i\u0161 tre\u010di\u0173j\u0173 \u0161ali\u0173 atvykusioms, nei\u0161muitintoms prek\u0117ms);<\/li>\n<li>Ataskaitos ir sprendimai u\u017etikrinantys efektyv\u0173 preki\u0173 liku\u010di\u0173 sand\u0117lyje valdym\u0105;<\/li>\n<li>Preki\u0173 atsekamumo ir rotacijos kontrol\u0117;<\/li>\n<li>Pardavimo u\u017esakym\u0173 pri\u0117mimas (EDI sprendimai) ir vykdymas<\/li>\n<li>Produkt\u0173 draudimas pilna verte;<\/li>\n<li>S\u0105skait\u0173 fakt\u016br\u0173 ar\/ir va\u017etara\u0161\u010di\u0173 automatin\u012f formavim\u0105 j\u016bs\u0173 klientui, esant duomen\u0173 main\u0173 integracijai;<\/li>\n<li>Turimas Ekoagros sertifikatas leid\u017eia sand\u0117liuoti ekologi\u0161kus produktus;<\/li>\n<li>Kitos paslaugos atsi\u017evelgiant \u012f J\u016bs\u0173 verslo specifik\u0105 ir reikalavimus.<\/li>\n<li>Preki\u0173 atrinkimas pilnomis palet\u0117mis pagal FIFO ar FEFO metod\u0105<\/li>\n<\/ul>\n<p>[\/vc_column_text][\/vc_column][\/vc_row][vc_row][vc_column][vc_column_text]D\u017eiaugiam\u0117s dirbdami su garsiausiais \u0161aldytos ir v\u0117sinamos producijos importuotojais ir platintojais bei lietuvi\u0161k\u0173 produkt\u0173 gamintojais![\/vc_column_text][\/vc_column][\/vc_row]<\/p>\n<\/div>","protected":false},"excerpt":{"rendered":"<p>[vc_row equal_height=&#8221;yes&#8221;][vc_column width=&#8221;2\/3&#8243;][vc_custom_heading text=&#8221;\u012evairi\u0173 temperat\u016brini\u0173 re\u017eim\u0173 paslaugos&#8221; use_theme_fonts=&#8221;yes&#8221;][vc_empty_space][\/vc_column][vc_column width=&#8221;1\/3&#8243;][vc_btn title=&#8221;U\u017eklausa d\u0117l paslaug\u0173&#8221; shape=&#8221;square&#8221; color=&#8221;green&#8221; size=&#8221;lg&#8221; i_icon_fontawesome=&#8221;stm-arrow-next&#8221; add_icon=&#8221;true&#8221; link=&#8221;url:https%3A%2F%2Fvia3l.eu%2Flt%2Fuzklausa-del-kainos%2F|title:U%C5%BEklausa%20d%C4%97l%20kainos|&#8221;][\/vc_column][\/vc_row][vc_row][vc_column][vc_column_text]Via 3L LT temperat\u016brinio re\u017eimo terminiai sand\u0117liai \u012fkurti strategi\u0161kai patogioje vietoje adresu Terminalo g 6, Kuprioni\u0161k\u0117s,&#8230;<\/p>\n","protected":false},"author":2,"featured_media":4239,"parent":5153,"menu_order":3,"comment_status":"closed","ping_status":"closed","template":"","meta":{"footnotes":""},"class_list":["post-5163","page","type-page","status-publish","has-post-thumbnail","hentry"],"_links":{"self":[{"href":"https:\/\/via3l.eu\/lt\/wp-json\/wp\/v2\/pages\/5163","targetHints":{"allow":["GET"]}}],"collection":[{"href":"https:\/\/via3l.eu\/lt\/wp-json\/wp\/v2\/pages"}],"about":[{"href":"https:\/\/via3l.eu\/lt\/wp-json\/wp\/v2\/types\/page"}],"author":[{"embeddable":true,"href":"https:\/\/via3l.eu\/lt\/wp-json\/wp\/v2\/users\/2"}],"replies":[{"embeddable":true,"href":"https:\/\/via3l.eu\/lt\/wp-json\/wp\/v2\/comments?post=5163"}],"version-history":[{"count":0,"href":"https:\/\/via3l.eu\/lt\/wp-json\/wp\/v2\/pages\/5163\/revisions"}],"up":[{"embeddable":true,"href":"https:\/\/via3l.eu\/lt\/wp-json\/wp\/v2\/pages\/5153"}],"wp:featuredmedia":[{"embeddable":true,"href":"https:\/\/via3l.eu\/lt\/wp-json\/wp\/v2\/media\/4239"}],"wp:attachment":[{"href":"https:\/\/via3l.eu\/lt\/wp-json\/wp\/v2\/media?parent=5163"}],"curies":[{"name":"wp","href":"https:\/\/api.w.org\/{rel}","templated":true}]}}