{"id":5167,"date":"2020-01-29T19:53:34","date_gmt":"2020-01-29T17:53:34","guid":{"rendered":"https:\/\/via3l.eu\/logistikos-paslaugos\/excise-warehouse-services\/"},"modified":"2024-05-07T14:23:48","modified_gmt":"2024-05-07T11:23:48","slug":"akcizinio-sandelio-paslaugos-sandeliavimas","status":"publish","type":"page","link":"https:\/\/via3l.eu\/lt\/3pl-logistikos-paslaugos\/akcizinio-sandelio-paslaugos-sandeliavimas\/","title":{"rendered":"Akcizinio sand\u0117lio paslaugos (Vilnius)"},"content":{"rendered":"<div class=\"wpb-content-wrapper\"><p>[vc_row equal_height=&#8221;yes&#8221; content_placement=&#8221;middle&#8221;][vc_column width=&#8221;2\/3&#8243;][vc_custom_heading text=&#8221;AKCIZINIO SAND\u0116LIO PASLAUGOS (VILNIUS)&#8221; font_container=&#8221;tag:h1|text_align:left&#8221; use_theme_fonts=&#8221;yes&#8221;][\/vc_column][vc_column width=&#8221;1\/3&#8243;][vc_btn title=&#8221;U\u017eklausa d\u0117l paslaug\u0173&#8221; shape=&#8221;square&#8221; color=&#8221;green&#8221; size=&#8221;lg&#8221; i_icon_fontawesome=&#8221;stm-arrow-next&#8221; add_icon=&#8221;true&#8221; link=&#8221;url:https%3A%2F%2Fvia3l.eu%2Flt%2Fuzklausa-del-kainos%2F|title:U%C5%BEklausa%20d%C4%97l%20kainos|&#8221;][\/vc_column][\/vc_row][vc_row][vc_column][\/vc_column][\/vc_row][vc_row css=&#8221;.vc_custom_1575466977698{background-position: center !important;background-repeat: no-repeat !important;background-size: cover !important;}&#8221;][vc_column][vc_custom_heading text=&#8221;Did\u017eiuojam\u0117s jau daugiau nei 15 met\u0173 b\u016bdami geriausiai pasaulyje \u017einom\u0173 alkoholini\u0173 g\u0117rim\u0173 preki\u0173 \u017eenkl\u0173 logistikos partneriais.<br \/>\nM\u016bs\u0173 patirtis akcizini\u0173 preki\u0173 logistikoje \u2013 J\u016bs\u0173 kelio \u012f rink\u0105 s\u0117kmei!&#8221; use_theme_fonts=&#8221;yes&#8221;][vc_column_text]Viena i\u0161 pagrindini\u0173 <a href=\"https:\/\/www.linkedin.com\/company\/via3l\/\" target=\"_blank\" rel=\"noopener noreferrer nofollow\">Via 3L<\/a> kontraktin\u0117s logistikos kryp\u010di\u0173 \u2013 kompleksin\u0117s <a href=\"https:\/\/via3l.eu\/lt\/apie-mus-3pl-logistika\/\" target=\"_blank\" rel=\"noopener\">3PL<\/a> paslaugos akcizais apmokestinamoms prek\u0117ms, tokioms kaip alkoholiniai g\u0117rimai, tabako gaminiai, maisto gamybos priedai ir kita. Kaip akcizinio sand\u0117lio savininkas turime visas reikiamas licencijas, procesus ir patirt\u012f kuo u\u017etikriname vis\u0173 reikiam\u0173 paslaug\u0173, susijusi\u0173 su akcizin\u0117mis prek\u0117mis, atlikim\u0105.[\/vc_column_text][\/vc_column][\/vc_row][vc_row][vc_column][vc_empty_space]\n\t\t\t\t<p class=\"rs-p-wp-fix\"><\/p>\n\t\t\t\t<sr7-module data-alias=\"inbound-scanner\" data-id=\"61\" id=\"SR7_61_1\" class=\"rs-ov-hidden\" data-version=\"6.7.34\">\n\t\t\t\t\t<sr7-adjuster><\/sr7-adjuster>\n\t\t\t\t\t<sr7-content>\n\t\t\t\t\t\t<sr7-slide id=\"SR7_61_1-102\" data-key=\"102\">\n\t\t\t\t\t\t<\/sr7-slide>\n\t\t\t\t\t\t<sr7-slide id=\"SR7_61_1-200\" data-key=\"200\">\n\t\t\t\t\t\t<\/sr7-slide>\n\t\t\t\t\t<\/sr7-content>\n\t\t\t\t\t<image_lists style=\"display:none\">\n\t\t\t\t\t\t<img decoding=async data-opt-id=127910605  fetchpriority=\"high\" data-src=\"https:\/\/mlpeimtmgped.i.optimole.com\/w:auto\/h:auto\/q:mauto\/ig:avif\/https:\/\/via3l.eu\/wp-content\/uploads\/2023\/06\/kaupokalda-com-DJI_20230612133446_0198_warehousing-services-scaled.jpg\" data-libid=\"10898\" data-lib=\"medialibrary\" alt=\"pallet lifting Via 3L warehousing\" title=\"pallet lifting Via 3L\" width=\"0\" height=\"0\" data-dbsrc=\"Ly92aWEzbC5ldS93cC1jb250ZW50L3VwbG9hZHMvMjAyMy8wNi9rYXVwb2thbGRhLWNvbS1ESklfMjAyMzA2MTIxMzM0NDZfMDE5OF93YXJlaG91c2luZy1zZXJ2aWNlcy1zY2FsZWQuanBn\"\/>\n\t\t\t\t\t<\/image_lists>\n\t\t\t\t<\/sr7-module>\n\t\t\t\t<script>\n\t\t\t\t\tSR7.PMH ??={}; SR7.PMH[\"SR7_61_1\"] = {cn:100,state:false,fn: function() { if (_tpt!==undefined && _tpt.prepareModuleHeight !== undefined) {  _tpt.prepareModuleHeight({id:\"SR7_61_1\",el:[600,600,600,600,480],type:'standard',shdw:'0',gh:[600,600,600,600,480],gw:[1240,1240,1240,1240,480],vpt:['-200px&#039;,&#039;-200px&#039;,&#039;-200px&#039;,&#039;-200px&#039;,&#039;-200px'],size:{fullWidth:false, fullHeight:false},mh:'0',onh:0,onw:0,bg:{color:'{\"orig\":\"transparent\",\"type\":\"solid\",\"string\":\"transparent\"}'},plType:'0',plColor:'#FFFFFF'});   SR7.PMH[\"SR7_61_1\"].state=true;} else if(SR7.PMH[\"SR7_61_1\"].cn-->0)\tsetTimeout( SR7.PMH[\"SR7_61_1\"].fn,19);}};SR7.PMH[\"SR7_61_1\" ].fn();\n\t\t\t\t<\/script>\n[\/vc_column][\/vc_row][vc_row][vc_column][vc_custom_heading text=&#8221;Akcizinio sand\u0117lio (Vilniuje) teikiamos paslaugos:&#8221; use_theme_fonts=&#8221;yes&#8221;][\/vc_column][\/vc_row][vc_row][vc_column][vc_column_text]<\/p>\n<ul style=\"list-style-type: circle;\">\n<li>Preki\u0173 pri\u0117mimas, kokybinis ir kiekybinis tikrinimas, ataskait\u0173 rengimas;<\/li>\n<li>Akcizini\u0173 produkt\u0173 sand\u0117liavimas, atidedant akcizo mokes\u010dio mok\u0117jim\u0105 iki preki\u0173 pardavimo;<\/li>\n<li>Akcizo apskai\u010diavimas, deklaravimas ir apmok\u0117jimas VMI;<\/li>\n<li>Akcizini\u0173 banderoli\u0173 pirkimas, administravimas, vis\u0173 reikiam\u0173 ataskait\u0173 rengimas ir deklaravimas;<\/li>\n<li>\u017denklinimo lipduk\u0173 gamyba, laikantis teis\u0117s akt\u0173 (pvz. veterinarini\u0173) reikalavim\u0173;<\/li>\n<li>Gamini\u0173 klijavimas akcizin\u0117mis banderol\u0117mis ir lipdukais;<\/li>\n<li>Papildomo pakavimo (marketingo tikslais &#8211; co-packing, re-packing ir kt.) paslaugos;<\/li>\n<li>Pardavimo u\u017esakym\u0173 pri\u0117mimas (EDI sprendimai) ir vykdymas;<\/li>\n<li>Preki\u0173 atsekamumo ir rotacijos kontrol\u0117;<\/li>\n<li>Ataskaitos ir sprendimai u\u017etikrinantys efektyv\u0173 preki\u0173 liku\u010di\u0173 sand\u0117lyje valdym\u0105;<\/li>\n<li>U\u017esakym\u0173 pristatymas: Vilniuje \u2013 t\u0105 pa\u010di\u0105 dien\u0105; Lietuvoje per 24 val.; kitose Baltijos \u0161alyse per 24\/48 val.;<\/li>\n<li>Produkt\u0173 draudimas pilna verte;<\/li>\n<li>Ekoagros \u2013 eko preki\u0173 proces\u0173 u\u017etikrinimas;<\/li>\n<li>Kitos paslaugos atsi\u017evelgiant \u012f J\u016bs\u0173 verslo specifik\u0105 ir reikalavimus.<\/li>\n<\/ul>\n<p>[\/vc_column_text][\/vc_column][\/vc_row][vc_row][vc_column][vc_column_text][\/vc_column_text][\/vc_column][\/vc_row][vc_row][vc_column][vc_empty_space]\n\t\t\t\t<p class=\"rs-p-wp-fix\"><\/p>\n\t\t\t\t<sr7-module data-alias=\"Oubound-order-fullfillment\" data-id=\"63\" id=\"SR7_63_2\" class=\"rs-ov-hidden\" data-version=\"6.7.34\">\n\t\t\t\t\t<sr7-adjuster><\/sr7-adjuster>\n\t\t\t\t\t<sr7-content>\n\t\t\t\t\t\t<sr7-slide id=\"SR7_63_2-104\" data-key=\"104\">\n\t\t\t\t\t\t<\/sr7-slide>\n\t\t\t\t\t\t<sr7-slide id=\"SR7_63_2-202\" data-key=\"202\">\n\t\t\t\t\t\t<\/sr7-slide>\n\t\t\t\t\t<\/sr7-content>\n\t\t\t\t\t<image_lists style=\"display:none\">\n\t\t\t\t\t\t<img decoding=async data-opt-id=12285042  fetchpriority=\"high\" data-src=\"https:\/\/mlpeimtmgped.i.optimole.com\/w:auto\/h:auto\/q:mauto\/ig:avif\/https:\/\/via3l.eu\/wp-content\/uploads\/2023\/06\/kaupokalda-com-DJI_20230612133533_0205_order-fullfillment-scaled.jpg\" data-libid=\"10902\" data-lib=\"medialibrary\" alt=\"pallet lifting Via 3L warehousing\" title=\"pallet lifting Via 3L\" width=\"0\" height=\"0\" data-dbsrc=\"Ly92aWEzbC5ldS93cC1jb250ZW50L3VwbG9hZHMvMjAyMy8wNi9rYXVwb2thbGRhLWNvbS1ESklfMjAyMzA2MTIxMzM1MzNfMDIwNV9vcmRlci1mdWxsZmlsbG1lbnQtc2NhbGVkLmpwZw==\"\/>\n\t\t\t\t\t\t<img decoding=async data-opt-id=61854689  fetchpriority=\"high\" data-src=\"https:\/\/mlpeimtmgped.i.optimole.com\/w:auto\/h:auto\/q:mauto\/ig:avif\/https:\/\/via3l.eu\/wp-content\/uploads\/2023\/06\/kaupokalda-com-DJI_20230612140552_0269_order-fullfillment-scaled.jpg\" data-libid=\"10906\" data-lib=\"medialibrary\" alt=\"dispatch area Estonia warehousing\" title=\"dispatch area Estonia\" width=\"0\" height=\"0\" data-dbsrc=\"Ly92aWEzbC5ldS93cC1jb250ZW50L3VwbG9hZHMvMjAyMy8wNi9rYXVwb2thbGRhLWNvbS1ESklfMjAyMzA2MTIxNDA1NTJfMDI2OV9vcmRlci1mdWxsZmlsbG1lbnQtc2NhbGVkLmpwZw==\"\/>\n\t\t\t\t\t<\/image_lists>\n\t\t\t\t<\/sr7-module>\n\t\t\t\t<script>\n\t\t\t\t\tSR7.PMH ??={}; SR7.PMH[\"SR7_63_2\"] = {cn:100,state:false,fn: function() { if (_tpt!==undefined && _tpt.prepareModuleHeight !== undefined) {  _tpt.prepareModuleHeight({id:\"SR7_63_2\",el:[600,600,600,600,480],type:'standard',shdw:'0',gh:[600,600,600,600,480],gw:[1240,1240,1240,1240,480],vpt:['-200px&#039;,&#039;-200px&#039;,&#039;-200px&#039;,&#039;-200px&#039;,&#039;-200px'],size:{fullWidth:false, fullHeight:false},mh:'0',onh:0,onw:0,bg:{color:'{\"orig\":\"transparent\",\"type\":\"solid\",\"string\":\"transparent\"}'},plType:'0',plColor:'#FFFFFF'});   SR7.PMH[\"SR7_63_2\"].state=true;} else if(SR7.PMH[\"SR7_63_2\"].cn-->0)\tsetTimeout( SR7.PMH[\"SR7_63_2\"].fn,19);}};SR7.PMH[\"SR7_63_2\" ].fn();\n\t\t\t\t<\/script>\n[\/vc_column][\/vc_row]<\/p>\n<\/div>","protected":false},"excerpt":{"rendered":"<p>[vc_row equal_height=&#8221;yes&#8221; content_placement=&#8221;middle&#8221;][vc_column width=&#8221;2\/3&#8243;][vc_custom_heading text=&#8221;AKCIZINIO SAND\u0116LIO PASLAUGOS (VILNIUS)&#8221; font_container=&#8221;tag:h1|text_align:left&#8221; use_theme_fonts=&#8221;yes&#8221;][\/vc_column][vc_column width=&#8221;1\/3&#8243;][vc_btn title=&#8221;U\u017eklausa d\u0117l paslaug\u0173&#8221; shape=&#8221;square&#8221; color=&#8221;green&#8221; size=&#8221;lg&#8221; i_icon_fontawesome=&#8221;stm-arrow-next&#8221; add_icon=&#8221;true&#8221; link=&#8221;url:https%3A%2F%2Fvia3l.eu%2Flt%2Fuzklausa-del-kainos%2F|title:U%C5%BEklausa%20d%C4%97l%20kainos|&#8221;][\/vc_column][\/vc_row][vc_row][vc_column][\/vc_column][\/vc_row][vc_row css=&#8221;.vc_custom_1575466977698{background-position: center !important;background-repeat: no-repeat !important;background-size: cover !important;}&#8221;][vc_column][vc_custom_heading text=&#8221;Did\u017eiuojam\u0117s jau daugiau nei 15 met\u0173&#8230;<\/p>\n","protected":false},"author":2,"featured_media":0,"parent":5153,"menu_order":6,"comment_status":"closed","ping_status":"closed","template":"","meta":{"footnotes":""},"class_list":["post-5167","page","type-page","status-publish","hentry"],"_links":{"self":[{"href":"https:\/\/via3l.eu\/lt\/wp-json\/wp\/v2\/pages\/5167","targetHints":{"allow":["GET"]}}],"collection":[{"href":"https:\/\/via3l.eu\/lt\/wp-json\/wp\/v2\/pages"}],"about":[{"href":"https:\/\/via3l.eu\/lt\/wp-json\/wp\/v2\/types\/page"}],"author":[{"embeddable":true,"href":"https:\/\/via3l.eu\/lt\/wp-json\/wp\/v2\/users\/2"}],"replies":[{"embeddable":true,"href":"https:\/\/via3l.eu\/lt\/wp-json\/wp\/v2\/comments?post=5167"}],"version-history":[{"count":0,"href":"https:\/\/via3l.eu\/lt\/wp-json\/wp\/v2\/pages\/5167\/revisions"}],"up":[{"embeddable":true,"href":"https:\/\/via3l.eu\/lt\/wp-json\/wp\/v2\/pages\/5153"}],"wp:attachment":[{"href":"https:\/\/via3l.eu\/lt\/wp-json\/wp\/v2\/media?parent=5167"}],"curies":[{"name":"wp","href":"https:\/\/api.w.org\/{rel}","templated":true}]}}