{"id":5261,"date":"2020-02-16T17:05:58","date_gmt":"2020-02-16T15:05:58","guid":{"rendered":"https:\/\/via3l.eu\/?page_id=5261"},"modified":"2025-05-14T16:42:10","modified_gmt":"2025-05-14T13:42:10","slug":"komercijos-skyriaus-kontaktai","status":"publish","type":"page","link":"https:\/\/via3l.eu\/lt\/komercijos-skyriaus-kontaktai\/","title":{"rendered":"KOMERCIJOS SKYRIAUS KONTAKTAI"},"content":{"rendered":"<div class=\"wpb-content-wrapper\"><p>[vc_row][vc_column][vc_custom_heading text=&#8221;Via 3L sand\u0117liavimo ir 3pl paslaugos&#8221; font_container=&#8221;tag:h1|text_align:center&#8221; use_theme_fonts=&#8221;yes&#8221;][\/vc_column][\/vc_row][vc_row equal_height=&#8221;yes&#8221;][vc_column css=&#8221;.vc_custom_1600075126962{margin-top: 0px !important;margin-bottom: 0px !important;}&#8221;][vc_empty_space][vc_row_inner][vc_column_inner width=&#8221;1\/4&#8243;][vc_column_text css=&#8221;&#8221;]<\/p>\n<p class=\"p1\" style=\"text-align: center;\"><strong><span class=\"s1\">Kamilija Kalvaityt\u0117\u00a0<\/span><\/strong><\/p>\n<p class=\"p1\" style=\"text-align: center;\"><span class=\"s1\"><span class=\"s5\">Via 3L LT UAB (<\/span>Lietuva)<\/span><\/p>\n<p class=\"p1\" style=\"text-align: center;\"><span class=\"s1\">Komercijos vadov\u0117<\/span><\/p>\n<p class=\"p1\" style=\"text-align: center;\"><strong><span class=\"s1\"><a href=\"tel:+37062692794\">+37062692794<\/a><\/span><\/strong><\/p>\n<p style=\"text-align: center;\"><span class=\"s3\"><a href=\"mailto:kamilija.kalvaityte@via3l.eu\"><span class=\"s4\">kamilija.kalvaityte@via3l.eu<\/span><\/a><br \/>\n<a href=\"https:\/\/www.linkedin.com\/in\/kamilija-kalvaityt%C4%97-725841ab\/\" rel=\"noopener noreferrer nofollow\" target=\"_blank\"><img data-opt-id=1274680391  fetchpriority=\"high\" decoding=\"async\" class=\"aligncenter wp-image-16542\" title=\"LI-In-Bug\" src=\"https:\/\/mlpeimtmgped.i.optimole.com\/w:150\/h:150\/q:mauto\/rt:fill\/g:ce\/ig:avif\/https:\/\/via3l.eu\/wp-content\/uploads\/2025\/03\/LI-In-Bug.png\" alt=\"linkedin logo\" width=\"51\" height=\"43\" srcset=\"https:\/\/mlpeimtmgped.i.optimole.com\/w:300\/h:255\/q:mauto\/ig:avif\/https:\/\/via3l.eu\/wp-content\/uploads\/2025\/03\/LI-In-Bug.png 300w, https:\/\/mlpeimtmgped.i.optimole.com\/w:635\/h:540\/q:mauto\/ig:avif\/https:\/\/via3l.eu\/wp-content\/uploads\/2025\/03\/LI-In-Bug.png 635w\" sizes=\"(max-width: 51px) 100vw, 51px\" \/><\/a><\/span><span class=\"s5\"><br \/>\n<\/span><\/p>\n<p>[\/vc_column_text][\/vc_column_inner][vc_column_inner width=&#8221;1\/4&#8243;][vc_column_text css=&#8221;&#8221;]<\/p>\n<p class=\"p1\" style=\"text-align: center;\"><strong><span class=\"s1\">Krist\u012bne Verza<\/span><\/strong><\/p>\n<p class=\"p1\" style=\"text-align: center;\"><span class=\"s1\"><span class=\"s5\">SIA Via 3L Latvia (<\/span>Latvija)<\/span><\/p>\n<p class=\"p1\" style=\"text-align: center;\"><span class=\"s1\">Pardavim\u0173 vadov\u0117<\/span><\/p>\n<p class=\"p1\" style=\"text-align: center;\"><strong><a href=\"tel:+37126412414\">+37126412414<\/a><br \/>\n<\/strong><br \/>\n<strong><span class=\"s3\"><a href=\"mailto:Kristine.verza@via3l.lv\"><span class=\"s4\">Kristine.verza@via3l.lv<\/span><\/a><br \/>\n<\/span><\/strong><span class=\"s5\"><a href=\"https:\/\/www.linkedin.com\/in\/krist%C4%ABne-verza-575034234\/\" rel=\"noopener noreferrer nofollow\" target=\"_blank\"><img data-opt-id=1274680391  fetchpriority=\"high\" decoding=\"async\" class=\"aligncenter wp-image-16542\" title=\"LI-In-Bug\" src=\"https:\/\/mlpeimtmgped.i.optimole.com\/w:150\/h:150\/q:mauto\/rt:fill\/g:ce\/ig:avif\/https:\/\/via3l.eu\/wp-content\/uploads\/2025\/03\/LI-In-Bug.png\" alt=\"linkedin logo\" width=\"51\" height=\"43\" srcset=\"https:\/\/mlpeimtmgped.i.optimole.com\/w:300\/h:255\/q:mauto\/ig:avif\/https:\/\/via3l.eu\/wp-content\/uploads\/2025\/03\/LI-In-Bug.png 300w, https:\/\/mlpeimtmgped.i.optimole.com\/w:635\/h:540\/q:mauto\/ig:avif\/https:\/\/via3l.eu\/wp-content\/uploads\/2025\/03\/LI-In-Bug.png 635w\" sizes=\"(max-width: 51px) 100vw, 51px\" \/><\/a><\/span><\/p>\n<p>[\/vc_column_text][\/vc_column_inner][vc_column_inner width=&#8221;1\/4&#8243;][vc_column_text css=&#8221;&#8221;]<\/p>\n<p class=\"p1\" style=\"text-align: center;\"><strong><span class=\"s1\">Sven Raismaa<\/span><\/strong><\/p>\n<p class=\"p1\" style=\"text-align: center;\"><span class=\"s1\"><span class=\"s5\">Via 3L O\u00dc (<\/span>Estija)<\/span><\/p>\n<p class=\"p1\" style=\"text-align: center;\"><span class=\"s1\">Pardavim\u0173 direktorius<\/span><\/p>\n<p class=\"p1\" style=\"text-align: center;\"><strong><a href=\"tel:+3725270300\">+3725270300<\/a><br \/>\n<\/strong><br \/>\n<strong><span class=\"s3\"><a href=\"mailto:sven.raismaa@via3l.eu\"><span class=\"s4\">sven.raismaa@via3l.eu<\/span><\/a><br \/>\n<\/span><\/strong><span class=\"s5\"><a href=\"https:\/\/www.linkedin.com\/in\/sven-raismaa-7b1048113\/\" rel=\"noopener noreferrer nofollow\" target=\"_blank\"><img data-opt-id=1274680391  fetchpriority=\"high\" decoding=\"async\" class=\"aligncenter wp-image-16542\" title=\"LI-In-Bug\" src=\"https:\/\/mlpeimtmgped.i.optimole.com\/w:150\/h:150\/q:mauto\/rt:fill\/g:ce\/ig:avif\/https:\/\/via3l.eu\/wp-content\/uploads\/2025\/03\/LI-In-Bug.png\" alt=\"linkedin logo\" width=\"51\" height=\"43\" srcset=\"https:\/\/mlpeimtmgped.i.optimole.com\/w:300\/h:255\/q:mauto\/ig:avif\/https:\/\/via3l.eu\/wp-content\/uploads\/2025\/03\/LI-In-Bug.png 300w, https:\/\/mlpeimtmgped.i.optimole.com\/w:635\/h:540\/q:mauto\/ig:avif\/https:\/\/via3l.eu\/wp-content\/uploads\/2025\/03\/LI-In-Bug.png 635w\" sizes=\"(max-width: 51px) 100vw, 51px\" \/><\/a><\/span><\/p>\n<p>[\/vc_column_text][\/vc_column_inner][vc_column_inner width=&#8221;1\/4&#8243;][vc_column_text css=&#8221;&#8221;]<\/p>\n<p class=\"p1\" style=\"text-align: center;\"><strong><span class=\"s1\">Raili Sell<\/span><\/strong><\/p>\n<p class=\"p1\" style=\"text-align: center;\"><span class=\"s1\"><span class=\"s5\">Via 3L O\u00dc (Estija)<\/span><\/span><\/p>\n<p class=\"p1\" style=\"text-align: center;\"><span class=\"s1\">Pardavim\u0173 vadybininkas<\/span><span class=\"s1\"><br \/>\n<\/span><\/p>\n<p class=\"p1\" style=\"text-align: center;\"><strong><a href=\"tel:+37256468469\">+37256468469<\/a><br \/>\n<\/strong><br \/>\n<strong><span class=\"s3\"><a href=\"mailto:raili.sell@via3l.eu\"><span class=\"s4\">raili.sell@via3l.eu<\/span><\/a><br \/>\n<\/span><\/strong><span class=\"s5\"><a href=\"https:\/\/www.linkedin.com\/in\/raili-sell-62bb6320a\/\" rel=\"noopener noreferrer nofollow\" target=\"_blank\"><img data-opt-id=1274680391  fetchpriority=\"high\" decoding=\"async\" class=\"aligncenter wp-image-16542\" title=\"LI-In-Bug\" src=\"https:\/\/mlpeimtmgped.i.optimole.com\/w:150\/h:150\/q:mauto\/rt:fill\/g:ce\/ig:avif\/https:\/\/via3l.eu\/wp-content\/uploads\/2025\/03\/LI-In-Bug.png\" alt=\"linkedin logo\" width=\"51\" height=\"43\" srcset=\"https:\/\/mlpeimtmgped.i.optimole.com\/w:300\/h:255\/q:mauto\/ig:avif\/https:\/\/via3l.eu\/wp-content\/uploads\/2025\/03\/LI-In-Bug.png 300w, https:\/\/mlpeimtmgped.i.optimole.com\/w:635\/h:540\/q:mauto\/ig:avif\/https:\/\/via3l.eu\/wp-content\/uploads\/2025\/03\/LI-In-Bug.png 635w\" sizes=\"(max-width: 51px) 100vw, 51px\" \/><\/a><\/span><\/p>\n<p>[\/vc_column_text][\/vc_column_inner][\/vc_row_inner][\/vc_column][\/vc_row][vc_row][vc_column][vc_custom_heading text=&#8221;VIA 3l TARPTAUTINI\u0172 PERVE\u017dIM\u0172 PASLAuGOS&#8221; font_container=&#8221;tag:h2|text_align:center&#8221; use_theme_fonts=&#8221;yes&#8221;][vc_empty_space][\/vc_column][\/vc_row][vc_row][vc_column width=&#8221;1\/2&#8243;][vc_column_text css=&#8221;&#8221;]<\/p>\n<p style=\"text-align: center;\"><\/p>\n<p>[\/vc_column_text][\/vc_column][vc_column width=&#8221;1\/2&#8243;][vc_column_text css=&#8221;&#8221;]<\/p>\n<p style=\"text-align: center;\"><\/p>\n<p>[\/vc_column_text][\/vc_column][\/vc_row][vc_row][vc_column][vc_empty_space height=&#8221;50px&#8221;][vc_images_carousel images=&#8221;11318,10897,10135&#8243; img_size=&#8221;large&#8221; autoplay=&#8221;yes&#8221;][\/vc_column][\/vc_row]<\/p>\n<\/div>","protected":false},"excerpt":{"rendered":"<p>[vc_row][vc_column][vc_custom_heading text=&#8221;Via 3L sand\u0117liavimo ir 3pl paslaugos&#8221; font_container=&#8221;tag:h1|text_align:center&#8221; use_theme_fonts=&#8221;yes&#8221;][\/vc_column][\/vc_row][vc_row equal_height=&#8221;yes&#8221;][vc_column css=&#8221;.vc_custom_1600075126962{margin-top: 0px !important;margin-bottom: 0px !important;}&#8221;][vc_empty_space][vc_row_inner][vc_column_inner width=&#8221;1\/4&#8243;][vc_column_text css=&#8221;&#8221;] Kamilija Kalvaityt\u0117\u00a0 Via 3L LT UAB (Lietuva) Komercijos vadov\u0117 +37062692794 kamilija.kalvaityte@via3l.eu [\/vc_column_text][\/vc_column_inner][vc_column_inner width=&#8221;1\/4&#8243;][vc_column_text css=&#8221;&#8221;] Krist\u012bne Verza&#8230;<\/p>\n","protected":false},"author":2,"featured_media":0,"parent":0,"menu_order":1,"comment_status":"closed","ping_status":"closed","template":"","meta":{"footnotes":""},"class_list":["post-5261","page","type-page","status-publish","hentry"],"_links":{"self":[{"href":"https:\/\/via3l.eu\/lt\/wp-json\/wp\/v2\/pages\/5261","targetHints":{"allow":["GET"]}}],"collection":[{"href":"https:\/\/via3l.eu\/lt\/wp-json\/wp\/v2\/pages"}],"about":[{"href":"https:\/\/via3l.eu\/lt\/wp-json\/wp\/v2\/types\/page"}],"author":[{"embeddable":true,"href":"https:\/\/via3l.eu\/lt\/wp-json\/wp\/v2\/users\/2"}],"replies":[{"embeddable":true,"href":"https:\/\/via3l.eu\/lt\/wp-json\/wp\/v2\/comments?post=5261"}],"version-history":[{"count":0,"href":"https:\/\/via3l.eu\/lt\/wp-json\/wp\/v2\/pages\/5261\/revisions"}],"wp:attachment":[{"href":"https:\/\/via3l.eu\/lt\/wp-json\/wp\/v2\/media?parent=5261"}],"curies":[{"name":"wp","href":"https:\/\/api.w.org\/{rel}","templated":true}]}}