{"id":6625,"date":"2020-09-29T18:19:03","date_gmt":"2020-09-29T15:19:03","guid":{"rendered":"https:\/\/via3l.eu\/?page_id=6625"},"modified":"2026-01-14T11:34:41","modified_gmt":"2026-01-14T09:34:41","slug":"kontaktai","status":"publish","type":"page","link":"https:\/\/via3l.eu\/lt\/kontaktai\/","title":{"rendered":"Kontaktai"},"content":{"rendered":"<div class=\"wpb-content-wrapper\"><p>[vc_row][vc_column][vc_column_text]<\/p>\n<p data-rm-block-id=\"block-1\">[\/vc_column_text][\/vc_column][\/vc_row][vc_row][vc_column][vc_custom_heading text=&#8221;Kontaktai Via 3L LT &#8211; J\u016aS\u0172 3PL PARTNERIS LIETUVOJE&#8221; font_container=&#8221;tag:h1|text_align:center&#8221; use_theme_fonts=&#8221;yes&#8221; css=&#8221;&#8221; link=&#8221;url:https%3A%2F%2Fvia3l.eu%2Flt%2F|title:Home&#8221;][vc_column_text css=&#8221;&#8221;]Kontaktai <a href=\"https:\/\/via3l.eu\/lt\/\">Via 3L LT UAB<\/a> si\u016blo i\u0161sami\u0105 informacij\u0105 apie savo sand\u0117lius Vilniuje, Kaune ir kituose Baltijos miestuose. Klientai gali lengvai susisiekti su klient\u0173 aptarnavimo tarnyba ir \u017emogi\u0161k\u0173j\u0173 i\u0161tekli\u0173 skyriumi, kad gaut\u0173 reikiam\u0105 informacij\u0105. Telefon\u0173 numeriai ir el. pa\u0161to adresai yra pateikti oficialioje svetain\u0117je, u\u017etikrinant greit\u0105 ir efektyv\u0173 bendravim\u0105. Be to, \u012fmon\u0117s vadovyb\u0117s kontaktai taip pat yra prieinami, o j\u0173 buvimo viet\u0105 galima rasti \u201eGoogle Maps\u201c. Naudojantis pokalbi\u0173 funkcija, klientai gali patikrinti savo u\u017esakymo status\u0105, kas dar labiau palengvina bendravim\u0105 ir u\u017etikrina skland\u0173 aptarnavim\u0105.[\/vc_column_text][\/vc_column][\/vc_row][vc_row][vc_column][vc_column_text css=&#8221;&#8221;]<\/p>\n<h2 style=\"text-align: center;\">Filial\u0173 kontaktai<\/h2>\n<p>[\/vc_column_text][vc_empty_space][\/vc_column][\/vc_row][vc_row][vc_column width=&#8221;1\/3&#8243; offset=&#8221;vc_hidden-xs&#8221;][vc_single_image image=&#8221;2919&#8243; alignment=&#8221;center&#8221; onclick=&#8221;custom_link&#8221; img_link_target=&#8221;_blank&#8221;][vc_custom_heading text=&#8221;VIA 3L LT UAB | Vilnius&#8221; font_container=&#8221;tag:h3|text_align:center&#8221; use_theme_fonts=&#8221;yes&#8221; css=&#8221;&#8221; link=&#8221;url:https%3A%2F%2Fvia3l.eu%2Flt%2F&#8221;][vc_custom_heading text=&#8221;LOGISTIKOS \u012eMON\u0116 LIETUVOJE&#8221; font_container=&#8221;tag:h4|text_align:center&#8221; use_theme_fonts=&#8221;yes&#8221;][vc_column_text css=&#8221;&#8221;]<\/p>\n<p style=\"text-align: center;\"><a href=\"https:\/\/maps.app.goo.gl\/xTAs5AEttHDvrw388\" target=\"_blank\" rel=\"noopener noreferrer nofollow\">Google Maps<\/a><\/p>\n<p>[\/vc_column_text][\/vc_column][vc_column width=&#8221;1\/3&#8243; offset=&#8221;vc_hidden-xs&#8221;][vc_single_image image=&#8221;2919&#8243; alignment=&#8221;center&#8221; onclick=&#8221;custom_link&#8221; img_link_target=&#8221;_blank&#8221;][vc_custom_heading text=&#8221;VIA 3L LT UAB | Kaunas&#8221; font_container=&#8221;tag:h3|text_align:center&#8221; use_theme_fonts=&#8221;yes&#8221;][vc_custom_heading text=&#8221;Kauno logistikos padalinys&#8221; font_container=&#8221;tag:h4|text_align:center&#8221; use_theme_fonts=&#8221;yes&#8221;][vc_column_text css=&#8221;&#8221;]<\/p>\n<p style=\"text-align: center;\"><a href=\"https:\/\/maps.app.goo.gl\/GuCMR6R7JWjtT79g9\" target=\"_blank\" rel=\"noopener noreferrer nofollow\">Google Maps<\/a><\/p>\n<p>[\/vc_column_text][\/vc_column][vc_column width=&#8221;1\/3&#8243; offset=&#8221;vc_hidden-xs&#8221;][vc_single_image image=&#8221;2919&#8243; alignment=&#8221;center&#8221; onclick=&#8221;custom_link&#8221; img_link_target=&#8221;_blank&#8221;][vc_custom_heading text=&#8221;VIA 3L LT UAB | Vilnius&#8221; font_container=&#8221;tag:h3|text_align:center&#8221; use_theme_fonts=&#8221;yes&#8221;][vc_custom_heading text=&#8221;Vilniaus Terminiai sand\u0117liai&#8221; font_container=&#8221;tag:h4|text_align:center&#8221; use_theme_fonts=&#8221;yes&#8221;][vc_column_text css=&#8221;&#8221;]<\/p>\n<p style=\"text-align: center;\"><a href=\"https:\/\/maps.app.goo.gl\/G1CoHHzqvTMWNHme9\" target=\"_blank\" rel=\"noopener noreferrer nofollow\">Google Maps<\/a><\/p>\n<p>[\/vc_column_text][\/vc_column][\/vc_row][vc_row][vc_column offset=&#8221;vc_hidden-lg vc_hidden-md vc_hidden-sm&#8221;][vc_single_image image=&#8221;2919&#8243; alignment=&#8221;center&#8221; onclick=&#8221;custom_link&#8221; img_link_target=&#8221;_blank&#8221;][vc_custom_heading text=&#8221;VIA 3L LT UAB | Vilnius&#8221; font_container=&#8221;tag:h3|text_align:center&#8221; use_theme_fonts=&#8221;yes&#8221;][vc_custom_heading text=&#8221;LOGISTIKOS \u012eMON\u0116 LIETUVOJE&#8221; font_container=&#8221;tag:h4|text_align:center&#8221; use_theme_fonts=&#8221;yes&#8221;][vc_empty_space][vc_separator el_width=&#8221;50&#8243;][vc_empty_space][vc_custom_heading text=&#8221;VIA 3L LT UAB | Kaunas&#8221; font_container=&#8221;tag:h3|text_align:center&#8221; use_theme_fonts=&#8221;yes&#8221;][vc_custom_heading text=&#8221;Kauno logistikos padalinys&#8221; font_container=&#8221;tag:h4|text_align:center&#8221; use_theme_fonts=&#8221;yes&#8221;][vc_empty_space][vc_separator el_width=&#8221;50&#8243;][vc_empty_space][vc_custom_heading text=&#8221;VIA 3L LT UAB | Vilnius&#8221; font_container=&#8221;tag:h3|text_align:center&#8221; use_theme_fonts=&#8221;yes&#8221;][vc_custom_heading text=&#8221;Vilniaus Terminiai sand\u0117liai&#8221; font_container=&#8221;tag:h4|text_align:center&#8221; use_theme_fonts=&#8221;yes&#8221;][\/vc_column][\/vc_row][vc_row][vc_column width=&#8221;1\/3&#8243;][\/vc_column][vc_column width=&#8221;1\/3&#8243;][\/vc_column][vc_column width=&#8221;1\/3&#8243;][\/vc_column][\/vc_row][vc_row equal_height=&#8221;yes&#8221; content_placement=&#8221;top&#8221;][vc_column width=&#8221;1\/3&#8243; offset=&#8221;vc_hidden-xs&#8221;][vc_column_text]<\/p>\n<p class=\"p2\" style=\"text-align: center;\" data-rm-block-id=\"block-2\">Liepkalnio g. 172M<br \/>\nLT-02121 Vilnius<br \/>\nLietuva<\/p>\n<p data-rm-block-id=\"block-3\">[\/vc_column_text][\/vc_column][vc_column width=&#8221;1\/3&#8243; offset=&#8221;vc_hidden-xs&#8221;][vc_column_text]<\/p>\n<p class=\"p2\" style=\"text-align: center;\" data-rm-block-id=\"block-4\">Martinavos g. 8, Martinavos k.<br \/>\nLT-54463 Kauno r.<br \/>\nLietuva[\/vc_column_text][\/vc_column][vc_column width=&#8221;1\/3&#8243; offset=&#8221;vc_hidden-xs&#8221;][vc_column_text]<\/p>\n<p style=\"text-align: center;\" data-rm-block-id=\"block-5\">Terminalo g. 6,<br \/>\nLT-02243 Vilnius,<br \/>\nLietuva[\/vc_column_text][\/vc_column][\/vc_row][vc_row][vc_column][vc_empty_space][vc_column_text css=&#8221;&#8221;]<\/p>\n<p class=\"p1\" style=\"text-align: center;\" data-rm-block-id=\"block-6\"><a href=\"https:\/\/via3l.eu\/lt\/\"><strong>Via 3L LT UAB<\/strong><\/a> | Reg. 126410751 | PVM numeris LT100000998516 | SEB BANKAS LT837044060003900041 |<\/p>\n<p class=\"p2\" style=\"text-align: center;\" data-rm-block-id=\"block-7\">T +37061469802 | e. pa\u0161tas lt@via3l.eu<\/p>\n<p>[\/vc_column_text][\/vc_column][\/vc_row][vc_row gap=&#8221;10&#8243; equal_height=&#8221;yes&#8221; css=&#8221;.vc_custom_1601454300540{padding-top: 0px !important;padding-bottom: 50px !important;}&#8221;][vc_column][vc_row_inner][vc_column_inner][\/vc_column_inner][\/vc_row_inner][\/vc_column][\/vc_row][vc_row][vc_column width=&#8221;1\/3&#8243; offset=&#8221;vc_hidden-xs&#8221;][vc_column_text el_class=&#8221;contact_class&#8221;]<\/p>\n<div class=\"tshowcase-box-title\" style=\"text-align: center;\" data-rm-block-id=\"block-9\">KOKYB\u0116S SKYRIUS<\/div>\n<div class=\"tshowcase-box-details\">\n<div class=\"tshowcase-single-telephone\" style=\"text-align: center;\" data-rm-block-id=\"block-10\"><i class=\"fas fa-phone-square\"><\/i><a href=\"tel:+37064039731\">+37064039731<\/a><\/div>\n<div class=\"tshowcase-single-freehtml\" style=\"text-align: center;\" data-rm-block-id=\"block-11\"><i class=\"fas fa-align-justify\"><\/i>Teikiam\u0173 paslaug\u0173 kokyb\u0117s klausimai<\/div>\n<\/div>\n<p data-rm-block-id=\"block-12\">[\/vc_column_text][\/vc_column][vc_column width=&#8221;1\/3&#8243; offset=&#8221;vc_hidden-xs&#8221;][vc_column_text]<\/p>\n<div class=\"tshowcase-box-title\" style=\"text-align: center;\" data-rm-block-id=\"block-13\">PERSONALO SKYRIUS<\/div>\n<div class=\"tshowcase-box-details\">\n<div class=\"tshowcase-single-telephone\" style=\"text-align: center;\" data-rm-block-id=\"block-14\"><i class=\"fas fa-phone-square\"><\/i><a href=\"tel:+37069490003\">+37069490003<\/a><\/div>\n<div class=\"tshowcase-single-freehtml\" style=\"text-align: center;\" data-rm-block-id=\"block-15\"><i class=\"fas fa-align-justify\"><\/i>Karjera Via 3L<\/div>\n<\/div>\n<p data-rm-block-id=\"block-16\">[\/vc_column_text][\/vc_column][vc_column width=&#8221;1\/3&#8243; offset=&#8221;vc_hidden-xs&#8221;][vc_column_text]<\/p>\n<div class=\"tshowcase-box-title\" style=\"text-align: center;\" data-rm-block-id=\"block-17\">KOMERCIJOS SKYRIUS<\/div>\n<div class=\"tshowcase-box-details\">\n<div class=\"tshowcase-single-telephone\" style=\"text-align: center;\" data-rm-block-id=\"block-18\"><i class=\"fas fa-phone-square\"><\/i><a href=\"tel:+37062692794\">+37062692794<\/a><\/div>\n<div class=\"tshowcase-single-freehtml\" style=\"text-align: center;\" data-rm-block-id=\"block-19\"><i class=\"fas fa-align-justify\"><\/i>Sand\u0117liavimo, 3PL paslaug\u0173 teikimo klausimai<\/div>\n<\/div>\n<p data-rm-block-id=\"block-20\">[\/vc_column_text][\/vc_column][\/vc_row][vc_row][vc_column offset=&#8221;vc_hidden-lg vc_hidden-md vc_hidden-sm&#8221;][vc_column_text el_class=&#8221;contact_class&#8221;]<\/p>\n<div class=\"tshowcase-box-title\" style=\"text-align: center;\" data-rm-block-id=\"block-21\">KOKYB\u0116S SKYRIUS<\/div>\n<div class=\"tshowcase-box-details\">\n<div class=\"tshowcase-single-telephone\" style=\"text-align: center;\" data-rm-block-id=\"block-22\"><i class=\"fas fa-phone-square\"><\/i><a href=\"tel:+37064039731\">+37064039731<\/a><\/div>\n<div class=\"tshowcase-single-freehtml\" style=\"text-align: center;\" data-rm-block-id=\"block-23\"><i class=\"fas fa-align-justify\"><\/i>Teikiam\u0173 paslaug\u0173 kokyb\u0117s klausimai<\/div>\n<\/div>\n<p data-rm-block-id=\"block-24\">[\/vc_column_text][vc_empty_space][vc_separator el_width=&#8221;50&#8243;][vc_empty_space][vc_column_text]<\/p>\n<div class=\"tshowcase-box-title\" style=\"text-align: center;\" data-rm-block-id=\"block-25\">PERSONALO SKYRIUS<\/div>\n<div class=\"tshowcase-box-details\">\n<div class=\"tshowcase-single-telephone\" style=\"text-align: center;\" data-rm-block-id=\"block-26\"><i class=\"fas fa-phone-square\"><\/i><a href=\"tel:+37069490003\">+37069490003<\/a><\/div>\n<div class=\"tshowcase-single-freehtml\" style=\"text-align: center;\" data-rm-block-id=\"block-27\"><i class=\"fas fa-align-justify\"><\/i>Karjera Via 3L<\/div>\n<\/div>\n<p data-rm-block-id=\"block-28\">[\/vc_column_text][vc_empty_space][vc_separator el_width=&#8221;50&#8243;][vc_empty_space][vc_column_text]<\/p>\n<div class=\"tshowcase-box-title\" style=\"text-align: center;\" data-rm-block-id=\"block-29\">KOMERCIJOS SKYRIUS<\/div>\n<div class=\"tshowcase-box-details\">\n<div class=\"tshowcase-single-telephone\" style=\"text-align: center;\" data-rm-block-id=\"block-30\"><i class=\"fas fa-phone-square\"><\/i><a href=\"tel:+37062692794\">+37062692794<\/a><\/div>\n<div class=\"tshowcase-single-freehtml\" style=\"text-align: center;\" data-rm-block-id=\"block-31\"><i class=\"fas fa-align-justify\"><\/i>Sand\u0117liavimo, 3PL paslaug\u0173 teikimo klausimai<\/div>\n<\/div>\n<p data-rm-block-id=\"block-32\">[\/vc_column_text][vc_empty_space][vc_separator el_width=&#8221;50&#8243;][vc_empty_space][\/vc_column][\/vc_row][vc_row equal_height=&#8221;yes&#8221; el_id=&#8221;managementt 3 people LT Smart Section&#8221;][vc_column css=&#8221;.vc_custom_1600075126962{margin-top: 0px !important;margin-bottom: 0px !important;}&#8221;][vc_empty_space][vc_column_text css=&#8221;&#8221;][\/vc_column_text][\/vc_column][\/vc_row][vc_row][vc_column][vc_empty_space][vc_text_separator title=&#8221;Baltic&#8221; color=&#8221;green&#8221; border_width=&#8221;3&#8243;][vc_empty_space][vc_tta_accordion style=&#8221;modern&#8221; color=&#8221;theme_style&#8221; c_align=&#8221;center&#8221; active_section=&#8221;9&#8243; css_animation=&#8221;bounceIn&#8221; no_fill=&#8221;true&#8221; collapsible_all=&#8221;true&#8221;][vc_tta_section title=&#8221;VIA 3L O\u00dc | Tallinn&#8221; tab_id=&#8221;1689927671066-e1d5951c-7d8116899287653911715081432723&#8243;][vc_single_image image=&#8221;5485&#8243; alignment=&#8221;center&#8221; onclick=&#8221;custom_link&#8221; img_link_target=&#8221;_blank&#8221; link=&#8221;https:\/\/via3l.eu\/et\/&#8221;][vc_custom_heading text=&#8221;Estijos motinin\u0117 \u012fmon\u0117&#8221; font_container=&#8221;tag:h4|text_align:center&#8221; use_theme_fonts=&#8221;yes&#8221;][vc_column_text css=&#8221;&#8221;]<\/p>\n<p style=\"text-align: center;\" data-rm-block-id=\"block-33\">Kalmari kelias 10,Lagedi<br \/>\nHarjumaa, 75327<br \/>\nEstija<\/p>\n<p style=\"text-align: center;\" data-rm-block-id=\"block-34\">Reg. 10731489<br \/>\nPVM numeris EE100678989<\/p>\n<p style=\"text-align: center;\" data-rm-block-id=\"block-35\">Bankas<br \/>\nSEB bankas<br \/>\nEE631010220018687010<\/p>\n<p style=\"text-align: center;\" data-rm-block-id=\"block-36\">+3726 802300<br \/>\nvia3l@via3l.eu<br \/>\n<\/p>\n<p data-rm-block-id=\"block-37\">[\/vc_column_text][vc_empty_space][\/vc_tta_section][vc_tta_section title=&#8221;VIA 3L LATVIA SIA | Riga&#8221; tab_id=&#8221;1689927671095-bc7fe475-31f116899287653911715081432723&#8243;][vc_single_image image=&#8221;5489&#8243; alignment=&#8221;center&#8221; onclick=&#8221;custom_link&#8221; img_link_target=&#8221;_blank&#8221; link=&#8221;https:\/\/via3l.eu\/lv\/&#8221;][vc_custom_heading text=&#8221;LOGISTIKOS \u012eMON\u0116 LATVIJOJE&#8221; font_container=&#8221;tag:h4|text_align:center&#8221; use_theme_fonts=&#8221;yes&#8221;][vc_column_text]<\/p>\n<p style=\"text-align: center;\" data-rm-block-id=\"block-38\">Latgales iela 495, Rumbula,<br \/>\nStopi\u0146u pagasts, Ropa\u017eu novads, LV-2121<br \/>\nLatvija<\/p>\n<p style=\"text-align: center;\" data-rm-block-id=\"block-39\">Reg. 40103609889<br \/>\nPVM numeris LV40103609889<\/p>\n<p style=\"text-align: center;\" data-rm-block-id=\"block-40\">Bankas<br \/>\nSEB Bankas<br \/>\nLV60UNLA0055000503031<\/p>\n<p style=\"text-align: center;\" data-rm-block-id=\"block-41\">+ 371 67930300<br \/>\noffice@via3l.lv[\/vc_column_text][vc_column_text css=&#8221;&#8221;]<\/p>\n<p style=\"text-align: center;\" data-rm-block-id=\"block-42\"><\/p>\n<p data-rm-block-id=\"block-43\">[\/vc_column_text][vc_empty_space][\/vc_tta_section][vc_tta_section title=&#8221;VIA 3L FREIGHT O\u00dc | Tallinn&#8221; tab_id=&#8221;1689927769020-e40ed2eb-895b16899287653911715081432723&#8243;][vc_single_image image=&#8221;5485&#8243; alignment=&#8221;center&#8221; onclick=&#8221;custom_link&#8221; img_link_target=&#8221;_blank&#8221; link=&#8221;https:\/\/via3l.eu\/en\/international-transport-services\/&#8221;][vc_custom_heading text=&#8221;EKSPEDIJAVIMO<br \/>\n\u012eMON\u0116 ESTIJOJE&#8221; font_container=&#8221;tag:h4|text_align:center&#8221; use_theme_fonts=&#8221;yes&#8221;][vc_column_text]<\/p>\n<p style=\"text-align: center;\" data-rm-block-id=\"block-44\">Kalmari g. 10, Lagedi<br \/>\nHarjumaa, 75327<br \/>\nEstija<\/p>\n<p style=\"text-align: center;\" data-rm-block-id=\"block-45\">Reg. 14714973<br \/>\nPVM numeris EE102155219<\/p>\n<p style=\"text-align: center;\" data-rm-block-id=\"block-46\">Bankas<br \/>\nSEB bankas<br \/>\nEE491010220279130225<br \/>\nBIC: EEUHEE2X<\/p>\n<p style=\"text-align: center;\" data-rm-block-id=\"block-47\">freight@via3l.eu<\/p>\n<p data-rm-block-id=\"block-48\">[\/vc_column_text][vc_empty_space][vc_row_inner][vc_column_inner][vc_column_text css=&#8221;&#8221;]<\/p>\n<p style=\"text-align: center;\" data-rm-block-id=\"block-49\"><\/p>\n<p data-rm-block-id=\"block-50\">[\/vc_column_text][\/vc_column_inner][\/vc_row_inner][\/vc_tta_section][\/vc_tta_accordion][\/vc_column][\/vc_row][vc_row full_width=&#8221;stretch_row_content&#8221;][vc_column][vc_empty_space][vc_column_text css=&#8221;&#8221;]\r\n            \r\n            \r\n            \r\n            <a name='map1'><\/a>\r\n            \r\n            \r\n            \r\n            \r\n            <div class=\"wpgmza_map \"  id=\"wpgmza_map_1\" style=\"display:block; overflow:auto; width:100%; height:600px; float:left;\" data-settings='{\"id\":\"1\",\"map_title\":\"Via 3L network\",\"map_width\":\"100\",\"map_height\":\"600\",\"map_start_lat\":\"56.95058881419294\",\"map_start_lng\":\"24.08717906249999\",\"map_start_location\":\"\",\"map_start_zoom\":\"6\",\"default_marker\":\"\\\/\\\/via3l.eu\\\/wp-content\\\/uploads\\\/2025\\\/06\\\/Linnuparv-via3l.png\",\"type\":\"1\",\"alignment\":\"0\",\"directions_enabled\":\"0\",\"styling_enabled\":\"0\",\"styling_json\":\"\",\"active\":\"0\",\"kml\":\"\",\"bicycle\":\"0\",\"traffic\":\"0\",\"dbox\":\"1\",\"dbox_width\":\"100\",\"listmarkers\":\"0\",\"listmarkers_advanced\":\"0\",\"filterbycat\":\"0\",\"ugm_enabled\":\"0\",\"ugm_category_enabled\":\"0\",\"fusion\":\"\",\"map_width_type\":\"%\",\"map_height_type\":\"px\",\"mass_marker_support\":\"0\",\"ugm_access\":\"0\",\"order_markers_by\":\"1\",\"order_markers_choice\":\"1\",\"show_user_location\":\"0\",\"default_to\":\"\",\"other_settings\":{\"map_type\":1,\"sl_stroke_color\":\"#ff0000\",\"sl_fill_color\":\"#ff0000\",\"sl_stroke_opacity\":\"1\",\"sl_fill_opacity\":\"0.5\",\"transport_layer\":false,\"action\":\"wpgmza_save_map\",\"redirect_to\":\"\\\/wp-admin\\\/admin-post.php\",\"map_id\":\"1\",\"http_referer\":\"\\\/wp-admin\\\/admin.php?page=wp-google-maps-menu&amp;amp;action=edit&amp;amp;map_id=1\",\"wpgmza_id\":\"1\",\"wpgmza_start_location\":\"56.95058881419294,24.08717906249999\",\"wpgmza_start_zoom\":\"6\",\"wpgmza_theme_data\":\"[{\\\"featureType\\\":\\\"administrative.locality\\\",\\\"elementType\\\":\\\"all\\\",\\\"stylers\\\":[{\\\"hue\\\":\\\"#2c2e33\\\"},{\\\"saturation\\\":7},{\\\"lightness\\\":19},{\\\"visibility\\\":\\\"on\\\"}]},{\\\"featureType\\\":\\\"landscape\\\",\\\"elementType\\\":\\\"all\\\",\\\"stylers\\\":[{\\\"hue\\\":\\\"#ffffff\\\"},{\\\"saturation\\\":-100},{\\\"lightness\\\":100},{\\\"visibility\\\":\\\"simplified\\\"}]},{\\\"featureType\\\":\\\"poi\\\",\\\"elementType\\\":\\\"all\\\",\\\"stylers\\\":[{\\\"hue\\\":\\\"#ffffff\\\"},{\\\"saturation\\\":-100},{\\\"lightness\\\":100},{\\\"visibility\\\":\\\"off\\\"}]},{\\\"featureType\\\":\\\"road\\\",\\\"elementType\\\":\\\"geometry\\\",\\\"stylers\\\":[{\\\"hue\\\":\\\"#bbc0c4\\\"},{\\\"saturation\\\":-93},{\\\"lightness\\\":31},{\\\"visibility\\\":\\\"simplified\\\"}]},{\\\"featureType\\\":\\\"road\\\",\\\"elementType\\\":\\\"labels\\\",\\\"stylers\\\":[{\\\"hue\\\":\\\"#bbc0c4\\\"},{\\\"saturation\\\":-93},{\\\"lightness\\\":31},{\\\"visibility\\\":\\\"on\\\"}]},{\\\"featureType\\\":\\\"road.arterial\\\",\\\"elementType\\\":\\\"labels\\\",\\\"stylers\\\":[{\\\"hue\\\":\\\"#bbc0c4\\\"},{\\\"saturation\\\":-93},{\\\"lightness\\\":-2},{\\\"visibility\\\":\\\"simplified\\\"}]},{\\\"featureType\\\":\\\"road.local\\\",\\\"elementType\\\":\\\"geometry\\\",\\\"stylers\\\":[{\\\"hue\\\":\\\"#e9ebed\\\"},{\\\"saturation\\\":-90},{\\\"lightness\\\":-8},{\\\"visibility\\\":\\\"simplified\\\"}]},{\\\"featureType\\\":\\\"transit\\\",\\\"elementType\\\":\\\"all\\\",\\\"stylers\\\":[{\\\"hue\\\":\\\"#e9ebed\\\"},{\\\"saturation\\\":10},{\\\"lightness\\\":69},{\\\"visibility\\\":\\\"on\\\"}]},{\\\"featureType\\\":\\\"water\\\",\\\"elementType\\\":\\\"all\\\",\\\"stylers\\\":[{\\\"hue\\\":\\\"#e9ebed\\\"},{\\\"saturation\\\":-78},{\\\"lightness\\\":67},{\\\"visibility\\\":\\\"simplified\\\"}]}]\",\"wpgmza_dbox_width_type\":\"%\",\"default_from\":\"\",\"directions_behaviour\":\"default\",\"force_google_directions_app\":false,\"directions_route_origin_icon\":\"https:\\\/\\\/via3l.eu\\\/wp-content\\\/plugins\\\/wp-google-maps\\\/images\\\/spotlight-poi3.png\",\"directions_origin_retina\":false,\"directions_route_destination_icon\":\"https:\\\/\\\/via3l.eu\\\/wp-content\\\/plugins\\\/wp-google-maps\\\/images\\\/spotlight-poi3.png\",\"directions_destination_retina\":false,\"directions_route_stroke_color\":\"#4f8df5\",\"directions_route_stroke_weight\":\"4\",\"directions_route_stroke_opacity\":\"0.8\",\"directions_fit_bounds_to_route\":false,\"store_locator_enabled\":false,\"store_locator_search_area\":\"radial\",\"wpgmza_store_locator_radius_style\":\"legacy\",\"wpgmza_store_locator_default_radius\":\"10\",\"store_locator_auto_area_max_zoom\":\"\",\"wpgmza_store_locator_restrict\":\"\",\"store_locator_distance\":false,\"wpgmza_store_locator_position\":false,\"store_locator_show_distance\":false,\"store_locator_category\":false,\"wpgmza_store_locator_use_their_location\":false,\"wpgmza_store_locator_bounce\":false,\"upload_default_sl_marker\":\"\",\"upload_default_sl_marker_retina\":false,\"wpgmza_sl_animation\":\"0\",\"wpgmza_store_locator_hide_before_search\":false,\"store_locator_query_string\":\"\",\"store_locator_location_placeholder\":\"\",\"store_locator_default_address\":\"\",\"store_locator_name_search\":false,\"store_locator_name_string\":\"\",\"store_locator_not_found_message\":\"\",\"retina\":false,\"wpgmza_map_align\":\"1\",\"upload_default_ul_marker\":\"\",\"upload_default_ul_marker_retina\":false,\"jump_to_nearest_marker_on_initialization\":false,\"automatically_pan_to_users_location\":false,\"override_users_location_zoom_level\":false,\"override_users_location_zoom_levels\":\"\",\"show_distance_from_location\":false,\"map_max_zoom\":\"21\",\"map_min_zoom\":\"0\",\"click_open_link\":false,\"fit_maps_bounds_to_markers\":false,\"fit_maps_bounds_to_markers_after_filtering\":false,\"hide_point_of_interest\":false,\"wpgmza_zoom_on_marker_click\":false,\"wpgmza_zoom_on_marker_click_slider\":\"\",\"close_infowindow_on_map_click\":true,\"disable_lightbox_images\":false,\"use_Raw_Jpeg_Coordinates\":false,\"polygon_labels\":false,\"disable_polygon_info_windows\":false,\"enable_advanced_custom_fields_integration\":false,\"enable_toolset_woocommerce_integration\":false,\"enable_marker_labels\":false,\"only_load_markers_within_viewport\":false,\"zoom_level_mobile_override_enabled\":false,\"zoom_level_mobile_override\":\"\",\"iw_primary_color\":\"#000000\",\"iw_accent_color\":\"#000000\",\"iw_text_color\":\"#000000\",\"wpgmza_listmarkers_by\":\"6\",\"wpgmza_marker_listing_position\":false,\"wpgmza_push_in_map\":false,\"wpgmza_push_in_map_placement\":\"1\",\"wpgmza_push_in_map_width\":\"\",\"wpgmza_push_in_map_height\":\"\",\"zoom_level_on_marker_listing_override\":false,\"zoom_level_on_marker_listing_click\":\"\",\"marker_listing_disable_zoom\":false,\"datatable_no_result_message\":\"\",\"remove_search_box_datables\":false,\"dataTable_pagination_style\":\"default\",\"datatable_search_string\":\"\",\"datatable_result_start\":\"\",\"datatable_result_of\":\"\",\"datatable_result_to\":\"\",\"datatable_result_total\":\"\",\"datatable_result_show\":\"\",\"datatable_result_entries\":\"\",\"wpgmza_savemap\":\"Save Map \\u00bb\",\"wpgmza_theme\":\"7\",\"shortcodeAttributes\":{\"id\":\"1\"},\"wpgmza_iw_type\":\"-1\"}}' data-map-id='1' data-shortcode-attributes='{\"id\":\"1\"}'> <\/div>\r\n            \r\n            <div class=\"wpgmza-popout-panel wpgmza-modern-marker-listing wpgmza_marker_list_class\" data-wpgmza-php-class=\"WPGMZA\\MarkerListing\\Modern\" data-wpgmza-rest-api-route=\"\/marker-listing\/\" data-wpgmza-marker-listing=\"true\" data-wpgmza-ajax-parameters='{\"map_id\":\"1\"}' id=\"wpgmza_marker_list_1\">\n\t<div class=\"wpgmza-close-container\">\n\t\t<span class=\"wpgmza-close\">\n\t\t\t<i class=\"fa fa-times\" aria-hidden=\"true\"><\/i>\n\t\t<\/span>\n\t<\/div>\n\t<ul class=\"wpgmza-modern-marker-listing-list-item-container\">\n\t\t\n\t<\/ul>\n<\/div>   \r\n        [\/vc_column_text][\/vc_column][\/vc_row][vc_row][vc_column][vc_column_text]<\/p>\n<p>[\/vc_column_text][\/vc_column][\/vc_row]<\/p>\n<\/div>","protected":false},"excerpt":{"rendered":"<p>[vc_row][vc_column][vc_column_text] [\/vc_column_text][\/vc_column][\/vc_row][vc_row][vc_column][vc_custom_heading text=&#8221;Kontaktai Via 3L LT &#8211; J\u016aS\u0172 3PL PARTNERIS LIETUVOJE&#8221; font_container=&#8221;tag:h1|text_align:center&#8221; use_theme_fonts=&#8221;yes&#8221; css=&#8221;&#8221; link=&#8221;url:https%3A%2F%2Fvia3l.eu%2Flt%2F|title:Home&#8221;][vc_column_text css=&#8221;&#8221;]Kontaktai Via 3L LT UAB si\u016blo i\u0161sami\u0105 informacij\u0105 apie savo sand\u0117lius Vilniuje, Kaune ir kituose Baltijos miestuose. Klientai&#8230;<\/p>\n","protected":false},"author":2,"featured_media":17530,"parent":0,"menu_order":0,"comment_status":"closed","ping_status":"closed","template":"","meta":{"footnotes":""},"class_list":["post-6625","page","type-page","status-publish","has-post-thumbnail","hentry"],"_links":{"self":[{"href":"https:\/\/via3l.eu\/lt\/wp-json\/wp\/v2\/pages\/6625","targetHints":{"allow":["GET"]}}],"collection":[{"href":"https:\/\/via3l.eu\/lt\/wp-json\/wp\/v2\/pages"}],"about":[{"href":"https:\/\/via3l.eu\/lt\/wp-json\/wp\/v2\/types\/page"}],"author":[{"embeddable":true,"href":"https:\/\/via3l.eu\/lt\/wp-json\/wp\/v2\/users\/2"}],"replies":[{"embeddable":true,"href":"https:\/\/via3l.eu\/lt\/wp-json\/wp\/v2\/comments?post=6625"}],"version-history":[{"count":0,"href":"https:\/\/via3l.eu\/lt\/wp-json\/wp\/v2\/pages\/6625\/revisions"}],"wp:featuredmedia":[{"embeddable":true,"href":"https:\/\/via3l.eu\/lt\/wp-json\/wp\/v2\/media\/17530"}],"wp:attachment":[{"href":"https:\/\/via3l.eu\/lt\/wp-json\/wp\/v2\/media?parent=6625"}],"curies":[{"name":"wp","href":"https:\/\/api.w.org\/{rel}","templated":true}]}}