{"id":9474,"date":"2023-02-08T12:01:12","date_gmt":"2023-02-08T10:01:12","guid":{"rendered":"https:\/\/via3l.eu\/logistikos-paslaugos\/informacijos-mainu-paslaugos\/"},"modified":"2026-01-20T15:05:01","modified_gmt":"2026-01-20T13:05:01","slug":"sistemu-informacijos-mainai","status":"publish","type":"page","link":"https:\/\/via3l.eu\/lt\/3pl-logistikos-paslaugos\/sistemu-informacijos-mainai\/","title":{"rendered":"Technologij\u0173 ir informacini\u0173 main\u0173 paslaugos"},"content":{"rendered":"<div class=\"wpb-content-wrapper\"><p data-rm-block-id=\"block-1\">[vc_row equal_height=&#8221;yes&#8221; content_placement=&#8221;middle&#8221;][vc_column width=&#8221;2\/3&#8243;][vc_custom_heading text=&#8221;TECHNOLOGIJ\u0172 IR INFORMACIJOS MAIN\u0172 PASLAUGOS&#8221; font_container=&#8221;tag:h1|text_align:left&#8221; use_theme_fonts=&#8221;yes&#8221;][\/vc_column][vc_column width=&#8221;1\/3&#8243;][vc_btn title=&#8221;U\u017eklausa d\u0117l paslaug\u0173&#8221; shape=&#8221;square&#8221; color=&#8221;green&#8221; size=&#8221;lg&#8221; i_icon_fontawesome=&#8221;stm-arrow-next&#8221; add_icon=&#8221;true&#8221; link=&#8221;url:https%3A%2F%2Fvia3l.eu%2Flt%2Fuzklausa-del-kainos%2F|title:U%C5%BEklausa%20d%C4%97l%20kainos|&#8221;][\/vc_column][\/vc_row][vc_row css=&#8221;.vc_custom_1575466977698{background-position: center !important;background-repeat: no-repeat !important;background-size: cover !important;}&#8221;][vc_column][vc_column_text css=&#8221;&#8221;]<\/p>\n<p style=\"text-align: left;\" data-rm-block-id=\"block-2\"><a href=\"https:\/\/via3l.eu\/lt\/3pl-logistikos-paslaugos\/\">Via 3L<\/a> bendradarbiauja su pla\u010diu spektru EDI ir kit\u0173 elektronini\u0173 paslaug\u0173 tiek\u0117j\u0173, \u012fskaitant <a href=\"https:\/\/telema.ee\/\" target=\"_blank\" rel=\"noopener noreferrer nofollow\">Telema<\/a>, <a href=\"https:\/\/www.unifiedpost.com\/en\" target=\"_blank\" rel=\"noopener noreferrer nofollow\">Unifiedpost<\/a>, <a href=\"https:\/\/edisoft.io\/en\" target=\"_blank\" rel=\"noopener noreferrer nofollow\">Edisoft<\/a>, <a href=\"https:\/\/docura.net\/?lang=en\" target=\"_blank\" rel=\"noopener noreferrer nofollow\">Docura<\/a>, <a href=\"https:\/\/navirec.com\/en\/\" target=\"_blank\" rel=\"noopener noreferrer nofollow\">Navirec<\/a>, <a href=\"https:\/\/planlogi.ee\/index.html\" target=\"_blank\" rel=\"noopener noreferrer nofollow\">Planlogi<\/a>, <a href=\"https:\/\/www.cargoson.com\/en\/\" target=\"_blank\" rel=\"noopener noreferrer nofollow\">Cargoson<\/a>, <a href=\"https:\/\/sis.lt\/\" target=\"_blank\" rel=\"noopener noreferrer nofollow\">SIS<\/a>. Komunikavimo tarp verslo sistem\u0173 galimos pasitelkiant partnerius arba tiesiogiai, ne tik naudojant API, bet ir per senesn\u0117s kartos technologijas. Visi informacijos mainai gali b\u016bti atliekami pasitelkiant \u201emachine-readable\u201c mechanizm\u0105. Kreipkit\u0117s, kartu rasime sprendim\u0105 atitinkant\u012f j\u016bs\u0173 ir galutinio kliento poreikius.<\/p>\n<p style=\"text-align: justify;\" data-rm-block-id=\"block-3\">Verslo duomen\u0173 analitikai naudojame sprendimus paremtus <a href=\"https:\/\/powerbi.microsoft.com\/en-us\/\" target=\"_blank\" rel=\"noopener noreferrer nofollow\">Power BI<\/a> ir <a href=\"https:\/\/dayqanalytics.eu\/\" target=\"_blank\" rel=\"noopener noreferrer nofollow\">QlikView<\/a>. \u0160i\u0173 sistem\u0173 naudojimas mums padeda suprasti ir valdyti preki\u0173 apyvartumo, turim\u0173 atsarg\u0173 ir kitus \u012fmon\u0117s duomenis. J\u0173 pagalba galime pateikti klientui logistikos ka\u0161t\u0173 valdymui nauding\u0105 informacij\u0105<\/p>\n<p style=\"text-align: justify;\" data-rm-block-id=\"block-4\">Turime lank\u0161\u010dius sprendimus elektronin\u0117ms parduotuv\u0117ms, tokius kaip Magento (<a href=\"https:\/\/business.adobe.com\/products\/magento\/magento-commerce.html\" target=\"_blank\" rel=\"noopener noreferrer nofollow\">Adobe Commerce<\/a>), kuri\u0173 pagalba galime automati\u0161kai atnaujinti duomenis XML, JSON formatais. Krovini\u0173 i\u0161krovim\u0105 \/ pakrovim\u0105 planuokite ir valdykite dar patogiau naudojantis kiemo valdymo sistema <a href=\"https:\/\/trevio.eu\/lt\/warehouse\" target=\"_blank\" rel=\"noopener noreferrer nofollow\">Trevio<\/a>.<\/p>\n<p data-rm-block-id=\"block-5\">[\/vc_column_text][vc_row_inner][vc_column_inner][vc_custom_heading text=&#8221;GALIME PASI\u016aLYTI \u0160IAS PASLAUGAS:&#8221; font_container=&#8221;tag:h1|text_align:center&#8221; use_theme_fonts=&#8221;yes&#8221;][\/vc_column_inner][\/vc_row_inner][vc_row_inner][vc_column_inner][vc_empty_space][\/vc_column_inner][\/vc_row_inner][\/vc_column][\/vc_row][vc_row equal_height=&#8221;yes&#8221; css=&#8221;.vc_custom_1674404663604{background-position: center !important;background-repeat: no-repeat !important;background-size: cover !important;}&#8221;][vc_column width=&#8221;1\/2&#8243;][vc_column_text]<\/p>\n<ul>\n<li class=\"m_-7621031581430791460MsoListParagraph\" data-rm-block-id=\"block-6\"><span lang=\"ET\">EDI (elektronini\u0173 dokument\u0173 apsikeitimas) duomen\u0173 apsikeitimas 2Doc ir 4Doc formatu.<u><\/u><u><\/u><\/span><\/li>\n<li class=\"m_-7621031581430791460MsoListParagraph\" data-rm-block-id=\"block-7\"><span lang=\"ET\">E-Dokumentai (elektronin\u0117s s\u0105skaitos, pirkimo-pardavimo u\u017esakymai, gra\u017einimai, ataskaitos ir kt.).<u><\/u><u><\/u><\/span><\/li>\n<li class=\"m_-7621031581430791460MsoListParagraph\" data-rm-block-id=\"block-8\"><span lang=\"ET\">B2B lankstumas \u2013 pagal kliento specifik\u0105 pritaikomi B2B sprendimai.<u><\/u><u><\/u><\/span><\/li>\n<li class=\"m_-7621031581430791460MsoListParagraph\" data-rm-block-id=\"block-9\"><span lang=\"ET\">Verslo analitika<\/span><\/li>\n<\/ul>\n<p data-rm-block-id=\"block-10\">[\/vc_column_text][vc_empty_space][\/vc_column][vc_column width=&#8221;1\/2&#8243;][vc_single_image image=&#8221;5302&#8243; img_size=&#8221;large&#8221; css=&#8221;.vc_custom_1674403239429{background-position: center !important;background-repeat: no-repeat !important;background-size: cover !important;}&#8221;][\/vc_column][\/vc_row]<\/p>\n<\/div>","protected":false},"excerpt":{"rendered":"<p>[vc_row equal_height=&#8221;yes&#8221; content_placement=&#8221;middle&#8221;][vc_column width=&#8221;2\/3&#8243;][vc_custom_heading text=&#8221;TECHNOLOGIJ\u0172 IR INFORMACIJOS MAIN\u0172 PASLAUGOS&#8221; font_container=&#8221;tag:h1|text_align:left&#8221; use_theme_fonts=&#8221;yes&#8221;][\/vc_column][vc_column width=&#8221;1\/3&#8243;][vc_btn title=&#8221;U\u017eklausa d\u0117l paslaug\u0173&#8221; shape=&#8221;square&#8221; color=&#8221;green&#8221; size=&#8221;lg&#8221; i_icon_fontawesome=&#8221;stm-arrow-next&#8221; add_icon=&#8221;true&#8221; link=&#8221;url:https%3A%2F%2Fvia3l.eu%2Flt%2Fuzklausa-del-kainos%2F|title:U%C5%BEklausa%20d%C4%97l%20kainos|&#8221;][\/vc_column][\/vc_row][vc_row css=&#8221;.vc_custom_1575466977698{background-position: center !important;background-repeat: no-repeat !important;background-size: cover !important;}&#8221;][vc_column][vc_column_text css=&#8221;&#8221;] Via 3L bendradarbiauja su&#8230;<\/p>\n","protected":false},"author":2,"featured_media":0,"parent":5153,"menu_order":0,"comment_status":"closed","ping_status":"closed","template":"","meta":{"footnotes":""},"class_list":["post-9474","page","type-page","status-publish","hentry"],"_links":{"self":[{"href":"https:\/\/via3l.eu\/lt\/wp-json\/wp\/v2\/pages\/9474","targetHints":{"allow":["GET"]}}],"collection":[{"href":"https:\/\/via3l.eu\/lt\/wp-json\/wp\/v2\/pages"}],"about":[{"href":"https:\/\/via3l.eu\/lt\/wp-json\/wp\/v2\/types\/page"}],"author":[{"embeddable":true,"href":"https:\/\/via3l.eu\/lt\/wp-json\/wp\/v2\/users\/2"}],"replies":[{"embeddable":true,"href":"https:\/\/via3l.eu\/lt\/wp-json\/wp\/v2\/comments?post=9474"}],"version-history":[{"count":0,"href":"https:\/\/via3l.eu\/lt\/wp-json\/wp\/v2\/pages\/9474\/revisions"}],"up":[{"embeddable":true,"href":"https:\/\/via3l.eu\/lt\/wp-json\/wp\/v2\/pages\/5153"}],"wp:attachment":[{"href":"https:\/\/via3l.eu\/lt\/wp-json\/wp\/v2\/media?parent=9474"}],"curies":[{"name":"wp","href":"https:\/\/api.w.org\/{rel}","templated":true}]}}