{"id":11484,"date":"2023-08-08T09:49:57","date_gmt":"2023-08-08T06:49:57","guid":{"rendered":"https:\/\/via3l.eu\/?page_id=11484"},"modified":"2026-01-14T11:40:27","modified_gmt":"2026-01-14T09:40:27","slug":"akcizes-un-vairumtirdzniecibas-noliktavas-kontakti","status":"publish","type":"page","link":"https:\/\/via3l.eu\/lv\/akcizes-un-vairumtirdzniecibas-noliktavas-kontakti\/","title":{"rendered":"Via 3L kontakti"},"content":{"rendered":"<div class=\"wpb-content-wrapper\"><p>[vc_row][vc_column][vc_column_text css=&#8221;&#8221;]<\/p>\n<h1 style=\"text-align: center;\">Kontakti Via 3L Logistics Noliktavas Un Inform\u0101cija<\/h1>\n<p>[\/vc_column_text][vc_column_text css=&#8221;&#8221;]Via 3L Logistics nodro\u0161ina efekt\u012bvu un profesion\u0101lu noliktavas pakalpojumu snieg\u0161anu, un t\u0101d\u0113\u013c ir svar\u012bgi zin\u0101t m\u016bsu kontaktinform\u0101ciju. M\u016bsu noliktavas adrese ir viegli pieejama, un to var atrast, mekl\u0113jot <a href=\"https:\/\/maps.app.goo.gl\/7D2pY9bNEa35H8zZA\" target=\"_blank\" rel=\"noopener noreferrer nofollow\">Google kart\u0113s<\/a>, kur m\u0113s esam atz\u012bm\u0113ti k\u0101 Via 3L Latvia SIA. Ja jums ir jaut\u0101jumi par pakalpojumiem vai nepiecie\u0161ama pal\u012bdz\u012bba, l\u016bdzu, sazinieties ar m\u016bsu darbiniekiem, kuru kontaktinform\u0101cija ir pieejama m\u016bsu ofici\u0101laj\u0101 m\u0101jaslap\u0101. M\u0113s ar\u012b pied\u0101v\u0101jam svar\u012bgas pakalpojumu t\u0101lru\u0146u numurus, lai nodro\u0161in\u0101tu \u0101tru un efekt\u012bvu komunik\u0101ciju ar m\u016bsu klientiem. M\u016bsu m\u0113r\u0137is ir nodro\u0161in\u0101t visaugst\u0101ko apkalpo\u0161anas kvalit\u0101ti, t\u0101d\u0113\u013c m\u0113s aicin\u0101m j\u016bs sazin\u0101ties ar mums jebkur\u0101 laik\u0101.[\/vc_column_text][\/vc_column][\/vc_row][vc_row equal_height=&#8221;yes&#8221;][vc_column width=&#8221;2\/3&#8243;][vc_column_text css=&#8221;&#8221; el_class=&#8221;contact_data&#8221;]<\/p>\n<h2 style=\"text-align: center;\" data-rm-block-id=\"block-3\">3PL noliktavas pakalpojumi<\/h2>\n<h2 style=\"text-align: center;\" data-rm-block-id=\"block-4\">pieg\u0101des Latvij\u0101 un Baltij\u0101<\/h2>\n<h2 style=\"text-align: center;\" data-rm-block-id=\"block-5\">starptautiskie kravu p\u0101rvad\u0101jumi<\/h2>\n<p>[\/vc_column_text][vc_row_inner][vc_column_inner][vc_empty_space][vc_column_text el_class=&#8221;contact_class&#8221;]<\/p>\n<p style=\"text-align: center;\" data-rm-block-id=\"block-7\">Vairumtirdzniec\u012bbas noliktavas pre\u010du pie\u0146em\u0161ana<br \/>\n<i class=\"fas fa-phone-square\"><\/i><a href=\"tel:+37120025806\">+37120025806<\/a><\/p>\n<p data-rm-block-id=\"block-8\">[\/vc_column_text][vc_empty_space][vc_column_text el_class=&#8221;contact_class&#8221;]<\/p>\n<p style=\"text-align: center;\" data-rm-block-id=\"block-9\">Akc\u012bzes noliktavas pre\u010du pie\u0146em\u0161ana<br \/>\n<i class=\"fas fa-phone-square\"><\/i><a href=\"tel:+37129356740\">+37129356740<\/a><\/p>\n<p data-rm-block-id=\"block-10\">[\/vc_column_text][vc_empty_space][vc_column_text el_class=&#8221;contact_class&#8221;]<\/p>\n<p style=\"text-align: center;\" data-rm-block-id=\"block-11\">Birojs LV<br \/>\n<i class=\"fas fa-phone-square\"><\/i><a href=\"tel:+37167930300\">+37167930300<\/a><br \/>\n<a href=\"mailto:office@via3l.lv\">office@via3l.lv<\/a><\/p>\n<p data-rm-block-id=\"block-12\">[\/vc_column_text][\/vc_column_inner][\/vc_row_inner][\/vc_column][vc_column width=&#8221;1\/3&#8243;][vc_custom_heading text=&#8221;V\u012bzitkarte&#8221; font_container=&#8221;tag:p|text_align:center&#8221; use_theme_fonts=&#8221;yes&#8221; css=&#8221;&#8221;][vc_single_image image=&#8221;17512&#8243; img_size=&#8221;300&#215;300&#8243; alignment=&#8221;center&#8221; css=&#8221;&#8221;][\/vc_column][\/vc_row][vc_row][vc_column][vc_empty_space][\/vc_column][\/vc_row][vc_row full_width=&#8221;stretch_row_content&#8221; gap=&#8221;5&#8243; equal_height=&#8221;yes&#8221; css=&#8221;.vc_custom_1711022002822{padding-top: 25px !important;padding-bottom: 25px !important;background-image: url(https:\/\/mlpeimtmgped.i.optimole.com\/w:auto\/h:auto\/q:mauto\/ig:avif\/https:\/\/via3l.eu\/wp-content\/uploads\/2015\/10\/sininebg.jpg?id=2856) !important;}&#8221; el_class=&#8221;contact_data&#8221;][vc_column width=&#8221;1\/4&#8243; el_class=&#8221;contact_data&#8221;][vc_column_text el_class=&#8221;contact_data&#8221;]<\/p>\n<p style=\"text-align: center;\" data-rm-block-id=\"block-13\">Raimonds Kramp\u0101ns<br \/>\nLatvija<br \/>\n<i class=\"fas fa-chevron-circle-right\"><\/i>CEO<br \/>\n<i class=\"fas fa-phone-square\"><\/i><a href=\"tel:+37167930300\">+371 67930300<\/a><br \/>\n<i class=\"fas fa-envelope\"><\/i><br \/>\n<a href=\"mailto:raimonds.krampans@via3l.lv\">raimonds.krampans@via3l.lv<\/a><\/p>\n<p data-rm-block-id=\"block-14\">[\/vc_column_text][vc_empty_space][\/vc_column][vc_column width=&#8221;1\/4&#8243;][vc_column_text css=&#8221;&#8221;]<\/p>\n<p style=\"text-align: center;\" data-rm-block-id=\"block-15\">Liene Sar\u0123ele<br \/>\nLatvija<br \/>\n<i class=\"fas fa-chevron-circle-right\"><\/i>Person\u0101lda\u013cas vad\u012bt\u0101ja<br \/>\n<i class=\"fas fa-phone-square\"><\/i><a href=\"tel:+37124991309\">+371<span data-teams=\"true\">20292925<\/span><\/a><br \/>\n<i class=\"fas fa-envelope\"><\/i><br \/>\n<a href=\"mailto:Liene.tulika@via3l.lv\">Liene.tulika@via3l.lv<\/a><\/p>\n<p data-rm-block-id=\"block-16\">[\/vc_column_text][vc_empty_space][\/vc_column][vc_column width=&#8221;1\/4&#8243;][vc_column_text]<\/p>\n<p style=\"text-align: center;\" data-rm-block-id=\"block-17\">Krist\u012bne Verza<br \/>\nLatvija<br \/>\n<i class=\"fas fa-chevron-circle-right\"><\/i>Komercnoda\u013cas vad\u012bt\u0101ja<br \/>\n<i class=\"fas fa-phone-square\"><\/i><a href=\"tel:+37126412414\">+37126412414<\/a><br \/>\n<i class=\"fas fa-envelope\"><\/i><br \/>\n<a href=\"mailto:Kristine.verza@via3l.lv\">Kristine.verza@via3l.lv<\/a><\/p>\n<p data-rm-block-id=\"block-18\">[\/vc_column_text][vc_empty_space][\/vc_column][vc_column width=&#8221;1\/4&#8243;][vc_column_text]<\/p>\n<p style=\"text-align: center;\" data-rm-block-id=\"block-19\">Sandra Vilipsone<br \/>\nLatvija<br \/>\n<i class=\"fas fa-chevron-circle-right\"><\/i>Klientu apkalpo\u0161anas noda\u013cas vad\u012bt\u0101ja<br \/>\n<i class=\"fas fa-phone-square\"><\/i><a href=\"tel:+37129189779\">+37129189779<\/a><br \/>\n<i class=\"fas fa-envelope\"><\/i><br \/>\n<a href=\"mailto:sandra.vilipsone@via3l.lv\">sandra.vilipsone@via3l.lv<\/a><\/p>\n<p data-rm-block-id=\"block-20\">[\/vc_column_text][vc_empty_space][\/vc_column][\/vc_row][vc_row][vc_column][vc_empty_space][\/vc_column][\/vc_row][vc_row][vc_column][vc_empty_space][\/vc_column][\/vc_row][vc_row full_width=&#8221;stretch_row_content&#8221;][vc_column][vc_column_text css=&#8221;&#8221;]<\/p>\n<p style=\"text-align: center;\" data-rm-block-id=\"block-21\"><a href=\"https:\/\/via3l.eu\/lv\/\">SIA \u201cVIA 3L Latvia\u201d<\/a><br \/>\nLatgales iela 495, Rumbula, Stopi\u0146u pagasts, Ropa\u017eu novads, LV-2121, Latvia<br \/>\n<a href=\"https:\/\/maps.app.goo.gl\/7D2pY9bNEa35H8zZA\" target=\"_blank\" rel=\"noopener noreferrer nofollow\">Google Maps<\/a><br \/>\nRe\u0123 Nr. 40103609889<br \/>\nVAT Nr. LV 40103609889<br \/>\nAS SEB Bank<br \/>\nLV60 UNLA 0055 0005 0303 1<\/p>\n<p>[\/vc_column_text][vc_empty_space][\/vc_column][\/vc_row][vc_row full_width=&#8221;stretch_row_content&#8221; content_placement=&#8221;top&#8221;][vc_column][vc_custom_heading text=&#8221;Via 3L Latvia SIA atra\u0161an\u0101s vieta un grupas m\u0101sas uz\u0146\u0113mumi&#8221; font_container=&#8221;tag:h2|text_align:center&#8221; use_theme_fonts=&#8221;yes&#8221; css=&#8221;&#8221; link=&#8221;url:https%3A%2F%2Fvia3l.eu%2Flv%2F&#8221;][vc_column_text css=&#8221;&#8221;]\r\n            \r\n            \r\n            \r\n            <a name='map1'><\/a>\r\n            \r\n            \r\n            \r\n            \r\n            <div class=\"wpgmza_map \"  id=\"wpgmza_map_1\" style=\"display:block; overflow:auto; width:100%; height:600px; float:left;\" data-settings='{\"id\":\"1\",\"map_title\":\"Via 3L network\",\"map_width\":\"100\",\"map_height\":\"600\",\"map_start_lat\":\"56.95058881419294\",\"map_start_lng\":\"24.08717906249999\",\"map_start_location\":\"\",\"map_start_zoom\":\"6\",\"default_marker\":\"\\/\\/via3l.eu\\/wp-content\\/uploads\\/2025\\/06\\/Linnuparv-via3l.png\",\"type\":\"1\",\"alignment\":\"0\",\"directions_enabled\":\"0\",\"styling_enabled\":\"0\",\"styling_json\":\"\",\"active\":\"0\",\"kml\":\"\",\"bicycle\":\"0\",\"traffic\":\"0\",\"dbox\":\"1\",\"dbox_width\":\"100\",\"listmarkers\":\"0\",\"listmarkers_advanced\":\"0\",\"filterbycat\":\"0\",\"ugm_enabled\":\"0\",\"ugm_category_enabled\":\"0\",\"fusion\":\"\",\"map_width_type\":\"%\",\"map_height_type\":\"px\",\"mass_marker_support\":\"0\",\"ugm_access\":\"0\",\"order_markers_by\":\"1\",\"order_markers_choice\":\"1\",\"show_user_location\":\"0\",\"default_to\":\"\",\"other_settings\":{\"map_type\":1,\"sl_stroke_color\":\"#ff0000\",\"sl_fill_color\":\"#ff0000\",\"sl_stroke_opacity\":\"1\",\"sl_fill_opacity\":\"0.5\",\"transport_layer\":false,\"action\":\"wpgmza_save_map\",\"redirect_to\":\"\\\/wp-admin\\\/admin-post.php\",\"map_id\":\"1\",\"http_referer\":\"\\\/wp-admin\\\/admin.php?page=wp-google-maps-menu&amp;amp;action=edit&amp;amp;map_id=1\",\"wpgmza_id\":\"1\",\"wpgmza_start_location\":\"56.95058881419294,24.08717906249999\",\"wpgmza_start_zoom\":\"6\",\"wpgmza_theme_data\":\"[{\\\"featureType\\\":\\\"administrative.locality\\\",\\\"elementType\\\":\\\"all\\\",\\\"stylers\\\":[{\\\"hue\\\":\\\"#2c2e33\\\"},{\\\"saturation\\\":7},{\\\"lightness\\\":19},{\\\"visibility\\\":\\\"on\\\"}]},{\\\"featureType\\\":\\\"landscape\\\",\\\"elementType\\\":\\\"all\\\",\\\"stylers\\\":[{\\\"hue\\\":\\\"#ffffff\\\"},{\\\"saturation\\\":-100},{\\\"lightness\\\":100},{\\\"visibility\\\":\\\"simplified\\\"}]},{\\\"featureType\\\":\\\"poi\\\",\\\"elementType\\\":\\\"all\\\",\\\"stylers\\\":[{\\\"hue\\\":\\\"#ffffff\\\"},{\\\"saturation\\\":-100},{\\\"lightness\\\":100},{\\\"visibility\\\":\\\"off\\\"}]},{\\\"featureType\\\":\\\"road\\\",\\\"elementType\\\":\\\"geometry\\\",\\\"stylers\\\":[{\\\"hue\\\":\\\"#bbc0c4\\\"},{\\\"saturation\\\":-93},{\\\"lightness\\\":31},{\\\"visibility\\\":\\\"simplified\\\"}]},{\\\"featureType\\\":\\\"road\\\",\\\"elementType\\\":\\\"labels\\\",\\\"stylers\\\":[{\\\"hue\\\":\\\"#bbc0c4\\\"},{\\\"saturation\\\":-93},{\\\"lightness\\\":31},{\\\"visibility\\\":\\\"on\\\"}]},{\\\"featureType\\\":\\\"road.arterial\\\",\\\"elementType\\\":\\\"labels\\\",\\\"stylers\\\":[{\\\"hue\\\":\\\"#bbc0c4\\\"},{\\\"saturation\\\":-93},{\\\"lightness\\\":-2},{\\\"visibility\\\":\\\"simplified\\\"}]},{\\\"featureType\\\":\\\"road.local\\\",\\\"elementType\\\":\\\"geometry\\\",\\\"stylers\\\":[{\\\"hue\\\":\\\"#e9ebed\\\"},{\\\"saturation\\\":-90},{\\\"lightness\\\":-8},{\\\"visibility\\\":\\\"simplified\\\"}]},{\\\"featureType\\\":\\\"transit\\\",\\\"elementType\\\":\\\"all\\\",\\\"stylers\\\":[{\\\"hue\\\":\\\"#e9ebed\\\"},{\\\"saturation\\\":10},{\\\"lightness\\\":69},{\\\"visibility\\\":\\\"on\\\"}]},{\\\"featureType\\\":\\\"water\\\",\\\"elementType\\\":\\\"all\\\",\\\"stylers\\\":[{\\\"hue\\\":\\\"#e9ebed\\\"},{\\\"saturation\\\":-78},{\\\"lightness\\\":67},{\\\"visibility\\\":\\\"simplified\\\"}]}]\",\"wpgmza_dbox_width_type\":\"%\",\"default_from\":\"\",\"directions_behaviour\":\"default\",\"force_google_directions_app\":false,\"directions_route_origin_icon\":\"https:\\/\\/via3l.eu\\/wp-content\\/plugins\\/wp-google-maps\\/images\\/spotlight-poi3.png\",\"directions_origin_retina\":false,\"directions_route_destination_icon\":\"https:\\/\\/via3l.eu\\/wp-content\\/plugins\\/wp-google-maps\\/images\\/spotlight-poi3.png\",\"directions_destination_retina\":false,\"directions_route_stroke_color\":\"#4f8df5\",\"directions_route_stroke_weight\":\"4\",\"directions_route_stroke_opacity\":\"0.8\",\"directions_fit_bounds_to_route\":false,\"store_locator_enabled\":false,\"store_locator_search_area\":\"radial\",\"wpgmza_store_locator_radius_style\":\"legacy\",\"wpgmza_store_locator_default_radius\":\"10\",\"store_locator_auto_area_max_zoom\":\"\",\"wpgmza_store_locator_restrict\":\"\",\"store_locator_distance\":false,\"wpgmza_store_locator_position\":false,\"store_locator_show_distance\":false,\"store_locator_category\":false,\"wpgmza_store_locator_use_their_location\":false,\"wpgmza_store_locator_bounce\":false,\"upload_default_sl_marker\":\"\",\"upload_default_sl_marker_retina\":false,\"wpgmza_sl_animation\":\"0\",\"wpgmza_store_locator_hide_before_search\":false,\"store_locator_query_string\":\"\",\"store_locator_location_placeholder\":\"\",\"store_locator_default_address\":\"\",\"store_locator_name_search\":false,\"store_locator_name_string\":\"\",\"store_locator_not_found_message\":\"\",\"retina\":false,\"wpgmza_map_align\":\"1\",\"upload_default_ul_marker\":\"\",\"upload_default_ul_marker_retina\":false,\"jump_to_nearest_marker_on_initialization\":false,\"automatically_pan_to_users_location\":false,\"override_users_location_zoom_level\":false,\"override_users_location_zoom_levels\":\"\",\"show_distance_from_location\":false,\"map_max_zoom\":\"21\",\"map_min_zoom\":\"0\",\"click_open_link\":false,\"fit_maps_bounds_to_markers\":false,\"fit_maps_bounds_to_markers_after_filtering\":false,\"hide_point_of_interest\":false,\"wpgmza_zoom_on_marker_click\":false,\"wpgmza_zoom_on_marker_click_slider\":\"\",\"close_infowindow_on_map_click\":true,\"disable_lightbox_images\":false,\"use_Raw_Jpeg_Coordinates\":false,\"polygon_labels\":false,\"disable_polygon_info_windows\":false,\"enable_advanced_custom_fields_integration\":false,\"enable_toolset_woocommerce_integration\":false,\"enable_marker_labels\":false,\"only_load_markers_within_viewport\":false,\"zoom_level_mobile_override_enabled\":false,\"zoom_level_mobile_override\":\"\",\"iw_primary_color\":\"#000000\",\"iw_accent_color\":\"#000000\",\"iw_text_color\":\"#000000\",\"wpgmza_listmarkers_by\":\"6\",\"wpgmza_marker_listing_position\":false,\"wpgmza_push_in_map\":false,\"wpgmza_push_in_map_placement\":\"1\",\"wpgmza_push_in_map_width\":\"\",\"wpgmza_push_in_map_height\":\"\",\"zoom_level_on_marker_listing_override\":false,\"zoom_level_on_marker_listing_click\":\"\",\"marker_listing_disable_zoom\":false,\"datatable_no_result_message\":\"\",\"remove_search_box_datables\":false,\"dataTable_pagination_style\":\"default\",\"datatable_search_string\":\"\",\"datatable_result_start\":\"\",\"datatable_result_of\":\"\",\"datatable_result_to\":\"\",\"datatable_result_total\":\"\",\"datatable_result_show\":\"\",\"datatable_result_entries\":\"\",\"wpgmza_savemap\":\"Save Map \\u00bb\",\"wpgmza_theme\":\"7\",\"shortcodeAttributes\":{\"id\":\"1\"},\"wpgmza_iw_type\":\"-1\"}}' data-map-id='1' data-shortcode-attributes='{\"id\":\"1\"}'> <\/div>\r\n            \r\n            <div class=\"wpgmza-popout-panel wpgmza-modern-marker-listing wpgmza_marker_list_class\" data-wpgmza-php-class=\"WPGMZA\\MarkerListing\\Modern\" data-wpgmza-rest-api-route=\"\/marker-listing\/\" data-wpgmza-marker-listing=\"true\" data-wpgmza-ajax-parameters='{\"map_id\":\"1\"}' id=\"wpgmza_marker_list_1\">\n\t<div class=\"wpgmza-close-container\">\n\t\t<span class=\"wpgmza-close\">\n\t\t\t<i class=\"fa fa-times\" aria-hidden=\"true\"><\/i>\n\t\t<\/span>\n\t<\/div>\n\t<ul class=\"wpgmza-modern-marker-listing-list-item-container\">\n\t\t\n\t<\/ul>\n<\/div>   \r\n        [\/vc_column_text][\/vc_column][\/vc_row][vc_row][vc_column]\n\t\t\t\t<p class=\"rs-p-wp-fix\"><\/p>\n\t\t\t\t<sr7-module data-alias=\"iso-slider-latvia\" data-id=\"100\" id=\"SR7_100_1\" class=\"rs-ov-hidden\" data-version=\"6.7.34\">\n\t\t\t\t\t<sr7-adjuster><\/sr7-adjuster>\n\t\t\t\t\t<sr7-content>\n\t\t\t\t\t\t<sr7-slide id=\"SR7_100_1-250\" data-key=\"250\">\n\t\t\t\t\t\t<\/sr7-slide>\n\t\t\t\t\t\t<sr7-slide id=\"SR7_100_1-251\" data-key=\"251\">\n\t\t\t\t\t\t<\/sr7-slide>\n\t\t\t\t\t<\/sr7-content>\n\t\t\t\t\t<image_lists style=\"display:none\">\n\t\t\t\t\t\t<img decoding=async data-opt-id=1296753779  fetchpriority=\"high\" data-src=\"https:\/\/mlpeimtmgped.i.optimole.com\/w:auto\/h:auto\/q:mauto\/ig:avif\/https:\/\/via3l.eu\/wp-content\/uploads\/2025\/12\/Iso_withoutQR-ISO-14001.png\" data-libid=\"17698\" data-lib=\"medialibrary\" alt=\"Iso without QR 14001\" title=\"Iso without QR 14001\" width=\"0\" height=\"0\" data-dbsrc=\"Ly92aWEzbC5ldS93cC1jb250ZW50L3VwbG9hZHMvMjAyNS8xMi9Jc29fd2l0aG91dFFSLUlTTy0xNDAwMS5wbmc=\"\/>\n\t\t\t\t\t\t<img decoding=async data-opt-id=2081606070  fetchpriority=\"high\" data-src=\"https:\/\/mlpeimtmgped.i.optimole.com\/w:auto\/h:auto\/q:mauto\/ig:avif\/https:\/\/via3l.eu\/wp-content\/uploads\/2026\/02\/ISO_withoutQR-ISO-9001.png\" data-libid=\"17873\" data-lib=\"medialibrary\" alt=\"ISO Via 3L 9001\" title=\"ISO Via 3L 9001\" width=\"0\" height=\"0\" data-dbsrc=\"Ly92aWEzbC5ldS93cC1jb250ZW50L3VwbG9hZHMvMjAyNi8wMi9JU09fd2l0aG91dFFSLUlTTy05MDAxLnBuZw==\"\/>\n\t\t\t\t\t<\/image_lists>\n\t\t\t\t<\/sr7-module>\n\t\t\t\t<script>\n\t\t\t\t\tSR7.PMH ??={}; SR7.PMH[\"SR7_100_1\"] = {cn:100,state:false,fn: function() { if (_tpt!==undefined && _tpt.prepareModuleHeight !== undefined) {  _tpt.prepareModuleHeight({id:\"SR7_100_1\",el:[150,150,150,150,300],type:'standard',shdw:'0',gh:[150,150,150,150,300],gw:[1240,1240,1240,1240,480],vpt:['-200px&#039;,&#039;-200px&#039;,&#039;-200px&#039;,&#039;-200px&#039;,&#039;-200px'],size:{fullWidth:false, fullHeight:false},mh:'0',onh:0,onw:0,bg:{color:'{\"orig\":\"transparent\",\"type\":\"solid\",\"string\":\"transparent\"}'}});   SR7.PMH[\"SR7_100_1\"].state=true;} else if(SR7.PMH[\"SR7_100_1\"].cn-->0)\tsetTimeout( SR7.PMH[\"SR7_100_1\"].fn,19);}};SR7.PMH[\"SR7_100_1\" ].fn();\n\t\t\t\t<\/script>\n[\/vc_column][\/vc_row][vc_row][vc_column][vc_column_text]<\/p>\n<p>[\/vc_column_text][\/vc_column][\/vc_row]<\/p>\n<\/div>","protected":false},"excerpt":{"rendered":"<p>[vc_row][vc_column][vc_column_text css=&#8221;&#8221;] Kontakti Via 3L Logistics Noliktavas Un Inform\u0101cija [\/vc_column_text][vc_column_text css=&#8221;&#8221;]Via 3L Logistics nodro\u0161ina efekt\u012bvu un profesion\u0101lu noliktavas pakalpojumu snieg\u0161anu, un t\u0101d\u0113\u013c ir svar\u012bgi zin\u0101t m\u016bsu kontaktinform\u0101ciju. M\u016bsu noliktavas adrese ir viegli pieejama,&#8230;<\/p>\n","protected":false},"author":2,"featured_media":17515,"parent":0,"menu_order":0,"comment_status":"closed","ping_status":"closed","template":"","meta":{"footnotes":""},"class_list":["post-11484","page","type-page","status-publish","has-post-thumbnail","hentry"],"_links":{"self":[{"href":"https:\/\/via3l.eu\/lv\/wp-json\/wp\/v2\/pages\/11484","targetHints":{"allow":["GET"]}}],"collection":[{"href":"https:\/\/via3l.eu\/lv\/wp-json\/wp\/v2\/pages"}],"about":[{"href":"https:\/\/via3l.eu\/lv\/wp-json\/wp\/v2\/types\/page"}],"author":[{"embeddable":true,"href":"https:\/\/via3l.eu\/lv\/wp-json\/wp\/v2\/users\/2"}],"replies":[{"embeddable":true,"href":"https:\/\/via3l.eu\/lv\/wp-json\/wp\/v2\/comments?post=11484"}],"version-history":[{"count":0,"href":"https:\/\/via3l.eu\/lv\/wp-json\/wp\/v2\/pages\/11484\/revisions"}],"wp:featuredmedia":[{"embeddable":true,"href":"https:\/\/via3l.eu\/lv\/wp-json\/wp\/v2\/media\/17515"}],"wp:attachment":[{"href":"https:\/\/via3l.eu\/lv\/wp-json\/wp\/v2\/media?parent=11484"}],"curies":[{"name":"wp","href":"https:\/\/api.w.org\/{rel}","templated":true}]}}