{"id":12035,"date":"2023-09-26T09:40:52","date_gmt":"2023-09-26T06:40:52","guid":{"rendered":"https:\/\/via3l.eu\/?page_id=12035"},"modified":"2024-05-24T15:34:21","modified_gmt":"2024-05-24T12:34:21","slug":"noliktavu-logistika-grupas-uznemumi","status":"publish","type":"page","link":"https:\/\/via3l.eu\/lv\/noliktavu-logistika-grupas-uznemumi\/","title":{"rendered":"Grupas uz\u0146\u0113mumi"},"content":{"rendered":"<div class=\"wpb-content-wrapper\"><p>[vc_row][vc_column][vc_custom_heading text=&#8221;Via 3L Grupa&#8221; font_container=&#8221;tag:h1|text_align:center&#8221; use_theme_fonts=&#8221;yes&#8221; link=&#8221;url:https%3A%2F%2Fwww.linkedin.com%2Fcompany%2Fvia3l|title:Via%203L%20grupp|&#8221;][\/vc_column][\/vc_row][vc_row equal_height=&#8221;yes&#8221; content_placement=&#8221;top&#8221;][vc_column width=&#8221;1\/5&#8243; offset=&#8221;vc_hidden-xs&#8221;][vc_single_image image=&#8221;2916&#8243; alignment=&#8221;center&#8221; onclick=&#8221;custom_link&#8221; link=&#8221;https:\/\/via3l.eu\/et\/&#8221;][\/vc_column][vc_column width=&#8221;1\/5&#8243; offset=&#8221;vc_hidden-xs&#8221;][vc_single_image image=&#8221;2689&#8243; alignment=&#8221;center&#8221; onclick=&#8221;custom_link&#8221; img_link_target=&#8221;_blank&#8221; link=&#8221;https:\/\/via3l.eu\/lv\/&#8221;][\/vc_column][vc_column width=&#8221;1\/5&#8243; offset=&#8221;vc_hidden-xs&#8221;][vc_single_image image=&#8221;2916&#8243; alignment=&#8221;center&#8221; onclick=&#8221;custom_link&#8221; img_link_target=&#8221;_blank&#8221; link=&#8221;https:\/\/via3l.eu\/lt\/&#8221;][\/vc_column][vc_column width=&#8221;1\/5&#8243; offset=&#8221;vc_hidden-xs&#8221;][vc_single_image image=&#8221;5681&#8243; alignment=&#8221;center&#8221; onclick=&#8221;custom_link&#8221; img_link_target=&#8221;_blank&#8221; link=&#8221;https:\/\/www.viatransport.eu&#8221;][\/vc_column][vc_column width=&#8221;1\/5&#8243; offset=&#8221;vc_hidden-xs&#8221;][vc_single_image image=&#8221;7113&#8243; alignment=&#8221;center&#8221;][\/vc_column][\/vc_row][vc_row full_width=&#8221;stretch_row&#8221; equal_height=&#8221;yes&#8221; content_placement=&#8221;top&#8221; css=&#8221;.vc_custom_1710163733003{background-image: url(https:\/\/mlpeimtmgped.i.optimole.com\/w:auto\/h:auto\/q:mauto\/ig:avif\/https:\/\/via3l.eu\/wp-content\/uploads\/2015\/10\/sininebg.jpg?id=2821) !important;}&#8221; el_id=&#8221;desktop-vaade&#8221;][vc_column width=&#8221;1\/4&#8243; offset=&#8221;vc_hidden-xs&#8221;][vc_custom_heading text=&#8221;VIA 3L O\u00dc&#8221; font_container=&#8221;tag:h3|text_align:center&#8221; use_theme_fonts=&#8221;yes&#8221; link=&#8221;url:https%3A%2F%2Fvia3l.eu%2Fet%2F&#8221;][vc_custom_heading text=&#8221;M\u0101tes uz\u0146\u0113mums Igaunij\u0101&#8221; font_container=&#8221;tag:h4|text_align:center&#8221; use_theme_fonts=&#8221;yes&#8221;][\/vc_column][vc_column width=&#8221;1\/4&#8243; offset=&#8221;vc_hidden-xs&#8221;][vc_custom_heading text=&#8221;VIA 3L LATVIA SIA&#8221; font_container=&#8221;tag:h3|text_align:center&#8221; use_theme_fonts=&#8221;yes&#8221; link=&#8221;url:https%3A%2F%2Fvia3l.eu%2Flv%2F&#8221;][vc_custom_heading text=&#8221;3PL lo\u0123istikas uz\u0146\u0113mums Latvij\u0101&#8221; font_container=&#8221;tag:h4|text_align:center&#8221; use_theme_fonts=&#8221;yes&#8221;][\/vc_column][vc_column width=&#8221;1\/4&#8243; offset=&#8221;vc_hidden-xs&#8221;][vc_custom_heading text=&#8221;VIA 3L LT UAB&#8221; font_container=&#8221;tag:h3|text_align:center&#8221; use_theme_fonts=&#8221;yes&#8221; link=&#8221;url:https%3A%2F%2Fvia3l.eu%2Flt%2F&#8221;][vc_custom_heading text=&#8221;3PL lo\u0123istikas uz\u0146\u0113mums Igaunij\u0101&#8221; font_container=&#8221;tag:h4|text_align:center&#8221; use_theme_fonts=&#8221;yes&#8221;][\/vc_column][vc_column width=&#8221;1\/4&#8243; offset=&#8221;vc_hidden-xs&#8221;][vc_custom_heading text=&#8221;VIA 3L FREIGHT O\u00dc&#8221; font_container=&#8221;tag:h3|text_align:center&#8221; use_theme_fonts=&#8221;yes&#8221; link=&#8221;url:https%3A%2F%2Fvia3l.eu%2Fen%2Finternational-transportation-services%2F|title:International%20transportation&#8221;][vc_custom_heading text=&#8221;Kravu eksped\u012bcijas uz\u0146\u0113mums Igaunij\u0101&#8221; font_container=&#8221;tag:h4|text_align:center&#8221; use_theme_fonts=&#8221;yes&#8221;][\/vc_column][\/vc_row][vc_row full_width=&#8221;stretch_row&#8221; equal_height=&#8221;yes&#8221; content_placement=&#8221;top&#8221; el_id=&#8221;mobiilne-vaade&#8221;][vc_column width=&#8221;1\/4&#8243; offset=&#8221;vc_hidden-lg vc_hidden-md vc_hidden-sm&#8221;]<div class=\"cq-sticker\" data-backgroundtype=\"image\" data-backgroundcolor=\"#AAB2BD\" data-gradientcolor=\"\" data-image=\"https:\/\/mlpeimtmgped.i.optimole.com\/w:auto\/h:auto\/q:mauto\/ig:avif\/https:\/\/via3l.eu\/wp-content\/uploads\/2020\/03\/100pix_Small_estonian_flagboy.jpg\" data-icon=\"\" data-size=\"\" data-fontsize=\"\" data-fontcolor=\"\" data-elementmargin=\"\" data-shadowopacity=\"0.8\"><\/div>[vc_custom_heading text=&#8221;VIA 3L O\u00dc&#8221; font_container=&#8221;tag:h3|text_align:center&#8221; use_theme_fonts=&#8221;yes&#8221; link=&#8221;url:https%3A%2F%2Fvia3l.eu%2Fet%2F|title:Via%203L&#8221;][vc_custom_heading text=&#8221;M\u0101tes uz\u0146\u0113mums Igaunij\u0101&#8221; font_container=&#8221;tag:h4|text_align:center&#8221; use_theme_fonts=&#8221;yes&#8221;][\/vc_column][vc_column width=&#8221;1\/4&#8243; offset=&#8221;vc_hidden-lg vc_hidden-md vc_hidden-sm&#8221;]<div class=\"cq-sticker\" data-backgroundtype=\"image\" data-backgroundcolor=\"#AAB2BD\" data-gradientcolor=\"\" data-image=\"https:\/\/mlpeimtmgped.i.optimole.com\/w:auto\/h:auto\/q:mauto\/ig:avif\/https:\/\/via3l.eu\/wp-content\/uploads\/2020\/03\/100pix_Small_latvian_flagboy.jpg\" data-icon=\"\" data-size=\"\" data-fontsize=\"\" data-fontcolor=\"\" data-elementmargin=\"\" data-shadowopacity=\"0.8\"><\/div>[vc_custom_heading text=&#8221;VIA 3L LATVIA SIA&#8221; font_container=&#8221;tag:h3|text_align:center&#8221; use_theme_fonts=&#8221;yes&#8221; link=&#8221;url:https%3A%2F%2Fvia3l.eu%2Flv%2F&#8221;][vc_custom_heading text=&#8221;3PL lo\u0123istikas uz\u0146\u0113mums Latvij\u0101&#8221; font_container=&#8221;tag:h4|text_align:center&#8221; use_theme_fonts=&#8221;yes&#8221;][\/vc_column][vc_column width=&#8221;1\/4&#8243; offset=&#8221;vc_hidden-lg vc_hidden-md vc_hidden-sm&#8221;]<div class=\"cq-sticker\" data-backgroundtype=\"image\" data-backgroundcolor=\"#AAB2BD\" data-gradientcolor=\"\" data-image=\"https:\/\/mlpeimtmgped.i.optimole.com\/w:auto\/h:auto\/q:mauto\/ig:avif\/https:\/\/via3l.eu\/wp-content\/uploads\/2020\/03\/100pix_Small_lithuanian_flagboy.jpg\" data-icon=\"\" data-size=\"\" data-fontsize=\"\" data-fontcolor=\"\" data-elementmargin=\"\" data-shadowopacity=\"0.8\"><\/div>[vc_custom_heading text=&#8221;VIA 3L LT UAB&#8221; font_container=&#8221;tag:h3|text_align:center&#8221; use_theme_fonts=&#8221;yes&#8221; link=&#8221;url:https%3A%2F%2Fvia3l.eu%2Flt%2F&#8221;][vc_custom_heading text=&#8221;3PL lo\u0123istikas uz\u0146\u0113mums Igaunij\u0101&#8221; font_container=&#8221;tag:h4|text_align:center&#8221; use_theme_fonts=&#8221;yes&#8221;][\/vc_column][vc_column width=&#8221;1\/4&#8243; offset=&#8221;vc_hidden-lg vc_hidden-md vc_hidden-sm&#8221;]<div class=\"cq-sticker\" data-backgroundtype=\"image\" data-backgroundcolor=\"#AAB2BD\" data-gradientcolor=\"\" data-image=\"https:\/\/mlpeimtmgped.i.optimole.com\/w:auto\/h:auto\/q:mauto\/ig:avif\/https:\/\/via3l.eu\/wp-content\/uploads\/2020\/03\/100pix_Small_estonian_flagboy.jpg\" data-icon=\"\" data-size=\"\" data-fontsize=\"\" data-fontcolor=\"\" data-elementmargin=\"\" data-shadowopacity=\"0.8\"><\/div>[vc_custom_heading text=&#8221;VIA 3L FREIGHT O\u00dc&#8221; font_container=&#8221;tag:h3|text_align:center&#8221; use_theme_fonts=&#8221;yes&#8221; link=&#8221;url:https%3A%2F%2Fvia3l.eu%2Fet%2Frahvusvaheline-transport%2F|title:Rahvusvaheline%20transport&#8221;][vc_custom_heading text=&#8221;Kravu eksped\u012bcijas uz\u0146\u0113mums Igaunij\u0101&#8221; font_container=&#8221;tag:h4|text_align:center&#8221; use_theme_fonts=&#8221;yes&#8221;][\/vc_column][\/vc_row][vc_section][vc_row full_width=&#8221;stretch_row&#8221; equal_height=&#8221;yes&#8221; content_placement=&#8221;top&#8221; css=&#8221;.vc_custom_1606910041609{background-image: url(https:\/\/mlpeimtmgped.i.optimole.com\/w:auto\/h:auto\/q:mauto\/ig:avif\/https:\/\/via3l.eu\/wp-content\/uploads\/2015\/10\/sinine-taust-via3l-e1600173958127.png?id=2823) !important;}&#8221;][vc_column width=&#8221;1\/4&#8243;][\/vc_column][vc_column width=&#8221;1\/4&#8243;][\/vc_column][vc_column width=&#8221;1\/4&#8243;][\/vc_column][vc_column width=&#8221;1\/4&#8243;][\/vc_column][\/vc_row][\/vc_section][vc_row][vc_column][vc_column_text]<\/p>\n<p>&nbsp;<\/p>\n<p>Via 3L grupa darbojas starptautisk\u0101s pieg\u0101des \u0137\u0113d\u0113s, kam pieder uz\u0146\u0113mumi Igaunij\u0101, Latvij\u0101 un Lietuv\u0101.<\/p>\n<p>&nbsp;<\/p>\n<p>Uz\u0146\u0113mums Via 3L koncentr\u0113jas uz trim galvenaj\u0101m darb\u012bb\u0101m:<\/p>\n<p>&nbsp;<\/p>\n<p><a href=\"https:\/\/via3l.eu\/lv\/noliktavu-pakalpojumi\/\">3PL noliktavu lo\u0123istikas<\/a> (Via 3L, EE, LV, LT) risin\u0101jumi<\/p>\n<p><a href=\"https:\/\/via3l.eu\/lv\/transporta-pakalpojumi-un-piegades\/\">Pre\u010du pieg\u0101\u017eu lo\u0123istikas<\/a> (Via 3L, EE, LV, LT) risin\u0101jumi<\/p>\n<p><a href=\"https:\/\/via3l.eu\/en\/international-transportation-services\/\">Starptautisko p\u0101rvad\u0101jumu<\/a> (Via 3L Freight) eksped\u012bcija<\/p>\n<p>&nbsp;<\/p>\n<p>Vair\u0101k k\u0101 20 gadu laik\u0101 m\u0113s esam uzkr\u0101ju\u0161i zin\u0101\u0161anas, prasmes un sp\u0113jas, lai nodro\u0161in\u0101tu pilna m\u0113roga lo\u0123istikas risin\u0101jumus jebkur\u0101 nozar\u0113, vai t\u0101s ir m\u0101jsaimniec\u012bbas preces, p\u0101rtika, ap\u0123\u0113rbs, sm\u0113rvielas, celtniec\u012bbas materi\u0101li, \u0137\u012bmisk\u0101s vielas, vai kafija, alkohols, tabaka un cita veida produkcija.<\/p>\n<p>&nbsp;<\/p>\n<p>M\u0113s sp\u0113jam atbalst\u012bt m\u016bsu klientus liel\u0101kaj\u0101 da\u013c\u0101 vi\u0146u lo\u0123istikas \u0137\u0113des aspektu, nodro\u0161inot pieg\u0101des no ra\u017eot\u0101ja (starptautisko kravu eksped\u012bcija), 3PL noliktavas p\u0101rvald\u012bba (uzglab\u0101\u0161ana noliktav\u0101, komplekt\u0113\u0161ana un iepako\u0161ana, viet\u0113j\u0101s pieg\u0101des uz veikalu t\u012bkliem un distrib\u016bciju centriem, vai pre\u010du sagatavo\u0161ana p\u0101rdo\u0161anai attiec\u012bgajos tirgos. Via 3L grupa darbojas vis\u0101s tr\u012bs Baltijas valst\u012bs, nodro\u0161inot vienotus procesus un zin\u0101\u0161anu apmai\u0146u.<\/p>\n<p>&nbsp;<\/p>\n<p>Mums ir pilna servisa noliktavas un viet\u0113jie izplat\u012b\u0161anas t\u012bkli Tallin\u0101, R\u012bg\u0101, Kau\u0146\u0101 un Vi\u013c\u0146\u0101. M\u016bsu starptautisk\u0101 eksped\u012bcijas grupa pied\u0101v\u0101 ar\u012b vair\u0101kas transporta iesp\u0113jas ar da\u017e\u0101diem transporta veidiem, s\u0101kot no autotransporta un gaisa l\u012bdz pasaules j\u016bras un dzelzce\u013ca transportam.<\/p>\n<p>&nbsp;<\/p>\n<p>Vair\u0101k nek\u0101 20 gadu ilgaj\u0101 Via 3L uz\u0146\u0113mumu grupas v\u0113stur\u0113 daudzi pasaul\u0113 atz\u012bti ra\u017eot\u0101ji, Skandin\u0101vijas vairumtirdzniec\u012bbas un mazumtirdzniec\u012bbas uz\u0146\u0113mumi, k\u0101 ar\u012b viet\u0113jie eksport\u0113t\u0101ji savu lo\u0123istiku ir uztic\u0113ju\u0161i m\u016bsu specializ\u0113tajai komandai.<\/p>\n<p>[\/vc_column_text][\/vc_column][\/vc_row][vc_row][vc_column][\/vc_column][\/vc_row]<\/p>\n<\/div>","protected":false},"excerpt":{"rendered":"<p>[vc_row][vc_column][vc_custom_heading text=&#8221;Via 3L Grupa&#8221; font_container=&#8221;tag:h1|text_align:center&#8221; use_theme_fonts=&#8221;yes&#8221; link=&#8221;url:https%3A%2F%2Fwww.linkedin.com%2Fcompany%2Fvia3l|title:Via%203L%20grupp|&#8221;][\/vc_column][\/vc_row][vc_row equal_height=&#8221;yes&#8221; content_placement=&#8221;top&#8221;][vc_column width=&#8221;1\/5&#8243; offset=&#8221;vc_hidden-xs&#8221;][vc_single_image image=&#8221;2916&#8243; alignment=&#8221;center&#8221; onclick=&#8221;custom_link&#8221; link=&#8221;https:\/\/via3l.eu\/et\/&#8221;][\/vc_column][vc_column width=&#8221;1\/5&#8243; offset=&#8221;vc_hidden-xs&#8221;][vc_single_image image=&#8221;2689&#8243; alignment=&#8221;center&#8221; onclick=&#8221;custom_link&#8221; img_link_target=&#8221;_blank&#8221; link=&#8221;https:\/\/via3l.eu\/lv\/&#8221;][\/vc_column][vc_column width=&#8221;1\/5&#8243; offset=&#8221;vc_hidden-xs&#8221;][vc_single_image image=&#8221;2916&#8243; alignment=&#8221;center&#8221; onclick=&#8221;custom_link&#8221; img_link_target=&#8221;_blank&#8221; link=&#8221;https:\/\/via3l.eu\/lt\/&#8221;][\/vc_column][vc_column width=&#8221;1\/5&#8243; offset=&#8221;vc_hidden-xs&#8221;][vc_single_image image=&#8221;5681&#8243; alignment=&#8221;center&#8221;&#8230;<\/p>\n","protected":false},"author":15,"featured_media":0,"parent":0,"menu_order":0,"comment_status":"closed","ping_status":"closed","template":"","meta":{"footnotes":""},"class_list":["post-12035","page","type-page","status-publish","hentry"],"_links":{"self":[{"href":"https:\/\/via3l.eu\/lv\/wp-json\/wp\/v2\/pages\/12035","targetHints":{"allow":["GET"]}}],"collection":[{"href":"https:\/\/via3l.eu\/lv\/wp-json\/wp\/v2\/pages"}],"about":[{"href":"https:\/\/via3l.eu\/lv\/wp-json\/wp\/v2\/types\/page"}],"author":[{"embeddable":true,"href":"https:\/\/via3l.eu\/lv\/wp-json\/wp\/v2\/users\/15"}],"replies":[{"embeddable":true,"href":"https:\/\/via3l.eu\/lv\/wp-json\/wp\/v2\/comments?post=12035"}],"version-history":[{"count":0,"href":"https:\/\/via3l.eu\/lv\/wp-json\/wp\/v2\/pages\/12035\/revisions"}],"wp:attachment":[{"href":"https:\/\/via3l.eu\/lv\/wp-json\/wp\/v2\/media?parent=12035"}],"curies":[{"name":"wp","href":"https:\/\/api.w.org\/{rel}","templated":true}]}}