{"id":12395,"date":"2023-10-06T13:46:18","date_gmt":"2023-10-06T10:46:18","guid":{"rendered":"https:\/\/via3l.eu\/?page_id=12395"},"modified":"2024-11-04T08:30:32","modified_gmt":"2024-11-04T06:30:32","slug":"darba-iespejas-via-3l-latvia-sia","status":"publish","type":"page","link":"https:\/\/via3l.eu\/lv\/darba-iespejas-via-3l-latvia-sia\/","title":{"rendered":"Darba iesp\u0113jas"},"content":{"rendered":"<div class=\"wpb-content-wrapper\"><p>[vc_row][vc_column width=&#8221;2\/3&#8243;][vc_column_text css=&#8221;&#8221;]<\/p>\n<h2>Darba iesp\u0113jas<\/h2>\n<p>Pakalpojuma kvalit\u0101te ir viena no Via 3L Latvia svar\u012bg\u0101kaj\u0101m priorit\u0101t\u0113m, t\u0101p\u0113c jo r\u016bp\u012bgi pieejam sadarb\u012bbas jaut\u0101jumam. Jaunie darbinieki vienm\u0113r tiek apm\u0101c\u012bti, iepaz\u012bstin\u0101ti ar uz\u0146\u0113muma sist\u0113mu un ikdien\u0101 atbalst\u012bti. Dz\u012bves svar\u012bg\u0101kie br\u012b\u017ei tiek nov\u0113rt\u0113ti materi\u0101li un darba vide veicina pat\u012bkamu atmosf\u0113ru &#8211; gai\u0161a, moderna noliktava ar atp\u016btas zonu, bonusi un kop\u012bgi pas\u0101kumi ir tikai da\u017ei piem\u0113ri tam, k\u0101 m\u0113s veidojam pozit\u012bvu un draudz\u012bgu atmosf\u0113ru kolekt\u012bv\u0101.<\/p>\n<p>Piesakies! Vai <a href=\"https:\/\/via3l.eu\/lv\/akcizes-un-vairumtirdzniecibas-noliktavas-kontakti\/\"><strong>sazinies<\/strong><\/a> ar person\u0101lda\u013cu un izrun\u0101 iesp\u0113jas pievienoties.<\/p>\n<p><strong>UZ DOTO BR\u012aDI AKTU\u0100LU VAKAN\u010cU NAV.<\/strong>[\/vc_column_text][vc_empty_space][\/vc_column][vc_column width=&#8221;1\/3&#8243;][vc_empty_space][vc_empty_space][vc_empty_space][vc_single_image image=&#8221;15697&#8243; img_size=&#8221;large&#8221; css=&#8221;&#8221;][\/vc_column][\/vc_row][vc_row][vc_column][\/vc_column][\/vc_row]<\/p>\n<\/div>","protected":false},"excerpt":{"rendered":"<p>[vc_row][vc_column width=&#8221;2\/3&#8243;][vc_column_text css=&#8221;&#8221;] Darba iesp\u0113jas Pakalpojuma kvalit\u0101te ir viena no Via 3L Latvia svar\u012bg\u0101kaj\u0101m priorit\u0101t\u0113m, t\u0101p\u0113c jo r\u016bp\u012bgi pieejam sadarb\u012bbas jaut\u0101jumam. Jaunie darbinieki vienm\u0113r tiek apm\u0101c\u012bti, iepaz\u012bstin\u0101ti ar uz\u0146\u0113muma sist\u0113mu un ikdien\u0101 atbalst\u012bti&#8230;.<\/p>\n","protected":false},"author":2,"featured_media":0,"parent":0,"menu_order":0,"comment_status":"closed","ping_status":"closed","template":"","meta":{"footnotes":""},"class_list":["post-12395","page","type-page","status-publish","hentry"],"_links":{"self":[{"href":"https:\/\/via3l.eu\/lv\/wp-json\/wp\/v2\/pages\/12395","targetHints":{"allow":["GET"]}}],"collection":[{"href":"https:\/\/via3l.eu\/lv\/wp-json\/wp\/v2\/pages"}],"about":[{"href":"https:\/\/via3l.eu\/lv\/wp-json\/wp\/v2\/types\/page"}],"author":[{"embeddable":true,"href":"https:\/\/via3l.eu\/lv\/wp-json\/wp\/v2\/users\/2"}],"replies":[{"embeddable":true,"href":"https:\/\/via3l.eu\/lv\/wp-json\/wp\/v2\/comments?post=12395"}],"version-history":[{"count":0,"href":"https:\/\/via3l.eu\/lv\/wp-json\/wp\/v2\/pages\/12395\/revisions"}],"wp:attachment":[{"href":"https:\/\/via3l.eu\/lv\/wp-json\/wp\/v2\/media?parent=12395"}],"curies":[{"name":"wp","href":"https:\/\/api.w.org\/{rel}","templated":true}]}}