{"id":12495,"date":"2023-09-28T11:29:31","date_gmt":"2023-09-28T08:29:31","guid":{"rendered":"https:\/\/via3l.eu\/history\/"},"modified":"2023-11-07T09:58:08","modified_gmt":"2023-11-07T07:58:08","slug":"vesture","status":"publish","type":"page","link":"https:\/\/via3l.eu\/lv\/vesture\/","title":{"rendered":"V\u0113sture"},"content":{"rendered":"<div class=\"wpb-content-wrapper\"><p>[vc_row][vc_column][vc_custom_heading text=&#8221;Via 3L v\u0113sture&#8221; font_container=&#8221;tag:h1|text_align:left&#8221; use_theme_fonts=&#8221;yes&#8221;][vc_column_text]Jau vair\u0101k k\u0101 20 gadus <a href=\"https:\/\/www.linkedin.com\/company\/via3l\" target=\"_blank\" rel=\"noopener noreferrer nofollow\">Via 3L<\/a>, kas 2001.gad\u0101 dibin\u0101ts Igaunij\u0101, darbojas 3pl lo\u0123istikas jom\u0101, nodro\u0161inot ne vien noliktavas lo\u0123istiku, bet ar\u012b starptautiskos kravu p\u0101rvad\u0101jumus.[\/vc_column_text][vc_empty_space][\/vc_column][\/vc_row][vc_row][vc_column]\n\t\t\t\t<p class=\"rs-p-wp-fix\"><\/p>\n\t\t\t\t<sr7-module data-alias=\"history_lv-fast-1\" data-id=\"80\" id=\"SR7_80_1\" class=\"rs-ov-hidden\" data-version=\"6.7.34\">\n\t\t\t\t\t<sr7-adjuster><\/sr7-adjuster>\n\t\t\t\t\t<sr7-content>\n\t\t\t\t\t\t<sr7-slide id=\"SR7_80_1-130\" data-key=\"130\">\n\t\t\t\t\t\t\t<sr7-txt id=\"SR7_80_1-130-7\" class=\"sr7-layer\">2023 Jauna noliktava R\u012bg\u0101<\/sr7-txt>\n\t\t\t\t\t\t\t<sr7-txt id=\"SR7_80_1-130-13\" class=\"sr7-layer\">2011 Igaunij\u0101<\/sr7-txt>\n\t\t\t\t\t\t\t<sr7-txt id=\"SR7_80_1-130-17\" class=\"sr7-layer\">2014 Tallin\u0101<\/sr7-txt>\n\t\t\t\t\t\t\t<sr7-txt id=\"SR7_80_1-130-19\" class=\"sr7-layer\">2018 Igaunij\u0101 un Latvij\u0101<\/sr7-txt>\n\t\t\t\t\t\t\t<sr7-txt id=\"SR7_80_1-130-22\" class=\"sr7-layer\">2008 Latvij\u0101<\/sr7-txt>\n\t\t\t\t\t\t\t<sr7-txt id=\"SR7_80_1-130-24\" class=\"sr7-layer\">2001 Igaunij\u0101<\/sr7-txt>\n\t\t\t\t\t\t\t<sr7-txt id=\"SR7_80_1-130-25\" class=\"sr7-layer\">2019 Lietuv\u0101<\/sr7-txt>\n\t\t\t\t\t\t\t<sr7-txt id=\"SR7_80_1-130-27\" class=\"sr7-layer\">2020 Lietuv\u0101<\/sr7-txt>\n\t\t\t\t\t\t\t<sr7-txt id=\"SR7_80_1-130-28\" class=\"sr7-layer\">Lietuvas uz\u0146\u0113mums Terminal LT UAB p\u0101rtop par Via 3L LT UAB.<\/sr7-txt>\n\t\t\t\t\t\t\t<sr7-txt id=\"SR7_80_1-130-29\" class=\"sr7-layer\">Igaunij\u0101 tiek dibin\u0101ts Via 3L AS<\/sr7-txt>\n\t\t\t\t\t\t\t<sr7-txt id=\"SR7_80_1-130-30\" class=\"sr7-layer\">      24 000m2\/ 30 000 pale\u0161u vietas     <\/sr7-txt>\n\t\t\t\t\t\t\t<sr7-txt id=\"SR7_80_1-130-31\" class=\"sr7-layer\">Tiek dibin\u0101ts Via 3L Latvia<\/sr7-txt>\n\t\t\t\t\t\t\t<sr7-txt id=\"SR7_80_1-130-32\" class=\"sr7-layer\">Tiek dibin\u0101ts Via 3L Freight O\u00dc<\/sr7-txt>\n\t\t\t\t\t\t\t<sr7-txt id=\"SR7_80_1-130-33\" class=\"sr7-layer\">Tiek atv\u0113rta sald\u0113t\u0101 un atv\u0113sin\u0101t\u0101 noliktava Tallin\u0101 (6000 m2) <\/sr7-txt>\n\t\t\t\t\t\t\t<sr7-txt id=\"SR7_80_1-130-34\" class=\"sr7-layer\">Via 3L kontrolpaketes ieg\u016b\u0161ana<\/sr7-txt>\n\t\t\t\t\t\t\t<sr7-txt id=\"SR7_80_1-130-35\" class=\"sr7-layer\">Uz\u0146\u0113muma Terminal LT UAB 100% da\u013cu ieg\u016b\u0161ana<\/sr7-txt>\n\t\t\t\t\t\t<\/sr7-slide>\n\t\t\t\t\t\t<sr7-slide id=\"SR7_80_1-219\" data-key=\"219\">\n\t\t\t\t\t\t<\/sr7-slide>\n\t\t\t\t\t<\/sr7-content>\n\t\t\t\t\t<image_lists style=\"display:none\">\n\t\t\t\t\t\t<img decoding=async data-opt-id=1675277933  fetchpriority=\"high\" data-src=\"https:\/\/mlpeimtmgped.i.optimole.com\/w:auto\/h:auto\/q:mauto\/ig:avif\/https:\/\/via3l.eu\/wp-content\/uploads\/2023\/09\/history-line.png\" data-libid=\"12153\" data-lib=\"medialibrary\" alt=\"history line\" title=\"history line\" width=\"0\" height=\"0\" data-dbsrc=\"Ly92aWEzbC5ldS93cC1jb250ZW50L3VwbG9hZHMvMjAyMy8wOS9oaXN0b3J5LWxpbmUucG5n\"\/>\n\t\t\t\t\t\t<img decoding=async data-opt-id=596530250  fetchpriority=\"high\" data-src=\"https:\/\/mlpeimtmgped.i.optimole.com\/w:auto\/h:auto\/q:mauto\/ig:avif\/https:\/\/via3l.eu\/wp-content\/uploads\/2023\/09\/Stock_photo_via3l-history-Winding-road-in-mountains-scaled.jpg\" data-libid=\"12138\" data-lib=\"medialibrary\" alt=\"road\" title=\"Stock_photo_via3l-history-Winding-road-in-mountains\" width=\"0\" height=\"0\" data-dbsrc=\"Ly92aWEzbC5ldS93cC1jb250ZW50L3VwbG9hZHMvMjAyMy8wOS9TdG9ja19waG90b192aWEzbC1oaXN0b3J5LVdpbmRpbmctcm9hZC1pbi1tb3VudGFpbnMtc2NhbGVkLmpwZw==\"\/>\n\t\t\t\t\t\t<img decoding=async data-opt-id=247606132  fetchpriority=\"high\" data-src=\"https:\/\/mlpeimtmgped.i.optimole.com\/w:auto\/h:auto\/q:mauto\/ig:avif\/https:\/\/via3l.eu\/wp-content\/uploads\/2023\/09\/delivering-success-via3l.png\" data-libid=\"12146\" data-lib=\"medialibrary\" alt=\"Via 3L delivering success Estonia Latvia Lithuania circle logo\" title=\"delivering-success-via3l\" width=\"0\" height=\"0\" data-dbsrc=\"Ly92aWEzbC5ldS93cC1jb250ZW50L3VwbG9hZHMvMjAyMy8wOS9kZWxpdmVyaW5nLXN1Y2Nlc3MtdmlhM2wucG5n\"\/>\n\t\t\t\t\t<\/image_lists>\n\t\t\t\t<\/sr7-module>\n\t\t\t\t<script>\n\t\t\t\t\tSR7.PMH ??={}; SR7.PMH[\"SR7_80_1\"] = {cn:100,state:false,fn: function() { if (_tpt!==undefined && _tpt.prepareModuleHeight !== undefined) {  _tpt.prepareModuleHeight({id:\"SR7_80_1\",el:[850,850,768,960,720],type:'standard',shdw:'0',gh:[850,850,,,],gw:[1240,1240,1024,778,480],vpt:['-100px'],size:{fullWidth:true, fullHeight:false},mh:'0',onh:0,onw:0,bg:{color:'{\"orig\":\"transparent\",\"type\":\"solid\",\"string\":\"transparent\"}'}});   SR7.PMH[\"SR7_80_1\"].state=true;} else if(SR7.PMH[\"SR7_80_1\"].cn-->0)\tsetTimeout( SR7.PMH[\"SR7_80_1\"].fn,19);}};SR7.PMH[\"SR7_80_1\" ].fn();\n\t\t\t\t<\/script>\n[\/vc_column][\/vc_row][vc_row][vc_column][vc_empty_space][vc_column_text]<strong>Uz\u0146\u0113muma att\u012bst\u012bbas ce\u013c\u0161:<\/strong><\/p>\n<ul>\n<li>2001 &#8211; Jungent, Kaupmees un Abestock Igaunij\u0101 nodibina AS Via 3L<\/li>\n<li>2006 &#8211; Igaunij\u0101, Kalmari tiek atv\u0113rta noliktava<\/li>\n<li>2008 &#8211; tiek dibin\u0101ts uz\u0146\u0113mums Via 3L Latvia<\/li>\n<li>2009 &#8211; tiek atv\u0113rta sald\u0113t\u0101s un atdzes\u0113t\u0101s produkcijas noliktava Igaunij\u0101<\/li>\n<li>2011 &#8211; dibin\u0101ts uz\u0146\u0113mums <a href=\"https:\/\/via3l.eu\/en\/international-transportation-services\/via-3l-international-freight-contacts-page\/\">Via 3L Freight O\u00dc<\/a>, kas nodro\u0161ina starptautiskos kravu p\u0101rvad\u0101jumus<\/li>\n<li>2012 &#8211; Via 3L Latvia apvienojas ar uz\u0146\u0113mumu Adria 19<\/li>\n<li>2013 &#8211; Igaunijas noliktavas <a href=\"https:\/\/maps.app.goo.gl\/KrByDPFksQmPzdvC9\" target=\"_blank\" rel=\"noopener noreferrer nofollow\">Kalmari DC<\/a> papla\u0161in\u0101\u0161an\u0101s\u00a0(13 000 m2)<\/li>\n<li>2014 &#8211; noliktavas atv\u0113r\u0161ana R\u012bg\u0101, ar kop\u0113jo plat\u012bbu 13000 m2<\/li>\n<li>2014 &#8211; Tallin\u0101 tiek papla\u0161in\u0101ta sald\u0113t\u0101s un dzes\u0113t\u0101s produkcijas uzglab\u0101\u0161anas noliktava ar kop\u0113jo plat\u012bbu 6000 m2<\/li>\n<li>2018 &#8211; <a href=\"https:\/\/www.via3l.eu\/lv\" target=\"_blank\" rel=\"noopener noreferrer nofollow\">Via 3L Latvia<\/a> k\u013c\u016bst par galveno da\u013cu tur\u0113t\u0101ju Latvij\u0101<\/li>\n<li>2018 &#8211; JNG Investments ieg\u016bst 100% Via 3L O\u00dc\u00a0uz\u0146\u0113muma da\u013cas<\/li>\n<li>2019 &#8211; Jauna 3PL noliktavas Igaunij\u0101, ar 5 000 m2 lielu plat\u012bbu<\/li>\n<li>2019 &#8211; tiek ieg\u0101d\u0101ts uz\u0146\u0113musm Lietuv\u0101<\/li>\n<li>2020 &#8211; Lietuvas uz\u0146\u0113mums ieg\u016bst nosaukumu\u00a0<a href=\"https:\/\/via3l.eu\/lt\/\">Via 3L LT UAB<\/a><\/li>\n<li>2023 &#8211; izaugsmes gads Latvijai &#8211; p\u0101rv\u0101k\u0161an\u0101s uz jaun\u0101m, modern\u0101m noliktavu telp\u0101m Maskavas iel\u0101 495, ar kop\u0113jo plat\u012bbu 28 000 m2 \/ 30 000 pale\u0161u vietas<\/li>\n<\/ul>\n<p>&nbsp;[\/vc_column_text][\/vc_column][\/vc_row]<\/p>\n<\/div>","protected":false},"excerpt":{"rendered":"<p>[vc_row][vc_column][vc_custom_heading text=&#8221;Via 3L v\u0113sture&#8221; font_container=&#8221;tag:h1|text_align:left&#8221; use_theme_fonts=&#8221;yes&#8221;][vc_column_text]Jau vair\u0101k k\u0101 20 gadus Via 3L, kas 2001.gad\u0101 dibin\u0101ts Igaunij\u0101, darbojas 3pl lo\u0123istikas jom\u0101, nodro\u0161inot ne vien noliktavas lo\u0123istiku, bet ar\u012b starptautiskos kravu p\u0101rvad\u0101jumus.[\/vc_column_text][vc_empty_space][\/vc_column][\/vc_row][vc_row][vc_column][\/vc_column][\/vc_row][vc_row][vc_column][vc_empty_space][vc_column_text]Uz\u0146\u0113muma att\u012bst\u012bbas ce\u013c\u0161: 2001&#8230;<\/p>\n","protected":false},"author":2,"featured_media":16971,"parent":0,"menu_order":0,"comment_status":"closed","ping_status":"closed","template":"","meta":{"footnotes":""},"class_list":["post-12495","page","type-page","status-publish","has-post-thumbnail","hentry"],"_links":{"self":[{"href":"https:\/\/via3l.eu\/lv\/wp-json\/wp\/v2\/pages\/12495","targetHints":{"allow":["GET"]}}],"collection":[{"href":"https:\/\/via3l.eu\/lv\/wp-json\/wp\/v2\/pages"}],"about":[{"href":"https:\/\/via3l.eu\/lv\/wp-json\/wp\/v2\/types\/page"}],"author":[{"embeddable":true,"href":"https:\/\/via3l.eu\/lv\/wp-json\/wp\/v2\/users\/2"}],"replies":[{"embeddable":true,"href":"https:\/\/via3l.eu\/lv\/wp-json\/wp\/v2\/comments?post=12495"}],"version-history":[{"count":0,"href":"https:\/\/via3l.eu\/lv\/wp-json\/wp\/v2\/pages\/12495\/revisions"}],"wp:featuredmedia":[{"embeddable":true,"href":"https:\/\/via3l.eu\/lv\/wp-json\/wp\/v2\/media\/16971"}],"wp:attachment":[{"href":"https:\/\/via3l.eu\/lv\/wp-json\/wp\/v2\/media?parent=12495"}],"curies":[{"name":"wp","href":"https:\/\/api.w.org\/{rel}","templated":true}]}}