{"id":15485,"date":"2023-08-07T12:36:00","date_gmt":"2023-08-07T09:36:00","guid":{"rendered":"https:\/\/via3l.eu\/3pl-logistikas-pakalpojumi\/sustainable-development\/"},"modified":"2024-05-27T11:12:58","modified_gmt":"2024-05-27T08:12:58","slug":"ilgstpejiba","status":"publish","type":"page","link":"https:\/\/via3l.eu\/lv\/3pl-logistikas-pakalpojumi\/ilgstpejiba\/","title":{"rendered":"Ilgsp\u0113j\u012bba"},"content":{"rendered":"<div class=\"wpb-content-wrapper\"><p>[vc_row][vc_column][vc_single_image image=&#8221;11561&#8243; img_size=&#8221;large&#8221; alignment=&#8221;center&#8221;][\/vc_column][\/vc_row][vc_row][vc_column][vc_empty_space][vc_column_text css=&#8221;&#8221;]Klimats un m\u016bsu darb\u012bbu ietekme uz vidi ir divi m\u016bsu vissvar\u012bg\u0101kie ilgtsp\u0113j\u012bbas aspekti.<br \/>\nMums ir svar\u012bgs atkl\u0101ts dialogs ar m\u016bsu biznesa klientiem un Baltijas pat\u0113r\u0113t\u0101jiem, lai m\u0113s var\u0113tu att\u012bst\u012bt savu biznesu. M\u0113s uz\u0146emamies atbild\u012bbu pret viet\u0113jiem klientiem vislab\u0101kaj\u0101 veid\u0101, organiz\u0113jot pre\u010du apstr\u0101di un lo\u0123istiku caur ilgtsp\u0113\u012bbas prizmu.<\/p>\n<p>Ilgtsp\u0113j\u012bba ir visu darbinieku atbild\u012bba, un t\u0101 ir integr\u0113ta vis\u0101 m\u016bsu biznes\u0101.<br \/>\nM\u0113s atbalst\u0101m Kopienas projektus, kuru pamat\u0101 ir viet\u0113jo iedz\u012bvot\u0101ju vajadz\u012bbas, piem\u0113ram, Igaunijas P\u0101rtikas banka <a href=\"https:\/\/www.toidupank.ee\/wp-content\/uploads\/2020\/05\/Estonian-Food-Bank-report.pdf\" target=\"_blank\" rel=\"noopener noreferrer nofollow\">Estonian Food Bank<\/a>.[\/vc_column_text][vc_custom_heading text=&#8221;M\u016bsu darbs ilgtsp\u0113j\u012bbas jom\u0101 balst\u0101s uz m\u016bsu pamatv\u0113rt\u012bb\u0101m un v\u012bziju.&#8221; use_theme_fonts=&#8221;yes&#8221; css=&#8221;&#8221;][vc_column_text css=&#8221;&#8221;]M\u0113s esam izstr\u0101d\u0101ju\u0161i uzved\u012bbas vadl\u012bnijas, kuras izmantojam sav\u0101 ikdienas darb\u0101:<\/p>\n<ul>\n<li>Kvalit\u0101tes un ilgtsp\u0113j\u012bbas politika<\/li>\n<li>Ilgtsp\u0113j\u012bga att\u012bst\u012bba un vides politika<\/li>\n<li>Darba vides un soci\u0101l\u0101s atbild\u012bbas politika<\/li>\n<li>Person\u0101la un att\u012bst\u012bbas politika<\/li>\n<li>Biznesa \u0113tika un iepirkumu politika<\/li>\n<\/ul>\n<p>[\/vc_column_text][vc_custom_heading text=&#8221;\u0160ie ir galvenie faktori, ko var ietekm\u0113t m\u016bsu ilgtsp\u0113j\u012bgie l\u0113mumi:&#8221; use_theme_fonts=&#8221;yes&#8221; css=&#8221;&#8221;][vc_column_text css=&#8221;&#8221;]<\/p>\n<ul>\n<li>M\u0113s atbalst\u0101m pat\u0113ri\u0146a pre\u010du iepakojuma materi\u0101la nodo\u0161anu otrreiz p\u0101rstr\u0101d\u0101jamam materi\u0101lam,<\/li>\n<li>M\u0113s sav\u0101cam un \u0161\u0137irojam iepakojumu,<\/li>\n<li>Sa\u0161\u0137iroto iepakojumu nododam atkritumu apsaimniekot\u0101jam otrreiz\u0113jai p\u0101rstr\u0101dei,<\/li>\n<li>L\u012bdz 2030. gadam 100% m\u016bsu biznesa klientu pre\u010du iepakojuma b\u016bs atk\u0101rtoti lietojami vai p\u0101rstr\u0101d\u0101jami,<\/li>\n<li>M\u0113s atbalst\u0101m t\u0101du produktu reklam\u0113\u0161anu, kuriem ir maz\u0101ka nospieduma un CO2 ietekme uz vidi,<\/li>\n<li>S\u016bt\u012bjumu konsolid\u0101cija biznesa klientiem un ilgtsp\u0113j\u012bgu kravu p\u0101rvad\u0101jumu pl\u0101no\u0161ana,<\/li>\n<li>M\u016bsu misija ir maksim\u0101li mazin\u0101t kait\u0113jumu uz vidi.<\/li>\n<\/ul>\n<p>[\/vc_column_text][\/vc_column][\/vc_row][vc_row][vc_column]\n\t\t\t\t<p class=\"rs-p-wp-fix\"><\/p>\n\t\t\t\t<sr7-module data-alias=\"about-us-slider-iso-14001-22000-9001\" data-id=\"74\" id=\"SR7_74_1\" class=\"rs-ov-hidden\" data-version=\"6.7.34\">\n\t\t\t\t\t<sr7-adjuster><\/sr7-adjuster>\n\t\t\t\t\t<sr7-content>\n\t\t\t\t\t\t<sr7-carousel>\n\t\t\t\t\t\t<sr7-slide id=\"SR7_74_1-123\" data-key=\"123\">\n\t\t\t\t\t\t<\/sr7-slide>\n\t\t\t\t\t\t<sr7-slide id=\"SR7_74_1-213\" data-key=\"213\">\n\t\t\t\t\t\t<\/sr7-slide>\n\t\t\t\t\t\t<\/sr7-carousel>\n\t\t\t\t\t<\/sr7-content>\n\t\t\t\t\t<image_lists style=\"display:none\">\n\t\t\t\t\t\t<img decoding=async data-opt-id=212482230  fetchpriority=\"high\" data-src=\"https:\/\/mlpeimtmgped.i.optimole.com\/w:auto\/h:auto\/q:mauto\/ig:avif\/https:\/\/via3l.eu\/wp-content\/uploads\/2021\/05\/KTK.png\" data-libid=\"8719\" data-lib=\"medialibrary\" alt=\"KTK\" title=\"KTK\" width=\"0\" height=\"0\" data-dbsrc=\"Ly92aWEzbC5ldS93cC1jb250ZW50L3VwbG9hZHMvMjAyMS8wNS9LVEsucG5n\"\/>\n\t\t\t\t\t\t<img decoding=async data-opt-id=80147785  fetchpriority=\"high\" data-src=\"https:\/\/mlpeimtmgped.i.optimole.com\/w:auto\/h:auto\/q:mauto\/ig:avif\/https:\/\/via3l.eu\/wp-content\/uploads\/2025\/10\/22000-metrosert-logo.png\" data-libid=\"17442\" data-lib=\"medialibrary\" alt=\"metrosert logo\" title=\"metrosert logo\" width=\"0\" height=\"0\" data-dbsrc=\"Ly92aWEzbC5ldS93cC1jb250ZW50L3VwbG9hZHMvMjAyNS8xMC8yMjAwMC1tZXRyb3NlcnQtbG9nby5wbmc=\"\/>\n\t\t\t\t\t\t<img decoding=async data-opt-id=1905513159  fetchpriority=\"high\" data-src=\"https:\/\/mlpeimtmgped.i.optimole.com\/w:auto\/h:auto\/q:mauto\/ig:avif\/https:\/\/via3l.eu\/wp-content\/uploads\/2020\/12\/Kaubanduskoda-liikmelogo_EST_logo_horiz.jpg\" data-libid=\"10596\" data-lib=\"medialibrary\" alt=\"Kaubanduskoda liikmelogo EST logo horiz via 3l\" title=\"Kaubanduskoda liikmelogo EST logo horiz\" width=\"0\" height=\"0\" data-dbsrc=\"Ly92aWEzbC5ldS93cC1jb250ZW50L3VwbG9hZHMvMjAyMC8xMi9LYXViYW5kdXNrb2RhLWxpaWttZWxvZ29fRVNUX2xvZ29faG9yaXouanBn\"\/>\n\t\t\t\t\t\t<img decoding=async data-opt-id=61978165  fetchpriority=\"high\" data-src=\"https:\/\/mlpeimtmgped.i.optimole.com\/w:auto\/h:auto\/q:mauto\/ig:avif\/https:\/\/via3l.eu\/wp-content\/uploads\/2025\/12\/ISO_withoutQR-ISO-9001.png\" data-libid=\"17696\" data-lib=\"medialibrary\" alt=\"ISO without QR 9001\" title=\"ISO without QR ISO\" width=\"0\" height=\"0\" data-dbsrc=\"Ly92aWEzbC5ldS93cC1jb250ZW50L3VwbG9hZHMvMjAyNS8xMi9JU09fd2l0aG91dFFSLUlTTy05MDAxLnBuZw==\"\/>\n\t\t\t\t\t\t<img decoding=async data-opt-id=745910895  fetchpriority=\"high\" data-src=\"https:\/\/mlpeimtmgped.i.optimole.com\/w:150\/h:150\/q:mauto\/rt:fill\/g:ce\/ig:avif\/https:\/\/via3l.eu\/wp-content\/uploads\/2020\/06\/Via3l_freight_logo_original.png\" data-libid=\"5679\" data-lib=\"medialibrary\" alt=\"Via 3L Freight ekspedeerimine\" title=\"Via3l_freight_logo_original\" width=\"0\" height=\"0\" data-dbsrc=\"Ly92aWEzbC5ldS93cC1jb250ZW50L3VwbG9hZHMvMjAyMC8wNi9WaWEzbF9mcmVpZ2h0X2xvZ29fb3JpZ2luYWwtMTUweDE1MC5wbmc=\"\/>\n\t\t\t\t\t\t<img decoding=async data-opt-id=104197187  fetchpriority=\"high\" data-src=\"https:\/\/mlpeimtmgped.i.optimole.com\/w:auto\/h:auto\/q:mauto\/ig:avif\/https:\/\/via3l.eu\/wp-content\/uploads\/2018\/01\/via3l_logo_400-400.png\" data-libid=\"2687\" data-lib=\"medialibrary\" alt=\"via3l_logistika teenuste \u00fcldtingimused Via 3l o\u00fc logo\" title=\"via3l_logo_400-400\" width=\"0\" height=\"0\" data-dbsrc=\"Ly92aWEzbC5ldS93cC1jb250ZW50L3VwbG9hZHMvMjAxOC8wMS92aWEzbF9sb2dvXzQwMC00MDAucG5n\"\/>\n\t\t\t\t\t<\/image_lists>\n\t\t\t\t<\/sr7-module>\n\t\t\t\t<script>\n\t\t\t\t\tSR7.PMH ??={}; SR7.PMH[\"SR7_74_1\"] = {cn:100,state:false,fn: function() { if (_tpt!==undefined && _tpt.prepareModuleHeight !== undefined) {  _tpt.prepareModuleHeight({id:\"SR7_74_1\",el:[150,150,150,150,300],type:'carousel',shdw:'0',gh:[150,150,150,150,300],gw:[1240,1240,1240,1240,480],vpt:['-200px&#039;,&#039;-200px&#039;,&#039;-200px&#039;,&#039;-200px&#039;,&#039;-200px'],size:{fullWidth:false, fullHeight:false},mh:'0',onh:0,onw:0,bg:{color:'{\"orig\":\"transparent\",\"type\":\"solid\",\"string\":\"transparent\"}'},carousel:{pt:'0',pb:'0'}});   SR7.PMH[\"SR7_74_1\"].state=true;} else if(SR7.PMH[\"SR7_74_1\"].cn-->0)\tsetTimeout( SR7.PMH[\"SR7_74_1\"].fn,19);}};SR7.PMH[\"SR7_74_1\" ].fn();\n\t\t\t\t<\/script>\n[\/vc_column][\/vc_row][vc_row full_width=&#8221;stretch_row_content&#8221;][vc_column][\/vc_column][\/vc_row]<\/p>\n<\/div>","protected":false},"excerpt":{"rendered":"<p>[vc_row][vc_column][vc_single_image image=&#8221;11561&#8243; img_size=&#8221;large&#8221; alignment=&#8221;center&#8221;][\/vc_column][\/vc_row][vc_row][vc_column][vc_empty_space][vc_column_text css=&#8221;&#8221;]Klimats un m\u016bsu darb\u012bbu ietekme uz vidi ir divi m\u016bsu vissvar\u012bg\u0101kie ilgtsp\u0113j\u012bbas aspekti. Mums ir svar\u012bgs atkl\u0101ts dialogs ar m\u016bsu biznesa klientiem un Baltijas pat\u0113r\u0113t\u0101jiem, lai m\u0113s var\u0113tu att\u012bst\u012bt&#8230;<\/p>\n","protected":false},"author":2,"featured_media":0,"parent":3921,"menu_order":6,"comment_status":"closed","ping_status":"closed","template":"","meta":{"footnotes":""},"class_list":["post-15485","page","type-page","status-publish","hentry"],"_links":{"self":[{"href":"https:\/\/via3l.eu\/lv\/wp-json\/wp\/v2\/pages\/15485","targetHints":{"allow":["GET"]}}],"collection":[{"href":"https:\/\/via3l.eu\/lv\/wp-json\/wp\/v2\/pages"}],"about":[{"href":"https:\/\/via3l.eu\/lv\/wp-json\/wp\/v2\/types\/page"}],"author":[{"embeddable":true,"href":"https:\/\/via3l.eu\/lv\/wp-json\/wp\/v2\/users\/2"}],"replies":[{"embeddable":true,"href":"https:\/\/via3l.eu\/lv\/wp-json\/wp\/v2\/comments?post=15485"}],"version-history":[{"count":0,"href":"https:\/\/via3l.eu\/lv\/wp-json\/wp\/v2\/pages\/15485\/revisions"}],"up":[{"embeddable":true,"href":"https:\/\/via3l.eu\/lv\/wp-json\/wp\/v2\/pages\/3921"}],"wp:attachment":[{"href":"https:\/\/via3l.eu\/lv\/wp-json\/wp\/v2\/media?parent=15485"}],"curies":[{"name":"wp","href":"https:\/\/api.w.org\/{rel}","templated":true}]}}