{"id":15575,"date":"2024-06-21T11:19:35","date_gmt":"2024-06-21T08:19:35","guid":{"rendered":"https:\/\/via3l.eu\/loading-gate-booking-system\/"},"modified":"2024-07-04T17:02:13","modified_gmt":"2024-07-04T14:02:13","slug":"ienakoso-kravu-registresana-goramp-sistema","status":"publish","type":"page","link":"https:\/\/via3l.eu\/lv\/ienakoso-kravu-registresana-goramp-sistema\/","title":{"rendered":"GoRamp re\u0123istr\u0101cija"},"content":{"rendered":"<div class=\"wpb-content-wrapper\"><p>[vc_row equal_height=&#8221;yes&#8221; content_placement=&#8221;middle&#8221;][vc_column width=&#8221;2\/3&#8243;][vc_custom_heading text=&#8221;Ien\u0101ko\u0161o kravu re\u0123istr\u0113\u0161ana GoRamp&#8221; font_container=&#8221;tag:h1|text_align:left&#8221; use_theme_fonts=&#8221;yes&#8221; css=&#8221;&#8221;][\/vc_column][vc_column width=&#8221;1\/3&#8243;][vc_btn title=&#8221;Rezerv\u0113t iera\u0161an\u0101s laiku&#8221; css=&#8221;&#8221; link=&#8221;url:https%3A%2F%2Ftms.goramp.eu%2Fauth%2Flogin|title:Laadimisukse%20broneerimine|target:_blank&#8221;][\/vc_column][\/vc_row][vc_row][vc_column][vc_empty_space][vc_column_text css=&#8221;&#8221;]<strong>Re\u0123istr\u0101cija GoRamp<\/strong><\/p>\n<p>Lai izmantotu GoRamp laika rezerv\u0113\u0161anas sist\u0113mu, klientam vispirms ir j\u0101izveido lietot\u0101ja konts. To var izdar\u012bt <strong><a href=\"https:\/\/tms.goramp.eu\/app\/timeslots\/clients\/b58b719d-c2f3-4344-8f1c-3587840936b1\" target=\"_blank\" rel=\"noopener noreferrer nofollow\">\u0161eit<\/a><\/strong>. Video pal\u012bgs re\u0123istr\u0101cij\u0101: <a href=\"https:\/\/www.youtube.com\/watch?v=EGUBZ8byrCs\" target=\"_blank\" rel=\"noopener noreferrer nofollow\">EN<\/a>\u00a0 \u00a0<a href=\"https:\/\/www.youtube.com\/watch?v=jkQdEAMLC9w\" target=\"_blank\" rel=\"noopener noreferrer nofollow\">RU<\/a>\u00a0 \u00a0<a href=\"https:\/\/www.youtube.com\/watch?v=XP0xBlTV7Wk\" target=\"_blank\" rel=\"noopener noreferrer nofollow\">PL<\/a><\/p>\n<p><strong>GoRamp rezerv\u0101cijas ce\u013cvedis<\/strong><\/p>\n<p>Rezerv\u0101cijas var veikt ne agr\u0101k k\u0101 48 stundas iepriek\u0161. Jums j\u0101ievada transportl\u012bdzek\u013ca numurs, iera\u0161an\u0101s datums un laiks, iepriek\u0161 izv\u0113loties Akc\u012bzes vai Vairumtirdzniec\u012bbas noliktavu. J\u0101\u0146em v\u0113r\u0101, ka:<\/p>\n<ul>\n<li>Kravas pieg\u0101des datums un laiks j\u0101re\u0123istr\u0113 48 stundas pirms pieg\u0101des.<\/li>\n<li>Rekviz\u012btus iesp\u0113jams main\u012bt pa\u0161\u0101 rezerv\u0101cij\u0101 2 stundas pirms pieg\u0101des.<\/li>\n<li>Darba laiks pie\u0146em\u0161anai 09:00-16:00 paletiz\u0113t\u0101m krav\u0101m, nepaletiz\u0113tai 09:00-14:00.<\/li>\n<li>Ja krava nav re\u0123istr\u0113ta, tad to re\u0123istr\u0113s Via 3L, tuv\u0101kaj\u0101 br\u012bv\u0101 laika log\u0101; ja t\u0101 nav pieejama, tad kravas izkrau\u0161ana p\u0101rcelsies uz tuv\u0101ko br\u012bv\u0101 laika logu n\u0101kamaj\u0101 darba dien\u0101.<\/li>\n<li>Ja krava pien\u0101k v\u0113l\u0101k par nor\u0101d\u012bto pie\u0146em\u0161anas laika logu, tad krava tiks p\u0101rre\u0123istr\u0113ta un izkrauta tuv\u0101kaj\u0101 br\u012bv\u0101 laika log\u0101.<\/li>\n<\/ul>\n<p><strong>Iera\u0161an\u0101s pieteik\u0161ana<\/strong><\/p>\n<p>Kad \u0161oferis ierodas Via 3L centr\u0101laj\u0101 noliktav\u0101, vi\u0146am j\u0101dodas uz pie\u0146em\u0161anu (orientieris 23-24.rampa) vai j\u0101zvana pa t\u0101lruni +37120025806 (vairumtirdzniec\u012bbas noliktava) vai +37129356740 (akc\u012bzes pre\u010du noliktava). P\u0113c dokumentu p\u0101rbaudes, noliktavas darbinieks dos nor\u0101des, pie kuras rampas j\u0101brauc.<\/p>\n<p>Iekrau\u0161anas laika rezerv\u0113\u0161anas sist\u0113ma ir v\u0113rt\u012bgs r\u012bks Via 3L un t\u0101 partneriem. Tas pal\u012bdz uzlabot pre\u010du pieg\u0101des procesa efektivit\u0101ti un ietaupa laiku un naudu ikvienam iesaist\u012btajam. Kravas automa\u0161\u012bnu vad\u012bt\u0101jiem nav j\u0101gaida rind\u0101s.[\/vc_column_text][\/vc_column][\/vc_row][vc_row][vc_column][vc_empty_space]\n\t\t\t\t<p class=\"rs-p-wp-fix\"><\/p>\n\t\t\t\t<sr7-module data-alias=\"about-us-slider-iso-14001-22000-9001\" data-id=\"74\" id=\"SR7_74_1\" class=\"rs-ov-hidden\" data-version=\"6.7.34\">\n\t\t\t\t\t<sr7-adjuster><\/sr7-adjuster>\n\t\t\t\t\t<sr7-content>\n\t\t\t\t\t\t<sr7-carousel>\n\t\t\t\t\t\t<sr7-slide id=\"SR7_74_1-123\" data-key=\"123\">\n\t\t\t\t\t\t<\/sr7-slide>\n\t\t\t\t\t\t<sr7-slide id=\"SR7_74_1-213\" data-key=\"213\">\n\t\t\t\t\t\t<\/sr7-slide>\n\t\t\t\t\t\t<\/sr7-carousel>\n\t\t\t\t\t<\/sr7-content>\n\t\t\t\t\t<image_lists style=\"display:none\">\n\t\t\t\t\t\t<img decoding=async data-opt-id=212482230  fetchpriority=\"high\" data-src=\"https:\/\/mlpeimtmgped.i.optimole.com\/w:auto\/h:auto\/q:mauto\/ig:avif\/https:\/\/via3l.eu\/wp-content\/uploads\/2021\/05\/KTK.png\" data-libid=\"8719\" data-lib=\"medialibrary\" alt=\"KTK\" title=\"KTK\" width=\"0\" height=\"0\" data-dbsrc=\"Ly92aWEzbC5ldS93cC1jb250ZW50L3VwbG9hZHMvMjAyMS8wNS9LVEsucG5n\"\/>\n\t\t\t\t\t\t<img decoding=async data-opt-id=80147785  fetchpriority=\"high\" data-src=\"https:\/\/mlpeimtmgped.i.optimole.com\/w:auto\/h:auto\/q:mauto\/ig:avif\/https:\/\/via3l.eu\/wp-content\/uploads\/2025\/10\/22000-metrosert-logo.png\" data-libid=\"17442\" data-lib=\"medialibrary\" alt=\"metrosert logo\" title=\"metrosert logo\" width=\"0\" height=\"0\" data-dbsrc=\"Ly92aWEzbC5ldS93cC1jb250ZW50L3VwbG9hZHMvMjAyNS8xMC8yMjAwMC1tZXRyb3NlcnQtbG9nby5wbmc=\"\/>\n\t\t\t\t\t\t<img decoding=async data-opt-id=1905513159  fetchpriority=\"high\" data-src=\"https:\/\/mlpeimtmgped.i.optimole.com\/w:auto\/h:auto\/q:mauto\/ig:avif\/https:\/\/via3l.eu\/wp-content\/uploads\/2020\/12\/Kaubanduskoda-liikmelogo_EST_logo_horiz.jpg\" data-libid=\"10596\" data-lib=\"medialibrary\" alt=\"Kaubanduskoda liikmelogo EST logo horiz via 3l\" title=\"Kaubanduskoda liikmelogo EST logo horiz\" width=\"0\" height=\"0\" data-dbsrc=\"Ly92aWEzbC5ldS93cC1jb250ZW50L3VwbG9hZHMvMjAyMC8xMi9LYXViYW5kdXNrb2RhLWxpaWttZWxvZ29fRVNUX2xvZ29faG9yaXouanBn\"\/>\n\t\t\t\t\t\t<img decoding=async data-opt-id=61978165  fetchpriority=\"high\" data-src=\"https:\/\/mlpeimtmgped.i.optimole.com\/w:auto\/h:auto\/q:mauto\/ig:avif\/https:\/\/via3l.eu\/wp-content\/uploads\/2025\/12\/ISO_withoutQR-ISO-9001.png\" data-libid=\"17696\" data-lib=\"medialibrary\" alt=\"ISO without QR 9001\" title=\"ISO without QR ISO\" width=\"0\" height=\"0\" data-dbsrc=\"Ly92aWEzbC5ldS93cC1jb250ZW50L3VwbG9hZHMvMjAyNS8xMi9JU09fd2l0aG91dFFSLUlTTy05MDAxLnBuZw==\"\/>\n\t\t\t\t\t\t<img decoding=async data-opt-id=745910895  fetchpriority=\"high\" data-src=\"https:\/\/mlpeimtmgped.i.optimole.com\/w:150\/h:150\/q:mauto\/rt:fill\/g:ce\/ig:avif\/https:\/\/via3l.eu\/wp-content\/uploads\/2020\/06\/Via3l_freight_logo_original.png\" data-libid=\"5679\" data-lib=\"medialibrary\" alt=\"Via 3L Freight ekspedeerimine\" title=\"Via3l_freight_logo_original\" width=\"0\" height=\"0\" data-dbsrc=\"Ly92aWEzbC5ldS93cC1jb250ZW50L3VwbG9hZHMvMjAyMC8wNi9WaWEzbF9mcmVpZ2h0X2xvZ29fb3JpZ2luYWwtMTUweDE1MC5wbmc=\"\/>\n\t\t\t\t\t\t<img decoding=async data-opt-id=104197187  fetchpriority=\"high\" data-src=\"https:\/\/mlpeimtmgped.i.optimole.com\/w:auto\/h:auto\/q:mauto\/ig:avif\/https:\/\/via3l.eu\/wp-content\/uploads\/2018\/01\/via3l_logo_400-400.png\" data-libid=\"2687\" data-lib=\"medialibrary\" alt=\"via3l_logistika teenuste \u00fcldtingimused Via 3l o\u00fc logo\" title=\"via3l_logo_400-400\" width=\"0\" height=\"0\" data-dbsrc=\"Ly92aWEzbC5ldS93cC1jb250ZW50L3VwbG9hZHMvMjAxOC8wMS92aWEzbF9sb2dvXzQwMC00MDAucG5n\"\/>\n\t\t\t\t\t<\/image_lists>\n\t\t\t\t<\/sr7-module>\n\t\t\t\t<script>\n\t\t\t\t\tSR7.PMH ??={}; SR7.PMH[\"SR7_74_1\"] = {cn:100,state:false,fn: function() { if (_tpt!==undefined && _tpt.prepareModuleHeight !== undefined) {  _tpt.prepareModuleHeight({id:\"SR7_74_1\",el:[150,150,150,150,300],type:'carousel',shdw:'0',gh:[150,150,150,150,300],gw:[1240,1240,1240,1240,480],vpt:['-200px&#039;,&#039;-200px&#039;,&#039;-200px&#039;,&#039;-200px&#039;,&#039;-200px'],size:{fullWidth:false, fullHeight:false},mh:'0',onh:0,onw:0,bg:{color:'{\"orig\":\"transparent\",\"type\":\"solid\",\"string\":\"transparent\"}'},carousel:{pt:'0',pb:'0'}});   SR7.PMH[\"SR7_74_1\"].state=true;} else if(SR7.PMH[\"SR7_74_1\"].cn-->0)\tsetTimeout( SR7.PMH[\"SR7_74_1\"].fn,19);}};SR7.PMH[\"SR7_74_1\" ].fn();\n\t\t\t\t<\/script>\n[\/vc_column][\/vc_row]<\/p>\n<\/div>","protected":false},"excerpt":{"rendered":"<p>[vc_row equal_height=&#8221;yes&#8221; content_placement=&#8221;middle&#8221;][vc_column width=&#8221;2\/3&#8243;][vc_custom_heading text=&#8221;Ien\u0101ko\u0161o kravu re\u0123istr\u0113\u0161ana GoRamp&#8221; font_container=&#8221;tag:h1|text_align:left&#8221; use_theme_fonts=&#8221;yes&#8221; css=&#8221;&#8221;][\/vc_column][vc_column width=&#8221;1\/3&#8243;][vc_btn title=&#8221;Rezerv\u0113t iera\u0161an\u0101s laiku&#8221; css=&#8221;&#8221; link=&#8221;url:https%3A%2F%2Ftms.goramp.eu%2Fauth%2Flogin|title:Laadimisukse%20broneerimine|target:_blank&#8221;][\/vc_column][\/vc_row][vc_row][vc_column][vc_empty_space][vc_column_text css=&#8221;&#8221;]Re\u0123istr\u0101cija GoRamp Lai izmantotu GoRamp laika rezerv\u0113\u0161anas sist\u0113mu, klientam vispirms ir j\u0101izveido lietot\u0101ja konts. To var&#8230;<\/p>\n","protected":false},"author":2,"featured_media":15598,"parent":0,"menu_order":0,"comment_status":"closed","ping_status":"closed","template":"","meta":{"footnotes":""},"class_list":["post-15575","page","type-page","status-publish","has-post-thumbnail","hentry"],"_links":{"self":[{"href":"https:\/\/via3l.eu\/lv\/wp-json\/wp\/v2\/pages\/15575","targetHints":{"allow":["GET"]}}],"collection":[{"href":"https:\/\/via3l.eu\/lv\/wp-json\/wp\/v2\/pages"}],"about":[{"href":"https:\/\/via3l.eu\/lv\/wp-json\/wp\/v2\/types\/page"}],"author":[{"embeddable":true,"href":"https:\/\/via3l.eu\/lv\/wp-json\/wp\/v2\/users\/2"}],"replies":[{"embeddable":true,"href":"https:\/\/via3l.eu\/lv\/wp-json\/wp\/v2\/comments?post=15575"}],"version-history":[{"count":0,"href":"https:\/\/via3l.eu\/lv\/wp-json\/wp\/v2\/pages\/15575\/revisions"}],"wp:featuredmedia":[{"embeddable":true,"href":"https:\/\/via3l.eu\/lv\/wp-json\/wp\/v2\/media\/15598"}],"wp:attachment":[{"href":"https:\/\/via3l.eu\/lv\/wp-json\/wp\/v2\/media?parent=15575"}],"curies":[{"name":"wp","href":"https:\/\/api.w.org\/{rel}","templated":true}]}}